{"id":39303,"date":"2024-02-08T14:55:05","date_gmt":"2024-02-08T13:55:05","guid":{"rendered":"https:\/\/antersystem.com\/noticias\/warehouse-logistics-at-the-trade-fair-intralogistica-2024\/"},"modified":"2026-02-04T11:22:52","modified_gmt":"2026-02-04T10:22:52","slug":"warehouse-logistics-at-the-trade-fair-intralogistica-2024","status":"publish","type":"page","link":"https:\/\/antersystem.com\/es\/noticias\/warehouse-logistics-at-the-trade-fair-intralogistica-2024\/","title":{"rendered":"Log\u00edstica de almac\u00e9n en la feria"},"content":{"rendered":"\n<div class=\"wp-block-columns is-layout-flex wp-container-core-columns-is-layout-9d6595d7 wp-block-columns-is-layout-flex\">\n  \n  <div class=\"wp-block-column is-layout-flow wp-block-column-is-layout-flow\">\n    \n    <h3 class=\"wp-block-heading\"><\/h3>\n    \n\n    \n    <div class=\"wp-block-columns is-layout-flex wp-container-core-columns-is-layout-9d6595d7 wp-block-columns-is-layout-flex\">\n      \n      <div class=\"wp-block-column is-layout-flow wp-block-column-is-layout-flow\" style=\"flex-basis:10%\"><\/div>\n      \n\n      \n      <div class=\"wp-block-column is-layout-flow wp-block-column-is-layout-flow\">\n        \n        <h3 class=\"wp-block-heading\"><strong> <\/strong>EXPO Intralog\u00edstica Polonia &#8211; 24-26 de enero de 2024<\/h3>\n        \n\n        \n        <p>La experiencia ha quedado atr\u00e1s, \u00a1y vaya si lo ha sido! Queremos expresar nuestra gratitud por haber visitado nuestro stand con <a href=\"https:\/\/antersystem.com\/kategorie_produktow\/bariery-bezpieczenstwa-dla-pieszych\/\">Barreras de Seguridad Flexibles<\/a> y por el gran ambiente que creamos junto con los visitantes y los organizadores. Estamos especialmente satisfechos de haber presentado nuestras <a href=\"https:\/\/antersystem.com\/kategorie_produktow\/technika-zaladunkowa\/\">soluciones de Tecnolog\u00eda de Carga<\/a>, que a\u00fan no gozan de gran reconocimiento en el mercado, pero que mejoran significativamente los procesos de transbordo. Como fabricante de soportes de seguridad y bloqueos manuales de ruedas, promovemos una cultura de trabajo seguro y un uso inteligente de las herramientas disponibles en los sistemas integrados de gesti\u00f3n log\u00edstica.   <\/p>\n        \n\n        \n        <p>Ferias como \u00e9sta ofrecen una amplia visi\u00f3n de lo que ocurre en el sector: inspiran, conectan y nos permiten conocer a l\u00edderes que comparten sus experiencias e historias de \u00e9xito. Nos gustar\u00eda expresar nuestra gratitud a: <\/p>\n        \n\n        \n        <ul class=\"wp-block-list\"><li>Conversaciones sobre procesos de trabajo desafiantes que exigen demasiado esfuerzo mental &#8211; una reflexi\u00f3n inspirada por un experto acad\u00e9mico que conocimos en el evento.<\/li>\n          <li>La curiosidad y el trato justo de otras empresas, incluso competidoras.<\/li>\n          <li>La apertura para ir m\u00e1s all\u00e1 de los papeles empresariales y conocernos de persona a persona, hablando de los riesgos laborales cotidianos con honestidad y perspicacia.<\/li>\n          <li>Debates interesantes e intercambio de puntos de vista.<\/li>\n          <li>El tiempo que has dedicado a conocer nuestra oferta y a ver nuestras Barreras de Seguridad Flexibles en acci\u00f3n.<\/li>\n          <li>Tus amables palabras y tu aprecio por el dise\u00f1o y el valor est\u00e9tico de nuestro stand y nuestros productos.<\/li>\n        <\/ul>\n\n        \n        <p>Te aseguramos que s\u00f3lo nos pondremos en contacto contigo con informaci\u00f3n relevante. Siempre estamos dispuestos a visitar tu almac\u00e9n o centro de producci\u00f3n para asesorarte sobre las soluciones de seguridad m\u00e1s eficaces para tus instalaciones. Encontrar\u00e1s nuestros datos de contacto en nuestro sitio web.  <\/p>\n        \n\n      <\/div>\n      \n\n      \n      <div class=\"wp-block-column is-layout-flow wp-block-column-is-layout-flow\" style=\"flex-basis:10%\"><\/div>\n      \n    <\/div>\n    \n\n    \n    ngg_shortcode_0_placeholder\n    \n  <\/div>\n  \n<\/div>\n","protected":false},"excerpt":{"rendered":"<p>EXPO Intralog\u00edstica Polonia &#8211; 24-26 de enero de 2024 La experiencia ha quedado atr\u00e1s, \u00a1y vaya si lo ha sido! Queremos expresar nuestra gratitud por haber visitado nuestro stand con Barreras de Seguridad Flexibles y por el gran ambiente que creamos junto con los visitantes y los organizadores. Estamos especialmente satisfechos de haber presentado nuestras [&hellip;]<\/p>\n","protected":false},"author":1,"featured_media":0,"parent":30348,"menu_order":0,"comment_status":"closed","ping_status":"closed","template":"","meta":{"inline_featured_image":false,"ngg_post_thumbnail":0,"footnotes":""},"class_list":["post-39303","page","type-page","status-publish","hentry"],"acf":[],"yoast_head":"<!-- This site is optimized with the Yoast SEO plugin v27.0 - https:\/\/yoast.com\/product\/yoast-seo-wordpress\/ -->\n<title>Log\u00edstica de almac\u00e9n en la feria - Anter System<\/title>\n<meta name=\"description\" content=\"EXPO Intralog\u00edstica Polonia - 24-26 de enero de 2024 La experiencia ha quedado atr\u00e1s, \u00a1y vaya si lo ha sido! Queremos expresar nuestra gratitud por haber\" \/>\n<meta name=\"robots\" content=\"index, follow, max-snippet:-1, max-image-preview:large, max-video-preview:-1\" \/>\n<link rel=\"canonical\" href=\"https:\/\/antersystem.com\/es\/noticias\/warehouse-logistics-at-the-trade-fair-intralogistica-2024\/\" \/>\n<meta property=\"og:locale\" content=\"es_ES\" \/>\n<meta property=\"og:type\" content=\"article\" \/>\n<meta property=\"og:title\" content=\"Log\u00edstica de almac\u00e9n en la feria - Anter System\" \/>\n<meta property=\"og:description\" content=\"EXPO Intralog\u00edstica Polonia - 24-26 de enero de 2024 La experiencia ha quedado atr\u00e1s, \u00a1y vaya si lo ha sido! Queremos expresar nuestra gratitud por haber\" \/>\n<meta property=\"og:url\" content=\"https:\/\/antersystem.com\/es\/noticias\/warehouse-logistics-at-the-trade-fair-intralogistica-2024\/\" \/>\n<meta property=\"og:site_name\" content=\"Anter System\" \/>\n<meta property=\"article:modified_time\" content=\"2026-02-04T10:22:52+00:00\" \/>\n<meta name=\"twitter:card\" content=\"summary_large_image\" \/>\n<meta name=\"twitter:label1\" content=\"Tiempo de lectura\" \/>\n\t<meta name=\"twitter:data1\" content=\"2 minutos\" \/>\n<script type=\"application\/ld+json\" class=\"yoast-schema-graph\">{\"@context\":\"https:\/\/schema.org\",\"@graph\":[{\"@type\":\"WebPage\",\"@id\":\"https:\/\/antersystem.com\/es\/noticias\/warehouse-logistics-at-the-trade-fair-intralogistica-2024\/\",\"url\":\"https:\/\/antersystem.com\/es\/noticias\/warehouse-logistics-at-the-trade-fair-intralogistica-2024\/\",\"name\":\"Log\u00edstica de almac\u00e9n en la feria - Anter System\",\"isPartOf\":{\"@id\":\"https:\/\/antersystem.com\/es\/#website\"},\"datePublished\":\"2024-02-08T13:55:05+00:00\",\"dateModified\":\"2026-02-04T10:22:52+00:00\",\"description\":\"EXPO Intralog\u00edstica Polonia - 24-26 de enero de 2024 La experiencia ha quedado atr\u00e1s, \u00a1y vaya si lo ha sido! Queremos expresar nuestra gratitud por haber\",\"breadcrumb\":{\"@id\":\"https:\/\/antersystem.com\/es\/noticias\/warehouse-logistics-at-the-trade-fair-intralogistica-2024\/#breadcrumb\"},\"inLanguage\":\"es\",\"potentialAction\":[{\"@type\":\"ReadAction\",\"target\":[\"https:\/\/antersystem.com\/es\/noticias\/warehouse-logistics-at-the-trade-fair-intralogistica-2024\/\"]}]},{\"@type\":\"BreadcrumbList\",\"@id\":\"https:\/\/antersystem.com\/es\/noticias\/warehouse-logistics-at-the-trade-fair-intralogistica-2024\/#breadcrumb\",\"itemListElement\":[{\"@type\":\"ListItem\",\"position\":1,\"name\":\"AnterSystem\",\"item\":\"https:\/\/antersystem.com\/es\/\"},{\"@type\":\"ListItem\",\"position\":2,\"name\":\"Noticias\",\"item\":\"https:\/\/antersystem.com\/es\/noticias\/\"},{\"@type\":\"ListItem\",\"position\":3,\"name\":\"Log\u00edstica de almac\u00e9n en la feria\"}]},{\"@type\":\"WebSite\",\"@id\":\"https:\/\/antersystem.com\/es\/#website\",\"url\":\"https:\/\/antersystem.com\/es\/\",\"name\":\"Anter System\",\"description\":\"Jeste\u015bmy polskim producentem elastycznych barier ochronnych wykonywanych z polimerowych tworzyw sztucznych. Na rynku krajowym i zagranicznym dzia\u0142amy od ponad 15 lat dbaj\u0105c o zapewnienie bezpiecze\u0144stwa w zak\u0142adach produkcyjnych, magazynach oraz centrach logistycznych.\",\"potentialAction\":[{\"@type\":\"SearchAction\",\"target\":{\"@type\":\"EntryPoint\",\"urlTemplate\":\"https:\/\/antersystem.com\/es\/?s={search_term_string}\"},\"query-input\":{\"@type\":\"PropertyValueSpecification\",\"valueRequired\":true,\"valueName\":\"search_term_string\"}}],\"inLanguage\":\"es\"}]}<\/script>\n<!-- \/ Yoast SEO plugin. -->","yoast_head_json":{"title":"Log\u00edstica de almac\u00e9n en la feria - Anter System","description":"EXPO Intralog\u00edstica Polonia - 24-26 de enero de 2024 La experiencia ha quedado atr\u00e1s, \u00a1y vaya si lo ha sido! Queremos expresar nuestra gratitud por haber","robots":{"index":"index","follow":"follow","max-snippet":"max-snippet:-1","max-image-preview":"max-image-preview:large","max-video-preview":"max-video-preview:-1"},"canonical":"https:\/\/antersystem.com\/es\/noticias\/warehouse-logistics-at-the-trade-fair-intralogistica-2024\/","og_locale":"es_ES","og_type":"article","og_title":"Log\u00edstica de almac\u00e9n en la feria - Anter System","og_description":"EXPO Intralog\u00edstica Polonia - 24-26 de enero de 2024 La experiencia ha quedado atr\u00e1s, \u00a1y vaya si lo ha sido! Queremos expresar nuestra gratitud por haber","og_url":"https:\/\/antersystem.com\/es\/noticias\/warehouse-logistics-at-the-trade-fair-intralogistica-2024\/","og_site_name":"Anter System","article_modified_time":"2026-02-04T10:22:52+00:00","twitter_card":"summary_large_image","twitter_misc":{"Tiempo de lectura":"2 minutos"},"schema":{"@context":"https:\/\/schema.org","@graph":[{"@type":"WebPage","@id":"https:\/\/antersystem.com\/es\/noticias\/warehouse-logistics-at-the-trade-fair-intralogistica-2024\/","url":"https:\/\/antersystem.com\/es\/noticias\/warehouse-logistics-at-the-trade-fair-intralogistica-2024\/","name":"Log\u00edstica de almac\u00e9n en la feria - Anter System","isPartOf":{"@id":"https:\/\/antersystem.com\/es\/#website"},"datePublished":"2024-02-08T13:55:05+00:00","dateModified":"2026-02-04T10:22:52+00:00","description":"EXPO Intralog\u00edstica Polonia - 24-26 de enero de 2024 La experiencia ha quedado atr\u00e1s, \u00a1y vaya si lo ha sido! Queremos expresar nuestra gratitud por haber","breadcrumb":{"@id":"https:\/\/antersystem.com\/es\/noticias\/warehouse-logistics-at-the-trade-fair-intralogistica-2024\/#breadcrumb"},"inLanguage":"es","potentialAction":[{"@type":"ReadAction","target":["https:\/\/antersystem.com\/es\/noticias\/warehouse-logistics-at-the-trade-fair-intralogistica-2024\/"]}]},{"@type":"BreadcrumbList","@id":"https:\/\/antersystem.com\/es\/noticias\/warehouse-logistics-at-the-trade-fair-intralogistica-2024\/#breadcrumb","itemListElement":[{"@type":"ListItem","position":1,"name":"AnterSystem","item":"https:\/\/antersystem.com\/es\/"},{"@type":"ListItem","position":2,"name":"Noticias","item":"https:\/\/antersystem.com\/es\/noticias\/"},{"@type":"ListItem","position":3,"name":"Log\u00edstica de almac\u00e9n en la feria"}]},{"@type":"WebSite","@id":"https:\/\/antersystem.com\/es\/#website","url":"https:\/\/antersystem.com\/es\/","name":"Anter System","description":"Jeste\u015bmy polskim producentem elastycznych barier ochronnych wykonywanych z polimerowych tworzyw sztucznych. Na rynku krajowym i zagranicznym dzia\u0142amy od ponad 15 lat dbaj\u0105c o zapewnienie bezpiecze\u0144stwa w zak\u0142adach produkcyjnych, magazynach oraz centrach logistycznych.","potentialAction":[{"@type":"SearchAction","target":{"@type":"EntryPoint","urlTemplate":"https:\/\/antersystem.com\/es\/?s={search_term_string}"},"query-input":{"@type":"PropertyValueSpecification","valueRequired":true,"valueName":"search_term_string"}}],"inLanguage":"es"}]}},"_links":{"self":[{"href":"https:\/\/antersystem.com\/es\/wp-json\/wp\/v2\/pages\/39303","targetHints":{"allow":["GET"]}}],"collection":[{"href":"https:\/\/antersystem.com\/es\/wp-json\/wp\/v2\/pages"}],"about":[{"href":"https:\/\/antersystem.com\/es\/wp-json\/wp\/v2\/types\/page"}],"author":[{"embeddable":true,"href":"https:\/\/antersystem.com\/es\/wp-json\/wp\/v2\/users\/1"}],"replies":[{"embeddable":true,"href":"https:\/\/antersystem.com\/es\/wp-json\/wp\/v2\/comments?post=39303"}],"version-history":[{"count":3,"href":"https:\/\/antersystem.com\/es\/wp-json\/wp\/v2\/pages\/39303\/revisions"}],"predecessor-version":[{"id":39323,"href":"https:\/\/antersystem.com\/es\/wp-json\/wp\/v2\/pages\/39303\/revisions\/39323"}],"up":[{"embeddable":true,"href":"https:\/\/antersystem.com\/es\/wp-json\/wp\/v2\/pages\/30348"}],"wp:attachment":[{"href":"https:\/\/antersystem.com\/es\/wp-json\/wp\/v2\/media?parent=39303"}],"curies":[{"name":"wp","href":"https:\/\/api.w.org\/{rel}","templated":true}]}}