{"id":39319,"date":"2023-10-24T15:40:36","date_gmt":"2023-10-24T13:40:36","guid":{"rendered":"https:\/\/antersystem.com\/noticias\/trade-fair-in-toronto-november-79-2023\/"},"modified":"2026-02-04T11:22:52","modified_gmt":"2026-02-04T10:22:52","slug":"trade-fair-in-toronto-november-79-2023","status":"publish","type":"page","link":"https:\/\/antersystem.com\/es\/noticias\/trade-fair-in-toronto-november-79-2023\/","title":{"rendered":"Feria comercial en Toronto, del 7 al 9 de noviembre de 2023"},"content":{"rendered":"\n<div class=\"wp-block-columns is-layout-flex wp-container-core-columns-is-layout-9d6595d7 wp-block-columns-is-layout-flex\">\n<div class=\"wp-block-column is-layout-flow wp-block-column-is-layout-flow\" style=\"flex-basis:10%\"><\/div>\n\n\n\n<div class=\"wp-block-column is-layout-flow wp-block-column-is-layout-flow\">\n<h3 class=\"wp-block-heading\">Feria de Toronto, 7-9 de noviembre de 2023<\/h3>\n\n\n\n<p style=\"text-align: left;\"><strong>A principios de noviembre, nos sumergimos en las innovaciones del mundo de la fabricaci\u00f3n en la Feria PACK EX de Toronto.<\/strong>  Anter System tambi\u00e9n expondr\u00e1 en el evento. Del 7 al 9 de noviembre, podr\u00e1s conocernos y ver nuestros productos, como <a href=\"https:\/\/antersystem.com\/kategorie_produktow\/slupki-ochronne\/\">los bolardos PA<\/a>, las barreras de protecci\u00f3n KB y <a href=\"https:\/\/antersystem.com\/es\/elastyczna-bariera-pedestrian-r3-hd-flexi-2\/\">las barreras flexibles Peatonal R3<\/a> <strong>en el stand: 2318.<\/strong> Cualquier persona interesada en sistemas que mejoren la seguridad es bienvenida a visitarnos. <\/p>\n<h3><strong>\u00bfQu\u00e9 es PACK EX?<\/strong><\/h3>\n<p>PACK EX forma parte de las grandes ferias de ingenier\u00eda de ADM Toronto, y ofrece soluciones desde el dise\u00f1o hasta la producci\u00f3n en todas las fases del proceso de fabricaci\u00f3n. Es el \u00fanico evento de este tipo en Canad\u00e1 dedicado al envasado. Como parte de la feria, proveedores y compradores pueden descubrir las innovaciones del sector, desarrollar nuevas tecnolog\u00edas y entablar relaciones con expertos. Con nuestras barreras protectoras, encajamos perfectamente en el panorama industrial moderno centrado en la sostenibilidad.   <\/p>\n<h3><strong>Temas de esta edici\u00f3n<\/strong><\/h3>\n<p>Los temas principales de la edici\u00f3n de este a\u00f1o incluyen:<\/p>\n<ul>\n<li style=\"text-align: left;\">Los l\u00edderes del sector presentar\u00e1n los \u00faltimos proyectos y soluciones de restauraci\u00f3n para hacer frente a los retos actuales y a las normativas relacionadas con los residuos.<\/li>\n<li style=\"text-align: left;\">contenidos de vanguardia que abarcan desde la fabricaci\u00f3n inteligente hasta la automatizaci\u00f3n de envases en los principales sectores de producci\u00f3n: alimentaci\u00f3n y bebidas, electr\u00f3nica, maquinaria, aeroespacial y automoci\u00f3n<\/li>\n<\/ul>\n<p>Los eventos PACK EX est\u00e1n dirigidos a fabricantes, ingenieros, directivos, equipos de mantenimiento, proveedores y operarios de maquinaria. Puedes inspirarte en empresas como DHL, Est\u00e9e Lauder, Ferrero Canada, Unilever Canada, Kellogg y muchas otras. <\/p>\n<p>&nbsp;<\/p>\n\n\n<div class=\"wp-block-image\">\n<figure class=\"aligncenter size-large is-resized\"><a href=\"https:\/\/amto23.mapyourshow.com\/8_0\/exhibitor\/exhibitor-details.cfm?exhid=974402\"><img loading=\"lazy\" decoding=\"async\" width=\"1024\" height=\"535\" src=\"https:\/\/antersystem.com\/wp-content\/uploads\/FLEXIBLE-SAFETY-BARIERS-1-1024x535.jpg\" alt=\"\" class=\"wp-image-3125\" style=\"aspect-ratio:1.9140186915887851;width:647px;height:auto\" srcset=\"https:\/\/antersystem.com\/wp-content\/uploads\/FLEXIBLE-SAFETY-BARIERS-1-1024x535.jpg 1024w, https:\/\/antersystem.com\/wp-content\/uploads\/FLEXIBLE-SAFETY-BARIERS-1-300x157.jpg 300w, https:\/\/antersystem.com\/wp-content\/uploads\/FLEXIBLE-SAFETY-BARIERS-1-768x401.jpg 768w, https:\/\/antersystem.com\/wp-content\/uploads\/FLEXIBLE-SAFETY-BARIERS-1-450x235.jpg 450w, https:\/\/antersystem.com\/wp-content\/uploads\/FLEXIBLE-SAFETY-BARIERS-1-330x172.jpg 330w, https:\/\/antersystem.com\/wp-content\/uploads\/FLEXIBLE-SAFETY-BARIERS-1.jpg 1200w\" sizes=\"auto, (max-width: 1024px) 100vw, 1024px\" \/><\/a><\/figure><\/div><\/div>\n\n\n\n<div class=\"wp-block-column is-layout-flow wp-block-column-is-layout-flow\" style=\"flex-basis:10%\"><\/div>\n<\/div>\n","protected":false},"excerpt":{"rendered":"<p>Feria de Toronto, 7-9 de noviembre de 2023 A principios de noviembre, nos sumergimos en las innovaciones del mundo de la fabricaci\u00f3n en la Feria PACK EX de Toronto. Anter System tambi\u00e9n expondr\u00e1 en el evento. Del 7 al 9 de noviembre, podr\u00e1s conocernos y ver nuestros productos, como los bolardos PA, las barreras de [&hellip;]<\/p>\n","protected":false},"author":1,"featured_media":0,"parent":30348,"menu_order":0,"comment_status":"closed","ping_status":"closed","template":"","meta":{"inline_featured_image":false,"ngg_post_thumbnail":0,"footnotes":""},"class_list":["post-39319","page","type-page","status-publish","hentry"],"acf":[],"yoast_head":"<!-- This site is optimized with the Yoast SEO plugin v27.0 - https:\/\/yoast.com\/product\/yoast-seo-wordpress\/ -->\n<title>Feria comercial en Toronto, del 7 al 9 de noviembre de 2023 - Anter System<\/title>\n<meta name=\"description\" content=\"Feria de Toronto, 7-9 de noviembre de 2023 A principios de noviembre, nos sumergimos en las innovaciones del mundo de la fabricaci\u00f3n en la Feria PACK EX\" \/>\n<meta name=\"robots\" content=\"index, follow, max-snippet:-1, max-image-preview:large, max-video-preview:-1\" \/>\n<link rel=\"canonical\" href=\"https:\/\/antersystem.com\/es\/noticias\/trade-fair-in-toronto-november-79-2023\/\" \/>\n<meta property=\"og:locale\" content=\"es_ES\" \/>\n<meta property=\"og:type\" content=\"article\" \/>\n<meta property=\"og:title\" content=\"Feria comercial en Toronto, del 7 al 9 de noviembre de 2023 - Anter System\" \/>\n<meta property=\"og:description\" content=\"Feria de Toronto, 7-9 de noviembre de 2023 A principios de noviembre, nos sumergimos en las innovaciones del mundo de la fabricaci\u00f3n en la Feria PACK EX\" \/>\n<meta property=\"og:url\" content=\"https:\/\/antersystem.com\/es\/noticias\/trade-fair-in-toronto-november-79-2023\/\" \/>\n<meta property=\"og:site_name\" content=\"Anter System\" \/>\n<meta property=\"article:modified_time\" content=\"2026-02-04T10:22:52+00:00\" \/>\n<meta property=\"og:image\" content=\"https:\/\/antersystem.com\/wp-content\/uploads\/FLEXIBLE-SAFETY-BARIERS-1-1024x535.jpg\" \/>\n<meta name=\"twitter:card\" content=\"summary_large_image\" \/>\n<meta name=\"twitter:label1\" content=\"Tiempo de lectura\" \/>\n\t<meta name=\"twitter:data1\" content=\"1 minuto\" \/>\n<script type=\"application\/ld+json\" class=\"yoast-schema-graph\">{\"@context\":\"https:\/\/schema.org\",\"@graph\":[{\"@type\":\"WebPage\",\"@id\":\"https:\/\/antersystem.com\/es\/noticias\/trade-fair-in-toronto-november-79-2023\/\",\"url\":\"https:\/\/antersystem.com\/es\/noticias\/trade-fair-in-toronto-november-79-2023\/\",\"name\":\"Feria comercial en Toronto, del 7 al 9 de noviembre de 2023 - Anter System\",\"isPartOf\":{\"@id\":\"https:\/\/antersystem.com\/es\/#website\"},\"primaryImageOfPage\":{\"@id\":\"https:\/\/antersystem.com\/es\/noticias\/trade-fair-in-toronto-november-79-2023\/#primaryimage\"},\"image\":{\"@id\":\"https:\/\/antersystem.com\/es\/noticias\/trade-fair-in-toronto-november-79-2023\/#primaryimage\"},\"thumbnailUrl\":\"https:\/\/antersystem.com\/wp-content\/uploads\/FLEXIBLE-SAFETY-BARIERS-1-1024x535.jpg\",\"datePublished\":\"2023-10-24T13:40:36+00:00\",\"dateModified\":\"2026-02-04T10:22:52+00:00\",\"description\":\"Feria de Toronto, 7-9 de noviembre de 2023 A principios de noviembre, nos sumergimos en las innovaciones del mundo de la fabricaci\u00f3n en la Feria PACK EX\",\"breadcrumb\":{\"@id\":\"https:\/\/antersystem.com\/es\/noticias\/trade-fair-in-toronto-november-79-2023\/#breadcrumb\"},\"inLanguage\":\"es\",\"potentialAction\":[{\"@type\":\"ReadAction\",\"target\":[\"https:\/\/antersystem.com\/es\/noticias\/trade-fair-in-toronto-november-79-2023\/\"]}]},{\"@type\":\"ImageObject\",\"inLanguage\":\"es\",\"@id\":\"https:\/\/antersystem.com\/es\/noticias\/trade-fair-in-toronto-november-79-2023\/#primaryimage\",\"url\":\"https:\/\/antersystem.com\/wp-content\/uploads\/FLEXIBLE-SAFETY-BARIERS-1-1024x535.jpg\",\"contentUrl\":\"https:\/\/antersystem.com\/wp-content\/uploads\/FLEXIBLE-SAFETY-BARIERS-1-1024x535.jpg\"},{\"@type\":\"BreadcrumbList\",\"@id\":\"https:\/\/antersystem.com\/es\/noticias\/trade-fair-in-toronto-november-79-2023\/#breadcrumb\",\"itemListElement\":[{\"@type\":\"ListItem\",\"position\":1,\"name\":\"AnterSystem\",\"item\":\"https:\/\/antersystem.com\/es\/\"},{\"@type\":\"ListItem\",\"position\":2,\"name\":\"Noticias\",\"item\":\"https:\/\/antersystem.com\/es\/noticias\/\"},{\"@type\":\"ListItem\",\"position\":3,\"name\":\"Feria comercial en Toronto, del 7 al 9 de noviembre de 2023\"}]},{\"@type\":\"WebSite\",\"@id\":\"https:\/\/antersystem.com\/es\/#website\",\"url\":\"https:\/\/antersystem.com\/es\/\",\"name\":\"Anter System\",\"description\":\"Jeste\u015bmy polskim producentem elastycznych barier ochronnych wykonywanych z polimerowych tworzyw sztucznych. Na rynku krajowym i zagranicznym dzia\u0142amy od ponad 15 lat dbaj\u0105c o zapewnienie bezpiecze\u0144stwa w zak\u0142adach produkcyjnych, magazynach oraz centrach logistycznych.\",\"potentialAction\":[{\"@type\":\"SearchAction\",\"target\":{\"@type\":\"EntryPoint\",\"urlTemplate\":\"https:\/\/antersystem.com\/es\/?s={search_term_string}\"},\"query-input\":{\"@type\":\"PropertyValueSpecification\",\"valueRequired\":true,\"valueName\":\"search_term_string\"}}],\"inLanguage\":\"es\"}]}<\/script>\n<!-- \/ Yoast SEO plugin. -->","yoast_head_json":{"title":"Feria comercial en Toronto, del 7 al 9 de noviembre de 2023 - Anter System","description":"Feria de Toronto, 7-9 de noviembre de 2023 A principios de noviembre, nos sumergimos en las innovaciones del mundo de la fabricaci\u00f3n en la Feria PACK EX","robots":{"index":"index","follow":"follow","max-snippet":"max-snippet:-1","max-image-preview":"max-image-preview:large","max-video-preview":"max-video-preview:-1"},"canonical":"https:\/\/antersystem.com\/es\/noticias\/trade-fair-in-toronto-november-79-2023\/","og_locale":"es_ES","og_type":"article","og_title":"Feria comercial en Toronto, del 7 al 9 de noviembre de 2023 - Anter System","og_description":"Feria de Toronto, 7-9 de noviembre de 2023 A principios de noviembre, nos sumergimos en las innovaciones del mundo de la fabricaci\u00f3n en la Feria PACK EX","og_url":"https:\/\/antersystem.com\/es\/noticias\/trade-fair-in-toronto-november-79-2023\/","og_site_name":"Anter System","article_modified_time":"2026-02-04T10:22:52+00:00","og_image":[{"url":"https:\/\/antersystem.com\/wp-content\/uploads\/FLEXIBLE-SAFETY-BARIERS-1-1024x535.jpg","type":"","width":"","height":""}],"twitter_card":"summary_large_image","twitter_misc":{"Tiempo de lectura":"1 minuto"},"schema":{"@context":"https:\/\/schema.org","@graph":[{"@type":"WebPage","@id":"https:\/\/antersystem.com\/es\/noticias\/trade-fair-in-toronto-november-79-2023\/","url":"https:\/\/antersystem.com\/es\/noticias\/trade-fair-in-toronto-november-79-2023\/","name":"Feria comercial en Toronto, del 7 al 9 de noviembre de 2023 - Anter System","isPartOf":{"@id":"https:\/\/antersystem.com\/es\/#website"},"primaryImageOfPage":{"@id":"https:\/\/antersystem.com\/es\/noticias\/trade-fair-in-toronto-november-79-2023\/#primaryimage"},"image":{"@id":"https:\/\/antersystem.com\/es\/noticias\/trade-fair-in-toronto-november-79-2023\/#primaryimage"},"thumbnailUrl":"https:\/\/antersystem.com\/wp-content\/uploads\/FLEXIBLE-SAFETY-BARIERS-1-1024x535.jpg","datePublished":"2023-10-24T13:40:36+00:00","dateModified":"2026-02-04T10:22:52+00:00","description":"Feria de Toronto, 7-9 de noviembre de 2023 A principios de noviembre, nos sumergimos en las innovaciones del mundo de la fabricaci\u00f3n en la Feria PACK EX","breadcrumb":{"@id":"https:\/\/antersystem.com\/es\/noticias\/trade-fair-in-toronto-november-79-2023\/#breadcrumb"},"inLanguage":"es","potentialAction":[{"@type":"ReadAction","target":["https:\/\/antersystem.com\/es\/noticias\/trade-fair-in-toronto-november-79-2023\/"]}]},{"@type":"ImageObject","inLanguage":"es","@id":"https:\/\/antersystem.com\/es\/noticias\/trade-fair-in-toronto-november-79-2023\/#primaryimage","url":"https:\/\/antersystem.com\/wp-content\/uploads\/FLEXIBLE-SAFETY-BARIERS-1-1024x535.jpg","contentUrl":"https:\/\/antersystem.com\/wp-content\/uploads\/FLEXIBLE-SAFETY-BARIERS-1-1024x535.jpg"},{"@type":"BreadcrumbList","@id":"https:\/\/antersystem.com\/es\/noticias\/trade-fair-in-toronto-november-79-2023\/#breadcrumb","itemListElement":[{"@type":"ListItem","position":1,"name":"AnterSystem","item":"https:\/\/antersystem.com\/es\/"},{"@type":"ListItem","position":2,"name":"Noticias","item":"https:\/\/antersystem.com\/es\/noticias\/"},{"@type":"ListItem","position":3,"name":"Feria comercial en Toronto, del 7 al 9 de noviembre de 2023"}]},{"@type":"WebSite","@id":"https:\/\/antersystem.com\/es\/#website","url":"https:\/\/antersystem.com\/es\/","name":"Anter System","description":"Jeste\u015bmy polskim producentem elastycznych barier ochronnych wykonywanych z polimerowych tworzyw sztucznych. Na rynku krajowym i zagranicznym dzia\u0142amy od ponad 15 lat dbaj\u0105c o zapewnienie bezpiecze\u0144stwa w zak\u0142adach produkcyjnych, magazynach oraz centrach logistycznych.","potentialAction":[{"@type":"SearchAction","target":{"@type":"EntryPoint","urlTemplate":"https:\/\/antersystem.com\/es\/?s={search_term_string}"},"query-input":{"@type":"PropertyValueSpecification","valueRequired":true,"valueName":"search_term_string"}}],"inLanguage":"es"}]}},"_links":{"self":[{"href":"https:\/\/antersystem.com\/es\/wp-json\/wp\/v2\/pages\/39319","targetHints":{"allow":["GET"]}}],"collection":[{"href":"https:\/\/antersystem.com\/es\/wp-json\/wp\/v2\/pages"}],"about":[{"href":"https:\/\/antersystem.com\/es\/wp-json\/wp\/v2\/types\/page"}],"author":[{"embeddable":true,"href":"https:\/\/antersystem.com\/es\/wp-json\/wp\/v2\/users\/1"}],"replies":[{"embeddable":true,"href":"https:\/\/antersystem.com\/es\/wp-json\/wp\/v2\/comments?post=39319"}],"version-history":[{"count":1,"href":"https:\/\/antersystem.com\/es\/wp-json\/wp\/v2\/pages\/39319\/revisions"}],"predecessor-version":[{"id":39322,"href":"https:\/\/antersystem.com\/es\/wp-json\/wp\/v2\/pages\/39319\/revisions\/39322"}],"up":[{"embeddable":true,"href":"https:\/\/antersystem.com\/es\/wp-json\/wp\/v2\/pages\/30348"}],"wp:attachment":[{"href":"https:\/\/antersystem.com\/es\/wp-json\/wp\/v2\/media?parent=39319"}],"curies":[{"name":"wp","href":"https:\/\/api.w.org\/{rel}","templated":true}]}}