{"id":39429,"date":"2024-12-10T10:04:39","date_gmt":"2024-12-10T09:04:39","guid":{"rendered":"https:\/\/antersystem.com\/noticias\/summary-of-the-technical-conference-in-swarzedz\/"},"modified":"2026-02-04T12:38:22","modified_gmt":"2026-02-04T11:38:22","slug":"summary-of-the-technical-conference-in-swarzedz","status":"publish","type":"page","link":"https:\/\/antersystem.com\/es\/noticias\/summary-of-the-technical-conference-in-swarzedz\/","title":{"rendered":"Resumen de la Conferencia T\u00e9cnica de Swarz\u0119dz"},"content":{"rendered":"\n<div class=\"wp-block-columns is-layout-flex wp-container-core-columns-is-layout-9d6595d7 wp-block-columns-is-layout-flex\">\n<div class=\"wp-block-column is-layout-flow wp-block-column-is-layout-flow\">\n<h2 class=\"wp-block-heading\">Resumen de la Conferencia T\u00e9cnica de Swarz\u0119dz &#8211; 5 de diciembre de 2024<\/h2>\n\n\n\n<div class=\"wp-block-columns is-layout-flex wp-container-core-columns-is-layout-9d6595d7 wp-block-columns-is-layout-flex\">\n<div class=\"wp-block-column is-layout-flow wp-block-column-is-layout-flow\" style=\"flex-basis:10%\"><\/div>\n\n\n\n<div class=\"wp-block-column is-layout-flow wp-block-column-is-layout-flow\">\n<p>El 5 de diciembre tuvo lugar en Swarz\u0119dz, cerca de Pozna\u0144, la Conferencia T\u00e9cnica titulada <strong>\u00abOptimizaci\u00f3n de los procesos intralog\u00edsticos y de almac\u00e9n\u00bb<\/strong>, organizada por Axon Media, con Anter System como socio. El evento reuni\u00f3 a especialistas de la industria log\u00edstica que compartieron sus conocimientos y experiencia en tecnolog\u00edas innovadoras que mejoran las operaciones de almac\u00e9n. <\/p>\n\n\n\n<p><strong>Los temas debatidos fueron, entre otros<\/strong><\/p>\n\n\n\n<p>1. <strong>Automatizaci\u00f3n y robotizaci\u00f3n de almacenes<\/strong>: durante las presentaciones, los participantes conocieron soluciones como los sistemas de almacenamiento automatizados, los robots de almac\u00e9n y los sistemas de transporte aut\u00f3nomos.<\/p>\n\n\n\n<p>2. <strong>Tecnolog\u00edas del futuro<\/strong>: los ponentes debatieron, entre otras cosas, sobre el uso de la inteligencia artificial en los sistemas de gesti\u00f3n de almacenes, las tecnolog\u00edas avanzadas de identificaci\u00f3n, como la RFID, y las soluciones m\u00f3viles inteligentes.<\/p>\n\n\n\n<p>3. <strong>Eficiencia energ\u00e9tica y sostenibilidad<\/strong>: se presentaron soluciones innovadoras, como la modernizaci\u00f3n de la iluminaci\u00f3n de los almacenes y los procesos de producci\u00f3n respetuosos con el medio ambiente.<\/p>\n\n\n\n<p>4. Dise\u00f1o de <strong>almacenes y gesti\u00f3n de inventarios<\/strong>: las presentaciones trataron temas como el dise\u00f1o del espacio de los almacenes, la gesti\u00f3n de inventarios en almacenes de consignaci\u00f3n y la consultor\u00eda de proyectos.<\/p>\n\n\n\n<ol class=\"wp-block-list\"><\/ol>\n\n\n<p>La conferencia tuvo un formato de conferencia y consulta, lo que permiti\u00f3 a los participantes explorar numerosos casos pr\u00e1cticos y familiarizarse con ejemplos pr\u00e1cticos de implantaci\u00f3n de tecnolog\u00edas modernas adaptadas a las especificidades de las empresas manufactureras y sus recursos.<\/p>\n\n\n\n<p><strong>Reuniones y debates sobre el futuro de la industria<\/strong><\/p>\n\n\n\n<p>El evento fue tambi\u00e9n una <strong>gran oportunidad para intercambiar experiencias<\/strong> y entablar relaciones comerciales, ofreciendo una visi\u00f3n general de las \u00faltimas tendencias en log\u00edstica. Las conversaciones entre especialistas y expertos de Anter System en un ambiente tan propicio son siempre <strong>valiosas en el contexto de seguir desarrollando nuestra oferta<\/strong> de sistemas modulares de barreras de seguridad flexibles para satisfacer las necesidades de la industria intralog\u00edstica, en r\u00e1pida evoluci\u00f3n. <\/p>\n\n\n\n<p>Gracias por todos los debates sobre las direcciones de desarrollo y las expectativas relativas a la protecci\u00f3n de los espacios de almac\u00e9n. \u00a1Nos vemos en las pr\u00f3ximas conferencias del sector!   <\/p>\n\n\n\n<div class=\"wp-block-columns is-layout-flex wp-container-core-columns-is-layout-9d6595d7 wp-block-columns-is-layout-flex\">\n<div class=\"wp-block-column is-layout-flow wp-block-column-is-layout-flow\"><\/div>\n\n\n\n<div class=\"wp-block-column is-layout-flow wp-block-column-is-layout-flow\"><\/div>\n\n\n\n<div class=\"wp-block-column is-layout-flow wp-block-column-is-layout-flow\"><\/div>\n<\/div>\n<\/div>\n\n\n\n<div class=\"wp-block-column is-layout-flow wp-block-column-is-layout-flow\" style=\"flex-basis:10%\"><\/div>\n<\/div>\n\n\n\nngg_shortcode_0_placeholder\n<\/div>\n<\/div>\n","protected":false},"excerpt":{"rendered":"<p>Resumen de la Conferencia T\u00e9cnica de Swarz\u0119dz &#8211; 5 de diciembre de 2024 El 5 de diciembre tuvo lugar en Swarz\u0119dz, cerca de Pozna\u0144, la Conferencia T\u00e9cnica titulada \u00abOptimizaci\u00f3n de los procesos intralog\u00edsticos y de almac\u00e9n\u00bb, organizada por Axon Media, con Anter System como socio. El evento reuni\u00f3 a especialistas de la industria log\u00edstica que [&hellip;]<\/p>\n","protected":false},"author":1,"featured_media":0,"parent":30348,"menu_order":0,"comment_status":"closed","ping_status":"closed","template":"","meta":{"inline_featured_image":false,"ngg_post_thumbnail":0,"footnotes":""},"class_list":["post-39429","page","type-page","status-publish","hentry"],"acf":[],"yoast_head":"<!-- This site is optimized with the Yoast SEO plugin v27.0 - https:\/\/yoast.com\/product\/yoast-seo-wordpress\/ -->\n<title>Resumen de la Conferencia T\u00e9cnica de Swarz\u0119dz - Anter System<\/title>\n<meta name=\"description\" content=\"Resumen de la Conferencia T\u00e9cnica de Swarz\u0119dz - 5 de diciembre de 2024 El 5 de diciembre tuvo lugar en Swarz\u0119dz, cerca de Pozna\u0144, la Conferencia T\u00e9cnica\" \/>\n<meta name=\"robots\" content=\"index, follow, max-snippet:-1, max-image-preview:large, max-video-preview:-1\" \/>\n<link rel=\"canonical\" href=\"https:\/\/antersystem.com\/es\/noticias\/summary-of-the-technical-conference-in-swarzedz\/\" \/>\n<meta property=\"og:locale\" content=\"es_ES\" \/>\n<meta property=\"og:type\" content=\"article\" \/>\n<meta property=\"og:title\" content=\"Resumen de la Conferencia T\u00e9cnica de Swarz\u0119dz - Anter System\" \/>\n<meta property=\"og:description\" content=\"Resumen de la Conferencia T\u00e9cnica de Swarz\u0119dz - 5 de diciembre de 2024 El 5 de diciembre tuvo lugar en Swarz\u0119dz, cerca de Pozna\u0144, la Conferencia T\u00e9cnica\" \/>\n<meta property=\"og:url\" content=\"https:\/\/antersystem.com\/es\/noticias\/summary-of-the-technical-conference-in-swarzedz\/\" \/>\n<meta property=\"og:site_name\" content=\"Anter System\" \/>\n<meta property=\"article:modified_time\" content=\"2026-02-04T11:38:22+00:00\" \/>\n<meta name=\"twitter:card\" content=\"summary_large_image\" \/>\n<meta name=\"twitter:label1\" content=\"Tiempo de lectura\" \/>\n\t<meta name=\"twitter:data1\" content=\"2 minutos\" \/>\n<script type=\"application\/ld+json\" class=\"yoast-schema-graph\">{\"@context\":\"https:\/\/schema.org\",\"@graph\":[{\"@type\":\"WebPage\",\"@id\":\"https:\/\/antersystem.com\/es\/noticias\/summary-of-the-technical-conference-in-swarzedz\/\",\"url\":\"https:\/\/antersystem.com\/es\/noticias\/summary-of-the-technical-conference-in-swarzedz\/\",\"name\":\"Resumen de la Conferencia T\u00e9cnica de Swarz\u0119dz - Anter System\",\"isPartOf\":{\"@id\":\"https:\/\/antersystem.com\/es\/#website\"},\"datePublished\":\"2024-12-10T09:04:39+00:00\",\"dateModified\":\"2026-02-04T11:38:22+00:00\",\"description\":\"Resumen de la Conferencia T\u00e9cnica de Swarz\u0119dz - 5 de diciembre de 2024 El 5 de diciembre tuvo lugar en Swarz\u0119dz, cerca de Pozna\u0144, la Conferencia T\u00e9cnica\",\"breadcrumb\":{\"@id\":\"https:\/\/antersystem.com\/es\/noticias\/summary-of-the-technical-conference-in-swarzedz\/#breadcrumb\"},\"inLanguage\":\"es\",\"potentialAction\":[{\"@type\":\"ReadAction\",\"target\":[\"https:\/\/antersystem.com\/es\/noticias\/summary-of-the-technical-conference-in-swarzedz\/\"]}]},{\"@type\":\"BreadcrumbList\",\"@id\":\"https:\/\/antersystem.com\/es\/noticias\/summary-of-the-technical-conference-in-swarzedz\/#breadcrumb\",\"itemListElement\":[{\"@type\":\"ListItem\",\"position\":1,\"name\":\"AnterSystem\",\"item\":\"https:\/\/antersystem.com\/es\/\"},{\"@type\":\"ListItem\",\"position\":2,\"name\":\"Noticias\",\"item\":\"https:\/\/antersystem.com\/es\/noticias\/\"},{\"@type\":\"ListItem\",\"position\":3,\"name\":\"Resumen de la Conferencia T\u00e9cnica de Swarz\u0119dz\"}]},{\"@type\":\"WebSite\",\"@id\":\"https:\/\/antersystem.com\/es\/#website\",\"url\":\"https:\/\/antersystem.com\/es\/\",\"name\":\"Anter System\",\"description\":\"Jeste\u015bmy polskim producentem elastycznych barier ochronnych wykonywanych z polimerowych tworzyw sztucznych. Na rynku krajowym i zagranicznym dzia\u0142amy od ponad 15 lat dbaj\u0105c o zapewnienie bezpiecze\u0144stwa w zak\u0142adach produkcyjnych, magazynach oraz centrach logistycznych.\",\"potentialAction\":[{\"@type\":\"SearchAction\",\"target\":{\"@type\":\"EntryPoint\",\"urlTemplate\":\"https:\/\/antersystem.com\/es\/?s={search_term_string}\"},\"query-input\":{\"@type\":\"PropertyValueSpecification\",\"valueRequired\":true,\"valueName\":\"search_term_string\"}}],\"inLanguage\":\"es\"}]}<\/script>\n<!-- \/ Yoast SEO plugin. -->","yoast_head_json":{"title":"Resumen de la Conferencia T\u00e9cnica de Swarz\u0119dz - Anter System","description":"Resumen de la Conferencia T\u00e9cnica de Swarz\u0119dz - 5 de diciembre de 2024 El 5 de diciembre tuvo lugar en Swarz\u0119dz, cerca de Pozna\u0144, la Conferencia T\u00e9cnica","robots":{"index":"index","follow":"follow","max-snippet":"max-snippet:-1","max-image-preview":"max-image-preview:large","max-video-preview":"max-video-preview:-1"},"canonical":"https:\/\/antersystem.com\/es\/noticias\/summary-of-the-technical-conference-in-swarzedz\/","og_locale":"es_ES","og_type":"article","og_title":"Resumen de la Conferencia T\u00e9cnica de Swarz\u0119dz - Anter System","og_description":"Resumen de la Conferencia T\u00e9cnica de Swarz\u0119dz - 5 de diciembre de 2024 El 5 de diciembre tuvo lugar en Swarz\u0119dz, cerca de Pozna\u0144, la Conferencia T\u00e9cnica","og_url":"https:\/\/antersystem.com\/es\/noticias\/summary-of-the-technical-conference-in-swarzedz\/","og_site_name":"Anter System","article_modified_time":"2026-02-04T11:38:22+00:00","twitter_card":"summary_large_image","twitter_misc":{"Tiempo de lectura":"2 minutos"},"schema":{"@context":"https:\/\/schema.org","@graph":[{"@type":"WebPage","@id":"https:\/\/antersystem.com\/es\/noticias\/summary-of-the-technical-conference-in-swarzedz\/","url":"https:\/\/antersystem.com\/es\/noticias\/summary-of-the-technical-conference-in-swarzedz\/","name":"Resumen de la Conferencia T\u00e9cnica de Swarz\u0119dz - Anter System","isPartOf":{"@id":"https:\/\/antersystem.com\/es\/#website"},"datePublished":"2024-12-10T09:04:39+00:00","dateModified":"2026-02-04T11:38:22+00:00","description":"Resumen de la Conferencia T\u00e9cnica de Swarz\u0119dz - 5 de diciembre de 2024 El 5 de diciembre tuvo lugar en Swarz\u0119dz, cerca de Pozna\u0144, la Conferencia T\u00e9cnica","breadcrumb":{"@id":"https:\/\/antersystem.com\/es\/noticias\/summary-of-the-technical-conference-in-swarzedz\/#breadcrumb"},"inLanguage":"es","potentialAction":[{"@type":"ReadAction","target":["https:\/\/antersystem.com\/es\/noticias\/summary-of-the-technical-conference-in-swarzedz\/"]}]},{"@type":"BreadcrumbList","@id":"https:\/\/antersystem.com\/es\/noticias\/summary-of-the-technical-conference-in-swarzedz\/#breadcrumb","itemListElement":[{"@type":"ListItem","position":1,"name":"AnterSystem","item":"https:\/\/antersystem.com\/es\/"},{"@type":"ListItem","position":2,"name":"Noticias","item":"https:\/\/antersystem.com\/es\/noticias\/"},{"@type":"ListItem","position":3,"name":"Resumen de la Conferencia T\u00e9cnica de Swarz\u0119dz"}]},{"@type":"WebSite","@id":"https:\/\/antersystem.com\/es\/#website","url":"https:\/\/antersystem.com\/es\/","name":"Anter System","description":"Jeste\u015bmy polskim producentem elastycznych barier ochronnych wykonywanych z polimerowych tworzyw sztucznych. Na rynku krajowym i zagranicznym dzia\u0142amy od ponad 15 lat dbaj\u0105c o zapewnienie bezpiecze\u0144stwa w zak\u0142adach produkcyjnych, magazynach oraz centrach logistycznych.","potentialAction":[{"@type":"SearchAction","target":{"@type":"EntryPoint","urlTemplate":"https:\/\/antersystem.com\/es\/?s={search_term_string}"},"query-input":{"@type":"PropertyValueSpecification","valueRequired":true,"valueName":"search_term_string"}}],"inLanguage":"es"}]}},"_links":{"self":[{"href":"https:\/\/antersystem.com\/es\/wp-json\/wp\/v2\/pages\/39429","targetHints":{"allow":["GET"]}}],"collection":[{"href":"https:\/\/antersystem.com\/es\/wp-json\/wp\/v2\/pages"}],"about":[{"href":"https:\/\/antersystem.com\/es\/wp-json\/wp\/v2\/types\/page"}],"author":[{"embeddable":true,"href":"https:\/\/antersystem.com\/es\/wp-json\/wp\/v2\/users\/1"}],"replies":[{"embeddable":true,"href":"https:\/\/antersystem.com\/es\/wp-json\/wp\/v2\/comments?post=39429"}],"version-history":[{"count":1,"href":"https:\/\/antersystem.com\/es\/wp-json\/wp\/v2\/pages\/39429\/revisions"}],"predecessor-version":[{"id":39431,"href":"https:\/\/antersystem.com\/es\/wp-json\/wp\/v2\/pages\/39429\/revisions\/39431"}],"up":[{"embeddable":true,"href":"https:\/\/antersystem.com\/es\/wp-json\/wp\/v2\/pages\/30348"}],"wp:attachment":[{"href":"https:\/\/antersystem.com\/es\/wp-json\/wp\/v2\/media?parent=39429"}],"curies":[{"name":"wp","href":"https:\/\/api.w.org\/{rel}","templated":true}]}}