{"id":39438,"date":"2025-01-29T15:15:00","date_gmt":"2025-01-29T14:15:00","guid":{"rendered":"https:\/\/antersystem.com\/noticias\/interview-with-anter-system-representatives-in-monitor-rynkowy\/"},"modified":"2026-02-04T12:38:22","modified_gmt":"2026-02-04T11:38:22","slug":"interview-with-anter-system-representatives-in-monitor-rynkowy","status":"publish","type":"page","link":"https:\/\/antersystem.com\/es\/noticias\/interview-with-anter-system-representatives-in-monitor-rynkowy\/","title":{"rendered":"Entrevista con representantes de Anter System en Monitor Rynkowy"},"content":{"rendered":"\n<div class=\"wp-block-columns is-layout-flex wp-container-core-columns-is-layout-9d6595d7 wp-block-columns-is-layout-flex\">\n<div class=\"wp-block-column is-layout-flow wp-block-column-is-layout-flow\" style=\"flex-basis:10%\"><\/div>\n\n\n\n<div class=\"wp-block-column is-layout-flow wp-block-column-is-layout-flow\">\n<p>Nos complace anunciar que se ha publicado en el sitio web <em>Monitor Rynkowy<\/em> una entrevista con representantes de nuestra empresa: <strong>Natalia Margatis<\/strong>, Directora General de Anter System, y <strong>Tomasz Bary\u0142a<\/strong>, Director de Producto.<\/p>\n\n\n\n<p>La conversaci\u00f3n se centr\u00f3 en cuestiones clave relacionadas con la seguridad en entornos industriales y de almac\u00e9n, as\u00ed como en el papel crucial que desempe\u00f1an las barreras de pol\u00edmero flexible en los espacios de producci\u00f3n modernos. Respondimos a preguntas como <\/p>\n\n\n\n<ul class=\"wp-block-list\">\n<li>A qu\u00e9 retos reales de seguridad se enfrenta actualmente el sector industrial,<\/li>\n\n\n\n<li>C\u00f3mo la automatizaci\u00f3n y las tecnolog\u00edas inteligentes integradas en nuestros productos mejoran la seguridad en el lugar de trabajo,<\/li>\n\n\n\n<li>Lo que hace que las barreras flexibles sean t\u00e9cnicamente \u00fanicas, incluidas sus propiedades de absorci\u00f3n de energ\u00eda de impacto,<\/li>\n\n\n\n<li>C\u00f3mo contribuyen nuestras soluciones a la sostenibilidad medioambiental y ayudan a reducir la huella de carbono.<\/li>\n<\/ul>\n\n\n\n<p>Te invitamos a leer la entrevista completa, ya disponible en el sitio web de <em>Monitor Rynkowy<\/em>: \ud83d\udc49 <a href=\"https:\/\/monitorrynkowy.pl\/polski-pomysl-na-globalne-potrzeby\/\"><strong>Leer la entrevista<\/strong><\/a><\/p>\n<\/div>\n\n\n\n<div class=\"wp-block-column is-layout-flow wp-block-column-is-layout-flow\" style=\"flex-basis:10%\"><\/div>\n<\/div>\n","protected":false},"excerpt":{"rendered":"<p>Nos complace anunciar que se ha publicado en el sitio web Monitor Rynkowy una entrevista con representantes de nuestra empresa: Natalia Margatis, Directora General de Anter System, y Tomasz Bary\u0142a, Director de Producto. La conversaci\u00f3n se centr\u00f3 en cuestiones clave relacionadas con la seguridad en entornos industriales y de almac\u00e9n, as\u00ed como en el papel [&hellip;]<\/p>\n","protected":false},"author":11,"featured_media":0,"parent":30348,"menu_order":0,"comment_status":"closed","ping_status":"closed","template":"","meta":{"inline_featured_image":false,"ngg_post_thumbnail":0,"footnotes":""},"class_list":["post-39438","page","type-page","status-publish","hentry"],"acf":[],"yoast_head":"<!-- This site is optimized with the Yoast SEO plugin v27.0 - https:\/\/yoast.com\/product\/yoast-seo-wordpress\/ -->\n<title>Entrevista con representantes de Anter System en Monitor Rynkowy - Anter System<\/title>\n<meta name=\"description\" content=\"Suscr\u00edbete al bolet\u00edn de noticias de la revista KAIZEN, en el que podr\u00e1s comentar las novedades de la empresa Anter System.\" \/>\n<meta name=\"robots\" content=\"index, follow, max-snippet:-1, max-image-preview:large, max-video-preview:-1\" \/>\n<link rel=\"canonical\" href=\"https:\/\/antersystem.com\/es\/noticias\/interview-with-anter-system-representatives-in-monitor-rynkowy\/\" \/>\n<meta property=\"og:locale\" content=\"es_ES\" \/>\n<meta property=\"og:type\" content=\"article\" \/>\n<meta property=\"og:title\" content=\"Entrevista con representantes de Anter System en Monitor Rynkowy - Anter System\" \/>\n<meta property=\"og:description\" content=\"Suscr\u00edbete al bolet\u00edn de noticias de la revista KAIZEN, en el que podr\u00e1s comentar las novedades de la empresa Anter System.\" \/>\n<meta property=\"og:url\" content=\"https:\/\/antersystem.com\/es\/noticias\/interview-with-anter-system-representatives-in-monitor-rynkowy\/\" \/>\n<meta property=\"og:site_name\" content=\"Anter System\" \/>\n<meta property=\"article:modified_time\" content=\"2026-02-04T11:38:22+00:00\" \/>\n<meta name=\"twitter:card\" content=\"summary_large_image\" \/>\n<meta name=\"twitter:label1\" content=\"Tiempo de lectura\" \/>\n\t<meta name=\"twitter:data1\" content=\"1 minuto\" \/>\n<script type=\"application\/ld+json\" class=\"yoast-schema-graph\">{\"@context\":\"https:\/\/schema.org\",\"@graph\":[{\"@type\":\"WebPage\",\"@id\":\"https:\/\/antersystem.com\/es\/noticias\/interview-with-anter-system-representatives-in-monitor-rynkowy\/\",\"url\":\"https:\/\/antersystem.com\/es\/noticias\/interview-with-anter-system-representatives-in-monitor-rynkowy\/\",\"name\":\"Entrevista con representantes de Anter System en Monitor Rynkowy - Anter System\",\"isPartOf\":{\"@id\":\"https:\/\/antersystem.com\/es\/#website\"},\"datePublished\":\"2025-01-29T14:15:00+00:00\",\"dateModified\":\"2026-02-04T11:38:22+00:00\",\"description\":\"Suscr\u00edbete al bolet\u00edn de noticias de la revista KAIZEN, en el que podr\u00e1s comentar las novedades de la empresa Anter System.\",\"breadcrumb\":{\"@id\":\"https:\/\/antersystem.com\/es\/noticias\/interview-with-anter-system-representatives-in-monitor-rynkowy\/#breadcrumb\"},\"inLanguage\":\"es\",\"potentialAction\":[{\"@type\":\"ReadAction\",\"target\":[\"https:\/\/antersystem.com\/es\/noticias\/interview-with-anter-system-representatives-in-monitor-rynkowy\/\"]}]},{\"@type\":\"BreadcrumbList\",\"@id\":\"https:\/\/antersystem.com\/es\/noticias\/interview-with-anter-system-representatives-in-monitor-rynkowy\/#breadcrumb\",\"itemListElement\":[{\"@type\":\"ListItem\",\"position\":1,\"name\":\"AnterSystem\",\"item\":\"https:\/\/antersystem.com\/es\/\"},{\"@type\":\"ListItem\",\"position\":2,\"name\":\"Noticias\",\"item\":\"https:\/\/antersystem.com\/es\/noticias\/\"},{\"@type\":\"ListItem\",\"position\":3,\"name\":\"Entrevista con representantes de Anter System en Monitor Rynkowy\"}]},{\"@type\":\"WebSite\",\"@id\":\"https:\/\/antersystem.com\/es\/#website\",\"url\":\"https:\/\/antersystem.com\/es\/\",\"name\":\"Anter System\",\"description\":\"Jeste\u015bmy polskim producentem elastycznych barier ochronnych wykonywanych z polimerowych tworzyw sztucznych. Na rynku krajowym i zagranicznym dzia\u0142amy od ponad 15 lat dbaj\u0105c o zapewnienie bezpiecze\u0144stwa w zak\u0142adach produkcyjnych, magazynach oraz centrach logistycznych.\",\"potentialAction\":[{\"@type\":\"SearchAction\",\"target\":{\"@type\":\"EntryPoint\",\"urlTemplate\":\"https:\/\/antersystem.com\/es\/?s={search_term_string}\"},\"query-input\":{\"@type\":\"PropertyValueSpecification\",\"valueRequired\":true,\"valueName\":\"search_term_string\"}}],\"inLanguage\":\"es\"}]}<\/script>\n<!-- \/ Yoast SEO plugin. -->","yoast_head_json":{"title":"Entrevista con representantes de Anter System en Monitor Rynkowy - Anter System","description":"Suscr\u00edbete al bolet\u00edn de noticias de la revista KAIZEN, en el que podr\u00e1s comentar las novedades de la empresa Anter System.","robots":{"index":"index","follow":"follow","max-snippet":"max-snippet:-1","max-image-preview":"max-image-preview:large","max-video-preview":"max-video-preview:-1"},"canonical":"https:\/\/antersystem.com\/es\/noticias\/interview-with-anter-system-representatives-in-monitor-rynkowy\/","og_locale":"es_ES","og_type":"article","og_title":"Entrevista con representantes de Anter System en Monitor Rynkowy - Anter System","og_description":"Suscr\u00edbete al bolet\u00edn de noticias de la revista KAIZEN, en el que podr\u00e1s comentar las novedades de la empresa Anter System.","og_url":"https:\/\/antersystem.com\/es\/noticias\/interview-with-anter-system-representatives-in-monitor-rynkowy\/","og_site_name":"Anter System","article_modified_time":"2026-02-04T11:38:22+00:00","twitter_card":"summary_large_image","twitter_misc":{"Tiempo de lectura":"1 minuto"},"schema":{"@context":"https:\/\/schema.org","@graph":[{"@type":"WebPage","@id":"https:\/\/antersystem.com\/es\/noticias\/interview-with-anter-system-representatives-in-monitor-rynkowy\/","url":"https:\/\/antersystem.com\/es\/noticias\/interview-with-anter-system-representatives-in-monitor-rynkowy\/","name":"Entrevista con representantes de Anter System en Monitor Rynkowy - Anter System","isPartOf":{"@id":"https:\/\/antersystem.com\/es\/#website"},"datePublished":"2025-01-29T14:15:00+00:00","dateModified":"2026-02-04T11:38:22+00:00","description":"Suscr\u00edbete al bolet\u00edn de noticias de la revista KAIZEN, en el que podr\u00e1s comentar las novedades de la empresa Anter System.","breadcrumb":{"@id":"https:\/\/antersystem.com\/es\/noticias\/interview-with-anter-system-representatives-in-monitor-rynkowy\/#breadcrumb"},"inLanguage":"es","potentialAction":[{"@type":"ReadAction","target":["https:\/\/antersystem.com\/es\/noticias\/interview-with-anter-system-representatives-in-monitor-rynkowy\/"]}]},{"@type":"BreadcrumbList","@id":"https:\/\/antersystem.com\/es\/noticias\/interview-with-anter-system-representatives-in-monitor-rynkowy\/#breadcrumb","itemListElement":[{"@type":"ListItem","position":1,"name":"AnterSystem","item":"https:\/\/antersystem.com\/es\/"},{"@type":"ListItem","position":2,"name":"Noticias","item":"https:\/\/antersystem.com\/es\/noticias\/"},{"@type":"ListItem","position":3,"name":"Entrevista con representantes de Anter System en Monitor Rynkowy"}]},{"@type":"WebSite","@id":"https:\/\/antersystem.com\/es\/#website","url":"https:\/\/antersystem.com\/es\/","name":"Anter System","description":"Jeste\u015bmy polskim producentem elastycznych barier ochronnych wykonywanych z polimerowych tworzyw sztucznych. Na rynku krajowym i zagranicznym dzia\u0142amy od ponad 15 lat dbaj\u0105c o zapewnienie bezpiecze\u0144stwa w zak\u0142adach produkcyjnych, magazynach oraz centrach logistycznych.","potentialAction":[{"@type":"SearchAction","target":{"@type":"EntryPoint","urlTemplate":"https:\/\/antersystem.com\/es\/?s={search_term_string}"},"query-input":{"@type":"PropertyValueSpecification","valueRequired":true,"valueName":"search_term_string"}}],"inLanguage":"es"}]}},"_links":{"self":[{"href":"https:\/\/antersystem.com\/es\/wp-json\/wp\/v2\/pages\/39438","targetHints":{"allow":["GET"]}}],"collection":[{"href":"https:\/\/antersystem.com\/es\/wp-json\/wp\/v2\/pages"}],"about":[{"href":"https:\/\/antersystem.com\/es\/wp-json\/wp\/v2\/types\/page"}],"author":[{"embeddable":true,"href":"https:\/\/antersystem.com\/es\/wp-json\/wp\/v2\/users\/11"}],"replies":[{"embeddable":true,"href":"https:\/\/antersystem.com\/es\/wp-json\/wp\/v2\/comments?post=39438"}],"version-history":[{"count":1,"href":"https:\/\/antersystem.com\/es\/wp-json\/wp\/v2\/pages\/39438\/revisions"}],"predecessor-version":[{"id":39439,"href":"https:\/\/antersystem.com\/es\/wp-json\/wp\/v2\/pages\/39438\/revisions\/39439"}],"up":[{"embeddable":true,"href":"https:\/\/antersystem.com\/es\/wp-json\/wp\/v2\/pages\/30348"}],"wp:attachment":[{"href":"https:\/\/antersystem.com\/es\/wp-json\/wp\/v2\/media?parent=39438"}],"curies":[{"name":"wp","href":"https:\/\/api.w.org\/{rel}","templated":true}]}}