{"id":39459,"date":"2024-03-27T16:28:30","date_gmt":"2024-03-27T15:28:30","guid":{"rendered":"https:\/\/antersystem.com\/noticias\/automotive-cee-day\/"},"modified":"2026-02-04T13:51:20","modified_gmt":"2026-02-04T12:51:20","slug":"automotive-cee-day","status":"publish","type":"page","link":"https:\/\/antersystem.com\/es\/noticias\/automotive-cee-day\/","title":{"rendered":"D\u00eda del Autom\u00f3vil CEE"},"content":{"rendered":"\n<div class=\"wp-block-columns is-layout-flex wp-container-core-columns-is-layout-9d6595d7 wp-block-columns-is-layout-flex\">\n<div class=\"wp-block-column is-layout-flow wp-block-column-is-layout-flow\" style=\"flex-basis:10%\"><\/div>\n\n\n\n<div class=\"wp-block-column is-layout-flow wp-block-column-is-layout-flow\">\n<h3 class=\"wp-block-heading\">9\u00aa Reuni\u00f3n de Compras de Autom\u00f3viles &#8211; 18-19 de abril de 2024<\/h3>\n\n\n\n<p><strong>El D\u00eda de la CEE del Autom\u00f3vil -evento organizado por AutomotiveSuppliers.pl y la ciudad de Opole- es una excelente oportunidad para reunirte con los principales actores de la industria automovil\u00edstica.<\/strong>  Los d\u00edas 18 y 19 de abril en Opole, el evento reunir\u00e1 a representantes de los principales fabricantes de autom\u00f3viles y proveedores de primer nivel.<\/p>\n\n\n\n<p>A lo largo de dos d\u00edas, los participantes tendr\u00e1n la oportunidad de reunirse con los clientes que m\u00e1s les importan y presentar sus capacidades de producci\u00f3n y servicios. Como destacan los organizadores, el evento utiliza una avanzada plataforma de matchmaking B2B que permite emparejar con precisi\u00f3n a los socios comerciales. Promete ser un acontecimiento din\u00e1mico en el mundo del autom\u00f3vil, y esperamos que con excelentes resultados. Se espera la asistencia de un gran n\u00famero de representantes tanto de empresas mundiales como de mercados locales.   <\/p>\n\n\n\n<p>Tambi\u00e9n esperamos reunirnos con posibles socios comerciales y tecnol\u00f3gicos para intercambiar ideas, impresiones y conocimientos. Llevamos 15 a\u00f1os adquiriendo experiencia <strong>en el sector de la automoci\u00f3n, suministrando a los principales fabricantes sistemas que mejoran la seguridad y se adaptan a los cambios din\u00e1micos.<\/strong> Nuestros <a href=\"https:\/\/antersystem.com\/kategorie_produktow\/bariery-bezpieczenstwa-dla-pieszych\/\">productos garantizan una separaci\u00f3n fiable de las zonas de producci\u00f3n y log\u00edstica<\/a> y proporcionan seguridad en las zonas de carga. <a href=\"https:\/\/antersystem.com\/kategorie_produktow\/technika-zaladunkowa\/\"><strong>Los soportes estabilizadores de remolques delanteros y traseros<\/strong><\/a> utilizados durante las operaciones log\u00edsticas protegen de da\u00f1os a las personas, los bienes y las infraestructuras. Tambi\u00e9n ayudan a acortar los tiempos de carga y mejoran la utilizaci\u00f3n de los veh\u00edculos, especialmente los que realizan temporalmente funciones de apoyo.  <\/p>\n\n\n\n<p>Aprovecha esta oportunidad para intercambiar ideas y experiencias con otros participantes. Vis\u00edtanos en <strong>el stand B<\/strong> para ver <strong>los productos de Anter System<\/strong> en acci\u00f3n. <\/p>\n\n\n\n<p>Programa del evento: <strong><a href=\"https:\/\/www.automotiveceeday.eu\/page-3761\">automotiveceeday.eu<\/a><\/strong><\/p>\n\n\n\n<p><strong>#AutomotiveCEEDay #automotive #OHS #manufacturing #flexiblesafetybarriers<\/strong><\/p>\n<\/div>\n\n\n\n<div class=\"wp-block-column is-layout-flow wp-block-column-is-layout-flow\" style=\"flex-basis:10%\"><\/div>\n<\/div>\n<div class=\"wp-block-image\">\n<figure class=\"aligncenter size-large is-resized\"><img loading=\"lazy\" decoding=\"async\" width=\"1024\" height=\"535\" src=\"https:\/\/antersystem.com\/wp-content\/uploads\/CEE-DAY-18-19-kwieccien-Anter-System-3-1024x535.jpg\" alt=\"La imagen es una invitaci&#xF3;n de Anter System para participar en las reuniones de compras del D&#xED;a de la CEE en Opole, los d&#xED;as 18 y 19 de abril de 2024.\" class=\"wp-image-4335\" style=\"width:720px;height:auto\" srcset=\"https:\/\/antersystem.com\/wp-content\/uploads\/CEE-DAY-18-19-kwieccien-Anter-System-3-1024x535.jpg 1024w, https:\/\/antersystem.com\/wp-content\/uploads\/CEE-DAY-18-19-kwieccien-Anter-System-3-300x157.jpg 300w, https:\/\/antersystem.com\/wp-content\/uploads\/CEE-DAY-18-19-kwieccien-Anter-System-3-768x401.jpg 768w, https:\/\/antersystem.com\/wp-content\/uploads\/CEE-DAY-18-19-kwieccien-Anter-System-3-450x235.jpg 450w, https:\/\/antersystem.com\/wp-content\/uploads\/CEE-DAY-18-19-kwieccien-Anter-System-3-330x172.jpg 330w, https:\/\/antersystem.com\/wp-content\/uploads\/CEE-DAY-18-19-kwieccien-Anter-System-3.jpg 1200w\" sizes=\"auto, (max-width: 1024px) 100vw, 1024px\" \/><\/figure><\/div>","protected":false},"excerpt":{"rendered":"<p>9\u00aa Reuni\u00f3n de Compras de Autom\u00f3viles &#8211; 18-19 de abril de 2024 El D\u00eda de la CEE del Autom\u00f3vil -evento organizado por AutomotiveSuppliers.pl y la ciudad de Opole- es una excelente oportunidad para reunirte con los principales actores de la industria automovil\u00edstica. Los d\u00edas 18 y 19 de abril en Opole, el evento reunir\u00e1 a [&hellip;]<\/p>\n","protected":false},"author":1,"featured_media":0,"parent":30348,"menu_order":0,"comment_status":"closed","ping_status":"closed","template":"","meta":{"inline_featured_image":false,"ngg_post_thumbnail":0,"footnotes":""},"class_list":["post-39459","page","type-page","status-publish","hentry"],"acf":[],"yoast_head":"<!-- This site is optimized with the Yoast SEO plugin v27.0 - https:\/\/yoast.com\/product\/yoast-seo-wordpress\/ -->\n<title>D\u00eda del Autom\u00f3vil CEE - Anter System<\/title>\n<meta name=\"description\" content=\"Automotive CEE Day - wydarzenie organizowane przez AutomotiveSuppliers.pl i samorz\u0105d miasta Opole - to doskona\u0142a okazja do spotka\u0144\" \/>\n<meta name=\"robots\" content=\"index, follow, max-snippet:-1, max-image-preview:large, max-video-preview:-1\" \/>\n<link rel=\"canonical\" href=\"https:\/\/antersystem.com\/es\/noticias\/automotive-cee-day\/\" \/>\n<meta property=\"og:locale\" content=\"es_ES\" \/>\n<meta property=\"og:type\" content=\"article\" \/>\n<meta property=\"og:title\" content=\"D\u00eda del Autom\u00f3vil CEE - Anter System\" \/>\n<meta property=\"og:description\" content=\"Automotive CEE Day - wydarzenie organizowane przez AutomotiveSuppliers.pl i samorz\u0105d miasta Opole - to doskona\u0142a okazja do spotka\u0144\" \/>\n<meta property=\"og:url\" content=\"https:\/\/antersystem.com\/es\/noticias\/automotive-cee-day\/\" \/>\n<meta property=\"og:site_name\" content=\"Anter System\" \/>\n<meta property=\"article:modified_time\" content=\"2026-02-04T12:51:20+00:00\" \/>\n<meta property=\"og:image\" content=\"https:\/\/antersystem.com\/wp-content\/uploads\/CEE-DAY-18-19-kwieccien-Anter-System-3-1024x535.jpg\" \/>\n<meta name=\"twitter:card\" content=\"summary_large_image\" \/>\n<meta name=\"twitter:label1\" content=\"Tiempo de lectura\" \/>\n\t<meta name=\"twitter:data1\" content=\"2 minutos\" \/>\n<script type=\"application\/ld+json\" class=\"yoast-schema-graph\">{\"@context\":\"https:\/\/schema.org\",\"@graph\":[{\"@type\":\"WebPage\",\"@id\":\"https:\/\/antersystem.com\/es\/noticias\/automotive-cee-day\/\",\"url\":\"https:\/\/antersystem.com\/es\/noticias\/automotive-cee-day\/\",\"name\":\"D\u00eda del Autom\u00f3vil CEE - Anter System\",\"isPartOf\":{\"@id\":\"https:\/\/antersystem.com\/es\/#website\"},\"primaryImageOfPage\":{\"@id\":\"https:\/\/antersystem.com\/es\/noticias\/automotive-cee-day\/#primaryimage\"},\"image\":{\"@id\":\"https:\/\/antersystem.com\/es\/noticias\/automotive-cee-day\/#primaryimage\"},\"thumbnailUrl\":\"https:\/\/antersystem.com\/wp-content\/uploads\/CEE-DAY-18-19-kwieccien-Anter-System-3-1024x535.jpg\",\"datePublished\":\"2024-03-27T15:28:30+00:00\",\"dateModified\":\"2026-02-04T12:51:20+00:00\",\"description\":\"Automotive CEE Day - wydarzenie organizowane przez AutomotiveSuppliers.pl i samorz\u0105d miasta Opole - to doskona\u0142a okazja do spotka\u0144\",\"breadcrumb\":{\"@id\":\"https:\/\/antersystem.com\/es\/noticias\/automotive-cee-day\/#breadcrumb\"},\"inLanguage\":\"es\",\"potentialAction\":[{\"@type\":\"ReadAction\",\"target\":[\"https:\/\/antersystem.com\/es\/noticias\/automotive-cee-day\/\"]}]},{\"@type\":\"ImageObject\",\"inLanguage\":\"es\",\"@id\":\"https:\/\/antersystem.com\/es\/noticias\/automotive-cee-day\/#primaryimage\",\"url\":\"https:\/\/antersystem.com\/wp-content\/uploads\/CEE-DAY-18-19-kwieccien-Anter-System-3-1024x535.jpg\",\"contentUrl\":\"https:\/\/antersystem.com\/wp-content\/uploads\/CEE-DAY-18-19-kwieccien-Anter-System-3-1024x535.jpg\"},{\"@type\":\"BreadcrumbList\",\"@id\":\"https:\/\/antersystem.com\/es\/noticias\/automotive-cee-day\/#breadcrumb\",\"itemListElement\":[{\"@type\":\"ListItem\",\"position\":1,\"name\":\"AnterSystem\",\"item\":\"https:\/\/antersystem.com\/es\/\"},{\"@type\":\"ListItem\",\"position\":2,\"name\":\"Noticias\",\"item\":\"https:\/\/antersystem.com\/es\/noticias\/\"},{\"@type\":\"ListItem\",\"position\":3,\"name\":\"D\u00eda del Autom\u00f3vil CEE\"}]},{\"@type\":\"WebSite\",\"@id\":\"https:\/\/antersystem.com\/es\/#website\",\"url\":\"https:\/\/antersystem.com\/es\/\",\"name\":\"Anter System\",\"description\":\"Jeste\u015bmy polskim producentem elastycznych barier ochronnych wykonywanych z polimerowych tworzyw sztucznych. Na rynku krajowym i zagranicznym dzia\u0142amy od ponad 15 lat dbaj\u0105c o zapewnienie bezpiecze\u0144stwa w zak\u0142adach produkcyjnych, magazynach oraz centrach logistycznych.\",\"potentialAction\":[{\"@type\":\"SearchAction\",\"target\":{\"@type\":\"EntryPoint\",\"urlTemplate\":\"https:\/\/antersystem.com\/es\/?s={search_term_string}\"},\"query-input\":{\"@type\":\"PropertyValueSpecification\",\"valueRequired\":true,\"valueName\":\"search_term_string\"}}],\"inLanguage\":\"es\"}]}<\/script>\n<!-- \/ Yoast SEO plugin. -->","yoast_head_json":{"title":"D\u00eda del Autom\u00f3vil CEE - Anter System","description":"Automotive CEE Day - wydarzenie organizowane przez AutomotiveSuppliers.pl i samorz\u0105d miasta Opole - to doskona\u0142a okazja do spotka\u0144","robots":{"index":"index","follow":"follow","max-snippet":"max-snippet:-1","max-image-preview":"max-image-preview:large","max-video-preview":"max-video-preview:-1"},"canonical":"https:\/\/antersystem.com\/es\/noticias\/automotive-cee-day\/","og_locale":"es_ES","og_type":"article","og_title":"D\u00eda del Autom\u00f3vil CEE - Anter System","og_description":"Automotive CEE Day - wydarzenie organizowane przez AutomotiveSuppliers.pl i samorz\u0105d miasta Opole - to doskona\u0142a okazja do spotka\u0144","og_url":"https:\/\/antersystem.com\/es\/noticias\/automotive-cee-day\/","og_site_name":"Anter System","article_modified_time":"2026-02-04T12:51:20+00:00","og_image":[{"url":"https:\/\/antersystem.com\/wp-content\/uploads\/CEE-DAY-18-19-kwieccien-Anter-System-3-1024x535.jpg","type":"","width":"","height":""}],"twitter_card":"summary_large_image","twitter_misc":{"Tiempo de lectura":"2 minutos"},"schema":{"@context":"https:\/\/schema.org","@graph":[{"@type":"WebPage","@id":"https:\/\/antersystem.com\/es\/noticias\/automotive-cee-day\/","url":"https:\/\/antersystem.com\/es\/noticias\/automotive-cee-day\/","name":"D\u00eda del Autom\u00f3vil CEE - Anter System","isPartOf":{"@id":"https:\/\/antersystem.com\/es\/#website"},"primaryImageOfPage":{"@id":"https:\/\/antersystem.com\/es\/noticias\/automotive-cee-day\/#primaryimage"},"image":{"@id":"https:\/\/antersystem.com\/es\/noticias\/automotive-cee-day\/#primaryimage"},"thumbnailUrl":"https:\/\/antersystem.com\/wp-content\/uploads\/CEE-DAY-18-19-kwieccien-Anter-System-3-1024x535.jpg","datePublished":"2024-03-27T15:28:30+00:00","dateModified":"2026-02-04T12:51:20+00:00","description":"Automotive CEE Day - wydarzenie organizowane przez AutomotiveSuppliers.pl i samorz\u0105d miasta Opole - to doskona\u0142a okazja do spotka\u0144","breadcrumb":{"@id":"https:\/\/antersystem.com\/es\/noticias\/automotive-cee-day\/#breadcrumb"},"inLanguage":"es","potentialAction":[{"@type":"ReadAction","target":["https:\/\/antersystem.com\/es\/noticias\/automotive-cee-day\/"]}]},{"@type":"ImageObject","inLanguage":"es","@id":"https:\/\/antersystem.com\/es\/noticias\/automotive-cee-day\/#primaryimage","url":"https:\/\/antersystem.com\/wp-content\/uploads\/CEE-DAY-18-19-kwieccien-Anter-System-3-1024x535.jpg","contentUrl":"https:\/\/antersystem.com\/wp-content\/uploads\/CEE-DAY-18-19-kwieccien-Anter-System-3-1024x535.jpg"},{"@type":"BreadcrumbList","@id":"https:\/\/antersystem.com\/es\/noticias\/automotive-cee-day\/#breadcrumb","itemListElement":[{"@type":"ListItem","position":1,"name":"AnterSystem","item":"https:\/\/antersystem.com\/es\/"},{"@type":"ListItem","position":2,"name":"Noticias","item":"https:\/\/antersystem.com\/es\/noticias\/"},{"@type":"ListItem","position":3,"name":"D\u00eda del Autom\u00f3vil CEE"}]},{"@type":"WebSite","@id":"https:\/\/antersystem.com\/es\/#website","url":"https:\/\/antersystem.com\/es\/","name":"Anter System","description":"Jeste\u015bmy polskim producentem elastycznych barier ochronnych wykonywanych z polimerowych tworzyw sztucznych. Na rynku krajowym i zagranicznym dzia\u0142amy od ponad 15 lat dbaj\u0105c o zapewnienie bezpiecze\u0144stwa w zak\u0142adach produkcyjnych, magazynach oraz centrach logistycznych.","potentialAction":[{"@type":"SearchAction","target":{"@type":"EntryPoint","urlTemplate":"https:\/\/antersystem.com\/es\/?s={search_term_string}"},"query-input":{"@type":"PropertyValueSpecification","valueRequired":true,"valueName":"search_term_string"}}],"inLanguage":"es"}]}},"_links":{"self":[{"href":"https:\/\/antersystem.com\/es\/wp-json\/wp\/v2\/pages\/39459","targetHints":{"allow":["GET"]}}],"collection":[{"href":"https:\/\/antersystem.com\/es\/wp-json\/wp\/v2\/pages"}],"about":[{"href":"https:\/\/antersystem.com\/es\/wp-json\/wp\/v2\/types\/page"}],"author":[{"embeddable":true,"href":"https:\/\/antersystem.com\/es\/wp-json\/wp\/v2\/users\/1"}],"replies":[{"embeddable":true,"href":"https:\/\/antersystem.com\/es\/wp-json\/wp\/v2\/comments?post=39459"}],"version-history":[{"count":1,"href":"https:\/\/antersystem.com\/es\/wp-json\/wp\/v2\/pages\/39459\/revisions"}],"predecessor-version":[{"id":39461,"href":"https:\/\/antersystem.com\/es\/wp-json\/wp\/v2\/pages\/39459\/revisions\/39461"}],"up":[{"embeddable":true,"href":"https:\/\/antersystem.com\/es\/wp-json\/wp\/v2\/pages\/30348"}],"wp:attachment":[{"href":"https:\/\/antersystem.com\/es\/wp-json\/wp\/v2\/media?parent=39459"}],"curies":[{"name":"wp","href":"https:\/\/api.w.org\/{rel}","templated":true}]}}