{"id":39464,"date":"2024-06-18T10:35:57","date_gmt":"2024-06-18T08:35:57","guid":{"rendered":"https:\/\/antersystem.com\/noticias\/mid-magazine-an-exhibition-mix-wystawowa-mieszanka\/"},"modified":"2026-02-04T13:51:20","modified_gmt":"2026-02-04T12:51:20","slug":"mid-magazine-an-exhibition-mix-wystawowa-mieszanka","status":"publish","type":"page","link":"https:\/\/antersystem.com\/es\/noticias\/mid-magazine-an-exhibition-mix-wystawowa-mieszanka\/","title":{"rendered":"Revista MID \u00abUna mezcla de exposiciones\u00bb &#8211; \u00abWystawowa mieszanka\u00bb"},"content":{"rendered":"\n<div class=\"wp-block-columns is-layout-flex wp-container-core-columns-is-layout-9d6595d7 wp-block-columns-is-layout-flex\">\n<div class=\"wp-block-column is-layout-flow wp-block-column-is-layout-flow\" style=\"flex-basis:10%\"><\/div>\n\n\n\n<div class=\"wp-block-column is-layout-flow wp-block-column-is-layout-flow\">\n<h2 class=\"wp-block-heading\">MID 3\/2024. Resumen de los productos presentados recientemente en ferias de log\u00edstica.<\/h2>\n\n\n\n<p>El \u00faltimo n\u00famero de la revista MID se ha encargado de recopilar informaci\u00f3n clave sobre productos para aquellos que quieren estar al d\u00eda de las innovaciones en el sector de la log\u00edstica pero no han podido asistir a ferias, como la Feria de Seguridad Laboral de SAWO (donde, por cierto, nos concedieron la Medalla de Oro &#8211; <a href=\"https:\/\/antersystem.com\/es\/noticias\/gold-medal-traffic-dock-gate\/\"><span style=\"color: #000080;\"><strong>puedes leerlo aqu\u00ed<\/strong><\/span><\/a>). La redacci\u00f3n tambi\u00e9n destaca los productos de Anter System como soluciones integrales para proteger los procesos de producci\u00f3n y a los trabajadores de los almacenes contra colisiones con carretillas elevadoras. El hecho de que hayamos expuesto recientemente nuestras soluciones en numerosos eventos del sector ha aumentado sin duda nuestro reconocimiento en el mercado. Sin embargo, si \u00e9ste es tu primer contacto con nuestra empresa y est\u00e1s empezando a comprender las transformaciones de los espacios log\u00edsticos, t\u00f3mate un momento para tomar nota de algunas caracter\u00edsticas clave de Anter System que pueden traducirse directamente en una mejora de las condiciones de trabajo en tus instalaciones.   <\/p>\n\n<p><strong>\u00bfQu\u00e9 nos diferencia?<\/strong><\/p>\n<ul>\n<li>Gran durabilidad del producto: nuestras soluciones resisten impactos muchas veces superiores a los productos de acero, como confirman las pruebas PAS 13 y las opiniones de los clientes.<\/li>\n<li>Calidad y cumplimiento de las normas europeas &#8211; Los productos Anter System se someten a rigurosas pruebas y est\u00e1n certificados por el prestigioso instituto T\u00dcV Rheinland<\/li>\n<li>Amplia gama de productos: adaptados a las necesidades de cada empresa y a las condiciones espec\u00edficas del lugar de instalaci\u00f3n, desde la protecci\u00f3n a nivel del suelo hasta las barreras de gran altura, teniendo en cuenta el tr\u00e1fico de veh\u00edculos dentro de las instalaciones.<\/li>\n<li>Innovaci\u00f3n: nos centramos en soluciones modernas, implantando sistemas automatizados que mejoran la seguridad, al tiempo que mejoramos continuamente nuestros productos.<\/li>\n<li>Modularidad: las barreras pueden conectarse, reubicarse y ampliarse f\u00e1cilmente para adaptarse a las condiciones cambiantes de la producci\u00f3n o el almac\u00e9n<\/li>\n<li>Ecolog\u00eda &#8211; nuestros productos son 100% reciclables, lo que contribuye a reducir la huella de carbono<\/li>\n<\/ul>\n\n<p>El material recopilado por el equipo del MID te ayudar\u00e1 sin duda a tomar decisiones de compra con conocimiento de causa, no s\u00f3lo a la hora de elegir barreras de seguridad, sino tambi\u00e9n soluciones que utilicen tecnolog\u00edas de IA. Merece la pena leerlo! \ud83d\ude42 El art\u00edculo est\u00e1 disponible a continuaci\u00f3n, y el n\u00famero completo puede consultarse en el sitio web de la editorial.  <\/p>\n<\/div>\n\n\n\n<div class=\"wp-block-column is-layout-flow wp-block-column-is-layout-flow\" style=\"flex-basis:10%\"><\/div>\n<\/div>\n\n<div data-wp-interactive=\"core\/file\" class=\"wp-block-file\"><object data-wp-bind--hidden=\"!state.hasPdfPreview\" hidden class=\"wp-block-file__embed\" data=\"https:\/\/antersystem.com\/wp-content\/uploads\/MID_99_3_2024_Anter-System.pdf\" type=\"application\/pdf\" style=\"width:100%;height:600px\" aria-label=\"Incrustado de MID_99_3_2024_Anter-System.\"><\/object><a id=\"wp-block-file--media-81b055e1-ad38-4bf5-98d8-870bb86c3edb\" href=\"https:\/\/antersystem.com\/wp-content\/uploads\/MID_99_3_2024_Anter-System.pdf\">MID_99_3_2024_Anter-System<\/a><a href=\"https:\/\/antersystem.com\/wp-content\/uploads\/MID_99_3_2024_Anter-System.pdf\" class=\"wp-block-file__button wp-element-button\" download=\"\" aria-describedby=\"wp-block-file--media-81b055e1-ad38-4bf5-98d8-870bb86c3edb\">Descarga<\/a><\/div>\n","protected":false},"excerpt":{"rendered":"<p>MID 3\/2024. Resumen de los productos presentados recientemente en ferias de log\u00edstica. El \u00faltimo n\u00famero de la revista MID se ha encargado de recopilar informaci\u00f3n clave sobre productos para aquellos que quieren estar al d\u00eda de las innovaciones en el sector de la log\u00edstica pero no han podido asistir a ferias, como la Feria de [&hellip;]<\/p>\n","protected":false},"author":1,"featured_media":0,"parent":30348,"menu_order":0,"comment_status":"closed","ping_status":"closed","template":"","meta":{"inline_featured_image":false,"ngg_post_thumbnail":0,"footnotes":""},"class_list":["post-39464","page","type-page","status-publish","hentry"],"acf":[],"yoast_head":"<!-- This site is optimized with the Yoast SEO plugin v27.0 - https:\/\/yoast.com\/product\/yoast-seo-wordpress\/ -->\n<title>Revista MID &quot;Una mezcla de exposiciones&quot; - &quot;Wystawowa mieszanka&quot; - Anter System<\/title>\n<meta name=\"description\" content=\"Najnowszy magazyn MID pokusi\u0142 si\u0119 o zebranie wa\u017cnych wskaza\u0144 ofertowych, dla tych, kt\u00f3rzy chc\u0105 by\u0107 na bie\u017c\u0105co z nowinkami bran\u017cy logistycznej\" \/>\n<meta name=\"robots\" content=\"index, follow, max-snippet:-1, max-image-preview:large, max-video-preview:-1\" \/>\n<link rel=\"canonical\" href=\"https:\/\/antersystem.com\/es\/noticias\/mid-magazine-an-exhibition-mix-wystawowa-mieszanka\/\" \/>\n<meta property=\"og:locale\" content=\"es_ES\" \/>\n<meta property=\"og:type\" content=\"article\" \/>\n<meta property=\"og:title\" content=\"Revista MID &quot;Una mezcla de exposiciones&quot; - &quot;Wystawowa mieszanka&quot; - Anter System\" \/>\n<meta property=\"og:description\" content=\"Najnowszy magazyn MID pokusi\u0142 si\u0119 o zebranie wa\u017cnych wskaza\u0144 ofertowych, dla tych, kt\u00f3rzy chc\u0105 by\u0107 na bie\u017c\u0105co z nowinkami bran\u017cy logistycznej\" \/>\n<meta property=\"og:url\" content=\"https:\/\/antersystem.com\/es\/noticias\/mid-magazine-an-exhibition-mix-wystawowa-mieszanka\/\" \/>\n<meta property=\"og:site_name\" content=\"Anter System\" \/>\n<meta property=\"article:modified_time\" content=\"2026-02-04T12:51:20+00:00\" \/>\n<meta name=\"twitter:card\" content=\"summary_large_image\" \/>\n<meta name=\"twitter:label1\" content=\"Tiempo de lectura\" \/>\n\t<meta name=\"twitter:data1\" content=\"2 minutos\" \/>\n<script type=\"application\/ld+json\" class=\"yoast-schema-graph\">{\"@context\":\"https:\/\/schema.org\",\"@graph\":[{\"@type\":\"WebPage\",\"@id\":\"https:\/\/antersystem.com\/es\/noticias\/mid-magazine-an-exhibition-mix-wystawowa-mieszanka\/\",\"url\":\"https:\/\/antersystem.com\/es\/noticias\/mid-magazine-an-exhibition-mix-wystawowa-mieszanka\/\",\"name\":\"Revista MID \\\"Una mezcla de exposiciones\\\" - \\\"Wystawowa mieszanka\\\" - Anter System\",\"isPartOf\":{\"@id\":\"https:\/\/antersystem.com\/es\/#website\"},\"datePublished\":\"2024-06-18T08:35:57+00:00\",\"dateModified\":\"2026-02-04T12:51:20+00:00\",\"description\":\"Najnowszy magazyn MID pokusi\u0142 si\u0119 o zebranie wa\u017cnych wskaza\u0144 ofertowych, dla tych, kt\u00f3rzy chc\u0105 by\u0107 na bie\u017c\u0105co z nowinkami bran\u017cy logistycznej\",\"breadcrumb\":{\"@id\":\"https:\/\/antersystem.com\/es\/noticias\/mid-magazine-an-exhibition-mix-wystawowa-mieszanka\/#breadcrumb\"},\"inLanguage\":\"es\",\"potentialAction\":[{\"@type\":\"ReadAction\",\"target\":[\"https:\/\/antersystem.com\/es\/noticias\/mid-magazine-an-exhibition-mix-wystawowa-mieszanka\/\"]}]},{\"@type\":\"BreadcrumbList\",\"@id\":\"https:\/\/antersystem.com\/es\/noticias\/mid-magazine-an-exhibition-mix-wystawowa-mieszanka\/#breadcrumb\",\"itemListElement\":[{\"@type\":\"ListItem\",\"position\":1,\"name\":\"AnterSystem\",\"item\":\"https:\/\/antersystem.com\/es\/\"},{\"@type\":\"ListItem\",\"position\":2,\"name\":\"Noticias\",\"item\":\"https:\/\/antersystem.com\/es\/noticias\/\"},{\"@type\":\"ListItem\",\"position\":3,\"name\":\"Revista MID &#8220;Una mezcla de exposiciones&#8221; &#8211; &#8220;Wystawowa mieszanka&#8221;\"}]},{\"@type\":\"WebSite\",\"@id\":\"https:\/\/antersystem.com\/es\/#website\",\"url\":\"https:\/\/antersystem.com\/es\/\",\"name\":\"Anter System\",\"description\":\"Jeste\u015bmy polskim producentem elastycznych barier ochronnych wykonywanych z polimerowych tworzyw sztucznych. Na rynku krajowym i zagranicznym dzia\u0142amy od ponad 15 lat dbaj\u0105c o zapewnienie bezpiecze\u0144stwa w zak\u0142adach produkcyjnych, magazynach oraz centrach logistycznych.\",\"potentialAction\":[{\"@type\":\"SearchAction\",\"target\":{\"@type\":\"EntryPoint\",\"urlTemplate\":\"https:\/\/antersystem.com\/es\/?s={search_term_string}\"},\"query-input\":{\"@type\":\"PropertyValueSpecification\",\"valueRequired\":true,\"valueName\":\"search_term_string\"}}],\"inLanguage\":\"es\"}]}<\/script>\n<!-- \/ Yoast SEO plugin. -->","yoast_head_json":{"title":"Revista MID \"Una mezcla de exposiciones\" - \"Wystawowa mieszanka\" - Anter System","description":"Najnowszy magazyn MID pokusi\u0142 si\u0119 o zebranie wa\u017cnych wskaza\u0144 ofertowych, dla tych, kt\u00f3rzy chc\u0105 by\u0107 na bie\u017c\u0105co z nowinkami bran\u017cy logistycznej","robots":{"index":"index","follow":"follow","max-snippet":"max-snippet:-1","max-image-preview":"max-image-preview:large","max-video-preview":"max-video-preview:-1"},"canonical":"https:\/\/antersystem.com\/es\/noticias\/mid-magazine-an-exhibition-mix-wystawowa-mieszanka\/","og_locale":"es_ES","og_type":"article","og_title":"Revista MID \"Una mezcla de exposiciones\" - \"Wystawowa mieszanka\" - Anter System","og_description":"Najnowszy magazyn MID pokusi\u0142 si\u0119 o zebranie wa\u017cnych wskaza\u0144 ofertowych, dla tych, kt\u00f3rzy chc\u0105 by\u0107 na bie\u017c\u0105co z nowinkami bran\u017cy logistycznej","og_url":"https:\/\/antersystem.com\/es\/noticias\/mid-magazine-an-exhibition-mix-wystawowa-mieszanka\/","og_site_name":"Anter System","article_modified_time":"2026-02-04T12:51:20+00:00","twitter_card":"summary_large_image","twitter_misc":{"Tiempo de lectura":"2 minutos"},"schema":{"@context":"https:\/\/schema.org","@graph":[{"@type":"WebPage","@id":"https:\/\/antersystem.com\/es\/noticias\/mid-magazine-an-exhibition-mix-wystawowa-mieszanka\/","url":"https:\/\/antersystem.com\/es\/noticias\/mid-magazine-an-exhibition-mix-wystawowa-mieszanka\/","name":"Revista MID \"Una mezcla de exposiciones\" - \"Wystawowa mieszanka\" - Anter System","isPartOf":{"@id":"https:\/\/antersystem.com\/es\/#website"},"datePublished":"2024-06-18T08:35:57+00:00","dateModified":"2026-02-04T12:51:20+00:00","description":"Najnowszy magazyn MID pokusi\u0142 si\u0119 o zebranie wa\u017cnych wskaza\u0144 ofertowych, dla tych, kt\u00f3rzy chc\u0105 by\u0107 na bie\u017c\u0105co z nowinkami bran\u017cy logistycznej","breadcrumb":{"@id":"https:\/\/antersystem.com\/es\/noticias\/mid-magazine-an-exhibition-mix-wystawowa-mieszanka\/#breadcrumb"},"inLanguage":"es","potentialAction":[{"@type":"ReadAction","target":["https:\/\/antersystem.com\/es\/noticias\/mid-magazine-an-exhibition-mix-wystawowa-mieszanka\/"]}]},{"@type":"BreadcrumbList","@id":"https:\/\/antersystem.com\/es\/noticias\/mid-magazine-an-exhibition-mix-wystawowa-mieszanka\/#breadcrumb","itemListElement":[{"@type":"ListItem","position":1,"name":"AnterSystem","item":"https:\/\/antersystem.com\/es\/"},{"@type":"ListItem","position":2,"name":"Noticias","item":"https:\/\/antersystem.com\/es\/noticias\/"},{"@type":"ListItem","position":3,"name":"Revista MID &#8220;Una mezcla de exposiciones&#8221; &#8211; &#8220;Wystawowa mieszanka&#8221;"}]},{"@type":"WebSite","@id":"https:\/\/antersystem.com\/es\/#website","url":"https:\/\/antersystem.com\/es\/","name":"Anter System","description":"Jeste\u015bmy polskim producentem elastycznych barier ochronnych wykonywanych z polimerowych tworzyw sztucznych. Na rynku krajowym i zagranicznym dzia\u0142amy od ponad 15 lat dbaj\u0105c o zapewnienie bezpiecze\u0144stwa w zak\u0142adach produkcyjnych, magazynach oraz centrach logistycznych.","potentialAction":[{"@type":"SearchAction","target":{"@type":"EntryPoint","urlTemplate":"https:\/\/antersystem.com\/es\/?s={search_term_string}"},"query-input":{"@type":"PropertyValueSpecification","valueRequired":true,"valueName":"search_term_string"}}],"inLanguage":"es"}]}},"_links":{"self":[{"href":"https:\/\/antersystem.com\/es\/wp-json\/wp\/v2\/pages\/39464","targetHints":{"allow":["GET"]}}],"collection":[{"href":"https:\/\/antersystem.com\/es\/wp-json\/wp\/v2\/pages"}],"about":[{"href":"https:\/\/antersystem.com\/es\/wp-json\/wp\/v2\/types\/page"}],"author":[{"embeddable":true,"href":"https:\/\/antersystem.com\/es\/wp-json\/wp\/v2\/users\/1"}],"replies":[{"embeddable":true,"href":"https:\/\/antersystem.com\/es\/wp-json\/wp\/v2\/comments?post=39464"}],"version-history":[{"count":1,"href":"https:\/\/antersystem.com\/es\/wp-json\/wp\/v2\/pages\/39464\/revisions"}],"predecessor-version":[{"id":39465,"href":"https:\/\/antersystem.com\/es\/wp-json\/wp\/v2\/pages\/39464\/revisions\/39465"}],"up":[{"embeddable":true,"href":"https:\/\/antersystem.com\/es\/wp-json\/wp\/v2\/pages\/30348"}],"wp:attachment":[{"href":"https:\/\/antersystem.com\/es\/wp-json\/wp\/v2\/media?parent=39464"}],"curies":[{"name":"wp","href":"https:\/\/api.w.org\/{rel}","templated":true}]}}