{"id":39471,"date":"2024-06-17T15:23:53","date_gmt":"2024-06-17T13:23:53","guid":{"rendered":"https:\/\/antersystem.com\/noticias\/technical-conferences-mielec-20-06\/"},"modified":"2026-02-04T13:51:20","modified_gmt":"2026-02-04T12:51:20","slug":"technical-conferences-mielec-20-06","status":"publish","type":"page","link":"https:\/\/antersystem.com\/es\/noticias\/technical-conferences-mielec-20-06\/","title":{"rendered":"Conferencias T\u00e9cnicas, Mielec 20.06"},"content":{"rendered":"\n<div class=\"wp-block-columns is-layout-flex wp-container-core-columns-is-layout-9d6595d7 wp-block-columns-is-layout-flex\">\n  \n  <div class=\"wp-block-column is-layout-flow wp-block-column-is-layout-flow\" style=\"flex-basis:10%\"><\/div>\n  \n\n  \n  <div class=\"wp-block-column is-layout-flow wp-block-column-is-layout-flow\">\n    \n    <h2 class=\"wp-block-heading\">Buenas Pr\u00e1cticas en Log\u00edstica &#8211; Conferencia T\u00e9cnica<\/h2>\n    \n\n    \n    <p>Te invitamos a la conferencia gratuita <strong>\u00abOptimizaci\u00f3n de los Procesos Intralog\u00edsticos y de Almac\u00e9n\u00bb,<\/strong> dedicada a los cambios din\u00e1micos que se est\u00e1n produciendo en la industria log\u00edstica. El acto tendr\u00e1 lugar el <strong>20 de junio<\/strong> en <strong>el Hotel Atena de Mielec<\/strong>. <\/p>\n    \n\n    \n    <p>Animamos de todo coraz\u00f3n a todos los que quieran <strong>ampliar su red profesional<\/strong> a que se unan. Habr\u00e1 muchas oportunidades para mantener valiosos debates y acceso garantizado a aut\u00e9nticos profesionales del sector. La fuerza de <strong>las<\/strong> conferencias <strong>de Axon<\/strong> Media reside en reunir a profesionales, <strong>expertos de diversos sectores<\/strong> que compartir\u00e1n su experiencia en la mejora de los procesos log\u00edsticos y de almac\u00e9n y <strong>debatir\u00e1n los retos relacionados con su adaptaci\u00f3n a las necesidades espec\u00edficas de las instalaciones<\/strong>. Las presentaciones abarcar\u00e1n tanto implantaciones integrales como peque\u00f1as mejoras que ayudan a ahorrar tiempo y reducir costes.   <\/p>\n    \n\n    \n    <p><strong>Como socio de las Jornadas T\u00e9cnicas, Anter System apoya los esfuerzos para mejorar la seguridad y la higiene (SST) en almacenes y naves industriales.<\/strong>  Proporcionamos asesoramiento profesional sobre el uso de sistemas de protecci\u00f3n para peatones, mercanc\u00edas, maquinaria e infraestructuras. En materia de seguridad durante las operaciones de carga y descarga <a href=\"https:\/\/antersystem.com\/es\/categorias-de-productos\/tecnologia-de-carga\/\"><strong>tambi\u00e9n tenemos muchos productos probados que mostrar y discutir<\/strong><\/a>. Otros temas tratados durante la conferencia son: sistemas de transporte interno, rob\u00f3tica de almacenes, sistemas automatizados de almacenamiento y preparaci\u00f3n de pedidos, RFID e identificaci\u00f3n inal\u00e1mbrica, software de intralog\u00edstica, dise\u00f1o y consultor\u00eda para log\u00edstica de almacenes, y maquinaria para etiquetado y marcado.  <\/p>\n    \n\n    \n    <p>La conferencia ofrece una excelente oportunidad para descubrir soluciones tecnol\u00f3gicas adaptadas a las necesidades individuales de cada participante. A largo plazo, fomenta un entorno de colaboraci\u00f3n que apoya el cambio relacionado con la digitalizaci\u00f3n, la automatizaci\u00f3n y el futuro del trabajo. Creemos que es una direcci\u00f3n prometedora: \u00a1ven a visitar el stand de <strong>Anter System<\/strong> y \u00fanete a nosotros en la sala de conferencias!  <\/p>\n    \n\n    \n    <p>Programa del evento: <strong><a href=\"https:\/\/www.axonmedia.pl\/konferencje\/aktualne\/intralogistyka-magazynowanie-2024-mielec\/\">Conferencias t\u00e9cnicas<\/a><\/strong><\/p>\n    \n\n    \n    <p><strong>#ConferenciasT\u00e9cnicas #AxonMedia #OHS #Producci\u00f3n #BarrerasDeSeguridadFlexibles<\/strong><\/p>\n    \n  <\/div>\n  \n\n  \n  <div class=\"wp-block-column is-layout-flow wp-block-column-is-layout-flow\" style=\"flex-basis:10%\"><\/div>\n  \n<\/div>\n<div class=\"wp-block-image\">\n<figure class=\"aligncenter size-large is-resized\"><img loading=\"lazy\" decoding=\"async\" width=\"1024\" height=\"576\" src=\"https:\/\/antersystem.com\/wp-content\/uploads\/AxonMedia-konferencja-w-Mielcu-1-edited-1024x576.webp\" alt=\"Conferencia Axon Media en Mielec 2024 - Anter System\" class=\"wp-image-4856\" style=\"width:620px;height:auto\" srcset=\"https:\/\/antersystem.com\/wp-content\/uploads\/AxonMedia-konferencja-w-Mielcu-1-edited-1024x576.webp 1024w, https:\/\/antersystem.com\/wp-content\/uploads\/AxonMedia-konferencja-w-Mielcu-1-edited-300x169.webp 300w, https:\/\/antersystem.com\/wp-content\/uploads\/AxonMedia-konferencja-w-Mielcu-1-edited-768x432.webp 768w, https:\/\/antersystem.com\/wp-content\/uploads\/AxonMedia-konferencja-w-Mielcu-1-edited-450x253.webp 450w, https:\/\/antersystem.com\/wp-content\/uploads\/AxonMedia-konferencja-w-Mielcu-1-edited-330x186.webp 330w, https:\/\/antersystem.com\/wp-content\/uploads\/AxonMedia-konferencja-w-Mielcu-1-edited.webp 1115w\" sizes=\"auto, (max-width: 1024px) 100vw, 1024px\" \/><\/figure><\/div>","protected":false},"excerpt":{"rendered":"<p>Buenas Pr\u00e1cticas en Log\u00edstica &#8211; Conferencia T\u00e9cnica Te invitamos a la conferencia gratuita \u00abOptimizaci\u00f3n de los Procesos Intralog\u00edsticos y de Almac\u00e9n\u00bb, dedicada a los cambios din\u00e1micos que se est\u00e1n produciendo en la industria log\u00edstica. El acto tendr\u00e1 lugar el 20 de junio en el Hotel Atena de Mielec. Animamos de todo coraz\u00f3n a todos los [&hellip;]<\/p>\n","protected":false},"author":1,"featured_media":0,"parent":30348,"menu_order":0,"comment_status":"closed","ping_status":"closed","template":"","meta":{"inline_featured_image":false,"ngg_post_thumbnail":0,"footnotes":""},"class_list":["post-39471","page","type-page","status-publish","hentry"],"acf":[],"yoast_head":"<!-- This site is optimized with the Yoast SEO plugin v27.0 - https:\/\/yoast.com\/product\/yoast-seo-wordpress\/ -->\n<title>Conferencias T\u00e9cnicas, Mielec 20.06 - Anter System<\/title>\n<meta name=\"description\" content=\"Buenas Pr\u00e1cticas en Log\u00edstica - Conferencia T\u00e9cnica Te invitamos a la conferencia gratuita &quot;Optimizaci\u00f3n de los Procesos Intralog\u00edsticos y de Almac\u00e9n&quot;,\" \/>\n<meta name=\"robots\" content=\"index, follow, max-snippet:-1, max-image-preview:large, max-video-preview:-1\" \/>\n<link rel=\"canonical\" href=\"https:\/\/antersystem.com\/es\/noticias\/technical-conferences-mielec-20-06\/\" \/>\n<meta property=\"og:locale\" content=\"es_ES\" \/>\n<meta property=\"og:type\" content=\"article\" \/>\n<meta property=\"og:title\" content=\"Conferencias T\u00e9cnicas, Mielec 20.06 - Anter System\" \/>\n<meta property=\"og:description\" content=\"Buenas Pr\u00e1cticas en Log\u00edstica - Conferencia T\u00e9cnica Te invitamos a la conferencia gratuita &quot;Optimizaci\u00f3n de los Procesos Intralog\u00edsticos y de Almac\u00e9n&quot;,\" \/>\n<meta property=\"og:url\" content=\"https:\/\/antersystem.com\/es\/noticias\/technical-conferences-mielec-20-06\/\" \/>\n<meta property=\"og:site_name\" content=\"Anter System\" \/>\n<meta property=\"article:modified_time\" content=\"2026-02-04T12:51:20+00:00\" \/>\n<meta property=\"og:image\" content=\"https:\/\/antersystem.com\/wp-content\/uploads\/AxonMedia-konferencja-w-Mielcu-1-edited-1024x576.webp\" \/>\n<meta name=\"twitter:card\" content=\"summary_large_image\" \/>\n<meta name=\"twitter:label1\" content=\"Tiempo de lectura\" \/>\n\t<meta name=\"twitter:data1\" content=\"2 minutos\" \/>\n<script type=\"application\/ld+json\" class=\"yoast-schema-graph\">{\"@context\":\"https:\/\/schema.org\",\"@graph\":[{\"@type\":\"WebPage\",\"@id\":\"https:\/\/antersystem.com\/es\/noticias\/technical-conferences-mielec-20-06\/\",\"url\":\"https:\/\/antersystem.com\/es\/noticias\/technical-conferences-mielec-20-06\/\",\"name\":\"Conferencias T\u00e9cnicas, Mielec 20.06 - Anter System\",\"isPartOf\":{\"@id\":\"https:\/\/antersystem.com\/es\/#website\"},\"primaryImageOfPage\":{\"@id\":\"https:\/\/antersystem.com\/es\/noticias\/technical-conferences-mielec-20-06\/#primaryimage\"},\"image\":{\"@id\":\"https:\/\/antersystem.com\/es\/noticias\/technical-conferences-mielec-20-06\/#primaryimage\"},\"thumbnailUrl\":\"https:\/\/antersystem.com\/wp-content\/uploads\/AxonMedia-konferencja-w-Mielcu-1-edited-1024x576.webp\",\"datePublished\":\"2024-06-17T13:23:53+00:00\",\"dateModified\":\"2026-02-04T12:51:20+00:00\",\"description\":\"Buenas Pr\u00e1cticas en Log\u00edstica - Conferencia T\u00e9cnica Te invitamos a la conferencia gratuita \\\"Optimizaci\u00f3n de los Procesos Intralog\u00edsticos y de Almac\u00e9n\\\",\",\"breadcrumb\":{\"@id\":\"https:\/\/antersystem.com\/es\/noticias\/technical-conferences-mielec-20-06\/#breadcrumb\"},\"inLanguage\":\"es\",\"potentialAction\":[{\"@type\":\"ReadAction\",\"target\":[\"https:\/\/antersystem.com\/es\/noticias\/technical-conferences-mielec-20-06\/\"]}]},{\"@type\":\"ImageObject\",\"inLanguage\":\"es\",\"@id\":\"https:\/\/antersystem.com\/es\/noticias\/technical-conferences-mielec-20-06\/#primaryimage\",\"url\":\"https:\/\/antersystem.com\/wp-content\/uploads\/AxonMedia-konferencja-w-Mielcu-1-edited-1024x576.webp\",\"contentUrl\":\"https:\/\/antersystem.com\/wp-content\/uploads\/AxonMedia-konferencja-w-Mielcu-1-edited-1024x576.webp\"},{\"@type\":\"BreadcrumbList\",\"@id\":\"https:\/\/antersystem.com\/es\/noticias\/technical-conferences-mielec-20-06\/#breadcrumb\",\"itemListElement\":[{\"@type\":\"ListItem\",\"position\":1,\"name\":\"AnterSystem\",\"item\":\"https:\/\/antersystem.com\/es\/\"},{\"@type\":\"ListItem\",\"position\":2,\"name\":\"Noticias\",\"item\":\"https:\/\/antersystem.com\/es\/noticias\/\"},{\"@type\":\"ListItem\",\"position\":3,\"name\":\"Conferencias T\u00e9cnicas, Mielec 20.06\"}]},{\"@type\":\"WebSite\",\"@id\":\"https:\/\/antersystem.com\/es\/#website\",\"url\":\"https:\/\/antersystem.com\/es\/\",\"name\":\"Anter System\",\"description\":\"Jeste\u015bmy polskim producentem elastycznych barier ochronnych wykonywanych z polimerowych tworzyw sztucznych. Na rynku krajowym i zagranicznym dzia\u0142amy od ponad 15 lat dbaj\u0105c o zapewnienie bezpiecze\u0144stwa w zak\u0142adach produkcyjnych, magazynach oraz centrach logistycznych.\",\"potentialAction\":[{\"@type\":\"SearchAction\",\"target\":{\"@type\":\"EntryPoint\",\"urlTemplate\":\"https:\/\/antersystem.com\/es\/?s={search_term_string}\"},\"query-input\":{\"@type\":\"PropertyValueSpecification\",\"valueRequired\":true,\"valueName\":\"search_term_string\"}}],\"inLanguage\":\"es\"}]}<\/script>\n<!-- \/ Yoast SEO plugin. -->","yoast_head_json":{"title":"Conferencias T\u00e9cnicas, Mielec 20.06 - Anter System","description":"Buenas Pr\u00e1cticas en Log\u00edstica - Conferencia T\u00e9cnica Te invitamos a la conferencia gratuita \"Optimizaci\u00f3n de los Procesos Intralog\u00edsticos y de Almac\u00e9n\",","robots":{"index":"index","follow":"follow","max-snippet":"max-snippet:-1","max-image-preview":"max-image-preview:large","max-video-preview":"max-video-preview:-1"},"canonical":"https:\/\/antersystem.com\/es\/noticias\/technical-conferences-mielec-20-06\/","og_locale":"es_ES","og_type":"article","og_title":"Conferencias T\u00e9cnicas, Mielec 20.06 - Anter System","og_description":"Buenas Pr\u00e1cticas en Log\u00edstica - Conferencia T\u00e9cnica Te invitamos a la conferencia gratuita \"Optimizaci\u00f3n de los Procesos Intralog\u00edsticos y de Almac\u00e9n\",","og_url":"https:\/\/antersystem.com\/es\/noticias\/technical-conferences-mielec-20-06\/","og_site_name":"Anter System","article_modified_time":"2026-02-04T12:51:20+00:00","og_image":[{"url":"https:\/\/antersystem.com\/wp-content\/uploads\/AxonMedia-konferencja-w-Mielcu-1-edited-1024x576.webp","type":"","width":"","height":""}],"twitter_card":"summary_large_image","twitter_misc":{"Tiempo de lectura":"2 minutos"},"schema":{"@context":"https:\/\/schema.org","@graph":[{"@type":"WebPage","@id":"https:\/\/antersystem.com\/es\/noticias\/technical-conferences-mielec-20-06\/","url":"https:\/\/antersystem.com\/es\/noticias\/technical-conferences-mielec-20-06\/","name":"Conferencias T\u00e9cnicas, Mielec 20.06 - Anter System","isPartOf":{"@id":"https:\/\/antersystem.com\/es\/#website"},"primaryImageOfPage":{"@id":"https:\/\/antersystem.com\/es\/noticias\/technical-conferences-mielec-20-06\/#primaryimage"},"image":{"@id":"https:\/\/antersystem.com\/es\/noticias\/technical-conferences-mielec-20-06\/#primaryimage"},"thumbnailUrl":"https:\/\/antersystem.com\/wp-content\/uploads\/AxonMedia-konferencja-w-Mielcu-1-edited-1024x576.webp","datePublished":"2024-06-17T13:23:53+00:00","dateModified":"2026-02-04T12:51:20+00:00","description":"Buenas Pr\u00e1cticas en Log\u00edstica - Conferencia T\u00e9cnica Te invitamos a la conferencia gratuita \"Optimizaci\u00f3n de los Procesos Intralog\u00edsticos y de Almac\u00e9n\",","breadcrumb":{"@id":"https:\/\/antersystem.com\/es\/noticias\/technical-conferences-mielec-20-06\/#breadcrumb"},"inLanguage":"es","potentialAction":[{"@type":"ReadAction","target":["https:\/\/antersystem.com\/es\/noticias\/technical-conferences-mielec-20-06\/"]}]},{"@type":"ImageObject","inLanguage":"es","@id":"https:\/\/antersystem.com\/es\/noticias\/technical-conferences-mielec-20-06\/#primaryimage","url":"https:\/\/antersystem.com\/wp-content\/uploads\/AxonMedia-konferencja-w-Mielcu-1-edited-1024x576.webp","contentUrl":"https:\/\/antersystem.com\/wp-content\/uploads\/AxonMedia-konferencja-w-Mielcu-1-edited-1024x576.webp"},{"@type":"BreadcrumbList","@id":"https:\/\/antersystem.com\/es\/noticias\/technical-conferences-mielec-20-06\/#breadcrumb","itemListElement":[{"@type":"ListItem","position":1,"name":"AnterSystem","item":"https:\/\/antersystem.com\/es\/"},{"@type":"ListItem","position":2,"name":"Noticias","item":"https:\/\/antersystem.com\/es\/noticias\/"},{"@type":"ListItem","position":3,"name":"Conferencias T\u00e9cnicas, Mielec 20.06"}]},{"@type":"WebSite","@id":"https:\/\/antersystem.com\/es\/#website","url":"https:\/\/antersystem.com\/es\/","name":"Anter System","description":"Jeste\u015bmy polskim producentem elastycznych barier ochronnych wykonywanych z polimerowych tworzyw sztucznych. Na rynku krajowym i zagranicznym dzia\u0142amy od ponad 15 lat dbaj\u0105c o zapewnienie bezpiecze\u0144stwa w zak\u0142adach produkcyjnych, magazynach oraz centrach logistycznych.","potentialAction":[{"@type":"SearchAction","target":{"@type":"EntryPoint","urlTemplate":"https:\/\/antersystem.com\/es\/?s={search_term_string}"},"query-input":{"@type":"PropertyValueSpecification","valueRequired":true,"valueName":"search_term_string"}}],"inLanguage":"es"}]}},"_links":{"self":[{"href":"https:\/\/antersystem.com\/es\/wp-json\/wp\/v2\/pages\/39471","targetHints":{"allow":["GET"]}}],"collection":[{"href":"https:\/\/antersystem.com\/es\/wp-json\/wp\/v2\/pages"}],"about":[{"href":"https:\/\/antersystem.com\/es\/wp-json\/wp\/v2\/types\/page"}],"author":[{"embeddable":true,"href":"https:\/\/antersystem.com\/es\/wp-json\/wp\/v2\/users\/1"}],"replies":[{"embeddable":true,"href":"https:\/\/antersystem.com\/es\/wp-json\/wp\/v2\/comments?post=39471"}],"version-history":[{"count":1,"href":"https:\/\/antersystem.com\/es\/wp-json\/wp\/v2\/pages\/39471\/revisions"}],"predecessor-version":[{"id":39473,"href":"https:\/\/antersystem.com\/es\/wp-json\/wp\/v2\/pages\/39471\/revisions\/39473"}],"up":[{"embeddable":true,"href":"https:\/\/antersystem.com\/es\/wp-json\/wp\/v2\/pages\/30348"}],"wp:attachment":[{"href":"https:\/\/antersystem.com\/es\/wp-json\/wp\/v2\/media?parent=39471"}],"curies":[{"name":"wp","href":"https:\/\/api.w.org\/{rel}","templated":true}]}}