{"id":39573,"date":"2024-03-01T14:25:26","date_gmt":"2024-03-01T13:25:26","guid":{"rendered":"https:\/\/antersystem.com\/noticias\/technical-conferences-2024\/"},"modified":"2026-02-04T14:04:37","modified_gmt":"2026-02-04T13:04:37","slug":"technical-conferences-2024","status":"publish","type":"page","link":"https:\/\/antersystem.com\/es\/noticias\/technical-conferences-2024\/","title":{"rendered":"Conferencias T\u00e9cnicas"},"content":{"rendered":"\n<div class=\"wp-block-columns is-layout-flex wp-container-core-columns-is-layout-9d6595d7 wp-block-columns-is-layout-flex\">\n  \n  <div class=\"wp-block-column is-layout-flow wp-block-column-is-layout-flow\" style=\"flex-basis:10%\"><\/div>\n  \n\n  \n  <div class=\"wp-block-column is-layout-flow wp-block-column-is-layout-flow\">\n    \n    <h3 class=\"wp-block-heading\">Invitaci\u00f3n a la conferencia organizada por Axon Media<\/h3>\n    \n\n    \n    <p>Otra invitaci\u00f3n de <strong>Axon Media<\/strong>, una organizaci\u00f3n que apoya activamente a la industria log\u00edstica en su desarrollo. La red nacional de conferencias ofrece una valiosa oportunidad para establecer conexiones comerciales, intercambiar experiencias, recabar opiniones sobre los productos y presentarlos a un p\u00fablico profesional m\u00e1s amplio. <\/p>\n    \n\n    \n    <p>Cada sector de la econom\u00eda tiene sus propias necesidades espec\u00edficas de producci\u00f3n y almacenamiento. Los retos a los que te enfrentas en tus operaciones diarias, combinados con nuestra experiencia en el equipamiento de diversos entornos industriales, dan lugar a <a href=\"https:\/\/antersystem.com\/realizacje\/\">soluciones que pretendemos aportar a la industria<\/a>. Puedes reunirte con nosotros el <strong>14 de marzo<\/strong> en <strong>el Hotel Dworek Tryumf<\/strong>, ul. Klepacka 1, Ksi\u0119\u017cyno (Bia\u0142ystok), donde presentaremos nuestras <a href=\"https:\/\/antersystem.com\/kategorie_produktow\/bariery-ochronne\/\">barreras de seguridad flexibles<\/a>, dise\u00f1adas para proteger a las personas, las estructuras y la maquinaria en zonas con mayor riesgo de colisi\u00f3n.   <\/p>\n    \n\n    \n    <p>La conferencia titulada <em>\u00abOptimizaci\u00f3n de los Procesos Intralog\u00edsticos y de Almac\u00e9n\u00bb<\/em> abarcar\u00e1 una amplia gama de temas: desde veh\u00edculos y sistemas de transporte interno hasta RFID y tecnolog\u00edas de identificaci\u00f3n inal\u00e1mbrica. La seguridad e higiene en el trabajo (SST) en almacenes y naves de producci\u00f3n tambi\u00e9n desempe\u00f1ar\u00e1 un papel importante en las ponencias de los expertos durante el evento. <\/p>\n    \n\n    \n    <p><strong>Cu\u00e1ndo:<\/strong> 14 de marzo (jueves) | 8:00 AM &#8211; 3:30 PM | <strong><a href=\"https:\/\/www.axonmedia.pl\/konferencje\/program\/intralogistyka-magazynowanie-2024-bialystok\/\">Programa<\/a><\/strong><\/p>\n    \n\n    \n    <p><strong>D\u00f3nde:<\/strong> Hotel Dworek Tryumf, ul. Klepacka 1, Ksi\u0119\u017cyno (Bia\u0142ystok) | aparcamiento gratuito <\/p>\n    \n\n    \n    <p><strong>La participaci\u00f3n es gratuita<\/strong><\/p>\n    \n\n    \n    <p>Como socios del evento, \u00a1te invitamos cordialmente a unirte a nosotros!<\/p>\n    \n\n    \n    <p><strong>#ConferenciasT\u00e9cnicas #AxonMedia #Intralog\u00edstica #Almacenamiento<\/strong><\/p>\n    \n  <\/div>\n  \n\n  \n  <div class=\"wp-block-column is-layout-flow wp-block-column-is-layout-flow\" style=\"flex-basis:10%\"><\/div>\n  \n<\/div>\n<div class=\"wp-block-image\">\n<figure class=\"aligncenter size-large is-resized\"><img loading=\"lazy\" decoding=\"async\" width=\"1024\" height=\"535\" src=\"https:\/\/antersystem.com\/wp-content\/uploads\/Axon-Media-Bialystok-2024_zaproszenie-od-Anter-System-1024x535.jpg\" alt=\"Invitaci&#xF3;n Axon Media Bia&#x142;ystok 2024 de Anter System\" class=\"wp-image-4284\" style=\"width:720px;height:auto\" srcset=\"https:\/\/antersystem.com\/wp-content\/uploads\/Axon-Media-Bialystok-2024_zaproszenie-od-Anter-System-1024x535.jpg 1024w, https:\/\/antersystem.com\/wp-content\/uploads\/Axon-Media-Bialystok-2024_zaproszenie-od-Anter-System-300x157.jpg 300w, https:\/\/antersystem.com\/wp-content\/uploads\/Axon-Media-Bialystok-2024_zaproszenie-od-Anter-System-768x401.jpg 768w, https:\/\/antersystem.com\/wp-content\/uploads\/Axon-Media-Bialystok-2024_zaproszenie-od-Anter-System-450x235.jpg 450w, https:\/\/antersystem.com\/wp-content\/uploads\/Axon-Media-Bialystok-2024_zaproszenie-od-Anter-System-330x172.jpg 330w, https:\/\/antersystem.com\/wp-content\/uploads\/Axon-Media-Bialystok-2024_zaproszenie-od-Anter-System.jpg 1200w\" sizes=\"auto, (max-width: 1024px) 100vw, 1024px\" \/><\/figure><\/div>","protected":false},"excerpt":{"rendered":"<p>Invitaci\u00f3n a la conferencia organizada por Axon Media Otra invitaci\u00f3n de Axon Media, una organizaci\u00f3n que apoya activamente a la industria log\u00edstica en su desarrollo. La red nacional de conferencias ofrece una valiosa oportunidad para establecer conexiones comerciales, intercambiar experiencias, recabar opiniones sobre los productos y presentarlos a un p\u00fablico profesional m\u00e1s amplio. Cada sector [&hellip;]<\/p>\n","protected":false},"author":1,"featured_media":0,"parent":30348,"menu_order":0,"comment_status":"closed","ping_status":"closed","template":"","meta":{"inline_featured_image":false,"ngg_post_thumbnail":0,"footnotes":""},"class_list":["post-39573","page","type-page","status-publish","hentry"],"acf":[],"yoast_head":"<!-- This site is optimized with the Yoast SEO plugin v27.0 - https:\/\/yoast.com\/product\/yoast-seo-wordpress\/ -->\n<title>Conferencias T\u00e9cnicas - Anter System<\/title>\n<meta name=\"description\" content=\"Trabaja con AxonMedia, una empresa dedicada a la log\u00edstica empresarial. Ver conferencia en Polonia\" \/>\n<meta name=\"robots\" content=\"index, follow, max-snippet:-1, max-image-preview:large, max-video-preview:-1\" \/>\n<link rel=\"canonical\" href=\"https:\/\/antersystem.com\/es\/noticias\/technical-conferences-2024\/\" \/>\n<meta property=\"og:locale\" content=\"es_ES\" \/>\n<meta property=\"og:type\" content=\"article\" \/>\n<meta property=\"og:title\" content=\"Conferencias T\u00e9cnicas - Anter System\" \/>\n<meta property=\"og:description\" content=\"Trabaja con AxonMedia, una empresa dedicada a la log\u00edstica empresarial. Ver conferencia en Polonia\" \/>\n<meta property=\"og:url\" content=\"https:\/\/antersystem.com\/es\/noticias\/technical-conferences-2024\/\" \/>\n<meta property=\"og:site_name\" content=\"Anter System\" \/>\n<meta property=\"article:modified_time\" content=\"2026-02-04T13:04:37+00:00\" \/>\n<meta property=\"og:image\" content=\"https:\/\/antersystem.com\/wp-content\/uploads\/Axon-Media-Bialystok-2024_zaproszenie-od-Anter-System-1024x535.jpg\" \/>\n<meta name=\"twitter:card\" content=\"summary_large_image\" \/>\n<meta name=\"twitter:label1\" content=\"Tiempo de lectura\" \/>\n\t<meta name=\"twitter:data1\" content=\"1 minuto\" \/>\n<script type=\"application\/ld+json\" class=\"yoast-schema-graph\">{\"@context\":\"https:\/\/schema.org\",\"@graph\":[{\"@type\":\"WebPage\",\"@id\":\"https:\/\/antersystem.com\/es\/noticias\/technical-conferences-2024\/\",\"url\":\"https:\/\/antersystem.com\/es\/noticias\/technical-conferences-2024\/\",\"name\":\"Conferencias T\u00e9cnicas - Anter System\",\"isPartOf\":{\"@id\":\"https:\/\/antersystem.com\/es\/#website\"},\"primaryImageOfPage\":{\"@id\":\"https:\/\/antersystem.com\/es\/noticias\/technical-conferences-2024\/#primaryimage\"},\"image\":{\"@id\":\"https:\/\/antersystem.com\/es\/noticias\/technical-conferences-2024\/#primaryimage\"},\"thumbnailUrl\":\"https:\/\/antersystem.com\/wp-content\/uploads\/Axon-Media-Bialystok-2024_zaproszenie-od-Anter-System-1024x535.jpg\",\"datePublished\":\"2024-03-01T13:25:26+00:00\",\"dateModified\":\"2026-02-04T13:04:37+00:00\",\"description\":\"Trabaja con AxonMedia, una empresa dedicada a la log\u00edstica empresarial. Ver conferencia en Polonia\",\"breadcrumb\":{\"@id\":\"https:\/\/antersystem.com\/es\/noticias\/technical-conferences-2024\/#breadcrumb\"},\"inLanguage\":\"es\",\"potentialAction\":[{\"@type\":\"ReadAction\",\"target\":[\"https:\/\/antersystem.com\/es\/noticias\/technical-conferences-2024\/\"]}]},{\"@type\":\"ImageObject\",\"inLanguage\":\"es\",\"@id\":\"https:\/\/antersystem.com\/es\/noticias\/technical-conferences-2024\/#primaryimage\",\"url\":\"https:\/\/antersystem.com\/wp-content\/uploads\/Axon-Media-Bialystok-2024_zaproszenie-od-Anter-System-1024x535.jpg\",\"contentUrl\":\"https:\/\/antersystem.com\/wp-content\/uploads\/Axon-Media-Bialystok-2024_zaproszenie-od-Anter-System-1024x535.jpg\"},{\"@type\":\"BreadcrumbList\",\"@id\":\"https:\/\/antersystem.com\/es\/noticias\/technical-conferences-2024\/#breadcrumb\",\"itemListElement\":[{\"@type\":\"ListItem\",\"position\":1,\"name\":\"AnterSystem\",\"item\":\"https:\/\/antersystem.com\/es\/\"},{\"@type\":\"ListItem\",\"position\":2,\"name\":\"Noticias\",\"item\":\"https:\/\/antersystem.com\/es\/noticias\/\"},{\"@type\":\"ListItem\",\"position\":3,\"name\":\"Conferencias T\u00e9cnicas\"}]},{\"@type\":\"WebSite\",\"@id\":\"https:\/\/antersystem.com\/es\/#website\",\"url\":\"https:\/\/antersystem.com\/es\/\",\"name\":\"Anter System\",\"description\":\"Jeste\u015bmy polskim producentem elastycznych barier ochronnych wykonywanych z polimerowych tworzyw sztucznych. Na rynku krajowym i zagranicznym dzia\u0142amy od ponad 15 lat dbaj\u0105c o zapewnienie bezpiecze\u0144stwa w zak\u0142adach produkcyjnych, magazynach oraz centrach logistycznych.\",\"potentialAction\":[{\"@type\":\"SearchAction\",\"target\":{\"@type\":\"EntryPoint\",\"urlTemplate\":\"https:\/\/antersystem.com\/es\/?s={search_term_string}\"},\"query-input\":{\"@type\":\"PropertyValueSpecification\",\"valueRequired\":true,\"valueName\":\"search_term_string\"}}],\"inLanguage\":\"es\"}]}<\/script>\n<!-- \/ Yoast SEO plugin. -->","yoast_head_json":{"title":"Conferencias T\u00e9cnicas - Anter System","description":"Trabaja con AxonMedia, una empresa dedicada a la log\u00edstica empresarial. Ver conferencia en Polonia","robots":{"index":"index","follow":"follow","max-snippet":"max-snippet:-1","max-image-preview":"max-image-preview:large","max-video-preview":"max-video-preview:-1"},"canonical":"https:\/\/antersystem.com\/es\/noticias\/technical-conferences-2024\/","og_locale":"es_ES","og_type":"article","og_title":"Conferencias T\u00e9cnicas - Anter System","og_description":"Trabaja con AxonMedia, una empresa dedicada a la log\u00edstica empresarial. Ver conferencia en Polonia","og_url":"https:\/\/antersystem.com\/es\/noticias\/technical-conferences-2024\/","og_site_name":"Anter System","article_modified_time":"2026-02-04T13:04:37+00:00","og_image":[{"url":"https:\/\/antersystem.com\/wp-content\/uploads\/Axon-Media-Bialystok-2024_zaproszenie-od-Anter-System-1024x535.jpg","type":"","width":"","height":""}],"twitter_card":"summary_large_image","twitter_misc":{"Tiempo de lectura":"1 minuto"},"schema":{"@context":"https:\/\/schema.org","@graph":[{"@type":"WebPage","@id":"https:\/\/antersystem.com\/es\/noticias\/technical-conferences-2024\/","url":"https:\/\/antersystem.com\/es\/noticias\/technical-conferences-2024\/","name":"Conferencias T\u00e9cnicas - Anter System","isPartOf":{"@id":"https:\/\/antersystem.com\/es\/#website"},"primaryImageOfPage":{"@id":"https:\/\/antersystem.com\/es\/noticias\/technical-conferences-2024\/#primaryimage"},"image":{"@id":"https:\/\/antersystem.com\/es\/noticias\/technical-conferences-2024\/#primaryimage"},"thumbnailUrl":"https:\/\/antersystem.com\/wp-content\/uploads\/Axon-Media-Bialystok-2024_zaproszenie-od-Anter-System-1024x535.jpg","datePublished":"2024-03-01T13:25:26+00:00","dateModified":"2026-02-04T13:04:37+00:00","description":"Trabaja con AxonMedia, una empresa dedicada a la log\u00edstica empresarial. Ver conferencia en Polonia","breadcrumb":{"@id":"https:\/\/antersystem.com\/es\/noticias\/technical-conferences-2024\/#breadcrumb"},"inLanguage":"es","potentialAction":[{"@type":"ReadAction","target":["https:\/\/antersystem.com\/es\/noticias\/technical-conferences-2024\/"]}]},{"@type":"ImageObject","inLanguage":"es","@id":"https:\/\/antersystem.com\/es\/noticias\/technical-conferences-2024\/#primaryimage","url":"https:\/\/antersystem.com\/wp-content\/uploads\/Axon-Media-Bialystok-2024_zaproszenie-od-Anter-System-1024x535.jpg","contentUrl":"https:\/\/antersystem.com\/wp-content\/uploads\/Axon-Media-Bialystok-2024_zaproszenie-od-Anter-System-1024x535.jpg"},{"@type":"BreadcrumbList","@id":"https:\/\/antersystem.com\/es\/noticias\/technical-conferences-2024\/#breadcrumb","itemListElement":[{"@type":"ListItem","position":1,"name":"AnterSystem","item":"https:\/\/antersystem.com\/es\/"},{"@type":"ListItem","position":2,"name":"Noticias","item":"https:\/\/antersystem.com\/es\/noticias\/"},{"@type":"ListItem","position":3,"name":"Conferencias T\u00e9cnicas"}]},{"@type":"WebSite","@id":"https:\/\/antersystem.com\/es\/#website","url":"https:\/\/antersystem.com\/es\/","name":"Anter System","description":"Jeste\u015bmy polskim producentem elastycznych barier ochronnych wykonywanych z polimerowych tworzyw sztucznych. Na rynku krajowym i zagranicznym dzia\u0142amy od ponad 15 lat dbaj\u0105c o zapewnienie bezpiecze\u0144stwa w zak\u0142adach produkcyjnych, magazynach oraz centrach logistycznych.","potentialAction":[{"@type":"SearchAction","target":{"@type":"EntryPoint","urlTemplate":"https:\/\/antersystem.com\/es\/?s={search_term_string}"},"query-input":{"@type":"PropertyValueSpecification","valueRequired":true,"valueName":"search_term_string"}}],"inLanguage":"es"}]}},"_links":{"self":[{"href":"https:\/\/antersystem.com\/es\/wp-json\/wp\/v2\/pages\/39573","targetHints":{"allow":["GET"]}}],"collection":[{"href":"https:\/\/antersystem.com\/es\/wp-json\/wp\/v2\/pages"}],"about":[{"href":"https:\/\/antersystem.com\/es\/wp-json\/wp\/v2\/types\/page"}],"author":[{"embeddable":true,"href":"https:\/\/antersystem.com\/es\/wp-json\/wp\/v2\/users\/1"}],"replies":[{"embeddable":true,"href":"https:\/\/antersystem.com\/es\/wp-json\/wp\/v2\/comments?post=39573"}],"version-history":[{"count":1,"href":"https:\/\/antersystem.com\/es\/wp-json\/wp\/v2\/pages\/39573\/revisions"}],"predecessor-version":[{"id":39576,"href":"https:\/\/antersystem.com\/es\/wp-json\/wp\/v2\/pages\/39573\/revisions\/39576"}],"up":[{"embeddable":true,"href":"https:\/\/antersystem.com\/es\/wp-json\/wp\/v2\/pages\/30348"}],"wp:attachment":[{"href":"https:\/\/antersystem.com\/es\/wp-json\/wp\/v2\/media?parent=39573"}],"curies":[{"name":"wp","href":"https:\/\/api.w.org\/{rel}","templated":true}]}}