{"id":39577,"date":"2023-10-12T09:31:59","date_gmt":"2023-10-12T07:31:59","guid":{"rendered":"https:\/\/antersystem.com\/noticias\/polymer-safety-barriers\/"},"modified":"2026-02-04T14:04:37","modified_gmt":"2026-02-04T13:04:37","slug":"polymer-safety-barriers","status":"publish","type":"page","link":"https:\/\/antersystem.com\/es\/noticias\/polymer-safety-barriers\/","title":{"rendered":"Barreras de seguridad de pol\u00edmero"},"content":{"rendered":"\n<div class=\"wp-block-columns is-layout-flex wp-container-core-columns-is-layout-9d6595d7 wp-block-columns-is-layout-flex\">\n<div class=\"wp-block-column is-layout-flow wp-block-column-is-layout-flow\" style=\"flex-basis:10%\"><\/div>\n\n<div class=\"wp-block-columns is-layout-flex wp-container-core-columns-is-layout-9d6595d7 wp-block-columns-is-layout-flex\">\n<div class=\"wp-block-column is-layout-flow wp-block-column-is-layout-flow\" style=\"flex-basis:10%\"><\/div>\n\n\n\n<div class=\"wp-block-column is-layout-flow wp-block-column-is-layout-flow\">\n<h2 class=\"wp-block-heading\">Barreras de seguridad de pol\u00edmero o de acero: \u00bfcu\u00e1l elegir?<\/h2>\n\n\n\n<p>Garantizar la seguridad de los empleados y proteger los equipos y la maquinaria son prioridades absolutas para quienes gestionan <a href=\"https:\/\/antersystem.com\/co-zabezpieczamy\/hale-magazynowe\/\">almacenes<\/a> o <a href=\"https:\/\/antersystem.com\/co-zabezpieczamy\/hale-produkcyjne\/\">instalaciones de producci\u00f3n<\/a>. La salud y la vida humanas no tienen precio, as\u00ed que al elegir soluciones de seguridad, no hay lugar para medias tintas ni compromisos. Uno de los elementos de protecci\u00f3n m\u00e1s utilizados y vers\u00e1tiles, tanto para aplicaciones interiores como exteriores, son las barreras de seguridad. A continuaci\u00f3n te explicamos c\u00f3mo elegir las adecuadas para tus instalaciones.   <\/p>\n\n\n\n<h3 class=\"wp-block-heading\">\u00bfQu\u00e9 son las barreras de seguridad industrial (tambi\u00e9n llamadas protecciones o parachoques)?<\/h3>\n\n\n\n<p>Las barreras de seguridad, com\u00fanmente denominadas parachoques o resguardos, est\u00e1n dise\u00f1adas para proteger rutas peatonales, estanter\u00edas de almacenamiento, robots, puestos de trabajo y otras zonas cr\u00edticas. Se utilizan siempre que la maquinaria, las personas y los veh\u00edculos se mueven en estrecha proximidad. Existen en el mercado variantes de acero, pl\u00e1stico, goma y madera, cada una con sus propias ventajas. Sin embargo, debido a su durabilidad y amplia gama de aplicaciones, las barreras de acero y pol\u00edmero son las opciones m\u00e1s populares.   <\/p>\n\n\n\n<h3 class=\"wp-block-heading\">Ventajas y aplicaciones de las barreras de seguridad polim\u00e9ricas<\/h3>\n\n\n\n<p>En la producci\u00f3n de <a href=\"https:\/\/antersystem.pl\/pl\/bariery\/178-bariera-podlogowa-de.html\">barreras de seguridad polim\u00e9ricas<\/a>, se utilizan los pol\u00edmeros de alto rendimiento m\u00e1s duraderos para garantizar una absorci\u00f3n eficaz de los impactos. Al mismo tiempo, estas barreras son mucho m\u00e1s ligeras que las tradicionales de acero. Gracias a su flexibilidad, pueden soportar m\u00faltiples impactos fuertes sin deformarse. Conservan su color -a diferencia del acero- y no requieren repintado ni mantenimiento. Tambi\u00e9n son resistentes a la corrosi\u00f3n y reducen el riesgo de da\u00f1os al suelo en los puntos de montaje.    <\/p>\n\n\n\n<p>Las barreras de pol\u00edmero son resistentes a las condiciones meteorol\u00f3gicas, incluidos los rayos UV y las heladas, lo que las hace adecuadas para su instalaci\u00f3n tanto en interiores como en exteriores. Funcionan perfectamente en zonas como aparcamientos, patios, rampas de carga y cualquier otra zona que requiera protecci\u00f3n del tr\u00e1fico o de los equipos. Tambi\u00e9n son ideales para almacenes -por ejemplo, para proteger estanter\u00edas de almacenamiento o zonas de estanter\u00edas altas-, as\u00ed como en instalaciones de producci\u00f3n para asegurar m\u00e1quinas y puestos de trabajo.  <\/p>\n\n\n\n<p>Gracias a su dise\u00f1o modular, las barreras de pol\u00edmero pueden ampliarse, reorganizarse o reubicarse f\u00e1cilmente a medida que cambian las necesidades operativas.<\/p>\n\n\n\n<h3 class=\"wp-block-heading\">Fabricante polaco de sistemas de protecci\u00f3n industrial<\/h3>\n\n\n\n<p>Independientemente de la soluci\u00f3n elegida, merece la pena confiar en fabricantes acreditados y de buena reputaci\u00f3n. Anter System ofrece una de las m\u00e1s amplias selecciones de barreras de seguridad certificadas, de alta calidad y modernas. La gama de productos de la empresa tambi\u00e9n incluye soportes para remolques, reconocidos en concursos por su innovaci\u00f3n y sus ventajas econ\u00f3micas y medioambientales. El amplio cat\u00e1logo permite adaptar con precisi\u00f3n los sistemas de protecci\u00f3n a las necesidades espec\u00edficas de cada almac\u00e9n, nave de producci\u00f3n o zona de aparcamiento.   <\/p>\n\n\n\n<p>Como fabricante con muchos a\u00f1os de experiencia y un profundo conocimiento de los retos de la seguridad en el lugar de trabajo, Anter System proporciona asesoramiento experto para seleccionar soluciones que se adapten perfectamente a tus requisitos individuales.<\/p>\n\n\n\n<p>&nbsp;<\/p>\n<p>&nbsp;<\/p>\n<\/div>\n\n\n\n<div class=\"wp-block-column is-layout-flow wp-block-column-is-layout-flow\" style=\"flex-basis:10%\"><\/div>\n<\/div>\n","protected":false},"excerpt":{"rendered":"<p>Barreras de seguridad de pol\u00edmero o de acero: \u00bfcu\u00e1l elegir? Garantizar la seguridad de los empleados y proteger los equipos y la maquinaria son prioridades absolutas para quienes gestionan almacenes o instalaciones de producci\u00f3n. La salud y la vida humanas no tienen precio, as\u00ed que al elegir soluciones de seguridad, no hay lugar para medias [&hellip;]<\/p>\n","protected":false},"author":1,"featured_media":0,"parent":30348,"menu_order":0,"comment_status":"closed","ping_status":"closed","template":"","meta":{"inline_featured_image":false,"ngg_post_thumbnail":0,"footnotes":""},"class_list":["post-39577","page","type-page","status-publish","hentry"],"acf":[],"yoast_head":"<!-- This site is optimized with the Yoast SEO plugin v27.0 - https:\/\/yoast.com\/product\/yoast-seo-wordpress\/ -->\n<title>Barreras de seguridad de pol\u00edmero - Anter System<\/title>\n<meta name=\"description\" content=\"Bez wzgl\u0119du na typ wybranego zabezpieczenia, warto polega\u0107 na asortymencie od czo\u0142owych producent\u00f3w. Anter System ofrece productos de alta calidad, s\u00f3lidos y de alta calidad.\" \/>\n<meta name=\"robots\" content=\"index, follow, max-snippet:-1, max-image-preview:large, max-video-preview:-1\" \/>\n<link rel=\"canonical\" href=\"https:\/\/antersystem.com\/es\/noticias\/polymer-safety-barriers\/\" \/>\n<meta property=\"og:locale\" content=\"es_ES\" \/>\n<meta property=\"og:type\" content=\"article\" \/>\n<meta property=\"og:title\" content=\"Barreras de seguridad de pol\u00edmero - Anter System\" \/>\n<meta property=\"og:description\" content=\"Bez wzgl\u0119du na typ wybranego zabezpieczenia, warto polega\u0107 na asortymencie od czo\u0142owych producent\u00f3w. Anter System ofrece productos de alta calidad, s\u00f3lidos y de alta calidad.\" \/>\n<meta property=\"og:url\" content=\"https:\/\/antersystem.com\/es\/noticias\/polymer-safety-barriers\/\" \/>\n<meta property=\"og:site_name\" content=\"Anter System\" \/>\n<meta property=\"article:modified_time\" content=\"2026-02-04T13:04:37+00:00\" \/>\n<meta name=\"twitter:card\" content=\"summary_large_image\" \/>\n<meta name=\"twitter:label1\" content=\"Tiempo de lectura\" \/>\n\t<meta name=\"twitter:data1\" content=\"3 minutos\" \/>\n<script type=\"application\/ld+json\" class=\"yoast-schema-graph\">{\"@context\":\"https:\/\/schema.org\",\"@graph\":[{\"@type\":\"WebPage\",\"@id\":\"https:\/\/antersystem.com\/es\/noticias\/polymer-safety-barriers\/\",\"url\":\"https:\/\/antersystem.com\/es\/noticias\/polymer-safety-barriers\/\",\"name\":\"Barreras de seguridad de pol\u00edmero - Anter System\",\"isPartOf\":{\"@id\":\"https:\/\/antersystem.com\/es\/#website\"},\"datePublished\":\"2023-10-12T07:31:59+00:00\",\"dateModified\":\"2026-02-04T13:04:37+00:00\",\"description\":\"Bez wzgl\u0119du na typ wybranego zabezpieczenia, warto polega\u0107 na asortymencie od czo\u0142owych producent\u00f3w. Anter System ofrece productos de alta calidad, s\u00f3lidos y de alta calidad.\",\"breadcrumb\":{\"@id\":\"https:\/\/antersystem.com\/es\/noticias\/polymer-safety-barriers\/#breadcrumb\"},\"inLanguage\":\"es\",\"potentialAction\":[{\"@type\":\"ReadAction\",\"target\":[\"https:\/\/antersystem.com\/es\/noticias\/polymer-safety-barriers\/\"]}]},{\"@type\":\"BreadcrumbList\",\"@id\":\"https:\/\/antersystem.com\/es\/noticias\/polymer-safety-barriers\/#breadcrumb\",\"itemListElement\":[{\"@type\":\"ListItem\",\"position\":1,\"name\":\"AnterSystem\",\"item\":\"https:\/\/antersystem.com\/es\/\"},{\"@type\":\"ListItem\",\"position\":2,\"name\":\"Noticias\",\"item\":\"https:\/\/antersystem.com\/es\/noticias\/\"},{\"@type\":\"ListItem\",\"position\":3,\"name\":\"Barreras de seguridad de pol\u00edmero\"}]},{\"@type\":\"WebSite\",\"@id\":\"https:\/\/antersystem.com\/es\/#website\",\"url\":\"https:\/\/antersystem.com\/es\/\",\"name\":\"Anter System\",\"description\":\"Jeste\u015bmy polskim producentem elastycznych barier ochronnych wykonywanych z polimerowych tworzyw sztucznych. Na rynku krajowym i zagranicznym dzia\u0142amy od ponad 15 lat dbaj\u0105c o zapewnienie bezpiecze\u0144stwa w zak\u0142adach produkcyjnych, magazynach oraz centrach logistycznych.\",\"potentialAction\":[{\"@type\":\"SearchAction\",\"target\":{\"@type\":\"EntryPoint\",\"urlTemplate\":\"https:\/\/antersystem.com\/es\/?s={search_term_string}\"},\"query-input\":{\"@type\":\"PropertyValueSpecification\",\"valueRequired\":true,\"valueName\":\"search_term_string\"}}],\"inLanguage\":\"es\"}]}<\/script>\n<!-- \/ Yoast SEO plugin. -->","yoast_head_json":{"title":"Barreras de seguridad de pol\u00edmero - Anter System","description":"Bez wzgl\u0119du na typ wybranego zabezpieczenia, warto polega\u0107 na asortymencie od czo\u0142owych producent\u00f3w. Anter System ofrece productos de alta calidad, s\u00f3lidos y de alta calidad.","robots":{"index":"index","follow":"follow","max-snippet":"max-snippet:-1","max-image-preview":"max-image-preview:large","max-video-preview":"max-video-preview:-1"},"canonical":"https:\/\/antersystem.com\/es\/noticias\/polymer-safety-barriers\/","og_locale":"es_ES","og_type":"article","og_title":"Barreras de seguridad de pol\u00edmero - Anter System","og_description":"Bez wzgl\u0119du na typ wybranego zabezpieczenia, warto polega\u0107 na asortymencie od czo\u0142owych producent\u00f3w. Anter System ofrece productos de alta calidad, s\u00f3lidos y de alta calidad.","og_url":"https:\/\/antersystem.com\/es\/noticias\/polymer-safety-barriers\/","og_site_name":"Anter System","article_modified_time":"2026-02-04T13:04:37+00:00","twitter_card":"summary_large_image","twitter_misc":{"Tiempo de lectura":"3 minutos"},"schema":{"@context":"https:\/\/schema.org","@graph":[{"@type":"WebPage","@id":"https:\/\/antersystem.com\/es\/noticias\/polymer-safety-barriers\/","url":"https:\/\/antersystem.com\/es\/noticias\/polymer-safety-barriers\/","name":"Barreras de seguridad de pol\u00edmero - Anter System","isPartOf":{"@id":"https:\/\/antersystem.com\/es\/#website"},"datePublished":"2023-10-12T07:31:59+00:00","dateModified":"2026-02-04T13:04:37+00:00","description":"Bez wzgl\u0119du na typ wybranego zabezpieczenia, warto polega\u0107 na asortymencie od czo\u0142owych producent\u00f3w. Anter System ofrece productos de alta calidad, s\u00f3lidos y de alta calidad.","breadcrumb":{"@id":"https:\/\/antersystem.com\/es\/noticias\/polymer-safety-barriers\/#breadcrumb"},"inLanguage":"es","potentialAction":[{"@type":"ReadAction","target":["https:\/\/antersystem.com\/es\/noticias\/polymer-safety-barriers\/"]}]},{"@type":"BreadcrumbList","@id":"https:\/\/antersystem.com\/es\/noticias\/polymer-safety-barriers\/#breadcrumb","itemListElement":[{"@type":"ListItem","position":1,"name":"AnterSystem","item":"https:\/\/antersystem.com\/es\/"},{"@type":"ListItem","position":2,"name":"Noticias","item":"https:\/\/antersystem.com\/es\/noticias\/"},{"@type":"ListItem","position":3,"name":"Barreras de seguridad de pol\u00edmero"}]},{"@type":"WebSite","@id":"https:\/\/antersystem.com\/es\/#website","url":"https:\/\/antersystem.com\/es\/","name":"Anter System","description":"Jeste\u015bmy polskim producentem elastycznych barier ochronnych wykonywanych z polimerowych tworzyw sztucznych. Na rynku krajowym i zagranicznym dzia\u0142amy od ponad 15 lat dbaj\u0105c o zapewnienie bezpiecze\u0144stwa w zak\u0142adach produkcyjnych, magazynach oraz centrach logistycznych.","potentialAction":[{"@type":"SearchAction","target":{"@type":"EntryPoint","urlTemplate":"https:\/\/antersystem.com\/es\/?s={search_term_string}"},"query-input":{"@type":"PropertyValueSpecification","valueRequired":true,"valueName":"search_term_string"}}],"inLanguage":"es"}]}},"_links":{"self":[{"href":"https:\/\/antersystem.com\/es\/wp-json\/wp\/v2\/pages\/39577","targetHints":{"allow":["GET"]}}],"collection":[{"href":"https:\/\/antersystem.com\/es\/wp-json\/wp\/v2\/pages"}],"about":[{"href":"https:\/\/antersystem.com\/es\/wp-json\/wp\/v2\/types\/page"}],"author":[{"embeddable":true,"href":"https:\/\/antersystem.com\/es\/wp-json\/wp\/v2\/users\/1"}],"replies":[{"embeddable":true,"href":"https:\/\/antersystem.com\/es\/wp-json\/wp\/v2\/comments?post=39577"}],"version-history":[{"count":1,"href":"https:\/\/antersystem.com\/es\/wp-json\/wp\/v2\/pages\/39577\/revisions"}],"predecessor-version":[{"id":39579,"href":"https:\/\/antersystem.com\/es\/wp-json\/wp\/v2\/pages\/39577\/revisions\/39579"}],"up":[{"embeddable":true,"href":"https:\/\/antersystem.com\/es\/wp-json\/wp\/v2\/pages\/30348"}],"wp:attachment":[{"href":"https:\/\/antersystem.com\/es\/wp-json\/wp\/v2\/media?parent=39577"}],"curies":[{"name":"wp","href":"https:\/\/api.w.org\/{rel}","templated":true}]}}