{"id":39585,"date":"2023-10-10T12:12:18","date_gmt":"2023-10-10T10:12:18","guid":{"rendered":"https:\/\/antersystem.com\/noticias\/mid-magazine-logistics-4-0-see-and-try\/"},"modified":"2026-02-04T14:04:38","modified_gmt":"2026-02-04T13:04:38","slug":"mid-magazine-logistics-4-0-see-and-try","status":"publish","type":"page","link":"https:\/\/antersystem.com\/es\/noticias\/mid-magazine-logistics-4-0-see-and-try\/","title":{"rendered":"Revista MID: \u00abLog\u00edstica 4.0 &#8211; ver y probar\u00bb &#8211; \u00abLogistyka 4.0 &#8211; zobaczy\u0107 i spr\u00f3bowa\u0107\u00bb"},"content":{"rendered":"\n<div class=\"wp-block-columns is-layout-flex wp-container-core-columns-is-layout-9d6595d7 wp-block-columns-is-layout-flex\">\n<div class=\"wp-block-column is-layout-flow wp-block-column-is-layout-flow\" style=\"flex-basis:10%\"><\/div>\n\n\n\n<div class=\"wp-block-column is-layout-flow wp-block-column-is-layout-flow\">\n<h3 class=\"wp-block-heading\">Revista MID 3\/2023 &#8211; informe de la 11\u00aa edici\u00f3n del proyecto In4Log en la feria Modernlog de Pozna\u0144<\/h3>\n\n\n\n<p style=\"text-align: left;\">Nuevos productos, viejos retos. Bajo este lema discurre la narrativa del proyecto In4Log presentado en Modernlog&#8217;23. En el tercer n\u00famero de la revista MID de este a\u00f1o, Anter System apareci\u00f3 como socio tecnol\u00f3gico de la 11\u00aa edici\u00f3n del proyecto In4Log. Tuvimos el honor de presentar las tendencias del mercado en la categor\u00eda de las \u00faltimas soluciones de hardware que mejoran la calidad y la eficacia del trabajo.   <\/p>\n<p>Con la cambiante din\u00e1mica del mercado y, en consecuencia, la evoluci\u00f3n de las necesidades de las empresas, tambi\u00e9n se est\u00e1 modificando la propia infraestructura de los almacenes. Las zonas de almacenamiento adoptan a menudo la forma de naves de tiendas temporales (a veces de hasta 60 m de luz y 8 m de altura de pared), que en t\u00e9rminos de cargas de viento y nieve no van a la zaga de los edificios tradicionales (que soportan hasta 300 kg\/m\u00b2 de carga). En tales condiciones, se utilizan topes y barreras de seguridad flexibles, que pueden adaptarse a las necesidades cambiantes.  <\/p>\n<p>Para m\u00e1s informaci\u00f3n, te invitamos a leer a continuaci\u00f3n.<\/p>\n<p>&nbsp;<\/p>\n<p>&nbsp;<\/p>\n<\/div>\n\n\n\n<div class=\"wp-block-column is-layout-flow wp-block-column-is-layout-flow\" style=\"flex-basis:10%\"><\/div>\n<\/div>\n\n<div data-wp-interactive=\"core\/file\" class=\"wp-block-file\"><object data-wp-bind--hidden=\"!state.hasPdfPreview\" hidden class=\"wp-block-file__embed\" data=\"https:\/\/antersystem.com\/wp-content\/uploads\/MID_93_3_2023.pdf\" type=\"application\/pdf\" style=\"width:100%;height:600px\" aria-label=\"Incrustado de MID_93_3_2023.\"><\/object><a id=\"wp-block-file--media-c4a79965-4313-4b68-8827-3aa81c41db0a\" href=\"https:\/\/antersystem.com\/wp-content\/uploads\/MID_93_3_2023.pdf\">MID_93_3_2023<\/a><a href=\"https:\/\/antersystem.com\/wp-content\/uploads\/MID_93_3_2023.pdf\" class=\"wp-block-file__button wp-element-button\" download=\"\" aria-describedby=\"wp-block-file--media-c4a79965-4313-4b68-8827-3aa81c41db0a\">Descarga<\/a><\/div>\n","protected":false},"excerpt":{"rendered":"<p>Revista MID 3\/2023 &#8211; informe de la 11\u00aa edici\u00f3n del proyecto In4Log en la feria Modernlog de Pozna\u0144 Nuevos productos, viejos retos. Bajo este lema discurre la narrativa del proyecto In4Log presentado en Modernlog&#8217;23. En el tercer n\u00famero de la revista MID de este a\u00f1o, Anter System apareci\u00f3 como socio tecnol\u00f3gico de la 11\u00aa edici\u00f3n [&hellip;]<\/p>\n","protected":false},"author":1,"featured_media":0,"parent":30348,"menu_order":0,"comment_status":"closed","ping_status":"closed","template":"","meta":{"inline_featured_image":false,"ngg_post_thumbnail":0,"footnotes":""},"class_list":["post-39585","page","type-page","status-publish","hentry"],"acf":[],"yoast_head":"<!-- This site is optimized with the Yoast SEO plugin v27.0 - https:\/\/yoast.com\/product\/yoast-seo-wordpress\/ -->\n<title>Revista MID: &quot;Log\u00edstica 4.0 - ver y probar&quot; - &quot;Logistyka 4.0 - zobaczy\u0107 i spr\u00f3bowa\u0107&quot; - Anter System<\/title>\n<meta name=\"description\" content=\"W trzecim numerze magazynu MID na ten rok Anter System pojawi\u0142 si\u0119 jako partner technologiczny XI edycji projektu In4Log. Przypad\u0142a nam zaszczytna rola prezentowania trend\u00f3w na rynku w kategorii: najnowszych rozwi\u0105za\u0144 sprz\u0119towych, poprawiaj\u0105cych jako\u015b\u0107 i wydajno\u015b\u0107 pracy.\" \/>\n<meta name=\"robots\" content=\"index, follow, max-snippet:-1, max-image-preview:large, max-video-preview:-1\" \/>\n<link rel=\"canonical\" href=\"https:\/\/antersystem.com\/es\/noticias\/mid-magazine-logistics-4-0-see-and-try\/\" \/>\n<meta property=\"og:locale\" content=\"es_ES\" \/>\n<meta property=\"og:type\" content=\"article\" \/>\n<meta property=\"og:title\" content=\"Revista MID: &quot;Log\u00edstica 4.0 - ver y probar&quot; - &quot;Logistyka 4.0 - zobaczy\u0107 i spr\u00f3bowa\u0107&quot; - Anter System\" \/>\n<meta property=\"og:description\" content=\"W trzecim numerze magazynu MID na ten rok Anter System pojawi\u0142 si\u0119 jako partner technologiczny XI edycji projektu In4Log. Przypad\u0142a nam zaszczytna rola prezentowania trend\u00f3w na rynku w kategorii: najnowszych rozwi\u0105za\u0144 sprz\u0119towych, poprawiaj\u0105cych jako\u015b\u0107 i wydajno\u015b\u0107 pracy.\" \/>\n<meta property=\"og:url\" content=\"https:\/\/antersystem.com\/es\/noticias\/mid-magazine-logistics-4-0-see-and-try\/\" \/>\n<meta property=\"og:site_name\" content=\"Anter System\" \/>\n<meta property=\"article:modified_time\" content=\"2026-02-04T13:04:38+00:00\" \/>\n<meta name=\"twitter:card\" content=\"summary_large_image\" \/>\n<meta name=\"twitter:label1\" content=\"Tiempo de lectura\" \/>\n\t<meta name=\"twitter:data1\" content=\"1 minuto\" \/>\n<script type=\"application\/ld+json\" class=\"yoast-schema-graph\">{\"@context\":\"https:\/\/schema.org\",\"@graph\":[{\"@type\":\"WebPage\",\"@id\":\"https:\/\/antersystem.com\/es\/noticias\/mid-magazine-logistics-4-0-see-and-try\/\",\"url\":\"https:\/\/antersystem.com\/es\/noticias\/mid-magazine-logistics-4-0-see-and-try\/\",\"name\":\"Revista MID: \\\"Log\u00edstica 4.0 - ver y probar\\\" - \\\"Logistyka 4.0 - zobaczy\u0107 i spr\u00f3bowa\u0107\\\" - Anter System\",\"isPartOf\":{\"@id\":\"https:\/\/antersystem.com\/es\/#website\"},\"datePublished\":\"2023-10-10T10:12:18+00:00\",\"dateModified\":\"2026-02-04T13:04:38+00:00\",\"description\":\"W trzecim numerze magazynu MID na ten rok Anter System pojawi\u0142 si\u0119 jako partner technologiczny XI edycji projektu In4Log. Przypad\u0142a nam zaszczytna rola prezentowania trend\u00f3w na rynku w kategorii: najnowszych rozwi\u0105za\u0144 sprz\u0119towych, poprawiaj\u0105cych jako\u015b\u0107 i wydajno\u015b\u0107 pracy.\",\"breadcrumb\":{\"@id\":\"https:\/\/antersystem.com\/es\/noticias\/mid-magazine-logistics-4-0-see-and-try\/#breadcrumb\"},\"inLanguage\":\"es\",\"potentialAction\":[{\"@type\":\"ReadAction\",\"target\":[\"https:\/\/antersystem.com\/es\/noticias\/mid-magazine-logistics-4-0-see-and-try\/\"]}]},{\"@type\":\"BreadcrumbList\",\"@id\":\"https:\/\/antersystem.com\/es\/noticias\/mid-magazine-logistics-4-0-see-and-try\/#breadcrumb\",\"itemListElement\":[{\"@type\":\"ListItem\",\"position\":1,\"name\":\"AnterSystem\",\"item\":\"https:\/\/antersystem.com\/es\/\"},{\"@type\":\"ListItem\",\"position\":2,\"name\":\"Noticias\",\"item\":\"https:\/\/antersystem.com\/es\/noticias\/\"},{\"@type\":\"ListItem\",\"position\":3,\"name\":\"Revista MID: &#8220;Log\u00edstica 4.0 &#8211; ver y probar&#8221; &#8211; &#8220;Logistyka 4.0 &#8211; zobaczy\u0107 i spr\u00f3bowa\u0107&#8221;\"}]},{\"@type\":\"WebSite\",\"@id\":\"https:\/\/antersystem.com\/es\/#website\",\"url\":\"https:\/\/antersystem.com\/es\/\",\"name\":\"Anter System\",\"description\":\"Jeste\u015bmy polskim producentem elastycznych barier ochronnych wykonywanych z polimerowych tworzyw sztucznych. Na rynku krajowym i zagranicznym dzia\u0142amy od ponad 15 lat dbaj\u0105c o zapewnienie bezpiecze\u0144stwa w zak\u0142adach produkcyjnych, magazynach oraz centrach logistycznych.\",\"potentialAction\":[{\"@type\":\"SearchAction\",\"target\":{\"@type\":\"EntryPoint\",\"urlTemplate\":\"https:\/\/antersystem.com\/es\/?s={search_term_string}\"},\"query-input\":{\"@type\":\"PropertyValueSpecification\",\"valueRequired\":true,\"valueName\":\"search_term_string\"}}],\"inLanguage\":\"es\"}]}<\/script>\n<!-- \/ Yoast SEO plugin. -->","yoast_head_json":{"title":"Revista MID: \"Log\u00edstica 4.0 - ver y probar\" - \"Logistyka 4.0 - zobaczy\u0107 i spr\u00f3bowa\u0107\" - Anter System","description":"W trzecim numerze magazynu MID na ten rok Anter System pojawi\u0142 si\u0119 jako partner technologiczny XI edycji projektu In4Log. Przypad\u0142a nam zaszczytna rola prezentowania trend\u00f3w na rynku w kategorii: najnowszych rozwi\u0105za\u0144 sprz\u0119towych, poprawiaj\u0105cych jako\u015b\u0107 i wydajno\u015b\u0107 pracy.","robots":{"index":"index","follow":"follow","max-snippet":"max-snippet:-1","max-image-preview":"max-image-preview:large","max-video-preview":"max-video-preview:-1"},"canonical":"https:\/\/antersystem.com\/es\/noticias\/mid-magazine-logistics-4-0-see-and-try\/","og_locale":"es_ES","og_type":"article","og_title":"Revista MID: \"Log\u00edstica 4.0 - ver y probar\" - \"Logistyka 4.0 - zobaczy\u0107 i spr\u00f3bowa\u0107\" - Anter System","og_description":"W trzecim numerze magazynu MID na ten rok Anter System pojawi\u0142 si\u0119 jako partner technologiczny XI edycji projektu In4Log. Przypad\u0142a nam zaszczytna rola prezentowania trend\u00f3w na rynku w kategorii: najnowszych rozwi\u0105za\u0144 sprz\u0119towych, poprawiaj\u0105cych jako\u015b\u0107 i wydajno\u015b\u0107 pracy.","og_url":"https:\/\/antersystem.com\/es\/noticias\/mid-magazine-logistics-4-0-see-and-try\/","og_site_name":"Anter System","article_modified_time":"2026-02-04T13:04:38+00:00","twitter_card":"summary_large_image","twitter_misc":{"Tiempo de lectura":"1 minuto"},"schema":{"@context":"https:\/\/schema.org","@graph":[{"@type":"WebPage","@id":"https:\/\/antersystem.com\/es\/noticias\/mid-magazine-logistics-4-0-see-and-try\/","url":"https:\/\/antersystem.com\/es\/noticias\/mid-magazine-logistics-4-0-see-and-try\/","name":"Revista MID: \"Log\u00edstica 4.0 - ver y probar\" - \"Logistyka 4.0 - zobaczy\u0107 i spr\u00f3bowa\u0107\" - Anter System","isPartOf":{"@id":"https:\/\/antersystem.com\/es\/#website"},"datePublished":"2023-10-10T10:12:18+00:00","dateModified":"2026-02-04T13:04:38+00:00","description":"W trzecim numerze magazynu MID na ten rok Anter System pojawi\u0142 si\u0119 jako partner technologiczny XI edycji projektu In4Log. Przypad\u0142a nam zaszczytna rola prezentowania trend\u00f3w na rynku w kategorii: najnowszych rozwi\u0105za\u0144 sprz\u0119towych, poprawiaj\u0105cych jako\u015b\u0107 i wydajno\u015b\u0107 pracy.","breadcrumb":{"@id":"https:\/\/antersystem.com\/es\/noticias\/mid-magazine-logistics-4-0-see-and-try\/#breadcrumb"},"inLanguage":"es","potentialAction":[{"@type":"ReadAction","target":["https:\/\/antersystem.com\/es\/noticias\/mid-magazine-logistics-4-0-see-and-try\/"]}]},{"@type":"BreadcrumbList","@id":"https:\/\/antersystem.com\/es\/noticias\/mid-magazine-logistics-4-0-see-and-try\/#breadcrumb","itemListElement":[{"@type":"ListItem","position":1,"name":"AnterSystem","item":"https:\/\/antersystem.com\/es\/"},{"@type":"ListItem","position":2,"name":"Noticias","item":"https:\/\/antersystem.com\/es\/noticias\/"},{"@type":"ListItem","position":3,"name":"Revista MID: &#8220;Log\u00edstica 4.0 &#8211; ver y probar&#8221; &#8211; &#8220;Logistyka 4.0 &#8211; zobaczy\u0107 i spr\u00f3bowa\u0107&#8221;"}]},{"@type":"WebSite","@id":"https:\/\/antersystem.com\/es\/#website","url":"https:\/\/antersystem.com\/es\/","name":"Anter System","description":"Jeste\u015bmy polskim producentem elastycznych barier ochronnych wykonywanych z polimerowych tworzyw sztucznych. Na rynku krajowym i zagranicznym dzia\u0142amy od ponad 15 lat dbaj\u0105c o zapewnienie bezpiecze\u0144stwa w zak\u0142adach produkcyjnych, magazynach oraz centrach logistycznych.","potentialAction":[{"@type":"SearchAction","target":{"@type":"EntryPoint","urlTemplate":"https:\/\/antersystem.com\/es\/?s={search_term_string}"},"query-input":{"@type":"PropertyValueSpecification","valueRequired":true,"valueName":"search_term_string"}}],"inLanguage":"es"}]}},"_links":{"self":[{"href":"https:\/\/antersystem.com\/es\/wp-json\/wp\/v2\/pages\/39585","targetHints":{"allow":["GET"]}}],"collection":[{"href":"https:\/\/antersystem.com\/es\/wp-json\/wp\/v2\/pages"}],"about":[{"href":"https:\/\/antersystem.com\/es\/wp-json\/wp\/v2\/types\/page"}],"author":[{"embeddable":true,"href":"https:\/\/antersystem.com\/es\/wp-json\/wp\/v2\/users\/1"}],"replies":[{"embeddable":true,"href":"https:\/\/antersystem.com\/es\/wp-json\/wp\/v2\/comments?post=39585"}],"version-history":[{"count":1,"href":"https:\/\/antersystem.com\/es\/wp-json\/wp\/v2\/pages\/39585\/revisions"}],"predecessor-version":[{"id":39587,"href":"https:\/\/antersystem.com\/es\/wp-json\/wp\/v2\/pages\/39585\/revisions\/39587"}],"up":[{"embeddable":true,"href":"https:\/\/antersystem.com\/es\/wp-json\/wp\/v2\/pages\/30348"}],"wp:attachment":[{"href":"https:\/\/antersystem.com\/es\/wp-json\/wp\/v2\/media?parent=39585"}],"curies":[{"name":"wp","href":"https:\/\/api.w.org\/{rel}","templated":true}]}}