{"id":39586,"date":"2023-10-12T12:02:34","date_gmt":"2023-10-12T10:02:34","guid":{"rendered":"https:\/\/antersystem.com\/noticias\/trailer-support-jst\/"},"modified":"2026-02-04T14:04:38","modified_gmt":"2026-02-04T13:04:38","slug":"trailer-support-jst","status":"publish","type":"page","link":"https:\/\/antersystem.com\/es\/noticias\/trailer-support-jst\/","title":{"rendered":"Soporte de remolque JST"},"content":{"rendered":"\n<div class=\"wp-block-columns is-layout-flex wp-container-core-columns-is-layout-9d6595d7 wp-block-columns-is-layout-flex\">\n<div class=\"wp-block-column is-layout-flow wp-block-column-is-layout-flow\" style=\"flex-basis:10%\"><\/div>\n\n\n\n<div class=\"wp-block-column is-layout-flow wp-block-column-is-layout-flow\">\n<h2 class=\"wp-block-heading\">Soporte de remolque JST: descarga segura y c\u00f3moda sin cabeza tractora<\/h2>\n\n\n\n<p>El uso de soluciones modernas y probadas, como los <a href=\"https:\/\/antersystem.com\/kategorie_produktow\/technika-zaladunkowa\/\">soportes para semirremolques<\/a>, ayuda a agilizar los procesos de almacenamiento. Gracias a ellos, los carretilleros pueden realizar libremente las operaciones necesarias, y todo el proceso de carga y descarga puede llevarse a cabo sin la intervenci\u00f3n de una cabeza tractora. <\/p>\n<h3>Soportes para semirremolques &#8211; ventajas y aplicaciones<\/h3>\n<p>El objetivo principal del uso de soportes profesionales es asegurar adecuadamente los semirremolques de un veh\u00edculo de reparto durante la recepci\u00f3n de mercanc\u00edas en el almac\u00e9n. El dispositivo tambi\u00e9n funciona perfectamente durante las operaciones de carga, garantizando la seguridad de todas las personas implicadas en el proceso log\u00edstico, los operadores de carretillas elevadoras y cualquier persona presente en las proximidades. Su uso impide que el remolque se incline o vuelque durante las operaciones de descarga o carga.  <\/p>\n<p>Adem\u00e1s de garantizar un funcionamiento seguro y c\u00f3modo del almac\u00e9n, los soportes de semirremolque ofrecen muchas ventajas adicionales. Una de las m\u00e1s importantes es la optimizaci\u00f3n de la utilizaci\u00f3n de la cabeza tractora, ya que pueden trabajar con otros semirremolques al mismo tiempo, completando recorridos de transporte adicionales. Tambi\u00e9n cabe destacar la facilidad de manejo de los soportes equipados con un sistema de autonivelaci\u00f3n y amplias opciones de ajuste de altura.  <\/p>\n<h3>Soportes para semirremolques &#8211; Fabricante polaco<\/h3>\n<p>Los principales fabricantes ofrecen a sus clientes un enfoque individual, proporcionando sistemas totalmente adaptados a los requisitos de una industria determinada y a la organizaci\u00f3n del trabajo en el almac\u00e9n. Entre los muchos modelos disponibles en el mercado, merece especial atenci\u00f3n el <a href=\"https:\/\/antersystem.com\/produkty\/podpora-pod-naczepe-tira-jst1-1\/\">soporte para semirremolque TIR Jack Trailer Stand fabricado por Anter System<\/a>. En este modelo, las cuestiones de la estabilizaci\u00f3n del remolque y la minimizaci\u00f3n del riesgo de vuelco se han perfeccionado al m\u00e1ximo nivel.  <\/p>\n<p>El dispositivo soporta f\u00e1cilmente cargas de hasta 45 toneladas, mientras que los productos de la competencia suelen ofrecer una capacidad de carga de 25-40 toneladas, lo que permite manipular semirremolques con cargas m\u00e1s pesadas. La altura es ajustable de 916 mm a 1366 mm, lo que permite un mejor posicionamiento del soporte y unas operaciones de carga m\u00e1s c\u00f3modas. Adem\u00e1s, el dispositivo cuenta con una gran superficie de base, que proporciona una mayor estabilidad en el suelo y una mayor superficie de contacto con el semirremolque (mejor estabilizaci\u00f3n del remolque). Las ruedas de goma de 400 mm de di\u00e1metro, mayores que las de la mayor\u00eda de los dispositivos de este tipo del mercado, permiten un posicionamiento eficaz del soporte. El soporte se eleva f\u00e1cilmente mediante un intuitivo mecanismo de manivela: lo puede manejar cualquier persona sin necesidad de aplicar una fuerza excesiva, y un mecanismo de bloqueo r\u00e1pido impide el acceso a personas no autorizadas.    <\/p>\n<p>Cada vez son m\u00e1s los fabricantes de semirremolques que recomiendan el uso de soportes especializados, por lo que se puede afirmar con seguridad que, en los pr\u00f3ximos a\u00f1os <a href=\"https:\/\/antersystem.com\/es\/noticias\/product-of-the-year-2019\/produkt-roku-2019-3\/\">, soluciones como la presentada por Anter System se convertir\u00e1n en un est\u00e1ndar en la industria log\u00edstica<\/a>.<\/p>\n<h3>Una inversi\u00f3n en seguridad: planif\u00edcala hoy<\/h3>\n<p>Al considerar la compra de un soporte para semirremolques TIR para tu empresa, conviene pensar a escala macro, recordando que una inversi\u00f3n \u00fanica en seguridad puede resultar inestimable. Los costes de adquirir sistemas de seguridad profesionales suelen resultar desproporcionadamente bajos en comparaci\u00f3n con las consecuencias de un posible accidente u otro suceso desafortunado. <\/p>\n<p>&nbsp;<\/p>\n<\/div>\n\n\n\n<div class=\"wp-block-column is-layout-flow wp-block-column-is-layout-flow\" style=\"flex-basis:10%\"><\/div>\n<\/div>\n","protected":false},"excerpt":{"rendered":"<p>Soporte de remolque JST: descarga segura y c\u00f3moda sin cabeza tractora El uso de soluciones modernas y probadas, como los soportes para semirremolques, ayuda a agilizar los procesos de almacenamiento. Gracias a ellos, los carretilleros pueden realizar libremente las operaciones necesarias, y todo el proceso de carga y descarga puede llevarse a cabo sin la [&hellip;]<\/p>\n","protected":false},"author":1,"featured_media":0,"parent":30348,"menu_order":0,"comment_status":"closed","ping_status":"closed","template":"","meta":{"inline_featured_image":false,"ngg_post_thumbnail":0,"footnotes":""},"class_list":["post-39586","page","type-page","status-publish","hentry"],"acf":[],"yoast_head":"<!-- This site is optimized with the Yoast SEO plugin v27.0 - https:\/\/yoast.com\/product\/yoast-seo-wordpress\/ -->\n<title>Soporte de remolque JST - Anter System<\/title>\n<meta name=\"description\" content=\"Soporte de remolque JST: descarga segura y c\u00f3moda sin cabeza tractora El uso de soluciones modernas y probadas, como los soportes para semirremolques,\" \/>\n<meta name=\"robots\" content=\"index, follow, max-snippet:-1, max-image-preview:large, max-video-preview:-1\" \/>\n<link rel=\"canonical\" href=\"https:\/\/antersystem.com\/es\/noticias\/trailer-support-jst\/\" \/>\n<meta property=\"og:locale\" content=\"es_ES\" \/>\n<meta property=\"og:type\" content=\"article\" \/>\n<meta property=\"og:title\" content=\"Soporte de remolque JST - Anter System\" \/>\n<meta property=\"og:description\" content=\"Soporte de remolque JST: descarga segura y c\u00f3moda sin cabeza tractora El uso de soluciones modernas y probadas, como los soportes para semirremolques,\" \/>\n<meta property=\"og:url\" content=\"https:\/\/antersystem.com\/es\/noticias\/trailer-support-jst\/\" \/>\n<meta property=\"og:site_name\" content=\"Anter System\" \/>\n<meta property=\"article:modified_time\" content=\"2026-02-04T13:04:38+00:00\" \/>\n<meta name=\"twitter:card\" content=\"summary_large_image\" \/>\n<meta name=\"twitter:label1\" content=\"Tiempo de lectura\" \/>\n\t<meta name=\"twitter:data1\" content=\"3 minutos\" \/>\n<script type=\"application\/ld+json\" class=\"yoast-schema-graph\">{\"@context\":\"https:\/\/schema.org\",\"@graph\":[{\"@type\":\"WebPage\",\"@id\":\"https:\/\/antersystem.com\/es\/noticias\/trailer-support-jst\/\",\"url\":\"https:\/\/antersystem.com\/es\/noticias\/trailer-support-jst\/\",\"name\":\"Soporte de remolque JST - Anter System\",\"isPartOf\":{\"@id\":\"https:\/\/antersystem.com\/es\/#website\"},\"datePublished\":\"2023-10-12T10:02:34+00:00\",\"dateModified\":\"2026-02-04T13:04:38+00:00\",\"description\":\"Soporte de remolque JST: descarga segura y c\u00f3moda sin cabeza tractora El uso de soluciones modernas y probadas, como los soportes para semirremolques,\",\"breadcrumb\":{\"@id\":\"https:\/\/antersystem.com\/es\/noticias\/trailer-support-jst\/#breadcrumb\"},\"inLanguage\":\"es\",\"potentialAction\":[{\"@type\":\"ReadAction\",\"target\":[\"https:\/\/antersystem.com\/es\/noticias\/trailer-support-jst\/\"]}]},{\"@type\":\"BreadcrumbList\",\"@id\":\"https:\/\/antersystem.com\/es\/noticias\/trailer-support-jst\/#breadcrumb\",\"itemListElement\":[{\"@type\":\"ListItem\",\"position\":1,\"name\":\"AnterSystem\",\"item\":\"https:\/\/antersystem.com\/es\/\"},{\"@type\":\"ListItem\",\"position\":2,\"name\":\"Noticias\",\"item\":\"https:\/\/antersystem.com\/es\/noticias\/\"},{\"@type\":\"ListItem\",\"position\":3,\"name\":\"Soporte de remolque JST\"}]},{\"@type\":\"WebSite\",\"@id\":\"https:\/\/antersystem.com\/es\/#website\",\"url\":\"https:\/\/antersystem.com\/es\/\",\"name\":\"Anter System\",\"description\":\"Jeste\u015bmy polskim producentem elastycznych barier ochronnych wykonywanych z polimerowych tworzyw sztucznych. Na rynku krajowym i zagranicznym dzia\u0142amy od ponad 15 lat dbaj\u0105c o zapewnienie bezpiecze\u0144stwa w zak\u0142adach produkcyjnych, magazynach oraz centrach logistycznych.\",\"potentialAction\":[{\"@type\":\"SearchAction\",\"target\":{\"@type\":\"EntryPoint\",\"urlTemplate\":\"https:\/\/antersystem.com\/es\/?s={search_term_string}\"},\"query-input\":{\"@type\":\"PropertyValueSpecification\",\"valueRequired\":true,\"valueName\":\"search_term_string\"}}],\"inLanguage\":\"es\"}]}<\/script>\n<!-- \/ Yoast SEO plugin. -->","yoast_head_json":{"title":"Soporte de remolque JST - Anter System","description":"Soporte de remolque JST: descarga segura y c\u00f3moda sin cabeza tractora El uso de soluciones modernas y probadas, como los soportes para semirremolques,","robots":{"index":"index","follow":"follow","max-snippet":"max-snippet:-1","max-image-preview":"max-image-preview:large","max-video-preview":"max-video-preview:-1"},"canonical":"https:\/\/antersystem.com\/es\/noticias\/trailer-support-jst\/","og_locale":"es_ES","og_type":"article","og_title":"Soporte de remolque JST - Anter System","og_description":"Soporte de remolque JST: descarga segura y c\u00f3moda sin cabeza tractora El uso de soluciones modernas y probadas, como los soportes para semirremolques,","og_url":"https:\/\/antersystem.com\/es\/noticias\/trailer-support-jst\/","og_site_name":"Anter System","article_modified_time":"2026-02-04T13:04:38+00:00","twitter_card":"summary_large_image","twitter_misc":{"Tiempo de lectura":"3 minutos"},"schema":{"@context":"https:\/\/schema.org","@graph":[{"@type":"WebPage","@id":"https:\/\/antersystem.com\/es\/noticias\/trailer-support-jst\/","url":"https:\/\/antersystem.com\/es\/noticias\/trailer-support-jst\/","name":"Soporte de remolque JST - Anter System","isPartOf":{"@id":"https:\/\/antersystem.com\/es\/#website"},"datePublished":"2023-10-12T10:02:34+00:00","dateModified":"2026-02-04T13:04:38+00:00","description":"Soporte de remolque JST: descarga segura y c\u00f3moda sin cabeza tractora El uso de soluciones modernas y probadas, como los soportes para semirremolques,","breadcrumb":{"@id":"https:\/\/antersystem.com\/es\/noticias\/trailer-support-jst\/#breadcrumb"},"inLanguage":"es","potentialAction":[{"@type":"ReadAction","target":["https:\/\/antersystem.com\/es\/noticias\/trailer-support-jst\/"]}]},{"@type":"BreadcrumbList","@id":"https:\/\/antersystem.com\/es\/noticias\/trailer-support-jst\/#breadcrumb","itemListElement":[{"@type":"ListItem","position":1,"name":"AnterSystem","item":"https:\/\/antersystem.com\/es\/"},{"@type":"ListItem","position":2,"name":"Noticias","item":"https:\/\/antersystem.com\/es\/noticias\/"},{"@type":"ListItem","position":3,"name":"Soporte de remolque JST"}]},{"@type":"WebSite","@id":"https:\/\/antersystem.com\/es\/#website","url":"https:\/\/antersystem.com\/es\/","name":"Anter System","description":"Jeste\u015bmy polskim producentem elastycznych barier ochronnych wykonywanych z polimerowych tworzyw sztucznych. Na rynku krajowym i zagranicznym dzia\u0142amy od ponad 15 lat dbaj\u0105c o zapewnienie bezpiecze\u0144stwa w zak\u0142adach produkcyjnych, magazynach oraz centrach logistycznych.","potentialAction":[{"@type":"SearchAction","target":{"@type":"EntryPoint","urlTemplate":"https:\/\/antersystem.com\/es\/?s={search_term_string}"},"query-input":{"@type":"PropertyValueSpecification","valueRequired":true,"valueName":"search_term_string"}}],"inLanguage":"es"}]}},"_links":{"self":[{"href":"https:\/\/antersystem.com\/es\/wp-json\/wp\/v2\/pages\/39586","targetHints":{"allow":["GET"]}}],"collection":[{"href":"https:\/\/antersystem.com\/es\/wp-json\/wp\/v2\/pages"}],"about":[{"href":"https:\/\/antersystem.com\/es\/wp-json\/wp\/v2\/types\/page"}],"author":[{"embeddable":true,"href":"https:\/\/antersystem.com\/es\/wp-json\/wp\/v2\/users\/1"}],"replies":[{"embeddable":true,"href":"https:\/\/antersystem.com\/es\/wp-json\/wp\/v2\/comments?post=39586"}],"version-history":[{"count":1,"href":"https:\/\/antersystem.com\/es\/wp-json\/wp\/v2\/pages\/39586\/revisions"}],"predecessor-version":[{"id":39588,"href":"https:\/\/antersystem.com\/es\/wp-json\/wp\/v2\/pages\/39586\/revisions\/39588"}],"up":[{"embeddable":true,"href":"https:\/\/antersystem.com\/es\/wp-json\/wp\/v2\/pages\/30348"}],"wp:attachment":[{"href":"https:\/\/antersystem.com\/es\/wp-json\/wp\/v2\/media?parent=39586"}],"curies":[{"name":"wp","href":"https:\/\/api.w.org\/{rel}","templated":true}]}}