{"id":39647,"date":"2024-10-22T14:33:00","date_gmt":"2024-10-22T12:33:00","guid":{"rendered":"https:\/\/antersystem.com\/noticias\/anter-system-partner-of-the-industry-conference\/"},"modified":"2026-02-04T14:07:04","modified_gmt":"2026-02-04T13:07:04","slug":"anter-system-partner-of-the-industry-conference","status":"publish","type":"page","link":"https:\/\/antersystem.com\/es\/noticias\/anter-system-partner-of-the-industry-conference\/","title":{"rendered":"Anter System socio de la conferencia industrial"},"content":{"rendered":"\n<div class=\"wp-block-columns is-layout-flex wp-container-core-columns-is-layout-9d6595d7 wp-block-columns-is-layout-flex\">\n<div class=\"wp-block-column is-layout-flow wp-block-column-is-layout-flow\" style=\"flex-basis:10%\"><\/div>\n\n\n\n<div class=\"wp-block-column is-layout-flow wp-block-column-is-layout-flow\">\n<h2 class=\"wp-block-heading\">\u00a1\u00danete a nosotros en una reuni\u00f3n dedicada a la transformaci\u00f3n log\u00edstica!<\/h2>\n\n\n\n<p>El 7 de noviembre tendr\u00e1 lugar en Zabrze la conferencia <em>\u00abOptimizaci\u00f3n de los Procesos Intralog\u00edsticos y de Almac\u00e9n<\/em> \u00ab, uno de los eventos clave para la industria log\u00edstica este a\u00f1o. El evento, organizado por Axon Media, volver\u00e1 a contar con Anter System Polska como socio. <\/p>\n\n\n\n<p><strong>\u00bfPor qu\u00e9 deber\u00edas afiliarte?<\/strong><\/p>\n\n\n\n<p>La conferencia est\u00e1 dirigida a propietarios y directores de plantas y centros log\u00edsticos, as\u00ed como a directivos responsables de procesos de almac\u00e9n, cadenas de suministro y gesti\u00f3n de la producci\u00f3n. Durante los paneles tem\u00e1ticos, <strong>los expertos compartir\u00e1n sus experiencias en la mejora de los procesos log\u00edsticos y de almac\u00e9n<\/strong> dentro de las empresas y debatir\u00e1n los retos de adaptar estos procesos a la naturaleza espec\u00edfica de cada instalaci\u00f3n. Los ejemplos presentados incluir\u00e1n tanto implantaciones a gran escala como peque\u00f1as modificaciones que han dado resultados mensurables.  <\/p>\n\n\n\n<p>Se tratar\u00e1n temas como sistemas de transporte interno, equipos de manipulaci\u00f3n de materiales, robots de almac\u00e9n, sistemas automatizados de almacenamiento y preparaci\u00f3n de pedidos, tecnolog\u00edas RFID y de identificaci\u00f3n inal\u00e1mbrica, software de intralog\u00edstica, dise\u00f1o y consultor\u00eda de intralog\u00edstica, as\u00ed como m\u00e1quinas y dispositivos de etiquetado.<\/p>\n\n\n\n<p><strong>Hablemos de seguridad laboral<\/strong><\/p>\n\n\n\n<p>En el acto tambi\u00e9n se abordar\u00e1 la <strong>salud y seguridad en el trabajo (SST) en almacenes y naves de producci\u00f3n,<\/strong> un campo en el que Anter System Polska es experta. Llevamos m\u00e1s de 15 a\u00f1os prestando servicios de consultor\u00eda relacionados con sistemas de protecci\u00f3n para empleados, maquinaria e infraestructuras en entornos industriales y log\u00edsticos. Durante la conferencia, estaremos encantados de <strong>hablar de las \u00faltimas soluciones<\/strong> que mejoran la seguridad en el lugar de trabajo.  <\/p>\n\n\n\n<p>El din\u00e1mico formato de un d\u00eda de la conferencia incluye no s\u00f3lo ponencias de expertos, sino tambi\u00e9n <strong>oportunidades para establecer valiosas relaciones comerciales.<\/strong> La participaci\u00f3n en el evento es gratuita: \u00a1te invitamos cordialmente a unirte a nosotros!<\/p>\n\n\n\n<p>La participaci\u00f3n en la conferencia es gratuita. La informaci\u00f3n detallada sobre la inscripci\u00f3n y el orden del d\u00eda est\u00e1n disponibles aqu\u00ed: <a href=\"https:\/\/www.axonmedia.pl\/konferencje\/aktualne\/intralogistyka-magazynowanie-2024-zabrze\/\" target=\"_blank\" rel=\"noreferrer noopener\"><em>\u00abOptimizaci\u00f3n de los Procesos Intralog\u00edsticos y de Almac\u00e9n\u00bb<\/em><\/a> <\/p>\n\n\n\n<p><\/p>\n\n\n\n<p><\/p>\n<\/div>\n\n\n\n<div class=\"wp-block-column is-layout-flow wp-block-column-is-layout-flow\" style=\"flex-basis:10%\"><\/div>\n<\/div>\n<div class=\"wp-block-image\">\n<figure class=\"aligncenter size-large is-resized\"><img loading=\"lazy\" decoding=\"async\" width=\"1024\" height=\"576\" src=\"https:\/\/antersystem.com\/wp-content\/uploads\/Konferencja_optymalizacja-procesow-logistycznych-2024-1024x576.jpg\" alt=\"\" class=\"wp-image-5562\" style=\"width:620px;height:auto\" srcset=\"https:\/\/antersystem.com\/wp-content\/uploads\/Konferencja_optymalizacja-procesow-logistycznych-2024-1024x576.jpg 1024w, https:\/\/antersystem.com\/wp-content\/uploads\/Konferencja_optymalizacja-procesow-logistycznych-2024-300x169.jpg 300w, https:\/\/antersystem.com\/wp-content\/uploads\/Konferencja_optymalizacja-procesow-logistycznych-2024-768x432.jpg 768w, https:\/\/antersystem.com\/wp-content\/uploads\/Konferencja_optymalizacja-procesow-logistycznych-2024-450x253.jpg 450w, https:\/\/antersystem.com\/wp-content\/uploads\/Konferencja_optymalizacja-procesow-logistycznych-2024-330x186.jpg 330w, https:\/\/antersystem.com\/wp-content\/uploads\/Konferencja_optymalizacja-procesow-logistycznych-2024.jpg 1115w\" sizes=\"auto, (max-width: 1024px) 100vw, 1024px\" \/><\/figure><\/div>","protected":false},"excerpt":{"rendered":"<p>\u00a1\u00danete a nosotros en una reuni\u00f3n dedicada a la transformaci\u00f3n log\u00edstica! El 7 de noviembre tendr\u00e1 lugar en Zabrze la conferencia \u00abOptimizaci\u00f3n de los Procesos Intralog\u00edsticos y de Almac\u00e9n \u00ab, uno de los eventos clave para la industria log\u00edstica este a\u00f1o. El evento, organizado por Axon Media, volver\u00e1 a contar con Anter System Polska como [&hellip;]<\/p>\n","protected":false},"author":1,"featured_media":0,"parent":30348,"menu_order":0,"comment_status":"closed","ping_status":"closed","template":"","meta":{"inline_featured_image":false,"ngg_post_thumbnail":0,"footnotes":""},"class_list":["post-39647","page","type-page","status-publish","hentry"],"acf":[],"yoast_head":"<!-- This site is optimized with the Yoast SEO plugin v27.0 - https:\/\/yoast.com\/product\/yoast-seo-wordpress\/ -->\n<title>Anter System socio de la conferencia industrial - Anter System<\/title>\n<meta name=\"description\" content=\"\u00a1\u00danete a nosotros en una reuni\u00f3n dedicada a la transformaci\u00f3n log\u00edstica! El 7 de noviembre tendr\u00e1 lugar en Zabrze la conferencia &quot;Optimizaci\u00f3n de los\" \/>\n<meta name=\"robots\" content=\"index, follow, max-snippet:-1, max-image-preview:large, max-video-preview:-1\" \/>\n<link rel=\"canonical\" href=\"https:\/\/antersystem.com\/es\/noticias\/anter-system-partner-of-the-industry-conference\/\" \/>\n<meta property=\"og:locale\" content=\"es_ES\" \/>\n<meta property=\"og:type\" content=\"article\" \/>\n<meta property=\"og:title\" content=\"Anter System socio de la conferencia industrial - Anter System\" \/>\n<meta property=\"og:description\" content=\"\u00a1\u00danete a nosotros en una reuni\u00f3n dedicada a la transformaci\u00f3n log\u00edstica! El 7 de noviembre tendr\u00e1 lugar en Zabrze la conferencia &quot;Optimizaci\u00f3n de los\" \/>\n<meta property=\"og:url\" content=\"https:\/\/antersystem.com\/es\/noticias\/anter-system-partner-of-the-industry-conference\/\" \/>\n<meta property=\"og:site_name\" content=\"Anter System\" \/>\n<meta property=\"article:modified_time\" content=\"2026-02-04T13:07:04+00:00\" \/>\n<meta property=\"og:image\" content=\"https:\/\/antersystem.com\/wp-content\/uploads\/Konferencja_optymalizacja-procesow-logistycznych-2024-1024x576.jpg\" \/>\n<meta name=\"twitter:card\" content=\"summary_large_image\" \/>\n<meta name=\"twitter:label1\" content=\"Tiempo de lectura\" \/>\n\t<meta name=\"twitter:data1\" content=\"2 minutos\" \/>\n<script type=\"application\/ld+json\" class=\"yoast-schema-graph\">{\"@context\":\"https:\/\/schema.org\",\"@graph\":[{\"@type\":\"WebPage\",\"@id\":\"https:\/\/antersystem.com\/es\/noticias\/anter-system-partner-of-the-industry-conference\/\",\"url\":\"https:\/\/antersystem.com\/es\/noticias\/anter-system-partner-of-the-industry-conference\/\",\"name\":\"Anter System socio de la conferencia industrial - Anter System\",\"isPartOf\":{\"@id\":\"https:\/\/antersystem.com\/es\/#website\"},\"primaryImageOfPage\":{\"@id\":\"https:\/\/antersystem.com\/es\/noticias\/anter-system-partner-of-the-industry-conference\/#primaryimage\"},\"image\":{\"@id\":\"https:\/\/antersystem.com\/es\/noticias\/anter-system-partner-of-the-industry-conference\/#primaryimage\"},\"thumbnailUrl\":\"https:\/\/antersystem.com\/wp-content\/uploads\/Konferencja_optymalizacja-procesow-logistycznych-2024-1024x576.jpg\",\"datePublished\":\"2024-10-22T12:33:00+00:00\",\"dateModified\":\"2026-02-04T13:07:04+00:00\",\"description\":\"\u00a1\u00danete a nosotros en una reuni\u00f3n dedicada a la transformaci\u00f3n log\u00edstica! El 7 de noviembre tendr\u00e1 lugar en Zabrze la conferencia \\\"Optimizaci\u00f3n de los\",\"breadcrumb\":{\"@id\":\"https:\/\/antersystem.com\/es\/noticias\/anter-system-partner-of-the-industry-conference\/#breadcrumb\"},\"inLanguage\":\"es\",\"potentialAction\":[{\"@type\":\"ReadAction\",\"target\":[\"https:\/\/antersystem.com\/es\/noticias\/anter-system-partner-of-the-industry-conference\/\"]}]},{\"@type\":\"ImageObject\",\"inLanguage\":\"es\",\"@id\":\"https:\/\/antersystem.com\/es\/noticias\/anter-system-partner-of-the-industry-conference\/#primaryimage\",\"url\":\"https:\/\/antersystem.com\/wp-content\/uploads\/Konferencja_optymalizacja-procesow-logistycznych-2024-1024x576.jpg\",\"contentUrl\":\"https:\/\/antersystem.com\/wp-content\/uploads\/Konferencja_optymalizacja-procesow-logistycznych-2024-1024x576.jpg\"},{\"@type\":\"BreadcrumbList\",\"@id\":\"https:\/\/antersystem.com\/es\/noticias\/anter-system-partner-of-the-industry-conference\/#breadcrumb\",\"itemListElement\":[{\"@type\":\"ListItem\",\"position\":1,\"name\":\"AnterSystem\",\"item\":\"https:\/\/antersystem.com\/es\/\"},{\"@type\":\"ListItem\",\"position\":2,\"name\":\"Noticias\",\"item\":\"https:\/\/antersystem.com\/es\/noticias\/\"},{\"@type\":\"ListItem\",\"position\":3,\"name\":\"Anter System socio de la conferencia industrial\"}]},{\"@type\":\"WebSite\",\"@id\":\"https:\/\/antersystem.com\/es\/#website\",\"url\":\"https:\/\/antersystem.com\/es\/\",\"name\":\"Anter System\",\"description\":\"Jeste\u015bmy polskim producentem elastycznych barier ochronnych wykonywanych z polimerowych tworzyw sztucznych. Na rynku krajowym i zagranicznym dzia\u0142amy od ponad 15 lat dbaj\u0105c o zapewnienie bezpiecze\u0144stwa w zak\u0142adach produkcyjnych, magazynach oraz centrach logistycznych.\",\"potentialAction\":[{\"@type\":\"SearchAction\",\"target\":{\"@type\":\"EntryPoint\",\"urlTemplate\":\"https:\/\/antersystem.com\/es\/?s={search_term_string}\"},\"query-input\":{\"@type\":\"PropertyValueSpecification\",\"valueRequired\":true,\"valueName\":\"search_term_string\"}}],\"inLanguage\":\"es\"}]}<\/script>\n<!-- \/ Yoast SEO plugin. -->","yoast_head_json":{"title":"Anter System socio de la conferencia industrial - Anter System","description":"\u00a1\u00danete a nosotros en una reuni\u00f3n dedicada a la transformaci\u00f3n log\u00edstica! El 7 de noviembre tendr\u00e1 lugar en Zabrze la conferencia \"Optimizaci\u00f3n de los","robots":{"index":"index","follow":"follow","max-snippet":"max-snippet:-1","max-image-preview":"max-image-preview:large","max-video-preview":"max-video-preview:-1"},"canonical":"https:\/\/antersystem.com\/es\/noticias\/anter-system-partner-of-the-industry-conference\/","og_locale":"es_ES","og_type":"article","og_title":"Anter System socio de la conferencia industrial - Anter System","og_description":"\u00a1\u00danete a nosotros en una reuni\u00f3n dedicada a la transformaci\u00f3n log\u00edstica! El 7 de noviembre tendr\u00e1 lugar en Zabrze la conferencia \"Optimizaci\u00f3n de los","og_url":"https:\/\/antersystem.com\/es\/noticias\/anter-system-partner-of-the-industry-conference\/","og_site_name":"Anter System","article_modified_time":"2026-02-04T13:07:04+00:00","og_image":[{"url":"https:\/\/antersystem.com\/wp-content\/uploads\/Konferencja_optymalizacja-procesow-logistycznych-2024-1024x576.jpg","type":"","width":"","height":""}],"twitter_card":"summary_large_image","twitter_misc":{"Tiempo de lectura":"2 minutos"},"schema":{"@context":"https:\/\/schema.org","@graph":[{"@type":"WebPage","@id":"https:\/\/antersystem.com\/es\/noticias\/anter-system-partner-of-the-industry-conference\/","url":"https:\/\/antersystem.com\/es\/noticias\/anter-system-partner-of-the-industry-conference\/","name":"Anter System socio de la conferencia industrial - Anter System","isPartOf":{"@id":"https:\/\/antersystem.com\/es\/#website"},"primaryImageOfPage":{"@id":"https:\/\/antersystem.com\/es\/noticias\/anter-system-partner-of-the-industry-conference\/#primaryimage"},"image":{"@id":"https:\/\/antersystem.com\/es\/noticias\/anter-system-partner-of-the-industry-conference\/#primaryimage"},"thumbnailUrl":"https:\/\/antersystem.com\/wp-content\/uploads\/Konferencja_optymalizacja-procesow-logistycznych-2024-1024x576.jpg","datePublished":"2024-10-22T12:33:00+00:00","dateModified":"2026-02-04T13:07:04+00:00","description":"\u00a1\u00danete a nosotros en una reuni\u00f3n dedicada a la transformaci\u00f3n log\u00edstica! El 7 de noviembre tendr\u00e1 lugar en Zabrze la conferencia \"Optimizaci\u00f3n de los","breadcrumb":{"@id":"https:\/\/antersystem.com\/es\/noticias\/anter-system-partner-of-the-industry-conference\/#breadcrumb"},"inLanguage":"es","potentialAction":[{"@type":"ReadAction","target":["https:\/\/antersystem.com\/es\/noticias\/anter-system-partner-of-the-industry-conference\/"]}]},{"@type":"ImageObject","inLanguage":"es","@id":"https:\/\/antersystem.com\/es\/noticias\/anter-system-partner-of-the-industry-conference\/#primaryimage","url":"https:\/\/antersystem.com\/wp-content\/uploads\/Konferencja_optymalizacja-procesow-logistycznych-2024-1024x576.jpg","contentUrl":"https:\/\/antersystem.com\/wp-content\/uploads\/Konferencja_optymalizacja-procesow-logistycznych-2024-1024x576.jpg"},{"@type":"BreadcrumbList","@id":"https:\/\/antersystem.com\/es\/noticias\/anter-system-partner-of-the-industry-conference\/#breadcrumb","itemListElement":[{"@type":"ListItem","position":1,"name":"AnterSystem","item":"https:\/\/antersystem.com\/es\/"},{"@type":"ListItem","position":2,"name":"Noticias","item":"https:\/\/antersystem.com\/es\/noticias\/"},{"@type":"ListItem","position":3,"name":"Anter System socio de la conferencia industrial"}]},{"@type":"WebSite","@id":"https:\/\/antersystem.com\/es\/#website","url":"https:\/\/antersystem.com\/es\/","name":"Anter System","description":"Jeste\u015bmy polskim producentem elastycznych barier ochronnych wykonywanych z polimerowych tworzyw sztucznych. Na rynku krajowym i zagranicznym dzia\u0142amy od ponad 15 lat dbaj\u0105c o zapewnienie bezpiecze\u0144stwa w zak\u0142adach produkcyjnych, magazynach oraz centrach logistycznych.","potentialAction":[{"@type":"SearchAction","target":{"@type":"EntryPoint","urlTemplate":"https:\/\/antersystem.com\/es\/?s={search_term_string}"},"query-input":{"@type":"PropertyValueSpecification","valueRequired":true,"valueName":"search_term_string"}}],"inLanguage":"es"}]}},"_links":{"self":[{"href":"https:\/\/antersystem.com\/es\/wp-json\/wp\/v2\/pages\/39647","targetHints":{"allow":["GET"]}}],"collection":[{"href":"https:\/\/antersystem.com\/es\/wp-json\/wp\/v2\/pages"}],"about":[{"href":"https:\/\/antersystem.com\/es\/wp-json\/wp\/v2\/types\/page"}],"author":[{"embeddable":true,"href":"https:\/\/antersystem.com\/es\/wp-json\/wp\/v2\/users\/1"}],"replies":[{"embeddable":true,"href":"https:\/\/antersystem.com\/es\/wp-json\/wp\/v2\/comments?post=39647"}],"version-history":[{"count":1,"href":"https:\/\/antersystem.com\/es\/wp-json\/wp\/v2\/pages\/39647\/revisions"}],"predecessor-version":[{"id":39649,"href":"https:\/\/antersystem.com\/es\/wp-json\/wp\/v2\/pages\/39647\/revisions\/39649"}],"up":[{"embeddable":true,"href":"https:\/\/antersystem.com\/es\/wp-json\/wp\/v2\/pages\/30348"}],"wp:attachment":[{"href":"https:\/\/antersystem.com\/es\/wp-json\/wp\/v2\/media?parent=39647"}],"curies":[{"name":"wp","href":"https:\/\/api.w.org\/{rel}","templated":true}]}}