{"id":39696,"date":"2024-02-28T09:18:11","date_gmt":"2024-02-28T08:18:11","guid":{"rendered":"https:\/\/antersystem.com\/noticias\/mid-magazine-visions-of-safety-wizje-bezpieczenstwa\/"},"modified":"2026-02-04T14:07:26","modified_gmt":"2026-02-04T13:07:26","slug":"mid-magazine-visions-of-safety-wizje-bezpieczenstwa","status":"publish","type":"page","link":"https:\/\/antersystem.com\/es\/noticias\/mid-magazine-visions-of-safety-wizje-bezpieczenstwa\/","title":{"rendered":"Revista MID &#8211; \u00abVisiones de seguridad\u00bb &#8211; \u00abWizje bezpiecze\u0144stwa\u00bb"},"content":{"rendered":"\n<div class=\"wp-block-columns is-layout-flex wp-container-core-columns-is-layout-9d6595d7 wp-block-columns-is-layout-flex\">\n<div class=\"wp-block-column is-layout-flow wp-block-column-is-layout-flow\" style=\"flex-basis:10%\"><\/div>\n\n\n\n<div class=\"wp-block-column is-layout-flow wp-block-column-is-layout-flow\">\n<h3 class=\"wp-block-heading\">MID 97 &#8211; el primer n\u00famero de 2024. \u00bfQu\u00e9 debe guiarte para garantizar que un espacio cumple los requisitos de seguridad? <\/h3>\n\n\n\n<p>El \u00faltimo n\u00famero de la revista MID incluye un art\u00edculo editorial que puede considerarse un manual de salud y seguridad para los planificadores de espacios de almac\u00e9n. El art\u00edculo tiene en cuenta medidas de seguridad relacionadas con la distribuci\u00f3n espacial, la iluminaci\u00f3n, la humedad, las normas de salud y seguridad en el trabajo y el tr\u00e1fico de veh\u00edculos. Tambi\u00e9n se dedica una parte importante a proteger las zonas donde aumenta el riesgo de colisiones. Aqu\u00ed, un Jefe de Proyecto de Anter System proporciona apoyo se\u00f1alando -utilizando barreras de seguridad flexibles como ejemplo- los tipos de peligros que pueden encontrarse en el trabajo diario. El art\u00edculo tambi\u00e9n aborda medidas de protecci\u00f3n m\u00e1s avanzadas, como la automatizaci\u00f3n de procesos y el uso de drones para la gesti\u00f3n de inventarios.    <\/p>\n<p>Los redactores definen las medidas de seguridad seg\u00fan su naturaleza activa o pasiva. Las barreras de seguridad flexibles entran en esta \u00faltima categor\u00eda, lo que no disminuye en absoluto la prioridad de su aplicaci\u00f3n. Con este art\u00edculo en la mano, los lectores pueden reevaluar sus conocimientos sobre la planificaci\u00f3n del espacio en cuanto a su uso eficiente y las operaciones que tienen lugar en \u00e9l.  <\/p>\n<p>\u00a1Te deseamos una lectura agradable!<\/p>\n<\/div>\n\n\n\n<div class=\"wp-block-column is-layout-flow wp-block-column-is-layout-flow\" style=\"flex-basis:10%\"><\/div>\n<\/div>\n\n<div data-wp-interactive=\"core\/file\" class=\"wp-block-file\"><object data-wp-bind--hidden=\"!state.hasPdfPreview\" hidden class=\"wp-block-file__embed\" data=\"https:\/\/antersystem.com\/wp-content\/uploads\/MID_97_1_2024-Anter-System.pdf\" type=\"application\/pdf\" style=\"width:100%;height:600px\" aria-label=\"Incrustado de MID_97_1_2024-Anter-System.\"><\/object><a id=\"wp-block-file--media-c4a79965-4313-4b68-8827-3aa81c41db0a\" href=\"https:\/\/antersystem.com\/wp-content\/uploads\/MID_97_1_2024-Anter-System.pdf\">MID_97_1_2024-Anter-System<\/a><a href=\"https:\/\/antersystem.com\/wp-content\/uploads\/MID_97_1_2024-Anter-System.pdf\" class=\"wp-block-file__button wp-element-button\" download=\"\" aria-describedby=\"wp-block-file--media-c4a79965-4313-4b68-8827-3aa81c41db0a\">Descarga<\/a><\/div>\n","protected":false},"excerpt":{"rendered":"<p>MID 97 &#8211; el primer n\u00famero de 2024. \u00bfQu\u00e9 debe guiarte para garantizar que un espacio cumple los requisitos de seguridad? El \u00faltimo n\u00famero de la revista MID incluye un art\u00edculo editorial que puede considerarse un manual de salud y seguridad para los planificadores de espacios de almac\u00e9n. El art\u00edculo tiene en cuenta medidas de [&hellip;]<\/p>\n","protected":false},"author":1,"featured_media":0,"parent":30348,"menu_order":0,"comment_status":"closed","ping_status":"closed","template":"","meta":{"inline_featured_image":false,"ngg_post_thumbnail":0,"footnotes":""},"class_list":["post-39696","page","type-page","status-publish","hentry"],"acf":[],"yoast_head":"<!-- This site is optimized with the Yoast SEO plugin v27.0 - https:\/\/yoast.com\/product\/yoast-seo-wordpress\/ -->\n<title>Revista MID - &quot;Visiones de seguridad&quot; - &quot;Wizje bezpiecze\u0144stwa&quot; - Anter System<\/title>\n<meta name=\"description\" content=\"MID 97 - el primer n\u00famero de 2024. \u00bfQu\u00e9 debe guiarte para garantizar que un espacio cumple los requisitos de seguridad? El \u00faltimo n\u00famero de la revista MID\" \/>\n<meta name=\"robots\" content=\"index, follow, max-snippet:-1, max-image-preview:large, max-video-preview:-1\" \/>\n<link rel=\"canonical\" href=\"https:\/\/antersystem.com\/es\/noticias\/mid-magazine-visions-of-safety-wizje-bezpieczenstwa\/\" \/>\n<meta property=\"og:locale\" content=\"es_ES\" \/>\n<meta property=\"og:type\" content=\"article\" \/>\n<meta property=\"og:title\" content=\"Revista MID - &quot;Visiones de seguridad&quot; - &quot;Wizje bezpiecze\u0144stwa&quot; - Anter System\" \/>\n<meta property=\"og:description\" content=\"MID 97 - el primer n\u00famero de 2024. \u00bfQu\u00e9 debe guiarte para garantizar que un espacio cumple los requisitos de seguridad? El \u00faltimo n\u00famero de la revista MID\" \/>\n<meta property=\"og:url\" content=\"https:\/\/antersystem.com\/es\/noticias\/mid-magazine-visions-of-safety-wizje-bezpieczenstwa\/\" \/>\n<meta property=\"og:site_name\" content=\"Anter System\" \/>\n<meta property=\"article:modified_time\" content=\"2026-02-04T13:07:26+00:00\" \/>\n<meta name=\"twitter:card\" content=\"summary_large_image\" \/>\n<meta name=\"twitter:label1\" content=\"Tiempo de lectura\" \/>\n\t<meta name=\"twitter:data1\" content=\"1 minuto\" \/>\n<script type=\"application\/ld+json\" class=\"yoast-schema-graph\">{\"@context\":\"https:\/\/schema.org\",\"@graph\":[{\"@type\":\"WebPage\",\"@id\":\"https:\/\/antersystem.com\/es\/noticias\/mid-magazine-visions-of-safety-wizje-bezpieczenstwa\/\",\"url\":\"https:\/\/antersystem.com\/es\/noticias\/mid-magazine-visions-of-safety-wizje-bezpieczenstwa\/\",\"name\":\"Revista MID - \\\"Visiones de seguridad\\\" - \\\"Wizje bezpiecze\u0144stwa\\\" - Anter System\",\"isPartOf\":{\"@id\":\"https:\/\/antersystem.com\/es\/#website\"},\"datePublished\":\"2024-02-28T08:18:11+00:00\",\"dateModified\":\"2026-02-04T13:07:26+00:00\",\"description\":\"MID 97 - el primer n\u00famero de 2024. \u00bfQu\u00e9 debe guiarte para garantizar que un espacio cumple los requisitos de seguridad? El \u00faltimo n\u00famero de la revista MID\",\"breadcrumb\":{\"@id\":\"https:\/\/antersystem.com\/es\/noticias\/mid-magazine-visions-of-safety-wizje-bezpieczenstwa\/#breadcrumb\"},\"inLanguage\":\"es\",\"potentialAction\":[{\"@type\":\"ReadAction\",\"target\":[\"https:\/\/antersystem.com\/es\/noticias\/mid-magazine-visions-of-safety-wizje-bezpieczenstwa\/\"]}]},{\"@type\":\"BreadcrumbList\",\"@id\":\"https:\/\/antersystem.com\/es\/noticias\/mid-magazine-visions-of-safety-wizje-bezpieczenstwa\/#breadcrumb\",\"itemListElement\":[{\"@type\":\"ListItem\",\"position\":1,\"name\":\"AnterSystem\",\"item\":\"https:\/\/antersystem.com\/es\/\"},{\"@type\":\"ListItem\",\"position\":2,\"name\":\"Noticias\",\"item\":\"https:\/\/antersystem.com\/es\/noticias\/\"},{\"@type\":\"ListItem\",\"position\":3,\"name\":\"Revista MID &#8211; &#8220;Visiones de seguridad&#8221; &#8211; &#8220;Wizje bezpiecze\u0144stwa&#8221;\"}]},{\"@type\":\"WebSite\",\"@id\":\"https:\/\/antersystem.com\/es\/#website\",\"url\":\"https:\/\/antersystem.com\/es\/\",\"name\":\"Anter System\",\"description\":\"Jeste\u015bmy polskim producentem elastycznych barier ochronnych wykonywanych z polimerowych tworzyw sztucznych. Na rynku krajowym i zagranicznym dzia\u0142amy od ponad 15 lat dbaj\u0105c o zapewnienie bezpiecze\u0144stwa w zak\u0142adach produkcyjnych, magazynach oraz centrach logistycznych.\",\"potentialAction\":[{\"@type\":\"SearchAction\",\"target\":{\"@type\":\"EntryPoint\",\"urlTemplate\":\"https:\/\/antersystem.com\/es\/?s={search_term_string}\"},\"query-input\":{\"@type\":\"PropertyValueSpecification\",\"valueRequired\":true,\"valueName\":\"search_term_string\"}}],\"inLanguage\":\"es\"}]}<\/script>\n<!-- \/ Yoast SEO plugin. -->","yoast_head_json":{"title":"Revista MID - \"Visiones de seguridad\" - \"Wizje bezpiecze\u0144stwa\" - Anter System","description":"MID 97 - el primer n\u00famero de 2024. \u00bfQu\u00e9 debe guiarte para garantizar que un espacio cumple los requisitos de seguridad? El \u00faltimo n\u00famero de la revista MID","robots":{"index":"index","follow":"follow","max-snippet":"max-snippet:-1","max-image-preview":"max-image-preview:large","max-video-preview":"max-video-preview:-1"},"canonical":"https:\/\/antersystem.com\/es\/noticias\/mid-magazine-visions-of-safety-wizje-bezpieczenstwa\/","og_locale":"es_ES","og_type":"article","og_title":"Revista MID - \"Visiones de seguridad\" - \"Wizje bezpiecze\u0144stwa\" - Anter System","og_description":"MID 97 - el primer n\u00famero de 2024. \u00bfQu\u00e9 debe guiarte para garantizar que un espacio cumple los requisitos de seguridad? El \u00faltimo n\u00famero de la revista MID","og_url":"https:\/\/antersystem.com\/es\/noticias\/mid-magazine-visions-of-safety-wizje-bezpieczenstwa\/","og_site_name":"Anter System","article_modified_time":"2026-02-04T13:07:26+00:00","twitter_card":"summary_large_image","twitter_misc":{"Tiempo de lectura":"1 minuto"},"schema":{"@context":"https:\/\/schema.org","@graph":[{"@type":"WebPage","@id":"https:\/\/antersystem.com\/es\/noticias\/mid-magazine-visions-of-safety-wizje-bezpieczenstwa\/","url":"https:\/\/antersystem.com\/es\/noticias\/mid-magazine-visions-of-safety-wizje-bezpieczenstwa\/","name":"Revista MID - \"Visiones de seguridad\" - \"Wizje bezpiecze\u0144stwa\" - Anter System","isPartOf":{"@id":"https:\/\/antersystem.com\/es\/#website"},"datePublished":"2024-02-28T08:18:11+00:00","dateModified":"2026-02-04T13:07:26+00:00","description":"MID 97 - el primer n\u00famero de 2024. \u00bfQu\u00e9 debe guiarte para garantizar que un espacio cumple los requisitos de seguridad? El \u00faltimo n\u00famero de la revista MID","breadcrumb":{"@id":"https:\/\/antersystem.com\/es\/noticias\/mid-magazine-visions-of-safety-wizje-bezpieczenstwa\/#breadcrumb"},"inLanguage":"es","potentialAction":[{"@type":"ReadAction","target":["https:\/\/antersystem.com\/es\/noticias\/mid-magazine-visions-of-safety-wizje-bezpieczenstwa\/"]}]},{"@type":"BreadcrumbList","@id":"https:\/\/antersystem.com\/es\/noticias\/mid-magazine-visions-of-safety-wizje-bezpieczenstwa\/#breadcrumb","itemListElement":[{"@type":"ListItem","position":1,"name":"AnterSystem","item":"https:\/\/antersystem.com\/es\/"},{"@type":"ListItem","position":2,"name":"Noticias","item":"https:\/\/antersystem.com\/es\/noticias\/"},{"@type":"ListItem","position":3,"name":"Revista MID &#8211; &#8220;Visiones de seguridad&#8221; &#8211; &#8220;Wizje bezpiecze\u0144stwa&#8221;"}]},{"@type":"WebSite","@id":"https:\/\/antersystem.com\/es\/#website","url":"https:\/\/antersystem.com\/es\/","name":"Anter System","description":"Jeste\u015bmy polskim producentem elastycznych barier ochronnych wykonywanych z polimerowych tworzyw sztucznych. Na rynku krajowym i zagranicznym dzia\u0142amy od ponad 15 lat dbaj\u0105c o zapewnienie bezpiecze\u0144stwa w zak\u0142adach produkcyjnych, magazynach oraz centrach logistycznych.","potentialAction":[{"@type":"SearchAction","target":{"@type":"EntryPoint","urlTemplate":"https:\/\/antersystem.com\/es\/?s={search_term_string}"},"query-input":{"@type":"PropertyValueSpecification","valueRequired":true,"valueName":"search_term_string"}}],"inLanguage":"es"}]}},"_links":{"self":[{"href":"https:\/\/antersystem.com\/es\/wp-json\/wp\/v2\/pages\/39696","targetHints":{"allow":["GET"]}}],"collection":[{"href":"https:\/\/antersystem.com\/es\/wp-json\/wp\/v2\/pages"}],"about":[{"href":"https:\/\/antersystem.com\/es\/wp-json\/wp\/v2\/types\/page"}],"author":[{"embeddable":true,"href":"https:\/\/antersystem.com\/es\/wp-json\/wp\/v2\/users\/1"}],"replies":[{"embeddable":true,"href":"https:\/\/antersystem.com\/es\/wp-json\/wp\/v2\/comments?post=39696"}],"version-history":[{"count":1,"href":"https:\/\/antersystem.com\/es\/wp-json\/wp\/v2\/pages\/39696\/revisions"}],"predecessor-version":[{"id":39697,"href":"https:\/\/antersystem.com\/es\/wp-json\/wp\/v2\/pages\/39696\/revisions\/39697"}],"up":[{"embeddable":true,"href":"https:\/\/antersystem.com\/es\/wp-json\/wp\/v2\/pages\/30348"}],"wp:attachment":[{"href":"https:\/\/antersystem.com\/es\/wp-json\/wp\/v2\/media?parent=39696"}],"curies":[{"name":"wp","href":"https:\/\/api.w.org\/{rel}","templated":true}]}}