{"id":39896,"date":"2025-11-07T14:23:00","date_gmt":"2025-11-07T13:23:00","guid":{"rendered":"https:\/\/antersystem.com\/noticias\/warsaw-industry-week-2025\/"},"modified":"2025-11-07T14:23:00","modified_gmt":"2025-11-07T13:23:00","slug":"warsaw-industry-week-2025","status":"publish","type":"page","link":"https:\/\/antersystem.com\/es\/noticias\/warsaw-industry-week-2025\/","title":{"rendered":"Warsaw Industry Week 2025"},"content":{"rendered":"<p>Este a\u00f1o, nuestro equipo tuvo de nuevo el placer de participar en <strong>la Warsaw Industry Week<\/strong>. La 9\u00aa edici\u00f3n reuni\u00f3 a empresas l\u00edderes, expertos y entusiastas de la tecnolog\u00eda durante tres d\u00edas llenos de innovaci\u00f3n, inspiraci\u00f3n y valiosas conversaciones. Fue una gran oportunidad para volver a conectar con profesionales del sector, conocer a nuevos socios y explorar las \u00faltimas tendencias que configuran el futuro de la fabricaci\u00f3n.  <\/p>\n<p>La feria de este a\u00f1o fue impresionante en tama\u00f1o y alcance, con m\u00e1s de 500 expositores y 22.573 visitantes de toda Polonia y del extranjero. Cada pabell\u00f3n ofrec\u00eda la oportunidad de explorar las \u00faltimas soluciones industriales, presenciar demostraciones en directo y conectar con innovadores de toda la regi\u00f3n, lo que la convert\u00eda en un entorno inspirador para el aprendizaje y el intercambio de ideas. <\/p>\n<p>Este a\u00f1o ha sido especialmente especial para nosotros. Tuvimos el honor de recibir <strong>las Medallas de la Feria de Calidad e Innovaci\u00f3n<\/strong> en dos categor\u00edas distintas: <\/p>\n<ol>\n<li><strong>Innovaci\u00f3n<\/strong> &#8211; premiados por nuestras soluciones avanzadas de seguridad<\/li>\n<li><strong>Stand de feria<\/strong> &#8211; reconocer nuestro dise\u00f1o de exposici\u00f3n y presentaci\u00f3n<\/li>\n<\/ol>\n<p>Estas distinciones ponen de relieve tanto nuestras ambiciones tecnol\u00f3gicas como la atenci\u00f3n que dedicamos a la forma de comunicar y mostrar nuestro trabajo.<\/p>\n<p>Una vez m\u00e1s, la Warsaw Industry Week result\u00f3 ser una experiencia inestimable para nuestro equipo. Inspirados por la feria, nos llevamos nuevas ideas, conexiones significativas y conocimientos que guiar\u00e1n nuestras futuras innovaciones en la industria manufacturera. <\/p>\n","protected":false},"excerpt":{"rendered":"<p>Este a\u00f1o, nuestro equipo tuvo de nuevo el placer de participar en la Warsaw Industry Week. La 9\u00aa edici\u00f3n reuni\u00f3 a empresas l\u00edderes, expertos y entusiastas de la tecnolog\u00eda durante tres d\u00edas llenos de innovaci\u00f3n, inspiraci\u00f3n y valiosas conversaciones. Fue una gran oportunidad para volver a conectar con profesionales del sector, conocer a nuevos socios [&hellip;]<\/p>\n","protected":false},"author":11,"featured_media":39843,"parent":30348,"menu_order":0,"comment_status":"closed","ping_status":"closed","template":"","meta":{"inline_featured_image":false,"ngg_post_thumbnail":0,"footnotes":""},"class_list":["post-39896","page","type-page","status-publish","has-post-thumbnail","hentry"],"acf":[],"yoast_head":"<!-- This site is optimized with the Yoast SEO plugin v27.0 - https:\/\/yoast.com\/product\/yoast-seo-wordpress\/ -->\n<title>Warsaw Industry Week 2025 - Anter System<\/title>\n<meta name=\"description\" content=\"Este a\u00f1o, nuestro equipo tuvo de nuevo el placer de participar en la Warsaw Industry Week. La 9\u00aa edici\u00f3n reuni\u00f3 a empresas l\u00edderes, expertos y entusiastas\" \/>\n<meta name=\"robots\" content=\"index, follow, max-snippet:-1, max-image-preview:large, max-video-preview:-1\" \/>\n<link rel=\"canonical\" href=\"https:\/\/antersystem.com\/es\/noticias\/warsaw-industry-week-2025\/\" \/>\n<meta property=\"og:locale\" content=\"es_ES\" \/>\n<meta property=\"og:type\" content=\"article\" \/>\n<meta property=\"og:title\" content=\"Warsaw Industry Week 2025 - Anter System\" \/>\n<meta property=\"og:description\" content=\"Este a\u00f1o, nuestro equipo tuvo de nuevo el placer de participar en la Warsaw Industry Week. La 9\u00aa edici\u00f3n reuni\u00f3 a empresas l\u00edderes, expertos y entusiastas\" \/>\n<meta property=\"og:url\" content=\"https:\/\/antersystem.com\/es\/noticias\/warsaw-industry-week-2025\/\" \/>\n<meta property=\"og:site_name\" content=\"Anter System\" \/>\n<meta property=\"og:image\" content=\"https:\/\/antersystem.com\/wp-content\/uploads\/WIW2025-01.webp\" \/>\n\t<meta property=\"og:image:width\" content=\"2001\" \/>\n\t<meta property=\"og:image:height\" content=\"1001\" \/>\n\t<meta property=\"og:image:type\" content=\"image\/webp\" \/>\n<meta name=\"twitter:card\" content=\"summary_large_image\" \/>\n<meta name=\"twitter:label1\" content=\"Tiempo de lectura\" \/>\n\t<meta name=\"twitter:data1\" content=\"1 minuto\" \/>\n<script type=\"application\/ld+json\" class=\"yoast-schema-graph\">{\"@context\":\"https:\/\/schema.org\",\"@graph\":[{\"@type\":\"WebPage\",\"@id\":\"https:\/\/antersystem.com\/es\/noticias\/warsaw-industry-week-2025\/\",\"url\":\"https:\/\/antersystem.com\/es\/noticias\/warsaw-industry-week-2025\/\",\"name\":\"Warsaw Industry Week 2025 - Anter System\",\"isPartOf\":{\"@id\":\"https:\/\/antersystem.com\/es\/#website\"},\"primaryImageOfPage\":{\"@id\":\"https:\/\/antersystem.com\/es\/noticias\/warsaw-industry-week-2025\/#primaryimage\"},\"image\":{\"@id\":\"https:\/\/antersystem.com\/es\/noticias\/warsaw-industry-week-2025\/#primaryimage\"},\"thumbnailUrl\":\"https:\/\/antersystem.com\/wp-content\/uploads\/WIW2025-01.webp\",\"datePublished\":\"2025-11-07T13:23:00+00:00\",\"description\":\"Este a\u00f1o, nuestro equipo tuvo de nuevo el placer de participar en la Warsaw Industry Week. La 9\u00aa edici\u00f3n reuni\u00f3 a empresas l\u00edderes, expertos y entusiastas\",\"breadcrumb\":{\"@id\":\"https:\/\/antersystem.com\/es\/noticias\/warsaw-industry-week-2025\/#breadcrumb\"},\"inLanguage\":\"es\",\"potentialAction\":[{\"@type\":\"ReadAction\",\"target\":[\"https:\/\/antersystem.com\/es\/noticias\/warsaw-industry-week-2025\/\"]}]},{\"@type\":\"ImageObject\",\"inLanguage\":\"es\",\"@id\":\"https:\/\/antersystem.com\/es\/noticias\/warsaw-industry-week-2025\/#primaryimage\",\"url\":\"https:\/\/antersystem.com\/wp-content\/uploads\/WIW2025-01.webp\",\"contentUrl\":\"https:\/\/antersystem.com\/wp-content\/uploads\/WIW2025-01.webp\",\"width\":2001,\"height\":1001},{\"@type\":\"BreadcrumbList\",\"@id\":\"https:\/\/antersystem.com\/es\/noticias\/warsaw-industry-week-2025\/#breadcrumb\",\"itemListElement\":[{\"@type\":\"ListItem\",\"position\":1,\"name\":\"AnterSystem\",\"item\":\"https:\/\/antersystem.com\/es\/\"},{\"@type\":\"ListItem\",\"position\":2,\"name\":\"Noticias\",\"item\":\"https:\/\/antersystem.com\/es\/noticias\/\"},{\"@type\":\"ListItem\",\"position\":3,\"name\":\"Warsaw Industry Week 2025\"}]},{\"@type\":\"WebSite\",\"@id\":\"https:\/\/antersystem.com\/es\/#website\",\"url\":\"https:\/\/antersystem.com\/es\/\",\"name\":\"Anter System\",\"description\":\"Jeste\u015bmy polskim producentem elastycznych barier ochronnych wykonywanych z polimerowych tworzyw sztucznych. Na rynku krajowym i zagranicznym dzia\u0142amy od ponad 15 lat dbaj\u0105c o zapewnienie bezpiecze\u0144stwa w zak\u0142adach produkcyjnych, magazynach oraz centrach logistycznych.\",\"potentialAction\":[{\"@type\":\"SearchAction\",\"target\":{\"@type\":\"EntryPoint\",\"urlTemplate\":\"https:\/\/antersystem.com\/es\/?s={search_term_string}\"},\"query-input\":{\"@type\":\"PropertyValueSpecification\",\"valueRequired\":true,\"valueName\":\"search_term_string\"}}],\"inLanguage\":\"es\"}]}<\/script>\n<!-- \/ Yoast SEO plugin. -->","yoast_head_json":{"title":"Warsaw Industry Week 2025 - Anter System","description":"Este a\u00f1o, nuestro equipo tuvo de nuevo el placer de participar en la Warsaw Industry Week. La 9\u00aa edici\u00f3n reuni\u00f3 a empresas l\u00edderes, expertos y entusiastas","robots":{"index":"index","follow":"follow","max-snippet":"max-snippet:-1","max-image-preview":"max-image-preview:large","max-video-preview":"max-video-preview:-1"},"canonical":"https:\/\/antersystem.com\/es\/noticias\/warsaw-industry-week-2025\/","og_locale":"es_ES","og_type":"article","og_title":"Warsaw Industry Week 2025 - Anter System","og_description":"Este a\u00f1o, nuestro equipo tuvo de nuevo el placer de participar en la Warsaw Industry Week. La 9\u00aa edici\u00f3n reuni\u00f3 a empresas l\u00edderes, expertos y entusiastas","og_url":"https:\/\/antersystem.com\/es\/noticias\/warsaw-industry-week-2025\/","og_site_name":"Anter System","og_image":[{"width":2001,"height":1001,"url":"https:\/\/antersystem.com\/wp-content\/uploads\/WIW2025-01.webp","type":"image\/webp"}],"twitter_card":"summary_large_image","twitter_misc":{"Tiempo de lectura":"1 minuto"},"schema":{"@context":"https:\/\/schema.org","@graph":[{"@type":"WebPage","@id":"https:\/\/antersystem.com\/es\/noticias\/warsaw-industry-week-2025\/","url":"https:\/\/antersystem.com\/es\/noticias\/warsaw-industry-week-2025\/","name":"Warsaw Industry Week 2025 - Anter System","isPartOf":{"@id":"https:\/\/antersystem.com\/es\/#website"},"primaryImageOfPage":{"@id":"https:\/\/antersystem.com\/es\/noticias\/warsaw-industry-week-2025\/#primaryimage"},"image":{"@id":"https:\/\/antersystem.com\/es\/noticias\/warsaw-industry-week-2025\/#primaryimage"},"thumbnailUrl":"https:\/\/antersystem.com\/wp-content\/uploads\/WIW2025-01.webp","datePublished":"2025-11-07T13:23:00+00:00","description":"Este a\u00f1o, nuestro equipo tuvo de nuevo el placer de participar en la Warsaw Industry Week. La 9\u00aa edici\u00f3n reuni\u00f3 a empresas l\u00edderes, expertos y entusiastas","breadcrumb":{"@id":"https:\/\/antersystem.com\/es\/noticias\/warsaw-industry-week-2025\/#breadcrumb"},"inLanguage":"es","potentialAction":[{"@type":"ReadAction","target":["https:\/\/antersystem.com\/es\/noticias\/warsaw-industry-week-2025\/"]}]},{"@type":"ImageObject","inLanguage":"es","@id":"https:\/\/antersystem.com\/es\/noticias\/warsaw-industry-week-2025\/#primaryimage","url":"https:\/\/antersystem.com\/wp-content\/uploads\/WIW2025-01.webp","contentUrl":"https:\/\/antersystem.com\/wp-content\/uploads\/WIW2025-01.webp","width":2001,"height":1001},{"@type":"BreadcrumbList","@id":"https:\/\/antersystem.com\/es\/noticias\/warsaw-industry-week-2025\/#breadcrumb","itemListElement":[{"@type":"ListItem","position":1,"name":"AnterSystem","item":"https:\/\/antersystem.com\/es\/"},{"@type":"ListItem","position":2,"name":"Noticias","item":"https:\/\/antersystem.com\/es\/noticias\/"},{"@type":"ListItem","position":3,"name":"Warsaw Industry Week 2025"}]},{"@type":"WebSite","@id":"https:\/\/antersystem.com\/es\/#website","url":"https:\/\/antersystem.com\/es\/","name":"Anter System","description":"Jeste\u015bmy polskim producentem elastycznych barier ochronnych wykonywanych z polimerowych tworzyw sztucznych. Na rynku krajowym i zagranicznym dzia\u0142amy od ponad 15 lat dbaj\u0105c o zapewnienie bezpiecze\u0144stwa w zak\u0142adach produkcyjnych, magazynach oraz centrach logistycznych.","potentialAction":[{"@type":"SearchAction","target":{"@type":"EntryPoint","urlTemplate":"https:\/\/antersystem.com\/es\/?s={search_term_string}"},"query-input":{"@type":"PropertyValueSpecification","valueRequired":true,"valueName":"search_term_string"}}],"inLanguage":"es"}]}},"_links":{"self":[{"href":"https:\/\/antersystem.com\/es\/wp-json\/wp\/v2\/pages\/39896","targetHints":{"allow":["GET"]}}],"collection":[{"href":"https:\/\/antersystem.com\/es\/wp-json\/wp\/v2\/pages"}],"about":[{"href":"https:\/\/antersystem.com\/es\/wp-json\/wp\/v2\/types\/page"}],"author":[{"embeddable":true,"href":"https:\/\/antersystem.com\/es\/wp-json\/wp\/v2\/users\/11"}],"replies":[{"embeddable":true,"href":"https:\/\/antersystem.com\/es\/wp-json\/wp\/v2\/comments?post=39896"}],"version-history":[{"count":0,"href":"https:\/\/antersystem.com\/es\/wp-json\/wp\/v2\/pages\/39896\/revisions"}],"up":[{"embeddable":true,"href":"https:\/\/antersystem.com\/es\/wp-json\/wp\/v2\/pages\/30348"}],"wp:featuredmedia":[{"embeddable":true,"href":"https:\/\/antersystem.com\/es\/wp-json\/wp\/v2\/media\/39843"}],"wp:attachment":[{"href":"https:\/\/antersystem.com\/es\/wp-json\/wp\/v2\/media?parent=39896"}],"curies":[{"name":"wp","href":"https:\/\/api.w.org\/{rel}","templated":true}]}}