{"id":40070,"date":"2026-02-12T13:00:38","date_gmt":"2026-02-12T12:00:38","guid":{"rendered":"https:\/\/antersystem.com\/case-studies\/hygiene-focused-safety-in-food-production\/"},"modified":"2026-02-12T13:06:33","modified_gmt":"2026-02-12T12:06:33","slug":"hygiene-focused-safety-in-food-production","status":"publish","type":"page","link":"https:\/\/antersystem.com\/es\/case-studies\/hygiene-focused-safety-in-food-production\/","title":{"rendered":"Seguridad Higi\u00e9nica en la Producci\u00f3n Alimentaria"},"content":{"rendered":"\n<h2 class=\"wp-block-heading\">Un enfoque responsable de la seguridad y la higiene en una instalaci\u00f3n de producci\u00f3n de alimentos<\/h2>\n\n<div class=\"wp-block-media-text has-media-on-the-right is-stacked-on-mobile is-image-fill-element\" style=\"grid-template-columns:auto 35%\"><div class=\"wp-block-media-text__content\">\n<h3 class=\"wp-block-heading\">Una misi\u00f3n compartida: seguridad e innovaci\u00f3n<\/h3>\n\n\n\n<p>El cliente es un fabricante europeo que opera en el campo de la nutrici\u00f3n m\u00e9dica y la producci\u00f3n de alimentos infantiles. Su misi\u00f3n se centra en proporcionar una atenci\u00f3n nutricional de la m\u00e1xima calidad a las personas en los momentos m\u00e1s vulnerables de la vida. Esta declaraci\u00f3n de responsabilidad debe ir acompa\u00f1ada de los <strong>m\u00e1s altos niveles de seguridad e higiene<\/strong> en el proceso de producci\u00f3n.  <\/p>\n\n\n\n<p>Anter System, como fabricante de soluciones de seguridad modernas, se ajusta perfectamente a estas necesidades ofreciendo sistemas que apoyan esta misi\u00f3n mediante <strong>mejoras reales de la seguridad y la limpieza<\/strong> en el entorno de producci\u00f3n.<\/p>\n\n\n\n<h3 class=\"wp-block-heading\">Cooperaci\u00f3n a largo plazo<\/h3>\n\n\n\n<p>Anter System lleva m\u00e1s de 10 a\u00f1os colaborando con los centros de producci\u00f3n que operan en esta organizaci\u00f3n industrial, realizando sucesivas instalaciones de sistemas de seguridad flexibles. Durante este tiempo, se han completado m\u00e1s de 20 proyectos, cada uno de ellos adaptado a <strong>los requisitos individuales y a los elevados est\u00e1ndares operativos<\/strong>. <\/p>\n\n\n\n<p><strong>Las primeras barreras instaladas al principio de esta cooperaci\u00f3n a largo plazo siguen utiliz\u00e1ndose hoy en d\u00eda<\/strong> en las instalaciones de producci\u00f3n, sin necesidad de sustituirlas ni renovarlas. Esto es una prueba clara de la <strong>durabilidad y calidad<\/strong> de las soluciones aplicadas, que se traduce directamente en confianza a largo plazo. <\/p>\n<\/div><figure class=\"wp-block-media-text__media\"><img loading=\"lazy\" decoding=\"async\" width=\"801\" height=\"1001\" src=\"https:\/\/antersystem.com\/wp-content\/uploads\/case-study-hygiene-12.webp\" alt=\"\" class=\"wp-image-39969 size-full\" style=\"object-position:50% 50%\" srcset=\"https:\/\/antersystem.com\/wp-content\/uploads\/case-study-hygiene-12.webp 801w, https:\/\/antersystem.com\/wp-content\/uploads\/case-study-hygiene-12-240x300.webp 240w, https:\/\/antersystem.com\/wp-content\/uploads\/case-study-hygiene-12-768x960.webp 768w, https:\/\/antersystem.com\/wp-content\/uploads\/case-study-hygiene-12-450x562.webp 450w, https:\/\/antersystem.com\/wp-content\/uploads\/case-study-hygiene-12-330x412.webp 330w\" sizes=\"auto, (max-width: 801px) 100vw, 801px\" \/><\/figure><\/div>\n\n<div style=\"height:20px\" aria-hidden=\"true\" class=\"wp-block-spacer\"><\/div>\n\n<div class=\"wp-block-media-text is-stacked-on-mobile\" style=\"grid-template-columns:35% auto\"><figure class=\"wp-block-media-text__media\"><img loading=\"lazy\" decoding=\"async\" width=\"801\" height=\"1001\" src=\"https:\/\/antersystem.com\/wp-content\/uploads\/case-study-hygiene-13.webp\" alt=\"\" class=\"wp-image-39984 size-full\" srcset=\"https:\/\/antersystem.com\/wp-content\/uploads\/case-study-hygiene-13.webp 801w, https:\/\/antersystem.com\/wp-content\/uploads\/case-study-hygiene-13-240x300.webp 240w, https:\/\/antersystem.com\/wp-content\/uploads\/case-study-hygiene-13-768x960.webp 768w, https:\/\/antersystem.com\/wp-content\/uploads\/case-study-hygiene-13-450x562.webp 450w, https:\/\/antersystem.com\/wp-content\/uploads\/case-study-hygiene-13-330x412.webp 330w\" sizes=\"auto, (max-width: 801px) 100vw, 801px\" \/><\/figure><div class=\"wp-block-media-text__content\">\n<h3 class=\"wp-block-heading\">Higiene bajo control: seguridad sin concesiones<\/h3>\n\n\n\n<p>La producci\u00f3n de alimentos, especialmente para <strong>lactantes y personas con necesidades m\u00e9dicas espec\u00edficas<\/strong>, requiere<br\/><strong>absolutamente los m\u00e1s altos niveles de limpieza<\/strong>. En tales instalaciones, <strong>no hay lugar para el compromiso<\/strong><br\/>&#8211; cada elemento del equipo debe apoyar la seguridad y cumplir <strong>estrictos requisitos sanitarios<\/strong>. <\/p>\n\n\n\n<p>Una soluci\u00f3n habitual en muchas plantas industriales son las barreras de seguridad de acero. Sin embargo, en zonas con elevadas normas de higiene, su uso entra\u00f1a una serie de riesgos, como el desconchado de la pintura, la susceptibilidad a la corrosi\u00f3n y la necesidad de mantenimiento peri\u00f3dico. Las barreras de acero inoxidable, por otra parte, son una opci\u00f3n costosa, y en caso de da\u00f1os por impacto suelen requerir una sustituci\u00f3n completa, lo que genera costes adicionales y aumenta el riesgo de paradas de producci\u00f3n. En entornos donde <strong>la higiene y la fiabilidad<\/strong> son tan importantes como la durabilidad, una estrategia de protecci\u00f3n de este tipo resulta insuficiente.   <\/p>\n\n\n\n<p>Por este motivo, el cliente decidi\u00f3 implantar barreras de seguridad flexibles Anter System. Estas soluciones se dise\u00f1aron espec\u00edficamente para entornos con <strong>requisitos especialmente exigentes<\/strong>. Los materiales utilizados para fabricar las barreras:  <\/p>\n\n\n\n<ul class=\"wp-block-list\">\n<li>son resistentes a la corrosi\u00f3n,<\/li>\n\n\n\n<li>no se astillan ni se pelan,<\/li>\n\n\n\n<li>se colorean en todo el material, manteniendo su est\u00e9tica,<\/li>\n\n\n\n<li>cumplen las estrictas normas HACCP y de la FDA,<\/li>\n\n\n\n<li>son f\u00e1ciles de mantener limpios,<\/li>\n\n\n\n<li>est\u00e1n disponibles en versiones con fijaci\u00f3n interna, lo que limita la formaci\u00f3n de huecos donde podr\u00eda acumularse la suciedad y elimina el riesgo de corrosi\u00f3n de los elementos de fijaci\u00f3n.<\/li>\n<\/ul>\n\n\n\n<p>Al elegir barreras de seguridad flexibles, el cliente pudo garantizar el <strong>m\u00e1ximo nivel de seguridad<\/strong>, tanto para los empleados como para el producto. Esta decisi\u00f3n confirma el firme compromiso de mantener <strong>unos niveles de calidad mundial<\/strong> en todas las \u00e1reas de la planta de producci\u00f3n. <\/p>\n<\/div><\/div>\n\n<h3 class=\"wp-block-heading\">Suelos protegidos: cuando la seguridad empieza desde abajo<\/h3>\n\n<p>La planta de producci\u00f3n utiliza suelos de resina especializados con propiedades antiest\u00e1ticas, esenciales para mantener la <strong>esterilidad y la seguridad operativa<\/strong>. Estos suelos representan una inversi\u00f3n importante, y cualquier da\u00f1o no s\u00f3lo supondr\u00eda elevados costes de reparaci\u00f3n, sino tambi\u00e9n posibles paradas de producci\u00f3n. <\/p>\n\n<p>Las barreras de seguridad flexibles de Anter System no s\u00f3lo protegen a las personas y la maquinaria, sino que tambi\u00e9n reducen significativamente <strong>el riesgo de da\u00f1os en el suelo<\/strong>:<\/p>\n\n<ul class=\"wp-block-list\">\n<li>se deforman con el impacto y vuelven a su forma original,<\/li>\n\n\n\n<li>minimizan la fuerza transferida del impacto a los anclajes y fijaciones,<\/li>\n\n\n\n<li>Requieren hasta un 50% menos de fijaciones que las alternativas de acero, reduciendo significativamente las interferencias con la estructura del suelo.<\/li>\n<\/ul>\n\n<p>Gracias a estas caracter\u00edsticas, la inversi\u00f3n en barreras de seguridad flexibles protege eficazmente los suelos, <strong>limita el riesgo de paradas de producci\u00f3n y garantiza la continuidad de las operaciones<\/strong> incluso en las condiciones m\u00e1s exigentes.<\/p>\n\n<div class=\"wp-block-media-text is-stacked-on-mobile\" style=\"grid-template-columns:35% auto\"><figure class=\"wp-block-media-text__media\"><img loading=\"lazy\" decoding=\"async\" width=\"801\" height=\"1001\" src=\"https:\/\/antersystem.com\/wp-content\/uploads\/case-study-hygiene-11.webp\" alt=\"\" class=\"wp-image-39999 size-full\" srcset=\"https:\/\/antersystem.com\/wp-content\/uploads\/case-study-hygiene-11.webp 801w, https:\/\/antersystem.com\/wp-content\/uploads\/case-study-hygiene-11-240x300.webp 240w, https:\/\/antersystem.com\/wp-content\/uploads\/case-study-hygiene-11-768x960.webp 768w, https:\/\/antersystem.com\/wp-content\/uploads\/case-study-hygiene-11-450x562.webp 450w, https:\/\/antersystem.com\/wp-content\/uploads\/case-study-hygiene-11-330x412.webp 330w\" sizes=\"auto, (max-width: 801px) 100vw, 801px\" \/><\/figure><div class=\"wp-block-media-text__content\">\n<h3 class=\"wp-block-heading\">Confort del operador = menos accidentes<\/h3>\n\n\n\n<p>Las barreras est\u00e1n dise\u00f1adas no s\u00f3lo para durar, sino tambi\u00e9n pensando en <strong>la ergonom\u00eda y la visibilidad<\/strong>. El <strong>color amarillo brillante<\/strong> de los elementos Anter System mejora significativamente la visibilidad para los operadores de carretillas elevadoras, reduciendo el riesgo de colisiones en comparaci\u00f3n con las barreras de acero galvanizado con bajo contraste visual. <\/p>\n\n\n\n<p>Adem\u00e1s, las barreras <strong>no tienen bordes afilados<\/strong>, un factor importante para proteger las mercanc\u00edas transportadas en carretillas elevadoras, como los preparados en polvo para lactantes, y, sobre todo, para salvaguardar la salud de los empleados.<\/p>\n\n\n\n<h3 class=\"wp-block-heading\">Un enfoque inteligente de la organizaci\u00f3n espacial<\/h3>\n\n\n\n<p>Los <strong>pasillos estrechos y el espacio de trabajo limitado<\/strong> son retos habituales en las instalaciones de producci\u00f3n. En este caso, se requer\u00eda un <strong>enfoque flexible de la zonificaci\u00f3n<\/strong>, manteniendo al mismo tiempo la fluidez de los procesos y un <strong>alto nivel de seguridad<\/strong>. <\/p>\n\n\n\n<p>El <strong>dise\u00f1o modular<\/strong> de nuestras barreras permite la adaptaci\u00f3n de los trazados a la geometr\u00eda de la nave, cambios r\u00e1pidos durante la reorganizaci\u00f3n de la producci\u00f3n y la optimizaci\u00f3n de las rutas de tr\u00e1fico de peatones y veh\u00edculos. Los asesores t\u00e9cnicos apoyaron el proyecto no s\u00f3lo con productos, sino tambi\u00e9n con <strong>conocimientos relacionados con la planificaci\u00f3n del flujo de tr\u00e1fico<\/strong> y la colocaci\u00f3n \u00f3ptima de los pasos de peatones, garantizando que las operaciones diarias sean <strong>eficientes<\/strong> y <strong>lo m\u00e1s seguras posible<\/strong>. <\/p>\n\n\n\n<h3 class=\"wp-block-heading\">Teniendo en cuenta el clima<\/h3>\n\n\n\n<p>El cliente est\u00e1 aplicando una <strong>estrategia a largo plazo<\/strong> destinada a reducir <strong>las emisiones de gases de efecto invernadero<\/strong> y alcanzar <strong>objetivos de Red Cero<\/strong>. La elecci\u00f3n de <strong>barreras de seguridad<\/strong> flexibles apoya este planteamiento. Las barreras flexibles generan una <strong>huella de carbono hasta cinco veces menor<\/strong> que las barreras de acero.  <\/p>\n<\/div><\/div>\n\n<h3 class=\"wp-block-heading\">Productos utilizados<\/h3>\n\n<p>Como parte del proyecto, se suministraron e instalaron las siguientes soluciones:<\/p>\n\n<p><strong><a href=\"https:\/\/antersystem.com\/es\/productos\/traffic-r3-gb-barrier\/\" target=\"_blank\" rel=\"noopener\">Barreras flexibles Traffic R3 GB<\/a> <\/strong>&#8211; para crear v\u00edas de circulaci\u00f3n y proteger tanto a los peatones como a la maquinaria, con un perfil GB m\u00e1s bajo que impide que las horquillas de las carretillas elevadoras pasen por debajo de la barrera.<\/p>\n\n<p><strong><a href=\"https:\/\/antersystem.com\/es\/productos\/sga-safety-gate-stop\/\" target=\"_blank\" rel=\"noopener\">Puertas de seguridad SGA<\/a><\/strong> con pictogramas, de apertura unidireccional: una barrera f\u00edsica que protege a los peatones de entrar accidentalmente en las v\u00edas de circulaci\u00f3n de las carretillas elevadoras.<\/p>\n\n<p><strong><a href=\"https:\/\/antersystem.com\/es\/productos\/pa-safety-bollard\/\" target=\"_blank\" rel=\"noopener\">Bolardos de seguridad PA<\/a> <\/strong>&#8211; instalados en las puertas de entrada, flexibles y resistentes a los impactos repetidos, protegen los elementos estructurales en las zonas con mayor n\u00famero de maniobras.<\/p>\n\n<p><strong><a href=\"https:\/\/antersystem.com\/es\/productos\/slide-gate-r3\/\" target=\"_blank\" rel=\"noopener\">Puertas correderas de seguridad Slide Gate R3<\/a><\/strong> &#8211; permiten el movimiento de materiales entre v\u00edas de circulaci\u00f3n y una gesti\u00f3n flexible del espacio.<\/p>\n\n<h3 class=\"wp-block-heading\">\u00bfEl resultado? Operaciones cotidianas m\u00e1s seguras y una ventaja m\u00e1s s\u00f3lida. <\/h3>\n\n<p>La implantaci\u00f3n de barreras de seguridad flexibles Anter System en esta planta de producci\u00f3n va mucho m\u00e1s all\u00e1 de la protecci\u00f3n est\u00e1ndar del espacio. Desde el principio del dise\u00f1o de las instalaciones, el objetivo era garantizar los <strong>m\u00e1s altos niveles de seguridad, higiene y eficacia<\/strong>. Este enfoque supone una aut\u00e9ntica ventaja competitiva, porque la seguridad no debe tratarse como un a\u00f1adido, sino como la base de las operaciones.  <\/p>\n\n<h3 class=\"wp-block-heading\">Resumen<\/h3>\n\n<p>En Anter System creemos que <strong>la verdadera innovaci\u00f3n resuelve problemas reales y aporta valor a largo plazo<\/strong>. La cooperaci\u00f3n con fabricantes exigentes del sector de la alimentaci\u00f3n y la nutrici\u00f3n m\u00e9dica nos permite crear soluciones duraderas que mejoran realmente la seguridad, apoyan el desarrollo sostenible y elevan los est\u00e1ndares en industrias enteras. <\/p>\n\nngg_shortcode_0_placeholder\n","protected":false},"excerpt":{"rendered":"<p>Un enfoque responsable de la seguridad y la higiene en una instalaci\u00f3n de producci\u00f3n de alimentos Una misi\u00f3n compartida: seguridad e innovaci\u00f3n El cliente es un fabricante europeo que opera en el campo de la nutrici\u00f3n m\u00e9dica y la producci\u00f3n de alimentos infantiles. Su misi\u00f3n se centra en proporcionar una atenci\u00f3n nutricional de la m\u00e1xima [&hellip;]<\/p>\n","protected":false},"author":11,"featured_media":40043,"parent":12690,"menu_order":0,"comment_status":"closed","ping_status":"closed","template":"","meta":{"inline_featured_image":false,"ngg_post_thumbnail":0,"footnotes":""},"class_list":["post-40070","page","type-page","status-publish","has-post-thumbnail","hentry"],"acf":[],"yoast_head":"<!-- This site is optimized with the Yoast SEO plugin v27.0 - https:\/\/yoast.com\/product\/yoast-seo-wordpress\/ -->\n<title>Seguridad Higi\u00e9nica en la Producci\u00f3n Alimentaria - Anter System<\/title>\n<meta name=\"description\" content=\"Un enfoque responsable de la seguridad y la higiene en una instalaci\u00f3n de producci\u00f3n de alimentos Una misi\u00f3n compartida: seguridad e innovaci\u00f3n El cliente\" \/>\n<meta name=\"robots\" content=\"index, follow, max-snippet:-1, max-image-preview:large, max-video-preview:-1\" \/>\n<link rel=\"canonical\" href=\"https:\/\/antersystem.com\/es\/case-studies\/hygiene-focused-safety-in-food-production\/\" \/>\n<meta property=\"og:locale\" content=\"es_ES\" \/>\n<meta property=\"og:type\" content=\"article\" \/>\n<meta property=\"og:title\" content=\"Seguridad Higi\u00e9nica en la Producci\u00f3n Alimentaria - Anter System\" \/>\n<meta property=\"og:description\" content=\"Un enfoque responsable de la seguridad y la higiene en una instalaci\u00f3n de producci\u00f3n de alimentos Una misi\u00f3n compartida: seguridad e innovaci\u00f3n El cliente\" \/>\n<meta property=\"og:url\" content=\"https:\/\/antersystem.com\/es\/case-studies\/hygiene-focused-safety-in-food-production\/\" \/>\n<meta property=\"og:site_name\" content=\"Anter System\" \/>\n<meta property=\"article:modified_time\" content=\"2026-02-12T12:06:33+00:00\" \/>\n<meta property=\"og:image\" content=\"https:\/\/antersystem.com\/wp-content\/uploads\/case-study-hygiene-cover.webp\" \/>\n\t<meta property=\"og:image:width\" content=\"1921\" \/>\n\t<meta property=\"og:image:height\" content=\"1081\" \/>\n\t<meta property=\"og:image:type\" content=\"image\/webp\" \/>\n<meta name=\"twitter:card\" content=\"summary_large_image\" \/>\n<meta name=\"twitter:label1\" content=\"Tiempo de lectura\" \/>\n\t<meta name=\"twitter:data1\" content=\"7 minutos\" \/>\n<script type=\"application\/ld+json\" class=\"yoast-schema-graph\">{\"@context\":\"https:\/\/schema.org\",\"@graph\":[{\"@type\":\"WebPage\",\"@id\":\"https:\/\/antersystem.com\/es\/case-studies\/hygiene-focused-safety-in-food-production\/\",\"url\":\"https:\/\/antersystem.com\/es\/case-studies\/hygiene-focused-safety-in-food-production\/\",\"name\":\"Seguridad Higi\u00e9nica en la Producci\u00f3n Alimentaria - Anter System\",\"isPartOf\":{\"@id\":\"https:\/\/antersystem.com\/es\/#website\"},\"primaryImageOfPage\":{\"@id\":\"https:\/\/antersystem.com\/es\/case-studies\/hygiene-focused-safety-in-food-production\/#primaryimage\"},\"image\":{\"@id\":\"https:\/\/antersystem.com\/es\/case-studies\/hygiene-focused-safety-in-food-production\/#primaryimage\"},\"thumbnailUrl\":\"https:\/\/antersystem.com\/wp-content\/uploads\/case-study-hygiene-cover.webp\",\"datePublished\":\"2026-02-12T12:00:38+00:00\",\"dateModified\":\"2026-02-12T12:06:33+00:00\",\"description\":\"Un enfoque responsable de la seguridad y la higiene en una instalaci\u00f3n de producci\u00f3n de alimentos Una misi\u00f3n compartida: seguridad e innovaci\u00f3n El cliente\",\"breadcrumb\":{\"@id\":\"https:\/\/antersystem.com\/es\/case-studies\/hygiene-focused-safety-in-food-production\/#breadcrumb\"},\"inLanguage\":\"es\",\"potentialAction\":[{\"@type\":\"ReadAction\",\"target\":[\"https:\/\/antersystem.com\/es\/case-studies\/hygiene-focused-safety-in-food-production\/\"]}]},{\"@type\":\"ImageObject\",\"inLanguage\":\"es\",\"@id\":\"https:\/\/antersystem.com\/es\/case-studies\/hygiene-focused-safety-in-food-production\/#primaryimage\",\"url\":\"https:\/\/antersystem.com\/wp-content\/uploads\/case-study-hygiene-cover.webp\",\"contentUrl\":\"https:\/\/antersystem.com\/wp-content\/uploads\/case-study-hygiene-cover.webp\",\"width\":1921,\"height\":1081},{\"@type\":\"BreadcrumbList\",\"@id\":\"https:\/\/antersystem.com\/es\/case-studies\/hygiene-focused-safety-in-food-production\/#breadcrumb\",\"itemListElement\":[{\"@type\":\"ListItem\",\"position\":1,\"name\":\"AnterSystem\",\"item\":\"https:\/\/antersystem.com\/es\/\"},{\"@type\":\"ListItem\",\"position\":2,\"name\":\"Casos pr\u00e1cticos\",\"item\":\"https:\/\/antersystem.com\/es\/case-studies\/\"},{\"@type\":\"ListItem\",\"position\":3,\"name\":\"Seguridad Higi\u00e9nica en la Producci\u00f3n Alimentaria\"}]},{\"@type\":\"WebSite\",\"@id\":\"https:\/\/antersystem.com\/es\/#website\",\"url\":\"https:\/\/antersystem.com\/es\/\",\"name\":\"Anter System\",\"description\":\"Jeste\u015bmy polskim producentem elastycznych barier ochronnych wykonywanych z polimerowych tworzyw sztucznych. Na rynku krajowym i zagranicznym dzia\u0142amy od ponad 15 lat dbaj\u0105c o zapewnienie bezpiecze\u0144stwa w zak\u0142adach produkcyjnych, magazynach oraz centrach logistycznych.\",\"potentialAction\":[{\"@type\":\"SearchAction\",\"target\":{\"@type\":\"EntryPoint\",\"urlTemplate\":\"https:\/\/antersystem.com\/es\/?s={search_term_string}\"},\"query-input\":{\"@type\":\"PropertyValueSpecification\",\"valueRequired\":true,\"valueName\":\"search_term_string\"}}],\"inLanguage\":\"es\"}]}<\/script>\n<!-- \/ Yoast SEO plugin. -->","yoast_head_json":{"title":"Seguridad Higi\u00e9nica en la Producci\u00f3n Alimentaria - Anter System","description":"Un enfoque responsable de la seguridad y la higiene en una instalaci\u00f3n de producci\u00f3n de alimentos Una misi\u00f3n compartida: seguridad e innovaci\u00f3n El cliente","robots":{"index":"index","follow":"follow","max-snippet":"max-snippet:-1","max-image-preview":"max-image-preview:large","max-video-preview":"max-video-preview:-1"},"canonical":"https:\/\/antersystem.com\/es\/case-studies\/hygiene-focused-safety-in-food-production\/","og_locale":"es_ES","og_type":"article","og_title":"Seguridad Higi\u00e9nica en la Producci\u00f3n Alimentaria - Anter System","og_description":"Un enfoque responsable de la seguridad y la higiene en una instalaci\u00f3n de producci\u00f3n de alimentos Una misi\u00f3n compartida: seguridad e innovaci\u00f3n El cliente","og_url":"https:\/\/antersystem.com\/es\/case-studies\/hygiene-focused-safety-in-food-production\/","og_site_name":"Anter System","article_modified_time":"2026-02-12T12:06:33+00:00","og_image":[{"width":1921,"height":1081,"url":"https:\/\/antersystem.com\/wp-content\/uploads\/case-study-hygiene-cover.webp","type":"image\/webp"}],"twitter_card":"summary_large_image","twitter_misc":{"Tiempo de lectura":"7 minutos"},"schema":{"@context":"https:\/\/schema.org","@graph":[{"@type":"WebPage","@id":"https:\/\/antersystem.com\/es\/case-studies\/hygiene-focused-safety-in-food-production\/","url":"https:\/\/antersystem.com\/es\/case-studies\/hygiene-focused-safety-in-food-production\/","name":"Seguridad Higi\u00e9nica en la Producci\u00f3n Alimentaria - Anter System","isPartOf":{"@id":"https:\/\/antersystem.com\/es\/#website"},"primaryImageOfPage":{"@id":"https:\/\/antersystem.com\/es\/case-studies\/hygiene-focused-safety-in-food-production\/#primaryimage"},"image":{"@id":"https:\/\/antersystem.com\/es\/case-studies\/hygiene-focused-safety-in-food-production\/#primaryimage"},"thumbnailUrl":"https:\/\/antersystem.com\/wp-content\/uploads\/case-study-hygiene-cover.webp","datePublished":"2026-02-12T12:00:38+00:00","dateModified":"2026-02-12T12:06:33+00:00","description":"Un enfoque responsable de la seguridad y la higiene en una instalaci\u00f3n de producci\u00f3n de alimentos Una misi\u00f3n compartida: seguridad e innovaci\u00f3n El cliente","breadcrumb":{"@id":"https:\/\/antersystem.com\/es\/case-studies\/hygiene-focused-safety-in-food-production\/#breadcrumb"},"inLanguage":"es","potentialAction":[{"@type":"ReadAction","target":["https:\/\/antersystem.com\/es\/case-studies\/hygiene-focused-safety-in-food-production\/"]}]},{"@type":"ImageObject","inLanguage":"es","@id":"https:\/\/antersystem.com\/es\/case-studies\/hygiene-focused-safety-in-food-production\/#primaryimage","url":"https:\/\/antersystem.com\/wp-content\/uploads\/case-study-hygiene-cover.webp","contentUrl":"https:\/\/antersystem.com\/wp-content\/uploads\/case-study-hygiene-cover.webp","width":1921,"height":1081},{"@type":"BreadcrumbList","@id":"https:\/\/antersystem.com\/es\/case-studies\/hygiene-focused-safety-in-food-production\/#breadcrumb","itemListElement":[{"@type":"ListItem","position":1,"name":"AnterSystem","item":"https:\/\/antersystem.com\/es\/"},{"@type":"ListItem","position":2,"name":"Casos pr\u00e1cticos","item":"https:\/\/antersystem.com\/es\/case-studies\/"},{"@type":"ListItem","position":3,"name":"Seguridad Higi\u00e9nica en la Producci\u00f3n Alimentaria"}]},{"@type":"WebSite","@id":"https:\/\/antersystem.com\/es\/#website","url":"https:\/\/antersystem.com\/es\/","name":"Anter System","description":"Jeste\u015bmy polskim producentem elastycznych barier ochronnych wykonywanych z polimerowych tworzyw sztucznych. Na rynku krajowym i zagranicznym dzia\u0142amy od ponad 15 lat dbaj\u0105c o zapewnienie bezpiecze\u0144stwa w zak\u0142adach produkcyjnych, magazynach oraz centrach logistycznych.","potentialAction":[{"@type":"SearchAction","target":{"@type":"EntryPoint","urlTemplate":"https:\/\/antersystem.com\/es\/?s={search_term_string}"},"query-input":{"@type":"PropertyValueSpecification","valueRequired":true,"valueName":"search_term_string"}}],"inLanguage":"es"}]}},"_links":{"self":[{"href":"https:\/\/antersystem.com\/es\/wp-json\/wp\/v2\/pages\/40070","targetHints":{"allow":["GET"]}}],"collection":[{"href":"https:\/\/antersystem.com\/es\/wp-json\/wp\/v2\/pages"}],"about":[{"href":"https:\/\/antersystem.com\/es\/wp-json\/wp\/v2\/types\/page"}],"author":[{"embeddable":true,"href":"https:\/\/antersystem.com\/es\/wp-json\/wp\/v2\/users\/11"}],"replies":[{"embeddable":true,"href":"https:\/\/antersystem.com\/es\/wp-json\/wp\/v2\/comments?post=40070"}],"version-history":[{"count":1,"href":"https:\/\/antersystem.com\/es\/wp-json\/wp\/v2\/pages\/40070\/revisions"}],"predecessor-version":[{"id":40071,"href":"https:\/\/antersystem.com\/es\/wp-json\/wp\/v2\/pages\/40070\/revisions\/40071"}],"up":[{"embeddable":true,"href":"https:\/\/antersystem.com\/es\/wp-json\/wp\/v2\/pages\/12690"}],"wp:featuredmedia":[{"embeddable":true,"href":"https:\/\/antersystem.com\/es\/wp-json\/wp\/v2\/media\/40043"}],"wp:attachment":[{"href":"https:\/\/antersystem.com\/es\/wp-json\/wp\/v2\/media?parent=40070"}],"curies":[{"name":"wp","href":"https:\/\/api.w.org\/{rel}","templated":true}]}}