{"id":40166,"date":"2022-05-31T14:30:17","date_gmt":"2022-05-31T12:30:17","guid":{"rendered":"https:\/\/antersystem.com\/cookie-policy\/"},"modified":"2026-02-19T10:31:26","modified_gmt":"2026-02-19T09:31:26","slug":"cookie-policy","status":"publish","type":"page","link":"https:\/\/antersystem.com\/es\/cookie-policy\/","title":{"rendered":"Pol\u00edtica de cookies"},"content":{"rendered":"\n<p class=\"has-text-align-left\"><strong>Las cookies son peque\u00f1os archivos de datos que se env\u00edan a tu dispositivo cuando visitas nuestro Sitio Web, que almacena informaci\u00f3n sobre c\u00f3mo lo utilizas y a veces rastrea informaci\u00f3n sobre ti.<\/strong>  Las cookies nos permiten reconocer tu dispositivo y recopilar datos como el nombre de dominio de tu proveedor de servicios de Internet, el tipo de navegador, el tipo de sistema operativo, la direcci\u00f3n IP, el sitio web desde el que se te remiti\u00f3 a nosotros, as\u00ed como datos operativos o informaci\u00f3n sobre la ubicaci\u00f3n del dispositivo. La informaci\u00f3n recogida por las cookies no siempre son datos personales en el sentido del Reglamento (UE) 2016\/679 del Parlamento Europeo y del Consejo, de 27 de abril de 2016, relativo a la protecci\u00f3n de las personas f\u00edsicas en lo que respecta al tratamiento de datos personales y a la libre circulaci\u00f3n de estos datos y por el que se deroga la Directiva 95\/46\/CE, en lo sucesivo tambi\u00e9n denominado Reglamento General de Protecci\u00f3n de Datos (RGPD). Sin embargo, si has proporcionado previamente tus Datos Personales, las cookies pueden estar directamente relacionadas contigo, por ejemplo, vinculando los n\u00fameros de identificaci\u00f3n de las cookies con otra informaci\u00f3n.    <\/p>\n\n<p>Por regla general, la base jur\u00eddica para el tratamiento de tus datos personales recogidos mediante cookies y tecnolog\u00edas similares es <strong>tu consentimiento<\/strong> (Art\u00edculo 6(1)(a) GDPR), excepto cuando su uso sea necesario para el correcto funcionamiento del Sitio Web (prestaci\u00f3n de servicios electr\u00f3nicos), en cuyo caso nos basamos en el Art\u00edculo 173(3)(2) de la Ley de 16 de julio de 2004 &#8211; Ley de Telecomunicaciones y, en consecuencia, en nuestro <strong>inter\u00e9s leg\u00edtimo<\/strong> (Art\u00edculo 6(1)(f) GDPR).<\/p>\n\n<p><strong>Tratamos los Datos Personales mencionados anteriormente para mejorar la calidad de nuestros Servicios, operaciones y productos de Anter System Polska Sp\u00f3\u0142ka z ograniczon\u0105 odpowiedzialno\u015bci\u0105 <\/strong>con domicilio social en Wroc\u0142aw<a>, direcci\u00f3n: ul. Strzegomska 199, 54-431 Wroc\u0142aw, Polonia<\/a>,<strong> as\u00ed como para adaptar el contenido disponible a trav\u00e9s del Sitio Web a tus intereses<\/strong> (incluso dentro del tratamiento automatizado de Datos Personales, con el fin de presentar anuncios generales, ofertas o promociones relativas a los Servicios de forma adaptada a los intereses del Usuario, aunque sin afectar significativamente a sus decisiones &#8211; <strong>elaboraci\u00f3n de perfiles<\/strong>). Podemos leer tus preferencias, por ejemplo analizando la frecuencia con la que visitas el Sitio Web, qu\u00e9 servicios utilizas, extensiones, etc. Esto nos permite comprender mejor tus expectativas y adaptarnos a tus necesidades. Mediante el uso de tecnolog\u00edas avanzadas, las actividades anteriores a menudo ser\u00e1n realizadas por el sistema de forma automatizada, para que el contenido que se te muestre sea el m\u00e1s actualizado (para este fin, tambi\u00e9n procesamos tus Datos Personales bas\u00e1ndonos en nuestro <strong>inter\u00e9s leg\u00edtimo &#8211; fines promocionales\/anal\u00edticos\/de rendimiento<\/strong> &#8211; Art\u00edculo 6(1)(f) GDPR).   <\/p>\n\n<p>Cuando la base jur\u00eddica para el tratamiento de Datos Personales sea tu consentimiento, te recordamos que <strong>puedes retirarlo en cualquier momento<\/strong>, sin que ello afecte a la licitud del tratamiento basado en el consentimiento antes de su retirada. Si, por el contrario, el tratamiento de tus Datos Personales se basa en nuestro inter\u00e9s leg\u00edtimo, <strong>tienes derecho a oponerte a dicho tratamiento<\/strong>. Puedes encontrar una descripci\u00f3n de tus derechos en la Parte VI de la Pol\u00edtica de Privacidad, a la que se hace referencia a continuaci\u00f3n: <a href=\"https:\/\/antersystem.com\/es\/privacy-policy\/\"><u>https:\/\/antersystem.com\/privacy-policy\/<\/u><\/a>  <\/p>\n\n<p>Los navegadores web u otro software instalado en tu dispositivo suelen permitir por defecto el uso de cookies en dicho dispositivo y, por tanto, la recopilaci\u00f3n de la informaci\u00f3n antes mencionada. Puedes cambiar la forma en que se utilizan las cookies, incluso bloquearlas o eliminarlas por completo, a trav\u00e9s de tu navegador web; encontrar\u00e1s m\u00e1s informaci\u00f3n al respecto en el manual del usuario. Ten en cuenta que deshabilitar o bloquear determinadas cookies puede impedir o dificultar significativamente el correcto funcionamiento de nuestro Sitio Web, por ejemplo ralentiz\u00e1ndolo. Puedes encontrar m\u00e1s informaci\u00f3n sobre la configuraci\u00f3n de las cookies en la informaci\u00f3n del navegador o en nuestro Sitio Web. Tambi\u00e9n puedes visitar <a href=\"https:\/\/www.allaboutcookies.org\/\" target=\"_blank\" rel=\"noreferrer noopener\"><u>https:\/\/www.allaboutcookies.org<\/u><\/a> para obtener consejos pr\u00e1cticos.    <\/p>\n\n<p>Debido al dominio desde el que se originan, dividimos las cookies en:<\/p>\n\n<ol style=\"list-style-type:upper-alpha\" class=\"wp-block-list\">\n<li><strong>cookies de origen<\/strong> &#8211; establecidas por los servidores web de nuestro Sitio Web;<\/li>\n\n\n\n<li><strong>cookies de terceros<\/strong> &#8211; establecidas por servidores web distintos a los de nuestro Sitio Web.<\/li>\n<\/ol>\n\n<p>Debido a su vida \u00fatil, dividimos las galletas en:<\/p>\n\n<ol style=\"list-style-type:upper-alpha\" class=\"wp-block-list\">\n<li><strong>sesi\u00f3n<\/strong> &#8211; una cookie de sesi\u00f3n contiene informaci\u00f3n almacenada en un lugar temporal de la memoria y se borra al final de la sesi\u00f3n o cuando se cierra el navegador web;<\/li>\n\n\n\n<li><strong>persistentes<\/strong> &#8211; tambi\u00e9n llamadas cookies permanentes o cookies almacenadas; un archivo cookie que se almacena en el disco duro del Usuario hasta que caduca (las cookies persistentes se establecen con fechas de caducidad) o hasta que se elimina la cookie; las cookies persistentes se utilizan para recopilar informaci\u00f3n que identifica al Usuario, como el comportamiento de navegaci\u00f3n por el Sitio Web o las preferencias del Usuario en el Sitio Web.<\/li>\n<\/ol>\n\n<p>Podemos utilizar los siguientes tipos de cookies:<\/p>\n\n<ol style=\"list-style-type:upper-alpha\" class=\"wp-block-list\">\n<li>Las <strong>cookies necesarias<\/strong> contribuyen a la usabilidad del Sitio Web al permitir funciones b\u00e1sicas como la navegaci\u00f3n por el Sitio Web y el acceso a \u00e1reas seguras del Sitio Web. El Sitio Web no puede funcionar correctamente sin estas cookies; <\/li>\n\n\n\n<li><strong>Las cookies de preferencia<\/strong> permiten al Sitio Web recordar informaci\u00f3n que cambia el aspecto o el funcionamiento del Sitio Web, por ejemplo, el idioma preferido o la regi\u00f3n en la que se encuentra el Usuario;<\/li>\n\n\n\n<li><strong>Las cookies estad\u00edsticas<\/strong> ayudan a comprender c\u00f3mo se comportan los diferentes usuarios en el Sitio Web, recopilando y reportando informaci\u00f3n an\u00f3nima;<\/li>\n\n\n\n<li><strong>Las cookies de marketing<\/strong> se utilizan para realizar un seguimiento de los usuarios en el Sitio Web y en otros sitios web. El prop\u00f3sito es mostrar anuncios que sean relevantes e interesantes para el Usuario y, por tanto, m\u00e1s valiosos para los editores y terceros anunciantes; <\/li>\n\n\n\n<li><strong>cookies no clasificadas<\/strong>, se trata de cookies que est\u00e1n en proceso de clasificaci\u00f3n, junto con los proveedores de las cookies individuales.<\/li>\n<\/ol>\n\n<p><strong>De acuerdo con los requisitos del GDPR, puedes gestionar tus consentimientos relativos a diferentes tipos de cookies.<\/strong>  Para ello, ponemos a tu disposici\u00f3n la herramienta Cookiebot, cuya interfaz te permite decidir qu\u00e9 cookies aceptas, y puedes cambiar esta configuraci\u00f3n en cualquier momento en funci\u00f3n de tus preferencias.<\/p>\n\n<p>Haz clic en <a href=\"#\" class=\"cky-banner-element\"><u>aqu\u00ed<\/u><\/a> para gestionar tus preferencias de cookies de acuerdo con el GDPR o simplemente para verlas.<\/p>\n\n<p>La informaci\u00f3n recopilada de esta forma depende de los fines y las bases legales para el tratamiento de cookies; puede almacenarse y tratarse durante el periodo indicado en la Parte IV de la Pol\u00edtica de Privacidad, cuyo texto completo est\u00e1 disponible en el siguiente enlace: <a href=\"https:\/\/antersystem.com\/es\/privacy-policy\/\"><u>https:\/\/antersystem.com\/privacy-policy\/<\/u><\/a><\/p>\n\n<p><a id=\"_msocom_1\"><\/a><\/p>\n","protected":false},"excerpt":{"rendered":"<p>Las cookies son peque\u00f1os archivos de datos que se env\u00edan a tu dispositivo cuando visitas nuestro Sitio Web, que almacena informaci\u00f3n sobre c\u00f3mo lo utilizas y a veces rastrea informaci\u00f3n sobre ti. Las cookies nos permiten reconocer tu dispositivo y recopilar datos como el nombre de dominio de tu proveedor de servicios de Internet, el [&hellip;]<\/p>\n","protected":false},"author":1,"featured_media":0,"parent":0,"menu_order":0,"comment_status":"closed","ping_status":"closed","template":"","meta":{"inline_featured_image":false,"ngg_post_thumbnail":0,"footnotes":""},"class_list":["post-40166","page","type-page","status-publish","hentry"],"acf":[],"yoast_head":"<!-- This site is optimized with the Yoast SEO plugin v27.0 - https:\/\/yoast.com\/product\/yoast-seo-wordpress\/ -->\n<title>Pol\u00edtica de cookies - Anter System<\/title>\n<meta name=\"description\" content=\"Las cookies son peque\u00f1os archivos de datos que se env\u00edan a tu dispositivo cuando visitas nuestro Sitio Web, que almacena informaci\u00f3n sobre c\u00f3mo lo\" \/>\n<meta name=\"robots\" content=\"index, follow, max-snippet:-1, max-image-preview:large, max-video-preview:-1\" \/>\n<link rel=\"canonical\" href=\"https:\/\/antersystem.com\/es\/cookie-policy\/\" \/>\n<meta property=\"og:locale\" content=\"es_ES\" \/>\n<meta property=\"og:type\" content=\"article\" \/>\n<meta property=\"og:title\" content=\"Pol\u00edtica de cookies - Anter System\" \/>\n<meta property=\"og:description\" content=\"Las cookies son peque\u00f1os archivos de datos que se env\u00edan a tu dispositivo cuando visitas nuestro Sitio Web, que almacena informaci\u00f3n sobre c\u00f3mo lo\" \/>\n<meta property=\"og:url\" content=\"https:\/\/antersystem.com\/es\/cookie-policy\/\" \/>\n<meta property=\"og:site_name\" content=\"Anter System\" \/>\n<meta property=\"article:modified_time\" content=\"2026-02-19T09:31:26+00:00\" \/>\n<meta name=\"twitter:card\" content=\"summary_large_image\" \/>\n<meta name=\"twitter:label1\" content=\"Tiempo de lectura\" \/>\n\t<meta name=\"twitter:data1\" content=\"6 minutos\" \/>\n<script type=\"application\/ld+json\" class=\"yoast-schema-graph\">{\"@context\":\"https:\/\/schema.org\",\"@graph\":[{\"@type\":\"WebPage\",\"@id\":\"https:\/\/antersystem.com\/es\/cookie-policy\/\",\"url\":\"https:\/\/antersystem.com\/es\/cookie-policy\/\",\"name\":\"Pol\u00edtica de cookies - Anter System\",\"isPartOf\":{\"@id\":\"https:\/\/antersystem.com\/es\/#website\"},\"datePublished\":\"2022-05-31T12:30:17+00:00\",\"dateModified\":\"2026-02-19T09:31:26+00:00\",\"description\":\"Las cookies son peque\u00f1os archivos de datos que se env\u00edan a tu dispositivo cuando visitas nuestro Sitio Web, que almacena informaci\u00f3n sobre c\u00f3mo lo\",\"breadcrumb\":{\"@id\":\"https:\/\/antersystem.com\/es\/cookie-policy\/#breadcrumb\"},\"inLanguage\":\"es\",\"potentialAction\":[{\"@type\":\"ReadAction\",\"target\":[\"https:\/\/antersystem.com\/es\/cookie-policy\/\"]}]},{\"@type\":\"BreadcrumbList\",\"@id\":\"https:\/\/antersystem.com\/es\/cookie-policy\/#breadcrumb\",\"itemListElement\":[{\"@type\":\"ListItem\",\"position\":1,\"name\":\"AnterSystem\",\"item\":\"https:\/\/antersystem.com\/es\/\"},{\"@type\":\"ListItem\",\"position\":2,\"name\":\"Pol\u00edtica de cookies\"}]},{\"@type\":\"WebSite\",\"@id\":\"https:\/\/antersystem.com\/es\/#website\",\"url\":\"https:\/\/antersystem.com\/es\/\",\"name\":\"Anter System\",\"description\":\"Jeste\u015bmy polskim producentem elastycznych barier ochronnych wykonywanych z polimerowych tworzyw sztucznych. Na rynku krajowym i zagranicznym dzia\u0142amy od ponad 15 lat dbaj\u0105c o zapewnienie bezpiecze\u0144stwa w zak\u0142adach produkcyjnych, magazynach oraz centrach logistycznych.\",\"potentialAction\":[{\"@type\":\"SearchAction\",\"target\":{\"@type\":\"EntryPoint\",\"urlTemplate\":\"https:\/\/antersystem.com\/es\/?s={search_term_string}\"},\"query-input\":{\"@type\":\"PropertyValueSpecification\",\"valueRequired\":true,\"valueName\":\"search_term_string\"}}],\"inLanguage\":\"es\"}]}<\/script>\n<!-- \/ Yoast SEO plugin. -->","yoast_head_json":{"title":"Pol\u00edtica de cookies - Anter System","description":"Las cookies son peque\u00f1os archivos de datos que se env\u00edan a tu dispositivo cuando visitas nuestro Sitio Web, que almacena informaci\u00f3n sobre c\u00f3mo lo","robots":{"index":"index","follow":"follow","max-snippet":"max-snippet:-1","max-image-preview":"max-image-preview:large","max-video-preview":"max-video-preview:-1"},"canonical":"https:\/\/antersystem.com\/es\/cookie-policy\/","og_locale":"es_ES","og_type":"article","og_title":"Pol\u00edtica de cookies - Anter System","og_description":"Las cookies son peque\u00f1os archivos de datos que se env\u00edan a tu dispositivo cuando visitas nuestro Sitio Web, que almacena informaci\u00f3n sobre c\u00f3mo lo","og_url":"https:\/\/antersystem.com\/es\/cookie-policy\/","og_site_name":"Anter System","article_modified_time":"2026-02-19T09:31:26+00:00","twitter_card":"summary_large_image","twitter_misc":{"Tiempo de lectura":"6 minutos"},"schema":{"@context":"https:\/\/schema.org","@graph":[{"@type":"WebPage","@id":"https:\/\/antersystem.com\/es\/cookie-policy\/","url":"https:\/\/antersystem.com\/es\/cookie-policy\/","name":"Pol\u00edtica de cookies - Anter System","isPartOf":{"@id":"https:\/\/antersystem.com\/es\/#website"},"datePublished":"2022-05-31T12:30:17+00:00","dateModified":"2026-02-19T09:31:26+00:00","description":"Las cookies son peque\u00f1os archivos de datos que se env\u00edan a tu dispositivo cuando visitas nuestro Sitio Web, que almacena informaci\u00f3n sobre c\u00f3mo lo","breadcrumb":{"@id":"https:\/\/antersystem.com\/es\/cookie-policy\/#breadcrumb"},"inLanguage":"es","potentialAction":[{"@type":"ReadAction","target":["https:\/\/antersystem.com\/es\/cookie-policy\/"]}]},{"@type":"BreadcrumbList","@id":"https:\/\/antersystem.com\/es\/cookie-policy\/#breadcrumb","itemListElement":[{"@type":"ListItem","position":1,"name":"AnterSystem","item":"https:\/\/antersystem.com\/es\/"},{"@type":"ListItem","position":2,"name":"Pol\u00edtica de cookies"}]},{"@type":"WebSite","@id":"https:\/\/antersystem.com\/es\/#website","url":"https:\/\/antersystem.com\/es\/","name":"Anter System","description":"Jeste\u015bmy polskim producentem elastycznych barier ochronnych wykonywanych z polimerowych tworzyw sztucznych. Na rynku krajowym i zagranicznym dzia\u0142amy od ponad 15 lat dbaj\u0105c o zapewnienie bezpiecze\u0144stwa w zak\u0142adach produkcyjnych, magazynach oraz centrach logistycznych.","potentialAction":[{"@type":"SearchAction","target":{"@type":"EntryPoint","urlTemplate":"https:\/\/antersystem.com\/es\/?s={search_term_string}"},"query-input":{"@type":"PropertyValueSpecification","valueRequired":true,"valueName":"search_term_string"}}],"inLanguage":"es"}]}},"_links":{"self":[{"href":"https:\/\/antersystem.com\/es\/wp-json\/wp\/v2\/pages\/40166","targetHints":{"allow":["GET"]}}],"collection":[{"href":"https:\/\/antersystem.com\/es\/wp-json\/wp\/v2\/pages"}],"about":[{"href":"https:\/\/antersystem.com\/es\/wp-json\/wp\/v2\/types\/page"}],"author":[{"embeddable":true,"href":"https:\/\/antersystem.com\/es\/wp-json\/wp\/v2\/users\/1"}],"replies":[{"embeddable":true,"href":"https:\/\/antersystem.com\/es\/wp-json\/wp\/v2\/comments?post=40166"}],"version-history":[{"count":2,"href":"https:\/\/antersystem.com\/es\/wp-json\/wp\/v2\/pages\/40166\/revisions"}],"predecessor-version":[{"id":40189,"href":"https:\/\/antersystem.com\/es\/wp-json\/wp\/v2\/pages\/40166\/revisions\/40189"}],"wp:attachment":[{"href":"https:\/\/antersystem.com\/es\/wp-json\/wp\/v2\/media?parent=40166"}],"curies":[{"name":"wp","href":"https:\/\/api.w.org\/{rel}","templated":true}]}}