{"id":40310,"date":"2025-12-22T15:36:00","date_gmt":"2025-12-22T14:36:00","guid":{"rendered":"https:\/\/antersystem.com\/noticias\/handling-expo-2025\/"},"modified":"2026-02-22T22:30:20","modified_gmt":"2026-02-22T21:30:20","slug":"handling-expo-2025","status":"publish","type":"page","link":"https:\/\/antersystem.com\/es\/noticias\/handling-expo-2025\/","title":{"rendered":"Handling Expo 2025"},"content":{"rendered":"<h2>Anter System en la Handling Expo 2025 de El Cairo<\/h2>\n<p>Del 18 al 21 de diciembre de 2025, tuvimos el placer de participar en <strong>Handling Expo &#8211; La Exposici\u00f3n Internacional de Equipos de Manipulaci\u00f3n y Almacenamiento de Materiales<\/strong> en El Cairo, Egipto. El evento marc\u00f3 una parada importante en la hoja de ruta internacional de Anter System y un fuerte punto de cierre para nuestra temporada de ferias de 2025. <\/p>\n<p>Celebrada en el Centro Internacional de Exposiciones de Egipto, la Handling Expo confirm\u00f3 el dinamismo con que se est\u00e1n desarrollando el almacenamiento, la intralog\u00edstica y la seguridad industrial en los mercados de Oriente Medio y \u00c1frica. Seg\u00fan los organizadores, la edici\u00f3n de este a\u00f1o reuni\u00f3 a <strong>622 expositores de 27 pa\u00edses<\/strong> y atrajo a <strong>24.208 visitantes profesionales<\/strong>, creando una vibrante plataforma para el intercambio de conocimientos y el crecimiento empresarial. <\/p>\n<p>En la feria, presentamos nuestro enfoque de los <strong>sistemas flexibles de protecci\u00f3n contra impactos<\/strong>, centr\u00e1ndonos en los retos pr\u00e1cticos de la seguridad en los almacenes e instalaciones de producci\u00f3n modernos. Junto con nuestro socio <strong>IRack Storage Solution<\/strong>, mostramos soluciones dise\u00f1adas para condiciones operativas reales: protecci\u00f3n de personas, infraestructuras y mercanc\u00edas en entornos industriales de alto tr\u00e1fico. <\/p>\n<p>Cada acto internacional nos ayuda a comprender mejor las necesidades del mercado local, a intercambiar perspectivas con profesionales del sector y a perfeccionar soluciones que funcionen a escala mundial al tiempo que se aplican localmente.<\/p>\n<p>Gracias a todos los que nos visitaron en El Cairo y contribuyeron a conversaciones inspiradoras y reuniones valiosas. Esperamos continuar estos debates en 2026. <\/p>\n","protected":false},"excerpt":{"rendered":"<p>Anter System en la Handling Expo 2025 de El Cairo Del 18 al 21 de diciembre de 2025, tuvimos el placer de participar en Handling Expo &#8211; La Exposici\u00f3n Internacional de Equipos de Manipulaci\u00f3n y Almacenamiento de Materiales en El Cairo, Egipto. El evento marc\u00f3 una parada importante en la hoja de ruta internacional de [&hellip;]<\/p>\n","protected":false},"author":11,"featured_media":40291,"parent":30348,"menu_order":0,"comment_status":"closed","ping_status":"closed","template":"","meta":{"inline_featured_image":false,"ngg_post_thumbnail":0,"footnotes":""},"class_list":["post-40310","page","type-page","status-publish","has-post-thumbnail","hentry"],"acf":[],"yoast_head":"<!-- This site is optimized with the Yoast SEO plugin v27.0 - https:\/\/yoast.com\/product\/yoast-seo-wordpress\/ -->\n<title>Handling Expo 2025 - Anter System<\/title>\n<meta name=\"description\" content=\"Anter System en la Handling Expo 2025 de El Cairo Del 18 al 21 de diciembre de 2025, tuvimos el placer de participar en Handling Expo - La Exposici\u00f3n\" \/>\n<meta name=\"robots\" content=\"index, follow, max-snippet:-1, max-image-preview:large, max-video-preview:-1\" \/>\n<link rel=\"canonical\" href=\"https:\/\/antersystem.com\/es\/noticias\/handling-expo-2025\/\" \/>\n<meta property=\"og:locale\" content=\"es_ES\" \/>\n<meta property=\"og:type\" content=\"article\" \/>\n<meta property=\"og:title\" content=\"Handling Expo 2025 - Anter System\" \/>\n<meta property=\"og:description\" content=\"Anter System en la Handling Expo 2025 de El Cairo Del 18 al 21 de diciembre de 2025, tuvimos el placer de participar en Handling Expo - La Exposici\u00f3n\" \/>\n<meta property=\"og:url\" content=\"https:\/\/antersystem.com\/es\/noticias\/handling-expo-2025\/\" \/>\n<meta property=\"og:site_name\" content=\"Anter System\" \/>\n<meta property=\"article:modified_time\" content=\"2026-02-22T21:30:20+00:00\" \/>\n<meta property=\"og:image\" content=\"https:\/\/antersystem.com\/wp-content\/uploads\/handling-expo-2025-cover.webp\" \/>\n\t<meta property=\"og:image:width\" content=\"1921\" \/>\n\t<meta property=\"og:image:height\" content=\"1080\" \/>\n\t<meta property=\"og:image:type\" content=\"image\/webp\" \/>\n<meta name=\"twitter:card\" content=\"summary_large_image\" \/>\n<meta name=\"twitter:label1\" content=\"Tiempo de lectura\" \/>\n\t<meta name=\"twitter:data1\" content=\"1 minuto\" \/>\n<script type=\"application\/ld+json\" class=\"yoast-schema-graph\">{\"@context\":\"https:\/\/schema.org\",\"@graph\":[{\"@type\":\"WebPage\",\"@id\":\"https:\/\/antersystem.com\/es\/noticias\/handling-expo-2025\/\",\"url\":\"https:\/\/antersystem.com\/es\/noticias\/handling-expo-2025\/\",\"name\":\"Handling Expo 2025 - Anter System\",\"isPartOf\":{\"@id\":\"https:\/\/antersystem.com\/es\/#website\"},\"primaryImageOfPage\":{\"@id\":\"https:\/\/antersystem.com\/es\/noticias\/handling-expo-2025\/#primaryimage\"},\"image\":{\"@id\":\"https:\/\/antersystem.com\/es\/noticias\/handling-expo-2025\/#primaryimage\"},\"thumbnailUrl\":\"https:\/\/antersystem.com\/wp-content\/uploads\/handling-expo-2025-cover.webp\",\"datePublished\":\"2025-12-22T14:36:00+00:00\",\"dateModified\":\"2026-02-22T21:30:20+00:00\",\"description\":\"Anter System en la Handling Expo 2025 de El Cairo Del 18 al 21 de diciembre de 2025, tuvimos el placer de participar en Handling Expo - La Exposici\u00f3n\",\"breadcrumb\":{\"@id\":\"https:\/\/antersystem.com\/es\/noticias\/handling-expo-2025\/#breadcrumb\"},\"inLanguage\":\"es\",\"potentialAction\":[{\"@type\":\"ReadAction\",\"target\":[\"https:\/\/antersystem.com\/es\/noticias\/handling-expo-2025\/\"]}]},{\"@type\":\"ImageObject\",\"inLanguage\":\"es\",\"@id\":\"https:\/\/antersystem.com\/es\/noticias\/handling-expo-2025\/#primaryimage\",\"url\":\"https:\/\/antersystem.com\/wp-content\/uploads\/handling-expo-2025-cover.webp\",\"contentUrl\":\"https:\/\/antersystem.com\/wp-content\/uploads\/handling-expo-2025-cover.webp\",\"width\":1921,\"height\":1080},{\"@type\":\"BreadcrumbList\",\"@id\":\"https:\/\/antersystem.com\/es\/noticias\/handling-expo-2025\/#breadcrumb\",\"itemListElement\":[{\"@type\":\"ListItem\",\"position\":1,\"name\":\"AnterSystem\",\"item\":\"https:\/\/antersystem.com\/es\/\"},{\"@type\":\"ListItem\",\"position\":2,\"name\":\"Noticias\",\"item\":\"https:\/\/antersystem.com\/es\/noticias\/\"},{\"@type\":\"ListItem\",\"position\":3,\"name\":\"Handling Expo 2025\"}]},{\"@type\":\"WebSite\",\"@id\":\"https:\/\/antersystem.com\/es\/#website\",\"url\":\"https:\/\/antersystem.com\/es\/\",\"name\":\"Anter System\",\"description\":\"Jeste\u015bmy polskim producentem elastycznych barier ochronnych wykonywanych z polimerowych tworzyw sztucznych. Na rynku krajowym i zagranicznym dzia\u0142amy od ponad 15 lat dbaj\u0105c o zapewnienie bezpiecze\u0144stwa w zak\u0142adach produkcyjnych, magazynach oraz centrach logistycznych.\",\"potentialAction\":[{\"@type\":\"SearchAction\",\"target\":{\"@type\":\"EntryPoint\",\"urlTemplate\":\"https:\/\/antersystem.com\/es\/?s={search_term_string}\"},\"query-input\":{\"@type\":\"PropertyValueSpecification\",\"valueRequired\":true,\"valueName\":\"search_term_string\"}}],\"inLanguage\":\"es\"}]}<\/script>\n<!-- \/ Yoast SEO plugin. -->","yoast_head_json":{"title":"Handling Expo 2025 - Anter System","description":"Anter System en la Handling Expo 2025 de El Cairo Del 18 al 21 de diciembre de 2025, tuvimos el placer de participar en Handling Expo - La Exposici\u00f3n","robots":{"index":"index","follow":"follow","max-snippet":"max-snippet:-1","max-image-preview":"max-image-preview:large","max-video-preview":"max-video-preview:-1"},"canonical":"https:\/\/antersystem.com\/es\/noticias\/handling-expo-2025\/","og_locale":"es_ES","og_type":"article","og_title":"Handling Expo 2025 - Anter System","og_description":"Anter System en la Handling Expo 2025 de El Cairo Del 18 al 21 de diciembre de 2025, tuvimos el placer de participar en Handling Expo - La Exposici\u00f3n","og_url":"https:\/\/antersystem.com\/es\/noticias\/handling-expo-2025\/","og_site_name":"Anter System","article_modified_time":"2026-02-22T21:30:20+00:00","og_image":[{"width":1921,"height":1080,"url":"https:\/\/antersystem.com\/wp-content\/uploads\/handling-expo-2025-cover.webp","type":"image\/webp"}],"twitter_card":"summary_large_image","twitter_misc":{"Tiempo de lectura":"1 minuto"},"schema":{"@context":"https:\/\/schema.org","@graph":[{"@type":"WebPage","@id":"https:\/\/antersystem.com\/es\/noticias\/handling-expo-2025\/","url":"https:\/\/antersystem.com\/es\/noticias\/handling-expo-2025\/","name":"Handling Expo 2025 - Anter System","isPartOf":{"@id":"https:\/\/antersystem.com\/es\/#website"},"primaryImageOfPage":{"@id":"https:\/\/antersystem.com\/es\/noticias\/handling-expo-2025\/#primaryimage"},"image":{"@id":"https:\/\/antersystem.com\/es\/noticias\/handling-expo-2025\/#primaryimage"},"thumbnailUrl":"https:\/\/antersystem.com\/wp-content\/uploads\/handling-expo-2025-cover.webp","datePublished":"2025-12-22T14:36:00+00:00","dateModified":"2026-02-22T21:30:20+00:00","description":"Anter System en la Handling Expo 2025 de El Cairo Del 18 al 21 de diciembre de 2025, tuvimos el placer de participar en Handling Expo - La Exposici\u00f3n","breadcrumb":{"@id":"https:\/\/antersystem.com\/es\/noticias\/handling-expo-2025\/#breadcrumb"},"inLanguage":"es","potentialAction":[{"@type":"ReadAction","target":["https:\/\/antersystem.com\/es\/noticias\/handling-expo-2025\/"]}]},{"@type":"ImageObject","inLanguage":"es","@id":"https:\/\/antersystem.com\/es\/noticias\/handling-expo-2025\/#primaryimage","url":"https:\/\/antersystem.com\/wp-content\/uploads\/handling-expo-2025-cover.webp","contentUrl":"https:\/\/antersystem.com\/wp-content\/uploads\/handling-expo-2025-cover.webp","width":1921,"height":1080},{"@type":"BreadcrumbList","@id":"https:\/\/antersystem.com\/es\/noticias\/handling-expo-2025\/#breadcrumb","itemListElement":[{"@type":"ListItem","position":1,"name":"AnterSystem","item":"https:\/\/antersystem.com\/es\/"},{"@type":"ListItem","position":2,"name":"Noticias","item":"https:\/\/antersystem.com\/es\/noticias\/"},{"@type":"ListItem","position":3,"name":"Handling Expo 2025"}]},{"@type":"WebSite","@id":"https:\/\/antersystem.com\/es\/#website","url":"https:\/\/antersystem.com\/es\/","name":"Anter System","description":"Jeste\u015bmy polskim producentem elastycznych barier ochronnych wykonywanych z polimerowych tworzyw sztucznych. Na rynku krajowym i zagranicznym dzia\u0142amy od ponad 15 lat dbaj\u0105c o zapewnienie bezpiecze\u0144stwa w zak\u0142adach produkcyjnych, magazynach oraz centrach logistycznych.","potentialAction":[{"@type":"SearchAction","target":{"@type":"EntryPoint","urlTemplate":"https:\/\/antersystem.com\/es\/?s={search_term_string}"},"query-input":{"@type":"PropertyValueSpecification","valueRequired":true,"valueName":"search_term_string"}}],"inLanguage":"es"}]}},"_links":{"self":[{"href":"https:\/\/antersystem.com\/es\/wp-json\/wp\/v2\/pages\/40310","targetHints":{"allow":["GET"]}}],"collection":[{"href":"https:\/\/antersystem.com\/es\/wp-json\/wp\/v2\/pages"}],"about":[{"href":"https:\/\/antersystem.com\/es\/wp-json\/wp\/v2\/types\/page"}],"author":[{"embeddable":true,"href":"https:\/\/antersystem.com\/es\/wp-json\/wp\/v2\/users\/11"}],"replies":[{"embeddable":true,"href":"https:\/\/antersystem.com\/es\/wp-json\/wp\/v2\/comments?post=40310"}],"version-history":[{"count":1,"href":"https:\/\/antersystem.com\/es\/wp-json\/wp\/v2\/pages\/40310\/revisions"}],"predecessor-version":[{"id":40311,"href":"https:\/\/antersystem.com\/es\/wp-json\/wp\/v2\/pages\/40310\/revisions\/40311"}],"up":[{"embeddable":true,"href":"https:\/\/antersystem.com\/es\/wp-json\/wp\/v2\/pages\/30348"}],"wp:featuredmedia":[{"embeddable":true,"href":"https:\/\/antersystem.com\/es\/wp-json\/wp\/v2\/media\/40291"}],"wp:attachment":[{"href":"https:\/\/antersystem.com\/es\/wp-json\/wp\/v2\/media?parent=40310"}],"curies":[{"name":"wp","href":"https:\/\/api.w.org\/{rel}","templated":true}]}}