{"id":40332,"date":"2026-02-22T13:05:26","date_gmt":"2026-02-22T12:05:26","guid":{"rendered":"https:\/\/antersystem.com\/noticias\/invitation-to-logimat-2026\/"},"modified":"2026-02-22T13:05:26","modified_gmt":"2026-02-22T12:05:26","slug":"invitation-to-logimat-2026","status":"publish","type":"page","link":"https:\/\/antersystem.com\/es\/noticias\/invitation-to-logimat-2026\/","title":{"rendered":"Invitaci\u00f3n a LogiMAT 2026"},"content":{"rendered":"<h2>Exponemos en LogiMAT 2026 &#8211; Encu\u00e9ntranos en el Pabell\u00f3n 1<\/h2>\n<p>Nos complace anunciar que <strong>Anter System expondr\u00e1 en LogiMAT 2026<\/strong>, la principal feria internacional de soluciones intralog\u00edsticas y gesti\u00f3n de procesos.<\/p>\n<p>LogiMAT re\u00fane a profesionales del sector, proveedores de tecnolog\u00eda y fabricantes de sistemas para explorar los \u00faltimos avances en automatizaci\u00f3n de almacenes, manipulaci\u00f3n de materiales y optimizaci\u00f3n de procesos.<\/p>\n<p>\ud83d\udccd <strong>Messe Stuttgart, Alemania<\/strong><\/p>\n<p>\ud83d\udcc5 <strong>24-26 de marzo de 2026<\/strong><\/p>\n<p>\ud83c\udfe2 <strong>Pabell\u00f3n 1 | Stand 1D10<\/strong><\/p>\n<h3>El acto inaugural de la Intralog\u00edstica en Europa<\/h3>\n<p>LogiMAT est\u00e1 reconocida como el punto de encuentro internacional clave para la intralog\u00edstica en el coraz\u00f3n de Europa. Cada a\u00f1o, expositores internacionales presentan tecnolog\u00edas, sistemas y soluciones innovadoras orientadas a la racionalizaci\u00f3n, la optimizaci\u00f3n de procesos y la reducci\u00f3n de costes en los procesos de log\u00edstica interna. <\/p>\n<p>Desde el aprovisionamiento y la producci\u00f3n hasta el almacenamiento y la entrega, LogiMAT ofrece una visi\u00f3n completa del mercado y una transferencia de conocimientos pr\u00e1cticos. Con su estructura compacta de mercado, foros de expertos y demostraciones en directo, el evento combina: soluciones concretas, conocimientos directos de expertos del sector y presentaciones tecnol\u00f3gicas en tiempo real. Es donde se re\u00fane el mercado.  <\/p>\n<h3>Pabell\u00f3n 1 &#8211; Tecnolog\u00eda de manipulaci\u00f3n y almacenamiento de materiales<\/h3>\n<p>Nos encontrar\u00e1s en <strong>el Pabell\u00f3n 1<\/strong>, dedicado a:\n<\/p>\n<ul>\n<li>Tecnolog\u00eda de manipulaci\u00f3n y almacenamiento de materiales<\/li>\n<li>Almacenamiento y equipo operativo<\/li>\n<li>Proveedores de sistemas y construcci\u00f3n de naves<\/li>\n<\/ul>\n<p>Aqu\u00ed es donde confluyen la seguridad, la infraestructura y la eficacia del transporte interno, por lo que es el lugar perfecto para debatir estrategias modernas de protecci\u00f3n de almacenes.<\/p>\n<h3>Qu\u00e9 presentaremos<\/h3>\n<p>\nEn nuestro stand, presentaremos nuestros <strong>sistemas flexibles de barreras de seguridad de pol\u00edmero<\/strong>, dise\u00f1ados para proteger a peatones, veh\u00edculos industriales, infraestructuras de almacenes y entornos de producci\u00f3n. Nuestras soluciones ayudan a crear zonas de tr\u00e1fico claramente separadas, al tiempo que aumentan la seguridad y la eficiencia operativas. En tiempos de creciente automatizaci\u00f3n, veh\u00edculos aut\u00f3nomos y transformaci\u00f3n digital, la separaci\u00f3n segura del tr\u00e1fico sigue siendo uno de los pilares fundamentales de una intralog\u00edstica eficiente.  <\/p>\n<p>Nuestras soluciones est\u00e1n dise\u00f1adas para:\n<\/p>\n<ul>\n<li>Absorben la energ\u00eda del impacto en lugar de transferirla<\/li>\n<li>Reduce los costes de reparaci\u00f3n<\/li>\n<li>Aumentar la continuidad operativa<\/li>\n<li>Apoya la colaboraci\u00f3n segura entre personas y m\u00e1quinas<\/li>\n<\/ul>\n<h3>Seguridad en la era de la Industria 4.0<\/h3>\n<p>La digitalizaci\u00f3n, la interconectividad, la IA y los sistemas aut\u00f3nomos inteligentes est\u00e1n remodelando las cadenas de suministro. Sin embargo, independientemente de lo avanzados que lleguen a ser los sistemas, la protecci\u00f3n f\u00edsica y la gesti\u00f3n del tr\u00e1fico siguen siendo fundamentales. <\/p>\n<p>A medida que los sistemas crecen juntos en ecosistemas inteligentes, los <strong>espacios de trabajo claramente estructurados y protegidos<\/strong> son esenciales para unos procesos m\u00e1s r\u00e1pidos, energ\u00e9ticamente eficientes y seguros.<\/p>\n<p>En LogiMAT, estamos deseando debatir c\u00f3mo la infraestructura de seguridad apoya esta transformaci\u00f3n.<\/p>\n<h3>Quedemos en Stuttgart<\/h3>\n<p>Si tienes previsto visitar LogiMAT 2026, te invitamos cordialmente a conocer a nuestro equipo y explorar c\u00f3mo podemos ayudarte a mejorar la seguridad y la eficacia en tus instalaciones. Esperamos conocerte en persona. <\/p>\n","protected":false},"excerpt":{"rendered":"<p>Exponemos en LogiMAT 2026 &#8211; Encu\u00e9ntranos en el Pabell\u00f3n 1 Nos complace anunciar que Anter System expondr\u00e1 en LogiMAT 2026, la principal feria internacional de soluciones intralog\u00edsticas y gesti\u00f3n de procesos. LogiMAT re\u00fane a profesionales del sector, proveedores de tecnolog\u00eda y fabricantes de sistemas para explorar los \u00faltimos avances en automatizaci\u00f3n de almacenes, manipulaci\u00f3n de [&hellip;]<\/p>\n","protected":false},"author":11,"featured_media":40229,"parent":30348,"menu_order":0,"comment_status":"closed","ping_status":"closed","template":"","meta":{"inline_featured_image":false,"ngg_post_thumbnail":0,"footnotes":""},"class_list":["post-40332","page","type-page","status-publish","has-post-thumbnail","hentry"],"acf":[],"yoast_head":"<!-- This site is optimized with the Yoast SEO plugin v27.0 - https:\/\/yoast.com\/product\/yoast-seo-wordpress\/ -->\n<title>Invitaci\u00f3n a LogiMAT 2026 - Anter System<\/title>\n<meta name=\"description\" content=\"Exponemos en LogiMAT 2026 - Encu\u00e9ntranos en el Pabell\u00f3n 1 Nos complace anunciar que Anter System expondr\u00e1 en LogiMAT 2026, la principal feria\" \/>\n<meta name=\"robots\" content=\"index, follow, max-snippet:-1, max-image-preview:large, max-video-preview:-1\" \/>\n<link rel=\"canonical\" href=\"https:\/\/antersystem.com\/es\/noticias\/invitation-to-logimat-2026\/\" \/>\n<meta property=\"og:locale\" content=\"es_ES\" \/>\n<meta property=\"og:type\" content=\"article\" \/>\n<meta property=\"og:title\" content=\"Invitaci\u00f3n a LogiMAT 2026 - Anter System\" \/>\n<meta property=\"og:description\" content=\"Exponemos en LogiMAT 2026 - Encu\u00e9ntranos en el Pabell\u00f3n 1 Nos complace anunciar que Anter System expondr\u00e1 en LogiMAT 2026, la principal feria\" \/>\n<meta property=\"og:url\" content=\"https:\/\/antersystem.com\/es\/noticias\/invitation-to-logimat-2026\/\" \/>\n<meta property=\"og:site_name\" content=\"Anter System\" \/>\n<meta property=\"og:image\" content=\"https:\/\/antersystem.com\/wp-content\/uploads\/news-logimat-invitation.webp\" \/>\n\t<meta property=\"og:image:width\" content=\"1920\" \/>\n\t<meta property=\"og:image:height\" content=\"1081\" \/>\n\t<meta property=\"og:image:type\" content=\"image\/webp\" \/>\n<meta name=\"twitter:card\" content=\"summary_large_image\" \/>\n<meta name=\"twitter:label1\" content=\"Tiempo de lectura\" \/>\n\t<meta name=\"twitter:data1\" content=\"3 minutos\" \/>\n<script type=\"application\/ld+json\" class=\"yoast-schema-graph\">{\"@context\":\"https:\/\/schema.org\",\"@graph\":[{\"@type\":\"WebPage\",\"@id\":\"https:\/\/antersystem.com\/es\/noticias\/invitation-to-logimat-2026\/\",\"url\":\"https:\/\/antersystem.com\/es\/noticias\/invitation-to-logimat-2026\/\",\"name\":\"Invitaci\u00f3n a LogiMAT 2026 - Anter System\",\"isPartOf\":{\"@id\":\"https:\/\/antersystem.com\/es\/#website\"},\"primaryImageOfPage\":{\"@id\":\"https:\/\/antersystem.com\/es\/noticias\/invitation-to-logimat-2026\/#primaryimage\"},\"image\":{\"@id\":\"https:\/\/antersystem.com\/es\/noticias\/invitation-to-logimat-2026\/#primaryimage\"},\"thumbnailUrl\":\"https:\/\/antersystem.com\/wp-content\/uploads\/news-logimat-invitation.webp\",\"datePublished\":\"2026-02-22T12:05:26+00:00\",\"description\":\"Exponemos en LogiMAT 2026 - Encu\u00e9ntranos en el Pabell\u00f3n 1 Nos complace anunciar que Anter System expondr\u00e1 en LogiMAT 2026, la principal feria\",\"breadcrumb\":{\"@id\":\"https:\/\/antersystem.com\/es\/noticias\/invitation-to-logimat-2026\/#breadcrumb\"},\"inLanguage\":\"es\",\"potentialAction\":[{\"@type\":\"ReadAction\",\"target\":[\"https:\/\/antersystem.com\/es\/noticias\/invitation-to-logimat-2026\/\"]}]},{\"@type\":\"ImageObject\",\"inLanguage\":\"es\",\"@id\":\"https:\/\/antersystem.com\/es\/noticias\/invitation-to-logimat-2026\/#primaryimage\",\"url\":\"https:\/\/antersystem.com\/wp-content\/uploads\/news-logimat-invitation.webp\",\"contentUrl\":\"https:\/\/antersystem.com\/wp-content\/uploads\/news-logimat-invitation.webp\",\"width\":1920,\"height\":1081},{\"@type\":\"BreadcrumbList\",\"@id\":\"https:\/\/antersystem.com\/es\/noticias\/invitation-to-logimat-2026\/#breadcrumb\",\"itemListElement\":[{\"@type\":\"ListItem\",\"position\":1,\"name\":\"AnterSystem\",\"item\":\"https:\/\/antersystem.com\/es\/\"},{\"@type\":\"ListItem\",\"position\":2,\"name\":\"Noticias\",\"item\":\"https:\/\/antersystem.com\/es\/noticias\/\"},{\"@type\":\"ListItem\",\"position\":3,\"name\":\"Invitaci\u00f3n a LogiMAT 2026\"}]},{\"@type\":\"WebSite\",\"@id\":\"https:\/\/antersystem.com\/es\/#website\",\"url\":\"https:\/\/antersystem.com\/es\/\",\"name\":\"Anter System\",\"description\":\"Jeste\u015bmy polskim producentem elastycznych barier ochronnych wykonywanych z polimerowych tworzyw sztucznych. Na rynku krajowym i zagranicznym dzia\u0142amy od ponad 15 lat dbaj\u0105c o zapewnienie bezpiecze\u0144stwa w zak\u0142adach produkcyjnych, magazynach oraz centrach logistycznych.\",\"potentialAction\":[{\"@type\":\"SearchAction\",\"target\":{\"@type\":\"EntryPoint\",\"urlTemplate\":\"https:\/\/antersystem.com\/es\/?s={search_term_string}\"},\"query-input\":{\"@type\":\"PropertyValueSpecification\",\"valueRequired\":true,\"valueName\":\"search_term_string\"}}],\"inLanguage\":\"es\"}]}<\/script>\n<!-- \/ Yoast SEO plugin. -->","yoast_head_json":{"title":"Invitaci\u00f3n a LogiMAT 2026 - Anter System","description":"Exponemos en LogiMAT 2026 - Encu\u00e9ntranos en el Pabell\u00f3n 1 Nos complace anunciar que Anter System expondr\u00e1 en LogiMAT 2026, la principal feria","robots":{"index":"index","follow":"follow","max-snippet":"max-snippet:-1","max-image-preview":"max-image-preview:large","max-video-preview":"max-video-preview:-1"},"canonical":"https:\/\/antersystem.com\/es\/noticias\/invitation-to-logimat-2026\/","og_locale":"es_ES","og_type":"article","og_title":"Invitaci\u00f3n a LogiMAT 2026 - Anter System","og_description":"Exponemos en LogiMAT 2026 - Encu\u00e9ntranos en el Pabell\u00f3n 1 Nos complace anunciar que Anter System expondr\u00e1 en LogiMAT 2026, la principal feria","og_url":"https:\/\/antersystem.com\/es\/noticias\/invitation-to-logimat-2026\/","og_site_name":"Anter System","og_image":[{"width":1920,"height":1081,"url":"https:\/\/antersystem.com\/wp-content\/uploads\/news-logimat-invitation.webp","type":"image\/webp"}],"twitter_card":"summary_large_image","twitter_misc":{"Tiempo de lectura":"3 minutos"},"schema":{"@context":"https:\/\/schema.org","@graph":[{"@type":"WebPage","@id":"https:\/\/antersystem.com\/es\/noticias\/invitation-to-logimat-2026\/","url":"https:\/\/antersystem.com\/es\/noticias\/invitation-to-logimat-2026\/","name":"Invitaci\u00f3n a LogiMAT 2026 - Anter System","isPartOf":{"@id":"https:\/\/antersystem.com\/es\/#website"},"primaryImageOfPage":{"@id":"https:\/\/antersystem.com\/es\/noticias\/invitation-to-logimat-2026\/#primaryimage"},"image":{"@id":"https:\/\/antersystem.com\/es\/noticias\/invitation-to-logimat-2026\/#primaryimage"},"thumbnailUrl":"https:\/\/antersystem.com\/wp-content\/uploads\/news-logimat-invitation.webp","datePublished":"2026-02-22T12:05:26+00:00","description":"Exponemos en LogiMAT 2026 - Encu\u00e9ntranos en el Pabell\u00f3n 1 Nos complace anunciar que Anter System expondr\u00e1 en LogiMAT 2026, la principal feria","breadcrumb":{"@id":"https:\/\/antersystem.com\/es\/noticias\/invitation-to-logimat-2026\/#breadcrumb"},"inLanguage":"es","potentialAction":[{"@type":"ReadAction","target":["https:\/\/antersystem.com\/es\/noticias\/invitation-to-logimat-2026\/"]}]},{"@type":"ImageObject","inLanguage":"es","@id":"https:\/\/antersystem.com\/es\/noticias\/invitation-to-logimat-2026\/#primaryimage","url":"https:\/\/antersystem.com\/wp-content\/uploads\/news-logimat-invitation.webp","contentUrl":"https:\/\/antersystem.com\/wp-content\/uploads\/news-logimat-invitation.webp","width":1920,"height":1081},{"@type":"BreadcrumbList","@id":"https:\/\/antersystem.com\/es\/noticias\/invitation-to-logimat-2026\/#breadcrumb","itemListElement":[{"@type":"ListItem","position":1,"name":"AnterSystem","item":"https:\/\/antersystem.com\/es\/"},{"@type":"ListItem","position":2,"name":"Noticias","item":"https:\/\/antersystem.com\/es\/noticias\/"},{"@type":"ListItem","position":3,"name":"Invitaci\u00f3n a LogiMAT 2026"}]},{"@type":"WebSite","@id":"https:\/\/antersystem.com\/es\/#website","url":"https:\/\/antersystem.com\/es\/","name":"Anter System","description":"Jeste\u015bmy polskim producentem elastycznych barier ochronnych wykonywanych z polimerowych tworzyw sztucznych. Na rynku krajowym i zagranicznym dzia\u0142amy od ponad 15 lat dbaj\u0105c o zapewnienie bezpiecze\u0144stwa w zak\u0142adach produkcyjnych, magazynach oraz centrach logistycznych.","potentialAction":[{"@type":"SearchAction","target":{"@type":"EntryPoint","urlTemplate":"https:\/\/antersystem.com\/es\/?s={search_term_string}"},"query-input":{"@type":"PropertyValueSpecification","valueRequired":true,"valueName":"search_term_string"}}],"inLanguage":"es"}]}},"_links":{"self":[{"href":"https:\/\/antersystem.com\/es\/wp-json\/wp\/v2\/pages\/40332","targetHints":{"allow":["GET"]}}],"collection":[{"href":"https:\/\/antersystem.com\/es\/wp-json\/wp\/v2\/pages"}],"about":[{"href":"https:\/\/antersystem.com\/es\/wp-json\/wp\/v2\/types\/page"}],"author":[{"embeddable":true,"href":"https:\/\/antersystem.com\/es\/wp-json\/wp\/v2\/users\/11"}],"replies":[{"embeddable":true,"href":"https:\/\/antersystem.com\/es\/wp-json\/wp\/v2\/comments?post=40332"}],"version-history":[{"count":0,"href":"https:\/\/antersystem.com\/es\/wp-json\/wp\/v2\/pages\/40332\/revisions"}],"up":[{"embeddable":true,"href":"https:\/\/antersystem.com\/es\/wp-json\/wp\/v2\/pages\/30348"}],"wp:featuredmedia":[{"embeddable":true,"href":"https:\/\/antersystem.com\/es\/wp-json\/wp\/v2\/media\/40229"}],"wp:attachment":[{"href":"https:\/\/antersystem.com\/es\/wp-json\/wp\/v2\/media?parent=40332"}],"curies":[{"name":"wp","href":"https:\/\/api.w.org\/{rel}","templated":true}]}}