{"id":40337,"date":"2026-02-13T14:00:03","date_gmt":"2026-02-13T13:00:03","guid":{"rendered":"https:\/\/antersystem.com\/noticias\/mid-magazine-safe-zone\/"},"modified":"2026-02-22T21:52:08","modified_gmt":"2026-02-22T20:52:08","slug":"mid-magazine-safe-zone","status":"publish","type":"page","link":"https:\/\/antersystem.com\/es\/noticias\/mid-magazine-safe-zone\/","title":{"rendered":"Revista MID &#8211; \u00abZona segura\u00bb &#8211; \u00abBezpieczna strefa\u00bb"},"content":{"rendered":"\n<div class=\"wp-block-columns is-layout-flex wp-container-core-columns-is-layout-9d6595d7 wp-block-columns-is-layout-flex\">\n<div class=\"wp-block-column is-layout-flow wp-block-column-is-layout-flow\" style=\"flex-basis:10%\"><\/div>\n\n\n\n<div class=\"wp-block-column is-layout-flow wp-block-column-is-layout-flow\">\n<h3 class=\"wp-block-heading\">Nuestro comentario experto en la revista MID<\/h3>\n\n\n\n<p>Nos complace compartir que nuestro comentario experto ha aparecido en <strong>MID &#8211; Magazyn Intralogistyki i Dystrybucji<\/strong>.<\/p>\n<p>En el art\u00edculo analizamos por qu\u00e9 la seguridad de los almacenes modernos <strong>debe ir m\u00e1s all\u00e1 de las l\u00edneas pintadas y las se\u00f1ales de advertencia<\/strong>, centr\u00e1ndonos en un dise\u00f1o consciente del espacio, una separaci\u00f3n clara del tr\u00e1fico y sistemas de protecci\u00f3n contra impactos que reduzcan el riesgo y los costes operativos.<\/p>\n<p>El comentario experto corri\u00f3 a cargo de Tomasz Bary\u0142a, nuestro Director de Producto, que comparte su perspectiva sobre el dise\u00f1o de entornos industriales m\u00e1s seguros y eficientes.<\/p>\n<p><strong>\ud83d\udcc4 Te invitamos a leer el art\u00edculo completo a continuaci\u00f3n (PDF).<\/strong><\/p>\n<p>Si quieres estudiar c\u00f3mo aplicar estos principios en tus instalaciones, no dudes en ponerte en contacto con nosotros.<\/p>\n<\/div>\n\n\n\n<div class=\"wp-block-column is-layout-flow wp-block-column-is-layout-flow\" style=\"flex-basis:10%\"><\/div>\n<\/div>\n\n<div data-wp-interactive=\"core\/file\" class=\"wp-block-file\"><object data-wp-bind--hidden=\"!state.hasPdfPreview\" hidden class=\"wp-block-file__embed\" data=\"https:\/\/antersystem.com\/wp-content\/uploads\/MID_109_1_2026_Bezpieczny-obszar.pdf\" type=\"application\/pdf\" style=\"width:100%;height:600px\" aria-label=\"Incrustado de MID_97_1_2024-Anter-System.\"><\/object><a id=\"wp-block-file--media-c4a79965-4313-4b68-8827-3aa81c41db0a\" href=\"https:\/\/antersystem.com\/wp-content\/uploads\/MID_109_1_2026_Bezpieczny-obszar.pdf\">MID_109_1_2026-Anter-System<\/a><a href=\"https:\/\/antersystem.com\/wp-content\/uploads\/MID_109_1_2026_Bezpieczny-obszar.pdf\" class=\"wp-block-file__button wp-element-button\" download=\"\" aria-describedby=\"wp-block-file--media-c4a79965-4313-4b68-8827-3aa81c41db0a\">Descarga<\/a><\/div>\n","protected":false},"excerpt":{"rendered":"<p>Nuestro comentario experto en la revista MID Nos complace compartir que nuestro comentario experto ha aparecido en MID &#8211; Magazyn Intralogistyki i Dystrybucji. En el art\u00edculo analizamos por qu\u00e9 la seguridad de los almacenes modernos debe ir m\u00e1s all\u00e1 de las l\u00edneas pintadas y las se\u00f1ales de advertencia, centr\u00e1ndonos en un dise\u00f1o consciente del espacio, [&hellip;]<\/p>\n","protected":false},"author":11,"featured_media":40267,"parent":30348,"menu_order":0,"comment_status":"closed","ping_status":"closed","template":"","meta":{"inline_featured_image":false,"ngg_post_thumbnail":0,"footnotes":""},"class_list":["post-40337","page","type-page","status-publish","has-post-thumbnail","hentry"],"acf":[],"yoast_head":"<!-- This site is optimized with the Yoast SEO plugin v27.0 - https:\/\/yoast.com\/product\/yoast-seo-wordpress\/ -->\n<title>Revista MID - &quot;Zona segura&quot; - &quot;Bezpieczna strefa&quot; - Anter System<\/title>\n<meta name=\"description\" content=\"Nuestro comentario experto en la revista MID Nos complace compartir que nuestro comentario experto ha aparecido en MID - Magazyn Intralogistyki i\" \/>\n<meta name=\"robots\" content=\"index, follow, max-snippet:-1, max-image-preview:large, max-video-preview:-1\" \/>\n<link rel=\"canonical\" href=\"https:\/\/antersystem.com\/es\/noticias\/mid-magazine-safe-zone\/\" \/>\n<meta property=\"og:locale\" content=\"es_ES\" \/>\n<meta property=\"og:type\" content=\"article\" \/>\n<meta property=\"og:title\" content=\"Revista MID - &quot;Zona segura&quot; - &quot;Bezpieczna strefa&quot; - Anter System\" \/>\n<meta property=\"og:description\" content=\"Nuestro comentario experto en la revista MID Nos complace compartir que nuestro comentario experto ha aparecido en MID - Magazyn Intralogistyki i\" \/>\n<meta property=\"og:url\" content=\"https:\/\/antersystem.com\/es\/noticias\/mid-magazine-safe-zone\/\" \/>\n<meta property=\"og:site_name\" content=\"Anter System\" \/>\n<meta property=\"article:modified_time\" content=\"2026-02-22T20:52:08+00:00\" \/>\n<meta property=\"og:image\" content=\"https:\/\/antersystem.com\/wp-content\/uploads\/MID-1-2026.webp\" \/>\n\t<meta property=\"og:image:width\" content=\"1920\" \/>\n\t<meta property=\"og:image:height\" content=\"1080\" \/>\n\t<meta property=\"og:image:type\" content=\"image\/webp\" \/>\n<meta name=\"twitter:card\" content=\"summary_large_image\" \/>\n<meta name=\"twitter:label1\" content=\"Tiempo de lectura\" \/>\n\t<meta name=\"twitter:data1\" content=\"1 minuto\" \/>\n<script type=\"application\/ld+json\" class=\"yoast-schema-graph\">{\"@context\":\"https:\/\/schema.org\",\"@graph\":[{\"@type\":\"WebPage\",\"@id\":\"https:\/\/antersystem.com\/es\/noticias\/mid-magazine-safe-zone\/\",\"url\":\"https:\/\/antersystem.com\/es\/noticias\/mid-magazine-safe-zone\/\",\"name\":\"Revista MID - \\\"Zona segura\\\" - \\\"Bezpieczna strefa\\\" - Anter System\",\"isPartOf\":{\"@id\":\"https:\/\/antersystem.com\/es\/#website\"},\"primaryImageOfPage\":{\"@id\":\"https:\/\/antersystem.com\/es\/noticias\/mid-magazine-safe-zone\/#primaryimage\"},\"image\":{\"@id\":\"https:\/\/antersystem.com\/es\/noticias\/mid-magazine-safe-zone\/#primaryimage\"},\"thumbnailUrl\":\"https:\/\/antersystem.com\/wp-content\/uploads\/MID-1-2026.webp\",\"datePublished\":\"2026-02-13T13:00:03+00:00\",\"dateModified\":\"2026-02-22T20:52:08+00:00\",\"description\":\"Nuestro comentario experto en la revista MID Nos complace compartir que nuestro comentario experto ha aparecido en MID - Magazyn Intralogistyki i\",\"breadcrumb\":{\"@id\":\"https:\/\/antersystem.com\/es\/noticias\/mid-magazine-safe-zone\/#breadcrumb\"},\"inLanguage\":\"es\",\"potentialAction\":[{\"@type\":\"ReadAction\",\"target\":[\"https:\/\/antersystem.com\/es\/noticias\/mid-magazine-safe-zone\/\"]}]},{\"@type\":\"ImageObject\",\"inLanguage\":\"es\",\"@id\":\"https:\/\/antersystem.com\/es\/noticias\/mid-magazine-safe-zone\/#primaryimage\",\"url\":\"https:\/\/antersystem.com\/wp-content\/uploads\/MID-1-2026.webp\",\"contentUrl\":\"https:\/\/antersystem.com\/wp-content\/uploads\/MID-1-2026.webp\",\"width\":1920,\"height\":1080},{\"@type\":\"BreadcrumbList\",\"@id\":\"https:\/\/antersystem.com\/es\/noticias\/mid-magazine-safe-zone\/#breadcrumb\",\"itemListElement\":[{\"@type\":\"ListItem\",\"position\":1,\"name\":\"AnterSystem\",\"item\":\"https:\/\/antersystem.com\/es\/\"},{\"@type\":\"ListItem\",\"position\":2,\"name\":\"Noticias\",\"item\":\"https:\/\/antersystem.com\/es\/noticias\/\"},{\"@type\":\"ListItem\",\"position\":3,\"name\":\"Revista MID &#8211; &#8221;Zona segura&#8221; &#8211; &#8221;Bezpieczna strefa&#8221;\"}]},{\"@type\":\"WebSite\",\"@id\":\"https:\/\/antersystem.com\/es\/#website\",\"url\":\"https:\/\/antersystem.com\/es\/\",\"name\":\"Anter System\",\"description\":\"Jeste\u015bmy polskim producentem elastycznych barier ochronnych wykonywanych z polimerowych tworzyw sztucznych. Na rynku krajowym i zagranicznym dzia\u0142amy od ponad 15 lat dbaj\u0105c o zapewnienie bezpiecze\u0144stwa w zak\u0142adach produkcyjnych, magazynach oraz centrach logistycznych.\",\"potentialAction\":[{\"@type\":\"SearchAction\",\"target\":{\"@type\":\"EntryPoint\",\"urlTemplate\":\"https:\/\/antersystem.com\/es\/?s={search_term_string}\"},\"query-input\":{\"@type\":\"PropertyValueSpecification\",\"valueRequired\":true,\"valueName\":\"search_term_string\"}}],\"inLanguage\":\"es\"}]}<\/script>\n<!-- \/ Yoast SEO plugin. -->","yoast_head_json":{"title":"Revista MID - \"Zona segura\" - \"Bezpieczna strefa\" - Anter System","description":"Nuestro comentario experto en la revista MID Nos complace compartir que nuestro comentario experto ha aparecido en MID - Magazyn Intralogistyki i","robots":{"index":"index","follow":"follow","max-snippet":"max-snippet:-1","max-image-preview":"max-image-preview:large","max-video-preview":"max-video-preview:-1"},"canonical":"https:\/\/antersystem.com\/es\/noticias\/mid-magazine-safe-zone\/","og_locale":"es_ES","og_type":"article","og_title":"Revista MID - \"Zona segura\" - \"Bezpieczna strefa\" - Anter System","og_description":"Nuestro comentario experto en la revista MID Nos complace compartir que nuestro comentario experto ha aparecido en MID - Magazyn Intralogistyki i","og_url":"https:\/\/antersystem.com\/es\/noticias\/mid-magazine-safe-zone\/","og_site_name":"Anter System","article_modified_time":"2026-02-22T20:52:08+00:00","og_image":[{"width":1920,"height":1080,"url":"https:\/\/antersystem.com\/wp-content\/uploads\/MID-1-2026.webp","type":"image\/webp"}],"twitter_card":"summary_large_image","twitter_misc":{"Tiempo de lectura":"1 minuto"},"schema":{"@context":"https:\/\/schema.org","@graph":[{"@type":"WebPage","@id":"https:\/\/antersystem.com\/es\/noticias\/mid-magazine-safe-zone\/","url":"https:\/\/antersystem.com\/es\/noticias\/mid-magazine-safe-zone\/","name":"Revista MID - \"Zona segura\" - \"Bezpieczna strefa\" - Anter System","isPartOf":{"@id":"https:\/\/antersystem.com\/es\/#website"},"primaryImageOfPage":{"@id":"https:\/\/antersystem.com\/es\/noticias\/mid-magazine-safe-zone\/#primaryimage"},"image":{"@id":"https:\/\/antersystem.com\/es\/noticias\/mid-magazine-safe-zone\/#primaryimage"},"thumbnailUrl":"https:\/\/antersystem.com\/wp-content\/uploads\/MID-1-2026.webp","datePublished":"2026-02-13T13:00:03+00:00","dateModified":"2026-02-22T20:52:08+00:00","description":"Nuestro comentario experto en la revista MID Nos complace compartir que nuestro comentario experto ha aparecido en MID - Magazyn Intralogistyki i","breadcrumb":{"@id":"https:\/\/antersystem.com\/es\/noticias\/mid-magazine-safe-zone\/#breadcrumb"},"inLanguage":"es","potentialAction":[{"@type":"ReadAction","target":["https:\/\/antersystem.com\/es\/noticias\/mid-magazine-safe-zone\/"]}]},{"@type":"ImageObject","inLanguage":"es","@id":"https:\/\/antersystem.com\/es\/noticias\/mid-magazine-safe-zone\/#primaryimage","url":"https:\/\/antersystem.com\/wp-content\/uploads\/MID-1-2026.webp","contentUrl":"https:\/\/antersystem.com\/wp-content\/uploads\/MID-1-2026.webp","width":1920,"height":1080},{"@type":"BreadcrumbList","@id":"https:\/\/antersystem.com\/es\/noticias\/mid-magazine-safe-zone\/#breadcrumb","itemListElement":[{"@type":"ListItem","position":1,"name":"AnterSystem","item":"https:\/\/antersystem.com\/es\/"},{"@type":"ListItem","position":2,"name":"Noticias","item":"https:\/\/antersystem.com\/es\/noticias\/"},{"@type":"ListItem","position":3,"name":"Revista MID &#8211; &#8221;Zona segura&#8221; &#8211; &#8221;Bezpieczna strefa&#8221;"}]},{"@type":"WebSite","@id":"https:\/\/antersystem.com\/es\/#website","url":"https:\/\/antersystem.com\/es\/","name":"Anter System","description":"Jeste\u015bmy polskim producentem elastycznych barier ochronnych wykonywanych z polimerowych tworzyw sztucznych. Na rynku krajowym i zagranicznym dzia\u0142amy od ponad 15 lat dbaj\u0105c o zapewnienie bezpiecze\u0144stwa w zak\u0142adach produkcyjnych, magazynach oraz centrach logistycznych.","potentialAction":[{"@type":"SearchAction","target":{"@type":"EntryPoint","urlTemplate":"https:\/\/antersystem.com\/es\/?s={search_term_string}"},"query-input":{"@type":"PropertyValueSpecification","valueRequired":true,"valueName":"search_term_string"}}],"inLanguage":"es"}]}},"_links":{"self":[{"href":"https:\/\/antersystem.com\/es\/wp-json\/wp\/v2\/pages\/40337","targetHints":{"allow":["GET"]}}],"collection":[{"href":"https:\/\/antersystem.com\/es\/wp-json\/wp\/v2\/pages"}],"about":[{"href":"https:\/\/antersystem.com\/es\/wp-json\/wp\/v2\/types\/page"}],"author":[{"embeddable":true,"href":"https:\/\/antersystem.com\/es\/wp-json\/wp\/v2\/users\/11"}],"replies":[{"embeddable":true,"href":"https:\/\/antersystem.com\/es\/wp-json\/wp\/v2\/comments?post=40337"}],"version-history":[{"count":1,"href":"https:\/\/antersystem.com\/es\/wp-json\/wp\/v2\/pages\/40337\/revisions"}],"predecessor-version":[{"id":40338,"href":"https:\/\/antersystem.com\/es\/wp-json\/wp\/v2\/pages\/40337\/revisions\/40338"}],"up":[{"embeddable":true,"href":"https:\/\/antersystem.com\/es\/wp-json\/wp\/v2\/pages\/30348"}],"wp:featuredmedia":[{"embeddable":true,"href":"https:\/\/antersystem.com\/es\/wp-json\/wp\/v2\/media\/40267"}],"wp:attachment":[{"href":"https:\/\/antersystem.com\/es\/wp-json\/wp\/v2\/media?parent=40337"}],"curies":[{"name":"wp","href":"https:\/\/api.w.org\/{rel}","templated":true}]}}