{"id":10980,"date":"2024-10-07T13:21:59","date_gmt":"2024-10-07T11:21:59","guid":{"rendered":"https:\/\/new.antersystem.com\/warsaw-industry-week-2024\/"},"modified":"2026-01-30T14:29:28","modified_gmt":"2026-01-30T13:29:28","slug":"warsaw-industry-week-2024","status":"publish","type":"page","link":"https:\/\/antersystem.com\/fr\/nouvelles\/warsaw-industry-week-2024\/","title":{"rendered":"Warsaw Industry Week 2024"},"content":{"rendered":"\n<div class=\"wp-block-columns is-layout-flex wp-container-core-columns-is-layout-9d6595d7 wp-block-columns-is-layout-flex\">\n<div class=\"wp-block-column is-layout-flow wp-block-column-is-layout-flow\" style=\"flex-basis:10%\"><\/div>\n\n\n\n<div class=\"wp-block-column is-layout-flow wp-block-column-is-layout-flow\">\n<h2 class=\"wp-block-heading\">Rencontrez-nous \u00e0 Warsaw Industry Week !<\/h2>\n\n\n\n<p>La prochaine \u00e9dition du plus grand salon industriel de Pologne arrive \u00e0 grands pas ! Du <strong>5 au 7 novembre<\/strong> \u00e0 Varsovie, les leaders de l&rsquo;industrie pr\u00e9senteront les derni\u00e8res innovations sur <strong>65 000 m\u00b2<\/strong> d&rsquo;espace d&rsquo;exposition \u00e0 Ptak Expo. Plus de <strong>370 entreprises<\/strong> ont confirm\u00e9 leur participation, pr\u00e9sentant des technologies et des outils avanc\u00e9s soutenant la croissance de divers secteurs industriels.<\/p>\n\n\n\n<p><strong>Anter System sera \u00e9galement pr\u00e9sent pour pr\u00e9senter ses solutions innovantes<\/strong> &#8211; un syst\u00e8me modulaire de barri\u00e8res flexibles en polym\u00e8re con\u00e7ues pour la s\u00e9curit\u00e9 industrielle, y compris des <strong>barri\u00e8res de s\u00e9curit\u00e9 automatiques modernes<\/strong>. Nous vous invitons \u00e0 visiter notre stand et \u00e0 discuter avec nos experts de la protection efficace de l&rsquo;infrastructure, des machines et des employ\u00e9s dans les halls de production, les entrep\u00f4ts et les quais de chargement.<\/p>\n\n\n\n<p><strong><a href=\"https:\/\/industryweek.pl\/\" target=\"_blank\" rel=\"noreferrer noopener\">Warsaw Industry Week<\/a><\/strong> n&rsquo;est pas seulement la plus grande foire industrielle de Pologne, c&rsquo;est aussi une initiative unique cr\u00e9\u00e9e <strong>par l&rsquo;industrie, pour l&rsquo;industrie<\/strong>. L&rsquo;\u00e9v\u00e9nement est accompagn\u00e9 d&rsquo;un congr\u00e8s professionnel, qui donne aux participants l&rsquo;occasion de mettre \u00e0 jour leurs connaissances, d&rsquo;acqu\u00e9rir de nouvelles comp\u00e9tences et d&rsquo;explorer les derni\u00e8res tendances du march\u00e9. C&rsquo;est \u00e9galement un <strong>excellent endroit pour nouer des relations d&rsquo;affaires<\/strong> par le biais de rencontres directes et de pr\u00e9sentations en direct de solutions innovantes. Pour les exposants, il s&rsquo;agit d&rsquo;une <strong>occasion unique de discuter des besoins, des d\u00e9fis et des attentes de l&rsquo;industrie<\/strong> \u00e0 l&rsquo;\u00e9gard des fournisseurs et de leurs produits.<\/p>\n\n\n\n<p>Vous trouverez <strong>Anter System dans le hall C, stand C2.41a.<\/strong> Nous serons pr\u00e9sents de <strong>10h00 \u00e0 17h00<\/strong> &#8211; rendez-vous \u00e0 Varsovie !<\/p>\n\n\n\n<p>Vous souhaitez <strong>prendre rendez-vous<\/strong> avec des sp\u00e9cialistes d&rsquo;Anter System pendant le salon ? \u00c9crivez-nous \u00e0 l&rsquo;adresse suivante : <a href=\"mailto:contact@antersystem.com\">contact@antersystem.com<\/a><\/p>\n\n\n\n<p><\/p>\n<\/div>\n\n\n\n<div class=\"wp-block-column is-layout-flow wp-block-column-is-layout-flow\" style=\"flex-basis:10%\"><\/div>\n<\/div>\n<div class=\"wp-block-image\">\n<figure class=\"aligncenter size-large is-resized\"><img loading=\"lazy\" decoding=\"async\" width=\"1024\" height=\"576\" src=\"https:\/\/antersystem.com\/wp-content\/uploads\/warsaw_industry_week2-1-1024x576.jpg\" alt=\"Anter System &#xE0; la Warsaw Industry Week 2024\" class=\"wp-image-5501\" style=\"width:620px;height:auto\" srcset=\"https:\/\/antersystem.com\/wp-content\/uploads\/warsaw_industry_week2-1-1024x576.jpg 1024w, https:\/\/antersystem.com\/wp-content\/uploads\/warsaw_industry_week2-1-300x169.jpg 300w, https:\/\/antersystem.com\/wp-content\/uploads\/warsaw_industry_week2-1-768x432.jpg 768w, https:\/\/antersystem.com\/wp-content\/uploads\/warsaw_industry_week2-1-450x253.jpg 450w, https:\/\/antersystem.com\/wp-content\/uploads\/warsaw_industry_week2-1-330x186.jpg 330w, https:\/\/antersystem.com\/wp-content\/uploads\/warsaw_industry_week2-1.jpg 1115w\" sizes=\"auto, (max-width: 1024px) 100vw, 1024px\" \/><\/figure><\/div>","protected":false},"excerpt":{"rendered":"<p>Rencontrez-nous \u00e0 Warsaw Industry Week ! La prochaine \u00e9dition du plus grand salon industriel de Pologne arrive \u00e0 grands pas ! Du 5 au 7 novembre \u00e0 Varsovie, les leaders de l&rsquo;industrie pr\u00e9senteront les derni\u00e8res innovations sur 65 000 m\u00b2 d&rsquo;espace d&rsquo;exposition \u00e0 Ptak Expo. Plus de 370 entreprises ont confirm\u00e9 leur participation, pr\u00e9sentant des [&hellip;]<\/p>\n","protected":false},"author":1,"featured_media":0,"parent":30302,"menu_order":0,"comment_status":"closed","ping_status":"closed","template":"","meta":{"inline_featured_image":false,"ngg_post_thumbnail":0,"footnotes":""},"class_list":["post-10980","page","type-page","status-publish","hentry"],"acf":[],"yoast_head":"<!-- This site is optimized with the Yoast SEO plugin v27.0 - https:\/\/yoast.com\/product\/yoast-seo-wordpress\/ -->\n<title>Warsaw Industry Week 2024 - Anter System<\/title>\n<meta name=\"description\" content=\"EcoVadis pozwala firmom oceni\u0107 jak skutecznie zarz\u0105dzaj\u0105 swoimi praktykami odpowiedzialno\u015bci spo\u0142ecznej. Anter System anga\u017cuje si\u0119...\" \/>\n<meta name=\"robots\" content=\"index, follow, max-snippet:-1, max-image-preview:large, max-video-preview:-1\" \/>\n<link rel=\"canonical\" href=\"https:\/\/antersystem.com\/fr\/nouvelles\/warsaw-industry-week-2024\/\" \/>\n<meta property=\"og:locale\" content=\"fr_FR\" \/>\n<meta property=\"og:type\" content=\"article\" \/>\n<meta property=\"og:title\" content=\"Warsaw Industry Week 2024 - Anter System\" \/>\n<meta property=\"og:description\" content=\"EcoVadis pozwala firmom oceni\u0107 jak skutecznie zarz\u0105dzaj\u0105 swoimi praktykami odpowiedzialno\u015bci spo\u0142ecznej. Anter System anga\u017cuje si\u0119...\" \/>\n<meta property=\"og:url\" content=\"https:\/\/antersystem.com\/fr\/nouvelles\/warsaw-industry-week-2024\/\" \/>\n<meta property=\"og:site_name\" content=\"Anter System\" \/>\n<meta property=\"article:modified_time\" content=\"2026-01-30T13:29:28+00:00\" \/>\n<meta property=\"og:image\" content=\"https:\/\/antersystem.com\/wp-content\/uploads\/warsaw_industry_week2-1-1024x576.jpg\" \/>\n<meta name=\"twitter:card\" content=\"summary_large_image\" \/>\n<meta name=\"twitter:label1\" content=\"Dur\u00e9e de lecture estim\u00e9e\" \/>\n\t<meta name=\"twitter:data1\" content=\"1 minute\" \/>\n<script type=\"application\/ld+json\" class=\"yoast-schema-graph\">{\"@context\":\"https:\/\/schema.org\",\"@graph\":[{\"@type\":\"WebPage\",\"@id\":\"https:\/\/antersystem.com\/fr\/nouvelles\/warsaw-industry-week-2024\/\",\"url\":\"https:\/\/antersystem.com\/fr\/nouvelles\/warsaw-industry-week-2024\/\",\"name\":\"Warsaw Industry Week 2024 - Anter System\",\"isPartOf\":{\"@id\":\"https:\/\/antersystem.com\/fr\/#website\"},\"primaryImageOfPage\":{\"@id\":\"https:\/\/antersystem.com\/fr\/nouvelles\/warsaw-industry-week-2024\/#primaryimage\"},\"image\":{\"@id\":\"https:\/\/antersystem.com\/fr\/nouvelles\/warsaw-industry-week-2024\/#primaryimage\"},\"thumbnailUrl\":\"https:\/\/antersystem.com\/wp-content\/uploads\/warsaw_industry_week2-1-1024x576.jpg\",\"datePublished\":\"2024-10-07T11:21:59+00:00\",\"dateModified\":\"2026-01-30T13:29:28+00:00\",\"description\":\"EcoVadis pozwala firmom oceni\u0107 jak skutecznie zarz\u0105dzaj\u0105 swoimi praktykami odpowiedzialno\u015bci spo\u0142ecznej. Anter System anga\u017cuje si\u0119...\",\"breadcrumb\":{\"@id\":\"https:\/\/antersystem.com\/fr\/nouvelles\/warsaw-industry-week-2024\/#breadcrumb\"},\"inLanguage\":\"fr-FR\",\"potentialAction\":[{\"@type\":\"ReadAction\",\"target\":[\"https:\/\/antersystem.com\/fr\/nouvelles\/warsaw-industry-week-2024\/\"]}]},{\"@type\":\"ImageObject\",\"inLanguage\":\"fr-FR\",\"@id\":\"https:\/\/antersystem.com\/fr\/nouvelles\/warsaw-industry-week-2024\/#primaryimage\",\"url\":\"https:\/\/antersystem.com\/wp-content\/uploads\/warsaw_industry_week2-1-1024x576.jpg\",\"contentUrl\":\"https:\/\/antersystem.com\/wp-content\/uploads\/warsaw_industry_week2-1-1024x576.jpg\"},{\"@type\":\"BreadcrumbList\",\"@id\":\"https:\/\/antersystem.com\/fr\/nouvelles\/warsaw-industry-week-2024\/#breadcrumb\",\"itemListElement\":[{\"@type\":\"ListItem\",\"position\":1,\"name\":\"AnterSystem\",\"item\":\"https:\/\/antersystem.com\/fr\/\"},{\"@type\":\"ListItem\",\"position\":2,\"name\":\"Actualit\u00e9s\",\"item\":\"https:\/\/antersystem.com\/fr\/nouvelles\/\"},{\"@type\":\"ListItem\",\"position\":3,\"name\":\"Warsaw Industry Week 2024\"}]},{\"@type\":\"WebSite\",\"@id\":\"https:\/\/antersystem.com\/fr\/#website\",\"url\":\"https:\/\/antersystem.com\/fr\/\",\"name\":\"Anter System\",\"description\":\"Jeste\u015bmy polskim producentem elastycznych barier ochronnych wykonywanych z polimerowych tworzyw sztucznych. Na rynku krajowym i zagranicznym dzia\u0142amy od ponad 15 lat dbaj\u0105c o zapewnienie bezpiecze\u0144stwa w zak\u0142adach produkcyjnych, magazynach oraz centrach logistycznych.\",\"potentialAction\":[{\"@type\":\"SearchAction\",\"target\":{\"@type\":\"EntryPoint\",\"urlTemplate\":\"https:\/\/antersystem.com\/fr\/?s={search_term_string}\"},\"query-input\":{\"@type\":\"PropertyValueSpecification\",\"valueRequired\":true,\"valueName\":\"search_term_string\"}}],\"inLanguage\":\"fr-FR\"}]}<\/script>\n<!-- \/ Yoast SEO plugin. -->","yoast_head_json":{"title":"Warsaw Industry Week 2024 - Anter System","description":"EcoVadis pozwala firmom oceni\u0107 jak skutecznie zarz\u0105dzaj\u0105 swoimi praktykami odpowiedzialno\u015bci spo\u0142ecznej. Anter System anga\u017cuje si\u0119...","robots":{"index":"index","follow":"follow","max-snippet":"max-snippet:-1","max-image-preview":"max-image-preview:large","max-video-preview":"max-video-preview:-1"},"canonical":"https:\/\/antersystem.com\/fr\/nouvelles\/warsaw-industry-week-2024\/","og_locale":"fr_FR","og_type":"article","og_title":"Warsaw Industry Week 2024 - Anter System","og_description":"EcoVadis pozwala firmom oceni\u0107 jak skutecznie zarz\u0105dzaj\u0105 swoimi praktykami odpowiedzialno\u015bci spo\u0142ecznej. Anter System anga\u017cuje si\u0119...","og_url":"https:\/\/antersystem.com\/fr\/nouvelles\/warsaw-industry-week-2024\/","og_site_name":"Anter System","article_modified_time":"2026-01-30T13:29:28+00:00","og_image":[{"url":"https:\/\/antersystem.com\/wp-content\/uploads\/warsaw_industry_week2-1-1024x576.jpg","type":"","width":"","height":""}],"twitter_card":"summary_large_image","twitter_misc":{"Dur\u00e9e de lecture estim\u00e9e":"1 minute"},"schema":{"@context":"https:\/\/schema.org","@graph":[{"@type":"WebPage","@id":"https:\/\/antersystem.com\/fr\/nouvelles\/warsaw-industry-week-2024\/","url":"https:\/\/antersystem.com\/fr\/nouvelles\/warsaw-industry-week-2024\/","name":"Warsaw Industry Week 2024 - Anter System","isPartOf":{"@id":"https:\/\/antersystem.com\/fr\/#website"},"primaryImageOfPage":{"@id":"https:\/\/antersystem.com\/fr\/nouvelles\/warsaw-industry-week-2024\/#primaryimage"},"image":{"@id":"https:\/\/antersystem.com\/fr\/nouvelles\/warsaw-industry-week-2024\/#primaryimage"},"thumbnailUrl":"https:\/\/antersystem.com\/wp-content\/uploads\/warsaw_industry_week2-1-1024x576.jpg","datePublished":"2024-10-07T11:21:59+00:00","dateModified":"2026-01-30T13:29:28+00:00","description":"EcoVadis pozwala firmom oceni\u0107 jak skutecznie zarz\u0105dzaj\u0105 swoimi praktykami odpowiedzialno\u015bci spo\u0142ecznej. Anter System anga\u017cuje si\u0119...","breadcrumb":{"@id":"https:\/\/antersystem.com\/fr\/nouvelles\/warsaw-industry-week-2024\/#breadcrumb"},"inLanguage":"fr-FR","potentialAction":[{"@type":"ReadAction","target":["https:\/\/antersystem.com\/fr\/nouvelles\/warsaw-industry-week-2024\/"]}]},{"@type":"ImageObject","inLanguage":"fr-FR","@id":"https:\/\/antersystem.com\/fr\/nouvelles\/warsaw-industry-week-2024\/#primaryimage","url":"https:\/\/antersystem.com\/wp-content\/uploads\/warsaw_industry_week2-1-1024x576.jpg","contentUrl":"https:\/\/antersystem.com\/wp-content\/uploads\/warsaw_industry_week2-1-1024x576.jpg"},{"@type":"BreadcrumbList","@id":"https:\/\/antersystem.com\/fr\/nouvelles\/warsaw-industry-week-2024\/#breadcrumb","itemListElement":[{"@type":"ListItem","position":1,"name":"AnterSystem","item":"https:\/\/antersystem.com\/fr\/"},{"@type":"ListItem","position":2,"name":"Actualit\u00e9s","item":"https:\/\/antersystem.com\/fr\/nouvelles\/"},{"@type":"ListItem","position":3,"name":"Warsaw Industry Week 2024"}]},{"@type":"WebSite","@id":"https:\/\/antersystem.com\/fr\/#website","url":"https:\/\/antersystem.com\/fr\/","name":"Anter System","description":"Jeste\u015bmy polskim producentem elastycznych barier ochronnych wykonywanych z polimerowych tworzyw sztucznych. Na rynku krajowym i zagranicznym dzia\u0142amy od ponad 15 lat dbaj\u0105c o zapewnienie bezpiecze\u0144stwa w zak\u0142adach produkcyjnych, magazynach oraz centrach logistycznych.","potentialAction":[{"@type":"SearchAction","target":{"@type":"EntryPoint","urlTemplate":"https:\/\/antersystem.com\/fr\/?s={search_term_string}"},"query-input":{"@type":"PropertyValueSpecification","valueRequired":true,"valueName":"search_term_string"}}],"inLanguage":"fr-FR"}]}},"_links":{"self":[{"href":"https:\/\/antersystem.com\/fr\/wp-json\/wp\/v2\/pages\/10980","targetHints":{"allow":["GET"]}}],"collection":[{"href":"https:\/\/antersystem.com\/fr\/wp-json\/wp\/v2\/pages"}],"about":[{"href":"https:\/\/antersystem.com\/fr\/wp-json\/wp\/v2\/types\/page"}],"author":[{"embeddable":true,"href":"https:\/\/antersystem.com\/fr\/wp-json\/wp\/v2\/users\/1"}],"replies":[{"embeddable":true,"href":"https:\/\/antersystem.com\/fr\/wp-json\/wp\/v2\/comments?post=10980"}],"version-history":[{"count":3,"href":"https:\/\/antersystem.com\/fr\/wp-json\/wp\/v2\/pages\/10980\/revisions"}],"predecessor-version":[{"id":15457,"href":"https:\/\/antersystem.com\/fr\/wp-json\/wp\/v2\/pages\/10980\/revisions\/15457"}],"up":[{"embeddable":true,"href":"https:\/\/antersystem.com\/fr\/wp-json\/wp\/v2\/pages\/30302"}],"wp:attachment":[{"href":"https:\/\/antersystem.com\/fr\/wp-json\/wp\/v2\/media?parent=10980"}],"curies":[{"name":"wp","href":"https:\/\/api.w.org\/{rel}","templated":true}]}}