{"id":12760,"date":"2024-06-28T09:56:14","date_gmt":"2024-06-28T07:56:14","guid":{"rendered":"https:\/\/new.antersystem.com\/sustainable-practices\/"},"modified":"2026-01-30T14:29:28","modified_gmt":"2026-01-30T13:29:28","slug":"sustainable-practices","status":"publish","type":"page","link":"https:\/\/antersystem.com\/fr\/nouvelles\/sustainable-practices\/","title":{"rendered":"Pratiques durables"},"content":{"rendered":"\n<div class=\"wp-block-columns is-layout-flex wp-container-core-columns-is-layout-9d6595d7 wp-block-columns-is-layout-flex\">\n<div class=\"wp-block-column is-layout-flow wp-block-column-is-layout-flow\" style=\"flex-basis:10%\"><\/div>\n\n\n\n<div class=\"wp-block-column is-layout-flow wp-block-column-is-layout-flow\">\n<h2 class=\"wp-block-heading\">Suivre les initiatives et les normes mondiales<\/h2>\n\n\n\n<p><strong>EcoVadis aide les entreprises \u00e0 \u00e9valuer l&rsquo;efficacit\u00e9 de leurs pratiques en mati\u00e8re de responsabilit\u00e9 sociale.  <\/strong>  Anter System s&rsquo;engage \u00e0 pr\u00e9venir la pollution de l&rsquo;environnement, \u00e0 fournir des produits \u00e9thiques et \u00e0 adopter des mod\u00e8les d&rsquo;entreprise durables. En 2024, nos efforts ont \u00e0 nouveau \u00e9t\u00e9 r\u00e9compens\u00e9s par la <strong>m\u00e9daille d&rsquo;argent EcoVadis<\/strong>, comme l&rsquo;ann\u00e9e pr\u00e9c\u00e9dente.<\/p>\n\n\n\n<p>Cette distinction confirme que l&rsquo;entreprise a obtenu des r\u00e9sultats \u00e9lev\u00e9s dans les domaines suivants :<\/p>\n\n\n\n<p><strong>Environnement :<\/strong> Politiques et actions li\u00e9es \u00e0 la gestion de l&rsquo;impact environnemental de l&rsquo;entreprise, y compris la gestion des \u00e9missions, l&rsquo;efficacit\u00e9 des ressources et les initiatives de d\u00e9veloppement durable.<\/p>\n\n\n\n<p><strong>Travail et droits de l&rsquo;homme :<\/strong> Conditions de travail, respect des droits des employ\u00e9s, sant\u00e9 et s\u00e9curit\u00e9 au travail, ainsi que politiques de diversit\u00e9 et d&rsquo;inclusion.<\/p>\n\n\n\n<p><strong>L&rsquo;\u00e9thique :<\/strong> Principes \u00e9thiques, mesures anti-corruption, transparence et respect des r\u00e9glementations l\u00e9gales.<\/p>\n\n\n\n<p><strong>Achats durables :<\/strong> Politiques visant \u00e0 promouvoir des pratiques d&rsquo;achat \u00e9thiques et durables, la s\u00e9lection des fournisseurs et la gestion de la cha\u00eene d&rsquo;approvisionnement.<\/p>\n\n\n\n<p>La m\u00e9daille d&rsquo;argent nous place parmi les 15 % d&rsquo;entreprises les plus performantes \u00e9valu\u00e9es par EcoVadis, ce qui souligne notre engagement actif en faveur du d\u00e9veloppement durable et de la responsabilit\u00e9 sociale. Nous remercions tous ceux qui ont contribu\u00e9 \u00e0 ces r\u00e9sultats chez Anter System &#8211; et nos clients pour leur confiance renouvel\u00e9e.<\/p>\n<\/div>\n\n\n\n<div class=\"wp-block-column is-layout-flow wp-block-column-is-layout-flow\" style=\"flex-basis:10%\"><\/div>\n<\/div>\n<div class=\"wp-block-image\">\n<figure class=\"aligncenter size-large is-resized\"><img loading=\"lazy\" decoding=\"async\" width=\"1024\" height=\"535\" src=\"https:\/\/antersystem.com\/wp-content\/uploads\/ECOVADIS-1-1024x535.webp\" alt=\"L'image montre la m&#xE9;daille d'argent EcoVadis. Elle confirme les performances &#xE9;lev&#xE9;es de l'entreprise en mati&#xE8;re de responsabilit&#xE9; sociale, d'&#xE9;thique, de protection de l'environnement et de gestion durable. \" class=\"wp-image-4968\" style=\"width:620px;height:auto\" srcset=\"https:\/\/antersystem.com\/wp-content\/uploads\/ECOVADIS-1-1024x535.webp 1024w, https:\/\/antersystem.com\/wp-content\/uploads\/ECOVADIS-1-300x157.webp 300w, https:\/\/antersystem.com\/wp-content\/uploads\/ECOVADIS-1-768x401.webp 768w, https:\/\/antersystem.com\/wp-content\/uploads\/ECOVADIS-1-450x235.webp 450w, https:\/\/antersystem.com\/wp-content\/uploads\/ECOVADIS-1-330x172.webp 330w, https:\/\/antersystem.com\/wp-content\/uploads\/ECOVADIS-1.webp 1200w\" sizes=\"auto, (max-width: 1024px) 100vw, 1024px\" \/><\/figure><\/div>","protected":false},"excerpt":{"rendered":"<p>Suivre les initiatives et les normes mondiales EcoVadis aide les entreprises \u00e0 \u00e9valuer l&rsquo;efficacit\u00e9 de leurs pratiques en mati\u00e8re de responsabilit\u00e9 sociale. Anter System s&rsquo;engage \u00e0 pr\u00e9venir la pollution de l&rsquo;environnement, \u00e0 fournir des produits \u00e9thiques et \u00e0 adopter des mod\u00e8les d&rsquo;entreprise durables. En 2024, nos efforts ont \u00e0 nouveau \u00e9t\u00e9 r\u00e9compens\u00e9s par la m\u00e9daille [&hellip;]<\/p>\n","protected":false},"author":1,"featured_media":0,"parent":30302,"menu_order":0,"comment_status":"closed","ping_status":"closed","template":"","meta":{"inline_featured_image":false,"ngg_post_thumbnail":0,"footnotes":""},"class_list":["post-12760","page","type-page","status-publish","hentry"],"acf":[],"yoast_head":"<!-- This site is optimized with the Yoast SEO plugin v27.0 - https:\/\/yoast.com\/product\/yoast-seo-wordpress\/ -->\n<title>Pratiques durables - Anter System<\/title>\n<meta name=\"description\" content=\"Suivre les initiatives et les normes mondiales EcoVadis aide les entreprises \u00e0 \u00e9valuer l&#039;efficacit\u00e9 de leurs pratiques en mati\u00e8re de responsabilit\u00e9\" \/>\n<meta name=\"robots\" content=\"index, follow, max-snippet:-1, max-image-preview:large, max-video-preview:-1\" \/>\n<link rel=\"canonical\" href=\"https:\/\/antersystem.com\/fr\/nouvelles\/sustainable-practices\/\" \/>\n<meta property=\"og:locale\" content=\"fr_FR\" \/>\n<meta property=\"og:type\" content=\"article\" \/>\n<meta property=\"og:title\" content=\"Pratiques durables - Anter System\" \/>\n<meta property=\"og:description\" content=\"Suivre les initiatives et les normes mondiales EcoVadis aide les entreprises \u00e0 \u00e9valuer l&#039;efficacit\u00e9 de leurs pratiques en mati\u00e8re de responsabilit\u00e9\" \/>\n<meta property=\"og:url\" content=\"https:\/\/antersystem.com\/fr\/nouvelles\/sustainable-practices\/\" \/>\n<meta property=\"og:site_name\" content=\"Anter System\" \/>\n<meta property=\"article:modified_time\" content=\"2026-01-30T13:29:28+00:00\" \/>\n<meta property=\"og:image\" content=\"https:\/\/antersystem.com\/wp-content\/uploads\/ECOVADIS-1-1024x535.webp\" \/>\n<meta name=\"twitter:card\" content=\"summary_large_image\" \/>\n<meta name=\"twitter:label1\" content=\"Dur\u00e9e de lecture estim\u00e9e\" \/>\n\t<meta name=\"twitter:data1\" content=\"1 minute\" \/>\n<script type=\"application\/ld+json\" class=\"yoast-schema-graph\">{\"@context\":\"https:\/\/schema.org\",\"@graph\":[{\"@type\":\"WebPage\",\"@id\":\"https:\/\/antersystem.com\/fr\/nouvelles\/sustainable-practices\/\",\"url\":\"https:\/\/antersystem.com\/fr\/nouvelles\/sustainable-practices\/\",\"name\":\"Pratiques durables - Anter System\",\"isPartOf\":{\"@id\":\"https:\/\/antersystem.com\/fr\/#website\"},\"primaryImageOfPage\":{\"@id\":\"https:\/\/antersystem.com\/fr\/nouvelles\/sustainable-practices\/#primaryimage\"},\"image\":{\"@id\":\"https:\/\/antersystem.com\/fr\/nouvelles\/sustainable-practices\/#primaryimage\"},\"thumbnailUrl\":\"https:\/\/antersystem.com\/wp-content\/uploads\/ECOVADIS-1-1024x535.webp\",\"datePublished\":\"2024-06-28T07:56:14+00:00\",\"dateModified\":\"2026-01-30T13:29:28+00:00\",\"description\":\"Suivre les initiatives et les normes mondiales EcoVadis aide les entreprises \u00e0 \u00e9valuer l'efficacit\u00e9 de leurs pratiques en mati\u00e8re de responsabilit\u00e9\",\"breadcrumb\":{\"@id\":\"https:\/\/antersystem.com\/fr\/nouvelles\/sustainable-practices\/#breadcrumb\"},\"inLanguage\":\"fr-FR\",\"potentialAction\":[{\"@type\":\"ReadAction\",\"target\":[\"https:\/\/antersystem.com\/fr\/nouvelles\/sustainable-practices\/\"]}]},{\"@type\":\"ImageObject\",\"inLanguage\":\"fr-FR\",\"@id\":\"https:\/\/antersystem.com\/fr\/nouvelles\/sustainable-practices\/#primaryimage\",\"url\":\"https:\/\/antersystem.com\/wp-content\/uploads\/ECOVADIS-1-1024x535.webp\",\"contentUrl\":\"https:\/\/antersystem.com\/wp-content\/uploads\/ECOVADIS-1-1024x535.webp\"},{\"@type\":\"BreadcrumbList\",\"@id\":\"https:\/\/antersystem.com\/fr\/nouvelles\/sustainable-practices\/#breadcrumb\",\"itemListElement\":[{\"@type\":\"ListItem\",\"position\":1,\"name\":\"AnterSystem\",\"item\":\"https:\/\/antersystem.com\/fr\/\"},{\"@type\":\"ListItem\",\"position\":2,\"name\":\"Actualit\u00e9s\",\"item\":\"https:\/\/antersystem.com\/fr\/nouvelles\/\"},{\"@type\":\"ListItem\",\"position\":3,\"name\":\"Pratiques durables\"}]},{\"@type\":\"WebSite\",\"@id\":\"https:\/\/antersystem.com\/fr\/#website\",\"url\":\"https:\/\/antersystem.com\/fr\/\",\"name\":\"Anter System\",\"description\":\"Jeste\u015bmy polskim producentem elastycznych barier ochronnych wykonywanych z polimerowych tworzyw sztucznych. Na rynku krajowym i zagranicznym dzia\u0142amy od ponad 15 lat dbaj\u0105c o zapewnienie bezpiecze\u0144stwa w zak\u0142adach produkcyjnych, magazynach oraz centrach logistycznych.\",\"potentialAction\":[{\"@type\":\"SearchAction\",\"target\":{\"@type\":\"EntryPoint\",\"urlTemplate\":\"https:\/\/antersystem.com\/fr\/?s={search_term_string}\"},\"query-input\":{\"@type\":\"PropertyValueSpecification\",\"valueRequired\":true,\"valueName\":\"search_term_string\"}}],\"inLanguage\":\"fr-FR\"}]}<\/script>\n<!-- \/ Yoast SEO plugin. -->","yoast_head_json":{"title":"Pratiques durables - Anter System","description":"Suivre les initiatives et les normes mondiales EcoVadis aide les entreprises \u00e0 \u00e9valuer l'efficacit\u00e9 de leurs pratiques en mati\u00e8re de responsabilit\u00e9","robots":{"index":"index","follow":"follow","max-snippet":"max-snippet:-1","max-image-preview":"max-image-preview:large","max-video-preview":"max-video-preview:-1"},"canonical":"https:\/\/antersystem.com\/fr\/nouvelles\/sustainable-practices\/","og_locale":"fr_FR","og_type":"article","og_title":"Pratiques durables - Anter System","og_description":"Suivre les initiatives et les normes mondiales EcoVadis aide les entreprises \u00e0 \u00e9valuer l'efficacit\u00e9 de leurs pratiques en mati\u00e8re de responsabilit\u00e9","og_url":"https:\/\/antersystem.com\/fr\/nouvelles\/sustainable-practices\/","og_site_name":"Anter System","article_modified_time":"2026-01-30T13:29:28+00:00","og_image":[{"url":"https:\/\/antersystem.com\/wp-content\/uploads\/ECOVADIS-1-1024x535.webp","type":"","width":"","height":""}],"twitter_card":"summary_large_image","twitter_misc":{"Dur\u00e9e de lecture estim\u00e9e":"1 minute"},"schema":{"@context":"https:\/\/schema.org","@graph":[{"@type":"WebPage","@id":"https:\/\/antersystem.com\/fr\/nouvelles\/sustainable-practices\/","url":"https:\/\/antersystem.com\/fr\/nouvelles\/sustainable-practices\/","name":"Pratiques durables - Anter System","isPartOf":{"@id":"https:\/\/antersystem.com\/fr\/#website"},"primaryImageOfPage":{"@id":"https:\/\/antersystem.com\/fr\/nouvelles\/sustainable-practices\/#primaryimage"},"image":{"@id":"https:\/\/antersystem.com\/fr\/nouvelles\/sustainable-practices\/#primaryimage"},"thumbnailUrl":"https:\/\/antersystem.com\/wp-content\/uploads\/ECOVADIS-1-1024x535.webp","datePublished":"2024-06-28T07:56:14+00:00","dateModified":"2026-01-30T13:29:28+00:00","description":"Suivre les initiatives et les normes mondiales EcoVadis aide les entreprises \u00e0 \u00e9valuer l'efficacit\u00e9 de leurs pratiques en mati\u00e8re de responsabilit\u00e9","breadcrumb":{"@id":"https:\/\/antersystem.com\/fr\/nouvelles\/sustainable-practices\/#breadcrumb"},"inLanguage":"fr-FR","potentialAction":[{"@type":"ReadAction","target":["https:\/\/antersystem.com\/fr\/nouvelles\/sustainable-practices\/"]}]},{"@type":"ImageObject","inLanguage":"fr-FR","@id":"https:\/\/antersystem.com\/fr\/nouvelles\/sustainable-practices\/#primaryimage","url":"https:\/\/antersystem.com\/wp-content\/uploads\/ECOVADIS-1-1024x535.webp","contentUrl":"https:\/\/antersystem.com\/wp-content\/uploads\/ECOVADIS-1-1024x535.webp"},{"@type":"BreadcrumbList","@id":"https:\/\/antersystem.com\/fr\/nouvelles\/sustainable-practices\/#breadcrumb","itemListElement":[{"@type":"ListItem","position":1,"name":"AnterSystem","item":"https:\/\/antersystem.com\/fr\/"},{"@type":"ListItem","position":2,"name":"Actualit\u00e9s","item":"https:\/\/antersystem.com\/fr\/nouvelles\/"},{"@type":"ListItem","position":3,"name":"Pratiques durables"}]},{"@type":"WebSite","@id":"https:\/\/antersystem.com\/fr\/#website","url":"https:\/\/antersystem.com\/fr\/","name":"Anter System","description":"Jeste\u015bmy polskim producentem elastycznych barier ochronnych wykonywanych z polimerowych tworzyw sztucznych. Na rynku krajowym i zagranicznym dzia\u0142amy od ponad 15 lat dbaj\u0105c o zapewnienie bezpiecze\u0144stwa w zak\u0142adach produkcyjnych, magazynach oraz centrach logistycznych.","potentialAction":[{"@type":"SearchAction","target":{"@type":"EntryPoint","urlTemplate":"https:\/\/antersystem.com\/fr\/?s={search_term_string}"},"query-input":{"@type":"PropertyValueSpecification","valueRequired":true,"valueName":"search_term_string"}}],"inLanguage":"fr-FR"}]}},"_links":{"self":[{"href":"https:\/\/antersystem.com\/fr\/wp-json\/wp\/v2\/pages\/12760","targetHints":{"allow":["GET"]}}],"collection":[{"href":"https:\/\/antersystem.com\/fr\/wp-json\/wp\/v2\/pages"}],"about":[{"href":"https:\/\/antersystem.com\/fr\/wp-json\/wp\/v2\/types\/page"}],"author":[{"embeddable":true,"href":"https:\/\/antersystem.com\/fr\/wp-json\/wp\/v2\/users\/1"}],"replies":[{"embeddable":true,"href":"https:\/\/antersystem.com\/fr\/wp-json\/wp\/v2\/comments?post=12760"}],"version-history":[{"count":2,"href":"https:\/\/antersystem.com\/fr\/wp-json\/wp\/v2\/pages\/12760\/revisions"}],"predecessor-version":[{"id":26425,"href":"https:\/\/antersystem.com\/fr\/wp-json\/wp\/v2\/pages\/12760\/revisions\/26425"}],"up":[{"embeddable":true,"href":"https:\/\/antersystem.com\/fr\/wp-json\/wp\/v2\/pages\/30302"}],"wp:attachment":[{"href":"https:\/\/antersystem.com\/fr\/wp-json\/wp\/v2\/media?parent=12760"}],"curies":[{"name":"wp","href":"https:\/\/api.w.org\/{rel}","templated":true}]}}