{"id":12879,"date":"2023-09-01T11:11:31","date_gmt":"2023-09-01T09:11:31","guid":{"rendered":"https:\/\/new.antersystem.com\/case-studies\/barriers-traffic-r3\/"},"modified":"2026-01-30T01:31:31","modified_gmt":"2026-01-30T00:31:31","slug":"barriers-traffic-r3","status":"publish","type":"page","link":"https:\/\/antersystem.com\/fr\/case-studies\/barriers-traffic-r3\/","title":{"rendered":"Barri\u00e8res Traffic R3"},"content":{"rendered":"\n<div class=\"wp-block-columns is-layout-flex wp-container-core-columns-is-layout-9d6595d7 wp-block-columns-is-layout-flex\">\n<div class=\"wp-block-column is-layout-flow wp-block-column-is-layout-flow\" style=\"flex-basis:10%\"><\/div>\n\n\n\n<div class=\"wp-block-column is-layout-flow wp-block-column-is-layout-flow\" style=\"flex-basis:80%\">\n<p class=\"justify-mru\">Un autre projet adapt\u00e9 aux besoins individuels du client a \u00e9t\u00e9 r\u00e9alis\u00e9 pour un fournisseur allemand de pi\u00e8ces automobiles. Des barri\u00e8res Traffic R3 et des barri\u00e8res WALL PROTECTOR ont \u00e9t\u00e9 con\u00e7ues et install\u00e9es pour s\u00e9parer les zones de stockage en hauteur. Pour \u00e9liminer le risque de collision entre les chariots \u00e9l\u00e9vateurs et les pi\u00e9tons, des barri\u00e8res de s\u00e9curit\u00e9 et des syst\u00e8mes de barri\u00e8res de circulation automatiques ont \u00e9t\u00e9 mis en place. La gamme de solutions appliqu\u00e9es a non seulement augment\u00e9 le niveau g\u00e9n\u00e9ral de s\u00e9curit\u00e9, mais a \u00e9galement rationalis\u00e9 les processus de production.<\/p>\n\n\n\nngg_shortcode_0_placeholder\n<\/div>\n\n\n\n<div class=\"wp-block-column is-layout-flow wp-block-column-is-layout-flow\" style=\"flex-basis:10%\"><\/div>\n<\/div>\n","protected":false},"excerpt":{"rendered":"<p>Un autre projet adapt\u00e9 aux besoins individuels du client a \u00e9t\u00e9 r\u00e9alis\u00e9 pour un fournisseur allemand de pi\u00e8ces automobiles. Des barri\u00e8res Traffic R3 et des barri\u00e8res WALL PROTECTOR ont \u00e9t\u00e9 con\u00e7ues et install\u00e9es pour s\u00e9parer les zones de stockage en hauteur. Pour \u00e9liminer le risque de collision entre les chariots \u00e9l\u00e9vateurs et les pi\u00e9tons, des [&hellip;]<\/p>\n","protected":false},"author":1,"featured_media":0,"parent":12644,"menu_order":0,"comment_status":"closed","ping_status":"closed","template":"","meta":{"inline_featured_image":false,"ngg_post_thumbnail":0,"footnotes":""},"class_list":["post-12879","page","type-page","status-publish","hentry"],"acf":[],"yoast_head":"<!-- This site is optimized with the Yoast SEO plugin v27.0 - https:\/\/yoast.com\/product\/yoast-seo-wordpress\/ -->\n<title>Barri\u00e8res Traffic R3 - Anter System<\/title>\n<meta name=\"description\" content=\"Un autre projet adapt\u00e9 aux besoins individuels du client a \u00e9t\u00e9 r\u00e9alis\u00e9 pour un fournisseur allemand de pi\u00e8ces automobiles. Des barri\u00e8res Traffic R3 et des\" \/>\n<meta name=\"robots\" content=\"index, follow, max-snippet:-1, max-image-preview:large, max-video-preview:-1\" \/>\n<link rel=\"canonical\" href=\"https:\/\/antersystem.com\/fr\/case-studies\/barriers-traffic-r3\/\" \/>\n<meta property=\"og:locale\" content=\"fr_FR\" \/>\n<meta property=\"og:type\" content=\"article\" \/>\n<meta property=\"og:title\" content=\"Barri\u00e8res Traffic R3 - Anter System\" \/>\n<meta property=\"og:description\" content=\"Un autre projet adapt\u00e9 aux besoins individuels du client a \u00e9t\u00e9 r\u00e9alis\u00e9 pour un fournisseur allemand de pi\u00e8ces automobiles. Des barri\u00e8res Traffic R3 et des\" \/>\n<meta property=\"og:url\" content=\"https:\/\/antersystem.com\/fr\/case-studies\/barriers-traffic-r3\/\" \/>\n<meta property=\"og:site_name\" content=\"Anter System\" \/>\n<meta property=\"article:modified_time\" content=\"2026-01-30T00:31:31+00:00\" \/>\n<meta name=\"twitter:card\" content=\"summary_large_image\" \/>\n<meta name=\"twitter:label1\" content=\"Dur\u00e9e de lecture estim\u00e9e\" \/>\n\t<meta name=\"twitter:data1\" content=\"1 minute\" \/>\n<script type=\"application\/ld+json\" class=\"yoast-schema-graph\">{\"@context\":\"https:\/\/schema.org\",\"@graph\":[{\"@type\":\"WebPage\",\"@id\":\"https:\/\/antersystem.com\/fr\/case-studies\/barriers-traffic-r3\/\",\"url\":\"https:\/\/antersystem.com\/fr\/case-studies\/barriers-traffic-r3\/\",\"name\":\"Barri\u00e8res Traffic R3 - Anter System\",\"isPartOf\":{\"@id\":\"https:\/\/antersystem.com\/fr\/#website\"},\"datePublished\":\"2023-09-01T09:11:31+00:00\",\"dateModified\":\"2026-01-30T00:31:31+00:00\",\"description\":\"Un autre projet adapt\u00e9 aux besoins individuels du client a \u00e9t\u00e9 r\u00e9alis\u00e9 pour un fournisseur allemand de pi\u00e8ces automobiles. Des barri\u00e8res Traffic R3 et des\",\"breadcrumb\":{\"@id\":\"https:\/\/antersystem.com\/fr\/case-studies\/barriers-traffic-r3\/#breadcrumb\"},\"inLanguage\":\"fr-FR\",\"potentialAction\":[{\"@type\":\"ReadAction\",\"target\":[\"https:\/\/antersystem.com\/fr\/case-studies\/barriers-traffic-r3\/\"]}]},{\"@type\":\"BreadcrumbList\",\"@id\":\"https:\/\/antersystem.com\/fr\/case-studies\/barriers-traffic-r3\/#breadcrumb\",\"itemListElement\":[{\"@type\":\"ListItem\",\"position\":1,\"name\":\"AnterSystem\",\"item\":\"https:\/\/antersystem.com\/fr\/\"},{\"@type\":\"ListItem\",\"position\":2,\"name\":\"\u00c9tudes de cas\",\"item\":\"https:\/\/antersystem.com\/fr\/case-studies\/\"},{\"@type\":\"ListItem\",\"position\":3,\"name\":\"Barri\u00e8res Traffic R3\"}]},{\"@type\":\"WebSite\",\"@id\":\"https:\/\/antersystem.com\/fr\/#website\",\"url\":\"https:\/\/antersystem.com\/fr\/\",\"name\":\"Anter System\",\"description\":\"Jeste\u015bmy polskim producentem elastycznych barier ochronnych wykonywanych z polimerowych tworzyw sztucznych. Na rynku krajowym i zagranicznym dzia\u0142amy od ponad 15 lat dbaj\u0105c o zapewnienie bezpiecze\u0144stwa w zak\u0142adach produkcyjnych, magazynach oraz centrach logistycznych.\",\"potentialAction\":[{\"@type\":\"SearchAction\",\"target\":{\"@type\":\"EntryPoint\",\"urlTemplate\":\"https:\/\/antersystem.com\/fr\/?s={search_term_string}\"},\"query-input\":{\"@type\":\"PropertyValueSpecification\",\"valueRequired\":true,\"valueName\":\"search_term_string\"}}],\"inLanguage\":\"fr-FR\"}]}<\/script>\n<!-- \/ Yoast SEO plugin. -->","yoast_head_json":{"title":"Barri\u00e8res Traffic R3 - Anter System","description":"Un autre projet adapt\u00e9 aux besoins individuels du client a \u00e9t\u00e9 r\u00e9alis\u00e9 pour un fournisseur allemand de pi\u00e8ces automobiles. Des barri\u00e8res Traffic R3 et des","robots":{"index":"index","follow":"follow","max-snippet":"max-snippet:-1","max-image-preview":"max-image-preview:large","max-video-preview":"max-video-preview:-1"},"canonical":"https:\/\/antersystem.com\/fr\/case-studies\/barriers-traffic-r3\/","og_locale":"fr_FR","og_type":"article","og_title":"Barri\u00e8res Traffic R3 - Anter System","og_description":"Un autre projet adapt\u00e9 aux besoins individuels du client a \u00e9t\u00e9 r\u00e9alis\u00e9 pour un fournisseur allemand de pi\u00e8ces automobiles. Des barri\u00e8res Traffic R3 et des","og_url":"https:\/\/antersystem.com\/fr\/case-studies\/barriers-traffic-r3\/","og_site_name":"Anter System","article_modified_time":"2026-01-30T00:31:31+00:00","twitter_card":"summary_large_image","twitter_misc":{"Dur\u00e9e de lecture estim\u00e9e":"1 minute"},"schema":{"@context":"https:\/\/schema.org","@graph":[{"@type":"WebPage","@id":"https:\/\/antersystem.com\/fr\/case-studies\/barriers-traffic-r3\/","url":"https:\/\/antersystem.com\/fr\/case-studies\/barriers-traffic-r3\/","name":"Barri\u00e8res Traffic R3 - Anter System","isPartOf":{"@id":"https:\/\/antersystem.com\/fr\/#website"},"datePublished":"2023-09-01T09:11:31+00:00","dateModified":"2026-01-30T00:31:31+00:00","description":"Un autre projet adapt\u00e9 aux besoins individuels du client a \u00e9t\u00e9 r\u00e9alis\u00e9 pour un fournisseur allemand de pi\u00e8ces automobiles. Des barri\u00e8res Traffic R3 et des","breadcrumb":{"@id":"https:\/\/antersystem.com\/fr\/case-studies\/barriers-traffic-r3\/#breadcrumb"},"inLanguage":"fr-FR","potentialAction":[{"@type":"ReadAction","target":["https:\/\/antersystem.com\/fr\/case-studies\/barriers-traffic-r3\/"]}]},{"@type":"BreadcrumbList","@id":"https:\/\/antersystem.com\/fr\/case-studies\/barriers-traffic-r3\/#breadcrumb","itemListElement":[{"@type":"ListItem","position":1,"name":"AnterSystem","item":"https:\/\/antersystem.com\/fr\/"},{"@type":"ListItem","position":2,"name":"\u00c9tudes de cas","item":"https:\/\/antersystem.com\/fr\/case-studies\/"},{"@type":"ListItem","position":3,"name":"Barri\u00e8res Traffic R3"}]},{"@type":"WebSite","@id":"https:\/\/antersystem.com\/fr\/#website","url":"https:\/\/antersystem.com\/fr\/","name":"Anter System","description":"Jeste\u015bmy polskim producentem elastycznych barier ochronnych wykonywanych z polimerowych tworzyw sztucznych. Na rynku krajowym i zagranicznym dzia\u0142amy od ponad 15 lat dbaj\u0105c o zapewnienie bezpiecze\u0144stwa w zak\u0142adach produkcyjnych, magazynach oraz centrach logistycznych.","potentialAction":[{"@type":"SearchAction","target":{"@type":"EntryPoint","urlTemplate":"https:\/\/antersystem.com\/fr\/?s={search_term_string}"},"query-input":{"@type":"PropertyValueSpecification","valueRequired":true,"valueName":"search_term_string"}}],"inLanguage":"fr-FR"}]}},"_links":{"self":[{"href":"https:\/\/antersystem.com\/fr\/wp-json\/wp\/v2\/pages\/12879","targetHints":{"allow":["GET"]}}],"collection":[{"href":"https:\/\/antersystem.com\/fr\/wp-json\/wp\/v2\/pages"}],"about":[{"href":"https:\/\/antersystem.com\/fr\/wp-json\/wp\/v2\/types\/page"}],"author":[{"embeddable":true,"href":"https:\/\/antersystem.com\/fr\/wp-json\/wp\/v2\/users\/1"}],"replies":[{"embeddable":true,"href":"https:\/\/antersystem.com\/fr\/wp-json\/wp\/v2\/comments?post=12879"}],"version-history":[{"count":1,"href":"https:\/\/antersystem.com\/fr\/wp-json\/wp\/v2\/pages\/12879\/revisions"}],"predecessor-version":[{"id":12881,"href":"https:\/\/antersystem.com\/fr\/wp-json\/wp\/v2\/pages\/12879\/revisions\/12881"}],"up":[{"embeddable":true,"href":"https:\/\/antersystem.com\/fr\/wp-json\/wp\/v2\/pages\/12644"}],"wp:attachment":[{"href":"https:\/\/antersystem.com\/fr\/wp-json\/wp\/v2\/media?parent=12879"}],"curies":[{"name":"wp","href":"https:\/\/api.w.org\/{rel}","templated":true}]}}