{"id":12913,"date":"2023-09-01T11:13:45","date_gmt":"2023-09-01T09:13:45","guid":{"rendered":"https:\/\/new.antersystem.com\/case-studies\/gb-barriers\/"},"modified":"2026-01-30T01:31:27","modified_gmt":"2026-01-30T00:31:27","slug":"gb-barriers","status":"publish","type":"page","link":"https:\/\/antersystem.com\/fr\/case-studies\/gb-barriers\/","title":{"rendered":"Barri\u00e8res GB"},"content":{"rendered":"\n<div class=\"wp-block-columns is-layout-flex wp-container-core-columns-is-layout-9d6595d7 wp-block-columns-is-layout-flex\">\n<div class=\"wp-block-column is-layout-flow wp-block-column-is-layout-flow\" style=\"flex-basis:10%\"><\/div>\n\n\n\n<div class=\"wp-block-column is-layout-flow wp-block-column-is-layout-flow\" style=\"flex-basis:80%\">\n<p class=\"justify-mru\">Pour le plus grand op\u00e9rateur am\u00e9ricain sp\u00e9cialis\u00e9 dans la logistique contractuelle, nous avons con\u00e7u et mis en \u0153uvre un projet de protection des convoyeurs et des lignes de transport \u00e0 l&rsquo;aide des barri\u00e8res GB flexibles d&rsquo;Anter System. Le concept comprenait \u00e9galement l&rsquo;am\u00e9lioration de la s\u00e9curit\u00e9 en s\u00e9parant les machines, les all\u00e9es et les zones de travail avec des barri\u00e8res de s\u00e9curit\u00e9 flexibles Pedestrian R3 HD+. Les points critiques ont \u00e9t\u00e9 s\u00e9curis\u00e9s par des poteaux de protection PA HD+. Pour la protection des racks et des grillages, des barri\u00e8res de trottoir KB ont \u00e9t\u00e9 utilis\u00e9es. Les colonnes structurelles ont \u00e9t\u00e9 prot\u00e9g\u00e9es par des protections RAL5. L&rsquo;attention port\u00e9e \u00e0 chaque d\u00e9tail du projet a contribu\u00e9 \u00e0 am\u00e9liorer le niveau g\u00e9n\u00e9ral de s\u00e9curit\u00e9 et de confort sur le lieu de travail.<\/p>\n\n\n\nngg_shortcode_0_placeholder\n<\/div>\n\n\n\n<div class=\"wp-block-column is-layout-flow wp-block-column-is-layout-flow\" style=\"flex-basis:10%\"><\/div>\n<\/div>\n","protected":false},"excerpt":{"rendered":"<p>Pour le plus grand op\u00e9rateur am\u00e9ricain sp\u00e9cialis\u00e9 dans la logistique contractuelle, nous avons con\u00e7u et mis en \u0153uvre un projet de protection des convoyeurs et des lignes de transport \u00e0 l&rsquo;aide des barri\u00e8res GB flexibles d&rsquo;Anter System. Le concept comprenait \u00e9galement l&rsquo;am\u00e9lioration de la s\u00e9curit\u00e9 en s\u00e9parant les machines, les all\u00e9es et les zones de [&hellip;]<\/p>\n","protected":false},"author":1,"featured_media":0,"parent":12644,"menu_order":0,"comment_status":"closed","ping_status":"closed","template":"","meta":{"inline_featured_image":false,"ngg_post_thumbnail":0,"footnotes":""},"class_list":["post-12913","page","type-page","status-publish","hentry"],"acf":[],"yoast_head":"<!-- This site is optimized with the Yoast SEO plugin v27.0 - https:\/\/yoast.com\/product\/yoast-seo-wordpress\/ -->\n<title>Barri\u00e8res GB - Anter System<\/title>\n<meta name=\"description\" content=\"Pour le plus grand op\u00e9rateur am\u00e9ricain sp\u00e9cialis\u00e9 dans la logistique contractuelle, nous avons con\u00e7u et mis en \u0153uvre un projet de protection des\" \/>\n<meta name=\"robots\" content=\"index, follow, max-snippet:-1, max-image-preview:large, max-video-preview:-1\" \/>\n<link rel=\"canonical\" href=\"https:\/\/antersystem.com\/fr\/case-studies\/gb-barriers\/\" \/>\n<meta property=\"og:locale\" content=\"fr_FR\" \/>\n<meta property=\"og:type\" content=\"article\" \/>\n<meta property=\"og:title\" content=\"Barri\u00e8res GB - Anter System\" \/>\n<meta property=\"og:description\" content=\"Pour le plus grand op\u00e9rateur am\u00e9ricain sp\u00e9cialis\u00e9 dans la logistique contractuelle, nous avons con\u00e7u et mis en \u0153uvre un projet de protection des\" \/>\n<meta property=\"og:url\" content=\"https:\/\/antersystem.com\/fr\/case-studies\/gb-barriers\/\" \/>\n<meta property=\"og:site_name\" content=\"Anter System\" \/>\n<meta property=\"article:modified_time\" content=\"2026-01-30T00:31:27+00:00\" \/>\n<meta name=\"twitter:card\" content=\"summary_large_image\" \/>\n<meta name=\"twitter:label1\" content=\"Dur\u00e9e de lecture estim\u00e9e\" \/>\n\t<meta name=\"twitter:data1\" content=\"1 minute\" \/>\n<script type=\"application\/ld+json\" class=\"yoast-schema-graph\">{\"@context\":\"https:\/\/schema.org\",\"@graph\":[{\"@type\":\"WebPage\",\"@id\":\"https:\/\/antersystem.com\/fr\/case-studies\/gb-barriers\/\",\"url\":\"https:\/\/antersystem.com\/fr\/case-studies\/gb-barriers\/\",\"name\":\"Barri\u00e8res GB - Anter System\",\"isPartOf\":{\"@id\":\"https:\/\/antersystem.com\/fr\/#website\"},\"datePublished\":\"2023-09-01T09:13:45+00:00\",\"dateModified\":\"2026-01-30T00:31:27+00:00\",\"description\":\"Pour le plus grand op\u00e9rateur am\u00e9ricain sp\u00e9cialis\u00e9 dans la logistique contractuelle, nous avons con\u00e7u et mis en \u0153uvre un projet de protection des\",\"breadcrumb\":{\"@id\":\"https:\/\/antersystem.com\/fr\/case-studies\/gb-barriers\/#breadcrumb\"},\"inLanguage\":\"fr-FR\",\"potentialAction\":[{\"@type\":\"ReadAction\",\"target\":[\"https:\/\/antersystem.com\/fr\/case-studies\/gb-barriers\/\"]}]},{\"@type\":\"BreadcrumbList\",\"@id\":\"https:\/\/antersystem.com\/fr\/case-studies\/gb-barriers\/#breadcrumb\",\"itemListElement\":[{\"@type\":\"ListItem\",\"position\":1,\"name\":\"AnterSystem\",\"item\":\"https:\/\/antersystem.com\/fr\/\"},{\"@type\":\"ListItem\",\"position\":2,\"name\":\"\u00c9tudes de cas\",\"item\":\"https:\/\/antersystem.com\/fr\/case-studies\/\"},{\"@type\":\"ListItem\",\"position\":3,\"name\":\"Barri\u00e8res GB\"}]},{\"@type\":\"WebSite\",\"@id\":\"https:\/\/antersystem.com\/fr\/#website\",\"url\":\"https:\/\/antersystem.com\/fr\/\",\"name\":\"Anter System\",\"description\":\"Jeste\u015bmy polskim producentem elastycznych barier ochronnych wykonywanych z polimerowych tworzyw sztucznych. Na rynku krajowym i zagranicznym dzia\u0142amy od ponad 15 lat dbaj\u0105c o zapewnienie bezpiecze\u0144stwa w zak\u0142adach produkcyjnych, magazynach oraz centrach logistycznych.\",\"potentialAction\":[{\"@type\":\"SearchAction\",\"target\":{\"@type\":\"EntryPoint\",\"urlTemplate\":\"https:\/\/antersystem.com\/fr\/?s={search_term_string}\"},\"query-input\":{\"@type\":\"PropertyValueSpecification\",\"valueRequired\":true,\"valueName\":\"search_term_string\"}}],\"inLanguage\":\"fr-FR\"}]}<\/script>\n<!-- \/ Yoast SEO plugin. -->","yoast_head_json":{"title":"Barri\u00e8res GB - Anter System","description":"Pour le plus grand op\u00e9rateur am\u00e9ricain sp\u00e9cialis\u00e9 dans la logistique contractuelle, nous avons con\u00e7u et mis en \u0153uvre un projet de protection des","robots":{"index":"index","follow":"follow","max-snippet":"max-snippet:-1","max-image-preview":"max-image-preview:large","max-video-preview":"max-video-preview:-1"},"canonical":"https:\/\/antersystem.com\/fr\/case-studies\/gb-barriers\/","og_locale":"fr_FR","og_type":"article","og_title":"Barri\u00e8res GB - Anter System","og_description":"Pour le plus grand op\u00e9rateur am\u00e9ricain sp\u00e9cialis\u00e9 dans la logistique contractuelle, nous avons con\u00e7u et mis en \u0153uvre un projet de protection des","og_url":"https:\/\/antersystem.com\/fr\/case-studies\/gb-barriers\/","og_site_name":"Anter System","article_modified_time":"2026-01-30T00:31:27+00:00","twitter_card":"summary_large_image","twitter_misc":{"Dur\u00e9e de lecture estim\u00e9e":"1 minute"},"schema":{"@context":"https:\/\/schema.org","@graph":[{"@type":"WebPage","@id":"https:\/\/antersystem.com\/fr\/case-studies\/gb-barriers\/","url":"https:\/\/antersystem.com\/fr\/case-studies\/gb-barriers\/","name":"Barri\u00e8res GB - Anter System","isPartOf":{"@id":"https:\/\/antersystem.com\/fr\/#website"},"datePublished":"2023-09-01T09:13:45+00:00","dateModified":"2026-01-30T00:31:27+00:00","description":"Pour le plus grand op\u00e9rateur am\u00e9ricain sp\u00e9cialis\u00e9 dans la logistique contractuelle, nous avons con\u00e7u et mis en \u0153uvre un projet de protection des","breadcrumb":{"@id":"https:\/\/antersystem.com\/fr\/case-studies\/gb-barriers\/#breadcrumb"},"inLanguage":"fr-FR","potentialAction":[{"@type":"ReadAction","target":["https:\/\/antersystem.com\/fr\/case-studies\/gb-barriers\/"]}]},{"@type":"BreadcrumbList","@id":"https:\/\/antersystem.com\/fr\/case-studies\/gb-barriers\/#breadcrumb","itemListElement":[{"@type":"ListItem","position":1,"name":"AnterSystem","item":"https:\/\/antersystem.com\/fr\/"},{"@type":"ListItem","position":2,"name":"\u00c9tudes de cas","item":"https:\/\/antersystem.com\/fr\/case-studies\/"},{"@type":"ListItem","position":3,"name":"Barri\u00e8res GB"}]},{"@type":"WebSite","@id":"https:\/\/antersystem.com\/fr\/#website","url":"https:\/\/antersystem.com\/fr\/","name":"Anter System","description":"Jeste\u015bmy polskim producentem elastycznych barier ochronnych wykonywanych z polimerowych tworzyw sztucznych. Na rynku krajowym i zagranicznym dzia\u0142amy od ponad 15 lat dbaj\u0105c o zapewnienie bezpiecze\u0144stwa w zak\u0142adach produkcyjnych, magazynach oraz centrach logistycznych.","potentialAction":[{"@type":"SearchAction","target":{"@type":"EntryPoint","urlTemplate":"https:\/\/antersystem.com\/fr\/?s={search_term_string}"},"query-input":{"@type":"PropertyValueSpecification","valueRequired":true,"valueName":"search_term_string"}}],"inLanguage":"fr-FR"}]}},"_links":{"self":[{"href":"https:\/\/antersystem.com\/fr\/wp-json\/wp\/v2\/pages\/12913","targetHints":{"allow":["GET"]}}],"collection":[{"href":"https:\/\/antersystem.com\/fr\/wp-json\/wp\/v2\/pages"}],"about":[{"href":"https:\/\/antersystem.com\/fr\/wp-json\/wp\/v2\/types\/page"}],"author":[{"embeddable":true,"href":"https:\/\/antersystem.com\/fr\/wp-json\/wp\/v2\/users\/1"}],"replies":[{"embeddable":true,"href":"https:\/\/antersystem.com\/fr\/wp-json\/wp\/v2\/comments?post=12913"}],"version-history":[{"count":1,"href":"https:\/\/antersystem.com\/fr\/wp-json\/wp\/v2\/pages\/12913\/revisions"}],"predecessor-version":[{"id":12915,"href":"https:\/\/antersystem.com\/fr\/wp-json\/wp\/v2\/pages\/12913\/revisions\/12915"}],"up":[{"embeddable":true,"href":"https:\/\/antersystem.com\/fr\/wp-json\/wp\/v2\/pages\/12644"}],"wp:attachment":[{"href":"https:\/\/antersystem.com\/fr\/wp-json\/wp\/v2\/media?parent=12913"}],"curies":[{"name":"wp","href":"https:\/\/api.w.org\/{rel}","templated":true}]}}