{"id":12967,"date":"2023-08-28T15:34:49","date_gmt":"2023-08-28T13:34:49","guid":{"rendered":"https:\/\/new.antersystem.com\/case-studies\/high-storage-barriers-wroclaw\/"},"modified":"2026-01-30T01:31:31","modified_gmt":"2026-01-30T00:31:31","slug":"high-storage-barriers-wroclaw","status":"publish","type":"page","link":"https:\/\/antersystem.com\/fr\/case-studies\/high-storage-barriers-wroclaw\/","title":{"rendered":"Barri\u00e8res de stockage \u00e9lev\u00e9es \u00e0 Wroclaw"},"content":{"rendered":"\n<div class=\"wp-block-columns is-layout-flex wp-container-core-columns-is-layout-9d6595d7 wp-block-columns-is-layout-flex\">\n<div class=\"wp-block-column is-layout-flow wp-block-column-is-layout-flow\" style=\"flex-basis:10%\"><\/div>\n\n\n\n<div class=\"wp-block-column is-layout-flow wp-block-column-is-layout-flow\" style=\"flex-basis:80%\">\n<p class=\"justify-mru\">Une entreprise, leader europ\u00e9en de la production de c\u00e2bles pour l&rsquo;industrie automobile, a longtemps eu du mal \u00e0 trouver des terrains de stockage pour les piles de produits lourds.<\/p>\n\n\n\n<p class=\"justify-mru\">L&rsquo;entreprise a \u00e9tudi\u00e9 et consult\u00e9 diverses solutions de protection. Ils ont finalement opt\u00e9 pour la solution Anter System, convaincus par sa conception robuste, sa facilit\u00e9 d&rsquo;installation dans des espaces restreints et &#8211; ce qui est crucial pour le client &#8211; sa finition de haute qualit\u00e9.<\/p>\n\n\n\n<p class=\"justify-mru\">En mettant en \u0153uvre notre solution &#8211; les barri\u00e8res de stockage en hauteur Wall PROTECTOR &#8211; l&rsquo;entreprise a non seulement renforc\u00e9 la s\u00e9curit\u00e9 des postes de travail et des voies de circulation, mais elle a \u00e9galement mieux exploit\u00e9 les espaces o\u00f9 sont stock\u00e9s les c\u00e2bles. Ils ont atteint leur objectif de r\u00e9duire le risque associ\u00e9 au basculement des mat\u00e9riaux stock\u00e9s \u00e0 proximit\u00e9 des postes de travail et des itin\u00e9raires pi\u00e9tons\/v\u00e9hicules.  <\/p>\n\n\n\nngg_shortcode_0_placeholder\n<\/div>\n\n\n\n<div class=\"wp-block-column is-layout-flow wp-block-column-is-layout-flow\" style=\"flex-basis:10%\"><\/div>\n<\/div>\n","protected":false},"excerpt":{"rendered":"<p>Une entreprise, leader europ\u00e9en de la production de c\u00e2bles pour l&rsquo;industrie automobile, a longtemps eu du mal \u00e0 trouver des terrains de stockage pour les piles de produits lourds. L&rsquo;entreprise a \u00e9tudi\u00e9 et consult\u00e9 diverses solutions de protection. Ils ont finalement opt\u00e9 pour la solution Anter System, convaincus par sa conception robuste, sa facilit\u00e9 d&rsquo;installation [&hellip;]<\/p>\n","protected":false},"author":1,"featured_media":0,"parent":12644,"menu_order":0,"comment_status":"closed","ping_status":"closed","template":"","meta":{"inline_featured_image":false,"ngg_post_thumbnail":0,"footnotes":""},"class_list":["post-12967","page","type-page","status-publish","hentry"],"acf":[],"yoast_head":"<!-- This site is optimized with the Yoast SEO plugin v27.0 - https:\/\/yoast.com\/product\/yoast-seo-wordpress\/ -->\n<title>Barri\u00e8res de stockage \u00e9lev\u00e9es \u00e0 Wroclaw - Anter System<\/title>\n<meta name=\"description\" content=\"Une entreprise, leader europ\u00e9en de la production de c\u00e2bles pour l&#039;industrie automobile, a longtemps eu du mal \u00e0 trouver des terrains de stockage pour les\" \/>\n<meta name=\"robots\" content=\"index, follow, max-snippet:-1, max-image-preview:large, max-video-preview:-1\" \/>\n<link rel=\"canonical\" href=\"https:\/\/antersystem.com\/fr\/case-studies\/high-storage-barriers-wroclaw\/\" \/>\n<meta property=\"og:locale\" content=\"fr_FR\" \/>\n<meta property=\"og:type\" content=\"article\" \/>\n<meta property=\"og:title\" content=\"Barri\u00e8res de stockage \u00e9lev\u00e9es \u00e0 Wroclaw - Anter System\" \/>\n<meta property=\"og:description\" content=\"Une entreprise, leader europ\u00e9en de la production de c\u00e2bles pour l&#039;industrie automobile, a longtemps eu du mal \u00e0 trouver des terrains de stockage pour les\" \/>\n<meta property=\"og:url\" content=\"https:\/\/antersystem.com\/fr\/case-studies\/high-storage-barriers-wroclaw\/\" \/>\n<meta property=\"og:site_name\" content=\"Anter System\" \/>\n<meta property=\"article:modified_time\" content=\"2026-01-30T00:31:31+00:00\" \/>\n<meta name=\"twitter:card\" content=\"summary_large_image\" \/>\n<meta name=\"twitter:label1\" content=\"Dur\u00e9e de lecture estim\u00e9e\" \/>\n\t<meta name=\"twitter:data1\" content=\"1 minute\" \/>\n<script type=\"application\/ld+json\" class=\"yoast-schema-graph\">{\"@context\":\"https:\/\/schema.org\",\"@graph\":[{\"@type\":\"WebPage\",\"@id\":\"https:\/\/antersystem.com\/fr\/case-studies\/high-storage-barriers-wroclaw\/\",\"url\":\"https:\/\/antersystem.com\/fr\/case-studies\/high-storage-barriers-wroclaw\/\",\"name\":\"Barri\u00e8res de stockage \u00e9lev\u00e9es \u00e0 Wroclaw - Anter System\",\"isPartOf\":{\"@id\":\"https:\/\/antersystem.com\/fr\/#website\"},\"datePublished\":\"2023-08-28T13:34:49+00:00\",\"dateModified\":\"2026-01-30T00:31:31+00:00\",\"description\":\"Une entreprise, leader europ\u00e9en de la production de c\u00e2bles pour l'industrie automobile, a longtemps eu du mal \u00e0 trouver des terrains de stockage pour les\",\"breadcrumb\":{\"@id\":\"https:\/\/antersystem.com\/fr\/case-studies\/high-storage-barriers-wroclaw\/#breadcrumb\"},\"inLanguage\":\"fr-FR\",\"potentialAction\":[{\"@type\":\"ReadAction\",\"target\":[\"https:\/\/antersystem.com\/fr\/case-studies\/high-storage-barriers-wroclaw\/\"]}]},{\"@type\":\"BreadcrumbList\",\"@id\":\"https:\/\/antersystem.com\/fr\/case-studies\/high-storage-barriers-wroclaw\/#breadcrumb\",\"itemListElement\":[{\"@type\":\"ListItem\",\"position\":1,\"name\":\"AnterSystem\",\"item\":\"https:\/\/antersystem.com\/fr\/\"},{\"@type\":\"ListItem\",\"position\":2,\"name\":\"\u00c9tudes de cas\",\"item\":\"https:\/\/antersystem.com\/fr\/case-studies\/\"},{\"@type\":\"ListItem\",\"position\":3,\"name\":\"Barri\u00e8res de stockage \u00e9lev\u00e9es \u00e0 Wroclaw\"}]},{\"@type\":\"WebSite\",\"@id\":\"https:\/\/antersystem.com\/fr\/#website\",\"url\":\"https:\/\/antersystem.com\/fr\/\",\"name\":\"Anter System\",\"description\":\"Jeste\u015bmy polskim producentem elastycznych barier ochronnych wykonywanych z polimerowych tworzyw sztucznych. Na rynku krajowym i zagranicznym dzia\u0142amy od ponad 15 lat dbaj\u0105c o zapewnienie bezpiecze\u0144stwa w zak\u0142adach produkcyjnych, magazynach oraz centrach logistycznych.\",\"potentialAction\":[{\"@type\":\"SearchAction\",\"target\":{\"@type\":\"EntryPoint\",\"urlTemplate\":\"https:\/\/antersystem.com\/fr\/?s={search_term_string}\"},\"query-input\":{\"@type\":\"PropertyValueSpecification\",\"valueRequired\":true,\"valueName\":\"search_term_string\"}}],\"inLanguage\":\"fr-FR\"}]}<\/script>\n<!-- \/ Yoast SEO plugin. -->","yoast_head_json":{"title":"Barri\u00e8res de stockage \u00e9lev\u00e9es \u00e0 Wroclaw - Anter System","description":"Une entreprise, leader europ\u00e9en de la production de c\u00e2bles pour l'industrie automobile, a longtemps eu du mal \u00e0 trouver des terrains de stockage pour les","robots":{"index":"index","follow":"follow","max-snippet":"max-snippet:-1","max-image-preview":"max-image-preview:large","max-video-preview":"max-video-preview:-1"},"canonical":"https:\/\/antersystem.com\/fr\/case-studies\/high-storage-barriers-wroclaw\/","og_locale":"fr_FR","og_type":"article","og_title":"Barri\u00e8res de stockage \u00e9lev\u00e9es \u00e0 Wroclaw - Anter System","og_description":"Une entreprise, leader europ\u00e9en de la production de c\u00e2bles pour l'industrie automobile, a longtemps eu du mal \u00e0 trouver des terrains de stockage pour les","og_url":"https:\/\/antersystem.com\/fr\/case-studies\/high-storage-barriers-wroclaw\/","og_site_name":"Anter System","article_modified_time":"2026-01-30T00:31:31+00:00","twitter_card":"summary_large_image","twitter_misc":{"Dur\u00e9e de lecture estim\u00e9e":"1 minute"},"schema":{"@context":"https:\/\/schema.org","@graph":[{"@type":"WebPage","@id":"https:\/\/antersystem.com\/fr\/case-studies\/high-storage-barriers-wroclaw\/","url":"https:\/\/antersystem.com\/fr\/case-studies\/high-storage-barriers-wroclaw\/","name":"Barri\u00e8res de stockage \u00e9lev\u00e9es \u00e0 Wroclaw - Anter System","isPartOf":{"@id":"https:\/\/antersystem.com\/fr\/#website"},"datePublished":"2023-08-28T13:34:49+00:00","dateModified":"2026-01-30T00:31:31+00:00","description":"Une entreprise, leader europ\u00e9en de la production de c\u00e2bles pour l'industrie automobile, a longtemps eu du mal \u00e0 trouver des terrains de stockage pour les","breadcrumb":{"@id":"https:\/\/antersystem.com\/fr\/case-studies\/high-storage-barriers-wroclaw\/#breadcrumb"},"inLanguage":"fr-FR","potentialAction":[{"@type":"ReadAction","target":["https:\/\/antersystem.com\/fr\/case-studies\/high-storage-barriers-wroclaw\/"]}]},{"@type":"BreadcrumbList","@id":"https:\/\/antersystem.com\/fr\/case-studies\/high-storage-barriers-wroclaw\/#breadcrumb","itemListElement":[{"@type":"ListItem","position":1,"name":"AnterSystem","item":"https:\/\/antersystem.com\/fr\/"},{"@type":"ListItem","position":2,"name":"\u00c9tudes de cas","item":"https:\/\/antersystem.com\/fr\/case-studies\/"},{"@type":"ListItem","position":3,"name":"Barri\u00e8res de stockage \u00e9lev\u00e9es \u00e0 Wroclaw"}]},{"@type":"WebSite","@id":"https:\/\/antersystem.com\/fr\/#website","url":"https:\/\/antersystem.com\/fr\/","name":"Anter System","description":"Jeste\u015bmy polskim producentem elastycznych barier ochronnych wykonywanych z polimerowych tworzyw sztucznych. Na rynku krajowym i zagranicznym dzia\u0142amy od ponad 15 lat dbaj\u0105c o zapewnienie bezpiecze\u0144stwa w zak\u0142adach produkcyjnych, magazynach oraz centrach logistycznych.","potentialAction":[{"@type":"SearchAction","target":{"@type":"EntryPoint","urlTemplate":"https:\/\/antersystem.com\/fr\/?s={search_term_string}"},"query-input":{"@type":"PropertyValueSpecification","valueRequired":true,"valueName":"search_term_string"}}],"inLanguage":"fr-FR"}]}},"_links":{"self":[{"href":"https:\/\/antersystem.com\/fr\/wp-json\/wp\/v2\/pages\/12967","targetHints":{"allow":["GET"]}}],"collection":[{"href":"https:\/\/antersystem.com\/fr\/wp-json\/wp\/v2\/pages"}],"about":[{"href":"https:\/\/antersystem.com\/fr\/wp-json\/wp\/v2\/types\/page"}],"author":[{"embeddable":true,"href":"https:\/\/antersystem.com\/fr\/wp-json\/wp\/v2\/users\/1"}],"replies":[{"embeddable":true,"href":"https:\/\/antersystem.com\/fr\/wp-json\/wp\/v2\/comments?post=12967"}],"version-history":[{"count":1,"href":"https:\/\/antersystem.com\/fr\/wp-json\/wp\/v2\/pages\/12967\/revisions"}],"predecessor-version":[{"id":12970,"href":"https:\/\/antersystem.com\/fr\/wp-json\/wp\/v2\/pages\/12967\/revisions\/12970"}],"up":[{"embeddable":true,"href":"https:\/\/antersystem.com\/fr\/wp-json\/wp\/v2\/pages\/12644"}],"wp:attachment":[{"href":"https:\/\/antersystem.com\/fr\/wp-json\/wp\/v2\/media?parent=12967"}],"curies":[{"name":"wp","href":"https:\/\/api.w.org\/{rel}","templated":true}]}}