{"id":12999,"date":"2024-12-06T14:52:25","date_gmt":"2024-12-06T13:52:25","guid":{"rendered":"https:\/\/new.antersystem.com\/case-studies\/pa-bollards-gb-barriers-cold-storage-facility\/"},"modified":"2026-01-31T22:28:52","modified_gmt":"2026-01-31T21:28:52","slug":"pa-bollards-gb-barriers-cold-storage-facility","status":"publish","type":"page","link":"https:\/\/antersystem.com\/fr\/case-studies\/pa-bollards-gb-barriers-cold-storage-facility\/","title":{"rendered":"Bornes PA et barri\u00e8res GB dans un entrep\u00f4t frigorifique"},"content":{"rendered":"\n<div class=\"wp-block-columns is-layout-flex wp-container-core-columns-is-layout-9d6595d7 wp-block-columns-is-layout-flex\">\n<div class=\"wp-block-column is-layout-flow wp-block-column-is-layout-flow\" style=\"flex-basis:10%\"><\/div>\n\n\n\n<div class=\"wp-block-column is-layout-flow wp-block-column-is-layout-flow\">\n<h2 class=\"wp-block-heading\">Bornes de protection PA et barri\u00e8res GB HD+. Protection efficace des infrastructures \u00e0 basse temp\u00e9rature<\/h2>\n\n\n\n<p>Dans le cadre de l&rsquo;un de nos projets de s\u00e9curit\u00e9 industrielle, r\u00e9alis\u00e9 pour un entrep\u00f4t frigorifique nouvellement construit, nous avons d\u00fb relever le d\u00e9fi de prot\u00e9ger des \u00e9l\u00e9ments cl\u00e9s de l&rsquo;infrastructure expos\u00e9s \u00e0 des dommages potentiels. La circulation intensive de chariots \u00e9l\u00e9vateurs et de chariots de transport manuels exigeait des solutions qui non seulement prot\u00e9geraient les zones critiques de l&rsquo;installation, mais <strong>r\u00e9sisteraient \u00e9galement \u00e0 des conditions extr\u00eames<\/strong> &#8211; des temp\u00e9ratures pouvant atteindre jusqu&rsquo;\u00e0 -40\u00b0C.<\/p>\n\n\n\n<p>Le projet comprenait la protection d&rsquo;\u00e9l\u00e9ments tels que les portes d&rsquo;entr\u00e9e, les quais de chargement, les \u00e9quipements sanitaires et les murs dans les zones de production et d&rsquo;entreposage. En outre, les solutions devaient r\u00e9pondre aux exigences sanitaires \u00e9lev\u00e9es de l&rsquo;industrie alimentaire.<\/p>\n\n\n\n<h3 class=\"wp-block-heading\">Mise en \u0153uvre<\/h3>\n\n\n\n<p>Le processus a commenc\u00e9 par un <strong>audit d\u00e9taill\u00e9 du site<\/strong>, qui nous a permis d&rsquo;identifier les zones les plus expos\u00e9es aux dommages. La coop\u00e9ration avec le client a \u00e9t\u00e9 cruciale \u00e0 chaque \u00e9tape, de l&rsquo;analyse des besoins \u00e0 la mise en \u0153uvre des produits appropri\u00e9s. Notre t\u00e2che consistait non seulement \u00e0 fournir une protection efficace, mais aussi \u00e0 concevoir une solution durable, esth\u00e9tique et fonctionnelle pour un usage quotidien.<\/p>\n\n\n\n<p>Pour prot\u00e9ger l&rsquo;infrastructure, nous avons utilis\u00e9 des <a href=\"https:\/\/antersystem.com\/produkty\/elastyczny-slup-ochronny-pa\/\">bornes de protection PA<\/a> flexibles, des barri\u00e8res GB pour pi\u00e9tons R2 et des <a href=\"https:\/\/antersystem.com\/produkty\/elastyczna-bariera-gb-hd\/\">barri\u00e8res GB au sol<\/a>. Les bornes de protection PA ont \u00e9t\u00e9 install\u00e9es aux portes d&rsquo;entr\u00e9e, aux quais de chargement et aux portes utilis\u00e9es par les v\u00e9hicules et les chariots de transport manuel. Ils ont \u00e9galement \u00e9t\u00e9 plac\u00e9s \u00e0 proximit\u00e9 d&rsquo;\u00e9quipements sanitaires tels que les \u00e9viers, afin de les prot\u00e9ger contre les chocs accidentels.<\/p>\n\n\n\n<p>Le long des murs expos\u00e9s au contact des fourches des chariots \u00e9l\u00e9vateurs, nous avons install\u00e9 des barri\u00e8res de protection flexibles <a href=\"https:\/\/antersystem.com\/produkty\/elastyczna-bariera-pedestrian-r2-gb\/\">Pedestrian R2 GB<\/a> ainsi que des barri\u00e8res de sol GB. Ces solutions prot\u00e8gent efficacement les parties inf\u00e9rieures des murs contre les dommages m\u00e9caniques.<\/p>\n\n\n\n<p>Un aspect important de la mise en \u0153uvre a \u00e9t\u00e9 l&rsquo;utilisation d&rsquo;une gamme de produits sp\u00e9cifiques con\u00e7us <strong>pour fonctionner \u00e0 des temp\u00e9ratures extr\u00eamement basses<\/strong>. M\u00eame dans des environnements de stockage \u00e0 froid, ces solutions conservent leur flexibilit\u00e9 et leur durabilit\u00e9, ce qui signifie qu&rsquo;elles peuvent r\u00e9sister aux impacts sans se fissurer ou se briser. Les produits appliqu\u00e9s sont fabriqu\u00e9s \u00e0 partir de mat\u00e9riaux polym\u00e8res de haute qualit\u00e9, qui sont \u00e9galement r\u00e9sistants \u00e0 la corrosion et \u00e0 d&rsquo;autres dommages m\u00e9caniques.<\/p>\n\n\n\n<h3 class=\"wp-block-heading\">R\u00e9sultats<\/h3>\n\n\n\n<p>Les solutions mises en \u0153uvre ont apport\u00e9 un certain nombre d&rsquo;avantages. Nous avons assur\u00e9 une protection efficace des infrastructures, ce qui a permis au client d&rsquo;\u00e9viter les co\u00fbts li\u00e9s \u00e0 d&rsquo;\u00e9ventuelles r\u00e9parations de portes, de quais ou d&rsquo;\u00e9quipements sanitaires. Gr\u00e2ce \u00e0 la disposition ad\u00e9quate des \u00e9l\u00e9ments de protection, l&rsquo;ensemble de l&rsquo;installation fonctionne comme un syst\u00e8me de s\u00e9curit\u00e9 coh\u00e9rent qui minimise le risque de dommages pendant les op\u00e9rations quotidiennes.<\/p>\n\n\n\n<p>Les mat\u00e9riaux utilis\u00e9s par Anter System dans les barri\u00e8res de protection et les bornes sont faciles \u00e0 maintenir propres, ce qui est essentiel dans l&rsquo;industrie alimentaire. <a href=\"https:\/\/antersystem.com\/wiedza-i-nowosci\/standardy-higieniczne\/\">Ils r\u00e9pondent aux exigences strictes de l&rsquo;HACCP et de la FDA<\/a>, ce qui confirme leur s\u00e9curit\u00e9 pour le contact avec les aliments. En outre, nous avons utilis\u00e9 des solutions de montage interne lors de l&rsquo;installation, d\u00e9di\u00e9es aux zones exigeant les normes d&rsquo;hygi\u00e8ne les plus \u00e9lev\u00e9es.<\/p>\n\n\n\n<p>Le principal avantage de la solution mise en \u0153uvre est sa r\u00e9sistance aux basses temp\u00e9ratures. Les barri\u00e8res flexibles Anter System de la gamme d\u00e9di\u00e9e aux environnements \u00e0 tr\u00e8s basse temp\u00e9rature conservent toutes leurs fonctionnalit\u00e9s jusqu&rsquo;<strong>\u00e0 -40\u00b0C<\/strong>, ce qui en fait un choix id\u00e9al pour les entrep\u00f4ts frigorifiques et les installations de cong\u00e9lation.<\/p>\n\n\n\n<h3 class=\"wp-block-heading\">R\u00e9sum\u00e9<\/h3>\n\n\n\n<p>Le projet d&rsquo;entrep\u00f4t frigorifique est un autre exemple de l&rsquo;application efficace des syst\u00e8mes de barri\u00e8re de protection Anter System dans des conditions sp\u00e9cialis\u00e9es. La combinaison de la <strong>flexibilit\u00e9, de la durabilit\u00e9 et de l&rsquo;esth\u00e9tique<\/strong> a permis de garantir que les barri\u00e8res et les bornes de protection mises en place r\u00e9pondaient pleinement aux attentes du client. Gr\u00e2ce \u00e0 une planification minutieuse, \u00e0 une s\u00e9lection appropri\u00e9e des produits et \u00e0 une ex\u00e9cution professionnelle, l&rsquo;installation a \u00e9t\u00e9 enti\u00e8rement prot\u00e9g\u00e9e, ce qui a permis d&rsquo;accro\u00eetre la s\u00e9curit\u00e9 et de r\u00e9duire les co\u00fbts de r\u00e9paration potentiels.<\/p>\n<\/div>\n\n\n\n<div class=\"wp-block-column is-layout-flow wp-block-column-is-layout-flow\" style=\"flex-basis:10%\"><\/div>\n<\/div>\n\nngg_shortcode_0_placeholder\n","protected":false},"excerpt":{"rendered":"<p>Bornes de protection PA et barri\u00e8res GB HD+. Protection efficace des infrastructures \u00e0 basse temp\u00e9rature Dans le cadre de l&rsquo;un de nos projets de s\u00e9curit\u00e9 industrielle, r\u00e9alis\u00e9 pour un entrep\u00f4t frigorifique nouvellement construit, nous avons d\u00fb relever le d\u00e9fi de prot\u00e9ger des \u00e9l\u00e9ments cl\u00e9s de l&rsquo;infrastructure expos\u00e9s \u00e0 des dommages potentiels. La circulation intensive de [&hellip;]<\/p>\n","protected":false},"author":1,"featured_media":0,"parent":12644,"menu_order":0,"comment_status":"closed","ping_status":"closed","template":"","meta":{"inline_featured_image":false,"ngg_post_thumbnail":0,"footnotes":""},"class_list":["post-12999","page","type-page","status-publish","hentry"],"acf":[],"yoast_head":"<!-- This site is optimized with the Yoast SEO plugin v27.0 - https:\/\/yoast.com\/product\/yoast-seo-wordpress\/ -->\n<title>Bornes PA et barri\u00e8res GB dans un entrep\u00f4t frigorifique - Anter System<\/title>\n<meta name=\"description\" content=\"Bornes de protection PA et barri\u00e8res GB HD+. Protection efficace des infrastructures \u00e0 basse temp\u00e9rature Dans le cadre de l&#039;un de nos projets de s\u00e9curit\u00e9\" \/>\n<meta name=\"robots\" content=\"index, follow, max-snippet:-1, max-image-preview:large, max-video-preview:-1\" \/>\n<link rel=\"canonical\" href=\"https:\/\/antersystem.com\/fr\/case-studies\/pa-bollards-gb-barriers-cold-storage-facility\/\" \/>\n<meta property=\"og:locale\" content=\"fr_FR\" \/>\n<meta property=\"og:type\" content=\"article\" \/>\n<meta property=\"og:title\" content=\"Bornes PA et barri\u00e8res GB dans un entrep\u00f4t frigorifique - Anter System\" \/>\n<meta property=\"og:description\" content=\"Bornes de protection PA et barri\u00e8res GB HD+. Protection efficace des infrastructures \u00e0 basse temp\u00e9rature Dans le cadre de l&#039;un de nos projets de s\u00e9curit\u00e9\" \/>\n<meta property=\"og:url\" content=\"https:\/\/antersystem.com\/fr\/case-studies\/pa-bollards-gb-barriers-cold-storage-facility\/\" \/>\n<meta property=\"og:site_name\" content=\"Anter System\" \/>\n<meta property=\"article:modified_time\" content=\"2026-01-31T21:28:52+00:00\" \/>\n<meta name=\"twitter:card\" content=\"summary_large_image\" \/>\n<meta name=\"twitter:label1\" content=\"Dur\u00e9e de lecture estim\u00e9e\" \/>\n\t<meta name=\"twitter:data1\" content=\"4 minutes\" \/>\n<script type=\"application\/ld+json\" class=\"yoast-schema-graph\">{\"@context\":\"https:\/\/schema.org\",\"@graph\":[{\"@type\":\"WebPage\",\"@id\":\"https:\/\/antersystem.com\/fr\/case-studies\/pa-bollards-gb-barriers-cold-storage-facility\/\",\"url\":\"https:\/\/antersystem.com\/fr\/case-studies\/pa-bollards-gb-barriers-cold-storage-facility\/\",\"name\":\"Bornes PA et barri\u00e8res GB dans un entrep\u00f4t frigorifique - Anter System\",\"isPartOf\":{\"@id\":\"https:\/\/antersystem.com\/fr\/#website\"},\"datePublished\":\"2024-12-06T13:52:25+00:00\",\"dateModified\":\"2026-01-31T21:28:52+00:00\",\"description\":\"Bornes de protection PA et barri\u00e8res GB HD+. Protection efficace des infrastructures \u00e0 basse temp\u00e9rature Dans le cadre de l'un de nos projets de s\u00e9curit\u00e9\",\"breadcrumb\":{\"@id\":\"https:\/\/antersystem.com\/fr\/case-studies\/pa-bollards-gb-barriers-cold-storage-facility\/#breadcrumb\"},\"inLanguage\":\"fr-FR\",\"potentialAction\":[{\"@type\":\"ReadAction\",\"target\":[\"https:\/\/antersystem.com\/fr\/case-studies\/pa-bollards-gb-barriers-cold-storage-facility\/\"]}]},{\"@type\":\"BreadcrumbList\",\"@id\":\"https:\/\/antersystem.com\/fr\/case-studies\/pa-bollards-gb-barriers-cold-storage-facility\/#breadcrumb\",\"itemListElement\":[{\"@type\":\"ListItem\",\"position\":1,\"name\":\"AnterSystem\",\"item\":\"https:\/\/antersystem.com\/fr\/\"},{\"@type\":\"ListItem\",\"position\":2,\"name\":\"\u00c9tudes de cas\",\"item\":\"https:\/\/antersystem.com\/fr\/case-studies\/\"},{\"@type\":\"ListItem\",\"position\":3,\"name\":\"Bornes PA et barri\u00e8res GB dans un entrep\u00f4t frigorifique\"}]},{\"@type\":\"WebSite\",\"@id\":\"https:\/\/antersystem.com\/fr\/#website\",\"url\":\"https:\/\/antersystem.com\/fr\/\",\"name\":\"Anter System\",\"description\":\"Jeste\u015bmy polskim producentem elastycznych barier ochronnych wykonywanych z polimerowych tworzyw sztucznych. Na rynku krajowym i zagranicznym dzia\u0142amy od ponad 15 lat dbaj\u0105c o zapewnienie bezpiecze\u0144stwa w zak\u0142adach produkcyjnych, magazynach oraz centrach logistycznych.\",\"potentialAction\":[{\"@type\":\"SearchAction\",\"target\":{\"@type\":\"EntryPoint\",\"urlTemplate\":\"https:\/\/antersystem.com\/fr\/?s={search_term_string}\"},\"query-input\":{\"@type\":\"PropertyValueSpecification\",\"valueRequired\":true,\"valueName\":\"search_term_string\"}}],\"inLanguage\":\"fr-FR\"}]}<\/script>\n<!-- \/ Yoast SEO plugin. -->","yoast_head_json":{"title":"Bornes PA et barri\u00e8res GB dans un entrep\u00f4t frigorifique - Anter System","description":"Bornes de protection PA et barri\u00e8res GB HD+. Protection efficace des infrastructures \u00e0 basse temp\u00e9rature Dans le cadre de l'un de nos projets de s\u00e9curit\u00e9","robots":{"index":"index","follow":"follow","max-snippet":"max-snippet:-1","max-image-preview":"max-image-preview:large","max-video-preview":"max-video-preview:-1"},"canonical":"https:\/\/antersystem.com\/fr\/case-studies\/pa-bollards-gb-barriers-cold-storage-facility\/","og_locale":"fr_FR","og_type":"article","og_title":"Bornes PA et barri\u00e8res GB dans un entrep\u00f4t frigorifique - Anter System","og_description":"Bornes de protection PA et barri\u00e8res GB HD+. Protection efficace des infrastructures \u00e0 basse temp\u00e9rature Dans le cadre de l'un de nos projets de s\u00e9curit\u00e9","og_url":"https:\/\/antersystem.com\/fr\/case-studies\/pa-bollards-gb-barriers-cold-storage-facility\/","og_site_name":"Anter System","article_modified_time":"2026-01-31T21:28:52+00:00","twitter_card":"summary_large_image","twitter_misc":{"Dur\u00e9e de lecture estim\u00e9e":"4 minutes"},"schema":{"@context":"https:\/\/schema.org","@graph":[{"@type":"WebPage","@id":"https:\/\/antersystem.com\/fr\/case-studies\/pa-bollards-gb-barriers-cold-storage-facility\/","url":"https:\/\/antersystem.com\/fr\/case-studies\/pa-bollards-gb-barriers-cold-storage-facility\/","name":"Bornes PA et barri\u00e8res GB dans un entrep\u00f4t frigorifique - Anter System","isPartOf":{"@id":"https:\/\/antersystem.com\/fr\/#website"},"datePublished":"2024-12-06T13:52:25+00:00","dateModified":"2026-01-31T21:28:52+00:00","description":"Bornes de protection PA et barri\u00e8res GB HD+. Protection efficace des infrastructures \u00e0 basse temp\u00e9rature Dans le cadre de l'un de nos projets de s\u00e9curit\u00e9","breadcrumb":{"@id":"https:\/\/antersystem.com\/fr\/case-studies\/pa-bollards-gb-barriers-cold-storage-facility\/#breadcrumb"},"inLanguage":"fr-FR","potentialAction":[{"@type":"ReadAction","target":["https:\/\/antersystem.com\/fr\/case-studies\/pa-bollards-gb-barriers-cold-storage-facility\/"]}]},{"@type":"BreadcrumbList","@id":"https:\/\/antersystem.com\/fr\/case-studies\/pa-bollards-gb-barriers-cold-storage-facility\/#breadcrumb","itemListElement":[{"@type":"ListItem","position":1,"name":"AnterSystem","item":"https:\/\/antersystem.com\/fr\/"},{"@type":"ListItem","position":2,"name":"\u00c9tudes de cas","item":"https:\/\/antersystem.com\/fr\/case-studies\/"},{"@type":"ListItem","position":3,"name":"Bornes PA et barri\u00e8res GB dans un entrep\u00f4t frigorifique"}]},{"@type":"WebSite","@id":"https:\/\/antersystem.com\/fr\/#website","url":"https:\/\/antersystem.com\/fr\/","name":"Anter System","description":"Jeste\u015bmy polskim producentem elastycznych barier ochronnych wykonywanych z polimerowych tworzyw sztucznych. Na rynku krajowym i zagranicznym dzia\u0142amy od ponad 15 lat dbaj\u0105c o zapewnienie bezpiecze\u0144stwa w zak\u0142adach produkcyjnych, magazynach oraz centrach logistycznych.","potentialAction":[{"@type":"SearchAction","target":{"@type":"EntryPoint","urlTemplate":"https:\/\/antersystem.com\/fr\/?s={search_term_string}"},"query-input":{"@type":"PropertyValueSpecification","valueRequired":true,"valueName":"search_term_string"}}],"inLanguage":"fr-FR"}]}},"_links":{"self":[{"href":"https:\/\/antersystem.com\/fr\/wp-json\/wp\/v2\/pages\/12999","targetHints":{"allow":["GET"]}}],"collection":[{"href":"https:\/\/antersystem.com\/fr\/wp-json\/wp\/v2\/pages"}],"about":[{"href":"https:\/\/antersystem.com\/fr\/wp-json\/wp\/v2\/types\/page"}],"author":[{"embeddable":true,"href":"https:\/\/antersystem.com\/fr\/wp-json\/wp\/v2\/users\/1"}],"replies":[{"embeddable":true,"href":"https:\/\/antersystem.com\/fr\/wp-json\/wp\/v2\/comments?post=12999"}],"version-history":[{"count":1,"href":"https:\/\/antersystem.com\/fr\/wp-json\/wp\/v2\/pages\/12999\/revisions"}],"predecessor-version":[{"id":13002,"href":"https:\/\/antersystem.com\/fr\/wp-json\/wp\/v2\/pages\/12999\/revisions\/13002"}],"up":[{"embeddable":true,"href":"https:\/\/antersystem.com\/fr\/wp-json\/wp\/v2\/pages\/12644"}],"wp:attachment":[{"href":"https:\/\/antersystem.com\/fr\/wp-json\/wp\/v2\/media?parent=12999"}],"curies":[{"name":"wp","href":"https:\/\/api.w.org\/{rel}","templated":true}]}}