{"id":13034,"date":"2023-12-11T12:55:28","date_gmt":"2023-12-11T11:55:28","guid":{"rendered":"https:\/\/new.antersystem.com\/case-studies\/sga-safety-gates\/"},"modified":"2026-01-30T01:31:15","modified_gmt":"2026-01-30T00:31:15","slug":"sga-safety-gates","status":"publish","type":"page","link":"https:\/\/antersystem.com\/fr\/case-studies\/sga-safety-gates\/","title":{"rendered":"Barri\u00e8res de s\u00e9curit\u00e9 SGA"},"content":{"rendered":"\n<p><\/p>\n\n<div class=\"wp-block-columns is-layout-flex wp-container-core-columns-is-layout-9d6595d7 wp-block-columns-is-layout-flex\">\n  \n  <div class=\"wp-block-column is-layout-flow wp-block-column-is-layout-flow\" style=\"flex-basis:10%\"><\/div>\n  \n\n  \n  <div class=\"wp-block-column is-layout-flow wp-block-column-is-layout-flow\">\n    \n    <p>Nous installons nos syst\u00e8mes en fonction des besoins sp\u00e9cifiques de chaque entrep\u00f4t. Nous assurons une protection partout o\u00f9 il y a un risque de collision avec des v\u00e9hicules d&rsquo;entrep\u00f4t, tout en garantissant une circulation fluide des pi\u00e9tons. Vous trouverez ci-dessous un exemple d&rsquo;une telle installation &#8211; une combinaison de <strong>barri\u00e8res souples pour pi\u00e9tons<\/strong> et d&rsquo;une <a href=\"https:\/\/antersystem.com\/produkty\/bramka-bezpieczenstwa-ze-znakiem-stop\/\">barri\u00e8re SGA avec un panneau d&rsquo;avertissement STOP.<\/a><\/p>\n    \n\n    \n    <p>Notre client de notre ville natale utilisait auparavant des barri\u00e8res et des portails traditionnels en acier, qui ont tendance \u00e0 s&rsquo;\u00e9cailler et \u00e0 se d\u00e9former lorsqu&rsquo;ils sont heurt\u00e9s par des chariots \u00e9l\u00e9vateurs. Le sol autour des barri\u00e8res en acier subit \u00e9galement des dommages au fil du temps. C&rsquo;est pourquoi ils nous ont choisis &#8211; et nous en sommes ravis. <strong>Les barri\u00e8res flexibles prot\u00e8gent efficacement<\/strong> tout en constituant un investissement \u00e0 long terme dans le budget de l&rsquo;entreprise. Ils n\u00e9cessitent beaucoup moins d&rsquo;entretien que les mod\u00e8les en acier &#8211; pas de peinture, pas de r\u00e9paration de la rouille. Le sol reste \u00e9galement en meilleur \u00e9tat car le <strong>mat\u00e9riau polym\u00e8re absorbe les chocs de<\/strong> mani\u00e8re uniforme sur toute sa surface. Un autre facteur important est le syst\u00e8me d&rsquo;ancrage s\u00fbr utilis\u00e9 pour les poteaux. Nous appr\u00e9cions cette confiance et restons dispos\u00e9s \u00e0 offrir des <a href=\"https:\/\/antersystem.com\/co-zabezpieczamy\/\">conseils d&rsquo;experts en mati\u00e8re de s\u00e9curit\u00e9 et de gestion des flux de trafic<\/a> chaque fois que n\u00e9cessaire.<\/p>\n    \n\n    \n    ngg_shortcode_0_placeholder\n    \n  <\/div>\n  \n\n  \n  <div class=\"wp-block-column is-layout-flow wp-block-column-is-layout-flow\" style=\"flex-basis:10%\"><\/div>\n  \n<\/div>\n","protected":false},"excerpt":{"rendered":"<p>Nous installons nos syst\u00e8mes en fonction des besoins sp\u00e9cifiques de chaque entrep\u00f4t. Nous assurons une protection partout o\u00f9 il y a un risque de collision avec des v\u00e9hicules d&rsquo;entrep\u00f4t, tout en garantissant une circulation fluide des pi\u00e9tons. Vous trouverez ci-dessous un exemple d&rsquo;une telle installation &#8211; une combinaison de barri\u00e8res souples pour pi\u00e9tons et d&rsquo;une [&hellip;]<\/p>\n","protected":false},"author":1,"featured_media":0,"parent":12644,"menu_order":0,"comment_status":"closed","ping_status":"closed","template":"","meta":{"inline_featured_image":false,"ngg_post_thumbnail":0,"footnotes":""},"class_list":["post-13034","page","type-page","status-publish","hentry"],"acf":[],"yoast_head":"<!-- This site is optimized with the Yoast SEO plugin v27.0 - https:\/\/yoast.com\/product\/yoast-seo-wordpress\/ -->\n<title>Barri\u00e8res de s\u00e9curit\u00e9 SGA - Anter System<\/title>\n<meta name=\"description\" content=\"Nous installons nos syst\u00e8mes en fonction des besoins sp\u00e9cifiques de chaque entrep\u00f4t. Nous assurons une protection partout o\u00f9 il y a un risque de collision\" \/>\n<meta name=\"robots\" content=\"index, follow, max-snippet:-1, max-image-preview:large, max-video-preview:-1\" \/>\n<link rel=\"canonical\" href=\"https:\/\/antersystem.com\/fr\/case-studies\/sga-safety-gates\/\" \/>\n<meta property=\"og:locale\" content=\"fr_FR\" \/>\n<meta property=\"og:type\" content=\"article\" \/>\n<meta property=\"og:title\" content=\"Barri\u00e8res de s\u00e9curit\u00e9 SGA - Anter System\" \/>\n<meta property=\"og:description\" content=\"Nous installons nos syst\u00e8mes en fonction des besoins sp\u00e9cifiques de chaque entrep\u00f4t. Nous assurons une protection partout o\u00f9 il y a un risque de collision\" \/>\n<meta property=\"og:url\" content=\"https:\/\/antersystem.com\/fr\/case-studies\/sga-safety-gates\/\" \/>\n<meta property=\"og:site_name\" content=\"Anter System\" \/>\n<meta property=\"article:modified_time\" content=\"2026-01-30T00:31:15+00:00\" \/>\n<meta name=\"twitter:card\" content=\"summary_large_image\" \/>\n<meta name=\"twitter:label1\" content=\"Dur\u00e9e de lecture estim\u00e9e\" \/>\n\t<meta name=\"twitter:data1\" content=\"1 minute\" \/>\n<script type=\"application\/ld+json\" class=\"yoast-schema-graph\">{\"@context\":\"https:\/\/schema.org\",\"@graph\":[{\"@type\":\"WebPage\",\"@id\":\"https:\/\/antersystem.com\/fr\/case-studies\/sga-safety-gates\/\",\"url\":\"https:\/\/antersystem.com\/fr\/case-studies\/sga-safety-gates\/\",\"name\":\"Barri\u00e8res de s\u00e9curit\u00e9 SGA - Anter System\",\"isPartOf\":{\"@id\":\"https:\/\/antersystem.com\/fr\/#website\"},\"datePublished\":\"2023-12-11T11:55:28+00:00\",\"dateModified\":\"2026-01-30T00:31:15+00:00\",\"description\":\"Nous installons nos syst\u00e8mes en fonction des besoins sp\u00e9cifiques de chaque entrep\u00f4t. Nous assurons une protection partout o\u00f9 il y a un risque de collision\",\"breadcrumb\":{\"@id\":\"https:\/\/antersystem.com\/fr\/case-studies\/sga-safety-gates\/#breadcrumb\"},\"inLanguage\":\"fr-FR\",\"potentialAction\":[{\"@type\":\"ReadAction\",\"target\":[\"https:\/\/antersystem.com\/fr\/case-studies\/sga-safety-gates\/\"]}]},{\"@type\":\"BreadcrumbList\",\"@id\":\"https:\/\/antersystem.com\/fr\/case-studies\/sga-safety-gates\/#breadcrumb\",\"itemListElement\":[{\"@type\":\"ListItem\",\"position\":1,\"name\":\"AnterSystem\",\"item\":\"https:\/\/antersystem.com\/fr\/\"},{\"@type\":\"ListItem\",\"position\":2,\"name\":\"\u00c9tudes de cas\",\"item\":\"https:\/\/antersystem.com\/fr\/case-studies\/\"},{\"@type\":\"ListItem\",\"position\":3,\"name\":\"Barri\u00e8res de s\u00e9curit\u00e9 SGA\"}]},{\"@type\":\"WebSite\",\"@id\":\"https:\/\/antersystem.com\/fr\/#website\",\"url\":\"https:\/\/antersystem.com\/fr\/\",\"name\":\"Anter System\",\"description\":\"Jeste\u015bmy polskim producentem elastycznych barier ochronnych wykonywanych z polimerowych tworzyw sztucznych. Na rynku krajowym i zagranicznym dzia\u0142amy od ponad 15 lat dbaj\u0105c o zapewnienie bezpiecze\u0144stwa w zak\u0142adach produkcyjnych, magazynach oraz centrach logistycznych.\",\"potentialAction\":[{\"@type\":\"SearchAction\",\"target\":{\"@type\":\"EntryPoint\",\"urlTemplate\":\"https:\/\/antersystem.com\/fr\/?s={search_term_string}\"},\"query-input\":{\"@type\":\"PropertyValueSpecification\",\"valueRequired\":true,\"valueName\":\"search_term_string\"}}],\"inLanguage\":\"fr-FR\"}]}<\/script>\n<!-- \/ Yoast SEO plugin. -->","yoast_head_json":{"title":"Barri\u00e8res de s\u00e9curit\u00e9 SGA - Anter System","description":"Nous installons nos syst\u00e8mes en fonction des besoins sp\u00e9cifiques de chaque entrep\u00f4t. Nous assurons une protection partout o\u00f9 il y a un risque de collision","robots":{"index":"index","follow":"follow","max-snippet":"max-snippet:-1","max-image-preview":"max-image-preview:large","max-video-preview":"max-video-preview:-1"},"canonical":"https:\/\/antersystem.com\/fr\/case-studies\/sga-safety-gates\/","og_locale":"fr_FR","og_type":"article","og_title":"Barri\u00e8res de s\u00e9curit\u00e9 SGA - Anter System","og_description":"Nous installons nos syst\u00e8mes en fonction des besoins sp\u00e9cifiques de chaque entrep\u00f4t. Nous assurons une protection partout o\u00f9 il y a un risque de collision","og_url":"https:\/\/antersystem.com\/fr\/case-studies\/sga-safety-gates\/","og_site_name":"Anter System","article_modified_time":"2026-01-30T00:31:15+00:00","twitter_card":"summary_large_image","twitter_misc":{"Dur\u00e9e de lecture estim\u00e9e":"1 minute"},"schema":{"@context":"https:\/\/schema.org","@graph":[{"@type":"WebPage","@id":"https:\/\/antersystem.com\/fr\/case-studies\/sga-safety-gates\/","url":"https:\/\/antersystem.com\/fr\/case-studies\/sga-safety-gates\/","name":"Barri\u00e8res de s\u00e9curit\u00e9 SGA - Anter System","isPartOf":{"@id":"https:\/\/antersystem.com\/fr\/#website"},"datePublished":"2023-12-11T11:55:28+00:00","dateModified":"2026-01-30T00:31:15+00:00","description":"Nous installons nos syst\u00e8mes en fonction des besoins sp\u00e9cifiques de chaque entrep\u00f4t. Nous assurons une protection partout o\u00f9 il y a un risque de collision","breadcrumb":{"@id":"https:\/\/antersystem.com\/fr\/case-studies\/sga-safety-gates\/#breadcrumb"},"inLanguage":"fr-FR","potentialAction":[{"@type":"ReadAction","target":["https:\/\/antersystem.com\/fr\/case-studies\/sga-safety-gates\/"]}]},{"@type":"BreadcrumbList","@id":"https:\/\/antersystem.com\/fr\/case-studies\/sga-safety-gates\/#breadcrumb","itemListElement":[{"@type":"ListItem","position":1,"name":"AnterSystem","item":"https:\/\/antersystem.com\/fr\/"},{"@type":"ListItem","position":2,"name":"\u00c9tudes de cas","item":"https:\/\/antersystem.com\/fr\/case-studies\/"},{"@type":"ListItem","position":3,"name":"Barri\u00e8res de s\u00e9curit\u00e9 SGA"}]},{"@type":"WebSite","@id":"https:\/\/antersystem.com\/fr\/#website","url":"https:\/\/antersystem.com\/fr\/","name":"Anter System","description":"Jeste\u015bmy polskim producentem elastycznych barier ochronnych wykonywanych z polimerowych tworzyw sztucznych. Na rynku krajowym i zagranicznym dzia\u0142amy od ponad 15 lat dbaj\u0105c o zapewnienie bezpiecze\u0144stwa w zak\u0142adach produkcyjnych, magazynach oraz centrach logistycznych.","potentialAction":[{"@type":"SearchAction","target":{"@type":"EntryPoint","urlTemplate":"https:\/\/antersystem.com\/fr\/?s={search_term_string}"},"query-input":{"@type":"PropertyValueSpecification","valueRequired":true,"valueName":"search_term_string"}}],"inLanguage":"fr-FR"}]}},"_links":{"self":[{"href":"https:\/\/antersystem.com\/fr\/wp-json\/wp\/v2\/pages\/13034","targetHints":{"allow":["GET"]}}],"collection":[{"href":"https:\/\/antersystem.com\/fr\/wp-json\/wp\/v2\/pages"}],"about":[{"href":"https:\/\/antersystem.com\/fr\/wp-json\/wp\/v2\/types\/page"}],"author":[{"embeddable":true,"href":"https:\/\/antersystem.com\/fr\/wp-json\/wp\/v2\/users\/1"}],"replies":[{"embeddable":true,"href":"https:\/\/antersystem.com\/fr\/wp-json\/wp\/v2\/comments?post=13034"}],"version-history":[{"count":1,"href":"https:\/\/antersystem.com\/fr\/wp-json\/wp\/v2\/pages\/13034\/revisions"}],"predecessor-version":[{"id":13036,"href":"https:\/\/antersystem.com\/fr\/wp-json\/wp\/v2\/pages\/13034\/revisions\/13036"}],"up":[{"embeddable":true,"href":"https:\/\/antersystem.com\/fr\/wp-json\/wp\/v2\/pages\/12644"}],"wp:attachment":[{"href":"https:\/\/antersystem.com\/fr\/wp-json\/wp\/v2\/media?parent=13034"}],"curies":[{"name":"wp","href":"https:\/\/api.w.org\/{rel}","templated":true}]}}