{"id":13062,"date":"2023-09-01T11:16:10","date_gmt":"2023-09-01T09:16:10","guid":{"rendered":"https:\/\/new.antersystem.com\/case-studies\/lift-gates\/"},"modified":"2026-01-30T01:30:18","modified_gmt":"2026-01-30T00:30:18","slug":"lift-gates","status":"publish","type":"page","link":"https:\/\/antersystem.com\/fr\/case-studies\/lift-gates\/","title":{"rendered":"S\u00e9curit\u00e9 LIFT GATEs"},"content":{"rendered":"\n<div class=\"wp-block-columns is-layout-flex wp-container-core-columns-is-layout-9d6595d7 wp-block-columns-is-layout-flex\">\n<div class=\"wp-block-column is-layout-flow wp-block-column-is-layout-flow\" style=\"flex-basis:10%\"><\/div>\n\n\n\n<div class=\"wp-block-column is-layout-flow wp-block-column-is-layout-flow\" style=\"flex-basis:80%\">\n<p class=\"justify-mru\">Un client de l&rsquo;industrie automobile nous a demand\u00e9 de s\u00e9curiser les voies de circulation tout en maintenant l&rsquo;acc\u00e8s aux zones de stockage. Pour accro\u00eetre la s\u00e9curit\u00e9 et optimiser le temps de travail, des barri\u00e8res de s\u00e9curit\u00e9 LIFT GATE ont \u00e9t\u00e9 install\u00e9es le long des chemins pi\u00e9tonniers. Cette solution a permis d&rsquo;assurer un passage s\u00fbr le long des all\u00e9es pi\u00e9tonnes tout en permettant la fermeture temporaire de la zone en cas de besoin. Le projet a pleinement r\u00e9pondu aux attentes du client et a contribu\u00e9 \u00e0 am\u00e9liorer la s\u00e9curit\u00e9 et l&rsquo;efficacit\u00e9 op\u00e9rationnelle.<\/p>\n\n\n\nngg_shortcode_0_placeholder\n<\/div>\n\n\n\n<div class=\"wp-block-column is-layout-flow wp-block-column-is-layout-flow\" style=\"flex-basis:10%\"><\/div>\n<\/div>\n","protected":false},"excerpt":{"rendered":"<p>Un client de l&rsquo;industrie automobile nous a demand\u00e9 de s\u00e9curiser les voies de circulation tout en maintenant l&rsquo;acc\u00e8s aux zones de stockage. Pour accro\u00eetre la s\u00e9curit\u00e9 et optimiser le temps de travail, des barri\u00e8res de s\u00e9curit\u00e9 LIFT GATE ont \u00e9t\u00e9 install\u00e9es le long des chemins pi\u00e9tonniers. Cette solution a permis d&rsquo;assurer un passage s\u00fbr le [&hellip;]<\/p>\n","protected":false},"author":1,"featured_media":0,"parent":12644,"menu_order":0,"comment_status":"closed","ping_status":"closed","template":"","meta":{"inline_featured_image":false,"ngg_post_thumbnail":0,"footnotes":""},"class_list":["post-13062","page","type-page","status-publish","hentry"],"acf":[],"yoast_head":"<!-- This site is optimized with the Yoast SEO plugin v27.0 - https:\/\/yoast.com\/product\/yoast-seo-wordpress\/ -->\n<title>S\u00e9curit\u00e9 LIFT GATEs - Anter System<\/title>\n<meta name=\"description\" content=\"Un client de l&#039;industrie automobile nous a demand\u00e9 de s\u00e9curiser les voies de circulation tout en maintenant l&#039;acc\u00e8s aux zones de stockage. Pour accro\u00eetre\" \/>\n<meta name=\"robots\" content=\"index, follow, max-snippet:-1, max-image-preview:large, max-video-preview:-1\" \/>\n<link rel=\"canonical\" href=\"https:\/\/antersystem.com\/fr\/case-studies\/lift-gates\/\" \/>\n<meta property=\"og:locale\" content=\"fr_FR\" \/>\n<meta property=\"og:type\" content=\"article\" \/>\n<meta property=\"og:title\" content=\"S\u00e9curit\u00e9 LIFT GATEs - Anter System\" \/>\n<meta property=\"og:description\" content=\"Un client de l&#039;industrie automobile nous a demand\u00e9 de s\u00e9curiser les voies de circulation tout en maintenant l&#039;acc\u00e8s aux zones de stockage. Pour accro\u00eetre\" \/>\n<meta property=\"og:url\" content=\"https:\/\/antersystem.com\/fr\/case-studies\/lift-gates\/\" \/>\n<meta property=\"og:site_name\" content=\"Anter System\" \/>\n<meta property=\"article:modified_time\" content=\"2026-01-30T00:30:18+00:00\" \/>\n<meta name=\"twitter:card\" content=\"summary_large_image\" \/>\n<meta name=\"twitter:label1\" content=\"Dur\u00e9e de lecture estim\u00e9e\" \/>\n\t<meta name=\"twitter:data1\" content=\"1 minute\" \/>\n<script type=\"application\/ld+json\" class=\"yoast-schema-graph\">{\"@context\":\"https:\/\/schema.org\",\"@graph\":[{\"@type\":\"WebPage\",\"@id\":\"https:\/\/antersystem.com\/fr\/case-studies\/lift-gates\/\",\"url\":\"https:\/\/antersystem.com\/fr\/case-studies\/lift-gates\/\",\"name\":\"S\u00e9curit\u00e9 LIFT GATEs - Anter System\",\"isPartOf\":{\"@id\":\"https:\/\/antersystem.com\/fr\/#website\"},\"datePublished\":\"2023-09-01T09:16:10+00:00\",\"dateModified\":\"2026-01-30T00:30:18+00:00\",\"description\":\"Un client de l'industrie automobile nous a demand\u00e9 de s\u00e9curiser les voies de circulation tout en maintenant l'acc\u00e8s aux zones de stockage. Pour accro\u00eetre\",\"breadcrumb\":{\"@id\":\"https:\/\/antersystem.com\/fr\/case-studies\/lift-gates\/#breadcrumb\"},\"inLanguage\":\"fr-FR\",\"potentialAction\":[{\"@type\":\"ReadAction\",\"target\":[\"https:\/\/antersystem.com\/fr\/case-studies\/lift-gates\/\"]}]},{\"@type\":\"BreadcrumbList\",\"@id\":\"https:\/\/antersystem.com\/fr\/case-studies\/lift-gates\/#breadcrumb\",\"itemListElement\":[{\"@type\":\"ListItem\",\"position\":1,\"name\":\"AnterSystem\",\"item\":\"https:\/\/antersystem.com\/fr\/\"},{\"@type\":\"ListItem\",\"position\":2,\"name\":\"\u00c9tudes de cas\",\"item\":\"https:\/\/antersystem.com\/fr\/case-studies\/\"},{\"@type\":\"ListItem\",\"position\":3,\"name\":\"S\u00e9curit\u00e9 LIFT GATEs\"}]},{\"@type\":\"WebSite\",\"@id\":\"https:\/\/antersystem.com\/fr\/#website\",\"url\":\"https:\/\/antersystem.com\/fr\/\",\"name\":\"Anter System\",\"description\":\"Jeste\u015bmy polskim producentem elastycznych barier ochronnych wykonywanych z polimerowych tworzyw sztucznych. Na rynku krajowym i zagranicznym dzia\u0142amy od ponad 15 lat dbaj\u0105c o zapewnienie bezpiecze\u0144stwa w zak\u0142adach produkcyjnych, magazynach oraz centrach logistycznych.\",\"potentialAction\":[{\"@type\":\"SearchAction\",\"target\":{\"@type\":\"EntryPoint\",\"urlTemplate\":\"https:\/\/antersystem.com\/fr\/?s={search_term_string}\"},\"query-input\":{\"@type\":\"PropertyValueSpecification\",\"valueRequired\":true,\"valueName\":\"search_term_string\"}}],\"inLanguage\":\"fr-FR\"}]}<\/script>\n<!-- \/ Yoast SEO plugin. -->","yoast_head_json":{"title":"S\u00e9curit\u00e9 LIFT GATEs - Anter System","description":"Un client de l'industrie automobile nous a demand\u00e9 de s\u00e9curiser les voies de circulation tout en maintenant l'acc\u00e8s aux zones de stockage. Pour accro\u00eetre","robots":{"index":"index","follow":"follow","max-snippet":"max-snippet:-1","max-image-preview":"max-image-preview:large","max-video-preview":"max-video-preview:-1"},"canonical":"https:\/\/antersystem.com\/fr\/case-studies\/lift-gates\/","og_locale":"fr_FR","og_type":"article","og_title":"S\u00e9curit\u00e9 LIFT GATEs - Anter System","og_description":"Un client de l'industrie automobile nous a demand\u00e9 de s\u00e9curiser les voies de circulation tout en maintenant l'acc\u00e8s aux zones de stockage. Pour accro\u00eetre","og_url":"https:\/\/antersystem.com\/fr\/case-studies\/lift-gates\/","og_site_name":"Anter System","article_modified_time":"2026-01-30T00:30:18+00:00","twitter_card":"summary_large_image","twitter_misc":{"Dur\u00e9e de lecture estim\u00e9e":"1 minute"},"schema":{"@context":"https:\/\/schema.org","@graph":[{"@type":"WebPage","@id":"https:\/\/antersystem.com\/fr\/case-studies\/lift-gates\/","url":"https:\/\/antersystem.com\/fr\/case-studies\/lift-gates\/","name":"S\u00e9curit\u00e9 LIFT GATEs - Anter System","isPartOf":{"@id":"https:\/\/antersystem.com\/fr\/#website"},"datePublished":"2023-09-01T09:16:10+00:00","dateModified":"2026-01-30T00:30:18+00:00","description":"Un client de l'industrie automobile nous a demand\u00e9 de s\u00e9curiser les voies de circulation tout en maintenant l'acc\u00e8s aux zones de stockage. Pour accro\u00eetre","breadcrumb":{"@id":"https:\/\/antersystem.com\/fr\/case-studies\/lift-gates\/#breadcrumb"},"inLanguage":"fr-FR","potentialAction":[{"@type":"ReadAction","target":["https:\/\/antersystem.com\/fr\/case-studies\/lift-gates\/"]}]},{"@type":"BreadcrumbList","@id":"https:\/\/antersystem.com\/fr\/case-studies\/lift-gates\/#breadcrumb","itemListElement":[{"@type":"ListItem","position":1,"name":"AnterSystem","item":"https:\/\/antersystem.com\/fr\/"},{"@type":"ListItem","position":2,"name":"\u00c9tudes de cas","item":"https:\/\/antersystem.com\/fr\/case-studies\/"},{"@type":"ListItem","position":3,"name":"S\u00e9curit\u00e9 LIFT GATEs"}]},{"@type":"WebSite","@id":"https:\/\/antersystem.com\/fr\/#website","url":"https:\/\/antersystem.com\/fr\/","name":"Anter System","description":"Jeste\u015bmy polskim producentem elastycznych barier ochronnych wykonywanych z polimerowych tworzyw sztucznych. Na rynku krajowym i zagranicznym dzia\u0142amy od ponad 15 lat dbaj\u0105c o zapewnienie bezpiecze\u0144stwa w zak\u0142adach produkcyjnych, magazynach oraz centrach logistycznych.","potentialAction":[{"@type":"SearchAction","target":{"@type":"EntryPoint","urlTemplate":"https:\/\/antersystem.com\/fr\/?s={search_term_string}"},"query-input":{"@type":"PropertyValueSpecification","valueRequired":true,"valueName":"search_term_string"}}],"inLanguage":"fr-FR"}]}},"_links":{"self":[{"href":"https:\/\/antersystem.com\/fr\/wp-json\/wp\/v2\/pages\/13062","targetHints":{"allow":["GET"]}}],"collection":[{"href":"https:\/\/antersystem.com\/fr\/wp-json\/wp\/v2\/pages"}],"about":[{"href":"https:\/\/antersystem.com\/fr\/wp-json\/wp\/v2\/types\/page"}],"author":[{"embeddable":true,"href":"https:\/\/antersystem.com\/fr\/wp-json\/wp\/v2\/users\/1"}],"replies":[{"embeddable":true,"href":"https:\/\/antersystem.com\/fr\/wp-json\/wp\/v2\/comments?post=13062"}],"version-history":[{"count":1,"href":"https:\/\/antersystem.com\/fr\/wp-json\/wp\/v2\/pages\/13062\/revisions"}],"predecessor-version":[{"id":13063,"href":"https:\/\/antersystem.com\/fr\/wp-json\/wp\/v2\/pages\/13062\/revisions\/13063"}],"up":[{"embeddable":true,"href":"https:\/\/antersystem.com\/fr\/wp-json\/wp\/v2\/pages\/12644"}],"wp:attachment":[{"href":"https:\/\/antersystem.com\/fr\/wp-json\/wp\/v2\/media?parent=13062"}],"curies":[{"name":"wp","href":"https:\/\/api.w.org\/{rel}","templated":true}]}}