{"id":13118,"date":"2025-01-28T13:58:17","date_gmt":"2025-01-28T12:58:17","guid":{"rendered":"https:\/\/new.antersystem.com\/case-studies\/pedestrian-lt-protecting-people-machines\/"},"modified":"2026-01-30T01:22:08","modified_gmt":"2026-01-30T00:22:08","slug":"pedestrian-lt-protecting-people-machines","status":"publish","type":"page","link":"https:\/\/antersystem.com\/fr\/case-studies\/pedestrian-lt-protecting-people-machines\/","title":{"rendered":"LT pour pi\u00e9tons &#8211; Prot\u00e9ger les personnes et les machines"},"content":{"rendered":"\n<div class=\"wp-block-columns is-layout-flex wp-container-core-columns-is-layout-9d6595d7 wp-block-columns-is-layout-flex\">\n<div class=\"wp-block-column is-layout-flow wp-block-column-is-layout-flow\" style=\"flex-basis:10%\"><\/div>\n\n\n\n<div class=\"wp-block-column is-layout-flow wp-block-column-is-layout-flow\">\n<h2 class=\"wp-block-heading\">Barri\u00e8res LT pour pi\u00e9tons &#8211; Prot\u00e9ger les personnes et les machines dans les entrep\u00f4ts \u00e0 fort trafic<\/h2>\n\n\n\n<p>Garantir la s\u00e9curit\u00e9 des personnes et des machines dans un entrep\u00f4t \u00e0 forte fr\u00e9quentation n\u00e9cessite une approche globale. L&rsquo;installation en question &#8211; un <strong>espace de travail pour les employ\u00e9s et les op\u00e9rateurs de chariots \u00e9l\u00e9vateurs<\/strong> &#8211; contenait \u00e9galement des \u00e9quipements appartenant \u00e0 des syst\u00e8mes logistiques automatis\u00e9s. La priorit\u00e9 absolue \u00e9tait de s\u00e9parer les voies pi\u00e9tonnes des zones de machines tout en <strong>prot\u00e9geant les \u00e9l\u00e9ments cl\u00e9s de l&rsquo;infrastructure du b\u00e2timent<\/strong>, tels que les colonnes et les quais de chargement, des impacts potentiels des chariots \u00e9l\u00e9vateurs.<\/p>\n\n\n\n<h3 class=\"wp-block-heading\">Mise en \u0153uvre<\/h3>\n\n\n\n<p>Le projet a commenc\u00e9 par une analyse d\u00e9taill\u00e9e des besoins du client et de la nature dynamique des op\u00e9rations de l&rsquo;entrep\u00f4t. En cartographiant les mouvements \u00e0 l&rsquo;int\u00e9rieur de l&rsquo;\u00e9tablissement, nous avons pu concevoir et mettre en \u0153uvre des solutions de s\u00e9curit\u00e9 combinant protection efficace et fonctionnalit\u00e9, afin de garantir un flux de travail fluide et une s\u00e9curit\u00e9 maximale.<\/p>\n\n\n\n<p>Pour <strong>s\u00e9parer<\/strong> efficacement <strong>les pi\u00e9tons des chariots \u00e9l\u00e9vateurs<\/strong>, nous avons install\u00e9 des lignes de <a href=\"https:\/\/antersystem.com\/produkty\/elastyczna-bariera-pedestrian-r3-lt\/\">barri\u00e8res PEDESTRIAN R2 LT<\/a> \u00e9quip\u00e9es d&rsquo;une poutre inf\u00e9rieure renforc\u00e9e. Cette protection suppl\u00e9mentaire permet d&rsquo;\u00e9viter les dommages caus\u00e9s par les fourches des chariots \u00e9l\u00e9vateurs qui s&rsquo;abaissent. Dans les zones pr\u00e9sentant un risque de collision accru, la protection a \u00e9t\u00e9 renforc\u00e9e par des barri\u00e8res <a href=\"https:\/\/antersystem.com\/produkty\/elastyczna-bariera-db-hd\/\">DB HD+<\/a>, con\u00e7ues pour les applications lourdes.<\/p>\n\n\n\n<p><strong>Pour prot\u00e9ger les colonnes structurelles, des<\/strong> <a href=\"https:\/\/antersystem.com\/produkty\/elastyczna-ochrona-kolumn-ral4\/\">protections flexibles RAL4<\/a> ont \u00e9t\u00e9 utilis\u00e9es, capables d&rsquo;absorber et de disperser l&rsquo;\u00e9nergie de l&rsquo;impact afin de minimiser les dommages aux piliers. Les portes des quais de chargement ont \u00e9t\u00e9 prot\u00e9g\u00e9es par des <a href=\"https:\/\/antersystem.com\/kategorie-produktow\/slupki-ochronne\/\">bornes de protection PA<\/a>, ce qui permet d&rsquo;\u00e9viter efficacement les collisions dans les zones o\u00f9 les chariots \u00e9l\u00e9vateurs \u00e0 fourche man\u0153uvrent dans un espace limit\u00e9. En compl\u00e9ment du syst\u00e8me, des <a href=\"https:\/\/antersystem.com\/produkty\/corner-bumper\/\">Corner BUMPER<\/a> ont \u00e9t\u00e9 install\u00e9s pour prot\u00e9ger les ar\u00eates des murs dans les zones \u00e0 haut risque.<\/p>\n\n\n\n<h3 class=\"wp-block-heading\">R\u00e9sultats<\/h3>\n\n\n\n<p>L&rsquo;installation des <strong>barri\u00e8res de s\u00e9curit\u00e9 flexibles d&rsquo;Anter System<\/strong> a apport\u00e9 toute une s\u00e9rie d&rsquo;avantages. Les mat\u00e9riaux polym\u00e8res utilis\u00e9s se caract\u00e9risent par une absorption exceptionnelle des chocs, ce qui r\u00e9duit consid\u00e9rablement le risque de r\u00e9parations co\u00fbteuses des \u00e9quipements et des infrastructures apr\u00e8s les collisions. La <strong>construction modulaire du syst\u00e8me<\/strong> permet de l&rsquo;assembler, de le d\u00e9sassembler et de l&rsquo;adapter facilement \u00e0 l&rsquo;\u00e9volution des besoins op\u00e9rationnels. En cons\u00e9quence, les solutions mises en \u0153uvre ont permis d&rsquo;am\u00e9liorer la s\u00e9curit\u00e9 des personnes et des machines tout en minimisant les temps d&rsquo;arr\u00eat et les interruptions d&rsquo;exploitation.<\/p>\n\n\n\n<h3 class=\"wp-block-heading\">R\u00e9sum\u00e9<\/h3>\n\n\n\n<p>Gr\u00e2ce aux solutions d&rsquo;Anter System, l&rsquo;entrep\u00f4t a obtenu une <strong>am\u00e9lioration<\/strong> significative <strong>de la s\u00e9curit\u00e9 au travail et de l&rsquo;organisation spatiale<\/strong> dans un environnement partag\u00e9 par des pi\u00e9tons, des v\u00e9hicules et des syst\u00e8mes logistiques automatis\u00e9s. La conception moderne et la construction robuste de nos barri\u00e8res de protection flexibles garantissent non seulement une protection efficace, mais contribuent \u00e9galement \u00e0 l&rsquo;optimisation des flux de travail dans les environnements industriels actuels qui \u00e9voluent rapidement.<\/p>\n<\/div>\n\n\n\n<div class=\"wp-block-column is-layout-flow wp-block-column-is-layout-flow\" style=\"flex-basis:10%\"><\/div>\n<\/div>\n\nngg_shortcode_0_placeholder\n","protected":false},"excerpt":{"rendered":"<p>Barri\u00e8res LT pour pi\u00e9tons &#8211; Prot\u00e9ger les personnes et les machines dans les entrep\u00f4ts \u00e0 fort trafic Garantir la s\u00e9curit\u00e9 des personnes et des machines dans un entrep\u00f4t \u00e0 forte fr\u00e9quentation n\u00e9cessite une approche globale. L&rsquo;installation en question &#8211; un espace de travail pour les employ\u00e9s et les op\u00e9rateurs de chariots \u00e9l\u00e9vateurs &#8211; contenait \u00e9galement [&hellip;]<\/p>\n","protected":false},"author":1,"featured_media":0,"parent":12644,"menu_order":0,"comment_status":"closed","ping_status":"closed","template":"","meta":{"inline_featured_image":false,"ngg_post_thumbnail":0,"footnotes":""},"class_list":["post-13118","page","type-page","status-publish","hentry"],"acf":[],"yoast_head":"<!-- This site is optimized with the Yoast SEO plugin v27.0 - https:\/\/yoast.com\/product\/yoast-seo-wordpress\/ -->\n<title>LT pour pi\u00e9tons - Prot\u00e9ger les personnes et les machines - Anter System<\/title>\n<meta name=\"description\" content=\"Barri\u00e8res LT pour pi\u00e9tons - Prot\u00e9ger les personnes et les machines dans les entrep\u00f4ts \u00e0 fort trafic Garantir la s\u00e9curit\u00e9 des personnes et des machines\" \/>\n<meta name=\"robots\" content=\"index, follow, max-snippet:-1, max-image-preview:large, max-video-preview:-1\" \/>\n<link rel=\"canonical\" href=\"https:\/\/antersystem.com\/fr\/case-studies\/pedestrian-lt-protecting-people-machines\/\" \/>\n<meta property=\"og:locale\" content=\"fr_FR\" \/>\n<meta property=\"og:type\" content=\"article\" \/>\n<meta property=\"og:title\" content=\"LT pour pi\u00e9tons - Prot\u00e9ger les personnes et les machines - Anter System\" \/>\n<meta property=\"og:description\" content=\"Barri\u00e8res LT pour pi\u00e9tons - Prot\u00e9ger les personnes et les machines dans les entrep\u00f4ts \u00e0 fort trafic Garantir la s\u00e9curit\u00e9 des personnes et des machines\" \/>\n<meta property=\"og:url\" content=\"https:\/\/antersystem.com\/fr\/case-studies\/pedestrian-lt-protecting-people-machines\/\" \/>\n<meta property=\"og:site_name\" content=\"Anter System\" \/>\n<meta property=\"article:modified_time\" content=\"2026-01-30T00:22:08+00:00\" \/>\n<meta name=\"twitter:card\" content=\"summary_large_image\" \/>\n<meta name=\"twitter:label1\" content=\"Dur\u00e9e de lecture estim\u00e9e\" \/>\n\t<meta name=\"twitter:data1\" content=\"3 minutes\" \/>\n<script type=\"application\/ld+json\" class=\"yoast-schema-graph\">{\"@context\":\"https:\/\/schema.org\",\"@graph\":[{\"@type\":\"WebPage\",\"@id\":\"https:\/\/antersystem.com\/fr\/case-studies\/pedestrian-lt-protecting-people-machines\/\",\"url\":\"https:\/\/antersystem.com\/fr\/case-studies\/pedestrian-lt-protecting-people-machines\/\",\"name\":\"LT pour pi\u00e9tons - Prot\u00e9ger les personnes et les machines - Anter System\",\"isPartOf\":{\"@id\":\"https:\/\/antersystem.com\/fr\/#website\"},\"datePublished\":\"2025-01-28T12:58:17+00:00\",\"dateModified\":\"2026-01-30T00:22:08+00:00\",\"description\":\"Barri\u00e8res LT pour pi\u00e9tons - Prot\u00e9ger les personnes et les machines dans les entrep\u00f4ts \u00e0 fort trafic Garantir la s\u00e9curit\u00e9 des personnes et des machines\",\"breadcrumb\":{\"@id\":\"https:\/\/antersystem.com\/fr\/case-studies\/pedestrian-lt-protecting-people-machines\/#breadcrumb\"},\"inLanguage\":\"fr-FR\",\"potentialAction\":[{\"@type\":\"ReadAction\",\"target\":[\"https:\/\/antersystem.com\/fr\/case-studies\/pedestrian-lt-protecting-people-machines\/\"]}]},{\"@type\":\"BreadcrumbList\",\"@id\":\"https:\/\/antersystem.com\/fr\/case-studies\/pedestrian-lt-protecting-people-machines\/#breadcrumb\",\"itemListElement\":[{\"@type\":\"ListItem\",\"position\":1,\"name\":\"AnterSystem\",\"item\":\"https:\/\/antersystem.com\/fr\/\"},{\"@type\":\"ListItem\",\"position\":2,\"name\":\"\u00c9tudes de cas\",\"item\":\"https:\/\/antersystem.com\/fr\/case-studies\/\"},{\"@type\":\"ListItem\",\"position\":3,\"name\":\"LT pour pi\u00e9tons &#8211; Prot\u00e9ger les personnes et les machines\"}]},{\"@type\":\"WebSite\",\"@id\":\"https:\/\/antersystem.com\/fr\/#website\",\"url\":\"https:\/\/antersystem.com\/fr\/\",\"name\":\"Anter System\",\"description\":\"Jeste\u015bmy polskim producentem elastycznych barier ochronnych wykonywanych z polimerowych tworzyw sztucznych. Na rynku krajowym i zagranicznym dzia\u0142amy od ponad 15 lat dbaj\u0105c o zapewnienie bezpiecze\u0144stwa w zak\u0142adach produkcyjnych, magazynach oraz centrach logistycznych.\",\"potentialAction\":[{\"@type\":\"SearchAction\",\"target\":{\"@type\":\"EntryPoint\",\"urlTemplate\":\"https:\/\/antersystem.com\/fr\/?s={search_term_string}\"},\"query-input\":{\"@type\":\"PropertyValueSpecification\",\"valueRequired\":true,\"valueName\":\"search_term_string\"}}],\"inLanguage\":\"fr-FR\"}]}<\/script>\n<!-- \/ Yoast SEO plugin. -->","yoast_head_json":{"title":"LT pour pi\u00e9tons - Prot\u00e9ger les personnes et les machines - Anter System","description":"Barri\u00e8res LT pour pi\u00e9tons - Prot\u00e9ger les personnes et les machines dans les entrep\u00f4ts \u00e0 fort trafic Garantir la s\u00e9curit\u00e9 des personnes et des machines","robots":{"index":"index","follow":"follow","max-snippet":"max-snippet:-1","max-image-preview":"max-image-preview:large","max-video-preview":"max-video-preview:-1"},"canonical":"https:\/\/antersystem.com\/fr\/case-studies\/pedestrian-lt-protecting-people-machines\/","og_locale":"fr_FR","og_type":"article","og_title":"LT pour pi\u00e9tons - Prot\u00e9ger les personnes et les machines - Anter System","og_description":"Barri\u00e8res LT pour pi\u00e9tons - Prot\u00e9ger les personnes et les machines dans les entrep\u00f4ts \u00e0 fort trafic Garantir la s\u00e9curit\u00e9 des personnes et des machines","og_url":"https:\/\/antersystem.com\/fr\/case-studies\/pedestrian-lt-protecting-people-machines\/","og_site_name":"Anter System","article_modified_time":"2026-01-30T00:22:08+00:00","twitter_card":"summary_large_image","twitter_misc":{"Dur\u00e9e de lecture estim\u00e9e":"3 minutes"},"schema":{"@context":"https:\/\/schema.org","@graph":[{"@type":"WebPage","@id":"https:\/\/antersystem.com\/fr\/case-studies\/pedestrian-lt-protecting-people-machines\/","url":"https:\/\/antersystem.com\/fr\/case-studies\/pedestrian-lt-protecting-people-machines\/","name":"LT pour pi\u00e9tons - Prot\u00e9ger les personnes et les machines - Anter System","isPartOf":{"@id":"https:\/\/antersystem.com\/fr\/#website"},"datePublished":"2025-01-28T12:58:17+00:00","dateModified":"2026-01-30T00:22:08+00:00","description":"Barri\u00e8res LT pour pi\u00e9tons - Prot\u00e9ger les personnes et les machines dans les entrep\u00f4ts \u00e0 fort trafic Garantir la s\u00e9curit\u00e9 des personnes et des machines","breadcrumb":{"@id":"https:\/\/antersystem.com\/fr\/case-studies\/pedestrian-lt-protecting-people-machines\/#breadcrumb"},"inLanguage":"fr-FR","potentialAction":[{"@type":"ReadAction","target":["https:\/\/antersystem.com\/fr\/case-studies\/pedestrian-lt-protecting-people-machines\/"]}]},{"@type":"BreadcrumbList","@id":"https:\/\/antersystem.com\/fr\/case-studies\/pedestrian-lt-protecting-people-machines\/#breadcrumb","itemListElement":[{"@type":"ListItem","position":1,"name":"AnterSystem","item":"https:\/\/antersystem.com\/fr\/"},{"@type":"ListItem","position":2,"name":"\u00c9tudes de cas","item":"https:\/\/antersystem.com\/fr\/case-studies\/"},{"@type":"ListItem","position":3,"name":"LT pour pi\u00e9tons &#8211; Prot\u00e9ger les personnes et les machines"}]},{"@type":"WebSite","@id":"https:\/\/antersystem.com\/fr\/#website","url":"https:\/\/antersystem.com\/fr\/","name":"Anter System","description":"Jeste\u015bmy polskim producentem elastycznych barier ochronnych wykonywanych z polimerowych tworzyw sztucznych. Na rynku krajowym i zagranicznym dzia\u0142amy od ponad 15 lat dbaj\u0105c o zapewnienie bezpiecze\u0144stwa w zak\u0142adach produkcyjnych, magazynach oraz centrach logistycznych.","potentialAction":[{"@type":"SearchAction","target":{"@type":"EntryPoint","urlTemplate":"https:\/\/antersystem.com\/fr\/?s={search_term_string}"},"query-input":{"@type":"PropertyValueSpecification","valueRequired":true,"valueName":"search_term_string"}}],"inLanguage":"fr-FR"}]}},"_links":{"self":[{"href":"https:\/\/antersystem.com\/fr\/wp-json\/wp\/v2\/pages\/13118","targetHints":{"allow":["GET"]}}],"collection":[{"href":"https:\/\/antersystem.com\/fr\/wp-json\/wp\/v2\/pages"}],"about":[{"href":"https:\/\/antersystem.com\/fr\/wp-json\/wp\/v2\/types\/page"}],"author":[{"embeddable":true,"href":"https:\/\/antersystem.com\/fr\/wp-json\/wp\/v2\/users\/1"}],"replies":[{"embeddable":true,"href":"https:\/\/antersystem.com\/fr\/wp-json\/wp\/v2\/comments?post=13118"}],"version-history":[{"count":1,"href":"https:\/\/antersystem.com\/fr\/wp-json\/wp\/v2\/pages\/13118\/revisions"}],"predecessor-version":[{"id":13120,"href":"https:\/\/antersystem.com\/fr\/wp-json\/wp\/v2\/pages\/13118\/revisions\/13120"}],"up":[{"embeddable":true,"href":"https:\/\/antersystem.com\/fr\/wp-json\/wp\/v2\/pages\/12644"}],"wp:attachment":[{"href":"https:\/\/antersystem.com\/fr\/wp-json\/wp\/v2\/media?parent=13118"}],"curies":[{"name":"wp","href":"https:\/\/api.w.org\/{rel}","templated":true}]}}