{"id":13126,"date":"2025-01-28T14:41:10","date_gmt":"2025-01-28T13:41:10","guid":{"rendered":"https:\/\/new.antersystem.com\/case-studies\/wall-protector-hd-warehouses-with-high-storage\/"},"modified":"2026-01-30T01:21:57","modified_gmt":"2026-01-30T00:21:57","slug":"wall-protector-hd-warehouses-with-high-storage","status":"publish","type":"page","link":"https:\/\/antersystem.com\/fr\/case-studies\/wall-protector-hd-warehouses-with-high-storage\/","title":{"rendered":"WALL PROTECTOR HD+ dans les entrep\u00f4ts avec de grandes surfaces de stockage"},"content":{"rendered":"\n<div class=\"wp-block-columns is-layout-flex wp-container-core-columns-is-layout-9d6595d7 wp-block-columns-is-layout-flex\">\n<div class=\"wp-block-column is-layout-flow wp-block-column-is-layout-flow\" style=\"flex-basis:10%\"><\/div>\n\n\n\n<div class=\"wp-block-column is-layout-flow wp-block-column-is-layout-flow\">\n<h2 class=\"wp-block-heading\">WALL PROTECTOR HD+ avec barri\u00e8res GB HD+ pour la s\u00e9curit\u00e9 dans les entrep\u00f4ts \u00e0 hauts rayonnages<\/h2>\n\n\n\n<p>Dans un hall industriel dynamique, o\u00f9 coexistent des <strong>personnes, des machines, des robots et des zones de stockage en hauteur<\/strong>, il \u00e9tait n\u00e9cessaire d&rsquo;assurer la s\u00e9curit\u00e9 du lieu de travail et une organisation efficace de l&rsquo;espace. L&rsquo;objectif principal \u00e9tait de s\u00e9parer les personnes et les machines des zones de stockage. En outre, il \u00e9tait essentiel de d\u00e9finir des itin\u00e9raires de transport clairs et de prot\u00e9ger les infrastructures contre les dommages potentiels caus\u00e9s par le trafic intensif et la nature des op\u00e9rations dans cet environnement.<\/p>\n\n\n\n<h3 class=\"wp-block-heading\">Mise en \u0153uvre<\/h3>\n\n\n\n<p>Le processus de mise en \u0153uvre a commenc\u00e9 par une analyse approfondie des besoins et des risques potentiels li\u00e9s \u00e0 l&rsquo;utilisation de l&rsquo;installation. Sur cette base, il a \u00e9t\u00e9 propos\u00e9 de mettre en \u0153uvre une protection constitu\u00e9e d&rsquo;une <a href=\"https:\/\/antersystem.com\/produkty\/ciag-elastycznych-barier-wall-protector-hd-m16-z-barierami-gb-hd\/\">s\u00e9rie de barri\u00e8res flexibles WALL PROTECTOR HD+ combin\u00e9es \u00e0 des barri\u00e8res GB HD+.<\/a><\/p>\n\n\n\n<p>Les WALL PROTECTOR ont \u00e9t\u00e9 <strong>strat\u00e9giquement positionn\u00e9s<\/strong> pour prot\u00e9ger les zones de stockage en hauteur contre le d\u00e9placement des marchandises entrepos\u00e9es et pour sauvegarder les zones de production o\u00f9 fonctionnent des machines et des robots industriels. L&rsquo;utilisation de <a href=\"https:\/\/antersystem.com\/produkty\/elastyczna-bariera-gb-hd\/\">barri\u00e8res de protection inf\u00e9rieures renforc\u00e9es GB HD+<\/a> a permis de prot\u00e9ger efficacement les zones adjacentes contre les fourches de chariots \u00e9l\u00e9vateurs en position basse op\u00e9rant dans la zone.<\/p>\n\n\n\n<p>Les WALL PROTECTOR ont \u00e9galement \u00e9t\u00e9 utilis\u00e9s <strong>pour prot\u00e9ger et s\u00e9parer strictement les zones de production<\/strong> \u00e9quip\u00e9es de robots, de machines et d&rsquo;autres syst\u00e8mes modernes soutenant la production et la logistique. Ces solutions ont non seulement permis de prot\u00e9ger les \u00e9l\u00e9ments cl\u00e9s du hall, mais aussi de d\u00e9finir des itin\u00e9raires de transport clairs entre les zones de travail.<\/p>\n\n\n\n<p>La mise en \u0153uvre a \u00e9t\u00e9 compl\u00e9t\u00e9e par l&rsquo;utilisation de <a href=\"https:\/\/antersystem.com\/produkty\/bramka-bezpieczenstwa-sga-ze-znakiem-stop-i-oswietleniem-ostrzegawczym\/\">barri\u00e8res de s\u00e9curit\u00e9 SGA<\/a> avec des panneaux d&rsquo;arr\u00eat et des signaux lumineux dans les lignes de barri\u00e8res Traffic R3. Ils r\u00e9gulent la circulation des pi\u00e9tons dans les zones critiques et minimisent le risque de s&rsquo;engager sur les voies emprunt\u00e9es par les v\u00e9hicules.<\/p>\n\n\n\n<h3 class=\"wp-block-heading\">R\u00e9sultats<\/h3>\n\n\n\n<p>L&rsquo;utilisation de barri\u00e8res de protection flexibles WALL PROTECTOR HD+ combin\u00e9es \u00e0 des barri\u00e8res GB HD+ a apport\u00e9 de nombreux avantages. Gr\u00e2ce aux solutions mises en \u0153uvre, les zones de stockage en hauteur <strong>ont \u00e9t\u00e9 efficacement s\u00e9par\u00e9es des zones de transport et de production<\/strong>, ce qui a consid\u00e9rablement am\u00e9lior\u00e9 la s\u00e9curit\u00e9 sur le lieu de travail. Des itin\u00e9raires de transport clairement d\u00e9limit\u00e9s ont am\u00e9lior\u00e9 le flux et l&rsquo;efficacit\u00e9 des processus logistiques, en minimisant les risques de collision et les temps d&rsquo;arr\u00eat. La conception modulaire du syst\u00e8me a grandement facilit\u00e9 la mise en \u0153uvre de la t\u00e2che en fonction des besoins du client et a permis d&rsquo;assurer une protection appropri\u00e9e dans les zones d\u00e9sign\u00e9es.<\/p>\n\n\n\n<h3 class=\"wp-block-heading\">R\u00e9sum\u00e9<\/h3>\n\n\n\n<p>La mise en \u0153uvre du syst\u00e8me Wall PROTECTOR HD+ avec des barri\u00e8res GB HD+ dans un hall comportant des zones de production automatis\u00e9es et des zones de stockage en hauteur <strong>a permis d&rsquo;am\u00e9liorer significativement la s\u00e9curit\u00e9 au travail et l&rsquo;organisation de l&rsquo;espace.<\/strong> Gr\u00e2ce aux solutions appliqu\u00e9es, il a \u00e9t\u00e9 possible de s\u00e9curiser efficacement des parties sp\u00e9cifiques du hall, d&rsquo;am\u00e9liorer l&rsquo;organisation du trafic dans un environnement industriel dynamique et d&rsquo;assurer la s\u00e9curit\u00e9 des employ\u00e9s dans les zones les plus expos\u00e9es aux accidents.<\/p>\n<\/div>\n\n\n\n<div class=\"wp-block-column is-layout-flow wp-block-column-is-layout-flow\" style=\"flex-basis:10%\"><\/div>\n<\/div>\n\nngg_shortcode_0_placeholder\n","protected":false},"excerpt":{"rendered":"<p>WALL PROTECTOR HD+ avec barri\u00e8res GB HD+ pour la s\u00e9curit\u00e9 dans les entrep\u00f4ts \u00e0 hauts rayonnages Dans un hall industriel dynamique, o\u00f9 coexistent des personnes, des machines, des robots et des zones de stockage en hauteur, il \u00e9tait n\u00e9cessaire d&rsquo;assurer la s\u00e9curit\u00e9 du lieu de travail et une organisation efficace de l&rsquo;espace. L&rsquo;objectif principal \u00e9tait [&hellip;]<\/p>\n","protected":false},"author":1,"featured_media":0,"parent":12644,"menu_order":0,"comment_status":"closed","ping_status":"closed","template":"","meta":{"inline_featured_image":false,"ngg_post_thumbnail":0,"footnotes":""},"class_list":["post-13126","page","type-page","status-publish","hentry"],"acf":[],"yoast_head":"<!-- This site is optimized with the Yoast SEO plugin v27.0 - https:\/\/yoast.com\/product\/yoast-seo-wordpress\/ -->\n<title>WALL PROTECTOR HD+ dans les entrep\u00f4ts avec de grandes surfaces de stockage - Anter System<\/title>\n<meta name=\"description\" content=\"WALL PROTECTOR HD+ avec barri\u00e8res GB HD+ pour la s\u00e9curit\u00e9 dans les entrep\u00f4ts \u00e0 hauts rayonnages Dans un hall industriel dynamique, o\u00f9 coexistent des\" \/>\n<meta name=\"robots\" content=\"index, follow, max-snippet:-1, max-image-preview:large, max-video-preview:-1\" \/>\n<link rel=\"canonical\" href=\"https:\/\/antersystem.com\/fr\/case-studies\/wall-protector-hd-warehouses-with-high-storage\/\" \/>\n<meta property=\"og:locale\" content=\"fr_FR\" \/>\n<meta property=\"og:type\" content=\"article\" \/>\n<meta property=\"og:title\" content=\"WALL PROTECTOR HD+ dans les entrep\u00f4ts avec de grandes surfaces de stockage - Anter System\" \/>\n<meta property=\"og:description\" content=\"WALL PROTECTOR HD+ avec barri\u00e8res GB HD+ pour la s\u00e9curit\u00e9 dans les entrep\u00f4ts \u00e0 hauts rayonnages Dans un hall industriel dynamique, o\u00f9 coexistent des\" \/>\n<meta property=\"og:url\" content=\"https:\/\/antersystem.com\/fr\/case-studies\/wall-protector-hd-warehouses-with-high-storage\/\" \/>\n<meta property=\"og:site_name\" content=\"Anter System\" \/>\n<meta property=\"article:modified_time\" content=\"2026-01-30T00:21:57+00:00\" \/>\n<meta name=\"twitter:card\" content=\"summary_large_image\" \/>\n<meta name=\"twitter:label1\" content=\"Dur\u00e9e de lecture estim\u00e9e\" \/>\n\t<meta name=\"twitter:data1\" content=\"3 minutes\" \/>\n<script type=\"application\/ld+json\" class=\"yoast-schema-graph\">{\"@context\":\"https:\/\/schema.org\",\"@graph\":[{\"@type\":\"WebPage\",\"@id\":\"https:\/\/antersystem.com\/fr\/case-studies\/wall-protector-hd-warehouses-with-high-storage\/\",\"url\":\"https:\/\/antersystem.com\/fr\/case-studies\/wall-protector-hd-warehouses-with-high-storage\/\",\"name\":\"WALL PROTECTOR HD+ dans les entrep\u00f4ts avec de grandes surfaces de stockage - Anter System\",\"isPartOf\":{\"@id\":\"https:\/\/antersystem.com\/fr\/#website\"},\"datePublished\":\"2025-01-28T13:41:10+00:00\",\"dateModified\":\"2026-01-30T00:21:57+00:00\",\"description\":\"WALL PROTECTOR HD+ avec barri\u00e8res GB HD+ pour la s\u00e9curit\u00e9 dans les entrep\u00f4ts \u00e0 hauts rayonnages Dans un hall industriel dynamique, o\u00f9 coexistent des\",\"breadcrumb\":{\"@id\":\"https:\/\/antersystem.com\/fr\/case-studies\/wall-protector-hd-warehouses-with-high-storage\/#breadcrumb\"},\"inLanguage\":\"fr-FR\",\"potentialAction\":[{\"@type\":\"ReadAction\",\"target\":[\"https:\/\/antersystem.com\/fr\/case-studies\/wall-protector-hd-warehouses-with-high-storage\/\"]}]},{\"@type\":\"BreadcrumbList\",\"@id\":\"https:\/\/antersystem.com\/fr\/case-studies\/wall-protector-hd-warehouses-with-high-storage\/#breadcrumb\",\"itemListElement\":[{\"@type\":\"ListItem\",\"position\":1,\"name\":\"AnterSystem\",\"item\":\"https:\/\/antersystem.com\/fr\/\"},{\"@type\":\"ListItem\",\"position\":2,\"name\":\"\u00c9tudes de cas\",\"item\":\"https:\/\/antersystem.com\/fr\/case-studies\/\"},{\"@type\":\"ListItem\",\"position\":3,\"name\":\"WALL PROTECTOR HD+ dans les entrep\u00f4ts avec de grandes surfaces de stockage\"}]},{\"@type\":\"WebSite\",\"@id\":\"https:\/\/antersystem.com\/fr\/#website\",\"url\":\"https:\/\/antersystem.com\/fr\/\",\"name\":\"Anter System\",\"description\":\"Jeste\u015bmy polskim producentem elastycznych barier ochronnych wykonywanych z polimerowych tworzyw sztucznych. Na rynku krajowym i zagranicznym dzia\u0142amy od ponad 15 lat dbaj\u0105c o zapewnienie bezpiecze\u0144stwa w zak\u0142adach produkcyjnych, magazynach oraz centrach logistycznych.\",\"potentialAction\":[{\"@type\":\"SearchAction\",\"target\":{\"@type\":\"EntryPoint\",\"urlTemplate\":\"https:\/\/antersystem.com\/fr\/?s={search_term_string}\"},\"query-input\":{\"@type\":\"PropertyValueSpecification\",\"valueRequired\":true,\"valueName\":\"search_term_string\"}}],\"inLanguage\":\"fr-FR\"}]}<\/script>\n<!-- \/ Yoast SEO plugin. -->","yoast_head_json":{"title":"WALL PROTECTOR HD+ dans les entrep\u00f4ts avec de grandes surfaces de stockage - Anter System","description":"WALL PROTECTOR HD+ avec barri\u00e8res GB HD+ pour la s\u00e9curit\u00e9 dans les entrep\u00f4ts \u00e0 hauts rayonnages Dans un hall industriel dynamique, o\u00f9 coexistent des","robots":{"index":"index","follow":"follow","max-snippet":"max-snippet:-1","max-image-preview":"max-image-preview:large","max-video-preview":"max-video-preview:-1"},"canonical":"https:\/\/antersystem.com\/fr\/case-studies\/wall-protector-hd-warehouses-with-high-storage\/","og_locale":"fr_FR","og_type":"article","og_title":"WALL PROTECTOR HD+ dans les entrep\u00f4ts avec de grandes surfaces de stockage - Anter System","og_description":"WALL PROTECTOR HD+ avec barri\u00e8res GB HD+ pour la s\u00e9curit\u00e9 dans les entrep\u00f4ts \u00e0 hauts rayonnages Dans un hall industriel dynamique, o\u00f9 coexistent des","og_url":"https:\/\/antersystem.com\/fr\/case-studies\/wall-protector-hd-warehouses-with-high-storage\/","og_site_name":"Anter System","article_modified_time":"2026-01-30T00:21:57+00:00","twitter_card":"summary_large_image","twitter_misc":{"Dur\u00e9e de lecture estim\u00e9e":"3 minutes"},"schema":{"@context":"https:\/\/schema.org","@graph":[{"@type":"WebPage","@id":"https:\/\/antersystem.com\/fr\/case-studies\/wall-protector-hd-warehouses-with-high-storage\/","url":"https:\/\/antersystem.com\/fr\/case-studies\/wall-protector-hd-warehouses-with-high-storage\/","name":"WALL PROTECTOR HD+ dans les entrep\u00f4ts avec de grandes surfaces de stockage - Anter System","isPartOf":{"@id":"https:\/\/antersystem.com\/fr\/#website"},"datePublished":"2025-01-28T13:41:10+00:00","dateModified":"2026-01-30T00:21:57+00:00","description":"WALL PROTECTOR HD+ avec barri\u00e8res GB HD+ pour la s\u00e9curit\u00e9 dans les entrep\u00f4ts \u00e0 hauts rayonnages Dans un hall industriel dynamique, o\u00f9 coexistent des","breadcrumb":{"@id":"https:\/\/antersystem.com\/fr\/case-studies\/wall-protector-hd-warehouses-with-high-storage\/#breadcrumb"},"inLanguage":"fr-FR","potentialAction":[{"@type":"ReadAction","target":["https:\/\/antersystem.com\/fr\/case-studies\/wall-protector-hd-warehouses-with-high-storage\/"]}]},{"@type":"BreadcrumbList","@id":"https:\/\/antersystem.com\/fr\/case-studies\/wall-protector-hd-warehouses-with-high-storage\/#breadcrumb","itemListElement":[{"@type":"ListItem","position":1,"name":"AnterSystem","item":"https:\/\/antersystem.com\/fr\/"},{"@type":"ListItem","position":2,"name":"\u00c9tudes de cas","item":"https:\/\/antersystem.com\/fr\/case-studies\/"},{"@type":"ListItem","position":3,"name":"WALL PROTECTOR HD+ dans les entrep\u00f4ts avec de grandes surfaces de stockage"}]},{"@type":"WebSite","@id":"https:\/\/antersystem.com\/fr\/#website","url":"https:\/\/antersystem.com\/fr\/","name":"Anter System","description":"Jeste\u015bmy polskim producentem elastycznych barier ochronnych wykonywanych z polimerowych tworzyw sztucznych. Na rynku krajowym i zagranicznym dzia\u0142amy od ponad 15 lat dbaj\u0105c o zapewnienie bezpiecze\u0144stwa w zak\u0142adach produkcyjnych, magazynach oraz centrach logistycznych.","potentialAction":[{"@type":"SearchAction","target":{"@type":"EntryPoint","urlTemplate":"https:\/\/antersystem.com\/fr\/?s={search_term_string}"},"query-input":{"@type":"PropertyValueSpecification","valueRequired":true,"valueName":"search_term_string"}}],"inLanguage":"fr-FR"}]}},"_links":{"self":[{"href":"https:\/\/antersystem.com\/fr\/wp-json\/wp\/v2\/pages\/13126","targetHints":{"allow":["GET"]}}],"collection":[{"href":"https:\/\/antersystem.com\/fr\/wp-json\/wp\/v2\/pages"}],"about":[{"href":"https:\/\/antersystem.com\/fr\/wp-json\/wp\/v2\/types\/page"}],"author":[{"embeddable":true,"href":"https:\/\/antersystem.com\/fr\/wp-json\/wp\/v2\/users\/1"}],"replies":[{"embeddable":true,"href":"https:\/\/antersystem.com\/fr\/wp-json\/wp\/v2\/comments?post=13126"}],"version-history":[{"count":1,"href":"https:\/\/antersystem.com\/fr\/wp-json\/wp\/v2\/pages\/13126\/revisions"}],"predecessor-version":[{"id":13127,"href":"https:\/\/antersystem.com\/fr\/wp-json\/wp\/v2\/pages\/13126\/revisions\/13127"}],"up":[{"embeddable":true,"href":"https:\/\/antersystem.com\/fr\/wp-json\/wp\/v2\/pages\/12644"}],"wp:attachment":[{"href":"https:\/\/antersystem.com\/fr\/wp-json\/wp\/v2\/media?parent=13126"}],"curies":[{"name":"wp","href":"https:\/\/api.w.org\/{rel}","templated":true}]}}