{"id":13178,"date":"2025-06-04T16:04:00","date_gmt":"2025-06-04T14:04:00","guid":{"rendered":"https:\/\/new.antersystem.com\/gold-medal-smart-gate\/"},"modified":"2026-04-16T11:29:57","modified_gmt":"2026-04-16T09:29:57","slug":"gold-medal-smart-gate","status":"publish","type":"page","link":"https:\/\/antersystem.com\/fr\/nouvelles\/gold-medal-smart-gate\/","title":{"rendered":"M\u00e9daille d&rsquo;or pour Smart Gate"},"content":{"rendered":"\n<div class=\"wp-block-columns is-layout-flex wp-container-core-columns-is-layout-9d6595d7 wp-block-columns-is-layout-flex\">\n<div class=\"wp-block-column is-layout-flow wp-block-column-is-layout-flow\">\n<h2 class=\"wp-block-heading\">Notre produit r\u00e9compens\u00e9 par un prix prestigieux<\/h2>\n\n\n\n<div class=\"wp-block-columns is-layout-flex wp-container-core-columns-is-layout-9d6595d7 wp-block-columns-is-layout-flex\">\n<div class=\"wp-block-column is-layout-flow wp-block-column-is-layout-flow\" style=\"flex-basis:10%\"><\/div>\n\n\n\n<div class=\"wp-block-column is-layout-flow wp-block-column-is-layout-flow\">\n<p>Nous sommes fiers d&rsquo;annoncer que l&rsquo;une de nos derni\u00e8res innovations &#8211; la <strong>barri\u00e8re de s\u00e9curit\u00e9 intelligente SGA GATE PROTECTOR (Smart Gate)<\/strong> &#8211; a re\u00e7u la prestigieuse <strong>m\u00e9daille d&rsquo;or du Modernlog 2025<\/strong>. Cette distinction r\u00e9compense les solutions qui apportent une r\u00e9elle valeur ajout\u00e9e \u00e0 l&rsquo;industrie par leur innovation, la qualit\u00e9 de leur conception et leur impact sur la s\u00e9curit\u00e9 au travail. <\/p>\n\n\n\n<h3 class=\"wp-block-heading\">Un prix qui incite \u00e0 la responsabilit\u00e9<\/h3>\n\n\n\n<p>La m\u00e9daille d&rsquo;or, d\u00e9cern\u00e9e par le jury d&rsquo;experts du PSG, est plus qu&rsquo;une reconnaissance symbolique : c&rsquo;est une marque de qualit\u00e9 qui confirme l&rsquo;efficacit\u00e9 et la valeur pratique de la solution r\u00e9compens\u00e9e. Dans la cat\u00e9gorie des produits de s\u00e9curit\u00e9 sur le lieu de travail, le jury a appr\u00e9ci\u00e9 notre portail pour son <strong>int\u00e9gration innovante de la technologie de d\u00e9tection des dangers avec la protection active des utilisateurs<\/strong> dans les zones partag\u00e9es par les pi\u00e9tons et les v\u00e9hicules industriels. <\/p>\n\n\n\n<figure class=\"wp-block-embed is-type-video is-provider-youtube wp-block-embed-youtube wp-embed-aspect-16-9 wp-has-aspect-ratio\"><div class=\"wp-block-embed__wrapper\" style=\"text-align: center;\">\n<iframe loading=\"lazy\" title=\"GATE PROTECTOR with SGA SAFETY GATE WING\" width=\"500\" height=\"281\" src=\"https:\/\/www.youtube.com\/embed\/cdwOuzXI_zU?feature=oembed\" frameborder=\"0\" allow=\"accelerometer; autoplay; clipboard-write; encrypted-media; gyroscope; picture-in-picture; web-share\" referrerpolicy=\"strict-origin-when-cross-origin\" allowfullscreen><\/iframe>\n<\/div><\/figure>\n\n\n<div style=\"height:30px\" aria-hidden=\"true\" class=\"wp-block-spacer\"><\/div>\n\n\n\n<h3 class=\"wp-block-heading\">Qu&rsquo;est-ce qui distingue le SGA GATE PROTECTOR ?<\/h3>\n\n\n\n<p>Le Smart Gate est un syst\u00e8me de s\u00e9curit\u00e9 intelligent et automatique con\u00e7u pour prot\u00e9ger les zones les plus critiques des entrep\u00f4ts, des centres logistiques et des installations industrielles &#8211; l\u00e0 o\u00f9 les chemins pi\u00e9tonniers croisent les itin\u00e9raires des v\u00e9hicules. Ses principales caract\u00e9ristiques sont les suivantes :<\/p>\n\n\n\n<ul class=\"wp-block-list\"><li><strong>Des syst\u00e8mes de d\u00e9tection avanc\u00e9s<\/strong> &#8211; capteurs de mouvement, RFID, technologie UWB et d\u00e9tecteurs laser &#8211; permettent une d\u00e9tection pr\u00e9cise des v\u00e9hicules en approche.<\/li>\n<li><strong>Signalisation lumineuse et sonore active<\/strong> &#8211; les feux d&rsquo;avertissement rouge vif et les alarmes sonores sont clairement visibles et audibles pour les pi\u00e9tons et les op\u00e9rateurs de chariots \u00e9l\u00e9vateurs.<\/li>\n<li><strong>Verrouillage automatique du passage<\/strong> &#8211; lorsqu&rsquo;un v\u00e9hicule est d\u00e9tect\u00e9, le portail se ferme imm\u00e9diatement, \u00e9vitant ainsi les collisions.<\/li>\n<li><strong>Int\u00e9gration transparente \u00e0 l&rsquo;automatisation des b\u00e2timents<\/strong> &#8211; le SGA GATE PROTECTOR peut \u00eatre enti\u00e8rement int\u00e9gr\u00e9 aux syst\u00e8mes du client, prenant en charge la gestion du trafic, de la s\u00e9curit\u00e9 et de l&rsquo;\u00e9vacuation.<\/li>\n<li><strong>Fonction d&rsquo;ouverture automatique<\/strong> &#8211; lorsque la zone est d\u00e9gag\u00e9e, le portail se rouvre automatiquement, ce qui permet de maintenir un flux de travail r\u00e9gulier.<\/li>\n<\/ul>\n\n\n<div style=\"height:30px\" aria-hidden=\"true\" class=\"wp-block-spacer\"><\/div>\n\n\n\n<div class=\"wp-block-media-text is-stacked-on-mobile\" style=\"grid-template-columns:18% auto\"><figure class=\"wp-block-media-text__media\"><img loading=\"lazy\" decoding=\"async\" width=\"683\" height=\"1024\" src=\"https:\/\/antersystem.com\/wp-content\/uploads\/ELASTYCZNA-BARIERA-GATE-PROTECTOR-Z-BRAMKA-SGA2-683x1024.png\" alt=\"\" class=\"wp-image-6000 size-full\" srcset=\"https:\/\/antersystem.com\/wp-content\/uploads\/ELASTYCZNA-BARIERA-GATE-PROTECTOR-Z-BRAMKA-SGA2-683x1024.png 683w, https:\/\/antersystem.com\/wp-content\/uploads\/ELASTYCZNA-BARIERA-GATE-PROTECTOR-Z-BRAMKA-SGA2-200x300.png 200w, https:\/\/antersystem.com\/wp-content\/uploads\/ELASTYCZNA-BARIERA-GATE-PROTECTOR-Z-BRAMKA-SGA2-768x1152.png 768w, https:\/\/antersystem.com\/wp-content\/uploads\/ELASTYCZNA-BARIERA-GATE-PROTECTOR-Z-BRAMKA-SGA2-1024x1536.png 1024w, https:\/\/antersystem.com\/wp-content\/uploads\/ELASTYCZNA-BARIERA-GATE-PROTECTOR-Z-BRAMKA-SGA2-1365x2048.png 1365w, https:\/\/antersystem.com\/wp-content\/uploads\/ELASTYCZNA-BARIERA-GATE-PROTECTOR-Z-BRAMKA-SGA2-450x675.png 450w, https:\/\/antersystem.com\/wp-content\/uploads\/ELASTYCZNA-BARIERA-GATE-PROTECTOR-Z-BRAMKA-SGA2-330x495.png 330w\" sizes=\"auto, (max-width: 683px) 100vw, 683px\" \/><\/figure><div class=\"wp-block-media-text__content\">\n<h3 class=\"wp-block-heading\">Des avantages r\u00e9els &#8211; S\u00e9curit\u00e9, confort et efficacit\u00e9<\/h3>\n\n\n\n<p>La mise en \u0153uvre du SGA GATE PROTECTOR a permis d&rsquo;\u00e9liminer compl\u00e8tement les incidents aux passages \u00e0 niveau les plus dangereux des installations de nos clients. L&rsquo;am\u00e9lioration de la s\u00e9curit\u00e9 se traduit non seulement par la protection de la vie et de la sant\u00e9, mais aussi par un <strong>travail plus concentr\u00e9, plus confiant et plus efficace de l&rsquo;ensemble des \u00e9quipes op\u00e9rationnelles<\/strong>. Les signaux visuels et acoustiques assistent les op\u00e9rateurs, r\u00e9duisant le stress et la n\u00e9cessit\u00e9 d&rsquo;une surveillance constante de l&rsquo;environnement.  <\/p>\n\n\n\n<p>Cette solution a \u00e9t\u00e9 con\u00e7ue dans un souci de flexibilit\u00e9, tant sur le plan technologique que spatial. La barri\u00e8re peut \u00eatre personnalis\u00e9e pour r\u00e9pondre aux exigences sp\u00e9cifiques de l&rsquo;installation, et sa structure modulaire permet une int\u00e9gration facile avec d&rsquo;autres produits de protection Anter System. <\/p>\n<\/div><\/div>\n\n\n\n<div style=\"height:30px\" aria-hidden=\"true\" class=\"wp-block-spacer\"><\/div>\n\n\n\n<h3 class=\"wp-block-heading\">Merci pour cette reconnaissance !<\/h3>\n\n\n\n<p>La m\u00e9daille d&rsquo;or Modernlog 2025 confirme que la voie que nous avons emprunt\u00e9e &#8211; investir dans des <strong>syst\u00e8mes de s\u00e9curit\u00e9 intelligents et automatis\u00e9s<\/strong> &#8211; r\u00e9pond directement aux besoins r\u00e9els du march\u00e9. Nous remercions le jury du concours pour sa confiance, ainsi que nos clients et partenaires qui nous incitent \u00e0 continuer d&rsquo;innover. <\/p>\n\n\n\n<p>Pour en savoir plus sur le SGA GATE PROTECTOR <strong><a href=\"https:\/\/antersystem.com\/produkty\/elastyczna-bariera-gate-protector-with-sga-gate\/\">ici<\/a><\/strong>.<\/p>\n<\/div>\n<\/div>\n<\/div>\n<\/div>\n\n<p><\/p>\n","protected":false},"excerpt":{"rendered":"<p>Notre produit r\u00e9compens\u00e9 par un prix prestigieux Nous sommes fiers d&rsquo;annoncer que l&rsquo;une de nos derni\u00e8res innovations &#8211; la barri\u00e8re de s\u00e9curit\u00e9 intelligente SGA GATE PROTECTOR (Smart Gate) &#8211; a re\u00e7u la prestigieuse m\u00e9daille d&rsquo;or du Modernlog 2025. Cette distinction r\u00e9compense les solutions qui apportent une r\u00e9elle valeur ajout\u00e9e \u00e0 l&rsquo;industrie par leur innovation, la [&hellip;]<\/p>\n","protected":false},"author":11,"featured_media":13180,"parent":30302,"menu_order":0,"comment_status":"closed","ping_status":"closed","template":"","meta":{"inline_featured_image":false,"ngg_post_thumbnail":0,"footnotes":""},"class_list":["post-13178","page","type-page","status-publish","has-post-thumbnail","hentry"],"acf":[],"yoast_head":"<!-- This site is optimized with the Yoast SEO plugin v27.0 - https:\/\/yoast.com\/product\/yoast-seo-wordpress\/ -->\n<title>M\u00e9daille d&#039;or pour Smart Gate - Anter System<\/title>\n<meta name=\"description\" content=\"Le produit intelligent Smart Gate a re\u00e7u la prestigieuse m\u00e9daille d&#039;or lors du salon Modernlog 2025.\" \/>\n<meta name=\"robots\" content=\"index, follow, max-snippet:-1, max-image-preview:large, max-video-preview:-1\" \/>\n<link rel=\"canonical\" href=\"https:\/\/antersystem.com\/fr\/nouvelles\/gold-medal-smart-gate\/\" \/>\n<meta property=\"og:locale\" content=\"fr_FR\" \/>\n<meta property=\"og:type\" content=\"article\" \/>\n<meta property=\"og:title\" content=\"M\u00e9daille d&#039;or pour Smart Gate - Anter System\" \/>\n<meta property=\"og:description\" content=\"Le produit intelligent Smart Gate a re\u00e7u la prestigieuse m\u00e9daille d&#039;or lors du salon Modernlog 2025.\" \/>\n<meta property=\"og:url\" content=\"https:\/\/antersystem.com\/fr\/nouvelles\/gold-medal-smart-gate\/\" \/>\n<meta property=\"og:site_name\" content=\"Anter System\" \/>\n<meta property=\"article:modified_time\" content=\"2026-04-16T09:29:57+00:00\" \/>\n<meta property=\"og:image\" content=\"https:\/\/antersystem.com\/wp-content\/uploads\/gate-protector-medal-1.png\" \/>\n\t<meta property=\"og:image:width\" content=\"1024\" \/>\n\t<meta property=\"og:image:height\" content=\"768\" \/>\n\t<meta property=\"og:image:type\" content=\"image\/png\" \/>\n<meta name=\"twitter:card\" content=\"summary_large_image\" \/>\n<meta name=\"twitter:label1\" content=\"Dur\u00e9e de lecture estim\u00e9e\" \/>\n\t<meta name=\"twitter:data1\" content=\"3 minutes\" \/>\n<script type=\"application\/ld+json\" class=\"yoast-schema-graph\">{\"@context\":\"https:\/\/schema.org\",\"@graph\":[{\"@type\":\"WebPage\",\"@id\":\"https:\/\/antersystem.com\/fr\/nouvelles\/gold-medal-smart-gate\/\",\"url\":\"https:\/\/antersystem.com\/fr\/nouvelles\/gold-medal-smart-gate\/\",\"name\":\"M\u00e9daille d'or pour Smart Gate - Anter System\",\"isPartOf\":{\"@id\":\"https:\/\/antersystem.com\/fr\/#website\"},\"primaryImageOfPage\":{\"@id\":\"https:\/\/antersystem.com\/fr\/nouvelles\/gold-medal-smart-gate\/#primaryimage\"},\"image\":{\"@id\":\"https:\/\/antersystem.com\/fr\/nouvelles\/gold-medal-smart-gate\/#primaryimage\"},\"thumbnailUrl\":\"https:\/\/antersystem.com\/wp-content\/uploads\/gate-protector-medal-1.png\",\"datePublished\":\"2025-06-04T14:04:00+00:00\",\"dateModified\":\"2026-04-16T09:29:57+00:00\",\"description\":\"Le produit intelligent Smart Gate a re\u00e7u la prestigieuse m\u00e9daille d'or lors du salon Modernlog 2025.\",\"breadcrumb\":{\"@id\":\"https:\/\/antersystem.com\/fr\/nouvelles\/gold-medal-smart-gate\/#breadcrumb\"},\"inLanguage\":\"fr-FR\",\"potentialAction\":[{\"@type\":\"ReadAction\",\"target\":[\"https:\/\/antersystem.com\/fr\/nouvelles\/gold-medal-smart-gate\/\"]}]},{\"@type\":\"ImageObject\",\"inLanguage\":\"fr-FR\",\"@id\":\"https:\/\/antersystem.com\/fr\/nouvelles\/gold-medal-smart-gate\/#primaryimage\",\"url\":\"https:\/\/antersystem.com\/wp-content\/uploads\/gate-protector-medal-1.png\",\"contentUrl\":\"https:\/\/antersystem.com\/wp-content\/uploads\/gate-protector-medal-1.png\",\"width\":1024,\"height\":768},{\"@type\":\"BreadcrumbList\",\"@id\":\"https:\/\/antersystem.com\/fr\/nouvelles\/gold-medal-smart-gate\/#breadcrumb\",\"itemListElement\":[{\"@type\":\"ListItem\",\"position\":1,\"name\":\"AnterSystem\",\"item\":\"https:\/\/antersystem.com\/fr\/\"},{\"@type\":\"ListItem\",\"position\":2,\"name\":\"Actualit\u00e9s\",\"item\":\"https:\/\/antersystem.com\/fr\/nouvelles\/\"},{\"@type\":\"ListItem\",\"position\":3,\"name\":\"M\u00e9daille d&rsquo;or pour Smart Gate\"}]},{\"@type\":\"WebSite\",\"@id\":\"https:\/\/antersystem.com\/fr\/#website\",\"url\":\"https:\/\/antersystem.com\/fr\/\",\"name\":\"Anter System\",\"description\":\"Jeste\u015bmy polskim producentem elastycznych barier ochronnych wykonywanych z polimerowych tworzyw sztucznych. Na rynku krajowym i zagranicznym dzia\u0142amy od ponad 15 lat dbaj\u0105c o zapewnienie bezpiecze\u0144stwa w zak\u0142adach produkcyjnych, magazynach oraz centrach logistycznych.\",\"potentialAction\":[{\"@type\":\"SearchAction\",\"target\":{\"@type\":\"EntryPoint\",\"urlTemplate\":\"https:\/\/antersystem.com\/fr\/?s={search_term_string}\"},\"query-input\":{\"@type\":\"PropertyValueSpecification\",\"valueRequired\":true,\"valueName\":\"search_term_string\"}}],\"inLanguage\":\"fr-FR\"}]}<\/script>\n<!-- \/ Yoast SEO plugin. -->","yoast_head_json":{"title":"M\u00e9daille d'or pour Smart Gate - Anter System","description":"Le produit intelligent Smart Gate a re\u00e7u la prestigieuse m\u00e9daille d'or lors du salon Modernlog 2025.","robots":{"index":"index","follow":"follow","max-snippet":"max-snippet:-1","max-image-preview":"max-image-preview:large","max-video-preview":"max-video-preview:-1"},"canonical":"https:\/\/antersystem.com\/fr\/nouvelles\/gold-medal-smart-gate\/","og_locale":"fr_FR","og_type":"article","og_title":"M\u00e9daille d'or pour Smart Gate - Anter System","og_description":"Le produit intelligent Smart Gate a re\u00e7u la prestigieuse m\u00e9daille d'or lors du salon Modernlog 2025.","og_url":"https:\/\/antersystem.com\/fr\/nouvelles\/gold-medal-smart-gate\/","og_site_name":"Anter System","article_modified_time":"2026-04-16T09:29:57+00:00","og_image":[{"width":1024,"height":768,"url":"https:\/\/antersystem.com\/wp-content\/uploads\/gate-protector-medal-1.png","type":"image\/png"}],"twitter_card":"summary_large_image","twitter_misc":{"Dur\u00e9e de lecture estim\u00e9e":"3 minutes"},"schema":{"@context":"https:\/\/schema.org","@graph":[{"@type":"WebPage","@id":"https:\/\/antersystem.com\/fr\/nouvelles\/gold-medal-smart-gate\/","url":"https:\/\/antersystem.com\/fr\/nouvelles\/gold-medal-smart-gate\/","name":"M\u00e9daille d'or pour Smart Gate - Anter System","isPartOf":{"@id":"https:\/\/antersystem.com\/fr\/#website"},"primaryImageOfPage":{"@id":"https:\/\/antersystem.com\/fr\/nouvelles\/gold-medal-smart-gate\/#primaryimage"},"image":{"@id":"https:\/\/antersystem.com\/fr\/nouvelles\/gold-medal-smart-gate\/#primaryimage"},"thumbnailUrl":"https:\/\/antersystem.com\/wp-content\/uploads\/gate-protector-medal-1.png","datePublished":"2025-06-04T14:04:00+00:00","dateModified":"2026-04-16T09:29:57+00:00","description":"Le produit intelligent Smart Gate a re\u00e7u la prestigieuse m\u00e9daille d'or lors du salon Modernlog 2025.","breadcrumb":{"@id":"https:\/\/antersystem.com\/fr\/nouvelles\/gold-medal-smart-gate\/#breadcrumb"},"inLanguage":"fr-FR","potentialAction":[{"@type":"ReadAction","target":["https:\/\/antersystem.com\/fr\/nouvelles\/gold-medal-smart-gate\/"]}]},{"@type":"ImageObject","inLanguage":"fr-FR","@id":"https:\/\/antersystem.com\/fr\/nouvelles\/gold-medal-smart-gate\/#primaryimage","url":"https:\/\/antersystem.com\/wp-content\/uploads\/gate-protector-medal-1.png","contentUrl":"https:\/\/antersystem.com\/wp-content\/uploads\/gate-protector-medal-1.png","width":1024,"height":768},{"@type":"BreadcrumbList","@id":"https:\/\/antersystem.com\/fr\/nouvelles\/gold-medal-smart-gate\/#breadcrumb","itemListElement":[{"@type":"ListItem","position":1,"name":"AnterSystem","item":"https:\/\/antersystem.com\/fr\/"},{"@type":"ListItem","position":2,"name":"Actualit\u00e9s","item":"https:\/\/antersystem.com\/fr\/nouvelles\/"},{"@type":"ListItem","position":3,"name":"M\u00e9daille d&rsquo;or pour Smart Gate"}]},{"@type":"WebSite","@id":"https:\/\/antersystem.com\/fr\/#website","url":"https:\/\/antersystem.com\/fr\/","name":"Anter System","description":"Jeste\u015bmy polskim producentem elastycznych barier ochronnych wykonywanych z polimerowych tworzyw sztucznych. Na rynku krajowym i zagranicznym dzia\u0142amy od ponad 15 lat dbaj\u0105c o zapewnienie bezpiecze\u0144stwa w zak\u0142adach produkcyjnych, magazynach oraz centrach logistycznych.","potentialAction":[{"@type":"SearchAction","target":{"@type":"EntryPoint","urlTemplate":"https:\/\/antersystem.com\/fr\/?s={search_term_string}"},"query-input":{"@type":"PropertyValueSpecification","valueRequired":true,"valueName":"search_term_string"}}],"inLanguage":"fr-FR"}]}},"_links":{"self":[{"href":"https:\/\/antersystem.com\/fr\/wp-json\/wp\/v2\/pages\/13178","targetHints":{"allow":["GET"]}}],"collection":[{"href":"https:\/\/antersystem.com\/fr\/wp-json\/wp\/v2\/pages"}],"about":[{"href":"https:\/\/antersystem.com\/fr\/wp-json\/wp\/v2\/types\/page"}],"author":[{"embeddable":true,"href":"https:\/\/antersystem.com\/fr\/wp-json\/wp\/v2\/users\/11"}],"replies":[{"embeddable":true,"href":"https:\/\/antersystem.com\/fr\/wp-json\/wp\/v2\/comments?post=13178"}],"version-history":[{"count":1,"href":"https:\/\/antersystem.com\/fr\/wp-json\/wp\/v2\/pages\/13178\/revisions"}],"predecessor-version":[{"id":13181,"href":"https:\/\/antersystem.com\/fr\/wp-json\/wp\/v2\/pages\/13178\/revisions\/13181"}],"up":[{"embeddable":true,"href":"https:\/\/antersystem.com\/fr\/wp-json\/wp\/v2\/pages\/30302"}],"wp:featuredmedia":[{"embeddable":true,"href":"https:\/\/antersystem.com\/fr\/wp-json\/wp\/v2\/media\/13180"}],"wp:attachment":[{"href":"https:\/\/antersystem.com\/fr\/wp-json\/wp\/v2\/media?parent=13178"}],"curies":[{"name":"wp","href":"https:\/\/api.w.org\/{rel}","templated":true}]}}