{"id":13211,"date":"2024-04-24T15:59:43","date_gmt":"2024-04-24T13:59:43","guid":{"rendered":"https:\/\/new.antersystem.com\/hygiene-standards\/"},"modified":"2026-01-30T14:29:28","modified_gmt":"2026-01-30T13:29:28","slug":"hygiene-standards","status":"publish","type":"page","link":"https:\/\/antersystem.com\/fr\/nouvelles\/hygiene-standards\/","title":{"rendered":"Normes d&rsquo;hygi\u00e8ne"},"content":{"rendered":"\n<div class=\"wp-block-columns is-layout-flex wp-container-core-columns-is-layout-9d6595d7 wp-block-columns-is-layout-flex\">\n<div class=\"wp-block-column is-layout-flow wp-block-column-is-layout-flow\" style=\"flex-basis:10%\"><\/div>\n\n\n\n<div class=\"wp-block-column is-layout-flow wp-block-column-is-layout-flow\">\n<h2 class=\"wp-block-heading\">Normes d&rsquo;hygi\u00e8ne et adaptation des barri\u00e8res souples \u00e0 diff\u00e9rents environnements de travail<\/h2>\n\n\n\n<p>Les syst\u00e8mes de protection du lieu de travail doivent \u00eatre adapt\u00e9s aux conditions environnementales sp\u00e9cifiques dans lesquelles ils fonctionnent. Lorsqu&rsquo;il s&rsquo;agit de nos <strong>barri\u00e8res polym\u00e8res flexibles<\/strong>, vous verrez souvent la phrase \u00ab\u00a0satisfaire aux exigences sanitaires\u00a0\u00bb &#8211; mais qu&rsquo;est-ce que cela signifie r\u00e9ellement dans la pratique ?<\/p>\n\n\n\n<h3 class=\"wp-block-heading\">Qu&rsquo;est-ce qui d\u00e9termine si une barri\u00e8re de s\u00e9curit\u00e9 r\u00e9pond aux normes d&rsquo;hygi\u00e8ne ?<\/h3>\n\n\n\n<p>Lorsque l&rsquo;on parle de normes sanitaires, on se r\u00e9f\u00e8re le plus souvent aux environnements de production des <strong>industries alimentaires et pharmaceutiques<\/strong>. Un certain nombre de facteurs sont pris en compte pour garantir l&rsquo;hygi\u00e8ne et la s\u00e9curit\u00e9, non seulement des travailleurs, mais aussi des produits manipul\u00e9s. Vous trouverez ci-dessous les principaux aspects qui d\u00e9finissent la s\u00e9curit\u00e9 hygi\u00e9nique des barri\u00e8res de protection :  <\/p>\n\n<p><strong>Nettoyabilit\u00e9 :<\/strong> Les barri\u00e8res de s\u00e9curit\u00e9 doivent \u00eatre faciles \u00e0 nettoyer et \u00e0 d\u00e9sinfecter, avec des surfaces lisses et non poreuses qui n&rsquo;accumulent pas la salet\u00e9 ou les bact\u00e9ries.<\/p>\n<p><strong>Conformit\u00e9 \u00e0 la s\u00e9curit\u00e9 alimentaire :<\/strong> Dans les installations o\u00f9 les barri\u00e8res sont install\u00e9es \u00e0 proximit\u00e9 de zones de transformation des aliments, elles doivent \u00eatre conformes aux r\u00e9glementations en mati\u00e8re de s\u00e9curit\u00e9 alimentaire, telles que l&rsquo;<strong>HACCP<\/strong> et les autres normes sanitaires locales. Les mat\u00e9riaux doivent \u00eatre non toxiques, r\u00e9sistants \u00e0 la corrosion et certifi\u00e9s pour une utilisation dans des environnements hygi\u00e9niques. <\/p>\n<p><strong>R\u00e9sistance aux produits chimiques :<\/strong> Les barri\u00e8res doivent r\u00e9sister \u00e0 l&rsquo;utilisation d&rsquo;agents nettoyants et d\u00e9sinfectants puissants couramment utilis\u00e9s dans le cadre de l&rsquo;entretien de l&rsquo;hygi\u00e8ne industrielle.<\/p>\n<p><strong>R\u00e9sistance \u00e0 l&rsquo;environnement :<\/strong> L&rsquo;humidit\u00e9 \u00e9lev\u00e9e, les changements rapides de temp\u00e9rature ou le gel ne doivent pas affecter l&rsquo;int\u00e9grit\u00e9 structurelle ou les performances des barri\u00e8res.<\/p>\n<p><strong>Certification et conformit\u00e9 :<\/strong> Selon le secteur, les barri\u00e8res de s\u00e9curit\u00e9 souples doivent \u00eatre certifi\u00e9es et test\u00e9es pour confirmer leur conformit\u00e9 aux normes d&rsquo;hygi\u00e8ne nationales et internationales.<\/p>\n\n\n\n<h3 class=\"wp-block-heading\"><strong>Normes accept\u00e9es pour les barri\u00e8res de protection dans les environnements hygi\u00e9niques<\/strong><\/h3>\n\n\n\n<p>Les barri\u00e8res de s\u00e9curit\u00e9 utilis\u00e9es dans les environnements o\u00f9 les aliments sont trait\u00e9s doivent \u00eatre conformes \u00e0 un certain nombre de normes afin de garantir une protection contre la contamination et les risques pour la sant\u00e9. Vous trouverez ci-dessous les principaux cadres r\u00e9gissant cette conformit\u00e9 : <\/p>\n\n\n\n<p><strong>HACCP (Hazard Analysis and Critical Control Points)<\/strong> &#8211; syst\u00e8me de gestion permettant d&rsquo;identifier et de contr\u00f4ler les risques potentiels tout au long du processus de production alimentaire. Les barri\u00e8res souples utilis\u00e9es dans ces installations doivent \u00eatre conformes aux principes HACCP, en veillant \u00e0 ce que leur installation et leurs mat\u00e9riaux n&rsquo;introduisent pas de risques de contamination et qu&rsquo;ils contribuent au maintien de conditions contr\u00f4l\u00e9es et hygi\u00e9niques.<\/p>\n\n\n\n<p><strong>FDA (Food and Drug Administration)<\/strong> &#8211; pour les applications aux \u00c9tats-Unis, les barri\u00e8res doivent \u00eatre conformes aux r\u00e9glementations de la FDA en mati\u00e8re de s\u00e9curit\u00e9 et d&rsquo;hygi\u00e8ne alimentaires. Cela implique l&rsquo;utilisation de mat\u00e9riaux non toxiques, non contaminants et sans danger pour le contact indirect avec les aliments, conform\u00e9ment aux normes f\u00e9d\u00e9rales de l&rsquo;industrie alimentaire. <\/p>\n\n\n\n<p><strong>ISO 22000<\/strong> &#8211; cette norme internationale d\u00e9finit les exigences relatives aux syst\u00e8mes de gestion de la s\u00e9curit\u00e9 des denr\u00e9es alimentaires, garantissant que tous les \u00e9quipements et composants utilis\u00e9s dans les installations de production et de logistique contribuent \u00e0 la s\u00e9curit\u00e9 des pratiques de manipulation des denr\u00e9es alimentaires.<\/p>\n\n\n\n<p><strong>Certifications sp\u00e9cifiques \u00e0 l&rsquo;industrie :<\/strong> Selon le type de production, des certifications suppl\u00e9mentaires peuvent s&rsquo;appliquer &#8211; par exemple, la certification <strong>biologique<\/strong> de l <strong>&lsquo;USDA<\/strong> pour les installations produisant des aliments biologiques, ou d&rsquo;autres approbations locales sp\u00e9cifiques au secteur.<\/p>\n\n\n\n<p><strong>R\u00e9glementations locales et nationales :<\/strong> Chaque pays dispose de ses propres r\u00e9glementations sanitaires et \u00e9pid\u00e9miologiques d\u00e9finissant les exigences en mati\u00e8re d&rsquo;hygi\u00e8ne dans les environnements de production et de transformation des aliments. Les barri\u00e8res doivent \u00eatre conformes \u00e0 ces r\u00e9glementations locales pour \u00eatre l\u00e9galement approuv\u00e9es en vue d&rsquo;une utilisation dans ces installations. <\/p>\n\n\n\n<p>Tous ces facteurs sont essentiels pour maintenir les normes sanitaires les plus \u00e9lev\u00e9es dans les installations de production &#8211; que ce soit dans l&rsquo;industrie alimentaire, pharmaceutique ou chimique &#8211; minimisant ainsi le risque de contamination et prot\u00e9geant la sant\u00e9 des consommateurs.<\/p>\n\n\n\n<p>Les <a href=\"https:\/\/antersystem.com\/nasze-systemy\/\">barri\u00e8res souples d&rsquo;Anter System<\/a> sont con\u00e7ues et fabriqu\u00e9es pour r\u00e9pondre aux normes les plus strictes en mati\u00e8re d&rsquo;hygi\u00e8ne et de s\u00e9curit\u00e9 alimentaire. Elles sont enti\u00e8rement conformes aux exigences de l <strong>&lsquo;HACCP, de la FDA et de la norme ISO 22000<\/strong>. Leur qualit\u00e9 et leur s\u00e9curit\u00e9 sont \u00e9galement v\u00e9rifi\u00e9es par la <strong>certification T\u00dcV Rheinland<\/strong>.<\/p>\n\n\n<div class=\"wp-block-image\">\n<figure class=\"aligncenter size-large is-resized\"><a href=\"https:\/\/antersystem.com\/nasze-systemy\/\"><img loading=\"lazy\" decoding=\"async\" width=\"768\" height=\"1024\" src=\"https:\/\/antersystem.com\/wp-content\/uploads\/mroznia-768x1024.webp\" alt=\"Barri&#xE8;res de s&#xE9;curit&#xE9; flexibles dans les environnements hygi&#xE9;niques\" class=\"wp-image-4652\" style=\"width:462px;height:auto\" srcset=\"https:\/\/antersystem.com\/wp-content\/uploads\/mroznia-768x1024.webp 768w, https:\/\/antersystem.com\/wp-content\/uploads\/mroznia-225x300.webp 225w, https:\/\/antersystem.com\/wp-content\/uploads\/mroznia-450x600.webp 450w, https:\/\/antersystem.com\/wp-content\/uploads\/mroznia-330x440.webp 330w, https:\/\/antersystem.com\/wp-content\/uploads\/mroznia.webp 900w\" sizes=\"auto, (max-width: 768px) 100vw, 768px\" \/><\/a><\/figure><\/div><\/div>\n\n\n\n<div class=\"wp-block-column is-layout-flow wp-block-column-is-layout-flow\" style=\"flex-basis:10%\"><\/div>\n<\/div>\n","protected":false},"excerpt":{"rendered":"<p>Normes d&rsquo;hygi\u00e8ne et adaptation des barri\u00e8res souples \u00e0 diff\u00e9rents environnements de travail Les syst\u00e8mes de protection du lieu de travail doivent \u00eatre adapt\u00e9s aux conditions environnementales sp\u00e9cifiques dans lesquelles ils fonctionnent. Lorsqu&rsquo;il s&rsquo;agit de nos barri\u00e8res polym\u00e8res flexibles, vous verrez souvent la phrase \u00ab\u00a0satisfaire aux exigences sanitaires\u00a0\u00bb &#8211; mais qu&rsquo;est-ce que cela signifie r\u00e9ellement dans [&hellip;]<\/p>\n","protected":false},"author":1,"featured_media":0,"parent":30302,"menu_order":0,"comment_status":"closed","ping_status":"closed","template":"","meta":{"inline_featured_image":false,"ngg_post_thumbnail":0,"footnotes":""},"class_list":["post-13211","page","type-page","status-publish","hentry"],"acf":[],"yoast_head":"<!-- This site is optimized with the Yoast SEO plugin v27.0 - https:\/\/yoast.com\/product\/yoast-seo-wordpress\/ -->\n<title>Normes d&#039;hygi\u00e8ne - Anter System<\/title>\n<meta name=\"description\" content=\"Les solutions de s\u00e9curit\u00e9 sur le lieu de travail d\u00e9pendent des conditions sp\u00e9cifiques de l&#039;environnement. Dans le cas de nos barri\u00e8res flexibles, cela inclut \u00e9galement les normes d&#039;hygi\u00e8ne.\" \/>\n<meta name=\"robots\" content=\"index, follow, max-snippet:-1, max-image-preview:large, max-video-preview:-1\" \/>\n<link rel=\"canonical\" href=\"https:\/\/antersystem.com\/fr\/nouvelles\/hygiene-standards\/\" \/>\n<meta property=\"og:locale\" content=\"fr_FR\" \/>\n<meta property=\"og:type\" content=\"article\" \/>\n<meta property=\"og:title\" content=\"Normes d&#039;hygi\u00e8ne - Anter System\" \/>\n<meta property=\"og:description\" content=\"Les solutions de s\u00e9curit\u00e9 sur le lieu de travail d\u00e9pendent des conditions sp\u00e9cifiques de l&#039;environnement. Dans le cas de nos barri\u00e8res flexibles, cela inclut \u00e9galement les normes d&#039;hygi\u00e8ne.\" \/>\n<meta property=\"og:url\" content=\"https:\/\/antersystem.com\/fr\/nouvelles\/hygiene-standards\/\" \/>\n<meta property=\"og:site_name\" content=\"Anter System\" \/>\n<meta property=\"article:modified_time\" content=\"2026-01-30T13:29:28+00:00\" \/>\n<meta property=\"og:image\" content=\"https:\/\/antersystem.com\/wp-content\/uploads\/mroznia-768x1024.webp\" \/>\n<meta name=\"twitter:card\" content=\"summary_large_image\" \/>\n<meta name=\"twitter:label1\" content=\"Dur\u00e9e de lecture estim\u00e9e\" \/>\n\t<meta name=\"twitter:data1\" content=\"4 minutes\" \/>\n<script type=\"application\/ld+json\" class=\"yoast-schema-graph\">{\"@context\":\"https:\/\/schema.org\",\"@graph\":[{\"@type\":\"WebPage\",\"@id\":\"https:\/\/antersystem.com\/fr\/nouvelles\/hygiene-standards\/\",\"url\":\"https:\/\/antersystem.com\/fr\/nouvelles\/hygiene-standards\/\",\"name\":\"Normes d'hygi\u00e8ne - Anter System\",\"isPartOf\":{\"@id\":\"https:\/\/antersystem.com\/fr\/#website\"},\"primaryImageOfPage\":{\"@id\":\"https:\/\/antersystem.com\/fr\/nouvelles\/hygiene-standards\/#primaryimage\"},\"image\":{\"@id\":\"https:\/\/antersystem.com\/fr\/nouvelles\/hygiene-standards\/#primaryimage\"},\"thumbnailUrl\":\"https:\/\/antersystem.com\/wp-content\/uploads\/mroznia-768x1024.webp\",\"datePublished\":\"2024-04-24T13:59:43+00:00\",\"dateModified\":\"2026-01-30T13:29:28+00:00\",\"description\":\"Les solutions de s\u00e9curit\u00e9 sur le lieu de travail d\u00e9pendent des conditions sp\u00e9cifiques de l'environnement. Dans le cas de nos barri\u00e8res flexibles, cela inclut \u00e9galement les normes d'hygi\u00e8ne.\",\"breadcrumb\":{\"@id\":\"https:\/\/antersystem.com\/fr\/nouvelles\/hygiene-standards\/#breadcrumb\"},\"inLanguage\":\"fr-FR\",\"potentialAction\":[{\"@type\":\"ReadAction\",\"target\":[\"https:\/\/antersystem.com\/fr\/nouvelles\/hygiene-standards\/\"]}]},{\"@type\":\"ImageObject\",\"inLanguage\":\"fr-FR\",\"@id\":\"https:\/\/antersystem.com\/fr\/nouvelles\/hygiene-standards\/#primaryimage\",\"url\":\"https:\/\/antersystem.com\/wp-content\/uploads\/mroznia-768x1024.webp\",\"contentUrl\":\"https:\/\/antersystem.com\/wp-content\/uploads\/mroznia-768x1024.webp\"},{\"@type\":\"BreadcrumbList\",\"@id\":\"https:\/\/antersystem.com\/fr\/nouvelles\/hygiene-standards\/#breadcrumb\",\"itemListElement\":[{\"@type\":\"ListItem\",\"position\":1,\"name\":\"AnterSystem\",\"item\":\"https:\/\/antersystem.com\/fr\/\"},{\"@type\":\"ListItem\",\"position\":2,\"name\":\"Actualit\u00e9s\",\"item\":\"https:\/\/antersystem.com\/fr\/nouvelles\/\"},{\"@type\":\"ListItem\",\"position\":3,\"name\":\"Normes d&#8217;hygi\u00e8ne\"}]},{\"@type\":\"WebSite\",\"@id\":\"https:\/\/antersystem.com\/fr\/#website\",\"url\":\"https:\/\/antersystem.com\/fr\/\",\"name\":\"Anter System\",\"description\":\"Jeste\u015bmy polskim producentem elastycznych barier ochronnych wykonywanych z polimerowych tworzyw sztucznych. Na rynku krajowym i zagranicznym dzia\u0142amy od ponad 15 lat dbaj\u0105c o zapewnienie bezpiecze\u0144stwa w zak\u0142adach produkcyjnych, magazynach oraz centrach logistycznych.\",\"potentialAction\":[{\"@type\":\"SearchAction\",\"target\":{\"@type\":\"EntryPoint\",\"urlTemplate\":\"https:\/\/antersystem.com\/fr\/?s={search_term_string}\"},\"query-input\":{\"@type\":\"PropertyValueSpecification\",\"valueRequired\":true,\"valueName\":\"search_term_string\"}}],\"inLanguage\":\"fr-FR\"}]}<\/script>\n<!-- \/ Yoast SEO plugin. -->","yoast_head_json":{"title":"Normes d'hygi\u00e8ne - Anter System","description":"Les solutions de s\u00e9curit\u00e9 sur le lieu de travail d\u00e9pendent des conditions sp\u00e9cifiques de l'environnement. Dans le cas de nos barri\u00e8res flexibles, cela inclut \u00e9galement les normes d'hygi\u00e8ne.","robots":{"index":"index","follow":"follow","max-snippet":"max-snippet:-1","max-image-preview":"max-image-preview:large","max-video-preview":"max-video-preview:-1"},"canonical":"https:\/\/antersystem.com\/fr\/nouvelles\/hygiene-standards\/","og_locale":"fr_FR","og_type":"article","og_title":"Normes d'hygi\u00e8ne - Anter System","og_description":"Les solutions de s\u00e9curit\u00e9 sur le lieu de travail d\u00e9pendent des conditions sp\u00e9cifiques de l'environnement. Dans le cas de nos barri\u00e8res flexibles, cela inclut \u00e9galement les normes d'hygi\u00e8ne.","og_url":"https:\/\/antersystem.com\/fr\/nouvelles\/hygiene-standards\/","og_site_name":"Anter System","article_modified_time":"2026-01-30T13:29:28+00:00","og_image":[{"url":"https:\/\/antersystem.com\/wp-content\/uploads\/mroznia-768x1024.webp","type":"","width":"","height":""}],"twitter_card":"summary_large_image","twitter_misc":{"Dur\u00e9e de lecture estim\u00e9e":"4 minutes"},"schema":{"@context":"https:\/\/schema.org","@graph":[{"@type":"WebPage","@id":"https:\/\/antersystem.com\/fr\/nouvelles\/hygiene-standards\/","url":"https:\/\/antersystem.com\/fr\/nouvelles\/hygiene-standards\/","name":"Normes d'hygi\u00e8ne - Anter System","isPartOf":{"@id":"https:\/\/antersystem.com\/fr\/#website"},"primaryImageOfPage":{"@id":"https:\/\/antersystem.com\/fr\/nouvelles\/hygiene-standards\/#primaryimage"},"image":{"@id":"https:\/\/antersystem.com\/fr\/nouvelles\/hygiene-standards\/#primaryimage"},"thumbnailUrl":"https:\/\/antersystem.com\/wp-content\/uploads\/mroznia-768x1024.webp","datePublished":"2024-04-24T13:59:43+00:00","dateModified":"2026-01-30T13:29:28+00:00","description":"Les solutions de s\u00e9curit\u00e9 sur le lieu de travail d\u00e9pendent des conditions sp\u00e9cifiques de l'environnement. Dans le cas de nos barri\u00e8res flexibles, cela inclut \u00e9galement les normes d'hygi\u00e8ne.","breadcrumb":{"@id":"https:\/\/antersystem.com\/fr\/nouvelles\/hygiene-standards\/#breadcrumb"},"inLanguage":"fr-FR","potentialAction":[{"@type":"ReadAction","target":["https:\/\/antersystem.com\/fr\/nouvelles\/hygiene-standards\/"]}]},{"@type":"ImageObject","inLanguage":"fr-FR","@id":"https:\/\/antersystem.com\/fr\/nouvelles\/hygiene-standards\/#primaryimage","url":"https:\/\/antersystem.com\/wp-content\/uploads\/mroznia-768x1024.webp","contentUrl":"https:\/\/antersystem.com\/wp-content\/uploads\/mroznia-768x1024.webp"},{"@type":"BreadcrumbList","@id":"https:\/\/antersystem.com\/fr\/nouvelles\/hygiene-standards\/#breadcrumb","itemListElement":[{"@type":"ListItem","position":1,"name":"AnterSystem","item":"https:\/\/antersystem.com\/fr\/"},{"@type":"ListItem","position":2,"name":"Actualit\u00e9s","item":"https:\/\/antersystem.com\/fr\/nouvelles\/"},{"@type":"ListItem","position":3,"name":"Normes d&#8217;hygi\u00e8ne"}]},{"@type":"WebSite","@id":"https:\/\/antersystem.com\/fr\/#website","url":"https:\/\/antersystem.com\/fr\/","name":"Anter System","description":"Jeste\u015bmy polskim producentem elastycznych barier ochronnych wykonywanych z polimerowych tworzyw sztucznych. Na rynku krajowym i zagranicznym dzia\u0142amy od ponad 15 lat dbaj\u0105c o zapewnienie bezpiecze\u0144stwa w zak\u0142adach produkcyjnych, magazynach oraz centrach logistycznych.","potentialAction":[{"@type":"SearchAction","target":{"@type":"EntryPoint","urlTemplate":"https:\/\/antersystem.com\/fr\/?s={search_term_string}"},"query-input":{"@type":"PropertyValueSpecification","valueRequired":true,"valueName":"search_term_string"}}],"inLanguage":"fr-FR"}]}},"_links":{"self":[{"href":"https:\/\/antersystem.com\/fr\/wp-json\/wp\/v2\/pages\/13211","targetHints":{"allow":["GET"]}}],"collection":[{"href":"https:\/\/antersystem.com\/fr\/wp-json\/wp\/v2\/pages"}],"about":[{"href":"https:\/\/antersystem.com\/fr\/wp-json\/wp\/v2\/types\/page"}],"author":[{"embeddable":true,"href":"https:\/\/antersystem.com\/fr\/wp-json\/wp\/v2\/users\/1"}],"replies":[{"embeddable":true,"href":"https:\/\/antersystem.com\/fr\/wp-json\/wp\/v2\/comments?post=13211"}],"version-history":[{"count":1,"href":"https:\/\/antersystem.com\/fr\/wp-json\/wp\/v2\/pages\/13211\/revisions"}],"predecessor-version":[{"id":13215,"href":"https:\/\/antersystem.com\/fr\/wp-json\/wp\/v2\/pages\/13211\/revisions\/13215"}],"up":[{"embeddable":true,"href":"https:\/\/antersystem.com\/fr\/wp-json\/wp\/v2\/pages\/30302"}],"wp:attachment":[{"href":"https:\/\/antersystem.com\/fr\/wp-json\/wp\/v2\/media?parent=13211"}],"curies":[{"name":"wp","href":"https:\/\/api.w.org\/{rel}","templated":true}]}}