{"id":13337,"date":"2024-04-12T12:31:12","date_gmt":"2024-04-12T10:31:12","guid":{"rendered":"https:\/\/new.antersystem.com\/gold-medal-traffic-dock-gate\/"},"modified":"2026-01-30T14:29:28","modified_gmt":"2026-01-30T13:29:28","slug":"gold-medal-traffic-dock-gate","status":"publish","type":"page","link":"https:\/\/antersystem.com\/fr\/nouvelles\/gold-medal-traffic-dock-gate\/","title":{"rendered":"M\u00e9daille d&rsquo;or pour le portique de quai de circulation"},"content":{"rendered":"\n<div class=\"wp-block-columns is-layout-flex wp-container-core-columns-is-layout-9d6595d7 wp-block-columns-is-layout-flex\">\n<div class=\"wp-block-column is-layout-flow wp-block-column-is-layout-flow\" style=\"flex-basis:10%\"><\/div>\n\n\n\n<div class=\"wp-block-column is-layout-flow wp-block-column-is-layout-flow\">\n<h3 class=\"wp-block-heading\">M\u00e9daille d&rsquo;or pour la porte de quai \u00e0 circulation automatique<\/h3>\n\n\n\n<p>La <strong>m\u00e9daille d&rsquo;or<\/strong> est une r\u00e9compense prestigieuse d\u00e9cern\u00e9e lors de foires industrielles, notamment la <strong>foire commerciale de la SAWO<\/strong>. Elle r\u00e9compense l&rsquo;<strong>innovation, la qualit\u00e9 et la valeur des produits<\/strong> et services pr\u00e9sent\u00e9s lors de l&rsquo;\u00e9v\u00e9nement. Le concours de la m\u00e9daille d&rsquo;or offre aux exposants une occasion unique de pr\u00e9senter leurs derni\u00e8res solutions et d&rsquo;\u00eatre reconnus par leurs clients et partenaires commerciaux.  <\/p>\n\n\n\n<p>L&rsquo;un des laur\u00e9ats de la m\u00e9daille d&rsquo;or de cette ann\u00e9e est notre <strong><a href=\"https:\/\/antersystem.com\/fr\/produits\/traffic-dock-gate\/bramka-dock-gate-3-2\/\">Porte de quai \u00e0 circulation automatique R2<\/a><\/strong>. Cette solution innovante garantit une manutention s\u00fbre et efficace des marchandises dans les zones de chargement, les zones de stockage et les entrep\u00f4ts. La porte est dot\u00e9e de fonctions d&rsquo;automatisation avanc\u00e9es, permettant des op\u00e9rations de chargement et de d\u00e9chargement rapides et sans heurts, dans des conditions de travail s\u00fbres. Sa conception progressiste et son application pratique ont \u00e9t\u00e9 des facteurs cl\u00e9s qui ont contribu\u00e9 \u00e0 la distinction de la m\u00e9daille d&rsquo;or lors du salon SAWO.<\/p>\n\n\n\n<figure class=\"wp-block-gallery has-nested-images columns-default is-cropped wp-block-gallery-1 is-layout-flex wp-block-gallery-is-layout-flex\">\n<figure class=\"wp-block-image size-large\"><img loading=\"lazy\" decoding=\"async\" width=\"720\" height=\"480\" data-id=\"4584\" src=\"https:\/\/antersystem.com\/wp-content\/uploads\/2024_SAWO-Anter-System.webp\" alt=\"photo de la prestigieuse m&#xE9;daille d'or d&#xE9;cern&#xE9;e lors de la foire de la SAWO\" class=\"wp-image-4584\" srcset=\"https:\/\/antersystem.com\/wp-content\/uploads\/2024_SAWO-Anter-System.webp 720w, https:\/\/antersystem.com\/wp-content\/uploads\/2024_SAWO-Anter-System-300x200.webp 300w, https:\/\/antersystem.com\/wp-content\/uploads\/2024_SAWO-Anter-System-450x300.webp 450w, https:\/\/antersystem.com\/wp-content\/uploads\/2024_SAWO-Anter-System-330x220.webp 330w\" sizes=\"auto, (max-width: 720px) 100vw, 720px\" \/><\/figure>\n\n\n<figure class=\"wp-block-image size-large\"><img loading=\"lazy\" decoding=\"async\" width=\"720\" height=\"480\" data-id=\"4585\" src=\"https:\/\/antersystem.com\/wp-content\/uploads\/2024-SAWO-Anter-System.webp\" alt=\"Photo montrant le PDG d'Anter System recevant la m&#xE9;daille d'or au salon SAWO\" class=\"wp-image-4585\" srcset=\"https:\/\/antersystem.com\/wp-content\/uploads\/2024-SAWO-Anter-System.webp 720w, https:\/\/antersystem.com\/wp-content\/uploads\/2024-SAWO-Anter-System-300x200.webp 300w, https:\/\/antersystem.com\/wp-content\/uploads\/2024-SAWO-Anter-System-450x300.webp 450w, https:\/\/antersystem.com\/wp-content\/uploads\/2024-SAWO-Anter-System-330x220.webp 330w\" sizes=\"auto, (max-width: 720px) 100vw, 720px\" \/><\/figure><\/figure>\n\n\n\n<p>Le <strong>Traffic Dock Gate R2<\/strong> a \u00e9t\u00e9 con\u00e7u pour <strong>prot\u00e9ger les portes des quais de chargement et les quais<\/strong>, servant de barri\u00e8re fiable contre les mouvements incontr\u00f4l\u00e9s de v\u00e9hicules. Elle est tr\u00e8s <strong>r\u00e9sistante aux chocs<\/strong>, notamment en cas de contact avec un chariot \u00e9l\u00e9vateur. Le mat\u00e9riau polym\u00e8re flexible permet aux profils de la barri\u00e8re de se plier, d&rsquo;absorber l&rsquo;\u00e9nergie de l&rsquo;impact et de reprendre leur forme initiale. Cela permet non seulement de <strong>minimiser les risques de blessures et de dommages dus aux collisions<\/strong> pour les travailleurs, mais aussi de r\u00e9duire le choc subi par le conducteur du chariot \u00e9l\u00e9vateur. En outre, les syst\u00e8mes de contr\u00f4le de la barri\u00e8re peuvent \u00eatre int\u00e9gr\u00e9s \u00e0 l&rsquo;automatisation existante du b\u00e2timent pour une efficacit\u00e9 et une facilit\u00e9 d&rsquo;utilisation accrues.    <\/p>\n\n\n\n<div class=\"wp-block-group is-nowrap is-layout-flex wp-container-core-group-is-layout-ad2f72ca wp-block-group-is-layout-flex\">\n<p>La <strong>TRAFFIC DOCK GATE R2<\/strong> est dot\u00e9e d&rsquo;un <strong>syst\u00e8me de levage\/abaissement automatique<\/strong> et peut \u00e9mettre des <strong>alertes sonores et visuelles<\/strong> pour pr\u00e9venir de l&rsquo;augmentation des risques dans les zones dangereuses. Une option disponible est un <strong>syst\u00e8me de d\u00e9tection des v\u00e9hicules<\/strong> qui verrouille automatiquement le portail lorsque des chariots \u00e9l\u00e9vateurs ou des v\u00e9hicules de transport se trouvent \u00e0 proximit\u00e9. Il peut \u00e9galement \u00eatre <strong>int\u00e9gr\u00e9 au syst\u00e8me de gestion du b\u00e2timent (BMS)<\/strong>, qui ouvre automatiquement le portail en cas d&rsquo;incendie, cr\u00e9ant ainsi des voies d&rsquo;\u00e9vacuation s\u00fbres.  <\/p>\n<\/div>\n\n\n\n<p>La <strong>marque Anter System<\/strong> propose une gamme d&rsquo;options de contr\u00f4le pour la TRAFFIC DOCK GATE R2, notamment la commande \u00e0 distance, les syst\u00e8mes de cartes d&rsquo;acc\u00e8s, les capteurs de mouvement, les boutons-poussoirs manuels et l&rsquo;int\u00e9gration avec les syst\u00e8mes des clients. Le mat\u00e9riau polym\u00e8re flexible garantit non seulement une grande durabilit\u00e9, mais aussi une <strong>compatibilit\u00e9 modulaire<\/strong> avec d&rsquo;autres produits de protection d&rsquo;Anter System, tels que les barri\u00e8res pi\u00e9tonnes flexibles. <\/p>\n\n\n<div class=\"wp-block-image\">\n<figure class=\"aligncenter size-large is-resized\"><img loading=\"lazy\" decoding=\"async\" width=\"758\" height=\"1024\" src=\"https:\/\/antersystem.com\/wp-content\/uploads\/Zloty-medal-dla-automatycznej-bramki-Traffic-Dock-Gate-758x1024.webp\" alt=\"La TRAFFICIC GATE R2 re&#xE7;oit la m&#xE9;daille d'or &#xE0; la SAWO\" class=\"wp-image-4538\" style=\"width:414px;height:auto\" srcset=\"https:\/\/antersystem.com\/wp-content\/uploads\/Zloty-medal-dla-automatycznej-bramki-Traffic-Dock-Gate-758x1024.webp 758w, https:\/\/antersystem.com\/wp-content\/uploads\/Zloty-medal-dla-automatycznej-bramki-Traffic-Dock-Gate-222x300.webp 222w, https:\/\/antersystem.com\/wp-content\/uploads\/Zloty-medal-dla-automatycznej-bramki-Traffic-Dock-Gate-768x1037.webp 768w, https:\/\/antersystem.com\/wp-content\/uploads\/Zloty-medal-dla-automatycznej-bramki-Traffic-Dock-Gate-1137x1536.webp 1137w, https:\/\/antersystem.com\/wp-content\/uploads\/Zloty-medal-dla-automatycznej-bramki-Traffic-Dock-Gate-450x608.webp 450w, https:\/\/antersystem.com\/wp-content\/uploads\/Zloty-medal-dla-automatycznej-bramki-Traffic-Dock-Gate-330x446.webp 330w, https:\/\/antersystem.com\/wp-content\/uploads\/Zloty-medal-dla-automatycznej-bramki-Traffic-Dock-Gate.webp 1164w\" sizes=\"auto, (max-width: 758px) 100vw, 758px\" \/><\/figure><\/div><\/div>\n\n\n\n<div class=\"wp-block-column is-layout-flow wp-block-column-is-layout-flow\" style=\"flex-basis:10%\"><\/div>\n<\/div>\n","protected":false},"excerpt":{"rendered":"<p>M\u00e9daille d&rsquo;or pour la porte de quai \u00e0 circulation automatique La m\u00e9daille d&rsquo;or est une r\u00e9compense prestigieuse d\u00e9cern\u00e9e lors de foires industrielles, notamment la foire commerciale de la SAWO. Elle r\u00e9compense l&rsquo;innovation, la qualit\u00e9 et la valeur des produits et services pr\u00e9sent\u00e9s lors de l&rsquo;\u00e9v\u00e9nement. Le concours de la m\u00e9daille d&rsquo;or offre aux exposants une [&hellip;]<\/p>\n","protected":false},"author":1,"featured_media":0,"parent":30302,"menu_order":0,"comment_status":"closed","ping_status":"closed","template":"","meta":{"inline_featured_image":false,"ngg_post_thumbnail":0,"footnotes":""},"class_list":["post-13337","page","type-page","status-publish","hentry"],"acf":[],"yoast_head":"<!-- This site is optimized with the Yoast SEO plugin v27.0 - https:\/\/yoast.com\/product\/yoast-seo-wordpress\/ -->\n<title>M\u00e9daille d&#039;or pour le portique de quai de circulation - Anter System<\/title>\n<meta name=\"description\" content=\"M\u00e9daille d&#039;or pour la porte de quai \u00e0 circulation automatique La m\u00e9daille d&#039;or est une r\u00e9compense prestigieuse d\u00e9cern\u00e9e lors de foires industrielles,\" \/>\n<meta name=\"robots\" content=\"index, follow, max-snippet:-1, max-image-preview:large, max-video-preview:-1\" \/>\n<link rel=\"canonical\" href=\"https:\/\/antersystem.com\/fr\/nouvelles\/gold-medal-traffic-dock-gate\/\" \/>\n<meta property=\"og:locale\" content=\"fr_FR\" \/>\n<meta property=\"og:type\" content=\"article\" \/>\n<meta property=\"og:title\" content=\"M\u00e9daille d&#039;or pour le portique de quai de circulation - Anter System\" \/>\n<meta property=\"og:description\" content=\"M\u00e9daille d&#039;or pour la porte de quai \u00e0 circulation automatique La m\u00e9daille d&#039;or est une r\u00e9compense prestigieuse d\u00e9cern\u00e9e lors de foires industrielles,\" \/>\n<meta property=\"og:url\" content=\"https:\/\/antersystem.com\/fr\/nouvelles\/gold-medal-traffic-dock-gate\/\" \/>\n<meta property=\"og:site_name\" content=\"Anter System\" \/>\n<meta property=\"article:modified_time\" content=\"2026-01-30T13:29:28+00:00\" \/>\n<meta property=\"og:image\" content=\"https:\/\/antersystem.com\/wp-content\/uploads\/2024_SAWO-Anter-System.webp\" \/>\n<meta name=\"twitter:card\" content=\"summary_large_image\" \/>\n<meta name=\"twitter:label1\" content=\"Dur\u00e9e de lecture estim\u00e9e\" \/>\n\t<meta name=\"twitter:data1\" content=\"3 minutes\" \/>\n<script type=\"application\/ld+json\" class=\"yoast-schema-graph\">{\"@context\":\"https:\/\/schema.org\",\"@graph\":[{\"@type\":\"WebPage\",\"@id\":\"https:\/\/antersystem.com\/fr\/nouvelles\/gold-medal-traffic-dock-gate\/\",\"url\":\"https:\/\/antersystem.com\/fr\/nouvelles\/gold-medal-traffic-dock-gate\/\",\"name\":\"M\u00e9daille d'or pour le portique de quai de circulation - Anter System\",\"isPartOf\":{\"@id\":\"https:\/\/antersystem.com\/fr\/#website\"},\"primaryImageOfPage\":{\"@id\":\"https:\/\/antersystem.com\/fr\/nouvelles\/gold-medal-traffic-dock-gate\/#primaryimage\"},\"image\":{\"@id\":\"https:\/\/antersystem.com\/fr\/nouvelles\/gold-medal-traffic-dock-gate\/#primaryimage\"},\"thumbnailUrl\":\"https:\/\/antersystem.com\/wp-content\/uploads\/2024_SAWO-Anter-System.webp\",\"datePublished\":\"2024-04-12T10:31:12+00:00\",\"dateModified\":\"2026-01-30T13:29:28+00:00\",\"description\":\"M\u00e9daille d'or pour la porte de quai \u00e0 circulation automatique La m\u00e9daille d'or est une r\u00e9compense prestigieuse d\u00e9cern\u00e9e lors de foires industrielles,\",\"breadcrumb\":{\"@id\":\"https:\/\/antersystem.com\/fr\/nouvelles\/gold-medal-traffic-dock-gate\/#breadcrumb\"},\"inLanguage\":\"fr-FR\",\"potentialAction\":[{\"@type\":\"ReadAction\",\"target\":[\"https:\/\/antersystem.com\/fr\/nouvelles\/gold-medal-traffic-dock-gate\/\"]}]},{\"@type\":\"ImageObject\",\"inLanguage\":\"fr-FR\",\"@id\":\"https:\/\/antersystem.com\/fr\/nouvelles\/gold-medal-traffic-dock-gate\/#primaryimage\",\"url\":\"https:\/\/antersystem.com\/wp-content\/uploads\/2024_SAWO-Anter-System.webp\",\"contentUrl\":\"https:\/\/antersystem.com\/wp-content\/uploads\/2024_SAWO-Anter-System.webp\"},{\"@type\":\"BreadcrumbList\",\"@id\":\"https:\/\/antersystem.com\/fr\/nouvelles\/gold-medal-traffic-dock-gate\/#breadcrumb\",\"itemListElement\":[{\"@type\":\"ListItem\",\"position\":1,\"name\":\"AnterSystem\",\"item\":\"https:\/\/antersystem.com\/fr\/\"},{\"@type\":\"ListItem\",\"position\":2,\"name\":\"Actualit\u00e9s\",\"item\":\"https:\/\/antersystem.com\/fr\/nouvelles\/\"},{\"@type\":\"ListItem\",\"position\":3,\"name\":\"M\u00e9daille d&#8217;or pour le portique de quai de circulation\"}]},{\"@type\":\"WebSite\",\"@id\":\"https:\/\/antersystem.com\/fr\/#website\",\"url\":\"https:\/\/antersystem.com\/fr\/\",\"name\":\"Anter System\",\"description\":\"Jeste\u015bmy polskim producentem elastycznych barier ochronnych wykonywanych z polimerowych tworzyw sztucznych. Na rynku krajowym i zagranicznym dzia\u0142amy od ponad 15 lat dbaj\u0105c o zapewnienie bezpiecze\u0144stwa w zak\u0142adach produkcyjnych, magazynach oraz centrach logistycznych.\",\"potentialAction\":[{\"@type\":\"SearchAction\",\"target\":{\"@type\":\"EntryPoint\",\"urlTemplate\":\"https:\/\/antersystem.com\/fr\/?s={search_term_string}\"},\"query-input\":{\"@type\":\"PropertyValueSpecification\",\"valueRequired\":true,\"valueName\":\"search_term_string\"}}],\"inLanguage\":\"fr-FR\"}]}<\/script>\n<!-- \/ Yoast SEO plugin. -->","yoast_head_json":{"title":"M\u00e9daille d'or pour le portique de quai de circulation - Anter System","description":"M\u00e9daille d'or pour la porte de quai \u00e0 circulation automatique La m\u00e9daille d'or est une r\u00e9compense prestigieuse d\u00e9cern\u00e9e lors de foires industrielles,","robots":{"index":"index","follow":"follow","max-snippet":"max-snippet:-1","max-image-preview":"max-image-preview:large","max-video-preview":"max-video-preview:-1"},"canonical":"https:\/\/antersystem.com\/fr\/nouvelles\/gold-medal-traffic-dock-gate\/","og_locale":"fr_FR","og_type":"article","og_title":"M\u00e9daille d'or pour le portique de quai de circulation - Anter System","og_description":"M\u00e9daille d'or pour la porte de quai \u00e0 circulation automatique La m\u00e9daille d'or est une r\u00e9compense prestigieuse d\u00e9cern\u00e9e lors de foires industrielles,","og_url":"https:\/\/antersystem.com\/fr\/nouvelles\/gold-medal-traffic-dock-gate\/","og_site_name":"Anter System","article_modified_time":"2026-01-30T13:29:28+00:00","og_image":[{"url":"https:\/\/antersystem.com\/wp-content\/uploads\/2024_SAWO-Anter-System.webp","type":"","width":"","height":""}],"twitter_card":"summary_large_image","twitter_misc":{"Dur\u00e9e de lecture estim\u00e9e":"3 minutes"},"schema":{"@context":"https:\/\/schema.org","@graph":[{"@type":"WebPage","@id":"https:\/\/antersystem.com\/fr\/nouvelles\/gold-medal-traffic-dock-gate\/","url":"https:\/\/antersystem.com\/fr\/nouvelles\/gold-medal-traffic-dock-gate\/","name":"M\u00e9daille d'or pour le portique de quai de circulation - Anter System","isPartOf":{"@id":"https:\/\/antersystem.com\/fr\/#website"},"primaryImageOfPage":{"@id":"https:\/\/antersystem.com\/fr\/nouvelles\/gold-medal-traffic-dock-gate\/#primaryimage"},"image":{"@id":"https:\/\/antersystem.com\/fr\/nouvelles\/gold-medal-traffic-dock-gate\/#primaryimage"},"thumbnailUrl":"https:\/\/antersystem.com\/wp-content\/uploads\/2024_SAWO-Anter-System.webp","datePublished":"2024-04-12T10:31:12+00:00","dateModified":"2026-01-30T13:29:28+00:00","description":"M\u00e9daille d'or pour la porte de quai \u00e0 circulation automatique La m\u00e9daille d'or est une r\u00e9compense prestigieuse d\u00e9cern\u00e9e lors de foires industrielles,","breadcrumb":{"@id":"https:\/\/antersystem.com\/fr\/nouvelles\/gold-medal-traffic-dock-gate\/#breadcrumb"},"inLanguage":"fr-FR","potentialAction":[{"@type":"ReadAction","target":["https:\/\/antersystem.com\/fr\/nouvelles\/gold-medal-traffic-dock-gate\/"]}]},{"@type":"ImageObject","inLanguage":"fr-FR","@id":"https:\/\/antersystem.com\/fr\/nouvelles\/gold-medal-traffic-dock-gate\/#primaryimage","url":"https:\/\/antersystem.com\/wp-content\/uploads\/2024_SAWO-Anter-System.webp","contentUrl":"https:\/\/antersystem.com\/wp-content\/uploads\/2024_SAWO-Anter-System.webp"},{"@type":"BreadcrumbList","@id":"https:\/\/antersystem.com\/fr\/nouvelles\/gold-medal-traffic-dock-gate\/#breadcrumb","itemListElement":[{"@type":"ListItem","position":1,"name":"AnterSystem","item":"https:\/\/antersystem.com\/fr\/"},{"@type":"ListItem","position":2,"name":"Actualit\u00e9s","item":"https:\/\/antersystem.com\/fr\/nouvelles\/"},{"@type":"ListItem","position":3,"name":"M\u00e9daille d&#8217;or pour le portique de quai de circulation"}]},{"@type":"WebSite","@id":"https:\/\/antersystem.com\/fr\/#website","url":"https:\/\/antersystem.com\/fr\/","name":"Anter System","description":"Jeste\u015bmy polskim producentem elastycznych barier ochronnych wykonywanych z polimerowych tworzyw sztucznych. Na rynku krajowym i zagranicznym dzia\u0142amy od ponad 15 lat dbaj\u0105c o zapewnienie bezpiecze\u0144stwa w zak\u0142adach produkcyjnych, magazynach oraz centrach logistycznych.","potentialAction":[{"@type":"SearchAction","target":{"@type":"EntryPoint","urlTemplate":"https:\/\/antersystem.com\/fr\/?s={search_term_string}"},"query-input":{"@type":"PropertyValueSpecification","valueRequired":true,"valueName":"search_term_string"}}],"inLanguage":"fr-FR"}]}},"_links":{"self":[{"href":"https:\/\/antersystem.com\/fr\/wp-json\/wp\/v2\/pages\/13337","targetHints":{"allow":["GET"]}}],"collection":[{"href":"https:\/\/antersystem.com\/fr\/wp-json\/wp\/v2\/pages"}],"about":[{"href":"https:\/\/antersystem.com\/fr\/wp-json\/wp\/v2\/types\/page"}],"author":[{"embeddable":true,"href":"https:\/\/antersystem.com\/fr\/wp-json\/wp\/v2\/users\/1"}],"replies":[{"embeddable":true,"href":"https:\/\/antersystem.com\/fr\/wp-json\/wp\/v2\/comments?post=13337"}],"version-history":[{"count":1,"href":"https:\/\/antersystem.com\/fr\/wp-json\/wp\/v2\/pages\/13337\/revisions"}],"predecessor-version":[{"id":13340,"href":"https:\/\/antersystem.com\/fr\/wp-json\/wp\/v2\/pages\/13337\/revisions\/13340"}],"up":[{"embeddable":true,"href":"https:\/\/antersystem.com\/fr\/wp-json\/wp\/v2\/pages\/30302"}],"wp:attachment":[{"href":"https:\/\/antersystem.com\/fr\/wp-json\/wp\/v2\/media?parent=13337"}],"curies":[{"name":"wp","href":"https:\/\/api.w.org\/{rel}","templated":true}]}}