{"id":15359,"date":"2023-10-16T15:46:15","date_gmt":"2023-10-16T13:46:15","guid":{"rendered":"https:\/\/new.antersystem.com\/what-are-barriers-made-of\/"},"modified":"2026-01-30T14:29:28","modified_gmt":"2026-01-30T13:29:28","slug":"what-are-barriers-made-of","status":"publish","type":"page","link":"https:\/\/antersystem.com\/fr\/nouvelles\/what-are-barriers-made-of\/","title":{"rendered":"De quoi sont faites nos barri\u00e8res ?"},"content":{"rendered":"\n<div class=\"wp-block-columns is-layout-flex wp-container-core-columns-is-layout-9d6595d7 wp-block-columns-is-layout-flex\">\n  \n  <div class=\"wp-block-column is-layout-flow wp-block-column-is-layout-flow\" style=\"flex-basis:10%\"><\/div>\n  \n\n  \n  <div class=\"wp-block-column is-layout-flow wp-block-column-is-layout-flow\">\n    \n    <h3 class=\"wp-block-heading\"><strong>i-PLAST et ERTAX<\/strong><\/h3>\n    \n\n    \n    <p>Nous concevons et fabriquons des barri\u00e8res de s\u00e9curit\u00e9 innovantes en utilisant nos mat\u00e9riaux brevet\u00e9s : <strong>i-PLAST<\/strong> et <strong>ERTAX<\/strong>.<\/p>\n    \n\n    \n    <p>Le <strong>compos\u00e9 i-PLAST<\/strong> est un mat\u00e9riau technique renforc\u00e9 \u00e0 base de polym\u00e8res. Il permet de produire des barres d&rsquo;une \u00e9paisseur et d&rsquo;une g\u00e9om\u00e9trie jusqu&rsquo;alors inaccessibles. <strong>i-PLAST est totalement r\u00e9sistant au feu, non toxique et enti\u00e8rement conforme aux normes HACCP<\/strong>, ce qui en fait un produit id\u00e9al pour les entreprises soumises \u00e0 des r\u00e9glementations strictes en mati\u00e8re d&rsquo;hygi\u00e8ne.<\/p>\n    \n\n    \n    <p>Les barri\u00e8res extrud\u00e9es \u00e0 partir de ce compos\u00e9 pr\u00e9sentent une <strong>r\u00e9sistance<\/strong> exceptionnelle <strong>aux conditions climatiques (exposition aux UV, gel) et \u00e0 la corrosion<\/strong>, ce qui les rend aptes \u00e0 \u00eatre install\u00e9es aussi bien \u00e0 l&rsquo;int\u00e9rieur qu&rsquo;\u00e0 l&rsquo;ext\u00e9rieur. Les profils sont creux, ce qui permet aux barri\u00e8res d&rsquo;absorber l&rsquo;\u00e9nergie de l&rsquo;impact et de la disperser efficacement. Une fois la pression rel\u00e2ch\u00e9e, ils reprennent leur forme initiale. Ils conservent leur structure m\u00eame apr\u00e8s des collisions avec des chariots \u00e9l\u00e9vateurs, prot\u00e9geant \u00e0 la fois le sol au point d&rsquo;installation et la structure du b\u00e2timent.<\/p>\n    \n\n    \n    <p>Le <strong>compos\u00e9 ERTAX<\/strong> est un mat\u00e9riau techno-plastique innovant de notre propre formulation qui fait preuve d&rsquo;une <strong>grande flexibilit\u00e9 m\u00e9canique<\/strong>. Il est non toxique et conforme aux normes HACCP. La surface ne subit aucun traitement pr\u00e9alable, ce qui garantit une durabilit\u00e9 \u00e0 long terme et une esth\u00e9tique constante dans le temps.<\/p>\n    \n\n    \n    <p>Les barri\u00e8res sont fabriqu\u00e9es \u00e0 partir de plaques semi-transform\u00e9es \u00e0 haute compression. Leur g\u00e9om\u00e9trie brevet\u00e9e <strong>assure une performance dynamique en cas d&rsquo;impact et une d\u00e9formation contr\u00f4l\u00e9e.<\/strong><\/p>\n    \n\n    \n    <p><strong>Tous les produits sont test\u00e9s par le T\u00dcV Rheinland<\/strong> et ont re\u00e7u une certification de s\u00e9curit\u00e9. <a href=\"https:\/\/antersystem.com\/o-naszej-firmie\/\">Ils sont soumis \u00e0 des inspections de production annuelles afin de garantir des performances constantes et de qualit\u00e9 sup\u00e9rieure.<\/a><\/p>\n    \n\n    \n<div data-video-id=\"\" class='wp-block-html5-player-video html5_video_players' class=\"wp-block-html5-player-video\" data-nonce=\"93a13dc457\" data-attributes=\"{&quot;source&quot;:&quot;https:\\\/\\\/antersystem.com\\\/wp-content\\\/uploads\\\/AnterSystem_animacja.mp4&quot;,&quot;provider&quot;:&quot;self-hosted&quot;,&quot;imported&quot;:false,&quot;poster&quot;:&quot;&quot;,&quot;options&quot;:{&quot;controls&quot;:[&quot;play-large&quot;,&quot;play&quot;,&quot;progress&quot;,&quot;current-time&quot;,&quot;mute&quot;,&quot;volume&quot;,&quot;captions&quot;,&quot;settings&quot;,&quot;airplay&quot;,&quot;fullscreen&quot;],&quot;settings&quot;:[&quot;captions&quot;,&quot;quality&quot;,&quot;speed&quot;,&quot;loop&quot;],&quot;loadSprite&quot;:true,&quot;autoplay&quot;:false,&quot;playsinline&quot;:true,&quot;seekTime&quot;:10,&quot;volume&quot;:1,&quot;muted&quot;:false,&quot;hideControls&quot;:true,&quot;resetOnEnd&quot;:false,&quot;tooltips&quot;:{&quot;controls&quot;:true,&quot;seek&quot;:true},&quot;captions&quot;:{&quot;active&quot;:true,&quot;language&quot;:&quot;auto&quot;,&quot;update&quot;:true},&quot;ratio&quot;:null,&quot;storage&quot;:{&quot;enabled&quot;:true,&quot;key&quot;:&quot;plyr&quot;},&quot;speed&quot;:{&quot;options&quot;:[0.5,0.75,1,1.25,1.5,1.75,2,4]},&quot;loop&quot;:{&quot;active&quot;:false},&quot;ads&quot;:{&quot;enabled&quot;:true,&quot;tagUrl&quot;:null},&quot;urls&quot;:{&quot;enabled&quot;:false,&quot;download&quot;:null},&quot;markers&quot;:{&quot;enabled&quot;:false,&quot;points&quot;:[]},&quot;preload&quot;:&quot;metadata&quot;},&quot;features&quot;:{&quot;popup&quot;:{&quot;enabled&quot;:false,&quot;selector&quot;:null,&quot;hasBtn&quot;:false,&quot;type&quot;:&quot;button&quot;,&quot;btnText&quot;:&quot;Watch Video&quot;,&quot;align&quot;:&quot;center&quot;,&quot;btnStyle&quot;:{&quot;color&quot;:&quot;#fff&quot;,&quot;backgroundColor&quot;:&quot;#006BA1&quot;,&quot;fontSize&quot;:&quot;16px&quot;,&quot;padding&quot;:{&quot;top&quot;:&quot;10px&quot;,&quot;right&quot;:&quot;20px&quot;,&quot;bottom&quot;:&quot;10px&quot;,&quot;left&quot;:&quot;20px&quot;}},&quot;isTrigger&quot;:false},&quot;overlay&quot;:{&quot;enabled&quot;:false,&quot;items&quot;:[{&quot;color&quot;:&quot;#fff&quot;,&quot;backgroundColor&quot;:&quot;#333&quot;,&quot;fontSize&quot;:&quot;16px&quot;,&quot;link&quot;:&quot;&quot;,&quot;logo&quot;:&quot;&quot;,&quot;text&quot;:&quot;Simple Text&quot;,&quot;position&quot;:&quot;top_right&quot;,&quot;type&quot;:&quot;text&quot;,&quot;opacity&quot;:1}]},&quot;endScreen&quot;:{&quot;enabled&quot;:false,&quot;text&quot;:&quot;Simple Text&quot;,&quot;btnText&quot;:&quot;Visit&quot;,&quot;btnLink&quot;:&quot;&quot;,&quot;btnStyle&quot;:[]},&quot;thumbInPause&quot;:{&quot;enabled&quot;:false,&quot;type&quot;:&quot;default&quot;},&quot;watermark&quot;:{&quot;enabled&quot;:false,&quot;type&quot;:&quot;email&quot;,&quot;text&quot;:&quot;&quot;,&quot;color&quot;:&quot;#f00&quot;},&quot;passwordProtected&quot;:{&quot;enabled&quot;:false,&quot;errorMessage&quot;:&quot;Password didn&#039;t matched&quot;,&quot;heading&quot;:&quot;Please Entire the password to access the video&quot;,&quot;button&quot;:{&quot;text&quot;:&quot;Access&quot;,&quot;color&quot;:&quot;#222&quot;,&quot;backgroundColor&quot;:&quot;#ffffffe3&quot;},&quot;password&quot;:null},&quot;sticky&quot;:{&quot;enabled&quot;:false,&quot;position&quot;:&quot;top_right&quot;},&quot;playWhenVisible&quot;:false,&quot;disablePause&quot;:false,&quot;hideYoutubeUI&quot;:false,&quot;startTime&quot;:null,&quot;hideLoadingPlaceholder&quot;:false,&quot;saveState&quot;:false},&quot;onlyLoggedIn&quot;:{&quot;whoCanSeeThisVideo&quot;:&quot;everyone&quot;,&quot;allowedRoles&quot;:[],&quot;message&quot;:&quot;This video is only for registered users. Please login to view the video.&quot;},&quot;seo&quot;:{&quot;title&quot;:&quot;&quot;,&quot;description&quot;:&quot;&quot;,&quot;duration&quot;:&quot;&quot;},&quot;quality&quot;:[],&quot;subtitle&quot;:[{&quot;label&quot;:&quot;English\\\/en&quot;,&quot;caption_file&quot;:&quot;&quot;}],&quot;thumbInPause&quot;:false,&quot;hideYoutubeUI&quot;:false,&quot;autoplayWhenVisible&quot;:false,&quot;styles&quot;:{&quot;plyr_wrapper&quot;:{&quot;width&quot;:&quot;100%&quot;,&quot;borderRadius&quot;:&quot;0px&quot;,&quot;overflow&quot;:&quot;hidden&quot;},&quot;.plyr&quot;:{&quot;--plyr-color-main&quot;:&quot;#00b2ff&quot;}},&quot;CSS&quot;:&quot;&quot;,&quot;isCDURL&quot;:false,&quot;posterTime&quot;:20,&quot;chapters&quot;:[],&quot;controls&quot;:{&quot;play-large&quot;:true,&quot;restart&quot;:false,&quot;rewind&quot;:false,&quot;play&quot;:true,&quot;fast-forward&quot;:false,&quot;progress&quot;:true,&quot;current-time&quot;:true,&quot;duration&quot;:false,&quot;mute&quot;:true,&quot;volume&quot;:true,&quot;pip&quot;:false,&quot;airplay&quot;:false,&quot;settings&quot;:true,&quot;downlaod&quot;:false,&quot;fullscreen&quot;:true},&quot;brandColor&quot;:&quot;#00B3FF&quot;,&quot;width&quot;:{&quot;deprecated&quot;:true,&quot;number&quot;:100,&quot;unit&quot;:&quot;%&quot;},&quot;radius&quot;:{&quot;number&quot;:0,&quot;unit&quot;:&quot;px&quot;},&quot;repeat&quot;:false,&quot;autoplay&quot;:false,&quot;muted&quot;:false,&quot;sticky&quot;:false,&quot;stickyPosition&quot;:&quot;top-right&quot;,&quot;popup&quot;:false,&quot;popupType&quot;:&quot;button&quot;,&quot;playsinline&quot;:false,&quot;popupBtnStyle&quot;:{&quot;color&quot;:&quot;#fff&quot;,&quot;backgroundColor&quot;:&quot;#006BA1&quot;,&quot;fontSize&quot;:&quot;16px&quot;,&quot;padding&quot;:{&quot;top&quot;:&quot;10px&quot;,&quot;right&quot;:&quot;20px&quot;,&quot;bottom&quot;:&quot;10px&quot;,&quot;left&quot;:&quot;20px&quot;},&quot;align&quot;:&quot;center&quot;},&quot;popupBtnText&quot;:&quot;Watch Video&quot;,&quot;disablePause&quot;:false,&quot;thumbStyle&quot;:&quot;default&quot;,&quot;resetOnEnd&quot;:false,&quot;autoHideControl&quot;:true,&quot;protected&quot;:false,&quot;protectedText&quot;:&quot;Please enter password to wath the video&quot;,&quot;seekTime&quot;:10,&quot;startTime&quot;:0,&quot;preload&quot;:&quot;metadata&quot;,&quot;overlay&quot;:false,&quot;overlayPosition&quot;:&quot;top_right&quot;,&quot;overlayBackground&quot;:&quot;#333&quot;,&quot;overlayOpacity&quot;:0.8,&quot;overlayTextColor&quot;:&quot;#ffffff&quot;,&quot;overlayFontSize&quot;:{&quot;number&quot;:20,&quot;unit&quot;:&quot;px&quot;},&quot;overlayTextHoverColor&quot;:&quot;#ffffff&quot;,&quot;endScreen&quot;:{&quot;enabled&quot;:false,&quot;text&quot;:&quot;Simple Text&quot;,&quot;btnText&quot;:&quot;Watch Again&quot;,&quot;btnLink&quot;:&quot;&quot;,&quot;btnStyle&quot;:[]},&quot;endscreen&quot;:false,&quot;endscreenText&quot;:&quot;Endscreen text&quot;,&quot;endscreenTextLink&quot;:&quot;#&quot;,&quot;streaming&quot;:false,&quot;streamingType&quot;:&quot;hls&quot;,&quot;speed&quot;:{&quot;1&quot;:true,&quot;2&quot;:true,&quot;3&quot;:true,&quot;0.5&quot;:true,&quot;0.75&quot;:true,&quot;1.25&quot;:true,&quot;1.5&quot;:true,&quot;1.75&quot;:true,&quot;2.5&quot;:true},&quot;captionEnabled&quot;:false,&quot;saveState&quot;:false,&quot;openPopupId&quot;:&quot;&quot;}\" style=\"aspect-ratio:16\/9\">\n    <div class=\"preload_poster\" style=\"overflow:hidden;aspect-ratio:16\/9;\">\n        <svg width=\"36px\" height=\"36px\" viewBox=\"0 0 15 15\" fill=\"none\" xmlns=\"http:\/\/www.w3.org\/2000\/svg\">\n            <path d=\"M4.79062 2.09314C4.63821 1.98427 4.43774 1.96972 4.27121 2.05542C4.10467 2.14112 4 2.31271 4 2.5V12.5C4 12.6873 4.10467 12.8589 4.27121 12.9446C4.43774 13.0303 4.63821 13.0157 4.79062 12.9069L11.7906 7.90687C11.922 7.81301 12 7.66148 12 7.5C12 7.33853 11.922 7.18699 11.7906 7.09314L4.79062 2.09314Z\" fill=\"#fff\" \/>\n        <\/svg>\n    <\/div>\n<\/div>\n\n\n\n    \n    <p>&nbsp;<\/p>\n    <p><strong>LES AVANTAGES DE L&rsquo;UTILISATION DE BARRI\u00c8RES SOUPLES :<\/strong><\/p>\n    <ul>\n      <li>Ils conservent leur structure apr\u00e8s les collisions avec les chariots \u00e9l\u00e9vateurs, gr\u00e2ce \u00e0 la composition unique du mat\u00e9riau.<\/li>\n      <li>R\u00e9sistant \u00e0 la corrosion, aux conditions climatiques (plage de fonctionnement de -30\u00b0C \u00e0 +60\u00b0C) et aux produits chimiques.<\/li>\n      <li>Disponible avec deux types de montage. Les syst\u00e8mes d&rsquo;ancrage internes (cach\u00e9s \u00e0 l&rsquo;int\u00e9rieur de la structure du poteau) contribuent au respect des normes d&rsquo;hygi\u00e8ne, ce qui les rend id\u00e9aux pour l&rsquo;industrie alimentaire.<\/li>\n      <li>Les ancrages externes sont viss\u00e9s dans le b\u00e9ton, ce qui minimise le risque de fissuration. Aucune expansion n&rsquo;est n\u00e9cessaire pour l&rsquo;ancrage, ce qui permet de les installer pr\u00e8s des bords ou des ancrages voisins. Cette solution est r\u00e9utilisable.<\/li>\n      <li>Test\u00e9 par le T\u00dcV Rheinland et soumis \u00e0 un contr\u00f4le continu de la production pour garantir une qualit\u00e9 optimale.<\/li>\n      <li>Respecter des normes strictes en mati\u00e8re de s\u00e9curit\u00e9 et d&rsquo;hygi\u00e8ne.<\/li>\n      <li>Conception modulaire &#8211; facile \u00e0 connecter, \u00e0 d\u00e9placer ou \u00e0 \u00e9tendre pour s&rsquo;adapter \u00e0 l&rsquo;\u00e9volution de l&rsquo;entrep\u00f4t ou de la production.<\/li>\n      <li>Enti\u00e8rement recyclable.<\/li>\n    <\/ul>\n    <p>&nbsp;<\/p>\n    \n  <\/div>\n  \n\n  \n  <div class=\"wp-block-column is-layout-flow wp-block-column-is-layout-flow\" style=\"flex-basis:10%\"><\/div>\n  \n<\/div>\n","protected":false},"excerpt":{"rendered":"<p>i-PLAST et ERTAX Nous concevons et fabriquons des barri\u00e8res de s\u00e9curit\u00e9 innovantes en utilisant nos mat\u00e9riaux brevet\u00e9s : i-PLAST et ERTAX. Le compos\u00e9 i-PLAST est un mat\u00e9riau technique renforc\u00e9 \u00e0 base de polym\u00e8res. Il permet de produire des barres d&rsquo;une \u00e9paisseur et d&rsquo;une g\u00e9om\u00e9trie jusqu&rsquo;alors inaccessibles. i-PLAST est totalement r\u00e9sistant au feu, non toxique et [&hellip;]<\/p>\n","protected":false},"author":1,"featured_media":0,"parent":30302,"menu_order":0,"comment_status":"closed","ping_status":"closed","template":"","meta":{"inline_featured_image":false,"ngg_post_thumbnail":0,"footnotes":""},"class_list":["post-15359","page","type-page","status-publish","hentry"],"acf":[],"yoast_head":"<!-- This site is optimized with the Yoast SEO plugin v27.0 - https:\/\/yoast.com\/product\/yoast-seo-wordpress\/ -->\n<title>De quoi sont faites nos barri\u00e8res ? - Anter System<\/title>\n<meta name=\"description\" content=\"i-PLAST et ERTAX Nous concevons et fabriquons des barri\u00e8res de s\u00e9curit\u00e9 innovantes en utilisant nos mat\u00e9riaux brevet\u00e9s : i-PLAST et ERTAX. Le compos\u00e9\" \/>\n<meta name=\"robots\" content=\"index, follow, max-snippet:-1, max-image-preview:large, max-video-preview:-1\" \/>\n<link rel=\"canonical\" href=\"https:\/\/antersystem.com\/fr\/nouvelles\/what-are-barriers-made-of\/\" \/>\n<meta property=\"og:locale\" content=\"fr_FR\" \/>\n<meta property=\"og:type\" content=\"article\" \/>\n<meta property=\"og:title\" content=\"De quoi sont faites nos barri\u00e8res ? - Anter System\" \/>\n<meta property=\"og:description\" content=\"i-PLAST et ERTAX Nous concevons et fabriquons des barri\u00e8res de s\u00e9curit\u00e9 innovantes en utilisant nos mat\u00e9riaux brevet\u00e9s : i-PLAST et ERTAX. Le compos\u00e9\" \/>\n<meta property=\"og:url\" content=\"https:\/\/antersystem.com\/fr\/nouvelles\/what-are-barriers-made-of\/\" \/>\n<meta property=\"og:site_name\" content=\"Anter System\" \/>\n<meta property=\"article:modified_time\" content=\"2026-01-30T13:29:28+00:00\" \/>\n<meta name=\"twitter:card\" content=\"summary_large_image\" \/>\n<meta name=\"twitter:label1\" content=\"Dur\u00e9e de lecture estim\u00e9e\" \/>\n\t<meta name=\"twitter:data1\" content=\"3 minutes\" \/>\n<script type=\"application\/ld+json\" class=\"yoast-schema-graph\">{\"@context\":\"https:\/\/schema.org\",\"@graph\":[{\"@type\":\"WebPage\",\"@id\":\"https:\/\/antersystem.com\/fr\/nouvelles\/what-are-barriers-made-of\/\",\"url\":\"https:\/\/antersystem.com\/fr\/nouvelles\/what-are-barriers-made-of\/\",\"name\":\"De quoi sont faites nos barri\u00e8res ? - Anter System\",\"isPartOf\":{\"@id\":\"https:\/\/antersystem.com\/fr\/#website\"},\"datePublished\":\"2023-10-16T13:46:15+00:00\",\"dateModified\":\"2026-01-30T13:29:28+00:00\",\"description\":\"i-PLAST et ERTAX Nous concevons et fabriquons des barri\u00e8res de s\u00e9curit\u00e9 innovantes en utilisant nos mat\u00e9riaux brevet\u00e9s : i-PLAST et ERTAX. Le compos\u00e9\",\"breadcrumb\":{\"@id\":\"https:\/\/antersystem.com\/fr\/nouvelles\/what-are-barriers-made-of\/#breadcrumb\"},\"inLanguage\":\"fr-FR\",\"potentialAction\":[{\"@type\":\"ReadAction\",\"target\":[\"https:\/\/antersystem.com\/fr\/nouvelles\/what-are-barriers-made-of\/\"]}]},{\"@type\":\"BreadcrumbList\",\"@id\":\"https:\/\/antersystem.com\/fr\/nouvelles\/what-are-barriers-made-of\/#breadcrumb\",\"itemListElement\":[{\"@type\":\"ListItem\",\"position\":1,\"name\":\"AnterSystem\",\"item\":\"https:\/\/antersystem.com\/fr\/\"},{\"@type\":\"ListItem\",\"position\":2,\"name\":\"Actualit\u00e9s\",\"item\":\"https:\/\/antersystem.com\/fr\/nouvelles\/\"},{\"@type\":\"ListItem\",\"position\":3,\"name\":\"De quoi sont faites nos barri\u00e8res ?\"}]},{\"@type\":\"WebSite\",\"@id\":\"https:\/\/antersystem.com\/fr\/#website\",\"url\":\"https:\/\/antersystem.com\/fr\/\",\"name\":\"Anter System\",\"description\":\"Jeste\u015bmy polskim producentem elastycznych barier ochronnych wykonywanych z polimerowych tworzyw sztucznych. Na rynku krajowym i zagranicznym dzia\u0142amy od ponad 15 lat dbaj\u0105c o zapewnienie bezpiecze\u0144stwa w zak\u0142adach produkcyjnych, magazynach oraz centrach logistycznych.\",\"potentialAction\":[{\"@type\":\"SearchAction\",\"target\":{\"@type\":\"EntryPoint\",\"urlTemplate\":\"https:\/\/antersystem.com\/fr\/?s={search_term_string}\"},\"query-input\":{\"@type\":\"PropertyValueSpecification\",\"valueRequired\":true,\"valueName\":\"search_term_string\"}}],\"inLanguage\":\"fr-FR\"}]}<\/script>\n<!-- \/ Yoast SEO plugin. -->","yoast_head_json":{"title":"De quoi sont faites nos barri\u00e8res ? - Anter System","description":"i-PLAST et ERTAX Nous concevons et fabriquons des barri\u00e8res de s\u00e9curit\u00e9 innovantes en utilisant nos mat\u00e9riaux brevet\u00e9s : i-PLAST et ERTAX. Le compos\u00e9","robots":{"index":"index","follow":"follow","max-snippet":"max-snippet:-1","max-image-preview":"max-image-preview:large","max-video-preview":"max-video-preview:-1"},"canonical":"https:\/\/antersystem.com\/fr\/nouvelles\/what-are-barriers-made-of\/","og_locale":"fr_FR","og_type":"article","og_title":"De quoi sont faites nos barri\u00e8res ? - Anter System","og_description":"i-PLAST et ERTAX Nous concevons et fabriquons des barri\u00e8res de s\u00e9curit\u00e9 innovantes en utilisant nos mat\u00e9riaux brevet\u00e9s : i-PLAST et ERTAX. Le compos\u00e9","og_url":"https:\/\/antersystem.com\/fr\/nouvelles\/what-are-barriers-made-of\/","og_site_name":"Anter System","article_modified_time":"2026-01-30T13:29:28+00:00","twitter_card":"summary_large_image","twitter_misc":{"Dur\u00e9e de lecture estim\u00e9e":"3 minutes"},"schema":{"@context":"https:\/\/schema.org","@graph":[{"@type":"WebPage","@id":"https:\/\/antersystem.com\/fr\/nouvelles\/what-are-barriers-made-of\/","url":"https:\/\/antersystem.com\/fr\/nouvelles\/what-are-barriers-made-of\/","name":"De quoi sont faites nos barri\u00e8res ? - Anter System","isPartOf":{"@id":"https:\/\/antersystem.com\/fr\/#website"},"datePublished":"2023-10-16T13:46:15+00:00","dateModified":"2026-01-30T13:29:28+00:00","description":"i-PLAST et ERTAX Nous concevons et fabriquons des barri\u00e8res de s\u00e9curit\u00e9 innovantes en utilisant nos mat\u00e9riaux brevet\u00e9s : i-PLAST et ERTAX. Le compos\u00e9","breadcrumb":{"@id":"https:\/\/antersystem.com\/fr\/nouvelles\/what-are-barriers-made-of\/#breadcrumb"},"inLanguage":"fr-FR","potentialAction":[{"@type":"ReadAction","target":["https:\/\/antersystem.com\/fr\/nouvelles\/what-are-barriers-made-of\/"]}]},{"@type":"BreadcrumbList","@id":"https:\/\/antersystem.com\/fr\/nouvelles\/what-are-barriers-made-of\/#breadcrumb","itemListElement":[{"@type":"ListItem","position":1,"name":"AnterSystem","item":"https:\/\/antersystem.com\/fr\/"},{"@type":"ListItem","position":2,"name":"Actualit\u00e9s","item":"https:\/\/antersystem.com\/fr\/nouvelles\/"},{"@type":"ListItem","position":3,"name":"De quoi sont faites nos barri\u00e8res ?"}]},{"@type":"WebSite","@id":"https:\/\/antersystem.com\/fr\/#website","url":"https:\/\/antersystem.com\/fr\/","name":"Anter System","description":"Jeste\u015bmy polskim producentem elastycznych barier ochronnych wykonywanych z polimerowych tworzyw sztucznych. Na rynku krajowym i zagranicznym dzia\u0142amy od ponad 15 lat dbaj\u0105c o zapewnienie bezpiecze\u0144stwa w zak\u0142adach produkcyjnych, magazynach oraz centrach logistycznych.","potentialAction":[{"@type":"SearchAction","target":{"@type":"EntryPoint","urlTemplate":"https:\/\/antersystem.com\/fr\/?s={search_term_string}"},"query-input":{"@type":"PropertyValueSpecification","valueRequired":true,"valueName":"search_term_string"}}],"inLanguage":"fr-FR"}]}},"_links":{"self":[{"href":"https:\/\/antersystem.com\/fr\/wp-json\/wp\/v2\/pages\/15359","targetHints":{"allow":["GET"]}}],"collection":[{"href":"https:\/\/antersystem.com\/fr\/wp-json\/wp\/v2\/pages"}],"about":[{"href":"https:\/\/antersystem.com\/fr\/wp-json\/wp\/v2\/types\/page"}],"author":[{"embeddable":true,"href":"https:\/\/antersystem.com\/fr\/wp-json\/wp\/v2\/users\/1"}],"replies":[{"embeddable":true,"href":"https:\/\/antersystem.com\/fr\/wp-json\/wp\/v2\/comments?post=15359"}],"version-history":[{"count":1,"href":"https:\/\/antersystem.com\/fr\/wp-json\/wp\/v2\/pages\/15359\/revisions"}],"predecessor-version":[{"id":15362,"href":"https:\/\/antersystem.com\/fr\/wp-json\/wp\/v2\/pages\/15359\/revisions\/15362"}],"up":[{"embeddable":true,"href":"https:\/\/antersystem.com\/fr\/wp-json\/wp\/v2\/pages\/30302"}],"wp:attachment":[{"href":"https:\/\/antersystem.com\/fr\/wp-json\/wp\/v2\/media?parent=15359"}],"curies":[{"name":"wp","href":"https:\/\/api.w.org\/{rel}","templated":true}]}}