{"id":15418,"date":"2024-04-11T13:02:00","date_gmt":"2024-04-11T11:02:00","guid":{"rendered":"https:\/\/new.antersystem.com\/trailer-supports\/"},"modified":"2026-01-30T14:29:28","modified_gmt":"2026-01-30T13:29:28","slug":"trailer-supports","status":"publish","type":"page","link":"https:\/\/antersystem.com\/fr\/nouvelles\/trailer-supports\/","title":{"rendered":"Supports de remorque"},"content":{"rendered":"\n<div class=\"wp-block-columns is-layout-flex wp-container-core-columns-is-layout-9d6595d7 wp-block-columns-is-layout-flex\">\n<div class=\"wp-block-column is-layout-flow wp-block-column-is-layout-flow\" style=\"flex-basis:10px\"><\/div>\n\n\n\n<div class=\"wp-block-column is-layout-flow wp-block-column-is-layout-flow\">\n<h3 class=\"wp-block-heading\">Comment am\u00e9liorer la s\u00e9curit\u00e9 aux quais de chargement ?  <br\/>La s\u00e9curit\u00e9 des remorques est la cl\u00e9 de la stabilit\u00e9 dans la logistique<\/h3>\n\n\n\n<figure class=\"wp-block-embed aligncenter is-type-video is-provider-youtube wp-block-embed-youtube wp-embed-aspect-16-9 wp-has-aspect-ratio\"><div class=\"wp-block-embed__wrapper\">\n<iframe loading=\"lazy\" title=\"AnterSystem demonstration of trailer support -JST and JST. R. Products for loadnig technique.\" width=\"500\" height=\"281\" src=\"https:\/\/www.youtube.com\/embed\/rS78QAlo6eM?feature=oembed\" frameborder=\"0\" allow=\"accelerometer; autoplay; clipboard-write; encrypted-media; gyroscope; picture-in-picture; web-share\" referrerpolicy=\"strict-origin-when-cross-origin\" allowfullscreen><\/iframe>\n<\/div><\/figure>\n\n\n\n<p>Dans la logistique mondiale, chaque maillon de la cha\u00eene d&rsquo;approvisionnement joue un r\u00f4le essentiel pour garantir l&rsquo;efficacit\u00e9 et la s\u00e9curit\u00e9. Un \u00e9l\u00e9ment souvent n\u00e9glig\u00e9, mais crucial, est le <strong>support de s\u00e9curit\u00e9 de la remorque<\/strong>. Ce composant simple mais indispensable est essentiel pour maintenir la stabilit\u00e9 et la s\u00e9curit\u00e9 lors des op\u00e9rations sur les quais de chargement.<\/p>\n\n\n\n<p><strong>Le r\u00f4le cl\u00e9 des supports de s\u00e9curit\u00e9 des remorques<\/strong><\/p>\n\n\n\n<p>Les <a href=\"https:\/\/antersystem.com\/kategorie_produktow\/technika-zaladunkowa\/\"><strong>supports de s\u00e9curit\u00e9 pour remorques &#8211; JST (Jack Stand Trailer)<\/strong> et <strong>JST.R<\/strong><\/a> &#8211; emp\u00eachent les remorques de basculer ou de s&rsquo;effondrer sous le poids des chariots \u00e9l\u00e9vateurs pendant les op\u00e9rations de chargement et de d\u00e9chargement. Gr\u00e2ce \u00e0 l&rsquo;utilisation de supports de s\u00e9curit\u00e9, ces processus peuvent \u00eatre r\u00e9alis\u00e9s <strong>rapidement et en toute s\u00e9curit\u00e9, sans avoir recours \u00e0 un tracteur<\/strong>. Les v\u00e9hicules qui sont normalement utilis\u00e9s \u00e0 d&rsquo;autres fins peuvent \u00eatre utilis\u00e9s efficacement lorsqu&rsquo;un support de remorque est en place. Tout au long du processus, la <strong>stabilit\u00e9 de la remorque est enti\u00e8rement maintenue<\/strong>, ce qui minimise le risque de dommages aux v\u00e9hicules, aux marchandises ou aux personnes &#8211; et parfois m\u00eame aux quais eux-m\u00eames. En bref, <strong>les cons\u00e9quences potentielles d&rsquo;un mauvais arrimage de la remorque sont \u00e9limin\u00e9es<\/strong>, ce qui prot\u00e8ge \u00e0 la fois les op\u00e9rateurs et l&rsquo;entreprise.<\/p>\n\n\n\n<p><strong>Qu&rsquo;est-ce qui d\u00e9finit le support de s\u00e9curit\u00e9 id\u00e9al pour une remorque ?<\/strong><\/p>\n\n\n\n<p>Les supports de s\u00e9curit\u00e9 pour remorques doivent r\u00e9pondre \u00e0 des normes strictes de qualit\u00e9 et de durabilit\u00e9 afin de garantir des conditions de travail optimales. Tout d&rsquo;abord, ils doivent \u00eatre fabriqu\u00e9s \u00e0 partir de mat\u00e9riaux de haute qualit\u00e9, capables de r\u00e9sister \u00e0 des conditions m\u00e9t\u00e9orologiques extr\u00eames et \u00e0 des charges lourdes. La <strong>stabilit\u00e9 et la hauteur r\u00e9glable<\/strong> sont tout aussi importantes, car elles permettent de s&rsquo;adapter \u00e0 diff\u00e9rents types de remorques et \u00e0 diff\u00e9rentes conditions de terrain. Pour garantir la s\u00e9curit\u00e9 de l&rsquo;op\u00e9rateur, les supports doivent comporter des <strong>m\u00e9canismes de verrouillage<\/strong> qui emp\u00eachent tout mouvement accidentel pendant l&rsquo;utilisation.<\/p>\n\n\n\n<p>Les b\u00e9quilles de remorque d&rsquo;Anter System sont con\u00e7ues pour \u00eatre <strong>faciles \u00e0 utiliser<\/strong> et durables. Ils sont dot\u00e9s d&rsquo;un <strong>m\u00e9canisme de mise \u00e0 niveau automatique<\/strong> et de r\u00e9glages en hauteur. Chaque unit\u00e9 peut supporter des charges allant jusqu&rsquo;\u00e0 <strong>45 tonnes<\/strong> et comprend des caract\u00e9ristiques suppl\u00e9mentaires telles que des <strong>syst\u00e8mes d&rsquo;acc\u00e8s contr\u00f4l\u00e9s<\/strong> et des <strong>marquages \u00e0 haute visibilit\u00e9.<\/strong> Les mat\u00e9riaux utilis\u00e9s pour leur production peuvent \u00e9galement \u00eatre dot\u00e9s d&rsquo;un <strong>rev\u00eatement anticorrosion<\/strong> pour une dur\u00e9e de vie et une fiabilit\u00e9 accrues. Si vous ne savez toujours pas comment les supports de s\u00e9curit\u00e9 pour remorques peuvent am\u00e9liorer l&rsquo;efficacit\u00e9 et la s\u00e9curit\u00e9 dans votre entrep\u00f4t, regardez la vid\u00e9o ci-dessus.<\/p>\n\n\n\n<p>Les fabricants de remorques eux-m\u00eames <strong>recommandent l&rsquo;utilisation de b\u00e9quilles de s\u00e9curit\u00e9<\/strong> dans le cadre d&rsquo;une pratique op\u00e9rationnelle standard.<\/p>\n\n\n\n<p>Apprenez-en plus sur leur fonctionnement : <strong><a href=\"https:\/\/antersystem.com\/wiedza-i-nowosci\/podpora-pod-naczepe-tira\/\">Soutien \u00e0 la s\u00e9curit\u00e9 des remorques dans la logistique<\/a><\/strong><\/p>\n<\/div>\n\n\n\n<div class=\"wp-block-column is-layout-flow wp-block-column-is-layout-flow\" style=\"flex-basis:10px\"><\/div>\n<\/div>\n","protected":false},"excerpt":{"rendered":"<p>Comment am\u00e9liorer la s\u00e9curit\u00e9 aux quais de chargement ? La s\u00e9curit\u00e9 des remorques est la cl\u00e9 de la stabilit\u00e9 dans la logistique Dans la logistique mondiale, chaque maillon de la cha\u00eene d&rsquo;approvisionnement joue un r\u00f4le essentiel pour garantir l&rsquo;efficacit\u00e9 et la s\u00e9curit\u00e9. Un \u00e9l\u00e9ment souvent n\u00e9glig\u00e9, mais crucial, est le support de s\u00e9curit\u00e9 de la [&hellip;]<\/p>\n","protected":false},"author":1,"featured_media":0,"parent":30302,"menu_order":0,"comment_status":"closed","ping_status":"closed","template":"","meta":{"inline_featured_image":false,"ngg_post_thumbnail":0,"footnotes":""},"class_list":["post-15418","page","type-page","status-publish","hentry"],"acf":[],"yoast_head":"<!-- This site is optimized with the Yoast SEO plugin v27.0 - https:\/\/yoast.com\/product\/yoast-seo-wordpress\/ -->\n<title>Supports de remorque - Anter System<\/title>\n<meta name=\"description\" content=\"Les supports de s\u00e9curit\u00e9 pour les remorques jouent un r\u00f4le cl\u00e9 dans l&#039;efficacit\u00e9 et la s\u00e9curit\u00e9 des op\u00e9rations sur les quais de chargement.\" \/>\n<meta name=\"robots\" content=\"index, follow, max-snippet:-1, max-image-preview:large, max-video-preview:-1\" \/>\n<link rel=\"canonical\" href=\"https:\/\/antersystem.com\/fr\/nouvelles\/trailer-supports\/\" \/>\n<meta property=\"og:locale\" content=\"fr_FR\" \/>\n<meta property=\"og:type\" content=\"article\" \/>\n<meta property=\"og:title\" content=\"Supports de remorque - Anter System\" \/>\n<meta property=\"og:description\" content=\"Les supports de s\u00e9curit\u00e9 pour les remorques jouent un r\u00f4le cl\u00e9 dans l&#039;efficacit\u00e9 et la s\u00e9curit\u00e9 des op\u00e9rations sur les quais de chargement.\" \/>\n<meta property=\"og:url\" content=\"https:\/\/antersystem.com\/fr\/nouvelles\/trailer-supports\/\" \/>\n<meta property=\"og:site_name\" content=\"Anter System\" \/>\n<meta property=\"article:modified_time\" content=\"2026-01-30T13:29:28+00:00\" \/>\n<meta name=\"twitter:card\" content=\"summary_large_image\" \/>\n<meta name=\"twitter:label1\" content=\"Dur\u00e9e de lecture estim\u00e9e\" \/>\n\t<meta name=\"twitter:data1\" content=\"3 minutes\" \/>\n<script type=\"application\/ld+json\" class=\"yoast-schema-graph\">{\"@context\":\"https:\/\/schema.org\",\"@graph\":[{\"@type\":\"WebPage\",\"@id\":\"https:\/\/antersystem.com\/fr\/nouvelles\/trailer-supports\/\",\"url\":\"https:\/\/antersystem.com\/fr\/nouvelles\/trailer-supports\/\",\"name\":\"Supports de remorque - Anter System\",\"isPartOf\":{\"@id\":\"https:\/\/antersystem.com\/fr\/#website\"},\"datePublished\":\"2024-04-11T11:02:00+00:00\",\"dateModified\":\"2026-01-30T13:29:28+00:00\",\"description\":\"Les supports de s\u00e9curit\u00e9 pour les remorques jouent un r\u00f4le cl\u00e9 dans l'efficacit\u00e9 et la s\u00e9curit\u00e9 des op\u00e9rations sur les quais de chargement.\",\"breadcrumb\":{\"@id\":\"https:\/\/antersystem.com\/fr\/nouvelles\/trailer-supports\/#breadcrumb\"},\"inLanguage\":\"fr-FR\",\"potentialAction\":[{\"@type\":\"ReadAction\",\"target\":[\"https:\/\/antersystem.com\/fr\/nouvelles\/trailer-supports\/\"]}]},{\"@type\":\"BreadcrumbList\",\"@id\":\"https:\/\/antersystem.com\/fr\/nouvelles\/trailer-supports\/#breadcrumb\",\"itemListElement\":[{\"@type\":\"ListItem\",\"position\":1,\"name\":\"AnterSystem\",\"item\":\"https:\/\/antersystem.com\/fr\/\"},{\"@type\":\"ListItem\",\"position\":2,\"name\":\"Actualit\u00e9s\",\"item\":\"https:\/\/antersystem.com\/fr\/nouvelles\/\"},{\"@type\":\"ListItem\",\"position\":3,\"name\":\"Supports de remorque\"}]},{\"@type\":\"WebSite\",\"@id\":\"https:\/\/antersystem.com\/fr\/#website\",\"url\":\"https:\/\/antersystem.com\/fr\/\",\"name\":\"Anter System\",\"description\":\"Jeste\u015bmy polskim producentem elastycznych barier ochronnych wykonywanych z polimerowych tworzyw sztucznych. Na rynku krajowym i zagranicznym dzia\u0142amy od ponad 15 lat dbaj\u0105c o zapewnienie bezpiecze\u0144stwa w zak\u0142adach produkcyjnych, magazynach oraz centrach logistycznych.\",\"potentialAction\":[{\"@type\":\"SearchAction\",\"target\":{\"@type\":\"EntryPoint\",\"urlTemplate\":\"https:\/\/antersystem.com\/fr\/?s={search_term_string}\"},\"query-input\":{\"@type\":\"PropertyValueSpecification\",\"valueRequired\":true,\"valueName\":\"search_term_string\"}}],\"inLanguage\":\"fr-FR\"}]}<\/script>\n<!-- \/ Yoast SEO plugin. -->","yoast_head_json":{"title":"Supports de remorque - Anter System","description":"Les supports de s\u00e9curit\u00e9 pour les remorques jouent un r\u00f4le cl\u00e9 dans l'efficacit\u00e9 et la s\u00e9curit\u00e9 des op\u00e9rations sur les quais de chargement.","robots":{"index":"index","follow":"follow","max-snippet":"max-snippet:-1","max-image-preview":"max-image-preview:large","max-video-preview":"max-video-preview:-1"},"canonical":"https:\/\/antersystem.com\/fr\/nouvelles\/trailer-supports\/","og_locale":"fr_FR","og_type":"article","og_title":"Supports de remorque - Anter System","og_description":"Les supports de s\u00e9curit\u00e9 pour les remorques jouent un r\u00f4le cl\u00e9 dans l'efficacit\u00e9 et la s\u00e9curit\u00e9 des op\u00e9rations sur les quais de chargement.","og_url":"https:\/\/antersystem.com\/fr\/nouvelles\/trailer-supports\/","og_site_name":"Anter System","article_modified_time":"2026-01-30T13:29:28+00:00","twitter_card":"summary_large_image","twitter_misc":{"Dur\u00e9e de lecture estim\u00e9e":"3 minutes"},"schema":{"@context":"https:\/\/schema.org","@graph":[{"@type":"WebPage","@id":"https:\/\/antersystem.com\/fr\/nouvelles\/trailer-supports\/","url":"https:\/\/antersystem.com\/fr\/nouvelles\/trailer-supports\/","name":"Supports de remorque - Anter System","isPartOf":{"@id":"https:\/\/antersystem.com\/fr\/#website"},"datePublished":"2024-04-11T11:02:00+00:00","dateModified":"2026-01-30T13:29:28+00:00","description":"Les supports de s\u00e9curit\u00e9 pour les remorques jouent un r\u00f4le cl\u00e9 dans l'efficacit\u00e9 et la s\u00e9curit\u00e9 des op\u00e9rations sur les quais de chargement.","breadcrumb":{"@id":"https:\/\/antersystem.com\/fr\/nouvelles\/trailer-supports\/#breadcrumb"},"inLanguage":"fr-FR","potentialAction":[{"@type":"ReadAction","target":["https:\/\/antersystem.com\/fr\/nouvelles\/trailer-supports\/"]}]},{"@type":"BreadcrumbList","@id":"https:\/\/antersystem.com\/fr\/nouvelles\/trailer-supports\/#breadcrumb","itemListElement":[{"@type":"ListItem","position":1,"name":"AnterSystem","item":"https:\/\/antersystem.com\/fr\/"},{"@type":"ListItem","position":2,"name":"Actualit\u00e9s","item":"https:\/\/antersystem.com\/fr\/nouvelles\/"},{"@type":"ListItem","position":3,"name":"Supports de remorque"}]},{"@type":"WebSite","@id":"https:\/\/antersystem.com\/fr\/#website","url":"https:\/\/antersystem.com\/fr\/","name":"Anter System","description":"Jeste\u015bmy polskim producentem elastycznych barier ochronnych wykonywanych z polimerowych tworzyw sztucznych. Na rynku krajowym i zagranicznym dzia\u0142amy od ponad 15 lat dbaj\u0105c o zapewnienie bezpiecze\u0144stwa w zak\u0142adach produkcyjnych, magazynach oraz centrach logistycznych.","potentialAction":[{"@type":"SearchAction","target":{"@type":"EntryPoint","urlTemplate":"https:\/\/antersystem.com\/fr\/?s={search_term_string}"},"query-input":{"@type":"PropertyValueSpecification","valueRequired":true,"valueName":"search_term_string"}}],"inLanguage":"fr-FR"}]}},"_links":{"self":[{"href":"https:\/\/antersystem.com\/fr\/wp-json\/wp\/v2\/pages\/15418","targetHints":{"allow":["GET"]}}],"collection":[{"href":"https:\/\/antersystem.com\/fr\/wp-json\/wp\/v2\/pages"}],"about":[{"href":"https:\/\/antersystem.com\/fr\/wp-json\/wp\/v2\/types\/page"}],"author":[{"embeddable":true,"href":"https:\/\/antersystem.com\/fr\/wp-json\/wp\/v2\/users\/1"}],"replies":[{"embeddable":true,"href":"https:\/\/antersystem.com\/fr\/wp-json\/wp\/v2\/comments?post=15418"}],"version-history":[{"count":1,"href":"https:\/\/antersystem.com\/fr\/wp-json\/wp\/v2\/pages\/15418\/revisions"}],"predecessor-version":[{"id":15420,"href":"https:\/\/antersystem.com\/fr\/wp-json\/wp\/v2\/pages\/15418\/revisions\/15420"}],"up":[{"embeddable":true,"href":"https:\/\/antersystem.com\/fr\/wp-json\/wp\/v2\/pages\/30302"}],"wp:attachment":[{"href":"https:\/\/antersystem.com\/fr\/wp-json\/wp\/v2\/media?parent=15418"}],"curies":[{"name":"wp","href":"https:\/\/api.w.org\/{rel}","templated":true}]}}