{"id":15460,"date":"2023-11-16T15:30:28","date_gmt":"2023-11-16T14:30:28","guid":{"rendered":"https:\/\/new.antersystem.com\/congress-modern-warehouse\/"},"modified":"2026-01-30T14:29:28","modified_gmt":"2026-01-30T13:29:28","slug":"congress-modern-warehouse","status":"publish","type":"page","link":"https:\/\/antersystem.com\/fr\/nouvelles\/congress-modern-warehouse\/","title":{"rendered":"Entrep\u00f4t moderne du Congr\u00e8s"},"content":{"rendered":"\n<div class=\"wp-block-columns is-layout-flex wp-container-core-columns-is-layout-9d6595d7 wp-block-columns-is-layout-flex\">\n  \n  <div class=\"wp-block-column is-layout-flow wp-block-column-is-layout-flow\" style=\"flex-basis:10%\"><\/div>\n  \n\n  \n  <div class=\"wp-block-column is-layout-flow wp-block-column-is-layout-flow\">\n    \n    <h3 class=\"wp-block-heading\"><strong>Congr\u00e8s de l&rsquo;entrep\u00f4t moderne<\/strong><\/h3>\n    \n\n    \n    <p>Organis\u00e9 par le magazine <strong>Nowoczesny Magazyn<\/strong>, le <strong>congr\u00e8s Modern Warehouse<\/strong> est devenu un \u00e9v\u00e9nement bien \u00e9tabli dans le calendrier de l&rsquo;industrie. Cette ann\u00e9e ne sera pas diff\u00e9rente. Nous sommes impatients de rencontrer \u00e0 nouveau les professionnels de la logistique et de l&rsquo;entreposage le <strong>20 novembre \u00e0 Varsovie<\/strong>. Lors de l&rsquo;\u00e9dition de cette ann\u00e9e, <strong>Anter System<\/strong> sera \u00e9galement pr\u00e9sent ! En tant qu&rsquo;exposant, nous avons pr\u00e9par\u00e9 un stand o\u00f9 les participants peuvent examiner de pr\u00e8s nos <a href=\"https:\/\/antersystem.com\/kategorie_produktow\/bariery-bezpieczenstwa-dla-pieszych\/\">barri\u00e8res de s\u00e9curit\u00e9 flexibles<\/a> et <a href=\"https:\/\/antersystem.com\/realizacje\/\">discuter d&rsquo;id\u00e9es pour am\u00e9liorer la s\u00e9curit\u00e9 et l&rsquo;organisation des entrep\u00f4ts<\/a>. Si vous cherchez encore des r\u00e9ponses sur la mani\u00e8re d&rsquo;optimiser les co\u00fbts logistiques et de g\u00e9rer efficacement l&rsquo;espace d&rsquo;entreposage, nous vous invitons \u00e0 nous rencontrer \u00e0 cette occasion.<\/p>\n    \n\n    \n    <h4 class=\"wp-block-heading\">Comme l&rsquo;indiquent les organisateurs, l&rsquo;\u00e9dition de cette ann\u00e9e, qui a pour th\u00e8me \u00ab\u00a0Rentabilit\u00e9 et innovation technologique\u00a0\u00bb, vise \u00e0 : <em>\u00ab\u00a0non seulement discuter des tendances et des d\u00e9fis actuels, mais aussi inspirer les participants \u00e0 rechercher des solutions innovantes et \u00e0 fa\u00e7onner l&rsquo;avenir de l&rsquo;industrie de la logistique et de l&rsquo;entreposage\u00a0\u00bb.<\/em><\/h4>\n    \n\n    \n    <p>Une nouvelle caract\u00e9ristique de cette \u00e9dition du congr\u00e8s Modern Warehouse sera une <strong>session \u00ab\u00a0mastermind\u00a0\u00bb<\/strong> &#8211; des panels de discussion con\u00e7us pour \u00e9changer des exp\u00e9riences et relever les d\u00e9fis de l&rsquo;industrie en collaboration avec des experts. Il y aura \u00e9galement un espace pour partager des id\u00e9es sur les affaires et pour faire du r\u00e9seautage.<\/p>\n    \n\n    \n    <p>Les th\u00e8mes pr\u00e9vus pour les sessions de mastermind sont les suivants :<\/p>\n    \n\n    \n    <ul class=\"wp-block-list\"><li>l&rsquo;automatisation des entrep\u00f4ts,<\/li>\n      <li>les investissements dans les installations d&rsquo;entreposage,<\/li>\n      <li>stockage &#8211; sujets \u00e0 la demande sugg\u00e9r\u00e9s par les participants,<\/li>\n      <li>les syst\u00e8mes informatiques des entrep\u00f4ts,<\/li>\n      <li>l&rsquo;\u00e9tiquetage et le suivi des marchandises,<\/li>\n      <li>la technologie des entrep\u00f4ts et le transport interne,<\/li>\n      <li>la gestion de la main-d&rsquo;\u0153uvre dans les entrep\u00f4ts,<\/li>\n      <li>S\u00e9ance <em>\u00ab\u00a0Lib\u00e9rez votre esprit\u00a0\u00bb<\/em> &#8211; une table de discussion ouverte pour les participants qui souhaitent \u00e9changer des id\u00e9es, partager des exp\u00e9riences et obtenir un retour d&rsquo;information.<\/li>\n    <\/ul>\n\n    \n    <p><strong>Lieu :<\/strong><br\/>Novotel Warszawa Airport<br\/>1 Sierpnia 1, 02-134 Varsovie<\/p>\n    \n\n    <div class=\"wp-block-image\">\n    <figure class=\"aligncenter size-large is-resized\"><img loading=\"lazy\" decoding=\"async\" width=\"1024\" height=\"683\" src=\"https:\/\/antersystem.com\/wp-content\/uploads\/Modern-Warehouse-Anter-System-2023-1024x683.png\" alt=\"Congr&#xE8;s de l'entrep&#xF4;t moderne 2024 - Anter System\" class=\"wp-image-3567\" style=\"width:620px;height:auto\" srcset=\"https:\/\/antersystem.com\/wp-content\/uploads\/Modern-Warehouse-Anter-System-2023-1024x683.png 1024w, https:\/\/antersystem.com\/wp-content\/uploads\/Modern-Warehouse-Anter-System-2023-300x200.png 300w, https:\/\/antersystem.com\/wp-content\/uploads\/Modern-Warehouse-Anter-System-2023-768x512.png 768w, https:\/\/antersystem.com\/wp-content\/uploads\/Modern-Warehouse-Anter-System-2023-1536x1024.png 1536w, https:\/\/antersystem.com\/wp-content\/uploads\/Modern-Warehouse-Anter-System-2023-450x300.png 450w, https:\/\/antersystem.com\/wp-content\/uploads\/Modern-Warehouse-Anter-System-2023-330x220.png 330w, https:\/\/antersystem.com\/wp-content\/uploads\/Modern-Warehouse-Anter-System-2023.png 1800w\" sizes=\"auto, (max-width: 1024px) 100vw, 1024px\" \/><\/figure><\/div>\n  <\/div>\n  \n\n  \n  <div class=\"wp-block-column is-layout-flow wp-block-column-is-layout-flow\" style=\"flex-basis:10%\"><\/div>\n  \n<\/div>\n","protected":false},"excerpt":{"rendered":"<p>Congr\u00e8s de l&rsquo;entrep\u00f4t moderne Organis\u00e9 par le magazine Nowoczesny Magazyn, le congr\u00e8s Modern Warehouse est devenu un \u00e9v\u00e9nement bien \u00e9tabli dans le calendrier de l&rsquo;industrie. Cette ann\u00e9e ne sera pas diff\u00e9rente. Nous sommes impatients de rencontrer \u00e0 nouveau les professionnels de la logistique et de l&rsquo;entreposage le 20 novembre \u00e0 Varsovie. Lors de l&rsquo;\u00e9dition de [&hellip;]<\/p>\n","protected":false},"author":1,"featured_media":0,"parent":30302,"menu_order":0,"comment_status":"closed","ping_status":"closed","template":"","meta":{"inline_featured_image":false,"ngg_post_thumbnail":0,"footnotes":""},"class_list":["post-15460","page","type-page","status-publish","hentry"],"acf":[],"yoast_head":"<!-- This site is optimized with the Yoast SEO plugin v27.0 - https:\/\/yoast.com\/product\/yoast-seo-wordpress\/ -->\n<title>Entrep\u00f4t moderne du Congr\u00e8s - Anter System<\/title>\n<meta name=\"description\" content=\"Organis\u00e9 par le magazine Nowoczesny Magazyn, le congr\u00e8s Modern Warehouse est un rendez-vous r\u00e9gulier dans le calendrier des \u00e9v\u00e9nements du secteur, et cette fois-ci ne d\u00e9rogera pas \u00e0 la r\u00e8gle. Nous nous r\u00e9jouissons d&#039;ores et d\u00e9j\u00e0 de vous rencontrer \u00e0 nouveau.\" \/>\n<meta name=\"robots\" content=\"index, follow, max-snippet:-1, max-image-preview:large, max-video-preview:-1\" \/>\n<link rel=\"canonical\" href=\"https:\/\/antersystem.com\/fr\/nouvelles\/congress-modern-warehouse\/\" \/>\n<meta property=\"og:locale\" content=\"fr_FR\" \/>\n<meta property=\"og:type\" content=\"article\" \/>\n<meta property=\"og:title\" content=\"Entrep\u00f4t moderne du Congr\u00e8s - Anter System\" \/>\n<meta property=\"og:description\" content=\"Organis\u00e9 par le magazine Nowoczesny Magazyn, le congr\u00e8s Modern Warehouse est un rendez-vous r\u00e9gulier dans le calendrier des \u00e9v\u00e9nements du secteur, et cette fois-ci ne d\u00e9rogera pas \u00e0 la r\u00e8gle. Nous nous r\u00e9jouissons d&#039;ores et d\u00e9j\u00e0 de vous rencontrer \u00e0 nouveau.\" \/>\n<meta property=\"og:url\" content=\"https:\/\/antersystem.com\/fr\/nouvelles\/congress-modern-warehouse\/\" \/>\n<meta property=\"og:site_name\" content=\"Anter System\" \/>\n<meta property=\"article:modified_time\" content=\"2026-01-30T13:29:28+00:00\" \/>\n<meta property=\"og:image\" content=\"https:\/\/antersystem.com\/wp-content\/uploads\/Modern-Warehouse-Anter-System-2023-1024x683.png\" \/>\n<meta name=\"twitter:card\" content=\"summary_large_image\" \/>\n<meta name=\"twitter:label1\" content=\"Dur\u00e9e de lecture estim\u00e9e\" \/>\n\t<meta name=\"twitter:data1\" content=\"2 minutes\" \/>\n<script type=\"application\/ld+json\" class=\"yoast-schema-graph\">{\"@context\":\"https:\/\/schema.org\",\"@graph\":[{\"@type\":\"WebPage\",\"@id\":\"https:\/\/antersystem.com\/fr\/nouvelles\/congress-modern-warehouse\/\",\"url\":\"https:\/\/antersystem.com\/fr\/nouvelles\/congress-modern-warehouse\/\",\"name\":\"Entrep\u00f4t moderne du Congr\u00e8s - Anter System\",\"isPartOf\":{\"@id\":\"https:\/\/antersystem.com\/fr\/#website\"},\"primaryImageOfPage\":{\"@id\":\"https:\/\/antersystem.com\/fr\/nouvelles\/congress-modern-warehouse\/#primaryimage\"},\"image\":{\"@id\":\"https:\/\/antersystem.com\/fr\/nouvelles\/congress-modern-warehouse\/#primaryimage\"},\"thumbnailUrl\":\"https:\/\/antersystem.com\/wp-content\/uploads\/Modern-Warehouse-Anter-System-2023-1024x683.png\",\"datePublished\":\"2023-11-16T14:30:28+00:00\",\"dateModified\":\"2026-01-30T13:29:28+00:00\",\"description\":\"Organis\u00e9 par le magazine Nowoczesny Magazyn, le congr\u00e8s Modern Warehouse est un rendez-vous r\u00e9gulier dans le calendrier des \u00e9v\u00e9nements du secteur, et cette fois-ci ne d\u00e9rogera pas \u00e0 la r\u00e8gle. Nous nous r\u00e9jouissons d'ores et d\u00e9j\u00e0 de vous rencontrer \u00e0 nouveau.\",\"breadcrumb\":{\"@id\":\"https:\/\/antersystem.com\/fr\/nouvelles\/congress-modern-warehouse\/#breadcrumb\"},\"inLanguage\":\"fr-FR\",\"potentialAction\":[{\"@type\":\"ReadAction\",\"target\":[\"https:\/\/antersystem.com\/fr\/nouvelles\/congress-modern-warehouse\/\"]}]},{\"@type\":\"ImageObject\",\"inLanguage\":\"fr-FR\",\"@id\":\"https:\/\/antersystem.com\/fr\/nouvelles\/congress-modern-warehouse\/#primaryimage\",\"url\":\"https:\/\/antersystem.com\/wp-content\/uploads\/Modern-Warehouse-Anter-System-2023-1024x683.png\",\"contentUrl\":\"https:\/\/antersystem.com\/wp-content\/uploads\/Modern-Warehouse-Anter-System-2023-1024x683.png\"},{\"@type\":\"BreadcrumbList\",\"@id\":\"https:\/\/antersystem.com\/fr\/nouvelles\/congress-modern-warehouse\/#breadcrumb\",\"itemListElement\":[{\"@type\":\"ListItem\",\"position\":1,\"name\":\"AnterSystem\",\"item\":\"https:\/\/antersystem.com\/fr\/\"},{\"@type\":\"ListItem\",\"position\":2,\"name\":\"Actualit\u00e9s\",\"item\":\"https:\/\/antersystem.com\/fr\/nouvelles\/\"},{\"@type\":\"ListItem\",\"position\":3,\"name\":\"Entrep\u00f4t moderne du Congr\u00e8s\"}]},{\"@type\":\"WebSite\",\"@id\":\"https:\/\/antersystem.com\/fr\/#website\",\"url\":\"https:\/\/antersystem.com\/fr\/\",\"name\":\"Anter System\",\"description\":\"Jeste\u015bmy polskim producentem elastycznych barier ochronnych wykonywanych z polimerowych tworzyw sztucznych. Na rynku krajowym i zagranicznym dzia\u0142amy od ponad 15 lat dbaj\u0105c o zapewnienie bezpiecze\u0144stwa w zak\u0142adach produkcyjnych, magazynach oraz centrach logistycznych.\",\"potentialAction\":[{\"@type\":\"SearchAction\",\"target\":{\"@type\":\"EntryPoint\",\"urlTemplate\":\"https:\/\/antersystem.com\/fr\/?s={search_term_string}\"},\"query-input\":{\"@type\":\"PropertyValueSpecification\",\"valueRequired\":true,\"valueName\":\"search_term_string\"}}],\"inLanguage\":\"fr-FR\"}]}<\/script>\n<!-- \/ Yoast SEO plugin. -->","yoast_head_json":{"title":"Entrep\u00f4t moderne du Congr\u00e8s - Anter System","description":"Organis\u00e9 par le magazine Nowoczesny Magazyn, le congr\u00e8s Modern Warehouse est un rendez-vous r\u00e9gulier dans le calendrier des \u00e9v\u00e9nements du secteur, et cette fois-ci ne d\u00e9rogera pas \u00e0 la r\u00e8gle. Nous nous r\u00e9jouissons d'ores et d\u00e9j\u00e0 de vous rencontrer \u00e0 nouveau.","robots":{"index":"index","follow":"follow","max-snippet":"max-snippet:-1","max-image-preview":"max-image-preview:large","max-video-preview":"max-video-preview:-1"},"canonical":"https:\/\/antersystem.com\/fr\/nouvelles\/congress-modern-warehouse\/","og_locale":"fr_FR","og_type":"article","og_title":"Entrep\u00f4t moderne du Congr\u00e8s - Anter System","og_description":"Organis\u00e9 par le magazine Nowoczesny Magazyn, le congr\u00e8s Modern Warehouse est un rendez-vous r\u00e9gulier dans le calendrier des \u00e9v\u00e9nements du secteur, et cette fois-ci ne d\u00e9rogera pas \u00e0 la r\u00e8gle. Nous nous r\u00e9jouissons d'ores et d\u00e9j\u00e0 de vous rencontrer \u00e0 nouveau.","og_url":"https:\/\/antersystem.com\/fr\/nouvelles\/congress-modern-warehouse\/","og_site_name":"Anter System","article_modified_time":"2026-01-30T13:29:28+00:00","og_image":[{"url":"https:\/\/antersystem.com\/wp-content\/uploads\/Modern-Warehouse-Anter-System-2023-1024x683.png","type":"","width":"","height":""}],"twitter_card":"summary_large_image","twitter_misc":{"Dur\u00e9e de lecture estim\u00e9e":"2 minutes"},"schema":{"@context":"https:\/\/schema.org","@graph":[{"@type":"WebPage","@id":"https:\/\/antersystem.com\/fr\/nouvelles\/congress-modern-warehouse\/","url":"https:\/\/antersystem.com\/fr\/nouvelles\/congress-modern-warehouse\/","name":"Entrep\u00f4t moderne du Congr\u00e8s - Anter System","isPartOf":{"@id":"https:\/\/antersystem.com\/fr\/#website"},"primaryImageOfPage":{"@id":"https:\/\/antersystem.com\/fr\/nouvelles\/congress-modern-warehouse\/#primaryimage"},"image":{"@id":"https:\/\/antersystem.com\/fr\/nouvelles\/congress-modern-warehouse\/#primaryimage"},"thumbnailUrl":"https:\/\/antersystem.com\/wp-content\/uploads\/Modern-Warehouse-Anter-System-2023-1024x683.png","datePublished":"2023-11-16T14:30:28+00:00","dateModified":"2026-01-30T13:29:28+00:00","description":"Organis\u00e9 par le magazine Nowoczesny Magazyn, le congr\u00e8s Modern Warehouse est un rendez-vous r\u00e9gulier dans le calendrier des \u00e9v\u00e9nements du secteur, et cette fois-ci ne d\u00e9rogera pas \u00e0 la r\u00e8gle. Nous nous r\u00e9jouissons d'ores et d\u00e9j\u00e0 de vous rencontrer \u00e0 nouveau.","breadcrumb":{"@id":"https:\/\/antersystem.com\/fr\/nouvelles\/congress-modern-warehouse\/#breadcrumb"},"inLanguage":"fr-FR","potentialAction":[{"@type":"ReadAction","target":["https:\/\/antersystem.com\/fr\/nouvelles\/congress-modern-warehouse\/"]}]},{"@type":"ImageObject","inLanguage":"fr-FR","@id":"https:\/\/antersystem.com\/fr\/nouvelles\/congress-modern-warehouse\/#primaryimage","url":"https:\/\/antersystem.com\/wp-content\/uploads\/Modern-Warehouse-Anter-System-2023-1024x683.png","contentUrl":"https:\/\/antersystem.com\/wp-content\/uploads\/Modern-Warehouse-Anter-System-2023-1024x683.png"},{"@type":"BreadcrumbList","@id":"https:\/\/antersystem.com\/fr\/nouvelles\/congress-modern-warehouse\/#breadcrumb","itemListElement":[{"@type":"ListItem","position":1,"name":"AnterSystem","item":"https:\/\/antersystem.com\/fr\/"},{"@type":"ListItem","position":2,"name":"Actualit\u00e9s","item":"https:\/\/antersystem.com\/fr\/nouvelles\/"},{"@type":"ListItem","position":3,"name":"Entrep\u00f4t moderne du Congr\u00e8s"}]},{"@type":"WebSite","@id":"https:\/\/antersystem.com\/fr\/#website","url":"https:\/\/antersystem.com\/fr\/","name":"Anter System","description":"Jeste\u015bmy polskim producentem elastycznych barier ochronnych wykonywanych z polimerowych tworzyw sztucznych. Na rynku krajowym i zagranicznym dzia\u0142amy od ponad 15 lat dbaj\u0105c o zapewnienie bezpiecze\u0144stwa w zak\u0142adach produkcyjnych, magazynach oraz centrach logistycznych.","potentialAction":[{"@type":"SearchAction","target":{"@type":"EntryPoint","urlTemplate":"https:\/\/antersystem.com\/fr\/?s={search_term_string}"},"query-input":{"@type":"PropertyValueSpecification","valueRequired":true,"valueName":"search_term_string"}}],"inLanguage":"fr-FR"}]}},"_links":{"self":[{"href":"https:\/\/antersystem.com\/fr\/wp-json\/wp\/v2\/pages\/15460","targetHints":{"allow":["GET"]}}],"collection":[{"href":"https:\/\/antersystem.com\/fr\/wp-json\/wp\/v2\/pages"}],"about":[{"href":"https:\/\/antersystem.com\/fr\/wp-json\/wp\/v2\/types\/page"}],"author":[{"embeddable":true,"href":"https:\/\/antersystem.com\/fr\/wp-json\/wp\/v2\/users\/1"}],"replies":[{"embeddable":true,"href":"https:\/\/antersystem.com\/fr\/wp-json\/wp\/v2\/comments?post=15460"}],"version-history":[{"count":1,"href":"https:\/\/antersystem.com\/fr\/wp-json\/wp\/v2\/pages\/15460\/revisions"}],"predecessor-version":[{"id":15467,"href":"https:\/\/antersystem.com\/fr\/wp-json\/wp\/v2\/pages\/15460\/revisions\/15467"}],"up":[{"embeddable":true,"href":"https:\/\/antersystem.com\/fr\/wp-json\/wp\/v2\/pages\/30302"}],"wp:attachment":[{"href":"https:\/\/antersystem.com\/fr\/wp-json\/wp\/v2\/media?parent=15460"}],"curies":[{"name":"wp","href":"https:\/\/api.w.org\/{rel}","templated":true}]}}