{"id":15495,"date":"2023-10-16T10:41:27","date_gmt":"2023-10-16T08:41:27","guid":{"rendered":"https:\/\/new.antersystem.com\/safe-space-wall-protection\/"},"modified":"2026-01-30T14:29:28","modified_gmt":"2026-01-30T13:29:28","slug":"safe-space-wall-protection","status":"publish","type":"page","link":"https:\/\/antersystem.com\/fr\/nouvelles\/safe-space-wall-protection\/","title":{"rendered":"Espace s\u00e9curis\u00e9 \u00ab\u00a0Bezpieczna przestrze\u0144\u00a0\u00bb"},"content":{"rendered":"\n<div class=\"wp-block-columns is-layout-flex wp-container-core-columns-is-layout-9d6595d7 wp-block-columns-is-layout-flex\">\n<div class=\"wp-block-column is-layout-flow wp-block-column-is-layout-flow\" style=\"flex-basis:10%\"><\/div>\n\n\n\n<div class=\"wp-block-column is-layout-flow wp-block-column-is-layout-flow\">\n<h3 class=\"wp-block-heading\">Espace de s\u00e9curit\u00e9. Protection des murs &#8211; Syst\u00e8mes de s\u00e9curit\u00e9 en polym\u00e8re pour les entrep\u00f4ts et les installations industrielles<\/h3>\n\n\n\n<p style=\"text-align: left;\">L&rsquo;\u00e9dition de juin 2019 du magazine <em>Top Logistyk<\/em> a pr\u00e9sent\u00e9 un article sur la protection des murs &#8211; des structures de protection verticales de conception modulaire, permettant de cr\u00e9er des murs de s\u00e9curit\u00e9 de n&rsquo;importe quelle longueur et de n&rsquo;importe quelle forme g\u00e9om\u00e9trique. Gr\u00e2ce \u00e0 leur flexibilit\u00e9, ces syst\u00e8mes permettent de construire des murs de protection ajour\u00e9s de n&rsquo;importe quelle hauteur, parfaitement adapt\u00e9s aux entrep\u00f4ts modernes et aux environnements industriels.<\/p>\n<p>D\u00e9couvrez les avantages des syst\u00e8mes de s\u00e9curit\u00e9 \u00e0 base de polym\u00e8res dans l&rsquo;article de <em>Top Logistyk<\/em> ci-dessous.<\/p>\n<p>&nbsp;<\/p>\n<p>&nbsp;<\/p>\n<\/div>\n\n\n\n<div class=\"wp-block-column is-layout-flow wp-block-column-is-layout-flow\" style=\"flex-basis:10%\"><\/div>\n<\/div>\n\n<div data-wp-interactive=\"core\/file\" class=\"wp-block-file\"><object data-wp-bind--hidden=\"!state.hasPdfPreview\" hidden class=\"wp-block-file__embed\" data=\"https:\/\/antersystem.com\/wp-content\/uploads\/Anter-System_artykul_Bezpieczna-przestrzen.pdf\" type=\"application\/pdf\" style=\"width:100%;height:600px\" aria-label=\"Contenu embarqu\u00e9 Anter-System_artykul_Bezpieczna-przestrzen.\"><\/object><a id=\"wp-block-file--media-ee450cea-ca59-4ce4-8c22-729773c7fc8d\" href=\"https:\/\/antersystem.com\/wp-content\/uploads\/Anter-System_artykul_Bezpieczna-przestrzen.pdf\">Anter-System_artykul_Bezpieczna-przestrzen<\/a><a href=\"https:\/\/antersystem.com\/wp-content\/uploads\/Anter-System_artykul_Bezpieczna-przestrzen.pdf\" class=\"wp-block-file__button wp-element-button\" download=\"\" aria-describedby=\"wp-block-file--media-ee450cea-ca59-4ce4-8c22-729773c7fc8d\">T\u00e9l\u00e9charger<\/a><\/div>\n","protected":false},"excerpt":{"rendered":"<p>Espace de s\u00e9curit\u00e9. Protection des murs &#8211; Syst\u00e8mes de s\u00e9curit\u00e9 en polym\u00e8re pour les entrep\u00f4ts et les installations industrielles L&rsquo;\u00e9dition de juin 2019 du magazine Top Logistyk a pr\u00e9sent\u00e9 un article sur la protection des murs &#8211; des structures de protection verticales de conception modulaire, permettant de cr\u00e9er des murs de s\u00e9curit\u00e9 de n&rsquo;importe quelle [&hellip;]<\/p>\n","protected":false},"author":1,"featured_media":0,"parent":30302,"menu_order":0,"comment_status":"closed","ping_status":"closed","template":"","meta":{"inline_featured_image":false,"ngg_post_thumbnail":0,"footnotes":""},"class_list":["post-15495","page","type-page","status-publish","hentry"],"acf":[],"yoast_head":"<!-- This site is optimized with the Yoast SEO plugin v27.0 - https:\/\/yoast.com\/product\/yoast-seo-wordpress\/ -->\n<title>Espace s\u00e9curis\u00e9 &quot;Bezpieczna przestrze\u0144&quot; - Anter System<\/title>\n<meta name=\"description\" content=\"Espace de s\u00e9curit\u00e9. Protection des murs - Syst\u00e8mes de s\u00e9curit\u00e9 en polym\u00e8re pour les entrep\u00f4ts et les installations industrielles L&#039;\u00e9dition de juin 2019 du\" \/>\n<meta name=\"robots\" content=\"index, follow, max-snippet:-1, max-image-preview:large, max-video-preview:-1\" \/>\n<link rel=\"canonical\" href=\"https:\/\/antersystem.com\/fr\/nouvelles\/safe-space-wall-protection\/\" \/>\n<meta property=\"og:locale\" content=\"fr_FR\" \/>\n<meta property=\"og:type\" content=\"article\" \/>\n<meta property=\"og:title\" content=\"Espace s\u00e9curis\u00e9 &quot;Bezpieczna przestrze\u0144&quot; - Anter System\" \/>\n<meta property=\"og:description\" content=\"Espace de s\u00e9curit\u00e9. Protection des murs - Syst\u00e8mes de s\u00e9curit\u00e9 en polym\u00e8re pour les entrep\u00f4ts et les installations industrielles L&#039;\u00e9dition de juin 2019 du\" \/>\n<meta property=\"og:url\" content=\"https:\/\/antersystem.com\/fr\/nouvelles\/safe-space-wall-protection\/\" \/>\n<meta property=\"og:site_name\" content=\"Anter System\" \/>\n<meta property=\"article:modified_time\" content=\"2026-01-30T13:29:28+00:00\" \/>\n<meta name=\"twitter:card\" content=\"summary_large_image\" \/>\n<meta name=\"twitter:label1\" content=\"Dur\u00e9e de lecture estim\u00e9e\" \/>\n\t<meta name=\"twitter:data1\" content=\"1 minute\" \/>\n<script type=\"application\/ld+json\" class=\"yoast-schema-graph\">{\"@context\":\"https:\/\/schema.org\",\"@graph\":[{\"@type\":\"WebPage\",\"@id\":\"https:\/\/antersystem.com\/fr\/nouvelles\/safe-space-wall-protection\/\",\"url\":\"https:\/\/antersystem.com\/fr\/nouvelles\/safe-space-wall-protection\/\",\"name\":\"Espace s\u00e9curis\u00e9 \\\"Bezpieczna przestrze\u0144\\\" - Anter System\",\"isPartOf\":{\"@id\":\"https:\/\/antersystem.com\/fr\/#website\"},\"datePublished\":\"2023-10-16T08:41:27+00:00\",\"dateModified\":\"2026-01-30T13:29:28+00:00\",\"description\":\"Espace de s\u00e9curit\u00e9. Protection des murs - Syst\u00e8mes de s\u00e9curit\u00e9 en polym\u00e8re pour les entrep\u00f4ts et les installations industrielles L'\u00e9dition de juin 2019 du\",\"breadcrumb\":{\"@id\":\"https:\/\/antersystem.com\/fr\/nouvelles\/safe-space-wall-protection\/#breadcrumb\"},\"inLanguage\":\"fr-FR\",\"potentialAction\":[{\"@type\":\"ReadAction\",\"target\":[\"https:\/\/antersystem.com\/fr\/nouvelles\/safe-space-wall-protection\/\"]}]},{\"@type\":\"BreadcrumbList\",\"@id\":\"https:\/\/antersystem.com\/fr\/nouvelles\/safe-space-wall-protection\/#breadcrumb\",\"itemListElement\":[{\"@type\":\"ListItem\",\"position\":1,\"name\":\"AnterSystem\",\"item\":\"https:\/\/antersystem.com\/fr\/\"},{\"@type\":\"ListItem\",\"position\":2,\"name\":\"Actualit\u00e9s\",\"item\":\"https:\/\/antersystem.com\/fr\/nouvelles\/\"},{\"@type\":\"ListItem\",\"position\":3,\"name\":\"Espace s\u00e9curis\u00e9 &#8220;Bezpieczna przestrze\u0144&#8221;\"}]},{\"@type\":\"WebSite\",\"@id\":\"https:\/\/antersystem.com\/fr\/#website\",\"url\":\"https:\/\/antersystem.com\/fr\/\",\"name\":\"Anter System\",\"description\":\"Jeste\u015bmy polskim producentem elastycznych barier ochronnych wykonywanych z polimerowych tworzyw sztucznych. Na rynku krajowym i zagranicznym dzia\u0142amy od ponad 15 lat dbaj\u0105c o zapewnienie bezpiecze\u0144stwa w zak\u0142adach produkcyjnych, magazynach oraz centrach logistycznych.\",\"potentialAction\":[{\"@type\":\"SearchAction\",\"target\":{\"@type\":\"EntryPoint\",\"urlTemplate\":\"https:\/\/antersystem.com\/fr\/?s={search_term_string}\"},\"query-input\":{\"@type\":\"PropertyValueSpecification\",\"valueRequired\":true,\"valueName\":\"search_term_string\"}}],\"inLanguage\":\"fr-FR\"}]}<\/script>\n<!-- \/ Yoast SEO plugin. -->","yoast_head_json":{"title":"Espace s\u00e9curis\u00e9 \"Bezpieczna przestrze\u0144\" - Anter System","description":"Espace de s\u00e9curit\u00e9. Protection des murs - Syst\u00e8mes de s\u00e9curit\u00e9 en polym\u00e8re pour les entrep\u00f4ts et les installations industrielles L'\u00e9dition de juin 2019 du","robots":{"index":"index","follow":"follow","max-snippet":"max-snippet:-1","max-image-preview":"max-image-preview:large","max-video-preview":"max-video-preview:-1"},"canonical":"https:\/\/antersystem.com\/fr\/nouvelles\/safe-space-wall-protection\/","og_locale":"fr_FR","og_type":"article","og_title":"Espace s\u00e9curis\u00e9 \"Bezpieczna przestrze\u0144\" - Anter System","og_description":"Espace de s\u00e9curit\u00e9. Protection des murs - Syst\u00e8mes de s\u00e9curit\u00e9 en polym\u00e8re pour les entrep\u00f4ts et les installations industrielles L'\u00e9dition de juin 2019 du","og_url":"https:\/\/antersystem.com\/fr\/nouvelles\/safe-space-wall-protection\/","og_site_name":"Anter System","article_modified_time":"2026-01-30T13:29:28+00:00","twitter_card":"summary_large_image","twitter_misc":{"Dur\u00e9e de lecture estim\u00e9e":"1 minute"},"schema":{"@context":"https:\/\/schema.org","@graph":[{"@type":"WebPage","@id":"https:\/\/antersystem.com\/fr\/nouvelles\/safe-space-wall-protection\/","url":"https:\/\/antersystem.com\/fr\/nouvelles\/safe-space-wall-protection\/","name":"Espace s\u00e9curis\u00e9 \"Bezpieczna przestrze\u0144\" - Anter System","isPartOf":{"@id":"https:\/\/antersystem.com\/fr\/#website"},"datePublished":"2023-10-16T08:41:27+00:00","dateModified":"2026-01-30T13:29:28+00:00","description":"Espace de s\u00e9curit\u00e9. Protection des murs - Syst\u00e8mes de s\u00e9curit\u00e9 en polym\u00e8re pour les entrep\u00f4ts et les installations industrielles L'\u00e9dition de juin 2019 du","breadcrumb":{"@id":"https:\/\/antersystem.com\/fr\/nouvelles\/safe-space-wall-protection\/#breadcrumb"},"inLanguage":"fr-FR","potentialAction":[{"@type":"ReadAction","target":["https:\/\/antersystem.com\/fr\/nouvelles\/safe-space-wall-protection\/"]}]},{"@type":"BreadcrumbList","@id":"https:\/\/antersystem.com\/fr\/nouvelles\/safe-space-wall-protection\/#breadcrumb","itemListElement":[{"@type":"ListItem","position":1,"name":"AnterSystem","item":"https:\/\/antersystem.com\/fr\/"},{"@type":"ListItem","position":2,"name":"Actualit\u00e9s","item":"https:\/\/antersystem.com\/fr\/nouvelles\/"},{"@type":"ListItem","position":3,"name":"Espace s\u00e9curis\u00e9 &#8220;Bezpieczna przestrze\u0144&#8221;"}]},{"@type":"WebSite","@id":"https:\/\/antersystem.com\/fr\/#website","url":"https:\/\/antersystem.com\/fr\/","name":"Anter System","description":"Jeste\u015bmy polskim producentem elastycznych barier ochronnych wykonywanych z polimerowych tworzyw sztucznych. Na rynku krajowym i zagranicznym dzia\u0142amy od ponad 15 lat dbaj\u0105c o zapewnienie bezpiecze\u0144stwa w zak\u0142adach produkcyjnych, magazynach oraz centrach logistycznych.","potentialAction":[{"@type":"SearchAction","target":{"@type":"EntryPoint","urlTemplate":"https:\/\/antersystem.com\/fr\/?s={search_term_string}"},"query-input":{"@type":"PropertyValueSpecification","valueRequired":true,"valueName":"search_term_string"}}],"inLanguage":"fr-FR"}]}},"_links":{"self":[{"href":"https:\/\/antersystem.com\/fr\/wp-json\/wp\/v2\/pages\/15495","targetHints":{"allow":["GET"]}}],"collection":[{"href":"https:\/\/antersystem.com\/fr\/wp-json\/wp\/v2\/pages"}],"about":[{"href":"https:\/\/antersystem.com\/fr\/wp-json\/wp\/v2\/types\/page"}],"author":[{"embeddable":true,"href":"https:\/\/antersystem.com\/fr\/wp-json\/wp\/v2\/users\/1"}],"replies":[{"embeddable":true,"href":"https:\/\/antersystem.com\/fr\/wp-json\/wp\/v2\/comments?post=15495"}],"version-history":[{"count":1,"href":"https:\/\/antersystem.com\/fr\/wp-json\/wp\/v2\/pages\/15495\/revisions"}],"predecessor-version":[{"id":15499,"href":"https:\/\/antersystem.com\/fr\/wp-json\/wp\/v2\/pages\/15495\/revisions\/15499"}],"up":[{"embeddable":true,"href":"https:\/\/antersystem.com\/fr\/wp-json\/wp\/v2\/pages\/30302"}],"wp:attachment":[{"href":"https:\/\/antersystem.com\/fr\/wp-json\/wp\/v2\/media?parent=15495"}],"curies":[{"name":"wp","href":"https:\/\/api.w.org\/{rel}","templated":true}]}}