{"id":15588,"date":"2024-03-26T13:03:30","date_gmt":"2024-03-26T12:03:30","guid":{"rendered":"https:\/\/new.antersystem.com\/sawo-2024\/"},"modified":"2026-01-30T14:29:28","modified_gmt":"2026-01-30T13:29:28","slug":"sawo-2024","status":"publish","type":"page","link":"https:\/\/antersystem.com\/fr\/nouvelles\/sawo-2024\/","title":{"rendered":"Foires commerciales de la SAWO"},"content":{"rendered":"\n<div class=\"wp-block-columns is-layout-flex wp-container-core-columns-is-layout-9d6595d7 wp-block-columns-is-layout-flex\">\n<div class=\"wp-block-column is-layout-flow wp-block-column-is-layout-flow\" style=\"flex-basis:10%\"><\/div>\n\n\n\n<div class=\"wp-block-column is-layout-flow wp-block-column-is-layout-flow\">\n<h3 class=\"wp-block-heading\">S\u00e9curit\u00e9 au travail et interventions d&rsquo;urgence &#8211; Salon SAWO&rsquo;24 \u00e0 Pozna\u0144.<\/h3>\n\n\n\n<p>Si les halls de production, les entrep\u00f4ts et les autres installations industrielles \u00e9taient mieux prot\u00e9g\u00e9s, le nombre d&rsquo;accidents serait certainement beaucoup plus faible. Il semble que le d\u00e9veloppement des connaissances dans ce domaine pourrait \u00eatre infini &#8211; et c&rsquo;est une bonne chose. Une autre occasion de le faire se pr\u00e9sentera dans la seconde moiti\u00e9 du mois d&rsquo;avril, du 23 au 25 avril, \u00e0 Pozna\u0144. Le <strong>salon international de la s\u00e9curit\u00e9 au travail, de la protection contre l&rsquo;incendie et du sauvetage SAWO<\/strong> est le plus grand salon de la SST en Europe centrale et orientale.<\/p>\n\n\n\n<p>Au cours de cet \u00e9v\u00e9nement, les derni\u00e8res r\u00e9alisations des <strong>fabricants<\/strong> polonais et internationaux <strong>d&rsquo;\u00e9quipements et de solutions d\u00e9di\u00e9s \u00e0 la s\u00e9curit\u00e9, \u00e0 la protection de la sant\u00e9 et au travail<\/strong> seront pr\u00e9sent\u00e9es. Le salon SAWO est \u00e9galement un espace de pr\u00e9sentation des technologies de pointe utilis\u00e9es dans les op\u00e9rations de sauvetage sp\u00e9cialis\u00e9es. Les visiteurs peuvent s&rsquo;attendre non seulement \u00e0 une exposition vari\u00e9e, mais aussi \u00e0 la possibilit\u00e9 de participer \u00e0 des conf\u00e9rences th\u00e9matiques et \u00e0 des d\u00e9monstrations spectaculaires en direct.<\/p>\n\n\n\n<p>Les discussions sur la mani\u00e8re de prot\u00e9ger correctement les employ\u00e9s et les biens de l&rsquo;entreprise contre les cons\u00e9quences des erreurs humaines et des accidents se poursuivent depuis des ann\u00e9es. L&rsquo;un des principaux d\u00e9fis auxquels sont confront\u00e9s les employeurs modernes est la n\u00e9cessit\u00e9 d&rsquo;adapter la protection des installations \u00e0 l&rsquo;\u00e9volution dynamique des conditions du march\u00e9, ainsi qu&rsquo;aux nouvelles solutions et technologies. Nous avons l&rsquo;intention de partager nos connaissances sur ce sujet lors du salon SAWO.<\/p>\n\n\n\n<p>Parmi les plus grands <a href=\"https:\/\/antersystem.com\/nasze-systemy\/\"><strong>des barri\u00e8res souples Anter System sont leur robustesse et leur<\/strong><\/a> sont leur robustesse et la possibilit\u00e9 de les compl\u00e9ter par des modules suppl\u00e9mentaires. Leur prix abordable &#8211; en particulier par rapport \u00e0 la qualit\u00e9 du produit &#8211; est \u00e9galement important. Les barri\u00e8res souples augmentent le niveau de s\u00e9curit\u00e9 des op\u00e9rations impliquant des chariots \u00e9l\u00e9vateurs, en aidant \u00e0 prot\u00e9ger les autres employ\u00e9s des cons\u00e9quences des erreurs de l&rsquo;op\u00e9rateur. En m\u00eame temps, l&rsquo;utilisation de barri\u00e8res d&rsquo;absorption d&rsquo;\u00e9nergie dans les installations industrielles entra\u00eene des r\u00e9ductions de co\u00fbts mesurables et \u00e0 long terme, gr\u00e2ce \u00e0 une meilleure protection des charges et \u00e0 l&rsquo;optimisation de l&rsquo;espace d&rsquo;entreposage. Ces produits permettent un stockage s\u00fbr et pratique des marchandises \u00e0 grande hauteur, sans risque de d\u00e9placement accidentel, par exemple.<\/p>\n\n\n\n<p>Alors, rendez-vous \u00e0 la prochaine \u00e9dition ! Nous vous invitons \u00e0 d\u00e9couvrir nos produits de plus pr\u00e8s : <strong>Hall 3A (rez-de-chauss\u00e9e), stand n\u00b0 121<\/strong>.<\/p>\n\n\n\n<p>Lien de l&rsquo;\u00e9v\u00e9nement : <a href=\"https:\/\/targisawo.pl\/pl\/program-wydarzen\/\"><strong>targisawo.pl<\/strong><\/a><\/p>\n\n\n\n<p><strong>#SAWO #tradefair #rescue #OHS<\/strong> <strong>#flexiblesafetybarriers<\/strong><\/p>\n<\/div>\n\n\n\n<div class=\"wp-block-column is-layout-flow wp-block-column-is-layout-flow\" style=\"flex-basis:10%\"><\/div>\n<\/div>\n<div class=\"wp-block-image\">\n<figure class=\"aligncenter size-large is-resized\"><img loading=\"lazy\" decoding=\"async\" width=\"1024\" height=\"535\" src=\"https:\/\/antersystem.com\/wp-content\/uploads\/SAWO-targi-ochrony-pracy-pozarnictwa-i-ratownictwa-Anter-System-1024x535.webp\" alt=\"\" class=\"wp-image-4389\" style=\"width:720px;height:auto\" srcset=\"https:\/\/antersystem.com\/wp-content\/uploads\/SAWO-targi-ochrony-pracy-pozarnictwa-i-ratownictwa-Anter-System-1024x535.webp 1024w, https:\/\/antersystem.com\/wp-content\/uploads\/SAWO-targi-ochrony-pracy-pozarnictwa-i-ratownictwa-Anter-System-300x157.webp 300w, https:\/\/antersystem.com\/wp-content\/uploads\/SAWO-targi-ochrony-pracy-pozarnictwa-i-ratownictwa-Anter-System-768x401.webp 768w, https:\/\/antersystem.com\/wp-content\/uploads\/SAWO-targi-ochrony-pracy-pozarnictwa-i-ratownictwa-Anter-System-450x235.webp 450w, https:\/\/antersystem.com\/wp-content\/uploads\/SAWO-targi-ochrony-pracy-pozarnictwa-i-ratownictwa-Anter-System-330x172.webp 330w, https:\/\/antersystem.com\/wp-content\/uploads\/SAWO-targi-ochrony-pracy-pozarnictwa-i-ratownictwa-Anter-System.webp 1200w\" sizes=\"auto, (max-width: 1024px) 100vw, 1024px\" \/><\/figure><\/div>","protected":false},"excerpt":{"rendered":"<p>S\u00e9curit\u00e9 au travail et interventions d&rsquo;urgence &#8211; Salon SAWO&rsquo;24 \u00e0 Pozna\u0144. Si les halls de production, les entrep\u00f4ts et les autres installations industrielles \u00e9taient mieux prot\u00e9g\u00e9s, le nombre d&rsquo;accidents serait certainement beaucoup plus faible. Il semble que le d\u00e9veloppement des connaissances dans ce domaine pourrait \u00eatre infini &#8211; et c&rsquo;est une bonne chose. Une autre [&hellip;]<\/p>\n","protected":false},"author":1,"featured_media":0,"parent":30302,"menu_order":0,"comment_status":"closed","ping_status":"closed","template":"","meta":{"inline_featured_image":false,"ngg_post_thumbnail":0,"footnotes":""},"class_list":["post-15588","page","type-page","status-publish","hentry"],"acf":[],"yoast_head":"<!-- This site is optimized with the Yoast SEO plugin v27.0 - https:\/\/yoast.com\/product\/yoast-seo-wordpress\/ -->\n<title>Foires commerciales de la SAWO - Anter System<\/title>\n<meta name=\"description\" content=\"S\u00e9curit\u00e9 au travail et interventions d&#039;urgence - Salon SAWO&#039;24 \u00e0 Pozna\u0144. Si les halls de production, les entrep\u00f4ts et les autres installations\" \/>\n<meta name=\"robots\" content=\"index, follow, max-snippet:-1, max-image-preview:large, max-video-preview:-1\" \/>\n<link rel=\"canonical\" href=\"https:\/\/antersystem.com\/fr\/nouvelles\/sawo-2024\/\" \/>\n<meta property=\"og:locale\" content=\"fr_FR\" \/>\n<meta property=\"og:type\" content=\"article\" \/>\n<meta property=\"og:title\" content=\"Foires commerciales de la SAWO - Anter System\" \/>\n<meta property=\"og:description\" content=\"S\u00e9curit\u00e9 au travail et interventions d&#039;urgence - Salon SAWO&#039;24 \u00e0 Pozna\u0144. Si les halls de production, les entrep\u00f4ts et les autres installations\" \/>\n<meta property=\"og:url\" content=\"https:\/\/antersystem.com\/fr\/nouvelles\/sawo-2024\/\" \/>\n<meta property=\"og:site_name\" content=\"Anter System\" \/>\n<meta property=\"article:modified_time\" content=\"2026-01-30T13:29:28+00:00\" \/>\n<meta property=\"og:image\" content=\"https:\/\/antersystem.com\/wp-content\/uploads\/SAWO-targi-ochrony-pracy-pozarnictwa-i-ratownictwa-Anter-System-1024x535.webp\" \/>\n<meta name=\"twitter:card\" content=\"summary_large_image\" \/>\n<meta name=\"twitter:label1\" content=\"Dur\u00e9e de lecture estim\u00e9e\" \/>\n\t<meta name=\"twitter:data1\" content=\"2 minutes\" \/>\n<script type=\"application\/ld+json\" class=\"yoast-schema-graph\">{\"@context\":\"https:\/\/schema.org\",\"@graph\":[{\"@type\":\"WebPage\",\"@id\":\"https:\/\/antersystem.com\/fr\/nouvelles\/sawo-2024\/\",\"url\":\"https:\/\/antersystem.com\/fr\/nouvelles\/sawo-2024\/\",\"name\":\"Foires commerciales de la SAWO - Anter System\",\"isPartOf\":{\"@id\":\"https:\/\/antersystem.com\/fr\/#website\"},\"primaryImageOfPage\":{\"@id\":\"https:\/\/antersystem.com\/fr\/nouvelles\/sawo-2024\/#primaryimage\"},\"image\":{\"@id\":\"https:\/\/antersystem.com\/fr\/nouvelles\/sawo-2024\/#primaryimage\"},\"thumbnailUrl\":\"https:\/\/antersystem.com\/wp-content\/uploads\/SAWO-targi-ochrony-pracy-pozarnictwa-i-ratownictwa-Anter-System-1024x535.webp\",\"datePublished\":\"2024-03-26T12:03:30+00:00\",\"dateModified\":\"2026-01-30T13:29:28+00:00\",\"description\":\"S\u00e9curit\u00e9 au travail et interventions d'urgence - Salon SAWO'24 \u00e0 Pozna\u0144. Si les halls de production, les entrep\u00f4ts et les autres installations\",\"breadcrumb\":{\"@id\":\"https:\/\/antersystem.com\/fr\/nouvelles\/sawo-2024\/#breadcrumb\"},\"inLanguage\":\"fr-FR\",\"potentialAction\":[{\"@type\":\"ReadAction\",\"target\":[\"https:\/\/antersystem.com\/fr\/nouvelles\/sawo-2024\/\"]}]},{\"@type\":\"ImageObject\",\"inLanguage\":\"fr-FR\",\"@id\":\"https:\/\/antersystem.com\/fr\/nouvelles\/sawo-2024\/#primaryimage\",\"url\":\"https:\/\/antersystem.com\/wp-content\/uploads\/SAWO-targi-ochrony-pracy-pozarnictwa-i-ratownictwa-Anter-System-1024x535.webp\",\"contentUrl\":\"https:\/\/antersystem.com\/wp-content\/uploads\/SAWO-targi-ochrony-pracy-pozarnictwa-i-ratownictwa-Anter-System-1024x535.webp\"},{\"@type\":\"BreadcrumbList\",\"@id\":\"https:\/\/antersystem.com\/fr\/nouvelles\/sawo-2024\/#breadcrumb\",\"itemListElement\":[{\"@type\":\"ListItem\",\"position\":1,\"name\":\"AnterSystem\",\"item\":\"https:\/\/antersystem.com\/fr\/\"},{\"@type\":\"ListItem\",\"position\":2,\"name\":\"Actualit\u00e9s\",\"item\":\"https:\/\/antersystem.com\/fr\/nouvelles\/\"},{\"@type\":\"ListItem\",\"position\":3,\"name\":\"Foires commerciales de la SAWO\"}]},{\"@type\":\"WebSite\",\"@id\":\"https:\/\/antersystem.com\/fr\/#website\",\"url\":\"https:\/\/antersystem.com\/fr\/\",\"name\":\"Anter System\",\"description\":\"Jeste\u015bmy polskim producentem elastycznych barier ochronnych wykonywanych z polimerowych tworzyw sztucznych. Na rynku krajowym i zagranicznym dzia\u0142amy od ponad 15 lat dbaj\u0105c o zapewnienie bezpiecze\u0144stwa w zak\u0142adach produkcyjnych, magazynach oraz centrach logistycznych.\",\"potentialAction\":[{\"@type\":\"SearchAction\",\"target\":{\"@type\":\"EntryPoint\",\"urlTemplate\":\"https:\/\/antersystem.com\/fr\/?s={search_term_string}\"},\"query-input\":{\"@type\":\"PropertyValueSpecification\",\"valueRequired\":true,\"valueName\":\"search_term_string\"}}],\"inLanguage\":\"fr-FR\"}]}<\/script>\n<!-- \/ Yoast SEO plugin. -->","yoast_head_json":{"title":"Foires commerciales de la SAWO - Anter System","description":"S\u00e9curit\u00e9 au travail et interventions d'urgence - Salon SAWO'24 \u00e0 Pozna\u0144. Si les halls de production, les entrep\u00f4ts et les autres installations","robots":{"index":"index","follow":"follow","max-snippet":"max-snippet:-1","max-image-preview":"max-image-preview:large","max-video-preview":"max-video-preview:-1"},"canonical":"https:\/\/antersystem.com\/fr\/nouvelles\/sawo-2024\/","og_locale":"fr_FR","og_type":"article","og_title":"Foires commerciales de la SAWO - Anter System","og_description":"S\u00e9curit\u00e9 au travail et interventions d'urgence - Salon SAWO'24 \u00e0 Pozna\u0144. Si les halls de production, les entrep\u00f4ts et les autres installations","og_url":"https:\/\/antersystem.com\/fr\/nouvelles\/sawo-2024\/","og_site_name":"Anter System","article_modified_time":"2026-01-30T13:29:28+00:00","og_image":[{"url":"https:\/\/antersystem.com\/wp-content\/uploads\/SAWO-targi-ochrony-pracy-pozarnictwa-i-ratownictwa-Anter-System-1024x535.webp","type":"","width":"","height":""}],"twitter_card":"summary_large_image","twitter_misc":{"Dur\u00e9e de lecture estim\u00e9e":"2 minutes"},"schema":{"@context":"https:\/\/schema.org","@graph":[{"@type":"WebPage","@id":"https:\/\/antersystem.com\/fr\/nouvelles\/sawo-2024\/","url":"https:\/\/antersystem.com\/fr\/nouvelles\/sawo-2024\/","name":"Foires commerciales de la SAWO - Anter System","isPartOf":{"@id":"https:\/\/antersystem.com\/fr\/#website"},"primaryImageOfPage":{"@id":"https:\/\/antersystem.com\/fr\/nouvelles\/sawo-2024\/#primaryimage"},"image":{"@id":"https:\/\/antersystem.com\/fr\/nouvelles\/sawo-2024\/#primaryimage"},"thumbnailUrl":"https:\/\/antersystem.com\/wp-content\/uploads\/SAWO-targi-ochrony-pracy-pozarnictwa-i-ratownictwa-Anter-System-1024x535.webp","datePublished":"2024-03-26T12:03:30+00:00","dateModified":"2026-01-30T13:29:28+00:00","description":"S\u00e9curit\u00e9 au travail et interventions d'urgence - Salon SAWO'24 \u00e0 Pozna\u0144. Si les halls de production, les entrep\u00f4ts et les autres installations","breadcrumb":{"@id":"https:\/\/antersystem.com\/fr\/nouvelles\/sawo-2024\/#breadcrumb"},"inLanguage":"fr-FR","potentialAction":[{"@type":"ReadAction","target":["https:\/\/antersystem.com\/fr\/nouvelles\/sawo-2024\/"]}]},{"@type":"ImageObject","inLanguage":"fr-FR","@id":"https:\/\/antersystem.com\/fr\/nouvelles\/sawo-2024\/#primaryimage","url":"https:\/\/antersystem.com\/wp-content\/uploads\/SAWO-targi-ochrony-pracy-pozarnictwa-i-ratownictwa-Anter-System-1024x535.webp","contentUrl":"https:\/\/antersystem.com\/wp-content\/uploads\/SAWO-targi-ochrony-pracy-pozarnictwa-i-ratownictwa-Anter-System-1024x535.webp"},{"@type":"BreadcrumbList","@id":"https:\/\/antersystem.com\/fr\/nouvelles\/sawo-2024\/#breadcrumb","itemListElement":[{"@type":"ListItem","position":1,"name":"AnterSystem","item":"https:\/\/antersystem.com\/fr\/"},{"@type":"ListItem","position":2,"name":"Actualit\u00e9s","item":"https:\/\/antersystem.com\/fr\/nouvelles\/"},{"@type":"ListItem","position":3,"name":"Foires commerciales de la SAWO"}]},{"@type":"WebSite","@id":"https:\/\/antersystem.com\/fr\/#website","url":"https:\/\/antersystem.com\/fr\/","name":"Anter System","description":"Jeste\u015bmy polskim producentem elastycznych barier ochronnych wykonywanych z polimerowych tworzyw sztucznych. Na rynku krajowym i zagranicznym dzia\u0142amy od ponad 15 lat dbaj\u0105c o zapewnienie bezpiecze\u0144stwa w zak\u0142adach produkcyjnych, magazynach oraz centrach logistycznych.","potentialAction":[{"@type":"SearchAction","target":{"@type":"EntryPoint","urlTemplate":"https:\/\/antersystem.com\/fr\/?s={search_term_string}"},"query-input":{"@type":"PropertyValueSpecification","valueRequired":true,"valueName":"search_term_string"}}],"inLanguage":"fr-FR"}]}},"_links":{"self":[{"href":"https:\/\/antersystem.com\/fr\/wp-json\/wp\/v2\/pages\/15588","targetHints":{"allow":["GET"]}}],"collection":[{"href":"https:\/\/antersystem.com\/fr\/wp-json\/wp\/v2\/pages"}],"about":[{"href":"https:\/\/antersystem.com\/fr\/wp-json\/wp\/v2\/types\/page"}],"author":[{"embeddable":true,"href":"https:\/\/antersystem.com\/fr\/wp-json\/wp\/v2\/users\/1"}],"replies":[{"embeddable":true,"href":"https:\/\/antersystem.com\/fr\/wp-json\/wp\/v2\/comments?post=15588"}],"version-history":[{"count":1,"href":"https:\/\/antersystem.com\/fr\/wp-json\/wp\/v2\/pages\/15588\/revisions"}],"predecessor-version":[{"id":15591,"href":"https:\/\/antersystem.com\/fr\/wp-json\/wp\/v2\/pages\/15588\/revisions\/15591"}],"up":[{"embeddable":true,"href":"https:\/\/antersystem.com\/fr\/wp-json\/wp\/v2\/pages\/30302"}],"wp:attachment":[{"href":"https:\/\/antersystem.com\/fr\/wp-json\/wp\/v2\/media?parent=15588"}],"curies":[{"name":"wp","href":"https:\/\/api.w.org\/{rel}","templated":true}]}}