{"id":15596,"date":"2023-12-07T09:34:39","date_gmt":"2023-12-07T08:34:39","guid":{"rendered":"https:\/\/new.antersystem.com\/forbes-diamonds-2024\/"},"modified":"2026-01-30T14:29:28","modified_gmt":"2026-01-30T13:29:28","slug":"forbes-diamonds-2024","status":"publish","type":"page","link":"https:\/\/antersystem.com\/fr\/nouvelles\/forbes-diamonds-2024\/","title":{"rendered":"Diamants Forbes 2024"},"content":{"rendered":"\n<div class=\"wp-block-columns is-layout-flex wp-container-core-columns-is-layout-9d6595d7 wp-block-columns-is-layout-flex\">\n  \n  <div class=\"wp-block-column is-layout-flow wp-block-column-is-layout-flow\" style=\"flex-basis:10%\"><\/div>\n  \n\n  \n  <div class=\"wp-block-column is-layout-flow wp-block-column-is-layout-flow\">\n    \n    <h3 class=\"wp-block-heading\"><strong>Anter System a re\u00e7u le Forbes Diamonds Poland 2024 comme l&rsquo;une des entreprises au d\u00e9veloppement le plus dynamique.<\/strong><\/h3>\n    \n\n    \n    <h4>Un mot de notre part<\/h4>\n    <p>Notre histoire n&rsquo;est pas un sc\u00e9nario de film. Il n&rsquo;y a pas de rebondissements dramatiques ou de co\u00efncidences improbables &#8211; m\u00eame si, comme beaucoup d&rsquo;entrepreneurs en Pologne, nous avons certainement eu notre part de d\u00e9fis \u00e0 relever. Les fondateurs et copropri\u00e9taires ne cherchent pas \u00e0 jouer les super-h\u00e9ros, et pourtant la marque Anter System ne cesse de se renforcer. Elle repose sur des relations coh\u00e9rentes avec les clients et sur la satisfaction de leurs besoins r\u00e9els. Nous nous adaptons en permanence \u00e0 l&rsquo;\u00e9volution des conditions et nous d\u00e9ployons beaucoup d&rsquo;efforts pour maintenir notre visibilit\u00e9 sur le march\u00e9. Le concept de barri\u00e8res de s\u00e9curit\u00e9 souples est encore loin d&rsquo;\u00eatre \u00e9vident dans notre secteur, c&rsquo;est pourquoi notre mission \u00e9ducative reste un \u00e9l\u00e9ment important de notre travail.<\/p>\n\n    <p>C&rsquo;est pourquoi nous sommes particuli\u00e8rement reconnaissants d&rsquo;avoir \u00e9t\u00e9 inclus dans la liste Forbes Diamonds 2024. Ce prix prestigieux renforce notre cr\u00e9dibilit\u00e9 aux yeux de nos partenaires et distributeurs, et nous encourage \u00e0 affiner encore notre mod\u00e8le d&rsquo;innovation et \u00e0 atteindre des march\u00e9s plus vastes. Nous sommes motiv\u00e9s pour continuer \u00e0 am\u00e9liorer notre offre et \u00e0 d\u00e9velopper des solutions qui servent encore mieux nos clients.<\/p>\n\n    <h4>Qu&rsquo;est-ce que les diamants Forbes ?<\/h4>\n    <p>La liste Forbes Diamonds est \u00e9tablie au nom de l&rsquo;\u00e9quipe \u00e9ditoriale du magazine Forbes. Son objectif est de mettre en lumi\u00e8re et de r\u00e9compenser les entreprises qui se d\u00e9veloppent le plus dynamiquement en Pologne. Le classement classe les entreprises en fonction de leur taux de croissance et de leurs performances financi\u00e8res au cours des trois derni\u00e8res ann\u00e9es, en mettant l&rsquo;accent sur la stabilit\u00e9 et le potentiel de chaque entreprise. Il constitue une source d&rsquo;information importante pour les investisseurs et les partenaires commerciaux. Les entreprises sont r\u00e9compens\u00e9es dans trois cat\u00e9gories en fonction de leur chiffre d&rsquo;affaires : de 5 \u00e0 50 millions de PLN, de 50 \u00e0 250 millions de PLN et plus de 250 millions de PLN. Les institutions financi\u00e8res telles que les banques sont exclues du classement.<\/p>\n\n    <p>\u00ab\u00a0<em>Le fait de figurer dans le classement Forbes Diamonds est une preuve de courage et de strat\u00e9gies commerciales efficaces, bien adapt\u00e9es aux p\u00e9riodes de turbulences\u00a0\u00bb,<\/em> a d\u00e9clar\u00e9 Ewa \u0141uniewska, vice-pr\u00e9sidente du conseil d&rsquo;administration de l&rsquo;ING Bank \u015al\u0105ski, le partenaire strat\u00e9gique du concours.<\/p>\n    <p>&nbsp;<\/p>\n    \n\n    <div class=\"wp-block-image\">\n    <figure class=\"aligncenter size-large is-resized\"><img loading=\"lazy\" decoding=\"async\" width=\"1024\" height=\"535\" src=\"https:\/\/antersystem.com\/wp-content\/uploads\/Diamenty-Forbes-2024-Anter-System-1024x535.jpg\" alt=\"Anter System - Prix Forbes Diamonds 2024\" class=\"wp-image-3741\" style=\"width:709px;height:auto\" srcset=\"https:\/\/antersystem.com\/wp-content\/uploads\/Diamenty-Forbes-2024-Anter-System-1024x535.jpg 1024w, https:\/\/antersystem.com\/wp-content\/uploads\/Diamenty-Forbes-2024-Anter-System-300x157.jpg 300w, https:\/\/antersystem.com\/wp-content\/uploads\/Diamenty-Forbes-2024-Anter-System-768x401.jpg 768w, https:\/\/antersystem.com\/wp-content\/uploads\/Diamenty-Forbes-2024-Anter-System-450x235.jpg 450w, https:\/\/antersystem.com\/wp-content\/uploads\/Diamenty-Forbes-2024-Anter-System-330x172.jpg 330w, https:\/\/antersystem.com\/wp-content\/uploads\/Diamenty-Forbes-2024-Anter-System.jpg 1200w\" sizes=\"auto, (max-width: 1024px) 100vw, 1024px\" \/><\/figure><\/div>\n  <\/div>\n  \n\n  \n  <div class=\"wp-block-column is-layout-flow wp-block-column-is-layout-flow\" style=\"flex-basis:10%\"><\/div>\n  \n<\/div>\n","protected":false},"excerpt":{"rendered":"<p>Anter System a re\u00e7u le Forbes Diamonds Poland 2024 comme l&rsquo;une des entreprises au d\u00e9veloppement le plus dynamique. Un mot de notre part Notre histoire n&rsquo;est pas un sc\u00e9nario de film. Il n&rsquo;y a pas de rebondissements dramatiques ou de co\u00efncidences improbables &#8211; m\u00eame si, comme beaucoup d&rsquo;entrepreneurs en Pologne, nous avons certainement eu notre [&hellip;]<\/p>\n","protected":false},"author":1,"featured_media":0,"parent":30302,"menu_order":0,"comment_status":"closed","ping_status":"closed","template":"","meta":{"inline_featured_image":false,"ngg_post_thumbnail":0,"footnotes":""},"class_list":["post-15596","page","type-page","status-publish","hentry"],"acf":[],"yoast_head":"<!-- This site is optimized with the Yoast SEO plugin v27.0 - https:\/\/yoast.com\/product\/yoast-seo-wordpress\/ -->\n<title>Diamants Forbes 2024 - Anter System<\/title>\n<meta name=\"description\" content=\"Anter System a re\u00e7u le Forbes Diamonds Poland 2024 comme l&#039;une des entreprises au d\u00e9veloppement le plus dynamique. Un mot de notre part Notre histoire\" \/>\n<meta name=\"robots\" content=\"index, follow, max-snippet:-1, max-image-preview:large, max-video-preview:-1\" \/>\n<link rel=\"canonical\" href=\"https:\/\/antersystem.com\/fr\/nouvelles\/forbes-diamonds-2024\/\" \/>\n<meta property=\"og:locale\" content=\"fr_FR\" \/>\n<meta property=\"og:type\" content=\"article\" \/>\n<meta property=\"og:title\" content=\"Diamants Forbes 2024 - Anter System\" \/>\n<meta property=\"og:description\" content=\"Anter System a re\u00e7u le Forbes Diamonds Poland 2024 comme l&#039;une des entreprises au d\u00e9veloppement le plus dynamique. Un mot de notre part Notre histoire\" \/>\n<meta property=\"og:url\" content=\"https:\/\/antersystem.com\/fr\/nouvelles\/forbes-diamonds-2024\/\" \/>\n<meta property=\"og:site_name\" content=\"Anter System\" \/>\n<meta property=\"article:modified_time\" content=\"2026-01-30T13:29:28+00:00\" \/>\n<meta property=\"og:image\" content=\"https:\/\/antersystem.com\/wp-content\/uploads\/Diamenty-Forbes-2024-Anter-System-1024x535.jpg\" \/>\n<meta name=\"twitter:card\" content=\"summary_large_image\" \/>\n<meta name=\"twitter:label1\" content=\"Dur\u00e9e de lecture estim\u00e9e\" \/>\n\t<meta name=\"twitter:data1\" content=\"2 minutes\" \/>\n<script type=\"application\/ld+json\" class=\"yoast-schema-graph\">{\"@context\":\"https:\/\/schema.org\",\"@graph\":[{\"@type\":\"WebPage\",\"@id\":\"https:\/\/antersystem.com\/fr\/nouvelles\/forbes-diamonds-2024\/\",\"url\":\"https:\/\/antersystem.com\/fr\/nouvelles\/forbes-diamonds-2024\/\",\"name\":\"Diamants Forbes 2024 - Anter System\",\"isPartOf\":{\"@id\":\"https:\/\/antersystem.com\/fr\/#website\"},\"primaryImageOfPage\":{\"@id\":\"https:\/\/antersystem.com\/fr\/nouvelles\/forbes-diamonds-2024\/#primaryimage\"},\"image\":{\"@id\":\"https:\/\/antersystem.com\/fr\/nouvelles\/forbes-diamonds-2024\/#primaryimage\"},\"thumbnailUrl\":\"https:\/\/antersystem.com\/wp-content\/uploads\/Diamenty-Forbes-2024-Anter-System-1024x535.jpg\",\"datePublished\":\"2023-12-07T08:34:39+00:00\",\"dateModified\":\"2026-01-30T13:29:28+00:00\",\"description\":\"Anter System a re\u00e7u le Forbes Diamonds Poland 2024 comme l'une des entreprises au d\u00e9veloppement le plus dynamique. Un mot de notre part Notre histoire\",\"breadcrumb\":{\"@id\":\"https:\/\/antersystem.com\/fr\/nouvelles\/forbes-diamonds-2024\/#breadcrumb\"},\"inLanguage\":\"fr-FR\",\"potentialAction\":[{\"@type\":\"ReadAction\",\"target\":[\"https:\/\/antersystem.com\/fr\/nouvelles\/forbes-diamonds-2024\/\"]}]},{\"@type\":\"ImageObject\",\"inLanguage\":\"fr-FR\",\"@id\":\"https:\/\/antersystem.com\/fr\/nouvelles\/forbes-diamonds-2024\/#primaryimage\",\"url\":\"https:\/\/antersystem.com\/wp-content\/uploads\/Diamenty-Forbes-2024-Anter-System-1024x535.jpg\",\"contentUrl\":\"https:\/\/antersystem.com\/wp-content\/uploads\/Diamenty-Forbes-2024-Anter-System-1024x535.jpg\"},{\"@type\":\"BreadcrumbList\",\"@id\":\"https:\/\/antersystem.com\/fr\/nouvelles\/forbes-diamonds-2024\/#breadcrumb\",\"itemListElement\":[{\"@type\":\"ListItem\",\"position\":1,\"name\":\"AnterSystem\",\"item\":\"https:\/\/antersystem.com\/fr\/\"},{\"@type\":\"ListItem\",\"position\":2,\"name\":\"Actualit\u00e9s\",\"item\":\"https:\/\/antersystem.com\/fr\/nouvelles\/\"},{\"@type\":\"ListItem\",\"position\":3,\"name\":\"Diamants Forbes 2024\"}]},{\"@type\":\"WebSite\",\"@id\":\"https:\/\/antersystem.com\/fr\/#website\",\"url\":\"https:\/\/antersystem.com\/fr\/\",\"name\":\"Anter System\",\"description\":\"Jeste\u015bmy polskim producentem elastycznych barier ochronnych wykonywanych z polimerowych tworzyw sztucznych. Na rynku krajowym i zagranicznym dzia\u0142amy od ponad 15 lat dbaj\u0105c o zapewnienie bezpiecze\u0144stwa w zak\u0142adach produkcyjnych, magazynach oraz centrach logistycznych.\",\"potentialAction\":[{\"@type\":\"SearchAction\",\"target\":{\"@type\":\"EntryPoint\",\"urlTemplate\":\"https:\/\/antersystem.com\/fr\/?s={search_term_string}\"},\"query-input\":{\"@type\":\"PropertyValueSpecification\",\"valueRequired\":true,\"valueName\":\"search_term_string\"}}],\"inLanguage\":\"fr-FR\"}]}<\/script>\n<!-- \/ Yoast SEO plugin. -->","yoast_head_json":{"title":"Diamants Forbes 2024 - Anter System","description":"Anter System a re\u00e7u le Forbes Diamonds Poland 2024 comme l'une des entreprises au d\u00e9veloppement le plus dynamique. Un mot de notre part Notre histoire","robots":{"index":"index","follow":"follow","max-snippet":"max-snippet:-1","max-image-preview":"max-image-preview:large","max-video-preview":"max-video-preview:-1"},"canonical":"https:\/\/antersystem.com\/fr\/nouvelles\/forbes-diamonds-2024\/","og_locale":"fr_FR","og_type":"article","og_title":"Diamants Forbes 2024 - Anter System","og_description":"Anter System a re\u00e7u le Forbes Diamonds Poland 2024 comme l'une des entreprises au d\u00e9veloppement le plus dynamique. Un mot de notre part Notre histoire","og_url":"https:\/\/antersystem.com\/fr\/nouvelles\/forbes-diamonds-2024\/","og_site_name":"Anter System","article_modified_time":"2026-01-30T13:29:28+00:00","og_image":[{"url":"https:\/\/antersystem.com\/wp-content\/uploads\/Diamenty-Forbes-2024-Anter-System-1024x535.jpg","type":"","width":"","height":""}],"twitter_card":"summary_large_image","twitter_misc":{"Dur\u00e9e de lecture estim\u00e9e":"2 minutes"},"schema":{"@context":"https:\/\/schema.org","@graph":[{"@type":"WebPage","@id":"https:\/\/antersystem.com\/fr\/nouvelles\/forbes-diamonds-2024\/","url":"https:\/\/antersystem.com\/fr\/nouvelles\/forbes-diamonds-2024\/","name":"Diamants Forbes 2024 - Anter System","isPartOf":{"@id":"https:\/\/antersystem.com\/fr\/#website"},"primaryImageOfPage":{"@id":"https:\/\/antersystem.com\/fr\/nouvelles\/forbes-diamonds-2024\/#primaryimage"},"image":{"@id":"https:\/\/antersystem.com\/fr\/nouvelles\/forbes-diamonds-2024\/#primaryimage"},"thumbnailUrl":"https:\/\/antersystem.com\/wp-content\/uploads\/Diamenty-Forbes-2024-Anter-System-1024x535.jpg","datePublished":"2023-12-07T08:34:39+00:00","dateModified":"2026-01-30T13:29:28+00:00","description":"Anter System a re\u00e7u le Forbes Diamonds Poland 2024 comme l'une des entreprises au d\u00e9veloppement le plus dynamique. Un mot de notre part Notre histoire","breadcrumb":{"@id":"https:\/\/antersystem.com\/fr\/nouvelles\/forbes-diamonds-2024\/#breadcrumb"},"inLanguage":"fr-FR","potentialAction":[{"@type":"ReadAction","target":["https:\/\/antersystem.com\/fr\/nouvelles\/forbes-diamonds-2024\/"]}]},{"@type":"ImageObject","inLanguage":"fr-FR","@id":"https:\/\/antersystem.com\/fr\/nouvelles\/forbes-diamonds-2024\/#primaryimage","url":"https:\/\/antersystem.com\/wp-content\/uploads\/Diamenty-Forbes-2024-Anter-System-1024x535.jpg","contentUrl":"https:\/\/antersystem.com\/wp-content\/uploads\/Diamenty-Forbes-2024-Anter-System-1024x535.jpg"},{"@type":"BreadcrumbList","@id":"https:\/\/antersystem.com\/fr\/nouvelles\/forbes-diamonds-2024\/#breadcrumb","itemListElement":[{"@type":"ListItem","position":1,"name":"AnterSystem","item":"https:\/\/antersystem.com\/fr\/"},{"@type":"ListItem","position":2,"name":"Actualit\u00e9s","item":"https:\/\/antersystem.com\/fr\/nouvelles\/"},{"@type":"ListItem","position":3,"name":"Diamants Forbes 2024"}]},{"@type":"WebSite","@id":"https:\/\/antersystem.com\/fr\/#website","url":"https:\/\/antersystem.com\/fr\/","name":"Anter System","description":"Jeste\u015bmy polskim producentem elastycznych barier ochronnych wykonywanych z polimerowych tworzyw sztucznych. Na rynku krajowym i zagranicznym dzia\u0142amy od ponad 15 lat dbaj\u0105c o zapewnienie bezpiecze\u0144stwa w zak\u0142adach produkcyjnych, magazynach oraz centrach logistycznych.","potentialAction":[{"@type":"SearchAction","target":{"@type":"EntryPoint","urlTemplate":"https:\/\/antersystem.com\/fr\/?s={search_term_string}"},"query-input":{"@type":"PropertyValueSpecification","valueRequired":true,"valueName":"search_term_string"}}],"inLanguage":"fr-FR"}]}},"_links":{"self":[{"href":"https:\/\/antersystem.com\/fr\/wp-json\/wp\/v2\/pages\/15596","targetHints":{"allow":["GET"]}}],"collection":[{"href":"https:\/\/antersystem.com\/fr\/wp-json\/wp\/v2\/pages"}],"about":[{"href":"https:\/\/antersystem.com\/fr\/wp-json\/wp\/v2\/types\/page"}],"author":[{"embeddable":true,"href":"https:\/\/antersystem.com\/fr\/wp-json\/wp\/v2\/users\/1"}],"replies":[{"embeddable":true,"href":"https:\/\/antersystem.com\/fr\/wp-json\/wp\/v2\/comments?post=15596"}],"version-history":[{"count":1,"href":"https:\/\/antersystem.com\/fr\/wp-json\/wp\/v2\/pages\/15596\/revisions"}],"predecessor-version":[{"id":15599,"href":"https:\/\/antersystem.com\/fr\/wp-json\/wp\/v2\/pages\/15596\/revisions\/15599"}],"up":[{"embeddable":true,"href":"https:\/\/antersystem.com\/fr\/wp-json\/wp\/v2\/pages\/30302"}],"wp:attachment":[{"href":"https:\/\/antersystem.com\/fr\/wp-json\/wp\/v2\/media?parent=15596"}],"curies":[{"name":"wp","href":"https:\/\/api.w.org\/{rel}","templated":true}]}}