{"id":15644,"date":"2023-10-09T09:58:06","date_gmt":"2023-10-09T07:58:06","guid":{"rendered":"https:\/\/new.antersystem.com\/modernlog-2023\/"},"modified":"2026-01-30T14:29:27","modified_gmt":"2026-01-30T13:29:27","slug":"modernlog-2023","status":"publish","type":"page","link":"https:\/\/antersystem.com\/fr\/nouvelles\/modernlog-2023\/","title":{"rendered":"Modernlog 2023"},"content":{"rendered":"\n<div class=\"wp-block-columns is-layout-flex wp-container-core-columns-is-layout-9d6595d7 wp-block-columns-is-layout-flex\">\n<div class=\"wp-block-column is-layout-flow wp-block-column-is-layout-flow\" style=\"flex-basis:10%\"><\/div>\n\n\n\n<div class=\"wp-block-column is-layout-flow wp-block-column-is-layout-flow\">\n<h3 class=\"wp-block-heading\">Anter System \u00e0 Modernlog 2023<\/h3>\n\n\n\n<p style=\"text-align: left;\">Nous sommes ravis d&rsquo;avoir particip\u00e9 \u00e0 MODERNLOG &#8211; le principal salon professionnel du secteur de la logistique, de l&rsquo;entreposage et du transport. En tant que fabricant renomm\u00e9 de barri\u00e8res de s\u00e9curit\u00e9 souples, Anter System a eu l&rsquo;occasion de pr\u00e9senter ses solutions innovantes \u00e0 un large public de professionnels.<\/p>\n<p style=\"text-align: left;\">Nous vous invitons \u00e0 regarder notre vid\u00e9o r\u00e9capitulative de l&rsquo;\u00e9v\u00e9nement. D\u00e9couvrez comment nous pr\u00e9sentons nos solutions con\u00e7ues pour optimiser les op\u00e9rations logistiques en augmentant la s\u00e9curit\u00e9 et l&rsquo;efficacit\u00e9 dans les entrep\u00f4ts. La vid\u00e9o met \u00e9galement en lumi\u00e8re nos interactions avec les clients et les partenaires, ainsi que notre participation \u00e0 des discussions inspirantes sur l&rsquo;avenir du secteur.<\/p>\n<p style=\"text-align: left;\">Au cours du salon Modernlog, nos barri\u00e8res de s\u00e9curit\u00e9 flexibles ont \u00e9t\u00e9 reconnues par de nombreux sp\u00e9cialistes du secteur, confirmant qu&rsquo;Anter System est \u00e0 la pointe de l&rsquo;innovation en mati\u00e8re de s\u00e9curit\u00e9 dans les entrep\u00f4ts.<\/p>\n<p style=\"text-align: left;\">Nous vous invitons chaleureusement \u00e0 regarder la vid\u00e9o et \u00e0 vous impr\u00e9gner de l&rsquo;atmosph\u00e8re de cet \u00e9v\u00e9nement inspirant. D\u00e9couvrez comment Anter System contribue \u00e0 fa\u00e7onner l&rsquo;avenir du secteur de la logistique.<\/p>\n\n\n<p><video style=\"width: 100%; height: auto;\" controls><source src=\"https:\/\/antersystem.com\/wp-content\/uploads\/antersystem_small_Modernlog.mp4\" type=\"video\/mp4\"><\/video><\/p>\n<\/div>\n\n\n\n<div class=\"wp-block-column is-layout-flow wp-block-column-is-layout-flow\" style=\"flex-basis:10%\"><\/div>\n<\/div>\n","protected":false},"excerpt":{"rendered":"<p>Anter System \u00e0 Modernlog 2023 Nous sommes ravis d&rsquo;avoir particip\u00e9 \u00e0 MODERNLOG &#8211; le principal salon professionnel du secteur de la logistique, de l&rsquo;entreposage et du transport. En tant que fabricant renomm\u00e9 de barri\u00e8res de s\u00e9curit\u00e9 souples, Anter System a eu l&rsquo;occasion de pr\u00e9senter ses solutions innovantes \u00e0 un large public de professionnels. Nous vous [&hellip;]<\/p>\n","protected":false},"author":1,"featured_media":0,"parent":30302,"menu_order":0,"comment_status":"closed","ping_status":"closed","template":"","meta":{"inline_featured_image":false,"ngg_post_thumbnail":0,"footnotes":""},"class_list":["post-15644","page","type-page","status-publish","hentry"],"acf":[],"yoast_head":"<!-- This site is optimized with the Yoast SEO plugin v27.0 - https:\/\/yoast.com\/product\/yoast-seo-wordpress\/ -->\n<title>Modernlog 2023 - Anter System<\/title>\n<meta name=\"description\" content=\"Anter System, jako renomowany producent elastycznych barier ochronnych, mia\u0142 niezwyk\u0142\u0105 okazj\u0119, aby zaprezentowa\u0107 swoje innowacyjne rozwi\u0105zania szerokiej publiczno\u015bci z bran\u017cy podczas targ\u00f3w Modernlog 2023.\" \/>\n<meta name=\"robots\" content=\"index, follow, max-snippet:-1, max-image-preview:large, max-video-preview:-1\" \/>\n<link rel=\"canonical\" href=\"https:\/\/antersystem.com\/fr\/nouvelles\/modernlog-2023\/\" \/>\n<meta property=\"og:locale\" content=\"fr_FR\" \/>\n<meta property=\"og:type\" content=\"article\" \/>\n<meta property=\"og:title\" content=\"Modernlog 2023 - Anter System\" \/>\n<meta property=\"og:description\" content=\"Anter System, jako renomowany producent elastycznych barier ochronnych, mia\u0142 niezwyk\u0142\u0105 okazj\u0119, aby zaprezentowa\u0107 swoje innowacyjne rozwi\u0105zania szerokiej publiczno\u015bci z bran\u017cy podczas targ\u00f3w Modernlog 2023.\" \/>\n<meta property=\"og:url\" content=\"https:\/\/antersystem.com\/fr\/nouvelles\/modernlog-2023\/\" \/>\n<meta property=\"og:site_name\" content=\"Anter System\" \/>\n<meta property=\"article:modified_time\" content=\"2026-01-30T13:29:27+00:00\" \/>\n<meta name=\"twitter:card\" content=\"summary_large_image\" \/>\n<meta name=\"twitter:label1\" content=\"Dur\u00e9e de lecture estim\u00e9e\" \/>\n\t<meta name=\"twitter:data1\" content=\"1 minute\" \/>\n<script type=\"application\/ld+json\" class=\"yoast-schema-graph\">{\"@context\":\"https:\/\/schema.org\",\"@graph\":[{\"@type\":\"WebPage\",\"@id\":\"https:\/\/antersystem.com\/fr\/nouvelles\/modernlog-2023\/\",\"url\":\"https:\/\/antersystem.com\/fr\/nouvelles\/modernlog-2023\/\",\"name\":\"Modernlog 2023 - Anter System\",\"isPartOf\":{\"@id\":\"https:\/\/antersystem.com\/fr\/#website\"},\"datePublished\":\"2023-10-09T07:58:06+00:00\",\"dateModified\":\"2026-01-30T13:29:27+00:00\",\"description\":\"Anter System, jako renomowany producent elastycznych barier ochronnych, mia\u0142 niezwyk\u0142\u0105 okazj\u0119, aby zaprezentowa\u0107 swoje innowacyjne rozwi\u0105zania szerokiej publiczno\u015bci z bran\u017cy podczas targ\u00f3w Modernlog 2023.\",\"breadcrumb\":{\"@id\":\"https:\/\/antersystem.com\/fr\/nouvelles\/modernlog-2023\/#breadcrumb\"},\"inLanguage\":\"fr-FR\",\"potentialAction\":[{\"@type\":\"ReadAction\",\"target\":[\"https:\/\/antersystem.com\/fr\/nouvelles\/modernlog-2023\/\"]}]},{\"@type\":\"BreadcrumbList\",\"@id\":\"https:\/\/antersystem.com\/fr\/nouvelles\/modernlog-2023\/#breadcrumb\",\"itemListElement\":[{\"@type\":\"ListItem\",\"position\":1,\"name\":\"AnterSystem\",\"item\":\"https:\/\/antersystem.com\/fr\/\"},{\"@type\":\"ListItem\",\"position\":2,\"name\":\"Actualit\u00e9s\",\"item\":\"https:\/\/antersystem.com\/fr\/nouvelles\/\"},{\"@type\":\"ListItem\",\"position\":3,\"name\":\"Modernlog 2023\"}]},{\"@type\":\"WebSite\",\"@id\":\"https:\/\/antersystem.com\/fr\/#website\",\"url\":\"https:\/\/antersystem.com\/fr\/\",\"name\":\"Anter System\",\"description\":\"Jeste\u015bmy polskim producentem elastycznych barier ochronnych wykonywanych z polimerowych tworzyw sztucznych. Na rynku krajowym i zagranicznym dzia\u0142amy od ponad 15 lat dbaj\u0105c o zapewnienie bezpiecze\u0144stwa w zak\u0142adach produkcyjnych, magazynach oraz centrach logistycznych.\",\"potentialAction\":[{\"@type\":\"SearchAction\",\"target\":{\"@type\":\"EntryPoint\",\"urlTemplate\":\"https:\/\/antersystem.com\/fr\/?s={search_term_string}\"},\"query-input\":{\"@type\":\"PropertyValueSpecification\",\"valueRequired\":true,\"valueName\":\"search_term_string\"}}],\"inLanguage\":\"fr-FR\"}]}<\/script>\n<!-- \/ Yoast SEO plugin. -->","yoast_head_json":{"title":"Modernlog 2023 - Anter System","description":"Anter System, jako renomowany producent elastycznych barier ochronnych, mia\u0142 niezwyk\u0142\u0105 okazj\u0119, aby zaprezentowa\u0107 swoje innowacyjne rozwi\u0105zania szerokiej publiczno\u015bci z bran\u017cy podczas targ\u00f3w Modernlog 2023.","robots":{"index":"index","follow":"follow","max-snippet":"max-snippet:-1","max-image-preview":"max-image-preview:large","max-video-preview":"max-video-preview:-1"},"canonical":"https:\/\/antersystem.com\/fr\/nouvelles\/modernlog-2023\/","og_locale":"fr_FR","og_type":"article","og_title":"Modernlog 2023 - Anter System","og_description":"Anter System, jako renomowany producent elastycznych barier ochronnych, mia\u0142 niezwyk\u0142\u0105 okazj\u0119, aby zaprezentowa\u0107 swoje innowacyjne rozwi\u0105zania szerokiej publiczno\u015bci z bran\u017cy podczas targ\u00f3w Modernlog 2023.","og_url":"https:\/\/antersystem.com\/fr\/nouvelles\/modernlog-2023\/","og_site_name":"Anter System","article_modified_time":"2026-01-30T13:29:27+00:00","twitter_card":"summary_large_image","twitter_misc":{"Dur\u00e9e de lecture estim\u00e9e":"1 minute"},"schema":{"@context":"https:\/\/schema.org","@graph":[{"@type":"WebPage","@id":"https:\/\/antersystem.com\/fr\/nouvelles\/modernlog-2023\/","url":"https:\/\/antersystem.com\/fr\/nouvelles\/modernlog-2023\/","name":"Modernlog 2023 - Anter System","isPartOf":{"@id":"https:\/\/antersystem.com\/fr\/#website"},"datePublished":"2023-10-09T07:58:06+00:00","dateModified":"2026-01-30T13:29:27+00:00","description":"Anter System, jako renomowany producent elastycznych barier ochronnych, mia\u0142 niezwyk\u0142\u0105 okazj\u0119, aby zaprezentowa\u0107 swoje innowacyjne rozwi\u0105zania szerokiej publiczno\u015bci z bran\u017cy podczas targ\u00f3w Modernlog 2023.","breadcrumb":{"@id":"https:\/\/antersystem.com\/fr\/nouvelles\/modernlog-2023\/#breadcrumb"},"inLanguage":"fr-FR","potentialAction":[{"@type":"ReadAction","target":["https:\/\/antersystem.com\/fr\/nouvelles\/modernlog-2023\/"]}]},{"@type":"BreadcrumbList","@id":"https:\/\/antersystem.com\/fr\/nouvelles\/modernlog-2023\/#breadcrumb","itemListElement":[{"@type":"ListItem","position":1,"name":"AnterSystem","item":"https:\/\/antersystem.com\/fr\/"},{"@type":"ListItem","position":2,"name":"Actualit\u00e9s","item":"https:\/\/antersystem.com\/fr\/nouvelles\/"},{"@type":"ListItem","position":3,"name":"Modernlog 2023"}]},{"@type":"WebSite","@id":"https:\/\/antersystem.com\/fr\/#website","url":"https:\/\/antersystem.com\/fr\/","name":"Anter System","description":"Jeste\u015bmy polskim producentem elastycznych barier ochronnych wykonywanych z polimerowych tworzyw sztucznych. Na rynku krajowym i zagranicznym dzia\u0142amy od ponad 15 lat dbaj\u0105c o zapewnienie bezpiecze\u0144stwa w zak\u0142adach produkcyjnych, magazynach oraz centrach logistycznych.","potentialAction":[{"@type":"SearchAction","target":{"@type":"EntryPoint","urlTemplate":"https:\/\/antersystem.com\/fr\/?s={search_term_string}"},"query-input":{"@type":"PropertyValueSpecification","valueRequired":true,"valueName":"search_term_string"}}],"inLanguage":"fr-FR"}]}},"_links":{"self":[{"href":"https:\/\/antersystem.com\/fr\/wp-json\/wp\/v2\/pages\/15644","targetHints":{"allow":["GET"]}}],"collection":[{"href":"https:\/\/antersystem.com\/fr\/wp-json\/wp\/v2\/pages"}],"about":[{"href":"https:\/\/antersystem.com\/fr\/wp-json\/wp\/v2\/types\/page"}],"author":[{"embeddable":true,"href":"https:\/\/antersystem.com\/fr\/wp-json\/wp\/v2\/users\/1"}],"replies":[{"embeddable":true,"href":"https:\/\/antersystem.com\/fr\/wp-json\/wp\/v2\/comments?post=15644"}],"version-history":[{"count":1,"href":"https:\/\/antersystem.com\/fr\/wp-json\/wp\/v2\/pages\/15644\/revisions"}],"predecessor-version":[{"id":15651,"href":"https:\/\/antersystem.com\/fr\/wp-json\/wp\/v2\/pages\/15644\/revisions\/15651"}],"up":[{"embeddable":true,"href":"https:\/\/antersystem.com\/fr\/wp-json\/wp\/v2\/pages\/30302"}],"wp:attachment":[{"href":"https:\/\/antersystem.com\/fr\/wp-json\/wp\/v2\/media?parent=15644"}],"curies":[{"name":"wp","href":"https:\/\/api.w.org\/{rel}","templated":true}]}}