{"id":15652,"date":"2023-11-15T15:46:20","date_gmt":"2023-11-15T14:46:20","guid":{"rendered":"https:\/\/new.antersystem.com\/axon-intralogistyka-magazynowanie-2023\/"},"modified":"2026-01-30T14:29:28","modified_gmt":"2026-01-30T13:29:28","slug":"axon-intralogistyka-magazynowanie-2023","status":"publish","type":"page","link":"https:\/\/antersystem.com\/fr\/nouvelles\/axon-intralogistyka-magazynowanie-2023\/","title":{"rendered":"Comment utiliser l&rsquo;espace de mani\u00e8re efficace et stocker en toute s\u00e9curit\u00e9 ?"},"content":{"rendered":"\n<div class=\"wp-block-columns is-layout-flex wp-container-core-columns-is-layout-9d6595d7 wp-block-columns-is-layout-flex\">\n  \n  <div class=\"wp-block-column is-layout-flow wp-block-column-is-layout-flow\" style=\"flex-basis:10%\"><\/div>\n  \n\n  \n  <div class=\"wp-block-column is-layout-flow wp-block-column-is-layout-flow\">\n    \n    <h3 class=\"wp-block-heading\">Comment utiliser efficacement l&rsquo;espace et assurer un stockage s\u00fbr ?<\/h3>\n    \n\n    \n    <p><strong>Rejoignez-nous le 23 novembre pour une conf\u00e9rence technique gratuite au <\/strong><strong>Terminal Hotel \/ Wroc\u0142aw &#8211; \u00ab\u00a0Rozwi\u0105zania intralogistyczne i magazynowe\u00a0\u00bb. <\/strong><strong><a href=\"https:\/\/www.axonmedia.pl\/konferencje\/program\/intralogistyka-magazynowanie-2023-wroclaw\/\">\u00ab\u00a0Rozwi\u0105zania intralogistyczne i magazynowe\u00a0\u00bb<\/a><\/strong><\/p>\n    <p>Des praticiens et des experts de diff\u00e9rents secteurs partageront leurs connaissances et leur exp\u00e9rience en mati\u00e8re d&rsquo;am\u00e9lioration des processus internes et discuteront des d\u00e9fis et des erreurs qui surviennent lors de l&rsquo;adaptation des op\u00e9rations logistiques pour r\u00e9pondre aux besoins des installations modernes.<\/p>\n    <p>Des experts d&rsquo;Anter System seront sur place pour montrer comment mettre en \u0153uvre des solutions qui permettent d&rsquo;\u00e9conomiser du temps et de l&rsquo;argent. Vous les trouverez dans la salle d&rsquo;exposition des barri\u00e8res de s\u00e9curit\u00e9 souples. <a href=\"https:\/\/antersystem.com\/wiedza-i-nowosci\/bariery-ochronne-z-polimerowych-tworzyw\/\">Les derniers produits<\/a> de cette cat\u00e9gorie seront pr\u00e9sent\u00e9s tout au long de la journ\u00e9e. Si vous \u00eates en train de repenser votre cha\u00eene d&rsquo;approvisionnement, d&rsquo;optimiser vos sch\u00e9mas de production ou de mettre en \u0153uvre l&rsquo;automatisation des processus, venez nous rejoindre ! Voyons comment renforcer les normes de s\u00e9curit\u00e9 dans vos installations et int\u00e9grer les \u00e9quipements de protection dans les syst\u00e8mes d&rsquo;automatisation des b\u00e2timents. M\u00eame si vous commencez \u00e0 peine \u00e0 explorer ces sujets, les barri\u00e8res de s\u00e9curit\u00e9 et les produits tels que les supports de remorque peuvent vous aider \u00e0 voir comment de telles am\u00e9liorations renforcent \u00e0 la fois la qualit\u00e9 du lieu de travail et l&rsquo;efficacit\u00e9 financi\u00e8re.<\/p>\n    <p><strong>Le programme de la conf\u00e9rence<\/strong> couvre un large \u00e9ventail de sujets, permettant \u00e0 chaque participant de trouver des solutions technologiques adapt\u00e9es \u00e0 ses besoins.<\/p>\n    <p>La veille, le <strong>22 novembre<\/strong>, au m\u00eame endroit, se tiendra une autre conf\u00e9rence technique &#8211; <strong>\u00ab\u00a0Reliability and Maintenance in Manufacturing Facilities<\/strong> \u00a0\u00bb &#8211; que nous recommandons \u00e9galement chaleureusement au nom de l&rsquo;organisateur, Axon Media.<\/p>\n    <p>&nbsp;<\/p>\n    <p>H\u00f4tel Terminal &#8211; Dynamic Congress Centre<br>Rakietowa 33<br>54-615 Wroc\u0142aw<\/p>\n    <p>&nbsp;<\/p>\n    \n\n    <div class=\"wp-block-image\">\n    <figure class=\"aligncenter size-large is-resized\"><img loading=\"lazy\" decoding=\"async\" width=\"1024\" height=\"535\" src=\"https:\/\/antersystem.com\/wp-content\/uploads\/Konferencja-Axon-Media-Anter-System-2023-2-1024x535.jpg\" alt=\"Anter System &#xE0; la conf&#xE9;rence technique 2023 d'Axon Media\" class=\"wp-image-3540\" style=\"width:714px;height:auto\" srcset=\"https:\/\/antersystem.com\/wp-content\/uploads\/Konferencja-Axon-Media-Anter-System-2023-2-1024x535.jpg 1024w, https:\/\/antersystem.com\/wp-content\/uploads\/Konferencja-Axon-Media-Anter-System-2023-2-300x157.jpg 300w, https:\/\/antersystem.com\/wp-content\/uploads\/Konferencja-Axon-Media-Anter-System-2023-2-768x401.jpg 768w, https:\/\/antersystem.com\/wp-content\/uploads\/Konferencja-Axon-Media-Anter-System-2023-2-450x235.jpg 450w, https:\/\/antersystem.com\/wp-content\/uploads\/Konferencja-Axon-Media-Anter-System-2023-2-330x172.jpg 330w, https:\/\/antersystem.com\/wp-content\/uploads\/Konferencja-Axon-Media-Anter-System-2023-2.jpg 1200w\" sizes=\"auto, (max-width: 1024px) 100vw, 1024px\" \/><\/figure><\/div>\n  <\/div>\n  \n\n  \n  <div class=\"wp-block-column is-layout-flow wp-block-column-is-layout-flow\" style=\"flex-basis:10%\"><\/div>\n  \n<\/div>\n","protected":false},"excerpt":{"rendered":"<p>Comment utiliser efficacement l&rsquo;espace et assurer un stockage s\u00fbr ? Rejoignez-nous le 23 novembre pour une conf\u00e9rence technique gratuite au Terminal Hotel \/ Wroc\u0142aw &#8211; \u00ab\u00a0Rozwi\u0105zania intralogistyczne i magazynowe\u00a0\u00bb. \u00ab\u00a0Rozwi\u0105zania intralogistyczne i magazynowe\u00a0\u00bb Des praticiens et des experts de diff\u00e9rents secteurs partageront leurs connaissances et leur exp\u00e9rience en mati\u00e8re d&rsquo;am\u00e9lioration des processus internes et discuteront [&hellip;]<\/p>\n","protected":false},"author":1,"featured_media":0,"parent":30302,"menu_order":0,"comment_status":"closed","ping_status":"closed","template":"","meta":{"inline_featured_image":false,"ngg_post_thumbnail":0,"footnotes":""},"class_list":["post-15652","page","type-page","status-publish","hentry"],"acf":[],"yoast_head":"<!-- This site is optimized with the Yoast SEO plugin v27.0 - https:\/\/yoast.com\/product\/yoast-seo-wordpress\/ -->\n<title>Comment utiliser l&#039;espace de mani\u00e8re efficace et stocker en toute s\u00e9curit\u00e9 ? - Anter System<\/title>\n<meta name=\"description\" content=\"Comment utiliser efficacement l&#039;espace et assurer un stockage s\u00fbr ? Rejoignez-nous le 23 novembre pour une conf\u00e9rence technique gratuite au Terminal Hotel\" \/>\n<meta name=\"robots\" content=\"index, follow, max-snippet:-1, max-image-preview:large, max-video-preview:-1\" \/>\n<link rel=\"canonical\" href=\"https:\/\/antersystem.com\/fr\/nouvelles\/axon-intralogistyka-magazynowanie-2023\/\" \/>\n<meta property=\"og:locale\" content=\"fr_FR\" \/>\n<meta property=\"og:type\" content=\"article\" \/>\n<meta property=\"og:title\" content=\"Comment utiliser l&#039;espace de mani\u00e8re efficace et stocker en toute s\u00e9curit\u00e9 ? - Anter System\" \/>\n<meta property=\"og:description\" content=\"Comment utiliser efficacement l&#039;espace et assurer un stockage s\u00fbr ? Rejoignez-nous le 23 novembre pour une conf\u00e9rence technique gratuite au Terminal Hotel\" \/>\n<meta property=\"og:url\" content=\"https:\/\/antersystem.com\/fr\/nouvelles\/axon-intralogistyka-magazynowanie-2023\/\" \/>\n<meta property=\"og:site_name\" content=\"Anter System\" \/>\n<meta property=\"article:modified_time\" content=\"2026-01-30T13:29:28+00:00\" \/>\n<meta property=\"og:image\" content=\"https:\/\/antersystem.com\/wp-content\/uploads\/Konferencja-Axon-Media-Anter-System-2023-2-1024x535.jpg\" \/>\n<meta name=\"twitter:card\" content=\"summary_large_image\" \/>\n<meta name=\"twitter:label1\" content=\"Dur\u00e9e de lecture estim\u00e9e\" \/>\n\t<meta name=\"twitter:data1\" content=\"2 minutes\" \/>\n<script type=\"application\/ld+json\" class=\"yoast-schema-graph\">{\"@context\":\"https:\/\/schema.org\",\"@graph\":[{\"@type\":\"WebPage\",\"@id\":\"https:\/\/antersystem.com\/fr\/nouvelles\/axon-intralogistyka-magazynowanie-2023\/\",\"url\":\"https:\/\/antersystem.com\/fr\/nouvelles\/axon-intralogistyka-magazynowanie-2023\/\",\"name\":\"Comment utiliser l'espace de mani\u00e8re efficace et stocker en toute s\u00e9curit\u00e9 ? - Anter System\",\"isPartOf\":{\"@id\":\"https:\/\/antersystem.com\/fr\/#website\"},\"primaryImageOfPage\":{\"@id\":\"https:\/\/antersystem.com\/fr\/nouvelles\/axon-intralogistyka-magazynowanie-2023\/#primaryimage\"},\"image\":{\"@id\":\"https:\/\/antersystem.com\/fr\/nouvelles\/axon-intralogistyka-magazynowanie-2023\/#primaryimage\"},\"thumbnailUrl\":\"https:\/\/antersystem.com\/wp-content\/uploads\/Konferencja-Axon-Media-Anter-System-2023-2-1024x535.jpg\",\"datePublished\":\"2023-11-15T14:46:20+00:00\",\"dateModified\":\"2026-01-30T13:29:28+00:00\",\"description\":\"Comment utiliser efficacement l'espace et assurer un stockage s\u00fbr ? Rejoignez-nous le 23 novembre pour une conf\u00e9rence technique gratuite au Terminal Hotel\",\"breadcrumb\":{\"@id\":\"https:\/\/antersystem.com\/fr\/nouvelles\/axon-intralogistyka-magazynowanie-2023\/#breadcrumb\"},\"inLanguage\":\"fr-FR\",\"potentialAction\":[{\"@type\":\"ReadAction\",\"target\":[\"https:\/\/antersystem.com\/fr\/nouvelles\/axon-intralogistyka-magazynowanie-2023\/\"]}]},{\"@type\":\"ImageObject\",\"inLanguage\":\"fr-FR\",\"@id\":\"https:\/\/antersystem.com\/fr\/nouvelles\/axon-intralogistyka-magazynowanie-2023\/#primaryimage\",\"url\":\"https:\/\/antersystem.com\/wp-content\/uploads\/Konferencja-Axon-Media-Anter-System-2023-2-1024x535.jpg\",\"contentUrl\":\"https:\/\/antersystem.com\/wp-content\/uploads\/Konferencja-Axon-Media-Anter-System-2023-2-1024x535.jpg\"},{\"@type\":\"BreadcrumbList\",\"@id\":\"https:\/\/antersystem.com\/fr\/nouvelles\/axon-intralogistyka-magazynowanie-2023\/#breadcrumb\",\"itemListElement\":[{\"@type\":\"ListItem\",\"position\":1,\"name\":\"AnterSystem\",\"item\":\"https:\/\/antersystem.com\/fr\/\"},{\"@type\":\"ListItem\",\"position\":2,\"name\":\"Actualit\u00e9s\",\"item\":\"https:\/\/antersystem.com\/fr\/nouvelles\/\"},{\"@type\":\"ListItem\",\"position\":3,\"name\":\"Comment utiliser l&#8217;espace de mani\u00e8re efficace et stocker en toute s\u00e9curit\u00e9 ?\"}]},{\"@type\":\"WebSite\",\"@id\":\"https:\/\/antersystem.com\/fr\/#website\",\"url\":\"https:\/\/antersystem.com\/fr\/\",\"name\":\"Anter System\",\"description\":\"Jeste\u015bmy polskim producentem elastycznych barier ochronnych wykonywanych z polimerowych tworzyw sztucznych. Na rynku krajowym i zagranicznym dzia\u0142amy od ponad 15 lat dbaj\u0105c o zapewnienie bezpiecze\u0144stwa w zak\u0142adach produkcyjnych, magazynach oraz centrach logistycznych.\",\"potentialAction\":[{\"@type\":\"SearchAction\",\"target\":{\"@type\":\"EntryPoint\",\"urlTemplate\":\"https:\/\/antersystem.com\/fr\/?s={search_term_string}\"},\"query-input\":{\"@type\":\"PropertyValueSpecification\",\"valueRequired\":true,\"valueName\":\"search_term_string\"}}],\"inLanguage\":\"fr-FR\"}]}<\/script>\n<!-- \/ Yoast SEO plugin. -->","yoast_head_json":{"title":"Comment utiliser l'espace de mani\u00e8re efficace et stocker en toute s\u00e9curit\u00e9 ? - Anter System","description":"Comment utiliser efficacement l'espace et assurer un stockage s\u00fbr ? Rejoignez-nous le 23 novembre pour une conf\u00e9rence technique gratuite au Terminal Hotel","robots":{"index":"index","follow":"follow","max-snippet":"max-snippet:-1","max-image-preview":"max-image-preview:large","max-video-preview":"max-video-preview:-1"},"canonical":"https:\/\/antersystem.com\/fr\/nouvelles\/axon-intralogistyka-magazynowanie-2023\/","og_locale":"fr_FR","og_type":"article","og_title":"Comment utiliser l'espace de mani\u00e8re efficace et stocker en toute s\u00e9curit\u00e9 ? - Anter System","og_description":"Comment utiliser efficacement l'espace et assurer un stockage s\u00fbr ? Rejoignez-nous le 23 novembre pour une conf\u00e9rence technique gratuite au Terminal Hotel","og_url":"https:\/\/antersystem.com\/fr\/nouvelles\/axon-intralogistyka-magazynowanie-2023\/","og_site_name":"Anter System","article_modified_time":"2026-01-30T13:29:28+00:00","og_image":[{"url":"https:\/\/antersystem.com\/wp-content\/uploads\/Konferencja-Axon-Media-Anter-System-2023-2-1024x535.jpg","type":"","width":"","height":""}],"twitter_card":"summary_large_image","twitter_misc":{"Dur\u00e9e de lecture estim\u00e9e":"2 minutes"},"schema":{"@context":"https:\/\/schema.org","@graph":[{"@type":"WebPage","@id":"https:\/\/antersystem.com\/fr\/nouvelles\/axon-intralogistyka-magazynowanie-2023\/","url":"https:\/\/antersystem.com\/fr\/nouvelles\/axon-intralogistyka-magazynowanie-2023\/","name":"Comment utiliser l'espace de mani\u00e8re efficace et stocker en toute s\u00e9curit\u00e9 ? - Anter System","isPartOf":{"@id":"https:\/\/antersystem.com\/fr\/#website"},"primaryImageOfPage":{"@id":"https:\/\/antersystem.com\/fr\/nouvelles\/axon-intralogistyka-magazynowanie-2023\/#primaryimage"},"image":{"@id":"https:\/\/antersystem.com\/fr\/nouvelles\/axon-intralogistyka-magazynowanie-2023\/#primaryimage"},"thumbnailUrl":"https:\/\/antersystem.com\/wp-content\/uploads\/Konferencja-Axon-Media-Anter-System-2023-2-1024x535.jpg","datePublished":"2023-11-15T14:46:20+00:00","dateModified":"2026-01-30T13:29:28+00:00","description":"Comment utiliser efficacement l'espace et assurer un stockage s\u00fbr ? Rejoignez-nous le 23 novembre pour une conf\u00e9rence technique gratuite au Terminal Hotel","breadcrumb":{"@id":"https:\/\/antersystem.com\/fr\/nouvelles\/axon-intralogistyka-magazynowanie-2023\/#breadcrumb"},"inLanguage":"fr-FR","potentialAction":[{"@type":"ReadAction","target":["https:\/\/antersystem.com\/fr\/nouvelles\/axon-intralogistyka-magazynowanie-2023\/"]}]},{"@type":"ImageObject","inLanguage":"fr-FR","@id":"https:\/\/antersystem.com\/fr\/nouvelles\/axon-intralogistyka-magazynowanie-2023\/#primaryimage","url":"https:\/\/antersystem.com\/wp-content\/uploads\/Konferencja-Axon-Media-Anter-System-2023-2-1024x535.jpg","contentUrl":"https:\/\/antersystem.com\/wp-content\/uploads\/Konferencja-Axon-Media-Anter-System-2023-2-1024x535.jpg"},{"@type":"BreadcrumbList","@id":"https:\/\/antersystem.com\/fr\/nouvelles\/axon-intralogistyka-magazynowanie-2023\/#breadcrumb","itemListElement":[{"@type":"ListItem","position":1,"name":"AnterSystem","item":"https:\/\/antersystem.com\/fr\/"},{"@type":"ListItem","position":2,"name":"Actualit\u00e9s","item":"https:\/\/antersystem.com\/fr\/nouvelles\/"},{"@type":"ListItem","position":3,"name":"Comment utiliser l&#8217;espace de mani\u00e8re efficace et stocker en toute s\u00e9curit\u00e9 ?"}]},{"@type":"WebSite","@id":"https:\/\/antersystem.com\/fr\/#website","url":"https:\/\/antersystem.com\/fr\/","name":"Anter System","description":"Jeste\u015bmy polskim producentem elastycznych barier ochronnych wykonywanych z polimerowych tworzyw sztucznych. Na rynku krajowym i zagranicznym dzia\u0142amy od ponad 15 lat dbaj\u0105c o zapewnienie bezpiecze\u0144stwa w zak\u0142adach produkcyjnych, magazynach oraz centrach logistycznych.","potentialAction":[{"@type":"SearchAction","target":{"@type":"EntryPoint","urlTemplate":"https:\/\/antersystem.com\/fr\/?s={search_term_string}"},"query-input":{"@type":"PropertyValueSpecification","valueRequired":true,"valueName":"search_term_string"}}],"inLanguage":"fr-FR"}]}},"_links":{"self":[{"href":"https:\/\/antersystem.com\/fr\/wp-json\/wp\/v2\/pages\/15652","targetHints":{"allow":["GET"]}}],"collection":[{"href":"https:\/\/antersystem.com\/fr\/wp-json\/wp\/v2\/pages"}],"about":[{"href":"https:\/\/antersystem.com\/fr\/wp-json\/wp\/v2\/types\/page"}],"author":[{"embeddable":true,"href":"https:\/\/antersystem.com\/fr\/wp-json\/wp\/v2\/users\/1"}],"replies":[{"embeddable":true,"href":"https:\/\/antersystem.com\/fr\/wp-json\/wp\/v2\/comments?post=15652"}],"version-history":[{"count":1,"href":"https:\/\/antersystem.com\/fr\/wp-json\/wp\/v2\/pages\/15652\/revisions"}],"predecessor-version":[{"id":15655,"href":"https:\/\/antersystem.com\/fr\/wp-json\/wp\/v2\/pages\/15652\/revisions\/15655"}],"up":[{"embeddable":true,"href":"https:\/\/antersystem.com\/fr\/wp-json\/wp\/v2\/pages\/30302"}],"wp:attachment":[{"href":"https:\/\/antersystem.com\/fr\/wp-json\/wp\/v2\/media?parent=15652"}],"curies":[{"name":"wp","href":"https:\/\/api.w.org\/{rel}","templated":true}]}}