{"id":15673,"date":"2023-10-20T11:06:59","date_gmt":"2023-10-20T09:06:59","guid":{"rendered":"https:\/\/new.antersystem.com\/ecovadis-2023-anter-system\/"},"modified":"2026-01-30T14:29:28","modified_gmt":"2026-01-30T13:29:28","slug":"ecovadis-2023-anter-system","status":"publish","type":"page","link":"https:\/\/antersystem.com\/fr\/nouvelles\/ecovadis-2023-anter-system\/","title":{"rendered":"Certificat de durabilit\u00e9 EcoVadis Silver"},"content":{"rendered":"\n<div class=\"wp-block-columns is-layout-flex wp-container-core-columns-is-layout-9d6595d7 wp-block-columns-is-layout-flex\">\n  \n  <div class=\"wp-block-column is-layout-flow wp-block-column-is-layout-flow\" style=\"flex-basis:10%\"><\/div>\n  \n\n  \n  <div class=\"wp-block-column is-layout-flow wp-block-column-is-layout-flow\">\n    \n    <h3 class=\"wp-block-heading\">Les entreprises doivent respecter l&rsquo;environnement !  <br\/>Nous avons re\u00e7u le certificat de durabilit\u00e9 EcoVadis Silver en 2023.<\/h3>\n    \n\n    \n    <p>C&rsquo;est un grand honneur qui couronne nos efforts en mati\u00e8re de protection de l&rsquo;environnement et de responsabilit\u00e9 sociale. Si nous voulons continuer \u00e0 habiter cet endroit, nous devons maintenir des relations claires et respectueuses entre la soci\u00e9t\u00e9, la nature et son utilisation commerciale.<\/p>\n\n    <h4>Certificat EcoVadis &#8211; Qu&rsquo;est-ce que cela signifie ?<\/h4>\n    <p>Le certificat EcoVadis confirme qu&rsquo;une entreprise g\u00e8re efficacement ses pratiques en mati\u00e8re de <strong>RSE (responsabilit\u00e9 sociale des entreprises)<\/strong> et d&rsquo;<strong>ESG (environnement, social et gouvernance).<\/strong>  Il \u00e9value les performances par rapport \u00e0 des normes internationales dans des domaines tels que les <strong>droits du travail, l&rsquo;impact environnemental, l&rsquo;\u00e9thique, les achats durables et les droits de l&rsquo;homme<\/strong>, et ce dans 200 cat\u00e9gories.<\/p>\n\n    <p>Une \u00e9quipe mondiale d&rsquo;experts de diverses disciplines, travaillant par l&rsquo;interm\u00e9diaire de la plateforme technologique EcoVadis, \u00e9value les entreprises sur la base d&rsquo;un tableau de bord complet en mati\u00e8re de d\u00e9veloppement durable.  <strong>Seules 25 % des entreprises du monde entier soumises \u00e0 ce processus d&rsquo;\u00e9valuation obtiennent le certificat d&rsquo;argent &#8211; et nous sommes fiers d&rsquo;en faire partie.<\/strong><\/p>\n\n    <p>Nous avons pass\u00e9 l&rsquo;\u00e9valuation avec succ\u00e8s, d\u00e9montrant un syst\u00e8me de gestion solide conforme \u00e0 la m\u00e9thodologie d&rsquo;EcoVadis. La certification prend en compte les normes internationales suivantes :<\/p>\n    <ul>\n      <li>R\u00e9seau du Pacte mondial des Nations unies<\/li>\n      <li>Global Reporting Initiative (GRI)<\/li>\n      <li>Conventions de l&rsquo;Organisation internationale du travail (OIT)<\/li>\n      <li>Norme ISO 26000<\/li>\n      <li>Principes directeurs des Nations unies relatifs aux entreprises et aux droits de l&rsquo;homme<\/li>\n      <li>Feuille de route CERES<\/li>\n    <\/ul>\n\n    <p><strong>Nous remercions tous nos employ\u00e9s et nos partenaires pour leur contribution \u00e0 la r\u00e9alisation de cette \u00e9tape.<\/strong><\/p>\n    <p>&nbsp;<\/p>\n    \n  <\/div>\n  \n\n  \n  <div class=\"wp-block-column is-layout-flow wp-block-column-is-layout-flow\" style=\"flex-basis:10%\"><\/div>\n  \n<\/div>\n<div class=\"wp-block-image\">\n<figure class=\"aligncenter size-full is-resized\"><img loading=\"lazy\" decoding=\"async\" width=\"720\" height=\"480\" src=\"https:\/\/antersystem.com\/wp-content\/uploads\/eco-vadis-111-eng-edited.jpg\" alt=\"Certificat de durabilit&#xE9; EcoVadis Silver 2023\" class=\"wp-image-3096\" style=\"aspect-ratio:1.5;object-fit:cover;width:504px;height:auto\" srcset=\"https:\/\/antersystem.com\/wp-content\/uploads\/eco-vadis-111-eng-edited.jpg 720w, https:\/\/antersystem.com\/wp-content\/uploads\/eco-vadis-111-eng-edited-300x200.jpg 300w, https:\/\/antersystem.com\/wp-content\/uploads\/eco-vadis-111-eng-edited-450x300.jpg 450w, https:\/\/antersystem.com\/wp-content\/uploads\/eco-vadis-111-eng-edited-330x220.jpg 330w\" sizes=\"auto, (max-width: 720px) 100vw, 720px\" \/><\/figure><\/div>","protected":false},"excerpt":{"rendered":"<p>Les entreprises doivent respecter l&rsquo;environnement ! Nous avons re\u00e7u le certificat de durabilit\u00e9 EcoVadis Silver en 2023. C&rsquo;est un grand honneur qui couronne nos efforts en mati\u00e8re de protection de l&rsquo;environnement et de responsabilit\u00e9 sociale. Si nous voulons continuer \u00e0 habiter cet endroit, nous devons maintenir des relations claires et respectueuses entre la soci\u00e9t\u00e9, la [&hellip;]<\/p>\n","protected":false},"author":1,"featured_media":0,"parent":30302,"menu_order":0,"comment_status":"closed","ping_status":"closed","template":"","meta":{"inline_featured_image":false,"ngg_post_thumbnail":0,"footnotes":""},"class_list":["post-15673","page","type-page","status-publish","hentry"],"acf":[],"yoast_head":"<!-- This site is optimized with the Yoast SEO plugin v27.0 - https:\/\/yoast.com\/product\/yoast-seo-wordpress\/ -->\n<title>Certificat de durabilit\u00e9 EcoVadis Silver - Anter System<\/title>\n<meta name=\"description\" content=\"Les entreprises doivent respecter l&#039;environnement ! Nous avons re\u00e7u le certificat de durabilit\u00e9 EcoVadis Silver en 2023. C&#039;est un grand honneur qui\" \/>\n<meta name=\"robots\" content=\"index, follow, max-snippet:-1, max-image-preview:large, max-video-preview:-1\" \/>\n<link rel=\"canonical\" href=\"https:\/\/antersystem.com\/fr\/nouvelles\/ecovadis-2023-anter-system\/\" \/>\n<meta property=\"og:locale\" content=\"fr_FR\" \/>\n<meta property=\"og:type\" content=\"article\" \/>\n<meta property=\"og:title\" content=\"Certificat de durabilit\u00e9 EcoVadis Silver - Anter System\" \/>\n<meta property=\"og:description\" content=\"Les entreprises doivent respecter l&#039;environnement ! Nous avons re\u00e7u le certificat de durabilit\u00e9 EcoVadis Silver en 2023. C&#039;est un grand honneur qui\" \/>\n<meta property=\"og:url\" content=\"https:\/\/antersystem.com\/fr\/nouvelles\/ecovadis-2023-anter-system\/\" \/>\n<meta property=\"og:site_name\" content=\"Anter System\" \/>\n<meta property=\"article:modified_time\" content=\"2026-01-30T13:29:28+00:00\" \/>\n<meta property=\"og:image\" content=\"https:\/\/antersystem.com\/wp-content\/uploads\/eco-vadis-111-eng-edited.jpg\" \/>\n<meta name=\"twitter:card\" content=\"summary_large_image\" \/>\n<meta name=\"twitter:label1\" content=\"Dur\u00e9e de lecture estim\u00e9e\" \/>\n\t<meta name=\"twitter:data1\" content=\"1 minute\" \/>\n<script type=\"application\/ld+json\" class=\"yoast-schema-graph\">{\"@context\":\"https:\/\/schema.org\",\"@graph\":[{\"@type\":\"WebPage\",\"@id\":\"https:\/\/antersystem.com\/fr\/nouvelles\/ecovadis-2023-anter-system\/\",\"url\":\"https:\/\/antersystem.com\/fr\/nouvelles\/ecovadis-2023-anter-system\/\",\"name\":\"Certificat de durabilit\u00e9 EcoVadis Silver - Anter System\",\"isPartOf\":{\"@id\":\"https:\/\/antersystem.com\/fr\/#website\"},\"primaryImageOfPage\":{\"@id\":\"https:\/\/antersystem.com\/fr\/nouvelles\/ecovadis-2023-anter-system\/#primaryimage\"},\"image\":{\"@id\":\"https:\/\/antersystem.com\/fr\/nouvelles\/ecovadis-2023-anter-system\/#primaryimage\"},\"thumbnailUrl\":\"https:\/\/antersystem.com\/wp-content\/uploads\/eco-vadis-111-eng-edited.jpg\",\"datePublished\":\"2023-10-20T09:06:59+00:00\",\"dateModified\":\"2026-01-30T13:29:28+00:00\",\"description\":\"Les entreprises doivent respecter l'environnement ! Nous avons re\u00e7u le certificat de durabilit\u00e9 EcoVadis Silver en 2023. C'est un grand honneur qui\",\"breadcrumb\":{\"@id\":\"https:\/\/antersystem.com\/fr\/nouvelles\/ecovadis-2023-anter-system\/#breadcrumb\"},\"inLanguage\":\"fr-FR\",\"potentialAction\":[{\"@type\":\"ReadAction\",\"target\":[\"https:\/\/antersystem.com\/fr\/nouvelles\/ecovadis-2023-anter-system\/\"]}]},{\"@type\":\"ImageObject\",\"inLanguage\":\"fr-FR\",\"@id\":\"https:\/\/antersystem.com\/fr\/nouvelles\/ecovadis-2023-anter-system\/#primaryimage\",\"url\":\"https:\/\/antersystem.com\/wp-content\/uploads\/eco-vadis-111-eng-edited.jpg\",\"contentUrl\":\"https:\/\/antersystem.com\/wp-content\/uploads\/eco-vadis-111-eng-edited.jpg\"},{\"@type\":\"BreadcrumbList\",\"@id\":\"https:\/\/antersystem.com\/fr\/nouvelles\/ecovadis-2023-anter-system\/#breadcrumb\",\"itemListElement\":[{\"@type\":\"ListItem\",\"position\":1,\"name\":\"AnterSystem\",\"item\":\"https:\/\/antersystem.com\/fr\/\"},{\"@type\":\"ListItem\",\"position\":2,\"name\":\"Actualit\u00e9s\",\"item\":\"https:\/\/antersystem.com\/fr\/nouvelles\/\"},{\"@type\":\"ListItem\",\"position\":3,\"name\":\"Certificat de durabilit\u00e9 EcoVadis Silver\"}]},{\"@type\":\"WebSite\",\"@id\":\"https:\/\/antersystem.com\/fr\/#website\",\"url\":\"https:\/\/antersystem.com\/fr\/\",\"name\":\"Anter System\",\"description\":\"Jeste\u015bmy polskim producentem elastycznych barier ochronnych wykonywanych z polimerowych tworzyw sztucznych. Na rynku krajowym i zagranicznym dzia\u0142amy od ponad 15 lat dbaj\u0105c o zapewnienie bezpiecze\u0144stwa w zak\u0142adach produkcyjnych, magazynach oraz centrach logistycznych.\",\"potentialAction\":[{\"@type\":\"SearchAction\",\"target\":{\"@type\":\"EntryPoint\",\"urlTemplate\":\"https:\/\/antersystem.com\/fr\/?s={search_term_string}\"},\"query-input\":{\"@type\":\"PropertyValueSpecification\",\"valueRequired\":true,\"valueName\":\"search_term_string\"}}],\"inLanguage\":\"fr-FR\"}]}<\/script>\n<!-- \/ Yoast SEO plugin. -->","yoast_head_json":{"title":"Certificat de durabilit\u00e9 EcoVadis Silver - Anter System","description":"Les entreprises doivent respecter l'environnement ! Nous avons re\u00e7u le certificat de durabilit\u00e9 EcoVadis Silver en 2023. C'est un grand honneur qui","robots":{"index":"index","follow":"follow","max-snippet":"max-snippet:-1","max-image-preview":"max-image-preview:large","max-video-preview":"max-video-preview:-1"},"canonical":"https:\/\/antersystem.com\/fr\/nouvelles\/ecovadis-2023-anter-system\/","og_locale":"fr_FR","og_type":"article","og_title":"Certificat de durabilit\u00e9 EcoVadis Silver - Anter System","og_description":"Les entreprises doivent respecter l'environnement ! Nous avons re\u00e7u le certificat de durabilit\u00e9 EcoVadis Silver en 2023. C'est un grand honneur qui","og_url":"https:\/\/antersystem.com\/fr\/nouvelles\/ecovadis-2023-anter-system\/","og_site_name":"Anter System","article_modified_time":"2026-01-30T13:29:28+00:00","og_image":[{"url":"https:\/\/antersystem.com\/wp-content\/uploads\/eco-vadis-111-eng-edited.jpg","type":"","width":"","height":""}],"twitter_card":"summary_large_image","twitter_misc":{"Dur\u00e9e de lecture estim\u00e9e":"1 minute"},"schema":{"@context":"https:\/\/schema.org","@graph":[{"@type":"WebPage","@id":"https:\/\/antersystem.com\/fr\/nouvelles\/ecovadis-2023-anter-system\/","url":"https:\/\/antersystem.com\/fr\/nouvelles\/ecovadis-2023-anter-system\/","name":"Certificat de durabilit\u00e9 EcoVadis Silver - Anter System","isPartOf":{"@id":"https:\/\/antersystem.com\/fr\/#website"},"primaryImageOfPage":{"@id":"https:\/\/antersystem.com\/fr\/nouvelles\/ecovadis-2023-anter-system\/#primaryimage"},"image":{"@id":"https:\/\/antersystem.com\/fr\/nouvelles\/ecovadis-2023-anter-system\/#primaryimage"},"thumbnailUrl":"https:\/\/antersystem.com\/wp-content\/uploads\/eco-vadis-111-eng-edited.jpg","datePublished":"2023-10-20T09:06:59+00:00","dateModified":"2026-01-30T13:29:28+00:00","description":"Les entreprises doivent respecter l'environnement ! Nous avons re\u00e7u le certificat de durabilit\u00e9 EcoVadis Silver en 2023. C'est un grand honneur qui","breadcrumb":{"@id":"https:\/\/antersystem.com\/fr\/nouvelles\/ecovadis-2023-anter-system\/#breadcrumb"},"inLanguage":"fr-FR","potentialAction":[{"@type":"ReadAction","target":["https:\/\/antersystem.com\/fr\/nouvelles\/ecovadis-2023-anter-system\/"]}]},{"@type":"ImageObject","inLanguage":"fr-FR","@id":"https:\/\/antersystem.com\/fr\/nouvelles\/ecovadis-2023-anter-system\/#primaryimage","url":"https:\/\/antersystem.com\/wp-content\/uploads\/eco-vadis-111-eng-edited.jpg","contentUrl":"https:\/\/antersystem.com\/wp-content\/uploads\/eco-vadis-111-eng-edited.jpg"},{"@type":"BreadcrumbList","@id":"https:\/\/antersystem.com\/fr\/nouvelles\/ecovadis-2023-anter-system\/#breadcrumb","itemListElement":[{"@type":"ListItem","position":1,"name":"AnterSystem","item":"https:\/\/antersystem.com\/fr\/"},{"@type":"ListItem","position":2,"name":"Actualit\u00e9s","item":"https:\/\/antersystem.com\/fr\/nouvelles\/"},{"@type":"ListItem","position":3,"name":"Certificat de durabilit\u00e9 EcoVadis Silver"}]},{"@type":"WebSite","@id":"https:\/\/antersystem.com\/fr\/#website","url":"https:\/\/antersystem.com\/fr\/","name":"Anter System","description":"Jeste\u015bmy polskim producentem elastycznych barier ochronnych wykonywanych z polimerowych tworzyw sztucznych. Na rynku krajowym i zagranicznym dzia\u0142amy od ponad 15 lat dbaj\u0105c o zapewnienie bezpiecze\u0144stwa w zak\u0142adach produkcyjnych, magazynach oraz centrach logistycznych.","potentialAction":[{"@type":"SearchAction","target":{"@type":"EntryPoint","urlTemplate":"https:\/\/antersystem.com\/fr\/?s={search_term_string}"},"query-input":{"@type":"PropertyValueSpecification","valueRequired":true,"valueName":"search_term_string"}}],"inLanguage":"fr-FR"}]}},"_links":{"self":[{"href":"https:\/\/antersystem.com\/fr\/wp-json\/wp\/v2\/pages\/15673","targetHints":{"allow":["GET"]}}],"collection":[{"href":"https:\/\/antersystem.com\/fr\/wp-json\/wp\/v2\/pages"}],"about":[{"href":"https:\/\/antersystem.com\/fr\/wp-json\/wp\/v2\/types\/page"}],"author":[{"embeddable":true,"href":"https:\/\/antersystem.com\/fr\/wp-json\/wp\/v2\/users\/1"}],"replies":[{"embeddable":true,"href":"https:\/\/antersystem.com\/fr\/wp-json\/wp\/v2\/comments?post=15673"}],"version-history":[{"count":1,"href":"https:\/\/antersystem.com\/fr\/wp-json\/wp\/v2\/pages\/15673\/revisions"}],"predecessor-version":[{"id":15678,"href":"https:\/\/antersystem.com\/fr\/wp-json\/wp\/v2\/pages\/15673\/revisions\/15678"}],"up":[{"embeddable":true,"href":"https:\/\/antersystem.com\/fr\/wp-json\/wp\/v2\/pages\/30302"}],"wp:attachment":[{"href":"https:\/\/antersystem.com\/fr\/wp-json\/wp\/v2\/media?parent=15673"}],"curies":[{"name":"wp","href":"https:\/\/api.w.org\/{rel}","templated":true}]}}