{"id":15734,"date":"2024-05-28T10:54:04","date_gmt":"2024-05-28T08:54:04","guid":{"rendered":"https:\/\/new.antersystem.com\/modernlog24\/"},"modified":"2026-01-30T14:29:28","modified_gmt":"2026-01-30T13:29:28","slug":"modernlog24","status":"publish","type":"page","link":"https:\/\/antersystem.com\/fr\/nouvelles\/modernlog24\/","title":{"rendered":"MODERNLOG&rsquo;24"},"content":{"rendered":"\n<div class=\"wp-block-columns is-layout-flex wp-container-core-columns-is-layout-9d6595d7 wp-block-columns-is-layout-flex\">\n<div class=\"wp-block-column is-layout-flow wp-block-column-is-layout-flow\" style=\"flex-basis:10%\"><\/div>\n\n\n\n<div class=\"wp-block-column is-layout-flow wp-block-column-is-layout-flow\">\n<h2 class=\"wp-block-heading\">Anter System &#8211; Partenaire technologique d&rsquo;IN4LOG<\/h2>\n\n\n\n<h2 class=\"wp-block-heading\"><br\/>Le salon Modernlog se d\u00e9roulera du 4 au 7 juin 2024, au parc des expositions international de Pozna\u0144, dans les pavillons 7, 7A, 8 et 8A.<\/h2>\n\n\n\n<p>Le d\u00e9but du mois de juin promet d&rsquo;\u00eatre une p\u00e9riode passionnante au parc des expositions international de Pozna\u0144. <strong>Modernlog<\/strong> et la <strong>conf\u00e9rence Smart Warehouse<\/strong> se tiennent parall\u00e8lement \u00e0 <strong>ITM Industry Europe<\/strong> &#8211; un salon majeur pr\u00e9sentant les r\u00e9alisations de l&rsquo;industrie polonaise et mondiale. Le <strong>salon de la coop\u00e9ration industrielle en mati\u00e8re de sous-traitance<\/strong> figure \u00e9galement parmi les \u00e9v\u00e9nements organis\u00e9s dans le cadre de cette manifestation. <a href=\"https:\/\/modernlog.pl\/pl\/aktualnosci\/wieksze-potrzeby-wieksza-powierzchnia-targi-modernlog-i-konferencja-smart-warehouse-z-nowa-lokalizacja\/\">De plus amples informations sont disponibles sur le site web de l&rsquo;organisateur.<\/a> Les visiteurs qui pr\u00e9voient d&rsquo;assister \u00e0 cette manifestation doivent absolument planifier leur itin\u00e9raire avec soin !<\/p>\n\n\n\n<p>Revenons \u00e0 Modernlog. L&rsquo;une des principales attractions du <strong>salon de la logistique, de l&rsquo;entreposage et du transport<\/strong> sont les d\u00e9monstrations de machines en direct dans la <strong>zone In4Log<\/strong>, organis\u00e9es en coop\u00e9ration avec des partenaires technologiques. <strong>C&rsquo;est l\u00e0 que vous nous trouverez pour pr\u00e9senter nos barri\u00e8res de s\u00e9curit\u00e9 flexibles.<\/strong> En tant que partenaire technologique de la zone et de la conf\u00e9rence, <strong>Anter System<\/strong> fournira des syst\u00e8mes de s\u00e9curit\u00e9 pour la zone In4Log. Un grand nombre des solutions de protection que nous d\u00e9crivons ici en permanence seront disponibles sur place pour une exp\u00e9rience pratique.<\/p>\n\n\n\n<h3 class=\"wp-block-heading\">L&rsquo;optimisation en action<\/h3>\n\n\n\n<p><strong>In4Log<\/strong> est une pr\u00e9sentation en direct des processus intralogistiques, recr\u00e9ant les op\u00e9rations critiques des entrep\u00f4ts et des environnements logistiques. C&rsquo;est l&rsquo;endroit id\u00e9al pour examiner votre \u00e9quipement actuel sous un nouvel angle et pour accro\u00eetre votre productivit\u00e9 gr\u00e2ce \u00e0 une meilleure utilisation des ressources. Les bonnes pratiques et les produits de soutien peuvent inspirer une approche plus cr\u00e9ative de la logistique. Les d\u00e9monstrations auront lieu tous les jours de la manifestation.<\/p>\n\n\n\n<h3 class=\"wp-block-heading\">Technologies futures dans le domaine de la logistique<\/h3>\n\n\n\n<p>Le Modernlog de cette ann\u00e9e regorge de connaissances. Les visiteurs sont invit\u00e9s \u00e0 assister \u00e0 la <strong>conf\u00e9rence sur les entrep\u00f4ts intelligents<\/strong>, qui pr\u00e9sente des \u00e9tudes de cas pratiques, un aper\u00e7u de la <strong>logistique 4.0<\/strong> et des solutions modernes pour les entrep\u00f4ts du futur. Le programme comprend des panels th\u00e9matiques tels que<\/p>\n\n\n\n<ul>\n<li>Les managers face aux d\u00e9fis de la logistique du futur<\/li>\n<li>Num\u00e9risation et IoT &#8211; Soutien dans les processus d&rsquo;entreposage<\/li>\n<li>Entrep\u00f4ts intelligents &#8211; Automatisation et transformation<\/li>\n<li>Robots et technologies futures<\/li>\n<li>Traitement des commandes de commerce \u00e9lectronique &#8211; besoins croissants, nouveaux d\u00e9fis<\/li>\n<\/ul>\n\n\n\n<p>La conf\u00e9rence \u00ab\u00a0Between Sense and Nonsense &#8211; How Technological Development Will Change Our Work Experience\u00a0\u00bb (jour 1) est particuli\u00e8rement int\u00e9ressante pour ceux qui s&rsquo;int\u00e9ressent \u00e0 l&rsquo;impact de l&rsquo;IA sur le lieu de travail : \u00a0\u00bb <em>Between Sense and Nonsense &#8211; How Technological Development Will Change Our Work Experience\u00a0\u00bb<\/em> (jour 1, orateur : Bart\u0142omiej Brach).<\/p>\n\n\n\n<p>Nos <strong>barri\u00e8res flexibles<\/strong> sont une r\u00e9ponse directe aux d\u00e9fis d&rsquo;un monde en \u00e9volution rapide et ax\u00e9 sur la technologie. Ils permettent une adaptation dynamique aux conditions op\u00e9rationnelles changeantes, offrant \u00e0 la fois contr\u00f4le et protection tout en permettant aux avantages de l&rsquo;automatisation de se d\u00e9velopper.<\/p>\n\n\n\n<p>Nous vous invitons \u00e0 d\u00e9couvrir les avantages des barri\u00e8res souples &#8211; des produits dont les nombreuses caract\u00e9ristiques innovantes restent \u00e0 d\u00e9couvrir. Nous pr\u00e9senterons \u00e9galement les <strong>innovations prim\u00e9es d&rsquo;Anter System<\/strong>, reconnues dans les principaux concours de l&rsquo;industrie. <strong>Attendez-vous \u00e0 des conseils d&rsquo;experts et \u00e0 une exp\u00e9rience pratique et engageante.<\/strong> Et pour ceux qui veulent voir ce qui les attend, voici notre r\u00e9capitulatif de l&rsquo;\u00e9dition pr\u00e9c\u00e9dente. <strong><a href=\"https:\/\/antersystem.com\/wiedza-i-nowosci\/modernlog-targi-logistyki-magazynowania-i-transportu\/\">r\u00e9capitulatif de l&rsquo;\u00e9dition pr\u00e9c\u00e9dente.<\/a><\/strong><\/p>\n\n\n\n<p>\u00c0 bient\u00f4t au salon <strong>Modernlog 2024 !<\/strong> D\u00e9couvrez comment les solutions d&rsquo;Anter System peuvent transformer votre entreprise : <strong>Pavillon 7A, Stand 44.<\/strong><\/p>\n\n\n\n<p>Lien de l&rsquo;\u00e9v\u00e9nement : <strong><a href=\"https:\/\/modernlog.pl\/pl\/\">MODERNLOG<\/a><\/strong><\/p>\n\n\n\n<p><strong>#MODERNLOG #tradeshow #s\u00e9curit\u00e9 #OHS #barri\u00e8res flexibles<\/strong><\/p>\n<\/div>\n\n\n\n<div class=\"wp-block-column is-layout-flow wp-block-column-is-layout-flow\" style=\"flex-basis:10%\"><\/div>\n<\/div>\n<div class=\"wp-block-image\">\n<figure class=\"aligncenter size-large is-resized\"><img loading=\"lazy\" decoding=\"async\" width=\"1024\" height=\"535\" src=\"https:\/\/antersystem.com\/wp-content\/uploads\/ZAJAWKA-MODERNLOG-1024x535.webp\" alt=\"Anter System &#xE0; Modernlog 2024\" class=\"wp-image-4733\" style=\"width:720px;height:auto\" srcset=\"https:\/\/antersystem.com\/wp-content\/uploads\/ZAJAWKA-MODERNLOG-1024x535.webp 1024w, https:\/\/antersystem.com\/wp-content\/uploads\/ZAJAWKA-MODERNLOG-300x157.webp 300w, https:\/\/antersystem.com\/wp-content\/uploads\/ZAJAWKA-MODERNLOG-768x401.webp 768w, https:\/\/antersystem.com\/wp-content\/uploads\/ZAJAWKA-MODERNLOG-450x235.webp 450w, https:\/\/antersystem.com\/wp-content\/uploads\/ZAJAWKA-MODERNLOG-330x172.webp 330w, https:\/\/antersystem.com\/wp-content\/uploads\/ZAJAWKA-MODERNLOG.webp 1200w\" sizes=\"auto, (max-width: 1024px) 100vw, 1024px\" \/><\/figure><\/div>","protected":false},"excerpt":{"rendered":"<p>Anter System &#8211; Partenaire technologique d&rsquo;IN4LOG Le salon Modernlog se d\u00e9roulera du 4 au 7 juin 2024, au parc des expositions international de Pozna\u0144, dans les pavillons 7, 7A, 8 et 8A. Le d\u00e9but du mois de juin promet d&rsquo;\u00eatre une p\u00e9riode passionnante au parc des expositions international de Pozna\u0144. Modernlog et la conf\u00e9rence Smart [&hellip;]<\/p>\n","protected":false},"author":1,"featured_media":0,"parent":30302,"menu_order":0,"comment_status":"closed","ping_status":"closed","template":"","meta":{"inline_featured_image":false,"ngg_post_thumbnail":0,"footnotes":""},"class_list":["post-15734","page","type-page","status-publish","hentry"],"acf":[],"yoast_head":"<!-- This site is optimized with the Yoast SEO plugin v27.0 - https:\/\/yoast.com\/product\/yoast-seo-wordpress\/ -->\n<title>MODERNLOG&#039;24 - Anter System<\/title>\n<meta name=\"description\" content=\"Modernlog a \u00e9t\u00e9 mis en place de 4 \u00e0 7 heures du matin \u00e0 Targ\u00f3w Pozna\u0144skich, dans la r\u00e9gion de Mi\u0119dzynarodowych. Anter System zabezpieczy tam stref\u0119 In4Log.\" \/>\n<meta name=\"robots\" content=\"index, follow, max-snippet:-1, max-image-preview:large, max-video-preview:-1\" \/>\n<link rel=\"canonical\" href=\"https:\/\/antersystem.com\/fr\/nouvelles\/modernlog24\/\" \/>\n<meta property=\"og:locale\" content=\"fr_FR\" \/>\n<meta property=\"og:type\" content=\"article\" \/>\n<meta property=\"og:title\" content=\"MODERNLOG&#039;24 - Anter System\" \/>\n<meta property=\"og:description\" content=\"Modernlog a \u00e9t\u00e9 mis en place de 4 \u00e0 7 heures du matin \u00e0 Targ\u00f3w Pozna\u0144skich, dans la r\u00e9gion de Mi\u0119dzynarodowych. Anter System zabezpieczy tam stref\u0119 In4Log.\" \/>\n<meta property=\"og:url\" content=\"https:\/\/antersystem.com\/fr\/nouvelles\/modernlog24\/\" \/>\n<meta property=\"og:site_name\" content=\"Anter System\" \/>\n<meta property=\"article:modified_time\" content=\"2026-01-30T13:29:28+00:00\" \/>\n<meta property=\"og:image\" content=\"https:\/\/antersystem.com\/wp-content\/uploads\/ZAJAWKA-MODERNLOG-1024x535.webp\" \/>\n<meta name=\"twitter:card\" content=\"summary_large_image\" \/>\n<meta name=\"twitter:label1\" content=\"Dur\u00e9e de lecture estim\u00e9e\" \/>\n\t<meta name=\"twitter:data1\" content=\"3 minutes\" \/>\n<script type=\"application\/ld+json\" class=\"yoast-schema-graph\">{\"@context\":\"https:\/\/schema.org\",\"@graph\":[{\"@type\":\"WebPage\",\"@id\":\"https:\/\/antersystem.com\/fr\/nouvelles\/modernlog24\/\",\"url\":\"https:\/\/antersystem.com\/fr\/nouvelles\/modernlog24\/\",\"name\":\"MODERNLOG'24 - Anter System\",\"isPartOf\":{\"@id\":\"https:\/\/antersystem.com\/fr\/#website\"},\"primaryImageOfPage\":{\"@id\":\"https:\/\/antersystem.com\/fr\/nouvelles\/modernlog24\/#primaryimage\"},\"image\":{\"@id\":\"https:\/\/antersystem.com\/fr\/nouvelles\/modernlog24\/#primaryimage\"},\"thumbnailUrl\":\"https:\/\/antersystem.com\/wp-content\/uploads\/ZAJAWKA-MODERNLOG-1024x535.webp\",\"datePublished\":\"2024-05-28T08:54:04+00:00\",\"dateModified\":\"2026-01-30T13:29:28+00:00\",\"description\":\"Modernlog a \u00e9t\u00e9 mis en place de 4 \u00e0 7 heures du matin \u00e0 Targ\u00f3w Pozna\u0144skich, dans la r\u00e9gion de Mi\u0119dzynarodowych. Anter System zabezpieczy tam stref\u0119 In4Log.\",\"breadcrumb\":{\"@id\":\"https:\/\/antersystem.com\/fr\/nouvelles\/modernlog24\/#breadcrumb\"},\"inLanguage\":\"fr-FR\",\"potentialAction\":[{\"@type\":\"ReadAction\",\"target\":[\"https:\/\/antersystem.com\/fr\/nouvelles\/modernlog24\/\"]}]},{\"@type\":\"ImageObject\",\"inLanguage\":\"fr-FR\",\"@id\":\"https:\/\/antersystem.com\/fr\/nouvelles\/modernlog24\/#primaryimage\",\"url\":\"https:\/\/antersystem.com\/wp-content\/uploads\/ZAJAWKA-MODERNLOG-1024x535.webp\",\"contentUrl\":\"https:\/\/antersystem.com\/wp-content\/uploads\/ZAJAWKA-MODERNLOG-1024x535.webp\"},{\"@type\":\"BreadcrumbList\",\"@id\":\"https:\/\/antersystem.com\/fr\/nouvelles\/modernlog24\/#breadcrumb\",\"itemListElement\":[{\"@type\":\"ListItem\",\"position\":1,\"name\":\"AnterSystem\",\"item\":\"https:\/\/antersystem.com\/fr\/\"},{\"@type\":\"ListItem\",\"position\":2,\"name\":\"Actualit\u00e9s\",\"item\":\"https:\/\/antersystem.com\/fr\/nouvelles\/\"},{\"@type\":\"ListItem\",\"position\":3,\"name\":\"MODERNLOG&#8217;24\"}]},{\"@type\":\"WebSite\",\"@id\":\"https:\/\/antersystem.com\/fr\/#website\",\"url\":\"https:\/\/antersystem.com\/fr\/\",\"name\":\"Anter System\",\"description\":\"Jeste\u015bmy polskim producentem elastycznych barier ochronnych wykonywanych z polimerowych tworzyw sztucznych. Na rynku krajowym i zagranicznym dzia\u0142amy od ponad 15 lat dbaj\u0105c o zapewnienie bezpiecze\u0144stwa w zak\u0142adach produkcyjnych, magazynach oraz centrach logistycznych.\",\"potentialAction\":[{\"@type\":\"SearchAction\",\"target\":{\"@type\":\"EntryPoint\",\"urlTemplate\":\"https:\/\/antersystem.com\/fr\/?s={search_term_string}\"},\"query-input\":{\"@type\":\"PropertyValueSpecification\",\"valueRequired\":true,\"valueName\":\"search_term_string\"}}],\"inLanguage\":\"fr-FR\"}]}<\/script>\n<!-- \/ Yoast SEO plugin. -->","yoast_head_json":{"title":"MODERNLOG'24 - Anter System","description":"Modernlog a \u00e9t\u00e9 mis en place de 4 \u00e0 7 heures du matin \u00e0 Targ\u00f3w Pozna\u0144skich, dans la r\u00e9gion de Mi\u0119dzynarodowych. Anter System zabezpieczy tam stref\u0119 In4Log.","robots":{"index":"index","follow":"follow","max-snippet":"max-snippet:-1","max-image-preview":"max-image-preview:large","max-video-preview":"max-video-preview:-1"},"canonical":"https:\/\/antersystem.com\/fr\/nouvelles\/modernlog24\/","og_locale":"fr_FR","og_type":"article","og_title":"MODERNLOG'24 - Anter System","og_description":"Modernlog a \u00e9t\u00e9 mis en place de 4 \u00e0 7 heures du matin \u00e0 Targ\u00f3w Pozna\u0144skich, dans la r\u00e9gion de Mi\u0119dzynarodowych. Anter System zabezpieczy tam stref\u0119 In4Log.","og_url":"https:\/\/antersystem.com\/fr\/nouvelles\/modernlog24\/","og_site_name":"Anter System","article_modified_time":"2026-01-30T13:29:28+00:00","og_image":[{"url":"https:\/\/antersystem.com\/wp-content\/uploads\/ZAJAWKA-MODERNLOG-1024x535.webp","type":"","width":"","height":""}],"twitter_card":"summary_large_image","twitter_misc":{"Dur\u00e9e de lecture estim\u00e9e":"3 minutes"},"schema":{"@context":"https:\/\/schema.org","@graph":[{"@type":"WebPage","@id":"https:\/\/antersystem.com\/fr\/nouvelles\/modernlog24\/","url":"https:\/\/antersystem.com\/fr\/nouvelles\/modernlog24\/","name":"MODERNLOG'24 - Anter System","isPartOf":{"@id":"https:\/\/antersystem.com\/fr\/#website"},"primaryImageOfPage":{"@id":"https:\/\/antersystem.com\/fr\/nouvelles\/modernlog24\/#primaryimage"},"image":{"@id":"https:\/\/antersystem.com\/fr\/nouvelles\/modernlog24\/#primaryimage"},"thumbnailUrl":"https:\/\/antersystem.com\/wp-content\/uploads\/ZAJAWKA-MODERNLOG-1024x535.webp","datePublished":"2024-05-28T08:54:04+00:00","dateModified":"2026-01-30T13:29:28+00:00","description":"Modernlog a \u00e9t\u00e9 mis en place de 4 \u00e0 7 heures du matin \u00e0 Targ\u00f3w Pozna\u0144skich, dans la r\u00e9gion de Mi\u0119dzynarodowych. Anter System zabezpieczy tam stref\u0119 In4Log.","breadcrumb":{"@id":"https:\/\/antersystem.com\/fr\/nouvelles\/modernlog24\/#breadcrumb"},"inLanguage":"fr-FR","potentialAction":[{"@type":"ReadAction","target":["https:\/\/antersystem.com\/fr\/nouvelles\/modernlog24\/"]}]},{"@type":"ImageObject","inLanguage":"fr-FR","@id":"https:\/\/antersystem.com\/fr\/nouvelles\/modernlog24\/#primaryimage","url":"https:\/\/antersystem.com\/wp-content\/uploads\/ZAJAWKA-MODERNLOG-1024x535.webp","contentUrl":"https:\/\/antersystem.com\/wp-content\/uploads\/ZAJAWKA-MODERNLOG-1024x535.webp"},{"@type":"BreadcrumbList","@id":"https:\/\/antersystem.com\/fr\/nouvelles\/modernlog24\/#breadcrumb","itemListElement":[{"@type":"ListItem","position":1,"name":"AnterSystem","item":"https:\/\/antersystem.com\/fr\/"},{"@type":"ListItem","position":2,"name":"Actualit\u00e9s","item":"https:\/\/antersystem.com\/fr\/nouvelles\/"},{"@type":"ListItem","position":3,"name":"MODERNLOG&#8217;24"}]},{"@type":"WebSite","@id":"https:\/\/antersystem.com\/fr\/#website","url":"https:\/\/antersystem.com\/fr\/","name":"Anter System","description":"Jeste\u015bmy polskim producentem elastycznych barier ochronnych wykonywanych z polimerowych tworzyw sztucznych. Na rynku krajowym i zagranicznym dzia\u0142amy od ponad 15 lat dbaj\u0105c o zapewnienie bezpiecze\u0144stwa w zak\u0142adach produkcyjnych, magazynach oraz centrach logistycznych.","potentialAction":[{"@type":"SearchAction","target":{"@type":"EntryPoint","urlTemplate":"https:\/\/antersystem.com\/fr\/?s={search_term_string}"},"query-input":{"@type":"PropertyValueSpecification","valueRequired":true,"valueName":"search_term_string"}}],"inLanguage":"fr-FR"}]}},"_links":{"self":[{"href":"https:\/\/antersystem.com\/fr\/wp-json\/wp\/v2\/pages\/15734","targetHints":{"allow":["GET"]}}],"collection":[{"href":"https:\/\/antersystem.com\/fr\/wp-json\/wp\/v2\/pages"}],"about":[{"href":"https:\/\/antersystem.com\/fr\/wp-json\/wp\/v2\/types\/page"}],"author":[{"embeddable":true,"href":"https:\/\/antersystem.com\/fr\/wp-json\/wp\/v2\/users\/1"}],"replies":[{"embeddable":true,"href":"https:\/\/antersystem.com\/fr\/wp-json\/wp\/v2\/comments?post=15734"}],"version-history":[{"count":3,"href":"https:\/\/antersystem.com\/fr\/wp-json\/wp\/v2\/pages\/15734\/revisions"}],"predecessor-version":[{"id":15739,"href":"https:\/\/antersystem.com\/fr\/wp-json\/wp\/v2\/pages\/15734\/revisions\/15739"}],"up":[{"embeddable":true,"href":"https:\/\/antersystem.com\/fr\/wp-json\/wp\/v2\/pages\/30302"}],"wp:attachment":[{"href":"https:\/\/antersystem.com\/fr\/wp-json\/wp\/v2\/media?parent=15734"}],"curies":[{"name":"wp","href":"https:\/\/api.w.org\/{rel}","templated":true}]}}