{"id":30604,"date":"2024-02-15T10:41:35","date_gmt":"2024-02-15T09:41:35","guid":{"rendered":"https:\/\/new.antersystem.com\/nouvelles\/logimat-2024\/"},"modified":"2026-01-30T14:34:45","modified_gmt":"2026-01-30T13:34:45","slug":"logimat-2024","status":"publish","type":"page","link":"https:\/\/antersystem.com\/fr\/nouvelles\/logimat-2024\/","title":{"rendered":"LogiMAT 2024"},"content":{"rendered":"\n<div class=\"wp-block-columns is-layout-flex wp-container-core-columns-is-layout-9d6595d7 wp-block-columns-is-layout-flex\">\n  \n  <div class=\"wp-block-column is-layout-flow wp-block-column-is-layout-flow\" style=\"flex-basis:10%\"><\/div>\n  \n\n  \n  <div class=\"wp-block-column is-layout-flow wp-block-column-is-layout-flow\">\n    \n    <h3 class=\"wp-block-heading\">Invitation \u00e0 LogiMAT !<\/h3>\n    \n\n    \n    <p>Dans un mois, le <strong>salon<\/strong> international <strong>LogiMAT<\/strong> d\u00e9butera \u00e0 Stuttgart. Du <strong>19 au 21 mars<\/strong>, nous pr\u00e9senterons nos syst\u00e8mes qui am\u00e9liorent la s\u00e9curit\u00e9 dans les entrep\u00f4ts et les centres logistiques. Cet \u00e9v\u00e9nement vous invite \u00e0 d\u00e9couvrir les nouvelles tendances du secteur et les produits les plus r\u00e9cents. Le th\u00e8me principal de la plateforme commerciale de cette ann\u00e9e : <strong>FA\u00c7ONNER LE CHANGEMENT ENSEMBLE<\/strong>.<\/p>\n    \n\n    \n    <h4 class=\"wp-block-heading\"><strong>\u00c0 quoi s&rsquo;attendre \u00e0 LogiMAT 2024 ?<\/strong><\/h4>\n    \n\n    \n    <p>Outre les premi\u00e8res mondiales et europ\u00e9ennes, les professionnels de l&rsquo;industrie pr\u00e9sents \u00e0 <strong>LogiMAT 2024<\/strong> d\u00e9couvriront un large \u00e9ventail de solutions nouvelles et am\u00e9lior\u00e9es con\u00e7ues pour optimiser les flux de travail intralogistiques. La <strong>mobilit\u00e9 dans les entrep\u00f4ts<\/strong> sera le th\u00e8me central cette ann\u00e9e, mis en \u00e9vidence \u00e0 travers les produits et solutions pr\u00e9sent\u00e9s par divers exposants &#8211; des fabricants de machines et d&rsquo;\u00e9quipements, en passant par les d\u00e9veloppeurs de robots mobiles autonomes (AMR), aux producteurs de chariots industriels, et aux entreprises comme nous &#8211; <a href=\"https:\/\/antersystem.com\/produkty\/\">fabricants de barri\u00e8res de s\u00e9curit\u00e9 mobiles et flexibles<\/a>.<\/p>\n    \n\n    \n    <p>Les billets pour l&rsquo;\u00e9v\u00e9nement peuvent \u00eatre r\u00e9serv\u00e9s ici : <a href=\"https:\/\/www.logimat-messe.de\/en\"><strong>logimat-messe.de\/fr<\/strong><\/a><\/p>\n    \n\n    \n    <p><em>\u00ab\u00a0Avec l&rsquo;\u00e9ventail complet des innovations que les exposants apporteront \u00e0 Stuttgart, LogiMAT 2024 refl\u00e8te les tendances actuelles qui fa\u00e7onnent l&rsquo;ensemble du secteur de l&rsquo;intralogistique\u00a0\u00bb,<\/em> r\u00e9sume le directeur du salon <strong>Michael Ruchty<\/strong>. <em>\u00ab\u00a0LogiMAT donne aux professionnels l&rsquo;occasion d&rsquo;explorer les solutions de pointe qui d\u00e9finiront l&rsquo;industrie dans les ann\u00e9es \u00e0 venir.\u00a0\u00bb<\/em><\/p>\n    \n\n    \n    <h4 class=\"wp-block-heading\"><strong>Partager les connaissances<\/strong><\/h4>\n    \n\n    \n    <p>Nous fournissons des solutions expertes pour renforcer la s\u00e9curit\u00e9 au travail dans votre entreprise. Si vous souhaitez prendre contact avec nous, nous serons heureux de vous rencontrer et de discuter en d\u00e9tail des options sp\u00e9cifiques. Rendez-nous visite dans le <strong>hall 9, stand 9A17<\/strong>. Nous continuons \u00e9galement \u00e0 proposer un <strong>audit de s\u00e9curit\u00e9 gratuit sur site<\/strong>, ax\u00e9 sur l&rsquo;am\u00e9lioration de la stabilit\u00e9 et de la fiabilit\u00e9 des zones de travail &#8211; pour programmer le v\u00f4tre, appelez-nous au <a href=\"tel:+48%20606%20116%20171\"><strong>+48 606 116 171<\/strong><\/a>.<\/p>\n    \n\n    \n    <hr class=\"wp-block-separator has-text-color has-white-color has-alpha-channel-opacity has-white-background-color has-background is-style-default\"\/>\n    \n  <\/div>\n  \n\n  \n  <div class=\"wp-block-column is-layout-flow wp-block-column-is-layout-flow\" style=\"flex-basis:10%\"><\/div>\n  \n<\/div>\n<div class=\"wp-block-image\">\n<figure class=\"aligncenter size-large is-resized\"><img loading=\"lazy\" decoding=\"async\" width=\"1024\" height=\"535\" src=\"https:\/\/antersystem.com\/wp-content\/uploads\/Logimat2024-Anter-System-invitation-2-1024x535.jpg\" alt=\"Anter System &#xE0; l'invitation de LogiMAT 2024\" class=\"wp-image-4227\" style=\"width:720px;height:auto\" srcset=\"https:\/\/antersystem.com\/wp-content\/uploads\/Logimat2024-Anter-System-invitation-2-1024x535.jpg 1024w, https:\/\/antersystem.com\/wp-content\/uploads\/Logimat2024-Anter-System-invitation-2-300x157.jpg 300w, https:\/\/antersystem.com\/wp-content\/uploads\/Logimat2024-Anter-System-invitation-2-768x401.jpg 768w, https:\/\/antersystem.com\/wp-content\/uploads\/Logimat2024-Anter-System-invitation-2-450x235.jpg 450w, https:\/\/antersystem.com\/wp-content\/uploads\/Logimat2024-Anter-System-invitation-2-330x172.jpg 330w, https:\/\/antersystem.com\/wp-content\/uploads\/Logimat2024-Anter-System-invitation-2.jpg 1200w\" sizes=\"auto, (max-width: 1024px) 100vw, 1024px\" \/><\/figure><\/div>","protected":false},"excerpt":{"rendered":"<p>Invitation \u00e0 LogiMAT ! Dans un mois, le salon international LogiMAT d\u00e9butera \u00e0 Stuttgart. Du 19 au 21 mars, nous pr\u00e9senterons nos syst\u00e8mes qui am\u00e9liorent la s\u00e9curit\u00e9 dans les entrep\u00f4ts et les centres logistiques. Cet \u00e9v\u00e9nement vous invite \u00e0 d\u00e9couvrir les nouvelles tendances du secteur et les produits les plus r\u00e9cents. Le th\u00e8me principal de [&hellip;]<\/p>\n","protected":false},"author":1,"featured_media":0,"parent":30302,"menu_order":0,"comment_status":"closed","ping_status":"closed","template":"","meta":{"inline_featured_image":false,"ngg_post_thumbnail":0,"footnotes":""},"class_list":["post-30604","page","type-page","status-publish","hentry"],"acf":[],"yoast_head":"<!-- This site is optimized with the Yoast SEO plugin v27.0 - https:\/\/yoast.com\/product\/yoast-seo-wordpress\/ -->\n<title>LogiMAT 2024 - Anter System<\/title>\n<meta name=\"description\" content=\"Ju\u017c za miesi\u0105c rozpoczynaj\u0105 si\u0119 mi\u0119dzynarodowe Targi Logimat w Stuttgarcie. Du 19 au 21 mars 2010, la Commission a d\u00e9cid\u00e9 de mettre en place un syst\u00e8me d&#039;alerte pr\u00e9coce.\" \/>\n<meta name=\"robots\" content=\"index, follow, max-snippet:-1, max-image-preview:large, max-video-preview:-1\" \/>\n<link rel=\"canonical\" href=\"https:\/\/antersystem.com\/fr\/nouvelles\/logimat-2024\/\" \/>\n<meta property=\"og:locale\" content=\"fr_FR\" \/>\n<meta property=\"og:type\" content=\"article\" \/>\n<meta property=\"og:title\" content=\"LogiMAT 2024 - Anter System\" \/>\n<meta property=\"og:description\" content=\"Ju\u017c za miesi\u0105c rozpoczynaj\u0105 si\u0119 mi\u0119dzynarodowe Targi Logimat w Stuttgarcie. Du 19 au 21 mars 2010, la Commission a d\u00e9cid\u00e9 de mettre en place un syst\u00e8me d&#039;alerte pr\u00e9coce.\" \/>\n<meta property=\"og:url\" content=\"https:\/\/antersystem.com\/fr\/nouvelles\/logimat-2024\/\" \/>\n<meta property=\"og:site_name\" content=\"Anter System\" \/>\n<meta property=\"article:modified_time\" content=\"2026-01-30T13:34:45+00:00\" \/>\n<meta property=\"og:image\" content=\"https:\/\/antersystem.com\/wp-content\/uploads\/Logimat2024-Anter-System-invitation-2-1024x535.jpg\" \/>\n<meta name=\"twitter:card\" content=\"summary_large_image\" \/>\n<meta name=\"twitter:label1\" content=\"Dur\u00e9e de lecture estim\u00e9e\" \/>\n\t<meta name=\"twitter:data1\" content=\"2 minutes\" \/>\n<script type=\"application\/ld+json\" class=\"yoast-schema-graph\">{\"@context\":\"https:\/\/schema.org\",\"@graph\":[{\"@type\":\"WebPage\",\"@id\":\"https:\/\/antersystem.com\/fr\/nouvelles\/logimat-2024\/\",\"url\":\"https:\/\/antersystem.com\/fr\/nouvelles\/logimat-2024\/\",\"name\":\"LogiMAT 2024 - Anter System\",\"isPartOf\":{\"@id\":\"https:\/\/antersystem.com\/fr\/#website\"},\"primaryImageOfPage\":{\"@id\":\"https:\/\/antersystem.com\/fr\/nouvelles\/logimat-2024\/#primaryimage\"},\"image\":{\"@id\":\"https:\/\/antersystem.com\/fr\/nouvelles\/logimat-2024\/#primaryimage\"},\"thumbnailUrl\":\"https:\/\/antersystem.com\/wp-content\/uploads\/Logimat2024-Anter-System-invitation-2-1024x535.jpg\",\"datePublished\":\"2024-02-15T09:41:35+00:00\",\"dateModified\":\"2026-01-30T13:34:45+00:00\",\"description\":\"Ju\u017c za miesi\u0105c rozpoczynaj\u0105 si\u0119 mi\u0119dzynarodowe Targi Logimat w Stuttgarcie. Du 19 au 21 mars 2010, la Commission a d\u00e9cid\u00e9 de mettre en place un syst\u00e8me d'alerte pr\u00e9coce.\",\"breadcrumb\":{\"@id\":\"https:\/\/antersystem.com\/fr\/nouvelles\/logimat-2024\/#breadcrumb\"},\"inLanguage\":\"fr-FR\",\"potentialAction\":[{\"@type\":\"ReadAction\",\"target\":[\"https:\/\/antersystem.com\/fr\/nouvelles\/logimat-2024\/\"]}]},{\"@type\":\"ImageObject\",\"inLanguage\":\"fr-FR\",\"@id\":\"https:\/\/antersystem.com\/fr\/nouvelles\/logimat-2024\/#primaryimage\",\"url\":\"https:\/\/antersystem.com\/wp-content\/uploads\/Logimat2024-Anter-System-invitation-2-1024x535.jpg\",\"contentUrl\":\"https:\/\/antersystem.com\/wp-content\/uploads\/Logimat2024-Anter-System-invitation-2-1024x535.jpg\"},{\"@type\":\"BreadcrumbList\",\"@id\":\"https:\/\/antersystem.com\/fr\/nouvelles\/logimat-2024\/#breadcrumb\",\"itemListElement\":[{\"@type\":\"ListItem\",\"position\":1,\"name\":\"AnterSystem\",\"item\":\"https:\/\/antersystem.com\/fr\/\"},{\"@type\":\"ListItem\",\"position\":2,\"name\":\"Actualit\u00e9s\",\"item\":\"https:\/\/antersystem.com\/fr\/nouvelles\/\"},{\"@type\":\"ListItem\",\"position\":3,\"name\":\"LogiMAT 2024\"}]},{\"@type\":\"WebSite\",\"@id\":\"https:\/\/antersystem.com\/fr\/#website\",\"url\":\"https:\/\/antersystem.com\/fr\/\",\"name\":\"Anter System\",\"description\":\"Jeste\u015bmy polskim producentem elastycznych barier ochronnych wykonywanych z polimerowych tworzyw sztucznych. Na rynku krajowym i zagranicznym dzia\u0142amy od ponad 15 lat dbaj\u0105c o zapewnienie bezpiecze\u0144stwa w zak\u0142adach produkcyjnych, magazynach oraz centrach logistycznych.\",\"potentialAction\":[{\"@type\":\"SearchAction\",\"target\":{\"@type\":\"EntryPoint\",\"urlTemplate\":\"https:\/\/antersystem.com\/fr\/?s={search_term_string}\"},\"query-input\":{\"@type\":\"PropertyValueSpecification\",\"valueRequired\":true,\"valueName\":\"search_term_string\"}}],\"inLanguage\":\"fr-FR\"}]}<\/script>\n<!-- \/ Yoast SEO plugin. -->","yoast_head_json":{"title":"LogiMAT 2024 - Anter System","description":"Ju\u017c za miesi\u0105c rozpoczynaj\u0105 si\u0119 mi\u0119dzynarodowe Targi Logimat w Stuttgarcie. Du 19 au 21 mars 2010, la Commission a d\u00e9cid\u00e9 de mettre en place un syst\u00e8me d'alerte pr\u00e9coce.","robots":{"index":"index","follow":"follow","max-snippet":"max-snippet:-1","max-image-preview":"max-image-preview:large","max-video-preview":"max-video-preview:-1"},"canonical":"https:\/\/antersystem.com\/fr\/nouvelles\/logimat-2024\/","og_locale":"fr_FR","og_type":"article","og_title":"LogiMAT 2024 - Anter System","og_description":"Ju\u017c za miesi\u0105c rozpoczynaj\u0105 si\u0119 mi\u0119dzynarodowe Targi Logimat w Stuttgarcie. Du 19 au 21 mars 2010, la Commission a d\u00e9cid\u00e9 de mettre en place un syst\u00e8me d'alerte pr\u00e9coce.","og_url":"https:\/\/antersystem.com\/fr\/nouvelles\/logimat-2024\/","og_site_name":"Anter System","article_modified_time":"2026-01-30T13:34:45+00:00","og_image":[{"url":"https:\/\/antersystem.com\/wp-content\/uploads\/Logimat2024-Anter-System-invitation-2-1024x535.jpg","type":"","width":"","height":""}],"twitter_card":"summary_large_image","twitter_misc":{"Dur\u00e9e de lecture estim\u00e9e":"2 minutes"},"schema":{"@context":"https:\/\/schema.org","@graph":[{"@type":"WebPage","@id":"https:\/\/antersystem.com\/fr\/nouvelles\/logimat-2024\/","url":"https:\/\/antersystem.com\/fr\/nouvelles\/logimat-2024\/","name":"LogiMAT 2024 - Anter System","isPartOf":{"@id":"https:\/\/antersystem.com\/fr\/#website"},"primaryImageOfPage":{"@id":"https:\/\/antersystem.com\/fr\/nouvelles\/logimat-2024\/#primaryimage"},"image":{"@id":"https:\/\/antersystem.com\/fr\/nouvelles\/logimat-2024\/#primaryimage"},"thumbnailUrl":"https:\/\/antersystem.com\/wp-content\/uploads\/Logimat2024-Anter-System-invitation-2-1024x535.jpg","datePublished":"2024-02-15T09:41:35+00:00","dateModified":"2026-01-30T13:34:45+00:00","description":"Ju\u017c za miesi\u0105c rozpoczynaj\u0105 si\u0119 mi\u0119dzynarodowe Targi Logimat w Stuttgarcie. Du 19 au 21 mars 2010, la Commission a d\u00e9cid\u00e9 de mettre en place un syst\u00e8me d'alerte pr\u00e9coce.","breadcrumb":{"@id":"https:\/\/antersystem.com\/fr\/nouvelles\/logimat-2024\/#breadcrumb"},"inLanguage":"fr-FR","potentialAction":[{"@type":"ReadAction","target":["https:\/\/antersystem.com\/fr\/nouvelles\/logimat-2024\/"]}]},{"@type":"ImageObject","inLanguage":"fr-FR","@id":"https:\/\/antersystem.com\/fr\/nouvelles\/logimat-2024\/#primaryimage","url":"https:\/\/antersystem.com\/wp-content\/uploads\/Logimat2024-Anter-System-invitation-2-1024x535.jpg","contentUrl":"https:\/\/antersystem.com\/wp-content\/uploads\/Logimat2024-Anter-System-invitation-2-1024x535.jpg"},{"@type":"BreadcrumbList","@id":"https:\/\/antersystem.com\/fr\/nouvelles\/logimat-2024\/#breadcrumb","itemListElement":[{"@type":"ListItem","position":1,"name":"AnterSystem","item":"https:\/\/antersystem.com\/fr\/"},{"@type":"ListItem","position":2,"name":"Actualit\u00e9s","item":"https:\/\/antersystem.com\/fr\/nouvelles\/"},{"@type":"ListItem","position":3,"name":"LogiMAT 2024"}]},{"@type":"WebSite","@id":"https:\/\/antersystem.com\/fr\/#website","url":"https:\/\/antersystem.com\/fr\/","name":"Anter System","description":"Jeste\u015bmy polskim producentem elastycznych barier ochronnych wykonywanych z polimerowych tworzyw sztucznych. Na rynku krajowym i zagranicznym dzia\u0142amy od ponad 15 lat dbaj\u0105c o zapewnienie bezpiecze\u0144stwa w zak\u0142adach produkcyjnych, magazynach oraz centrach logistycznych.","potentialAction":[{"@type":"SearchAction","target":{"@type":"EntryPoint","urlTemplate":"https:\/\/antersystem.com\/fr\/?s={search_term_string}"},"query-input":{"@type":"PropertyValueSpecification","valueRequired":true,"valueName":"search_term_string"}}],"inLanguage":"fr-FR"}]}},"_links":{"self":[{"href":"https:\/\/antersystem.com\/fr\/wp-json\/wp\/v2\/pages\/30604","targetHints":{"allow":["GET"]}}],"collection":[{"href":"https:\/\/antersystem.com\/fr\/wp-json\/wp\/v2\/pages"}],"about":[{"href":"https:\/\/antersystem.com\/fr\/wp-json\/wp\/v2\/types\/page"}],"author":[{"embeddable":true,"href":"https:\/\/antersystem.com\/fr\/wp-json\/wp\/v2\/users\/1"}],"replies":[{"embeddable":true,"href":"https:\/\/antersystem.com\/fr\/wp-json\/wp\/v2\/comments?post=30604"}],"version-history":[{"count":1,"href":"https:\/\/antersystem.com\/fr\/wp-json\/wp\/v2\/pages\/30604\/revisions"}],"predecessor-version":[{"id":30605,"href":"https:\/\/antersystem.com\/fr\/wp-json\/wp\/v2\/pages\/30604\/revisions\/30605"}],"up":[{"embeddable":true,"href":"https:\/\/antersystem.com\/fr\/wp-json\/wp\/v2\/pages\/30302"}],"wp:attachment":[{"href":"https:\/\/antersystem.com\/fr\/wp-json\/wp\/v2\/media?parent=30604"}],"curies":[{"name":"wp","href":"https:\/\/api.w.org\/{rel}","templated":true}]}}