{"id":38805,"date":"2025-06-11T10:14:00","date_gmt":"2025-06-11T08:14:00","guid":{"rendered":"https:\/\/antersystem.com\/nouvelles\/anter-system-gets-polska-nagroda-inteligentnego-rozwoju\/"},"modified":"2026-02-02T10:37:07","modified_gmt":"2026-02-02T09:37:07","slug":"anter-system-gets-polska-nagroda-inteligentnego-rozwoju","status":"publish","type":"page","link":"https:\/\/antersystem.com\/fr\/nouvelles\/anter-system-gets-polska-nagroda-inteligentnego-rozwoju\/","title":{"rendered":"Anter System obtient Polska Nagroda Inteligentnego Rozwoju"},"content":{"rendered":"\n<div class=\"wp-block-columns is-layout-flex wp-container-core-columns-is-layout-9d6595d7 wp-block-columns-is-layout-flex\">\n<div class=\"wp-block-column is-layout-flow wp-block-column-is-layout-flow\">\n<div class=\"wp-block-columns is-layout-flex wp-container-core-columns-is-layout-9d6595d7 wp-block-columns-is-layout-flex\">\n<div class=\"wp-block-column is-layout-flow wp-block-column-is-layout-flow\">\n<p>Nous sommes heureux de vous annoncer que lors de l&rsquo;\u00e9dition du 10e anniversaire du forum sur le d\u00e9veloppement intelligent \u00e0 Uniej\u00f3w, Anter System a re\u00e7u le prestigieux prix polonais du d\u00e9veloppement intelligent. Ce prix est d\u00e9cern\u00e9 aux personnes, entreprises et organisations dont les activit\u00e9s contribuent \u00e0 la cr\u00e9ation de solutions innovantes soutenant le d\u00e9veloppement durable de la soci\u00e9t\u00e9 et de l&rsquo;\u00e9conomie. <\/p>\n\n\n\n<p>Cette distinction est un grand honneur pour nous et une confirmation que la direction que nous avons prise &#8211; d\u00e9velopper des technologies intelligentes qui prot\u00e8gent les personnes et les infrastructures dans les espaces industriels &#8211; est reconnue non seulement par nos clients, mais aussi par les experts et les leaders de l&rsquo;innovation en Pologne.<\/p>\n\n\n\n<h2 class=\"wp-block-heading\">Un forum pour l&rsquo;avenir qui relie la science, la technologie et les entreprises<\/h2>\n\n\n\n<p>L&rsquo;Intelligent Development Forum est l&rsquo;un des \u00e9v\u00e9nements \u00e9conomiques et technologiques les plus inspirants en Pologne. Le congr\u00e8s rassemble des repr\u00e9sentants du monde des affaires, de la science, des gouvernements locaux et de la communaut\u00e9 des investisseurs pour explorer ensemble comment les technologies modernes peuvent avoir un impact r\u00e9el sur la qualit\u00e9 de vie et la croissance \u00e9conomique. Participer \u00e0 cet \u00e9v\u00e9nement n&rsquo;est pas seulement un honneur, c&rsquo;est aussi l&rsquo;occasion d&rsquo;\u00e9changer des exp\u00e9riences et des points de vue avec d&rsquo;autres leaders de l&rsquo;innovation.  <\/p>\n\n\n\n<h2 class=\"wp-block-heading\">Une pr\u00e9sentation de la technologie qui prot\u00e8ge<\/h2>\n\n\n\n<p>Dans le cadre du Forum, nous avons \u00e9galement eu l&rsquo;occasion de participer au programme d&rsquo;experts. Tomasz Bary\u0142a, chef de produit chez Anter System, a particip\u00e9 au panel \u00ab\u00a0Future Technologies in Action &#8211; How Innovations Shape Science, Business, and Society\u00a0\u00bb, o\u00f9 il a fait une pr\u00e9sentation intitul\u00e9e \u00ab\u00a0Technology That Protects &#8211; Intelligent Safety Systems in Industrial Spaces.\u00a0\u00bb <\/p>\n\n\n\n<p>Au cours de son discours, Tomasz a abord\u00e9, entre autres, les sujets suivants :<\/p>\n\n\n\n<ul class=\"wp-block-list\">\n<li>les d\u00e9fis actuels en mati\u00e8re de s\u00e9curit\u00e9 auxquels est confront\u00e9e l&rsquo;intralogistique,<\/li>\n\n\n\n<li>comment des barri\u00e8res de s\u00e9curit\u00e9 flexibles combin\u00e9es \u00e0 des \u00e9l\u00e9ments d&rsquo;automatisation am\u00e9liorent la s\u00e9curit\u00e9 et l&rsquo;efficacit\u00e9 sur le lieu de travail.<\/li>\n<\/ul>\n\n\n\n<h2 class=\"wp-block-heading\">Motivation pour la poursuite de la croissance<\/h2>\n\n\n\n<p>Le prix que nous avons re\u00e7u n&rsquo;est pas seulement une source de prestige, c&rsquo;est aussi un engagement \u00e0 poursuivre le d\u00e9veloppement, \u00e0 introduire de nouvelles innovations et \u00e0 relever constamment les normes de s\u00e9curit\u00e9 dans l&rsquo;industrie. Nous remercions le jury du concours pour sa confiance et sa reconnaissance, ainsi que tous les participants au forum pour les conversations pr\u00e9cieuses et les r\u00e9unions inspirantes. <\/p>\n<\/div>\n<\/div>\n<\/div>\n<\/div>\n","protected":false},"excerpt":{"rendered":"<p>Nous sommes heureux de vous annoncer que lors de l&rsquo;\u00e9dition du 10e anniversaire du forum sur le d\u00e9veloppement intelligent \u00e0 Uniej\u00f3w, Anter System a re\u00e7u le prestigieux prix polonais du d\u00e9veloppement intelligent. Ce prix est d\u00e9cern\u00e9 aux personnes, entreprises et organisations dont les activit\u00e9s contribuent \u00e0 la cr\u00e9ation de solutions innovantes soutenant le d\u00e9veloppement durable [&hellip;]<\/p>\n","protected":false},"author":11,"featured_media":0,"parent":30302,"menu_order":0,"comment_status":"closed","ping_status":"closed","template":"","meta":{"inline_featured_image":false,"ngg_post_thumbnail":0,"footnotes":""},"class_list":["post-38805","page","type-page","status-publish","hentry"],"acf":[],"yoast_head":"<!-- This site is optimized with the Yoast SEO plugin v27.0 - https:\/\/yoast.com\/product\/yoast-seo-wordpress\/ -->\n<title>Anter System obtient Polska Nagroda Inteligentnego Rozwoju - Anter System<\/title>\n<meta name=\"description\" content=\"Nous sommes heureux de vous annoncer que lors de l&#039;\u00e9dition du 10e anniversaire du forum sur le d\u00e9veloppement intelligent \u00e0 Uniej\u00f3w, Anter System a re\u00e7u le\" \/>\n<meta name=\"robots\" content=\"index, follow, max-snippet:-1, max-image-preview:large, max-video-preview:-1\" \/>\n<link rel=\"canonical\" href=\"https:\/\/antersystem.com\/fr\/nouvelles\/anter-system-gets-polska-nagroda-inteligentnego-rozwoju\/\" \/>\n<meta property=\"og:locale\" content=\"fr_FR\" \/>\n<meta property=\"og:type\" content=\"article\" \/>\n<meta property=\"og:title\" content=\"Anter System obtient Polska Nagroda Inteligentnego Rozwoju - Anter System\" \/>\n<meta property=\"og:description\" content=\"Nous sommes heureux de vous annoncer que lors de l&#039;\u00e9dition du 10e anniversaire du forum sur le d\u00e9veloppement intelligent \u00e0 Uniej\u00f3w, Anter System a re\u00e7u le\" \/>\n<meta property=\"og:url\" content=\"https:\/\/antersystem.com\/fr\/nouvelles\/anter-system-gets-polska-nagroda-inteligentnego-rozwoju\/\" \/>\n<meta property=\"og:site_name\" content=\"Anter System\" \/>\n<meta property=\"article:modified_time\" content=\"2026-02-02T09:37:07+00:00\" \/>\n<meta name=\"twitter:card\" content=\"summary_large_image\" \/>\n<meta name=\"twitter:label1\" content=\"Dur\u00e9e de lecture estim\u00e9e\" \/>\n\t<meta name=\"twitter:data1\" content=\"2 minutes\" \/>\n<script type=\"application\/ld+json\" class=\"yoast-schema-graph\">{\"@context\":\"https:\/\/schema.org\",\"@graph\":[{\"@type\":\"WebPage\",\"@id\":\"https:\/\/antersystem.com\/fr\/nouvelles\/anter-system-gets-polska-nagroda-inteligentnego-rozwoju\/\",\"url\":\"https:\/\/antersystem.com\/fr\/nouvelles\/anter-system-gets-polska-nagroda-inteligentnego-rozwoju\/\",\"name\":\"Anter System obtient Polska Nagroda Inteligentnego Rozwoju - Anter System\",\"isPartOf\":{\"@id\":\"https:\/\/antersystem.com\/fr\/#website\"},\"datePublished\":\"2025-06-11T08:14:00+00:00\",\"dateModified\":\"2026-02-02T09:37:07+00:00\",\"description\":\"Nous sommes heureux de vous annoncer que lors de l'\u00e9dition du 10e anniversaire du forum sur le d\u00e9veloppement intelligent \u00e0 Uniej\u00f3w, Anter System a re\u00e7u le\",\"breadcrumb\":{\"@id\":\"https:\/\/antersystem.com\/fr\/nouvelles\/anter-system-gets-polska-nagroda-inteligentnego-rozwoju\/#breadcrumb\"},\"inLanguage\":\"fr-FR\",\"potentialAction\":[{\"@type\":\"ReadAction\",\"target\":[\"https:\/\/antersystem.com\/fr\/nouvelles\/anter-system-gets-polska-nagroda-inteligentnego-rozwoju\/\"]}]},{\"@type\":\"BreadcrumbList\",\"@id\":\"https:\/\/antersystem.com\/fr\/nouvelles\/anter-system-gets-polska-nagroda-inteligentnego-rozwoju\/#breadcrumb\",\"itemListElement\":[{\"@type\":\"ListItem\",\"position\":1,\"name\":\"AnterSystem\",\"item\":\"https:\/\/antersystem.com\/fr\/\"},{\"@type\":\"ListItem\",\"position\":2,\"name\":\"Actualit\u00e9s\",\"item\":\"https:\/\/antersystem.com\/fr\/nouvelles\/\"},{\"@type\":\"ListItem\",\"position\":3,\"name\":\"Anter System obtient Polska Nagroda Inteligentnego Rozwoju\"}]},{\"@type\":\"WebSite\",\"@id\":\"https:\/\/antersystem.com\/fr\/#website\",\"url\":\"https:\/\/antersystem.com\/fr\/\",\"name\":\"Anter System\",\"description\":\"Jeste\u015bmy polskim producentem elastycznych barier ochronnych wykonywanych z polimerowych tworzyw sztucznych. Na rynku krajowym i zagranicznym dzia\u0142amy od ponad 15 lat dbaj\u0105c o zapewnienie bezpiecze\u0144stwa w zak\u0142adach produkcyjnych, magazynach oraz centrach logistycznych.\",\"potentialAction\":[{\"@type\":\"SearchAction\",\"target\":{\"@type\":\"EntryPoint\",\"urlTemplate\":\"https:\/\/antersystem.com\/fr\/?s={search_term_string}\"},\"query-input\":{\"@type\":\"PropertyValueSpecification\",\"valueRequired\":true,\"valueName\":\"search_term_string\"}}],\"inLanguage\":\"fr-FR\"}]}<\/script>\n<!-- \/ Yoast SEO plugin. -->","yoast_head_json":{"title":"Anter System obtient Polska Nagroda Inteligentnego Rozwoju - Anter System","description":"Nous sommes heureux de vous annoncer que lors de l'\u00e9dition du 10e anniversaire du forum sur le d\u00e9veloppement intelligent \u00e0 Uniej\u00f3w, Anter System a re\u00e7u le","robots":{"index":"index","follow":"follow","max-snippet":"max-snippet:-1","max-image-preview":"max-image-preview:large","max-video-preview":"max-video-preview:-1"},"canonical":"https:\/\/antersystem.com\/fr\/nouvelles\/anter-system-gets-polska-nagroda-inteligentnego-rozwoju\/","og_locale":"fr_FR","og_type":"article","og_title":"Anter System obtient Polska Nagroda Inteligentnego Rozwoju - Anter System","og_description":"Nous sommes heureux de vous annoncer que lors de l'\u00e9dition du 10e anniversaire du forum sur le d\u00e9veloppement intelligent \u00e0 Uniej\u00f3w, Anter System a re\u00e7u le","og_url":"https:\/\/antersystem.com\/fr\/nouvelles\/anter-system-gets-polska-nagroda-inteligentnego-rozwoju\/","og_site_name":"Anter System","article_modified_time":"2026-02-02T09:37:07+00:00","twitter_card":"summary_large_image","twitter_misc":{"Dur\u00e9e de lecture estim\u00e9e":"2 minutes"},"schema":{"@context":"https:\/\/schema.org","@graph":[{"@type":"WebPage","@id":"https:\/\/antersystem.com\/fr\/nouvelles\/anter-system-gets-polska-nagroda-inteligentnego-rozwoju\/","url":"https:\/\/antersystem.com\/fr\/nouvelles\/anter-system-gets-polska-nagroda-inteligentnego-rozwoju\/","name":"Anter System obtient Polska Nagroda Inteligentnego Rozwoju - Anter System","isPartOf":{"@id":"https:\/\/antersystem.com\/fr\/#website"},"datePublished":"2025-06-11T08:14:00+00:00","dateModified":"2026-02-02T09:37:07+00:00","description":"Nous sommes heureux de vous annoncer que lors de l'\u00e9dition du 10e anniversaire du forum sur le d\u00e9veloppement intelligent \u00e0 Uniej\u00f3w, Anter System a re\u00e7u le","breadcrumb":{"@id":"https:\/\/antersystem.com\/fr\/nouvelles\/anter-system-gets-polska-nagroda-inteligentnego-rozwoju\/#breadcrumb"},"inLanguage":"fr-FR","potentialAction":[{"@type":"ReadAction","target":["https:\/\/antersystem.com\/fr\/nouvelles\/anter-system-gets-polska-nagroda-inteligentnego-rozwoju\/"]}]},{"@type":"BreadcrumbList","@id":"https:\/\/antersystem.com\/fr\/nouvelles\/anter-system-gets-polska-nagroda-inteligentnego-rozwoju\/#breadcrumb","itemListElement":[{"@type":"ListItem","position":1,"name":"AnterSystem","item":"https:\/\/antersystem.com\/fr\/"},{"@type":"ListItem","position":2,"name":"Actualit\u00e9s","item":"https:\/\/antersystem.com\/fr\/nouvelles\/"},{"@type":"ListItem","position":3,"name":"Anter System obtient Polska Nagroda Inteligentnego Rozwoju"}]},{"@type":"WebSite","@id":"https:\/\/antersystem.com\/fr\/#website","url":"https:\/\/antersystem.com\/fr\/","name":"Anter System","description":"Jeste\u015bmy polskim producentem elastycznych barier ochronnych wykonywanych z polimerowych tworzyw sztucznych. Na rynku krajowym i zagranicznym dzia\u0142amy od ponad 15 lat dbaj\u0105c o zapewnienie bezpiecze\u0144stwa w zak\u0142adach produkcyjnych, magazynach oraz centrach logistycznych.","potentialAction":[{"@type":"SearchAction","target":{"@type":"EntryPoint","urlTemplate":"https:\/\/antersystem.com\/fr\/?s={search_term_string}"},"query-input":{"@type":"PropertyValueSpecification","valueRequired":true,"valueName":"search_term_string"}}],"inLanguage":"fr-FR"}]}},"_links":{"self":[{"href":"https:\/\/antersystem.com\/fr\/wp-json\/wp\/v2\/pages\/38805","targetHints":{"allow":["GET"]}}],"collection":[{"href":"https:\/\/antersystem.com\/fr\/wp-json\/wp\/v2\/pages"}],"about":[{"href":"https:\/\/antersystem.com\/fr\/wp-json\/wp\/v2\/types\/page"}],"author":[{"embeddable":true,"href":"https:\/\/antersystem.com\/fr\/wp-json\/wp\/v2\/users\/11"}],"replies":[{"embeddable":true,"href":"https:\/\/antersystem.com\/fr\/wp-json\/wp\/v2\/comments?post=38805"}],"version-history":[{"count":1,"href":"https:\/\/antersystem.com\/fr\/wp-json\/wp\/v2\/pages\/38805\/revisions"}],"predecessor-version":[{"id":38806,"href":"https:\/\/antersystem.com\/fr\/wp-json\/wp\/v2\/pages\/38805\/revisions\/38806"}],"up":[{"embeddable":true,"href":"https:\/\/antersystem.com\/fr\/wp-json\/wp\/v2\/pages\/30302"}],"wp:attachment":[{"href":"https:\/\/antersystem.com\/fr\/wp-json\/wp\/v2\/media?parent=38805"}],"curies":[{"name":"wp","href":"https:\/\/api.w.org\/{rel}","templated":true}]}}