{"id":38851,"date":"2024-06-14T14:17:21","date_gmt":"2024-06-14T12:17:21","guid":{"rendered":"https:\/\/antersystem.com\/nouvelles\/modernlog-2024\/"},"modified":"2026-02-02T14:14:43","modified_gmt":"2026-02-02T13:14:43","slug":"modernlog-2024","status":"publish","type":"page","link":"https:\/\/antersystem.com\/fr\/nouvelles\/modernlog-2024\/","title":{"rendered":"Modernlog 2024"},"content":{"rendered":"\n<div class=\"wp-block-columns is-layout-flex wp-container-core-columns-is-layout-9d6595d7 wp-block-columns-is-layout-flex\">\n<div class=\"wp-block-column is-layout-flow wp-block-column-is-layout-flow\">\n<h2 class=\"wp-block-heading\">Rapport de Modernlog, 4-7 juin 2024<\/h2>\n\n\n\n<div class=\"wp-block-columns is-layout-flex wp-container-core-columns-is-layout-9d6595d7 wp-block-columns-is-layout-flex\">\n<div class=\"wp-block-column is-layout-flow wp-block-column-is-layout-flow\" style=\"flex-basis:10%\"><\/div>\n\n\n\n<div class=\"wp-block-column is-layout-flow wp-block-column-is-layout-flow\">\n<div class=\"wp-block-media-text has-media-on-the-right is-stacked-on-mobile\"><div class=\"wp-block-media-text__content\">\n<p>La c\u00e9l\u00e9bration de l&rsquo;industrie logistique \u00e0 Pozna\u0144 &#8211; qui fait partie du plus grand bloc d&rsquo;\u00e9v\u00e9nements industriels pour l&rsquo;industrie 4.0 en Pologne &#8211; s&rsquo;est achev\u00e9e. Entre le 4 et le 7 juin, le <strong>salon Modernlog<\/strong> s&rsquo;est d\u00e9roul\u00e9 au parc des expositions international de Pozna\u0144, avec des conf\u00e9rences de sp\u00e9cialistes, des d\u00e9monstrations en direct et des sessions de r\u00e9seautage. Les participants ont eu l&rsquo;occasion d&rsquo;explorer un large \u00e9ventail d&rsquo;offres des exposants, ce qui a permis de nouer de nombreuses relations d&rsquo;affaires avec des entreprises \u00e0 la recherche de solutions logistiques innovantes.  <\/p>\n<\/div><figure class=\"wp-block-media-text__media\"><img loading=\"lazy\" decoding=\"async\" width=\"1024\" height=\"683\" src=\"https:\/\/antersystem.com\/wp-content\/uploads\/2024-06-05_modernlog_fotobueno_-1836-1-1024x683.jpg\" alt=\"Salon Modernlog 2024 \u00e0 Pozna\u0144\" class=\"wp-image-4800 size-full\" srcset=\"https:\/\/antersystem.com\/wp-content\/uploads\/2024-06-05_modernlog_fotobueno_-1836-1-1024x683.jpg 1024w, https:\/\/antersystem.com\/wp-content\/uploads\/2024-06-05_modernlog_fotobueno_-1836-1-300x200.jpg 300w, https:\/\/antersystem.com\/wp-content\/uploads\/2024-06-05_modernlog_fotobueno_-1836-1-768x512.jpg 768w, https:\/\/antersystem.com\/wp-content\/uploads\/2024-06-05_modernlog_fotobueno_-1836-1-1536x1024.jpg 1536w, https:\/\/antersystem.com\/wp-content\/uploads\/2024-06-05_modernlog_fotobueno_-1836-1-2048x1365.jpg 2048w, https:\/\/antersystem.com\/wp-content\/uploads\/2024-06-05_modernlog_fotobueno_-1836-1-450x300.jpg 450w, https:\/\/antersystem.com\/wp-content\/uploads\/2024-06-05_modernlog_fotobueno_-1836-1-330x220.jpg 330w\" sizes=\"auto, (max-width: 1024px) 100vw, 1024px\" \/><\/figure><\/div>\n\n\n\n<div class=\"wp-block-media-text is-stacked-on-mobile\"><figure class=\"wp-block-media-text__media\"><img loading=\"lazy\" decoding=\"async\" width=\"1024\" height=\"683\" src=\"https:\/\/antersystem.com\/wp-content\/uploads\/2024-06-05_modernlog_fotobueno_-1976-1-1024x683.jpg\" alt=\"Conf\u00e9rence sur l&#039;entrep\u00f4t intelligent \u00e0 Modernlog 2024\" class=\"wp-image-4794 size-full\" srcset=\"https:\/\/antersystem.com\/wp-content\/uploads\/2024-06-05_modernlog_fotobueno_-1976-1-1024x683.jpg 1024w, https:\/\/antersystem.com\/wp-content\/uploads\/2024-06-05_modernlog_fotobueno_-1976-1-300x200.jpg 300w, https:\/\/antersystem.com\/wp-content\/uploads\/2024-06-05_modernlog_fotobueno_-1976-1-768x512.jpg 768w, https:\/\/antersystem.com\/wp-content\/uploads\/2024-06-05_modernlog_fotobueno_-1976-1-1536x1024.jpg 1536w, https:\/\/antersystem.com\/wp-content\/uploads\/2024-06-05_modernlog_fotobueno_-1976-1-2048x1365.jpg 2048w, https:\/\/antersystem.com\/wp-content\/uploads\/2024-06-05_modernlog_fotobueno_-1976-1-450x300.jpg 450w, https:\/\/antersystem.com\/wp-content\/uploads\/2024-06-05_modernlog_fotobueno_-1976-1-330x220.jpg 330w\" sizes=\"auto, (max-width: 1024px) 100vw, 1024px\" \/><\/figure><div class=\"wp-block-media-text__content\">\n<p>Lors de la conf\u00e9rence <strong>Smart Warehouse<\/strong>, les orateurs et les participants ont discut\u00e9 de l&rsquo;orientation future de l&rsquo;entreposage polonais, en se concentrant sur la robotique, l&rsquo;automatisation et l&rsquo;utilisation de l&rsquo;intelligence artificielle. Les visiteurs ont pu d\u00e9couvrir les technologies logistiques pr\u00e9sent\u00e9es par plus de 100 exposants. Dans la <strong>zone In4Log<\/strong>, cr\u00e9\u00e9e en coop\u00e9ration avec MEDIALOG Publishing et des partenaires technologiques, des d\u00e9monstrations de machines en direct ont eu lieu. L&rsquo;installation logistique simul\u00e9e pr\u00e9sentait des solutions d&rsquo;entrep\u00f4t de pointe pour le 21e si\u00e8cle &#8211; y compris des technologies fournies par <strong>Anter System<\/strong>.   <\/p>\n<\/div><\/div>\n\n\n\n<div class=\"wp-block-media-text has-media-on-the-right is-stacked-on-mobile\"><div class=\"wp-block-media-text__content\">\n<p>L&rsquo;\u00e9v\u00e9nement de cette ann\u00e9e a \u00e9galement \u00e9t\u00e9 l&rsquo;occasion d&rsquo;aborder les principaux d\u00e9fis auxquels est confront\u00e9 le secteur de la logistique. Pour rester comp\u00e9titive, l&rsquo;industrie doit effectivement subir une transformation technologique et num\u00e9rique vers l&rsquo;<strong>industrie 4.0<\/strong> et une transition verte vers une <strong>production \u00e0 faibles \u00e9missions<\/strong>. La Pologne, qui est l&rsquo;un des leaders de la r\u00e9industrialisation en Europe, dispose encore d&rsquo;un potentiel important pour d\u00e9velopper une base industrielle technologiquement avanc\u00e9e, automatis\u00e9e et robotis\u00e9e.  <\/p>\n<\/div><figure class=\"wp-block-media-text__media\"><img loading=\"lazy\" decoding=\"async\" width=\"840\" height=\"560\" src=\"https:\/\/antersystem.com\/wp-content\/uploads\/2024-06-05_modernlog_fotobueno_-3154.jpg\" alt=\"D\u00e9bat d&#039;experts \u00e0 Modernlog 2024\" class=\"wp-image-4795 size-full\" srcset=\"https:\/\/antersystem.com\/wp-content\/uploads\/2024-06-05_modernlog_fotobueno_-3154.jpg 840w, https:\/\/antersystem.com\/wp-content\/uploads\/2024-06-05_modernlog_fotobueno_-3154-300x200.jpg 300w, https:\/\/antersystem.com\/wp-content\/uploads\/2024-06-05_modernlog_fotobueno_-3154-768x512.jpg 768w, https:\/\/antersystem.com\/wp-content\/uploads\/2024-06-05_modernlog_fotobueno_-3154-450x300.jpg 450w, https:\/\/antersystem.com\/wp-content\/uploads\/2024-06-05_modernlog_fotobueno_-3154-330x220.jpg 330w\" sizes=\"auto, (max-width: 840px) 100vw, 840px\" \/><\/figure><\/div>\n\n\n\n<div class=\"wp-block-media-text is-stacked-on-mobile\"><figure class=\"wp-block-media-text__media\"><img loading=\"lazy\" decoding=\"async\" width=\"1024\" height=\"683\" src=\"https:\/\/antersystem.com\/wp-content\/uploads\/2024-06-05_modernlog_fotobueno_-2950-1-1024x683.jpg\" alt=\"C\u00e9r\u00e9monie d&#039;ouverture de Modernlog 2024\" class=\"wp-image-4797 size-full\" srcset=\"https:\/\/antersystem.com\/wp-content\/uploads\/2024-06-05_modernlog_fotobueno_-2950-1-1024x683.jpg 1024w, https:\/\/antersystem.com\/wp-content\/uploads\/2024-06-05_modernlog_fotobueno_-2950-1-300x200.jpg 300w, https:\/\/antersystem.com\/wp-content\/uploads\/2024-06-05_modernlog_fotobueno_-2950-1-768x512.jpg 768w, https:\/\/antersystem.com\/wp-content\/uploads\/2024-06-05_modernlog_fotobueno_-2950-1-1536x1024.jpg 1536w, https:\/\/antersystem.com\/wp-content\/uploads\/2024-06-05_modernlog_fotobueno_-2950-1-2048x1365.jpg 2048w, https:\/\/antersystem.com\/wp-content\/uploads\/2024-06-05_modernlog_fotobueno_-2950-1-450x300.jpg 450w, https:\/\/antersystem.com\/wp-content\/uploads\/2024-06-05_modernlog_fotobueno_-2950-1-330x220.jpg 330w\" sizes=\"auto, (max-width: 1024px) 100vw, 1024px\" \/><\/figure><div class=\"wp-block-media-text__content\">\n<p>L&rsquo;ouverture de la foire a \u00e9t\u00e9 honor\u00e9e par la pr\u00e9sence d&rsquo;<strong>Ignacy Niemczycki<\/strong>, sous-secr\u00e9taire d&rsquo;\u00c9tat au minist\u00e8re du d\u00e9veloppement et de la technologie. L&rsquo;\u00e9v\u00e9nement a donn\u00e9 lieu \u00e0 des d\u00e9bats d&rsquo;experts dynamiques, \u00e0 des \u00e9tudes de cas int\u00e9ressantes et \u00e0 de pr\u00e9cieuses possibilit\u00e9s de mise en r\u00e9seau. Les participants ont \u00e9largi leurs relations professionnelles &#8211; parmi les fournisseurs, les consultants et les op\u00e9rateurs logistiques &#8211; tout en explorant les derni\u00e8res tendances et en les comparant aux r\u00e9alit\u00e9s de leurs propres organisations.  <\/p>\n<\/div><\/div>\n\n\n\n<div class=\"wp-block-media-text has-media-on-the-right is-stacked-on-mobile\"><div class=\"wp-block-media-text__content\">\n<p><strong>Modernlog 2024<\/strong> a \u00e9t\u00e9 une occasion exceptionnelle de se familiariser avec les derni\u00e8res technologies logistiques et les tendances de l&rsquo;industrie 4.0, ainsi que d&rsquo;\u00e9tablir de pr\u00e9cieux contacts commerciaux et d&rsquo;\u00e9changer des exp\u00e9riences avec les leaders du secteur. Nous vous invitons \u00e0 parcourir notre galerie de photos ci-dessous : <\/p>\n<\/div><figure class=\"wp-block-media-text__media\"><img loading=\"lazy\" decoding=\"async\" width=\"1024\" height=\"683\" src=\"https:\/\/antersystem.com\/wp-content\/uploads\/2024-06-05_modernlog_fotobueno_-1954-1-1024x683.jpg\" alt=\"Reportage photo Modernlog 2024\" class=\"wp-image-4798 size-full\" srcset=\"https:\/\/antersystem.com\/wp-content\/uploads\/2024-06-05_modernlog_fotobueno_-1954-1-1024x683.jpg 1024w, https:\/\/antersystem.com\/wp-content\/uploads\/2024-06-05_modernlog_fotobueno_-1954-1-300x200.jpg 300w, https:\/\/antersystem.com\/wp-content\/uploads\/2024-06-05_modernlog_fotobueno_-1954-1-768x512.jpg 768w, https:\/\/antersystem.com\/wp-content\/uploads\/2024-06-05_modernlog_fotobueno_-1954-1-1536x1024.jpg 1536w, https:\/\/antersystem.com\/wp-content\/uploads\/2024-06-05_modernlog_fotobueno_-1954-1-2048x1365.jpg 2048w, https:\/\/antersystem.com\/wp-content\/uploads\/2024-06-05_modernlog_fotobueno_-1954-1-450x300.jpg 450w, https:\/\/antersystem.com\/wp-content\/uploads\/2024-06-05_modernlog_fotobueno_-1954-1-330x220.jpg 330w\" sizes=\"auto, (max-width: 1024px) 100vw, 1024px\" \/><\/figure><\/div>\n<\/div>\n\n\n\n<div class=\"wp-block-column is-layout-flow wp-block-column-is-layout-flow\" style=\"flex-basis:10%\"><\/div>\n<\/div>\n\n\n\nngg_shortcode_0_placeholder\n<\/div>\n<\/div>\n\n<p><\/p>\n","protected":false},"excerpt":{"rendered":"<p>Rapport de Modernlog, 4-7 juin 2024 La c\u00e9l\u00e9bration de l&rsquo;industrie logistique \u00e0 Pozna\u0144 &#8211; qui fait partie du plus grand bloc d&rsquo;\u00e9v\u00e9nements industriels pour l&rsquo;industrie 4.0 en Pologne &#8211; s&rsquo;est achev\u00e9e. Entre le 4 et le 7 juin, le salon Modernlog s&rsquo;est d\u00e9roul\u00e9 au parc des expositions international de Pozna\u0144, avec des conf\u00e9rences de sp\u00e9cialistes, [&hellip;]<\/p>\n","protected":false},"author":1,"featured_media":0,"parent":30302,"menu_order":0,"comment_status":"closed","ping_status":"closed","template":"","meta":{"inline_featured_image":false,"ngg_post_thumbnail":0,"footnotes":""},"class_list":["post-38851","page","type-page","status-publish","hentry"],"acf":[],"yoast_head":"<!-- This site is optimized with the Yoast SEO plugin v27.0 - https:\/\/yoast.com\/product\/yoast-seo-wordpress\/ -->\n<title>Modernlog 2024 - Anter System<\/title>\n<meta name=\"description\" content=\"Du 4 au 7 d\u00e9cembre, Modernlog est le lieu o\u00f9 se d\u00e9rouleront les conf\u00e9rences et les r\u00e9unions.\" \/>\n<meta name=\"robots\" content=\"index, follow, max-snippet:-1, max-image-preview:large, max-video-preview:-1\" \/>\n<link rel=\"canonical\" href=\"https:\/\/antersystem.com\/fr\/nouvelles\/modernlog-2024\/\" \/>\n<meta property=\"og:locale\" content=\"fr_FR\" \/>\n<meta property=\"og:type\" content=\"article\" \/>\n<meta property=\"og:title\" content=\"Modernlog 2024 - Anter System\" \/>\n<meta property=\"og:description\" content=\"Du 4 au 7 d\u00e9cembre, Modernlog est le lieu o\u00f9 se d\u00e9rouleront les conf\u00e9rences et les r\u00e9unions.\" \/>\n<meta property=\"og:url\" content=\"https:\/\/antersystem.com\/fr\/nouvelles\/modernlog-2024\/\" \/>\n<meta property=\"og:site_name\" content=\"Anter System\" \/>\n<meta property=\"article:modified_time\" content=\"2026-02-02T13:14:43+00:00\" \/>\n<meta property=\"og:image\" content=\"https:\/\/antersystem.com\/wp-content\/uploads\/2024-06-05_modernlog_fotobueno_-1836-1-1024x683.jpg\" \/>\n<meta name=\"twitter:card\" content=\"summary_large_image\" \/>\n<meta name=\"twitter:label1\" content=\"Dur\u00e9e de lecture estim\u00e9e\" \/>\n\t<meta name=\"twitter:data1\" content=\"2 minutes\" \/>\n<script type=\"application\/ld+json\" class=\"yoast-schema-graph\">{\"@context\":\"https:\/\/schema.org\",\"@graph\":[{\"@type\":\"WebPage\",\"@id\":\"https:\/\/antersystem.com\/fr\/nouvelles\/modernlog-2024\/\",\"url\":\"https:\/\/antersystem.com\/fr\/nouvelles\/modernlog-2024\/\",\"name\":\"Modernlog 2024 - Anter System\",\"isPartOf\":{\"@id\":\"https:\/\/antersystem.com\/fr\/#website\"},\"primaryImageOfPage\":{\"@id\":\"https:\/\/antersystem.com\/fr\/nouvelles\/modernlog-2024\/#primaryimage\"},\"image\":{\"@id\":\"https:\/\/antersystem.com\/fr\/nouvelles\/modernlog-2024\/#primaryimage\"},\"thumbnailUrl\":\"https:\/\/antersystem.com\/wp-content\/uploads\/2024-06-05_modernlog_fotobueno_-1836-1-1024x683.jpg\",\"datePublished\":\"2024-06-14T12:17:21+00:00\",\"dateModified\":\"2026-02-02T13:14:43+00:00\",\"description\":\"Du 4 au 7 d\u00e9cembre, Modernlog est le lieu o\u00f9 se d\u00e9rouleront les conf\u00e9rences et les r\u00e9unions.\",\"breadcrumb\":{\"@id\":\"https:\/\/antersystem.com\/fr\/nouvelles\/modernlog-2024\/#breadcrumb\"},\"inLanguage\":\"fr-FR\",\"potentialAction\":[{\"@type\":\"ReadAction\",\"target\":[\"https:\/\/antersystem.com\/fr\/nouvelles\/modernlog-2024\/\"]}]},{\"@type\":\"ImageObject\",\"inLanguage\":\"fr-FR\",\"@id\":\"https:\/\/antersystem.com\/fr\/nouvelles\/modernlog-2024\/#primaryimage\",\"url\":\"https:\/\/antersystem.com\/wp-content\/uploads\/2024-06-05_modernlog_fotobueno_-1836-1-1024x683.jpg\",\"contentUrl\":\"https:\/\/antersystem.com\/wp-content\/uploads\/2024-06-05_modernlog_fotobueno_-1836-1-1024x683.jpg\"},{\"@type\":\"BreadcrumbList\",\"@id\":\"https:\/\/antersystem.com\/fr\/nouvelles\/modernlog-2024\/#breadcrumb\",\"itemListElement\":[{\"@type\":\"ListItem\",\"position\":1,\"name\":\"AnterSystem\",\"item\":\"https:\/\/antersystem.com\/fr\/\"},{\"@type\":\"ListItem\",\"position\":2,\"name\":\"Actualit\u00e9s\",\"item\":\"https:\/\/antersystem.com\/fr\/nouvelles\/\"},{\"@type\":\"ListItem\",\"position\":3,\"name\":\"Modernlog 2024\"}]},{\"@type\":\"WebSite\",\"@id\":\"https:\/\/antersystem.com\/fr\/#website\",\"url\":\"https:\/\/antersystem.com\/fr\/\",\"name\":\"Anter System\",\"description\":\"Jeste\u015bmy polskim producentem elastycznych barier ochronnych wykonywanych z polimerowych tworzyw sztucznych. Na rynku krajowym i zagranicznym dzia\u0142amy od ponad 15 lat dbaj\u0105c o zapewnienie bezpiecze\u0144stwa w zak\u0142adach produkcyjnych, magazynach oraz centrach logistycznych.\",\"potentialAction\":[{\"@type\":\"SearchAction\",\"target\":{\"@type\":\"EntryPoint\",\"urlTemplate\":\"https:\/\/antersystem.com\/fr\/?s={search_term_string}\"},\"query-input\":{\"@type\":\"PropertyValueSpecification\",\"valueRequired\":true,\"valueName\":\"search_term_string\"}}],\"inLanguage\":\"fr-FR\"}]}<\/script>\n<!-- \/ Yoast SEO plugin. -->","yoast_head_json":{"title":"Modernlog 2024 - Anter System","description":"Du 4 au 7 d\u00e9cembre, Modernlog est le lieu o\u00f9 se d\u00e9rouleront les conf\u00e9rences et les r\u00e9unions.","robots":{"index":"index","follow":"follow","max-snippet":"max-snippet:-1","max-image-preview":"max-image-preview:large","max-video-preview":"max-video-preview:-1"},"canonical":"https:\/\/antersystem.com\/fr\/nouvelles\/modernlog-2024\/","og_locale":"fr_FR","og_type":"article","og_title":"Modernlog 2024 - Anter System","og_description":"Du 4 au 7 d\u00e9cembre, Modernlog est le lieu o\u00f9 se d\u00e9rouleront les conf\u00e9rences et les r\u00e9unions.","og_url":"https:\/\/antersystem.com\/fr\/nouvelles\/modernlog-2024\/","og_site_name":"Anter System","article_modified_time":"2026-02-02T13:14:43+00:00","og_image":[{"url":"https:\/\/antersystem.com\/wp-content\/uploads\/2024-06-05_modernlog_fotobueno_-1836-1-1024x683.jpg","type":"","width":"","height":""}],"twitter_card":"summary_large_image","twitter_misc":{"Dur\u00e9e de lecture estim\u00e9e":"2 minutes"},"schema":{"@context":"https:\/\/schema.org","@graph":[{"@type":"WebPage","@id":"https:\/\/antersystem.com\/fr\/nouvelles\/modernlog-2024\/","url":"https:\/\/antersystem.com\/fr\/nouvelles\/modernlog-2024\/","name":"Modernlog 2024 - Anter System","isPartOf":{"@id":"https:\/\/antersystem.com\/fr\/#website"},"primaryImageOfPage":{"@id":"https:\/\/antersystem.com\/fr\/nouvelles\/modernlog-2024\/#primaryimage"},"image":{"@id":"https:\/\/antersystem.com\/fr\/nouvelles\/modernlog-2024\/#primaryimage"},"thumbnailUrl":"https:\/\/antersystem.com\/wp-content\/uploads\/2024-06-05_modernlog_fotobueno_-1836-1-1024x683.jpg","datePublished":"2024-06-14T12:17:21+00:00","dateModified":"2026-02-02T13:14:43+00:00","description":"Du 4 au 7 d\u00e9cembre, Modernlog est le lieu o\u00f9 se d\u00e9rouleront les conf\u00e9rences et les r\u00e9unions.","breadcrumb":{"@id":"https:\/\/antersystem.com\/fr\/nouvelles\/modernlog-2024\/#breadcrumb"},"inLanguage":"fr-FR","potentialAction":[{"@type":"ReadAction","target":["https:\/\/antersystem.com\/fr\/nouvelles\/modernlog-2024\/"]}]},{"@type":"ImageObject","inLanguage":"fr-FR","@id":"https:\/\/antersystem.com\/fr\/nouvelles\/modernlog-2024\/#primaryimage","url":"https:\/\/antersystem.com\/wp-content\/uploads\/2024-06-05_modernlog_fotobueno_-1836-1-1024x683.jpg","contentUrl":"https:\/\/antersystem.com\/wp-content\/uploads\/2024-06-05_modernlog_fotobueno_-1836-1-1024x683.jpg"},{"@type":"BreadcrumbList","@id":"https:\/\/antersystem.com\/fr\/nouvelles\/modernlog-2024\/#breadcrumb","itemListElement":[{"@type":"ListItem","position":1,"name":"AnterSystem","item":"https:\/\/antersystem.com\/fr\/"},{"@type":"ListItem","position":2,"name":"Actualit\u00e9s","item":"https:\/\/antersystem.com\/fr\/nouvelles\/"},{"@type":"ListItem","position":3,"name":"Modernlog 2024"}]},{"@type":"WebSite","@id":"https:\/\/antersystem.com\/fr\/#website","url":"https:\/\/antersystem.com\/fr\/","name":"Anter System","description":"Jeste\u015bmy polskim producentem elastycznych barier ochronnych wykonywanych z polimerowych tworzyw sztucznych. Na rynku krajowym i zagranicznym dzia\u0142amy od ponad 15 lat dbaj\u0105c o zapewnienie bezpiecze\u0144stwa w zak\u0142adach produkcyjnych, magazynach oraz centrach logistycznych.","potentialAction":[{"@type":"SearchAction","target":{"@type":"EntryPoint","urlTemplate":"https:\/\/antersystem.com\/fr\/?s={search_term_string}"},"query-input":{"@type":"PropertyValueSpecification","valueRequired":true,"valueName":"search_term_string"}}],"inLanguage":"fr-FR"}]}},"_links":{"self":[{"href":"https:\/\/antersystem.com\/fr\/wp-json\/wp\/v2\/pages\/38851","targetHints":{"allow":["GET"]}}],"collection":[{"href":"https:\/\/antersystem.com\/fr\/wp-json\/wp\/v2\/pages"}],"about":[{"href":"https:\/\/antersystem.com\/fr\/wp-json\/wp\/v2\/types\/page"}],"author":[{"embeddable":true,"href":"https:\/\/antersystem.com\/fr\/wp-json\/wp\/v2\/users\/1"}],"replies":[{"embeddable":true,"href":"https:\/\/antersystem.com\/fr\/wp-json\/wp\/v2\/comments?post=38851"}],"version-history":[{"count":1,"href":"https:\/\/antersystem.com\/fr\/wp-json\/wp\/v2\/pages\/38851\/revisions"}],"predecessor-version":[{"id":38853,"href":"https:\/\/antersystem.com\/fr\/wp-json\/wp\/v2\/pages\/38851\/revisions\/38853"}],"up":[{"embeddable":true,"href":"https:\/\/antersystem.com\/fr\/wp-json\/wp\/v2\/pages\/30302"}],"wp:attachment":[{"href":"https:\/\/antersystem.com\/fr\/wp-json\/wp\/v2\/media?parent=38851"}],"curies":[{"name":"wp","href":"https:\/\/api.w.org\/{rel}","templated":true}]}}