{"id":38885,"date":"2024-11-25T09:14:04","date_gmt":"2024-11-25T08:14:04","guid":{"rendered":"https:\/\/antersystem.com\/nouvelles\/anter-system-at-intralogistyka-i-magazynowanie-conference-2024\/"},"modified":"2026-02-02T14:15:46","modified_gmt":"2026-02-02T13:15:46","slug":"anter-system-at-intralogistyka-i-magazynowanie-conference-2024","status":"publish","type":"page","link":"https:\/\/antersystem.com\/fr\/nouvelles\/anter-system-at-intralogistyka-i-magazynowanie-conference-2024\/","title":{"rendered":"Anter System \u00e0 la conf\u00e9rence \u00ab\u00a0Intralogistyka i magazynowanie"},"content":{"rendered":"\n<div class=\"wp-block-columns is-layout-flex wp-container-core-columns-is-layout-9d6595d7 wp-block-columns-is-layout-flex\">\n<div class=\"wp-block-column is-layout-flow wp-block-column-is-layout-flow\" style=\"flex-basis:10%\"><\/div>\n\n\n\n<div class=\"wp-block-column is-layout-flow wp-block-column-is-layout-flow\">\n<h2 class=\"wp-block-heading\">D\u00e9couvrez les derni\u00e8res tendances en mati\u00e8re d&rsquo;intralogistique !<\/h2>\n\n\n\n<p>Nous avons le plaisir de vous annoncer qu&rsquo;Anter System est partenaire de la conf\u00e9rence <strong>\u00a0\u00bb Optimisation des processus d&rsquo;intralogistique et d&rsquo;entrep\u00f4t \u00ab\u00a0<\/strong>, qui aura lieu le <strong>5 d\u00e9cembre 2024<\/strong> \u00e0 Swarz\u0119dz pr\u00e8s de Pozna\u0144. L&rsquo;objectif principal de l&rsquo;\u00e9v\u00e9nement est de rassembler des experts des secteurs de la logistique d&rsquo;entrep\u00f4t, de l&rsquo;industrie et de l&rsquo;automatisation, en cr\u00e9ant une plateforme d&rsquo;\u00e9change de connaissances et de pr\u00e9sentation des derni\u00e8res solutions. <\/p>\n\n\n\n<p><strong>Conf\u00e9rences, ateliers, mise en r\u00e9seau des entreprises<\/strong><\/p>\n\n\n\n<p>La conf\u00e9rence abordera des sujets cl\u00e9s li\u00e9s \u00e0 l&rsquo;<strong>automatisation des processus d&rsquo;entreposage, \u00e0 la mise en \u0153uvre de technologies innovantes et<\/strong> \u00e0 l&rsquo;<strong>am\u00e9lioration de la s\u00e9curit\u00e9<\/strong> dans les environnements d&rsquo;entreposage. Les sujets abord\u00e9s incluront les syst\u00e8mes de transport interne, les robots d&rsquo;entrep\u00f4t, les syst\u00e8mes de stockage et de pr\u00e9paration de commandes automatis\u00e9s, la RFID et les technologies d&rsquo;identification sans fil, ainsi que la programmation pour l&rsquo;intralogistique. Les participants auront \u00e9galement la possibilit\u00e9 de prendre part \u00e0 des ateliers techniques &#8211; une excellente occasion d&rsquo;approfondir les comp\u00e9tences pratiques li\u00e9es aux th\u00e8mes de la conf\u00e9rence. Un autre avantage de l&rsquo;\u00e9v\u00e9nement sera la <strong>possibilit\u00e9 d&rsquo;\u00e9tablir des relations d&rsquo;affaires pr\u00e9cieuses<\/strong> qui peuvent soutenir le d\u00e9veloppement professionnel ou conduire \u00e0 de nouveaux partenariats.   <\/p>\n\n\n\n<p><strong>Parlons de s\u00e9curit\u00e9<\/strong><\/p>\n\n\n\n<p>En tant que <strong>partenaire de l&rsquo;\u00e9v\u00e9nement, Anter System sera pr\u00e9sent \u00e0 la conf\u00e9rence<\/strong> pour r\u00e9pondre aux questions sur les solutions les plus modernes soutenant l&rsquo;efficacit\u00e9 et la s\u00e9curit\u00e9 de l&rsquo;intralogistique. Les participants auront l&rsquo;occasion d&rsquo;en savoir plus sur nos syst\u00e8mes de protection des infrastructures, nos produits de gestion des espaces de stockage et nos solutions de s\u00e9curit\u00e9 con\u00e7ues pour les installations industrielles et de stockage. <\/p>\n\n\n\n<p>Nous vous invitons chaleureusement \u00e0 participer \u00e0 la conf\u00e9rence et \u00e0 vous entretenir avec nos repr\u00e9sentants.<\/p>\n\n\n\n<p><strong>Date : 5 d\u00e9cembre 2024, Swarz\u0119dz pr\u00e8s de Pozna\u0144<\/strong> 5 d\u00e9cembre 2024, Swarz\u0119dz pr\u00e8s de Pozna\u0144, 8:00 AM &#8211; 3:30 PM<br\/> Lieu : Hampton by Hilton Pozna\u0144 Swarz\u0119dz, 1 Antoniego Tabaki St., Swarz\u0119dz<\/p>\n\n\n\n<p>La participation \u00e0 la conf\u00e9rence est gratuite.<\/p>\n\n\n\n<p><strong>Plus d&rsquo;informations et inscription :<\/strong> <em><a href=\"https:\/\/www.axonmedia.pl\/konferencje\/aktualne\/intralogistyka-magazynowanie-2024-poznan\/\">\u00ab\u00a0Intralogistique et entreposage<\/a><\/em><\/p>\n\n\n\n<p>Rendez-vous \u00e0 Swarz\u0119dz &#8211; travaillons ensemble pour fa\u00e7onner l&rsquo;avenir des entrep\u00f4ts modernes !<\/p>\n\n\n\n<p><\/p>\n\n\n\n<p><\/p>\n<\/div>\n\n\n\n<div class=\"wp-block-column is-layout-flow wp-block-column-is-layout-flow\" style=\"flex-basis:10%\"><\/div>\n<\/div>\n<div class=\"wp-block-image\">\n<figure class=\"aligncenter size-large is-resized\"><img loading=\"lazy\" decoding=\"async\" width=\"1024\" height=\"576\" src=\"https:\/\/antersystem.com\/wp-content\/uploads\/axon_12_2024_konferencja_Intralogistyka-1024x576.jpg\" alt=\"\" class=\"wp-image-5650\" style=\"width:620px;height:auto\" srcset=\"https:\/\/antersystem.com\/wp-content\/uploads\/axon_12_2024_konferencja_Intralogistyka-1024x576.jpg 1024w, https:\/\/antersystem.com\/wp-content\/uploads\/axon_12_2024_konferencja_Intralogistyka-300x169.jpg 300w, https:\/\/antersystem.com\/wp-content\/uploads\/axon_12_2024_konferencja_Intralogistyka-768x432.jpg 768w, https:\/\/antersystem.com\/wp-content\/uploads\/axon_12_2024_konferencja_Intralogistyka-450x253.jpg 450w, https:\/\/antersystem.com\/wp-content\/uploads\/axon_12_2024_konferencja_Intralogistyka-330x186.jpg 330w, https:\/\/antersystem.com\/wp-content\/uploads\/axon_12_2024_konferencja_Intralogistyka.jpg 1115w\" sizes=\"auto, (max-width: 1024px) 100vw, 1024px\" \/><\/figure><\/div>","protected":false},"excerpt":{"rendered":"<p>D\u00e9couvrez les derni\u00e8res tendances en mati\u00e8re d&rsquo;intralogistique ! Nous avons le plaisir de vous annoncer qu&rsquo;Anter System est partenaire de la conf\u00e9rence \u00a0\u00bb Optimisation des processus d&rsquo;intralogistique et d&rsquo;entrep\u00f4t \u00ab\u00a0, qui aura lieu le 5 d\u00e9cembre 2024 \u00e0 Swarz\u0119dz pr\u00e8s de Pozna\u0144. L&rsquo;objectif principal de l&rsquo;\u00e9v\u00e9nement est de rassembler des experts des secteurs de la [&hellip;]<\/p>\n","protected":false},"author":1,"featured_media":0,"parent":30302,"menu_order":0,"comment_status":"closed","ping_status":"closed","template":"","meta":{"inline_featured_image":false,"ngg_post_thumbnail":0,"footnotes":""},"class_list":["post-38885","page","type-page","status-publish","hentry"],"acf":[],"yoast_head":"<!-- This site is optimized with the Yoast SEO plugin v27.0 - https:\/\/yoast.com\/product\/yoast-seo-wordpress\/ -->\n<title>Anter System \u00e0 la conf\u00e9rence &quot;Intralogistyka i magazynowanie - Anter System<\/title>\n<meta name=\"description\" content=\"Zapraszamy na konferencj\u0119 &quot;Intralogistyka i magazynowanie, kt\u00f3rej tematyka obejmuj mi\u0119dzy innymi zagadnienia zwi\u0105zane z bezpiecznym magazynem\" \/>\n<meta name=\"robots\" content=\"index, follow, max-snippet:-1, max-image-preview:large, max-video-preview:-1\" \/>\n<link rel=\"canonical\" href=\"https:\/\/antersystem.com\/fr\/nouvelles\/anter-system-at-intralogistyka-i-magazynowanie-conference-2024\/\" \/>\n<meta property=\"og:locale\" content=\"fr_FR\" \/>\n<meta property=\"og:type\" content=\"article\" \/>\n<meta property=\"og:title\" content=\"Anter System \u00e0 la conf\u00e9rence &quot;Intralogistyka i magazynowanie - Anter System\" \/>\n<meta property=\"og:description\" content=\"Zapraszamy na konferencj\u0119 &quot;Intralogistyka i magazynowanie, kt\u00f3rej tematyka obejmuj mi\u0119dzy innymi zagadnienia zwi\u0105zane z bezpiecznym magazynem\" \/>\n<meta property=\"og:url\" content=\"https:\/\/antersystem.com\/fr\/nouvelles\/anter-system-at-intralogistyka-i-magazynowanie-conference-2024\/\" \/>\n<meta property=\"og:site_name\" content=\"Anter System\" \/>\n<meta property=\"article:modified_time\" content=\"2026-02-02T13:15:46+00:00\" \/>\n<meta property=\"og:image\" content=\"https:\/\/antersystem.com\/wp-content\/uploads\/axon_12_2024_konferencja_Intralogistyka-1024x576.jpg\" \/>\n<meta name=\"twitter:card\" content=\"summary_large_image\" \/>\n<meta name=\"twitter:label1\" content=\"Dur\u00e9e de lecture estim\u00e9e\" \/>\n\t<meta name=\"twitter:data1\" content=\"2 minutes\" \/>\n<script type=\"application\/ld+json\" class=\"yoast-schema-graph\">{\"@context\":\"https:\/\/schema.org\",\"@graph\":[{\"@type\":\"WebPage\",\"@id\":\"https:\/\/antersystem.com\/fr\/nouvelles\/anter-system-at-intralogistyka-i-magazynowanie-conference-2024\/\",\"url\":\"https:\/\/antersystem.com\/fr\/nouvelles\/anter-system-at-intralogistyka-i-magazynowanie-conference-2024\/\",\"name\":\"Anter System \u00e0 la conf\u00e9rence \\\"Intralogistyka i magazynowanie - Anter System\",\"isPartOf\":{\"@id\":\"https:\/\/antersystem.com\/fr\/#website\"},\"primaryImageOfPage\":{\"@id\":\"https:\/\/antersystem.com\/fr\/nouvelles\/anter-system-at-intralogistyka-i-magazynowanie-conference-2024\/#primaryimage\"},\"image\":{\"@id\":\"https:\/\/antersystem.com\/fr\/nouvelles\/anter-system-at-intralogistyka-i-magazynowanie-conference-2024\/#primaryimage\"},\"thumbnailUrl\":\"https:\/\/antersystem.com\/wp-content\/uploads\/axon_12_2024_konferencja_Intralogistyka-1024x576.jpg\",\"datePublished\":\"2024-11-25T08:14:04+00:00\",\"dateModified\":\"2026-02-02T13:15:46+00:00\",\"description\":\"Zapraszamy na konferencj\u0119 \\\"Intralogistyka i magazynowanie, kt\u00f3rej tematyka obejmuj mi\u0119dzy innymi zagadnienia zwi\u0105zane z bezpiecznym magazynem\",\"breadcrumb\":{\"@id\":\"https:\/\/antersystem.com\/fr\/nouvelles\/anter-system-at-intralogistyka-i-magazynowanie-conference-2024\/#breadcrumb\"},\"inLanguage\":\"fr-FR\",\"potentialAction\":[{\"@type\":\"ReadAction\",\"target\":[\"https:\/\/antersystem.com\/fr\/nouvelles\/anter-system-at-intralogistyka-i-magazynowanie-conference-2024\/\"]}]},{\"@type\":\"ImageObject\",\"inLanguage\":\"fr-FR\",\"@id\":\"https:\/\/antersystem.com\/fr\/nouvelles\/anter-system-at-intralogistyka-i-magazynowanie-conference-2024\/#primaryimage\",\"url\":\"https:\/\/antersystem.com\/wp-content\/uploads\/axon_12_2024_konferencja_Intralogistyka-1024x576.jpg\",\"contentUrl\":\"https:\/\/antersystem.com\/wp-content\/uploads\/axon_12_2024_konferencja_Intralogistyka-1024x576.jpg\"},{\"@type\":\"BreadcrumbList\",\"@id\":\"https:\/\/antersystem.com\/fr\/nouvelles\/anter-system-at-intralogistyka-i-magazynowanie-conference-2024\/#breadcrumb\",\"itemListElement\":[{\"@type\":\"ListItem\",\"position\":1,\"name\":\"AnterSystem\",\"item\":\"https:\/\/antersystem.com\/fr\/\"},{\"@type\":\"ListItem\",\"position\":2,\"name\":\"Actualit\u00e9s\",\"item\":\"https:\/\/antersystem.com\/fr\/nouvelles\/\"},{\"@type\":\"ListItem\",\"position\":3,\"name\":\"Anter System \u00e0 la conf\u00e9rence &#8220;Intralogistyka i magazynowanie\"}]},{\"@type\":\"WebSite\",\"@id\":\"https:\/\/antersystem.com\/fr\/#website\",\"url\":\"https:\/\/antersystem.com\/fr\/\",\"name\":\"Anter System\",\"description\":\"Jeste\u015bmy polskim producentem elastycznych barier ochronnych wykonywanych z polimerowych tworzyw sztucznych. Na rynku krajowym i zagranicznym dzia\u0142amy od ponad 15 lat dbaj\u0105c o zapewnienie bezpiecze\u0144stwa w zak\u0142adach produkcyjnych, magazynach oraz centrach logistycznych.\",\"potentialAction\":[{\"@type\":\"SearchAction\",\"target\":{\"@type\":\"EntryPoint\",\"urlTemplate\":\"https:\/\/antersystem.com\/fr\/?s={search_term_string}\"},\"query-input\":{\"@type\":\"PropertyValueSpecification\",\"valueRequired\":true,\"valueName\":\"search_term_string\"}}],\"inLanguage\":\"fr-FR\"}]}<\/script>\n<!-- \/ Yoast SEO plugin. -->","yoast_head_json":{"title":"Anter System \u00e0 la conf\u00e9rence \"Intralogistyka i magazynowanie - Anter System","description":"Zapraszamy na konferencj\u0119 \"Intralogistyka i magazynowanie, kt\u00f3rej tematyka obejmuj mi\u0119dzy innymi zagadnienia zwi\u0105zane z bezpiecznym magazynem","robots":{"index":"index","follow":"follow","max-snippet":"max-snippet:-1","max-image-preview":"max-image-preview:large","max-video-preview":"max-video-preview:-1"},"canonical":"https:\/\/antersystem.com\/fr\/nouvelles\/anter-system-at-intralogistyka-i-magazynowanie-conference-2024\/","og_locale":"fr_FR","og_type":"article","og_title":"Anter System \u00e0 la conf\u00e9rence \"Intralogistyka i magazynowanie - Anter System","og_description":"Zapraszamy na konferencj\u0119 \"Intralogistyka i magazynowanie, kt\u00f3rej tematyka obejmuj mi\u0119dzy innymi zagadnienia zwi\u0105zane z bezpiecznym magazynem","og_url":"https:\/\/antersystem.com\/fr\/nouvelles\/anter-system-at-intralogistyka-i-magazynowanie-conference-2024\/","og_site_name":"Anter System","article_modified_time":"2026-02-02T13:15:46+00:00","og_image":[{"url":"https:\/\/antersystem.com\/wp-content\/uploads\/axon_12_2024_konferencja_Intralogistyka-1024x576.jpg","type":"","width":"","height":""}],"twitter_card":"summary_large_image","twitter_misc":{"Dur\u00e9e de lecture estim\u00e9e":"2 minutes"},"schema":{"@context":"https:\/\/schema.org","@graph":[{"@type":"WebPage","@id":"https:\/\/antersystem.com\/fr\/nouvelles\/anter-system-at-intralogistyka-i-magazynowanie-conference-2024\/","url":"https:\/\/antersystem.com\/fr\/nouvelles\/anter-system-at-intralogistyka-i-magazynowanie-conference-2024\/","name":"Anter System \u00e0 la conf\u00e9rence \"Intralogistyka i magazynowanie - Anter System","isPartOf":{"@id":"https:\/\/antersystem.com\/fr\/#website"},"primaryImageOfPage":{"@id":"https:\/\/antersystem.com\/fr\/nouvelles\/anter-system-at-intralogistyka-i-magazynowanie-conference-2024\/#primaryimage"},"image":{"@id":"https:\/\/antersystem.com\/fr\/nouvelles\/anter-system-at-intralogistyka-i-magazynowanie-conference-2024\/#primaryimage"},"thumbnailUrl":"https:\/\/antersystem.com\/wp-content\/uploads\/axon_12_2024_konferencja_Intralogistyka-1024x576.jpg","datePublished":"2024-11-25T08:14:04+00:00","dateModified":"2026-02-02T13:15:46+00:00","description":"Zapraszamy na konferencj\u0119 \"Intralogistyka i magazynowanie, kt\u00f3rej tematyka obejmuj mi\u0119dzy innymi zagadnienia zwi\u0105zane z bezpiecznym magazynem","breadcrumb":{"@id":"https:\/\/antersystem.com\/fr\/nouvelles\/anter-system-at-intralogistyka-i-magazynowanie-conference-2024\/#breadcrumb"},"inLanguage":"fr-FR","potentialAction":[{"@type":"ReadAction","target":["https:\/\/antersystem.com\/fr\/nouvelles\/anter-system-at-intralogistyka-i-magazynowanie-conference-2024\/"]}]},{"@type":"ImageObject","inLanguage":"fr-FR","@id":"https:\/\/antersystem.com\/fr\/nouvelles\/anter-system-at-intralogistyka-i-magazynowanie-conference-2024\/#primaryimage","url":"https:\/\/antersystem.com\/wp-content\/uploads\/axon_12_2024_konferencja_Intralogistyka-1024x576.jpg","contentUrl":"https:\/\/antersystem.com\/wp-content\/uploads\/axon_12_2024_konferencja_Intralogistyka-1024x576.jpg"},{"@type":"BreadcrumbList","@id":"https:\/\/antersystem.com\/fr\/nouvelles\/anter-system-at-intralogistyka-i-magazynowanie-conference-2024\/#breadcrumb","itemListElement":[{"@type":"ListItem","position":1,"name":"AnterSystem","item":"https:\/\/antersystem.com\/fr\/"},{"@type":"ListItem","position":2,"name":"Actualit\u00e9s","item":"https:\/\/antersystem.com\/fr\/nouvelles\/"},{"@type":"ListItem","position":3,"name":"Anter System \u00e0 la conf\u00e9rence &#8220;Intralogistyka i magazynowanie"}]},{"@type":"WebSite","@id":"https:\/\/antersystem.com\/fr\/#website","url":"https:\/\/antersystem.com\/fr\/","name":"Anter System","description":"Jeste\u015bmy polskim producentem elastycznych barier ochronnych wykonywanych z polimerowych tworzyw sztucznych. Na rynku krajowym i zagranicznym dzia\u0142amy od ponad 15 lat dbaj\u0105c o zapewnienie bezpiecze\u0144stwa w zak\u0142adach produkcyjnych, magazynach oraz centrach logistycznych.","potentialAction":[{"@type":"SearchAction","target":{"@type":"EntryPoint","urlTemplate":"https:\/\/antersystem.com\/fr\/?s={search_term_string}"},"query-input":{"@type":"PropertyValueSpecification","valueRequired":true,"valueName":"search_term_string"}}],"inLanguage":"fr-FR"}]}},"_links":{"self":[{"href":"https:\/\/antersystem.com\/fr\/wp-json\/wp\/v2\/pages\/38885","targetHints":{"allow":["GET"]}}],"collection":[{"href":"https:\/\/antersystem.com\/fr\/wp-json\/wp\/v2\/pages"}],"about":[{"href":"https:\/\/antersystem.com\/fr\/wp-json\/wp\/v2\/types\/page"}],"author":[{"embeddable":true,"href":"https:\/\/antersystem.com\/fr\/wp-json\/wp\/v2\/users\/1"}],"replies":[{"embeddable":true,"href":"https:\/\/antersystem.com\/fr\/wp-json\/wp\/v2\/comments?post=38885"}],"version-history":[{"count":1,"href":"https:\/\/antersystem.com\/fr\/wp-json\/wp\/v2\/pages\/38885\/revisions"}],"predecessor-version":[{"id":38886,"href":"https:\/\/antersystem.com\/fr\/wp-json\/wp\/v2\/pages\/38885\/revisions\/38886"}],"up":[{"embeddable":true,"href":"https:\/\/antersystem.com\/fr\/wp-json\/wp\/v2\/pages\/30302"}],"wp:attachment":[{"href":"https:\/\/antersystem.com\/fr\/wp-json\/wp\/v2\/media?parent=38885"}],"curies":[{"name":"wp","href":"https:\/\/api.w.org\/{rel}","templated":true}]}}