{"id":38939,"date":"2023-10-11T14:02:03","date_gmt":"2023-10-11T12:02:03","guid":{"rendered":"https:\/\/antersystem.com\/nouvelles\/symbol-2019\/"},"modified":"2026-02-02T15:23:14","modified_gmt":"2026-02-02T14:23:14","slug":"symbol-2019","status":"publish","type":"page","link":"https:\/\/antersystem.com\/fr\/nouvelles\/symbol-2019\/","title":{"rendered":"Symbole 2019"},"content":{"rendered":"\n<div class=\"wp-block-columns is-layout-flex wp-container-core-columns-is-layout-9d6595d7 wp-block-columns-is-layout-flex\">\n<div class=\"wp-block-column is-layout-flow wp-block-column-is-layout-flow\" style=\"flex-basis:10%\"><\/div>\n\n\n\n<div class=\"wp-block-column is-layout-flow wp-block-column-is-layout-flow\">\n<h3 class=\"wp-block-heading\">Symbole 2019 pour Anter System<\/h3>\n\n\n\n<p style=\"text-align: left;\">En 2019, notre entreprise est devenue laur\u00e9ate du prestigieux concours Symbol 2019. Symbol est un programme promotionnel national bas\u00e9 sur les m\u00e9dias et g\u00e9r\u00e9 par l&rsquo;\u00e9quipe \u00e9ditoriale de \u00ab\u00a0Monitor rynkowy\u00a0\u00bb, un suppl\u00e9ment ind\u00e9pendant de \u00ab\u00a0Rzeczpospolita\u00a0\u00bb, distribu\u00e9 avec \u00ab\u00a0Dziennik Gazeta Prawna\u00a0\u00bb et \u00ab\u00a0Monitor Biznesu\u00a0\u00bb.<\/p>\n<p style=\"text-align: left;\">Il apporte un soutien m\u00e9diatique \u00e0 la construction d&rsquo;une image de marque forte et fiable. Le prix est une reconnaissance des r\u00e9alisations et des activit\u00e9s men\u00e9es \u00e0 ce jour. <\/p>\n<p>Dans l&rsquo;article de Jacek Bies <a href=\"https:\/\/monitorrynkowy.pl\/bezpiecznie-przy-maszynach\/\">\u00ab\u00a0Bezpiecznie przy maszynach\u00a0\u00bb,<\/a> vous pouvez lire l&rsquo;orientation des activit\u00e9s de l&rsquo;entreprise dans la d\u00e9claration cit\u00e9e de Tomasz Bary\u0142a, pr\u00e9sident du conseil d&rsquo;administration d&rsquo;Anter System.<\/p>\n<p>&nbsp;<\/p>\n\n\n<div class=\"wp-block-image\">\n<figure class=\"aligncenter size-large is-resized\"><img loading=\"lazy\" decoding=\"async\" src=\"https:\/\/antersystem.com\/wp-content\/uploads\/Symbol_2019_poziom-1-1024x525.png\" alt=\"Le prix Symbol 2019 d&#xE9;cern&#xE9; &#xE0; Anter System par Monitor rynkowy\" class=\"wp-image-2819\" style=\"width:509px;height:261px\" width=\"509\" height=\"261\"\/><\/figure><\/div><\/div>\n\n\n\n<div class=\"wp-block-column is-layout-flow wp-block-column-is-layout-flow\" style=\"flex-basis:10%\"><\/div>\n<\/div>\n","protected":false},"excerpt":{"rendered":"<p>Symbole 2019 pour Anter System En 2019, notre entreprise est devenue laur\u00e9ate du prestigieux concours Symbol 2019. Symbol est un programme promotionnel national bas\u00e9 sur les m\u00e9dias et g\u00e9r\u00e9 par l&rsquo;\u00e9quipe \u00e9ditoriale de \u00ab\u00a0Monitor rynkowy\u00a0\u00bb, un suppl\u00e9ment ind\u00e9pendant de \u00ab\u00a0Rzeczpospolita\u00a0\u00bb, distribu\u00e9 avec \u00ab\u00a0Dziennik Gazeta Prawna\u00a0\u00bb et \u00ab\u00a0Monitor Biznesu\u00a0\u00bb. Il apporte un soutien m\u00e9diatique \u00e0 la [&hellip;]<\/p>\n","protected":false},"author":1,"featured_media":0,"parent":30302,"menu_order":0,"comment_status":"closed","ping_status":"closed","template":"","meta":{"inline_featured_image":false,"ngg_post_thumbnail":0,"footnotes":""},"class_list":["post-38939","page","type-page","status-publish","hentry"],"acf":[],"yoast_head":"<!-- This site is optimized with the Yoast SEO plugin v27.0 - https:\/\/yoast.com\/product\/yoast-seo-wordpress\/ -->\n<title>Symbole 2019 - Anter System<\/title>\n<meta name=\"description\" content=\"Nasza firma zosta\u0142a w roku 2019 laureatem presti\u017cowego konkursu Symbol 2019. Symbol to og\u00f3lnopolski, medialny program promocyjny, prowadzony przez redakcj\u0119 &quot;Monitora rynkowego&quot;.\" \/>\n<meta name=\"robots\" content=\"index, follow, max-snippet:-1, max-image-preview:large, max-video-preview:-1\" \/>\n<link rel=\"canonical\" href=\"https:\/\/antersystem.com\/fr\/nouvelles\/symbol-2019\/\" \/>\n<meta property=\"og:locale\" content=\"fr_FR\" \/>\n<meta property=\"og:type\" content=\"article\" \/>\n<meta property=\"og:title\" content=\"Symbole 2019 - Anter System\" \/>\n<meta property=\"og:description\" content=\"Nasza firma zosta\u0142a w roku 2019 laureatem presti\u017cowego konkursu Symbol 2019. Symbol to og\u00f3lnopolski, medialny program promocyjny, prowadzony przez redakcj\u0119 &quot;Monitora rynkowego&quot;.\" \/>\n<meta property=\"og:url\" content=\"https:\/\/antersystem.com\/fr\/nouvelles\/symbol-2019\/\" \/>\n<meta property=\"og:site_name\" content=\"Anter System\" \/>\n<meta property=\"article:modified_time\" content=\"2026-02-02T14:23:14+00:00\" \/>\n<meta property=\"og:image\" content=\"https:\/\/antersystem.com\/wp-content\/uploads\/Symbol_2019_poziom-1-1024x525.png\" \/>\n<meta name=\"twitter:card\" content=\"summary_large_image\" \/>\n<meta name=\"twitter:label1\" content=\"Dur\u00e9e de lecture estim\u00e9e\" \/>\n\t<meta name=\"twitter:data1\" content=\"1 minute\" \/>\n<script type=\"application\/ld+json\" class=\"yoast-schema-graph\">{\"@context\":\"https:\/\/schema.org\",\"@graph\":[{\"@type\":\"WebPage\",\"@id\":\"https:\/\/antersystem.com\/fr\/nouvelles\/symbol-2019\/\",\"url\":\"https:\/\/antersystem.com\/fr\/nouvelles\/symbol-2019\/\",\"name\":\"Symbole 2019 - Anter System\",\"isPartOf\":{\"@id\":\"https:\/\/antersystem.com\/fr\/#website\"},\"primaryImageOfPage\":{\"@id\":\"https:\/\/antersystem.com\/fr\/nouvelles\/symbol-2019\/#primaryimage\"},\"image\":{\"@id\":\"https:\/\/antersystem.com\/fr\/nouvelles\/symbol-2019\/#primaryimage\"},\"thumbnailUrl\":\"https:\/\/antersystem.com\/wp-content\/uploads\/Symbol_2019_poziom-1-1024x525.png\",\"datePublished\":\"2023-10-11T12:02:03+00:00\",\"dateModified\":\"2026-02-02T14:23:14+00:00\",\"description\":\"Nasza firma zosta\u0142a w roku 2019 laureatem presti\u017cowego konkursu Symbol 2019. Symbol to og\u00f3lnopolski, medialny program promocyjny, prowadzony przez redakcj\u0119 \\\"Monitora rynkowego\\\".\",\"breadcrumb\":{\"@id\":\"https:\/\/antersystem.com\/fr\/nouvelles\/symbol-2019\/#breadcrumb\"},\"inLanguage\":\"fr-FR\",\"potentialAction\":[{\"@type\":\"ReadAction\",\"target\":[\"https:\/\/antersystem.com\/fr\/nouvelles\/symbol-2019\/\"]}]},{\"@type\":\"ImageObject\",\"inLanguage\":\"fr-FR\",\"@id\":\"https:\/\/antersystem.com\/fr\/nouvelles\/symbol-2019\/#primaryimage\",\"url\":\"https:\/\/antersystem.com\/wp-content\/uploads\/Symbol_2019_poziom-1-1024x525.png\",\"contentUrl\":\"https:\/\/antersystem.com\/wp-content\/uploads\/Symbol_2019_poziom-1-1024x525.png\"},{\"@type\":\"BreadcrumbList\",\"@id\":\"https:\/\/antersystem.com\/fr\/nouvelles\/symbol-2019\/#breadcrumb\",\"itemListElement\":[{\"@type\":\"ListItem\",\"position\":1,\"name\":\"AnterSystem\",\"item\":\"https:\/\/antersystem.com\/fr\/\"},{\"@type\":\"ListItem\",\"position\":2,\"name\":\"Actualit\u00e9s\",\"item\":\"https:\/\/antersystem.com\/fr\/nouvelles\/\"},{\"@type\":\"ListItem\",\"position\":3,\"name\":\"Symbole 2019\"}]},{\"@type\":\"WebSite\",\"@id\":\"https:\/\/antersystem.com\/fr\/#website\",\"url\":\"https:\/\/antersystem.com\/fr\/\",\"name\":\"Anter System\",\"description\":\"Jeste\u015bmy polskim producentem elastycznych barier ochronnych wykonywanych z polimerowych tworzyw sztucznych. Na rynku krajowym i zagranicznym dzia\u0142amy od ponad 15 lat dbaj\u0105c o zapewnienie bezpiecze\u0144stwa w zak\u0142adach produkcyjnych, magazynach oraz centrach logistycznych.\",\"potentialAction\":[{\"@type\":\"SearchAction\",\"target\":{\"@type\":\"EntryPoint\",\"urlTemplate\":\"https:\/\/antersystem.com\/fr\/?s={search_term_string}\"},\"query-input\":{\"@type\":\"PropertyValueSpecification\",\"valueRequired\":true,\"valueName\":\"search_term_string\"}}],\"inLanguage\":\"fr-FR\"}]}<\/script>\n<!-- \/ Yoast SEO plugin. -->","yoast_head_json":{"title":"Symbole 2019 - Anter System","description":"Nasza firma zosta\u0142a w roku 2019 laureatem presti\u017cowego konkursu Symbol 2019. Symbol to og\u00f3lnopolski, medialny program promocyjny, prowadzony przez redakcj\u0119 \"Monitora rynkowego\".","robots":{"index":"index","follow":"follow","max-snippet":"max-snippet:-1","max-image-preview":"max-image-preview:large","max-video-preview":"max-video-preview:-1"},"canonical":"https:\/\/antersystem.com\/fr\/nouvelles\/symbol-2019\/","og_locale":"fr_FR","og_type":"article","og_title":"Symbole 2019 - Anter System","og_description":"Nasza firma zosta\u0142a w roku 2019 laureatem presti\u017cowego konkursu Symbol 2019. Symbol to og\u00f3lnopolski, medialny program promocyjny, prowadzony przez redakcj\u0119 \"Monitora rynkowego\".","og_url":"https:\/\/antersystem.com\/fr\/nouvelles\/symbol-2019\/","og_site_name":"Anter System","article_modified_time":"2026-02-02T14:23:14+00:00","og_image":[{"url":"https:\/\/antersystem.com\/wp-content\/uploads\/Symbol_2019_poziom-1-1024x525.png","type":"","width":"","height":""}],"twitter_card":"summary_large_image","twitter_misc":{"Dur\u00e9e de lecture estim\u00e9e":"1 minute"},"schema":{"@context":"https:\/\/schema.org","@graph":[{"@type":"WebPage","@id":"https:\/\/antersystem.com\/fr\/nouvelles\/symbol-2019\/","url":"https:\/\/antersystem.com\/fr\/nouvelles\/symbol-2019\/","name":"Symbole 2019 - Anter System","isPartOf":{"@id":"https:\/\/antersystem.com\/fr\/#website"},"primaryImageOfPage":{"@id":"https:\/\/antersystem.com\/fr\/nouvelles\/symbol-2019\/#primaryimage"},"image":{"@id":"https:\/\/antersystem.com\/fr\/nouvelles\/symbol-2019\/#primaryimage"},"thumbnailUrl":"https:\/\/antersystem.com\/wp-content\/uploads\/Symbol_2019_poziom-1-1024x525.png","datePublished":"2023-10-11T12:02:03+00:00","dateModified":"2026-02-02T14:23:14+00:00","description":"Nasza firma zosta\u0142a w roku 2019 laureatem presti\u017cowego konkursu Symbol 2019. Symbol to og\u00f3lnopolski, medialny program promocyjny, prowadzony przez redakcj\u0119 \"Monitora rynkowego\".","breadcrumb":{"@id":"https:\/\/antersystem.com\/fr\/nouvelles\/symbol-2019\/#breadcrumb"},"inLanguage":"fr-FR","potentialAction":[{"@type":"ReadAction","target":["https:\/\/antersystem.com\/fr\/nouvelles\/symbol-2019\/"]}]},{"@type":"ImageObject","inLanguage":"fr-FR","@id":"https:\/\/antersystem.com\/fr\/nouvelles\/symbol-2019\/#primaryimage","url":"https:\/\/antersystem.com\/wp-content\/uploads\/Symbol_2019_poziom-1-1024x525.png","contentUrl":"https:\/\/antersystem.com\/wp-content\/uploads\/Symbol_2019_poziom-1-1024x525.png"},{"@type":"BreadcrumbList","@id":"https:\/\/antersystem.com\/fr\/nouvelles\/symbol-2019\/#breadcrumb","itemListElement":[{"@type":"ListItem","position":1,"name":"AnterSystem","item":"https:\/\/antersystem.com\/fr\/"},{"@type":"ListItem","position":2,"name":"Actualit\u00e9s","item":"https:\/\/antersystem.com\/fr\/nouvelles\/"},{"@type":"ListItem","position":3,"name":"Symbole 2019"}]},{"@type":"WebSite","@id":"https:\/\/antersystem.com\/fr\/#website","url":"https:\/\/antersystem.com\/fr\/","name":"Anter System","description":"Jeste\u015bmy polskim producentem elastycznych barier ochronnych wykonywanych z polimerowych tworzyw sztucznych. Na rynku krajowym i zagranicznym dzia\u0142amy od ponad 15 lat dbaj\u0105c o zapewnienie bezpiecze\u0144stwa w zak\u0142adach produkcyjnych, magazynach oraz centrach logistycznych.","potentialAction":[{"@type":"SearchAction","target":{"@type":"EntryPoint","urlTemplate":"https:\/\/antersystem.com\/fr\/?s={search_term_string}"},"query-input":{"@type":"PropertyValueSpecification","valueRequired":true,"valueName":"search_term_string"}}],"inLanguage":"fr-FR"}]}},"_links":{"self":[{"href":"https:\/\/antersystem.com\/fr\/wp-json\/wp\/v2\/pages\/38939","targetHints":{"allow":["GET"]}}],"collection":[{"href":"https:\/\/antersystem.com\/fr\/wp-json\/wp\/v2\/pages"}],"about":[{"href":"https:\/\/antersystem.com\/fr\/wp-json\/wp\/v2\/types\/page"}],"author":[{"embeddable":true,"href":"https:\/\/antersystem.com\/fr\/wp-json\/wp\/v2\/users\/1"}],"replies":[{"embeddable":true,"href":"https:\/\/antersystem.com\/fr\/wp-json\/wp\/v2\/comments?post=38939"}],"version-history":[{"count":1,"href":"https:\/\/antersystem.com\/fr\/wp-json\/wp\/v2\/pages\/38939\/revisions"}],"predecessor-version":[{"id":38941,"href":"https:\/\/antersystem.com\/fr\/wp-json\/wp\/v2\/pages\/38939\/revisions\/38941"}],"up":[{"embeddable":true,"href":"https:\/\/antersystem.com\/fr\/wp-json\/wp\/v2\/pages\/30302"}],"wp:attachment":[{"href":"https:\/\/antersystem.com\/fr\/wp-json\/wp\/v2\/media?parent=38939"}],"curies":[{"name":"wp","href":"https:\/\/api.w.org\/{rel}","templated":true}]}}