{"id":38958,"date":"2024-12-12T15:46:51","date_gmt":"2024-12-12T14:46:51","guid":{"rendered":"https:\/\/antersystem.com\/nouvelles\/anter-system-expert-commentary-for-kaizen-magazine\/"},"modified":"2026-02-02T15:23:18","modified_gmt":"2026-02-02T14:23:18","slug":"anter-system-expert-commentary-for-kaizen-magazine","status":"publish","type":"page","link":"https:\/\/antersystem.com\/fr\/nouvelles\/anter-system-expert-commentary-for-kaizen-magazine\/","title":{"rendered":"Commentaire d&rsquo;expert d&rsquo;Anter System pour le magazine KAIZEN"},"content":{"rendered":"\n<div class=\"wp-block-columns is-layout-flex wp-container-core-columns-is-layout-9d6595d7 wp-block-columns-is-layout-flex\">\n  \n  <div class=\"wp-block-column is-layout-flow wp-block-column-is-layout-flow\" style=\"flex-basis:10%\"><\/div>\n  \n\n  \n  <div class=\"wp-block-column is-layout-flow wp-block-column-is-layout-flow\">\n    \n    <h2 class=\"wp-block-heading\">Quelques mots d&rsquo;Anter System sur la s\u00e9curit\u00e9 industrielle pour le magazine <em>Kaizen<\/em> <\/h2>\n    \n\n    \n    <p>Nous avons le plaisir de vous annoncer que le dernier num\u00e9ro du magazine <em>Kaizen<\/em> (octobre &#8211; novembre 2024, n\u00b0 5(70)\/2024) comporte un commentaire d&rsquo;expert de <strong>Natalia Margatis, chef de projet chez Anter System<\/strong>. Ce commentaire fait partie d&rsquo;un article de Micha\u0142 Jurczak intitul\u00e9 <em>\u00ab\u00a0Zone de circulation. Comment et avec quoi s\u00e9curiser les zones de circulation des \u00e9quipements et des personnes dans les halls industriels ?\u00a0\u00bb,<\/em> qui examine les <strong>tendances actuelles en mati\u00e8re de s\u00e9curit\u00e9 au travail dans les environnements industriels.<\/strong> L&rsquo;article passe en revue un large \u00e9ventail de solutions modernes &#8211; des syst\u00e8mes informatiques aux mesures de protection physique. <\/p>\n    \n\n    \n    <p>Le <strong>commentaire de notre expert<\/strong> porte sur la sensibilisation croissante \u00e0 la pr\u00e9vention des accidents dans les installations industrielles modernes, la collaboration avec les sp\u00e9cialistes de la s\u00e9curit\u00e9 au travail lors des audits de s\u00e9curit\u00e9 et les derni\u00e8res innovations du syst\u00e8me modulaire de barri\u00e8res de protection flexibles d\u00e9velopp\u00e9 par Anter System.<\/p>\n    \n\n    \n    <blockquote class=\"wp-block-quote is-layout-flow wp-block-quote-is-layout-flow\">\n      \n      <p><em>\u00ab\u00a0Les barri\u00e8res de s\u00e9curit\u00e9 physiques restent un \u00e9l\u00e9ment cl\u00e9 des syst\u00e8mes de protection dans les halls industriels. Elles contribuent \u00e0 minimiser le risque d&rsquo;accident pour les pi\u00e9tons et \u00e0 prot\u00e9ger efficacement les machines, les rayonnages, l&rsquo;infrastructure et d&rsquo;autres zones expos\u00e9es \u00e0 des dommages. Lors du choix de la bonne protection, le mat\u00e9riau utilis\u00e9 joue un r\u00f4le crucial. Il convient de tenir compte de la durabilit\u00e9, de la dur\u00e9e de vie, de la facilit\u00e9 d&rsquo;entretien et de l&rsquo;esth\u00e9tique des solutions propos\u00e9es. [&#8230;]      <\/em><\/p>\n      \n\n      \n      <p><em>Ces syst\u00e8mes modernes offrent \u00e9galement des fonctions suppl\u00e9mentaires telles que des feux d&rsquo;avertissement ou des signaux sonores. Les solutions qui bloquent les barri\u00e8res de s\u00e9curit\u00e9 lorsqu&rsquo;un v\u00e9hicule en approche est d\u00e9tect\u00e9 sont de plus en plus populaires. Toutes ces fonctionnalit\u00e9s visent \u00e0 pr\u00e9venir les collisions entre les pi\u00e9tons et les v\u00e9hicules dans les zones particuli\u00e8rement expos\u00e9es aux chocs\u00a0\u00bb.  <\/em><\/p>\n      \n      <cite>Natalia Margatis, chef de projet chez Anter System, <em>Kaizen<\/em> n\u00b0 5(70)\/2024<\/cite>\n    <\/blockquote>\n    \n\n    \n    <p>L&rsquo;article complet est disponible en ligne \u00e0 l&rsquo;adresse suivante <a href=\"https:\/\/www.logistyczny.com\/sklep24\/index.php\/kaizen\/2024\/kaizen-5-2024-e-wydanie.html\"><em>Kaizen 5\/2024 e-edition &#8211; 2024 &#8211; Kaizen<\/em><\/a><\/p>\n    \n\n    \n    <p>Le dernier num\u00e9ro comprend \u00e9galement de nombreux autres sujets \u00e9clairants pour les professionnels du secteur industriel &#8211; couvrant la gestion, l&rsquo;automatisation, la robotique et l&rsquo;IA dans la fabrication &#8211; ainsi qu&rsquo;un article de synth\u00e8se annuel int\u00e9ressant : <em>\u00ab\u00a0Cinq tendances. Les nouvelles technologies dans la logistique et l&rsquo;industrie en 2024 &#8211; de l&rsquo;IA \u00e0 l&rsquo;\u00e9lectrification.\u00a0\u00bb<\/em> Nous vous en recommandons vivement la lecture !<\/p>\n    \n\n    \n    <p>&#8212;&#8212;&#8212;&#8212;&#8212;&#8212;&#8212;&#8212;&#8212;&#8212;&#8212;&#8212;-<\/p>\n    \n\n    \n    <p><em>\u00ab\u00a0Kaizen. A magazine about continuous improvement tools in lean manufacturing\u00a0\u00bb<\/em> est la seule publication polonaise d\u00e9di\u00e9e aux coordinateurs Kaizen\/Lean et aux professionnels qui mettent en \u0153uvre des strat\u00e9gies de gestion all\u00e9g\u00e9e dans les entreprises &#8211; avec un accent particulier sur les zones et les processus de production. Le contenu compl\u00e9mentaire comprend des documents sur l&rsquo;infrastructure mat\u00e9rielle utilis\u00e9e sur les lignes de production, des solutions automatisant les flux de mat\u00e9riaux et de produits, et des syst\u00e8mes informatiques contr\u00f4lant les processus de production. <\/p>\n    \n\n    \n    <p><em>Source : <a href=\"https:\/\/www.logistyczny.com\/\">www.logistyczny.com<\/a><\/em><\/p>\n    \n  <\/div>\n  \n\n  \n  <div class=\"wp-block-column is-layout-flow wp-block-column-is-layout-flow\" style=\"flex-basis:10%\"><\/div>\n  \n<\/div>\n","protected":false},"excerpt":{"rendered":"<p>Quelques mots d&rsquo;Anter System sur la s\u00e9curit\u00e9 industrielle pour le magazine Kaizen Nous avons le plaisir de vous annoncer que le dernier num\u00e9ro du magazine Kaizen (octobre &#8211; novembre 2024, n\u00b0 5(70)\/2024) comporte un commentaire d&rsquo;expert de Natalia Margatis, chef de projet chez Anter System. Ce commentaire fait partie d&rsquo;un article de Micha\u0142 Jurczak intitul\u00e9 [&hellip;]<\/p>\n","protected":false},"author":1,"featured_media":0,"parent":30302,"menu_order":0,"comment_status":"closed","ping_status":"closed","template":"","meta":{"inline_featured_image":false,"ngg_post_thumbnail":0,"footnotes":""},"class_list":["post-38958","page","type-page","status-publish","hentry"],"acf":[],"yoast_head":"<!-- This site is optimized with the Yoast SEO plugin v27.0 - https:\/\/yoast.com\/product\/yoast-seo-wordpress\/ -->\n<title>Commentaire d&#039;expert d&#039;Anter System pour le magazine KAIZEN - Anter System<\/title>\n<meta name=\"description\" content=\"Les r\u00e9sultats de l&#039;enqu\u00eate sur le magazine KAIZEN ont \u00e9t\u00e9 publi\u00e9s dans la revue Anter System, qui pr\u00e9sente les r\u00e9sultats de l&#039;enqu\u00eate.\" \/>\n<meta name=\"robots\" content=\"index, follow, max-snippet:-1, max-image-preview:large, max-video-preview:-1\" \/>\n<link rel=\"canonical\" href=\"https:\/\/antersystem.com\/fr\/nouvelles\/anter-system-expert-commentary-for-kaizen-magazine\/\" \/>\n<meta property=\"og:locale\" content=\"fr_FR\" \/>\n<meta property=\"og:type\" content=\"article\" \/>\n<meta property=\"og:title\" content=\"Commentaire d&#039;expert d&#039;Anter System pour le magazine KAIZEN - Anter System\" \/>\n<meta property=\"og:description\" content=\"Les r\u00e9sultats de l&#039;enqu\u00eate sur le magazine KAIZEN ont \u00e9t\u00e9 publi\u00e9s dans la revue Anter System, qui pr\u00e9sente les r\u00e9sultats de l&#039;enqu\u00eate.\" \/>\n<meta property=\"og:url\" content=\"https:\/\/antersystem.com\/fr\/nouvelles\/anter-system-expert-commentary-for-kaizen-magazine\/\" \/>\n<meta property=\"og:site_name\" content=\"Anter System\" \/>\n<meta property=\"article:modified_time\" content=\"2026-02-02T14:23:18+00:00\" \/>\n<meta name=\"twitter:card\" content=\"summary_large_image\" \/>\n<meta name=\"twitter:label1\" content=\"Dur\u00e9e de lecture estim\u00e9e\" \/>\n\t<meta name=\"twitter:data1\" content=\"3 minutes\" \/>\n<script type=\"application\/ld+json\" class=\"yoast-schema-graph\">{\"@context\":\"https:\/\/schema.org\",\"@graph\":[{\"@type\":\"WebPage\",\"@id\":\"https:\/\/antersystem.com\/fr\/nouvelles\/anter-system-expert-commentary-for-kaizen-magazine\/\",\"url\":\"https:\/\/antersystem.com\/fr\/nouvelles\/anter-system-expert-commentary-for-kaizen-magazine\/\",\"name\":\"Commentaire d'expert d'Anter System pour le magazine KAIZEN - Anter System\",\"isPartOf\":{\"@id\":\"https:\/\/antersystem.com\/fr\/#website\"},\"datePublished\":\"2024-12-12T14:46:51+00:00\",\"dateModified\":\"2026-02-02T14:23:18+00:00\",\"description\":\"Les r\u00e9sultats de l'enqu\u00eate sur le magazine KAIZEN ont \u00e9t\u00e9 publi\u00e9s dans la revue Anter System, qui pr\u00e9sente les r\u00e9sultats de l'enqu\u00eate.\",\"breadcrumb\":{\"@id\":\"https:\/\/antersystem.com\/fr\/nouvelles\/anter-system-expert-commentary-for-kaizen-magazine\/#breadcrumb\"},\"inLanguage\":\"fr-FR\",\"potentialAction\":[{\"@type\":\"ReadAction\",\"target\":[\"https:\/\/antersystem.com\/fr\/nouvelles\/anter-system-expert-commentary-for-kaizen-magazine\/\"]}]},{\"@type\":\"BreadcrumbList\",\"@id\":\"https:\/\/antersystem.com\/fr\/nouvelles\/anter-system-expert-commentary-for-kaizen-magazine\/#breadcrumb\",\"itemListElement\":[{\"@type\":\"ListItem\",\"position\":1,\"name\":\"AnterSystem\",\"item\":\"https:\/\/antersystem.com\/fr\/\"},{\"@type\":\"ListItem\",\"position\":2,\"name\":\"Actualit\u00e9s\",\"item\":\"https:\/\/antersystem.com\/fr\/nouvelles\/\"},{\"@type\":\"ListItem\",\"position\":3,\"name\":\"Commentaire d&#8217;expert d&#8217;Anter System pour le magazine KAIZEN\"}]},{\"@type\":\"WebSite\",\"@id\":\"https:\/\/antersystem.com\/fr\/#website\",\"url\":\"https:\/\/antersystem.com\/fr\/\",\"name\":\"Anter System\",\"description\":\"Jeste\u015bmy polskim producentem elastycznych barier ochronnych wykonywanych z polimerowych tworzyw sztucznych. Na rynku krajowym i zagranicznym dzia\u0142amy od ponad 15 lat dbaj\u0105c o zapewnienie bezpiecze\u0144stwa w zak\u0142adach produkcyjnych, magazynach oraz centrach logistycznych.\",\"potentialAction\":[{\"@type\":\"SearchAction\",\"target\":{\"@type\":\"EntryPoint\",\"urlTemplate\":\"https:\/\/antersystem.com\/fr\/?s={search_term_string}\"},\"query-input\":{\"@type\":\"PropertyValueSpecification\",\"valueRequired\":true,\"valueName\":\"search_term_string\"}}],\"inLanguage\":\"fr-FR\"}]}<\/script>\n<!-- \/ Yoast SEO plugin. -->","yoast_head_json":{"title":"Commentaire d'expert d'Anter System pour le magazine KAIZEN - Anter System","description":"Les r\u00e9sultats de l'enqu\u00eate sur le magazine KAIZEN ont \u00e9t\u00e9 publi\u00e9s dans la revue Anter System, qui pr\u00e9sente les r\u00e9sultats de l'enqu\u00eate.","robots":{"index":"index","follow":"follow","max-snippet":"max-snippet:-1","max-image-preview":"max-image-preview:large","max-video-preview":"max-video-preview:-1"},"canonical":"https:\/\/antersystem.com\/fr\/nouvelles\/anter-system-expert-commentary-for-kaizen-magazine\/","og_locale":"fr_FR","og_type":"article","og_title":"Commentaire d'expert d'Anter System pour le magazine KAIZEN - Anter System","og_description":"Les r\u00e9sultats de l'enqu\u00eate sur le magazine KAIZEN ont \u00e9t\u00e9 publi\u00e9s dans la revue Anter System, qui pr\u00e9sente les r\u00e9sultats de l'enqu\u00eate.","og_url":"https:\/\/antersystem.com\/fr\/nouvelles\/anter-system-expert-commentary-for-kaizen-magazine\/","og_site_name":"Anter System","article_modified_time":"2026-02-02T14:23:18+00:00","twitter_card":"summary_large_image","twitter_misc":{"Dur\u00e9e de lecture estim\u00e9e":"3 minutes"},"schema":{"@context":"https:\/\/schema.org","@graph":[{"@type":"WebPage","@id":"https:\/\/antersystem.com\/fr\/nouvelles\/anter-system-expert-commentary-for-kaizen-magazine\/","url":"https:\/\/antersystem.com\/fr\/nouvelles\/anter-system-expert-commentary-for-kaizen-magazine\/","name":"Commentaire d'expert d'Anter System pour le magazine KAIZEN - Anter System","isPartOf":{"@id":"https:\/\/antersystem.com\/fr\/#website"},"datePublished":"2024-12-12T14:46:51+00:00","dateModified":"2026-02-02T14:23:18+00:00","description":"Les r\u00e9sultats de l'enqu\u00eate sur le magazine KAIZEN ont \u00e9t\u00e9 publi\u00e9s dans la revue Anter System, qui pr\u00e9sente les r\u00e9sultats de l'enqu\u00eate.","breadcrumb":{"@id":"https:\/\/antersystem.com\/fr\/nouvelles\/anter-system-expert-commentary-for-kaizen-magazine\/#breadcrumb"},"inLanguage":"fr-FR","potentialAction":[{"@type":"ReadAction","target":["https:\/\/antersystem.com\/fr\/nouvelles\/anter-system-expert-commentary-for-kaizen-magazine\/"]}]},{"@type":"BreadcrumbList","@id":"https:\/\/antersystem.com\/fr\/nouvelles\/anter-system-expert-commentary-for-kaizen-magazine\/#breadcrumb","itemListElement":[{"@type":"ListItem","position":1,"name":"AnterSystem","item":"https:\/\/antersystem.com\/fr\/"},{"@type":"ListItem","position":2,"name":"Actualit\u00e9s","item":"https:\/\/antersystem.com\/fr\/nouvelles\/"},{"@type":"ListItem","position":3,"name":"Commentaire d&#8217;expert d&#8217;Anter System pour le magazine KAIZEN"}]},{"@type":"WebSite","@id":"https:\/\/antersystem.com\/fr\/#website","url":"https:\/\/antersystem.com\/fr\/","name":"Anter System","description":"Jeste\u015bmy polskim producentem elastycznych barier ochronnych wykonywanych z polimerowych tworzyw sztucznych. Na rynku krajowym i zagranicznym dzia\u0142amy od ponad 15 lat dbaj\u0105c o zapewnienie bezpiecze\u0144stwa w zak\u0142adach produkcyjnych, magazynach oraz centrach logistycznych.","potentialAction":[{"@type":"SearchAction","target":{"@type":"EntryPoint","urlTemplate":"https:\/\/antersystem.com\/fr\/?s={search_term_string}"},"query-input":{"@type":"PropertyValueSpecification","valueRequired":true,"valueName":"search_term_string"}}],"inLanguage":"fr-FR"}]}},"_links":{"self":[{"href":"https:\/\/antersystem.com\/fr\/wp-json\/wp\/v2\/pages\/38958","targetHints":{"allow":["GET"]}}],"collection":[{"href":"https:\/\/antersystem.com\/fr\/wp-json\/wp\/v2\/pages"}],"about":[{"href":"https:\/\/antersystem.com\/fr\/wp-json\/wp\/v2\/types\/page"}],"author":[{"embeddable":true,"href":"https:\/\/antersystem.com\/fr\/wp-json\/wp\/v2\/users\/1"}],"replies":[{"embeddable":true,"href":"https:\/\/antersystem.com\/fr\/wp-json\/wp\/v2\/comments?post=38958"}],"version-history":[{"count":1,"href":"https:\/\/antersystem.com\/fr\/wp-json\/wp\/v2\/pages\/38958\/revisions"}],"predecessor-version":[{"id":38960,"href":"https:\/\/antersystem.com\/fr\/wp-json\/wp\/v2\/pages\/38958\/revisions\/38960"}],"up":[{"embeddable":true,"href":"https:\/\/antersystem.com\/fr\/wp-json\/wp\/v2\/pages\/30302"}],"wp:attachment":[{"href":"https:\/\/antersystem.com\/fr\/wp-json\/wp\/v2\/media?parent=38958"}],"curies":[{"name":"wp","href":"https:\/\/api.w.org\/{rel}","templated":true}]}}