{"id":39025,"date":"2023-10-11T15:11:24","date_gmt":"2023-10-11T13:11:24","guid":{"rendered":"https:\/\/antersystem.com\/nouvelles\/product-of-the-year-2019\/"},"modified":"2026-02-02T15:24:49","modified_gmt":"2026-02-02T14:24:49","slug":"product-of-the-year-2019","status":"publish","type":"page","link":"https:\/\/antersystem.com\/fr\/nouvelles\/product-of-the-year-2019\/","title":{"rendered":"Produit de l&rsquo;ann\u00e9e 2019"},"content":{"rendered":"\n<div class=\"wp-block-columns is-layout-flex wp-container-core-columns-is-layout-9d6595d7 wp-block-columns-is-layout-flex\">\n<div class=\"wp-block-column is-layout-flow wp-block-column-is-layout-flow\" style=\"flex-basis:10%\"><\/div>\n\n\n\n<div class=\"wp-block-column is-layout-flow wp-block-column-is-layout-flow\">\n<h3 class=\"wp-block-heading\">Le support de semi-remorque JST 1.2 remporte le sondage Engineering &amp; Maintenance &#8211; Produit de l&rsquo;ann\u00e9e 2019.<\/h3>\n\n\n\n<p style=\"text-align: left;\">Le support de semi-remorque JST 1.2 est con\u00e7u pour assurer la s\u00e9curit\u00e9 lors du chargement et du d\u00e9chargement de marchandises d&rsquo;une semi-remorque sans l&rsquo;utilisation d&rsquo;un tracteur. Le support emp\u00eache efficacement la remorque de basculer ou de se renverser, minimisant ainsi le risque d&rsquo;accident. <strong>Les avantages d&rsquo;investir dans des solutions de s\u00e9curit\u00e9 ad\u00e9quates aux postes de chargement ont \u00e9t\u00e9 reconnus dans le sondage Engineering &amp; Maintenance, <a href=\"https:\/\/utrzymanieruchu.pl\/konkurs-produkt-roku-2019-rozstrzygniety\/\">et le support de remorque JST 1.2 a re\u00e7u le prix Produit de l&rsquo;ann\u00e9e 2019 dans la cat\u00e9gorie : \u00c9quipement de transport.<\/a><\/strong> <\/p>\n<p style=\"text-align: left;\">Le produit est dot\u00e9 d&rsquo;un syst\u00e8me de mise \u00e0 niveau automatique et sa hauteur peut \u00eatre ajust\u00e9e en fonction des besoins. Le syst\u00e8me de mobilit\u00e9 permet de positionner facilement le support sous la semi-remorque. Les fabricants de semi-remorques recommandent l&rsquo;utilisation de supports lors du chargement sans tracteur. D&rsquo;ailleurs, des autocollants d&rsquo;avertissement recommandant l&rsquo;utilisation de supports suppl\u00e9mentaires sont appos\u00e9s sur certaines semi-remorques.  <\/p>\n\n\n<div class=\"wp-block-image\">\n<figure class=\"aligncenter size-full is-resized\"><img loading=\"lazy\" decoding=\"async\" src=\"https:\/\/antersystem.com\/wp-content\/uploads\/Produkt-roku-2019-1.png\" alt=\"\" class=\"wp-image-2832\" style=\"width:485px;height:451px\" width=\"485\" height=\"451\" srcset=\"https:\/\/antersystem.com\/wp-content\/uploads\/Produkt-roku-2019-1.png 648w, https:\/\/antersystem.com\/wp-content\/uploads\/Produkt-roku-2019-1-300x279.png 300w, https:\/\/antersystem.com\/wp-content\/uploads\/Produkt-roku-2019-1-450x419.png 450w, https:\/\/antersystem.com\/wp-content\/uploads\/Produkt-roku-2019-1-330x307.png 330w\" sizes=\"auto, (max-width: 485px) 100vw, 485px\" \/><\/figure><\/div><\/div>\n\n\n\n<div class=\"wp-block-column is-layout-flow wp-block-column-is-layout-flow\" style=\"flex-basis:10%\"><\/div>\n<\/div>\n","protected":false},"excerpt":{"rendered":"<p>Le support de semi-remorque JST 1.2 remporte le sondage Engineering &amp; Maintenance &#8211; Produit de l&rsquo;ann\u00e9e 2019. Le support de semi-remorque JST 1.2 est con\u00e7u pour assurer la s\u00e9curit\u00e9 lors du chargement et du d\u00e9chargement de marchandises d&rsquo;une semi-remorque sans l&rsquo;utilisation d&rsquo;un tracteur. Le support emp\u00eache efficacement la remorque de basculer ou de se renverser, [&hellip;]<\/p>\n","protected":false},"author":1,"featured_media":0,"parent":30302,"menu_order":0,"comment_status":"closed","ping_status":"closed","template":"","meta":{"inline_featured_image":false,"ngg_post_thumbnail":0,"footnotes":""},"class_list":["post-39025","page","type-page","status-publish","hentry"],"acf":[],"yoast_head":"<!-- This site is optimized with the Yoast SEO plugin v27.0 - https:\/\/yoast.com\/product\/yoast-seo-wordpress\/ -->\n<title>Produit de l&#039;ann\u00e9e 2019 - Anter System<\/title>\n<meta name=\"description\" content=\"Le support de semi-remorque JST 1.2 remporte le sondage Engineering &amp; Maintenance - Produit de l&#039;ann\u00e9e 2019. Le support de semi-remorque JST 1.2 est\" \/>\n<meta name=\"robots\" content=\"index, follow, max-snippet:-1, max-image-preview:large, max-video-preview:-1\" \/>\n<link rel=\"canonical\" href=\"https:\/\/antersystem.com\/fr\/nouvelles\/product-of-the-year-2019\/\" \/>\n<meta property=\"og:locale\" content=\"fr_FR\" \/>\n<meta property=\"og:type\" content=\"article\" \/>\n<meta property=\"og:title\" content=\"Produit de l&#039;ann\u00e9e 2019 - Anter System\" \/>\n<meta property=\"og:description\" content=\"Le support de semi-remorque JST 1.2 remporte le sondage Engineering &amp; Maintenance - Produit de l&#039;ann\u00e9e 2019. Le support de semi-remorque JST 1.2 est\" \/>\n<meta property=\"og:url\" content=\"https:\/\/antersystem.com\/fr\/nouvelles\/product-of-the-year-2019\/\" \/>\n<meta property=\"og:site_name\" content=\"Anter System\" \/>\n<meta property=\"article:modified_time\" content=\"2026-02-02T14:24:49+00:00\" \/>\n<meta property=\"og:image\" content=\"https:\/\/antersystem.com\/wp-content\/uploads\/Produkt-roku-2019-1.png\" \/>\n<meta name=\"twitter:card\" content=\"summary_large_image\" \/>\n<meta name=\"twitter:label1\" content=\"Dur\u00e9e de lecture estim\u00e9e\" \/>\n\t<meta name=\"twitter:data1\" content=\"1 minute\" \/>\n<script type=\"application\/ld+json\" class=\"yoast-schema-graph\">{\"@context\":\"https:\/\/schema.org\",\"@graph\":[{\"@type\":\"WebPage\",\"@id\":\"https:\/\/antersystem.com\/fr\/nouvelles\/product-of-the-year-2019\/\",\"url\":\"https:\/\/antersystem.com\/fr\/nouvelles\/product-of-the-year-2019\/\",\"name\":\"Produit de l'ann\u00e9e 2019 - Anter System\",\"isPartOf\":{\"@id\":\"https:\/\/antersystem.com\/fr\/#website\"},\"primaryImageOfPage\":{\"@id\":\"https:\/\/antersystem.com\/fr\/nouvelles\/product-of-the-year-2019\/#primaryimage\"},\"image\":{\"@id\":\"https:\/\/antersystem.com\/fr\/nouvelles\/product-of-the-year-2019\/#primaryimage\"},\"thumbnailUrl\":\"https:\/\/antersystem.com\/wp-content\/uploads\/Produkt-roku-2019-1.png\",\"datePublished\":\"2023-10-11T13:11:24+00:00\",\"dateModified\":\"2026-02-02T14:24:49+00:00\",\"description\":\"Le support de semi-remorque JST 1.2 remporte le sondage Engineering &amp; Maintenance - Produit de l'ann\u00e9e 2019. Le support de semi-remorque JST 1.2 est\",\"breadcrumb\":{\"@id\":\"https:\/\/antersystem.com\/fr\/nouvelles\/product-of-the-year-2019\/#breadcrumb\"},\"inLanguage\":\"fr-FR\",\"potentialAction\":[{\"@type\":\"ReadAction\",\"target\":[\"https:\/\/antersystem.com\/fr\/nouvelles\/product-of-the-year-2019\/\"]}]},{\"@type\":\"ImageObject\",\"inLanguage\":\"fr-FR\",\"@id\":\"https:\/\/antersystem.com\/fr\/nouvelles\/product-of-the-year-2019\/#primaryimage\",\"url\":\"https:\/\/antersystem.com\/wp-content\/uploads\/Produkt-roku-2019-1.png\",\"contentUrl\":\"https:\/\/antersystem.com\/wp-content\/uploads\/Produkt-roku-2019-1.png\"},{\"@type\":\"BreadcrumbList\",\"@id\":\"https:\/\/antersystem.com\/fr\/nouvelles\/product-of-the-year-2019\/#breadcrumb\",\"itemListElement\":[{\"@type\":\"ListItem\",\"position\":1,\"name\":\"AnterSystem\",\"item\":\"https:\/\/antersystem.com\/fr\/\"},{\"@type\":\"ListItem\",\"position\":2,\"name\":\"Actualit\u00e9s\",\"item\":\"https:\/\/antersystem.com\/fr\/nouvelles\/\"},{\"@type\":\"ListItem\",\"position\":3,\"name\":\"Produit de l&#8217;ann\u00e9e 2019\"}]},{\"@type\":\"WebSite\",\"@id\":\"https:\/\/antersystem.com\/fr\/#website\",\"url\":\"https:\/\/antersystem.com\/fr\/\",\"name\":\"Anter System\",\"description\":\"Jeste\u015bmy polskim producentem elastycznych barier ochronnych wykonywanych z polimerowych tworzyw sztucznych. Na rynku krajowym i zagranicznym dzia\u0142amy od ponad 15 lat dbaj\u0105c o zapewnienie bezpiecze\u0144stwa w zak\u0142adach produkcyjnych, magazynach oraz centrach logistycznych.\",\"potentialAction\":[{\"@type\":\"SearchAction\",\"target\":{\"@type\":\"EntryPoint\",\"urlTemplate\":\"https:\/\/antersystem.com\/fr\/?s={search_term_string}\"},\"query-input\":{\"@type\":\"PropertyValueSpecification\",\"valueRequired\":true,\"valueName\":\"search_term_string\"}}],\"inLanguage\":\"fr-FR\"}]}<\/script>\n<!-- \/ Yoast SEO plugin. -->","yoast_head_json":{"title":"Produit de l'ann\u00e9e 2019 - Anter System","description":"Le support de semi-remorque JST 1.2 remporte le sondage Engineering &amp; Maintenance - Produit de l'ann\u00e9e 2019. Le support de semi-remorque JST 1.2 est","robots":{"index":"index","follow":"follow","max-snippet":"max-snippet:-1","max-image-preview":"max-image-preview:large","max-video-preview":"max-video-preview:-1"},"canonical":"https:\/\/antersystem.com\/fr\/nouvelles\/product-of-the-year-2019\/","og_locale":"fr_FR","og_type":"article","og_title":"Produit de l'ann\u00e9e 2019 - Anter System","og_description":"Le support de semi-remorque JST 1.2 remporte le sondage Engineering &amp; Maintenance - Produit de l'ann\u00e9e 2019. Le support de semi-remorque JST 1.2 est","og_url":"https:\/\/antersystem.com\/fr\/nouvelles\/product-of-the-year-2019\/","og_site_name":"Anter System","article_modified_time":"2026-02-02T14:24:49+00:00","og_image":[{"url":"https:\/\/antersystem.com\/wp-content\/uploads\/Produkt-roku-2019-1.png","type":"","width":"","height":""}],"twitter_card":"summary_large_image","twitter_misc":{"Dur\u00e9e de lecture estim\u00e9e":"1 minute"},"schema":{"@context":"https:\/\/schema.org","@graph":[{"@type":"WebPage","@id":"https:\/\/antersystem.com\/fr\/nouvelles\/product-of-the-year-2019\/","url":"https:\/\/antersystem.com\/fr\/nouvelles\/product-of-the-year-2019\/","name":"Produit de l'ann\u00e9e 2019 - Anter System","isPartOf":{"@id":"https:\/\/antersystem.com\/fr\/#website"},"primaryImageOfPage":{"@id":"https:\/\/antersystem.com\/fr\/nouvelles\/product-of-the-year-2019\/#primaryimage"},"image":{"@id":"https:\/\/antersystem.com\/fr\/nouvelles\/product-of-the-year-2019\/#primaryimage"},"thumbnailUrl":"https:\/\/antersystem.com\/wp-content\/uploads\/Produkt-roku-2019-1.png","datePublished":"2023-10-11T13:11:24+00:00","dateModified":"2026-02-02T14:24:49+00:00","description":"Le support de semi-remorque JST 1.2 remporte le sondage Engineering &amp; Maintenance - Produit de l'ann\u00e9e 2019. Le support de semi-remorque JST 1.2 est","breadcrumb":{"@id":"https:\/\/antersystem.com\/fr\/nouvelles\/product-of-the-year-2019\/#breadcrumb"},"inLanguage":"fr-FR","potentialAction":[{"@type":"ReadAction","target":["https:\/\/antersystem.com\/fr\/nouvelles\/product-of-the-year-2019\/"]}]},{"@type":"ImageObject","inLanguage":"fr-FR","@id":"https:\/\/antersystem.com\/fr\/nouvelles\/product-of-the-year-2019\/#primaryimage","url":"https:\/\/antersystem.com\/wp-content\/uploads\/Produkt-roku-2019-1.png","contentUrl":"https:\/\/antersystem.com\/wp-content\/uploads\/Produkt-roku-2019-1.png"},{"@type":"BreadcrumbList","@id":"https:\/\/antersystem.com\/fr\/nouvelles\/product-of-the-year-2019\/#breadcrumb","itemListElement":[{"@type":"ListItem","position":1,"name":"AnterSystem","item":"https:\/\/antersystem.com\/fr\/"},{"@type":"ListItem","position":2,"name":"Actualit\u00e9s","item":"https:\/\/antersystem.com\/fr\/nouvelles\/"},{"@type":"ListItem","position":3,"name":"Produit de l&#8217;ann\u00e9e 2019"}]},{"@type":"WebSite","@id":"https:\/\/antersystem.com\/fr\/#website","url":"https:\/\/antersystem.com\/fr\/","name":"Anter System","description":"Jeste\u015bmy polskim producentem elastycznych barier ochronnych wykonywanych z polimerowych tworzyw sztucznych. Na rynku krajowym i zagranicznym dzia\u0142amy od ponad 15 lat dbaj\u0105c o zapewnienie bezpiecze\u0144stwa w zak\u0142adach produkcyjnych, magazynach oraz centrach logistycznych.","potentialAction":[{"@type":"SearchAction","target":{"@type":"EntryPoint","urlTemplate":"https:\/\/antersystem.com\/fr\/?s={search_term_string}"},"query-input":{"@type":"PropertyValueSpecification","valueRequired":true,"valueName":"search_term_string"}}],"inLanguage":"fr-FR"}]}},"_links":{"self":[{"href":"https:\/\/antersystem.com\/fr\/wp-json\/wp\/v2\/pages\/39025","targetHints":{"allow":["GET"]}}],"collection":[{"href":"https:\/\/antersystem.com\/fr\/wp-json\/wp\/v2\/pages"}],"about":[{"href":"https:\/\/antersystem.com\/fr\/wp-json\/wp\/v2\/types\/page"}],"author":[{"embeddable":true,"href":"https:\/\/antersystem.com\/fr\/wp-json\/wp\/v2\/users\/1"}],"replies":[{"embeddable":true,"href":"https:\/\/antersystem.com\/fr\/wp-json\/wp\/v2\/comments?post=39025"}],"version-history":[{"count":1,"href":"https:\/\/antersystem.com\/fr\/wp-json\/wp\/v2\/pages\/39025\/revisions"}],"predecessor-version":[{"id":39027,"href":"https:\/\/antersystem.com\/fr\/wp-json\/wp\/v2\/pages\/39025\/revisions\/39027"}],"up":[{"embeddable":true,"href":"https:\/\/antersystem.com\/fr\/wp-json\/wp\/v2\/pages\/30302"}],"wp:attachment":[{"href":"https:\/\/antersystem.com\/fr\/wp-json\/wp\/v2\/media?parent=39025"}],"curies":[{"name":"wp","href":"https:\/\/api.w.org\/{rel}","templated":true}]}}