{"id":39064,"date":"2023-10-10T10:31:28","date_gmt":"2023-10-10T08:31:28","guid":{"rendered":"https:\/\/antersystem.com\/nouvelles\/magazine-mid-hazardous-events\/"},"modified":"2026-02-02T15:47:13","modified_gmt":"2026-02-02T14:47:13","slug":"magazine-mid-hazardous-events","status":"publish","type":"page","link":"https:\/\/antersystem.com\/fr\/nouvelles\/magazine-mid-hazardous-events\/","title":{"rendered":"Magazine MID \u00ab\u00a0\u00c9v\u00e9nements dangereux\u00a0\u00bb"},"content":{"rendered":"\n<div class=\"wp-block-columns is-layout-flex wp-container-core-columns-is-layout-9d6595d7 wp-block-columns-is-layout-flex\">\n<div class=\"wp-block-column is-layout-flow wp-block-column-is-layout-flow\" style=\"flex-basis:10%\"><\/div>\n\n\n\n<div class=\"wp-block-column is-layout-flow wp-block-column-is-layout-flow\">\n<h3 class=\"wp-block-heading\">Magazine MID 1\/2023 &#8211; article \u00ab\u00a0\u00c9v\u00e9nements dangereux\u00a0\u00bb (\u00ab\u00a0Zdarzenia niebezpieczne\u00a0\u00bb)<\/h3>\n\n\n\n<p style=\"text-align: left;\">Nous vous invitons \u00e0 lire l&rsquo;article de S\u0142awomir Erkiert intitul\u00e9 \u00ab\u00a0Les \u00e9v\u00e9nements dangereux\u00a0\u00bb, comment\u00e9 par notre chef de projet, Natalia Margatis. Dans ce texte, Mme Natalia nous fait part de son point de vue sur les changements industriels qui affectent la s\u00e9curit\u00e9 sur le lieu de travail. <\/p>\n<p>&nbsp;<\/p>\n<\/div>\n\n\n\n<div class=\"wp-block-column is-layout-flow wp-block-column-is-layout-flow\" style=\"flex-basis:10%\"><\/div>\n<\/div>\n\n<div data-wp-interactive=\"core\/file\" class=\"wp-block-file\"><object data-wp-bind--hidden=\"!state.hasPdfPreview\" hidden class=\"wp-block-file__embed\" data=\"https:\/\/antersystem.com\/wp-content\/uploads\/MID_91_1_2023-net.pdf\" type=\"application\/pdf\" style=\"width:100%;height:600px\" aria-label=\"Contenu embarqu\u00e9 MID_91_1_2023-net.\"><\/object><a id=\"wp-block-file--media-c4a79965-4313-4b68-8827-3aa81c41db0a\" href=\"https:\/\/antersystem.com\/wp-content\/uploads\/MID_91_1_2023-net.pdf\">MID_91_1_2023-net<\/a><a href=\"https:\/\/antersystem.com\/wp-content\/uploads\/MID_91_1_2023-net.pdf\" class=\"wp-block-file__button wp-element-button\" download=\"\" aria-describedby=\"wp-block-file--media-c4a79965-4313-4b68-8827-3aa81c41db0a\">T\u00e9l\u00e9charger<\/a><\/div>\n","protected":false},"excerpt":{"rendered":"<p>Magazine MID 1\/2023 &#8211; article \u00ab\u00a0\u00c9v\u00e9nements dangereux\u00a0\u00bb (\u00ab\u00a0Zdarzenia niebezpieczne\u00a0\u00bb) Nous vous invitons \u00e0 lire l&rsquo;article de S\u0142awomir Erkiert intitul\u00e9 \u00ab\u00a0Les \u00e9v\u00e9nements dangereux\u00a0\u00bb, comment\u00e9 par notre chef de projet, Natalia Margatis. Dans ce texte, Mme Natalia nous fait part de son point de vue sur les changements industriels qui affectent la s\u00e9curit\u00e9 sur le lieu de [&hellip;]<\/p>\n","protected":false},"author":1,"featured_media":0,"parent":30302,"menu_order":0,"comment_status":"closed","ping_status":"closed","template":"","meta":{"inline_featured_image":false,"ngg_post_thumbnail":0,"footnotes":""},"class_list":["post-39064","page","type-page","status-publish","hentry"],"acf":[],"yoast_head":"<!-- This site is optimized with the Yoast SEO plugin v27.0 - https:\/\/yoast.com\/product\/yoast-seo-wordpress\/ -->\n<title>Magazine MID &quot;\u00c9v\u00e9nements dangereux&quot; - Anter System<\/title>\n<meta name=\"description\" content=\"Magazine MID 1\/2023 - article &quot;\u00c9v\u00e9nements dangereux&quot; (&quot;Zdarzenia niebezpieczne&quot;) Nous vous invitons \u00e0 lire l&#039;article de S\u0142awomir Erkiert intitul\u00e9 &quot;Les\" \/>\n<meta name=\"robots\" content=\"index, follow, max-snippet:-1, max-image-preview:large, max-video-preview:-1\" \/>\n<link rel=\"canonical\" href=\"https:\/\/antersystem.com\/fr\/nouvelles\/magazine-mid-hazardous-events\/\" \/>\n<meta property=\"og:locale\" content=\"fr_FR\" \/>\n<meta property=\"og:type\" content=\"article\" \/>\n<meta property=\"og:title\" content=\"Magazine MID &quot;\u00c9v\u00e9nements dangereux&quot; - Anter System\" \/>\n<meta property=\"og:description\" content=\"Magazine MID 1\/2023 - article &quot;\u00c9v\u00e9nements dangereux&quot; (&quot;Zdarzenia niebezpieczne&quot;) Nous vous invitons \u00e0 lire l&#039;article de S\u0142awomir Erkiert intitul\u00e9 &quot;Les\" \/>\n<meta property=\"og:url\" content=\"https:\/\/antersystem.com\/fr\/nouvelles\/magazine-mid-hazardous-events\/\" \/>\n<meta property=\"og:site_name\" content=\"Anter System\" \/>\n<meta property=\"article:modified_time\" content=\"2026-02-02T14:47:13+00:00\" \/>\n<meta name=\"twitter:card\" content=\"summary_large_image\" \/>\n<script type=\"application\/ld+json\" class=\"yoast-schema-graph\">{\"@context\":\"https:\/\/schema.org\",\"@graph\":[{\"@type\":\"WebPage\",\"@id\":\"https:\/\/antersystem.com\/fr\/nouvelles\/magazine-mid-hazardous-events\/\",\"url\":\"https:\/\/antersystem.com\/fr\/nouvelles\/magazine-mid-hazardous-events\/\",\"name\":\"Magazine MID \\\"\u00c9v\u00e9nements dangereux\\\" - Anter System\",\"isPartOf\":{\"@id\":\"https:\/\/antersystem.com\/fr\/#website\"},\"datePublished\":\"2023-10-10T08:31:28+00:00\",\"dateModified\":\"2026-02-02T14:47:13+00:00\",\"description\":\"Magazine MID 1\/2023 - article \\\"\u00c9v\u00e9nements dangereux\\\" (\\\"Zdarzenia niebezpieczne\\\") Nous vous invitons \u00e0 lire l'article de S\u0142awomir Erkiert intitul\u00e9 \\\"Les\",\"breadcrumb\":{\"@id\":\"https:\/\/antersystem.com\/fr\/nouvelles\/magazine-mid-hazardous-events\/#breadcrumb\"},\"inLanguage\":\"fr-FR\",\"potentialAction\":[{\"@type\":\"ReadAction\",\"target\":[\"https:\/\/antersystem.com\/fr\/nouvelles\/magazine-mid-hazardous-events\/\"]}]},{\"@type\":\"BreadcrumbList\",\"@id\":\"https:\/\/antersystem.com\/fr\/nouvelles\/magazine-mid-hazardous-events\/#breadcrumb\",\"itemListElement\":[{\"@type\":\"ListItem\",\"position\":1,\"name\":\"AnterSystem\",\"item\":\"https:\/\/antersystem.com\/fr\/\"},{\"@type\":\"ListItem\",\"position\":2,\"name\":\"Actualit\u00e9s\",\"item\":\"https:\/\/antersystem.com\/fr\/nouvelles\/\"},{\"@type\":\"ListItem\",\"position\":3,\"name\":\"Magazine MID &#8220;\u00c9v\u00e9nements dangereux&#8221;\"}]},{\"@type\":\"WebSite\",\"@id\":\"https:\/\/antersystem.com\/fr\/#website\",\"url\":\"https:\/\/antersystem.com\/fr\/\",\"name\":\"Anter System\",\"description\":\"Jeste\u015bmy polskim producentem elastycznych barier ochronnych wykonywanych z polimerowych tworzyw sztucznych. Na rynku krajowym i zagranicznym dzia\u0142amy od ponad 15 lat dbaj\u0105c o zapewnienie bezpiecze\u0144stwa w zak\u0142adach produkcyjnych, magazynach oraz centrach logistycznych.\",\"potentialAction\":[{\"@type\":\"SearchAction\",\"target\":{\"@type\":\"EntryPoint\",\"urlTemplate\":\"https:\/\/antersystem.com\/fr\/?s={search_term_string}\"},\"query-input\":{\"@type\":\"PropertyValueSpecification\",\"valueRequired\":true,\"valueName\":\"search_term_string\"}}],\"inLanguage\":\"fr-FR\"}]}<\/script>\n<!-- \/ Yoast SEO plugin. -->","yoast_head_json":{"title":"Magazine MID \"\u00c9v\u00e9nements dangereux\" - Anter System","description":"Magazine MID 1\/2023 - article \"\u00c9v\u00e9nements dangereux\" (\"Zdarzenia niebezpieczne\") Nous vous invitons \u00e0 lire l'article de S\u0142awomir Erkiert intitul\u00e9 \"Les","robots":{"index":"index","follow":"follow","max-snippet":"max-snippet:-1","max-image-preview":"max-image-preview:large","max-video-preview":"max-video-preview:-1"},"canonical":"https:\/\/antersystem.com\/fr\/nouvelles\/magazine-mid-hazardous-events\/","og_locale":"fr_FR","og_type":"article","og_title":"Magazine MID \"\u00c9v\u00e9nements dangereux\" - Anter System","og_description":"Magazine MID 1\/2023 - article \"\u00c9v\u00e9nements dangereux\" (\"Zdarzenia niebezpieczne\") Nous vous invitons \u00e0 lire l'article de S\u0142awomir Erkiert intitul\u00e9 \"Les","og_url":"https:\/\/antersystem.com\/fr\/nouvelles\/magazine-mid-hazardous-events\/","og_site_name":"Anter System","article_modified_time":"2026-02-02T14:47:13+00:00","twitter_card":"summary_large_image","schema":{"@context":"https:\/\/schema.org","@graph":[{"@type":"WebPage","@id":"https:\/\/antersystem.com\/fr\/nouvelles\/magazine-mid-hazardous-events\/","url":"https:\/\/antersystem.com\/fr\/nouvelles\/magazine-mid-hazardous-events\/","name":"Magazine MID \"\u00c9v\u00e9nements dangereux\" - Anter System","isPartOf":{"@id":"https:\/\/antersystem.com\/fr\/#website"},"datePublished":"2023-10-10T08:31:28+00:00","dateModified":"2026-02-02T14:47:13+00:00","description":"Magazine MID 1\/2023 - article \"\u00c9v\u00e9nements dangereux\" (\"Zdarzenia niebezpieczne\") Nous vous invitons \u00e0 lire l'article de S\u0142awomir Erkiert intitul\u00e9 \"Les","breadcrumb":{"@id":"https:\/\/antersystem.com\/fr\/nouvelles\/magazine-mid-hazardous-events\/#breadcrumb"},"inLanguage":"fr-FR","potentialAction":[{"@type":"ReadAction","target":["https:\/\/antersystem.com\/fr\/nouvelles\/magazine-mid-hazardous-events\/"]}]},{"@type":"BreadcrumbList","@id":"https:\/\/antersystem.com\/fr\/nouvelles\/magazine-mid-hazardous-events\/#breadcrumb","itemListElement":[{"@type":"ListItem","position":1,"name":"AnterSystem","item":"https:\/\/antersystem.com\/fr\/"},{"@type":"ListItem","position":2,"name":"Actualit\u00e9s","item":"https:\/\/antersystem.com\/fr\/nouvelles\/"},{"@type":"ListItem","position":3,"name":"Magazine MID &#8220;\u00c9v\u00e9nements dangereux&#8221;"}]},{"@type":"WebSite","@id":"https:\/\/antersystem.com\/fr\/#website","url":"https:\/\/antersystem.com\/fr\/","name":"Anter System","description":"Jeste\u015bmy polskim producentem elastycznych barier ochronnych wykonywanych z polimerowych tworzyw sztucznych. Na rynku krajowym i zagranicznym dzia\u0142amy od ponad 15 lat dbaj\u0105c o zapewnienie bezpiecze\u0144stwa w zak\u0142adach produkcyjnych, magazynach oraz centrach logistycznych.","potentialAction":[{"@type":"SearchAction","target":{"@type":"EntryPoint","urlTemplate":"https:\/\/antersystem.com\/fr\/?s={search_term_string}"},"query-input":{"@type":"PropertyValueSpecification","valueRequired":true,"valueName":"search_term_string"}}],"inLanguage":"fr-FR"}]}},"_links":{"self":[{"href":"https:\/\/antersystem.com\/fr\/wp-json\/wp\/v2\/pages\/39064","targetHints":{"allow":["GET"]}}],"collection":[{"href":"https:\/\/antersystem.com\/fr\/wp-json\/wp\/v2\/pages"}],"about":[{"href":"https:\/\/antersystem.com\/fr\/wp-json\/wp\/v2\/types\/page"}],"author":[{"embeddable":true,"href":"https:\/\/antersystem.com\/fr\/wp-json\/wp\/v2\/users\/1"}],"replies":[{"embeddable":true,"href":"https:\/\/antersystem.com\/fr\/wp-json\/wp\/v2\/comments?post=39064"}],"version-history":[{"count":1,"href":"https:\/\/antersystem.com\/fr\/wp-json\/wp\/v2\/pages\/39064\/revisions"}],"predecessor-version":[{"id":39066,"href":"https:\/\/antersystem.com\/fr\/wp-json\/wp\/v2\/pages\/39064\/revisions\/39066"}],"up":[{"embeddable":true,"href":"https:\/\/antersystem.com\/fr\/wp-json\/wp\/v2\/pages\/30302"}],"wp:attachment":[{"href":"https:\/\/antersystem.com\/fr\/wp-json\/wp\/v2\/media?parent=39064"}],"curies":[{"name":"wp","href":"https:\/\/api.w.org\/{rel}","templated":true}]}}